{"id":18819,"date":"2019-05-28T09:43:10","date_gmt":"2019-05-28T07:43:10","guid":{"rendered":"http:\/\/lloretdemar.org\/cookies\/"},"modified":"2024-05-22T12:19:44","modified_gmt":"2024-05-22T10:19:44","slug":"cookies","status":"publish","type":"page","link":"https:\/\/lloretdemar.org\/fr\/cookies\/","title":{"rendered":"Cookies"},"content":{"rendered":"","protected":false},"excerpt":{"rendered":"","protected":false},"author":12,"featured_media":0,"parent":0,"menu_order":0,"comment_status":"closed","ping_status":"closed","template":"","meta":{"_acf_changed":false,"content-type":"","footnotes":""},"class_list":["post-18819","page","type-page","status-publish","hentry"],"acf":{"banner_imatge":9978,"banner_titol":"Cookies","banner_subtitol":"","botons_blanc_o_negres":"defecte","banner_links":null,"apartats":[{"acf_fc_layout":"bloc_text","titol":"","subtitol":"","descripcio":"<div>\r\n<div>\r\n<div>\r\n<div class=\"block-editor-block-list__layout is-root-container\">\r\n<p style=\"text-align: left;\"><strong>POLITIQUE EN MATI\u00c8RE DE COOKIES<\/strong><\/p>\r\n<p style=\"text-align: left;\">Conform\u00e9ment \u00e0 l'article 22 de la loi relative aux services de la soci\u00e9t\u00e9 de l'information et au commerce \u00e9lectronique et au guide d'utilisation des cookies de l'AEPD, nous vous informons que ce site web utilise des cookies.<\/p>\r\n<p style=\"text-align: left;\"><strong>1) Que sont les cookies?<\/strong>\r\nLes cookies sont des fichiers qui sont install\u00e9s sur le site web du navigateur ou des appareils (smartphones, tablettes) de l'utilisateur pendant leur parcours \u00e0 travers les pages du site web et servent \u00e0 stocker des informations sur votre visite.\r\nLes cookies sont utilis\u00e9s pour:\r\n- Veiller \u00e0 ce que les pages web puissent fonctionner correctement.\r\n- M\u00e9moriser les pr\u00e9f\u00e9rences, telles que la langue ou la taille de la police.\r\n- Conna\u00eetre l'exp\u00e9rience de navigation de l'utilisateur.\r\n- Recueillir des informations statistiques anonymes, telles que les pages visit\u00e9es par l'utilisateur ou la dur\u00e9e de sa visite sur le site web.\r\nL'utilisation de cookies permet d'optimiser la navigation, en adaptant les informations et les services offerts aux int\u00e9r\u00eats des utilisateurs, en leur offrant une meilleure exp\u00e9rience \u00e0 chaque fois qu'ils visitent le site web.<\/p>\r\n<p style=\"text-align: left;\"><strong>2) Les cookies que nous utilisons<\/strong>\r\nNotre site web utilise des cookies des types suivants :\r\n- Cookies techniques\r\nObjectif : cookies propres et de tiers n\u00e9cessaires \u00e0 l'utilisation du site et \u00e0 l'am\u00e9lioration continue du service, permettant \u00e0 l'utilisateur de naviguer sur le site et d'utiliser les services mis \u00e0 sa disposition : connexion, processus de recherche, proc\u00e9dures \u00e9lectroniques, etc.\r\n- Cookies de personnalisation\r\nObjectif : Cookies propres et de tiers qui permettent \u00e0 l'utilisateur d'acc\u00e9der au service avec des caract\u00e9ristiques pr\u00e9d\u00e9finies telles que, par exemple, la langue, le type de navigateur, la configuration r\u00e9gionale, etc.\r\n- Cookies d'analyse\r\nObjectif : Utilis\u00e9s uniquement pour quantifier le nombre d'utilisateurs qui acc\u00e8dent \u00e0 ce portail, facilitant ainsi la r\u00e9alisation de mesures et d'analyses statistiques qui permettent d'am\u00e9liorer les services du site web. Les donn\u00e9es agr\u00e9g\u00e9es sont trait\u00e9es sans identifier les utilisateurs.\r\n- Cookies cibl\u00e9s\/publicitaires\r\nObjectif : Ils permettent la fourniture de services (google maps, youtube, etc.) et de r\u00e9seaux sociaux (Facebook, etc.) par des tiers. Gestion efficace des espaces publicitaires inclus sur un site web. Ces entreprises peuvent les utiliser pour cr\u00e9er un profil d'int\u00e9r\u00eats et afficher des publicit\u00e9s pertinentes ailleurs. Ils ne stockent pas directement des informations personnelles, mais sont bas\u00e9s sur l'identification unique du navigateur et de l'appareil qui acc\u00e8de \u00e0 Internet.<\/p>\r\n<p style=\"text-align: left;\">L'utilisation de nos cookies ne donne lieu \u00e0 aucun profilage ou traitement impliquant des d\u00e9cisions automatis\u00e9es ayant des effets juridiques pour l'utilisateur ou qui l'affecteraient de mani\u00e8re significative de fa\u00e7on similaire.<\/p>\r\n<p style=\"text-align: left;\"><strong>3) Transfert international de donn\u00e9es<\/strong>\r\nIl n'y a pas de transferts internationaux de donn\u00e9es \u00e0 caract\u00e8re personnel.\r\nBien que les informations extraites des cookies analytiques soient transf\u00e9r\u00e9es en dehors de l'Espace \u00e9conomique europ\u00e9en, il n'y a pas de transfert international de donn\u00e9es \u00e0 caract\u00e8re personnel, \u00e9tant donn\u00e9 que ces informations ne permettent pas d'identifier les utilisateurs, ni de les distinguer les uns des autres, ni de les suivre individuellement.<\/p>\r\n<p style=\"text-align: left;\"><strong>4) Dur\u00e9e de conservation des cookies<\/strong>\r\nLes cookies seront conserv\u00e9s pour une dur\u00e9e minimale de la session de navigation et une dur\u00e9e maximale de 2 ans, en fonction du type de cookies selon le tableau ci-dessus. Les utilisateurs peuvent r\u00e9voquer leur consentement au moyen des m\u00e9canismes d\u00e9crits dans la section suivante, en supprimant tout ou partie des cookies qu'ils consid\u00e8rent.<\/p>\r\n<p style=\"text-align: left;\"><strong>5) Comment g\u00e9rer les cookies dans le navigateur?<\/strong>\r\nLes cookies sont install\u00e9s tant que l'utilisateur les autorise.\r\nLes cookies ne sont install\u00e9s que lorsque l'utilisateur ACCEPTE l'utilisation des cookies lors de son premier acc\u00e8s au portail web, par le biais d'une petite fen\u00eatre d'information, o\u00f9 il est possible de configurer l'acceptation des cookies qui ne sont pas essentiels au fonctionnement du site web.\r\nL'utilisateur peut \u00e0 tout moment refuser ou r\u00e9voquer son consentement \u00e0 l'utilisation des cookies en cliquant sur la bo\u00eete des param\u00e8tres ou sur les options de son navigateur.\r\nLes instructions relatives \u00e0 la gestion des cookies dans les navigateurs les plus courants se trouvent dans les liens suivants :<\/p>\r\n<p style=\"text-align: left;\">- <a href=\"https:\/\/support.google.com\/chrome\/answer\/95647?hl=fr&amp;sjid=16805222892165598093-EU\">Google Chrome<\/a>.<\/p>\r\n<p style=\"text-align: left;\">- <a href=\"https:\/\/support.mozilla.org\/fr\/kb\/protection-renforcee-contre-pistage-firefox-ordinateur?redirectslug=enable-and-disable-cookies-website-preferences&amp;redirectlocale=en-US\">Mozilla Firefox.<\/a><\/p>\r\n<p style=\"text-align: left;\">- <a href=\"https:\/\/support.microsoft.com\/fr-fr\/windows\/supprimer-et-g%C3%A9rer-les-cookies-168dab11-0753-043d-7c16-ede5947fc64d\">Internet Explorer.<\/a><\/p>\r\n<p style=\"text-align: left;\">- <a href=\"https:\/\/support.apple.com\/fr-fr\/guide\/safari\/sfri11471\/mac\">Safari.<\/a><\/p>\r\n<p style=\"text-align: left;\">- <a href=\"https:\/\/help.opera.com\/en\/latest\/web-preferences\/\">Opera<\/a><\/p>\r\n<p style=\"text-align: left;\">Si vous utilisez d'autres navigateurs ou plateformes, veuillez consulter la documentation sp\u00e9cifique fournie par le d\u00e9veloppeur du navigateur.\r\nSi vous bloquez l'utilisation des cookies dans votre navigateur, il est possible que certains services ou fonctionnalit\u00e9s du site web ne soient pas disponibles.<\/p>\r\n\r\n<div class=\"block-list-appender\" style=\"text-align: left;\" tabindex=\"-1\"><\/div>\r\n<\/div>\r\n<\/div>\r\n<\/div>\r\n<\/div>\r\n<div style=\"text-align: left;\" tabindex=\"0\"><\/div>"}]},"yoast_head":"<!-- This site is optimized with the Yoast SEO plugin v27.5 - https:\/\/yoast.com\/product\/yoast-seo-wordpress\/ -->\n<title>Cookies - Lloret de Mar<\/title>\n<meta name=\"robots\" content=\"noindex, nofollow\" \/>\n<meta property=\"og:locale\" content=\"fr_FR\" \/>\n<meta property=\"og:type\" content=\"article\" \/>\n<meta property=\"og:title\" content=\"Cookies - Lloret de Mar\" \/>\n<meta property=\"og:url\" content=\"https:\/\/lloretdemar.org\/fr\/cookies\/\" \/>\n<meta property=\"og:site_name\" content=\"Lloret de Mar\" \/>\n<meta property=\"article:publisher\" content=\"https:\/\/www.facebook.com\/Lloretturisme\" \/>\n<meta property=\"article:modified_time\" content=\"2024-05-22T10:19:44+00:00\" \/>\n<meta property=\"og:image\" content=\"https:\/\/lloretdemar.org\/wp-content\/uploads\/2020\/03\/Capcalera-e1600338708928.jpg\" \/>\n\t<meta property=\"og:image:width\" content=\"1920\" \/>\n\t<meta property=\"og:image:height\" content=\"885\" \/>\n\t<meta property=\"og:image:type\" content=\"image\/jpeg\" \/>\n<meta name=\"twitter:card\" content=\"summary_large_image\" \/>\n<meta name=\"twitter:site\" content=\"@lloretturisme\" \/>\n<script type=\"application\/ld+json\" class=\"yoast-schema-graph\">{\"@context\":\"https:\\\/\\\/schema.org\",\"@graph\":[{\"@type\":\"WebPage\",\"@id\":\"https:\\\/\\\/lloretdemar.org\\\/fr\\\/cookies\\\/\",\"url\":\"https:\\\/\\\/lloretdemar.org\\\/fr\\\/cookies\\\/\",\"name\":\"Cookies - Lloret de Mar\",\"isPartOf\":{\"@id\":\"https:\\\/\\\/lloretdemar.org\\\/fr\\\/#website\"},\"datePublished\":\"2019-05-28T07:43:10+00:00\",\"dateModified\":\"2024-05-22T10:19:44+00:00\",\"description\":\"Lloret de Mar\",\"breadcrumb\":{\"@id\":\"https:\\\/\\\/lloretdemar.org\\\/fr\\\/cookies\\\/#breadcrumb\"},\"inLanguage\":\"fr-FR\",\"potentialAction\":[{\"@type\":\"ReadAction\",\"target\":[\"https:\\\/\\\/lloretdemar.org\\\/fr\\\/cookies\\\/\"]}]},{\"@type\":\"BreadcrumbList\",\"@id\":\"https:\\\/\\\/lloretdemar.org\\\/fr\\\/cookies\\\/#breadcrumb\",\"itemListElement\":[{\"@type\":\"ListItem\",\"position\":1,\"name\":\"Home\",\"item\":\"https:\\\/\\\/lloretdemar.org\\\/fr\\\/\"},{\"@type\":\"ListItem\",\"position\":2,\"name\":\"Cookies\"}]},{\"@type\":\"WebSite\",\"@id\":\"https:\\\/\\\/lloretdemar.org\\\/fr\\\/#website\",\"url\":\"https:\\\/\\\/lloretdemar.org\\\/fr\\\/\",\"name\":\"Lloret de Mar\",\"description\":\"\",\"publisher\":{\"@id\":\"https:\\\/\\\/lloretdemar.org\\\/fr\\\/#organization\"},\"potentialAction\":[{\"@type\":\"SearchAction\",\"target\":{\"@type\":\"EntryPoint\",\"urlTemplate\":\"https:\\\/\\\/lloretdemar.org\\\/fr\\\/?s={search_term_string}\"},\"query-input\":{\"@type\":\"PropertyValueSpecification\",\"valueRequired\":true,\"valueName\":\"search_term_string\"}}],\"inLanguage\":\"fr-FR\"},{\"@type\":\"Organization\",\"@id\":\"https:\\\/\\\/lloretdemar.org\\\/fr\\\/#organization\",\"name\":\"Lloret de Mar\",\"url\":\"https:\\\/\\\/lloretdemar.org\\\/fr\\\/\",\"logo\":{\"@type\":\"ImageObject\",\"inLanguage\":\"fr-FR\",\"@id\":\"https:\\\/\\\/lloretdemar.org\\\/fr\\\/#\\\/schema\\\/logo\\\/image\\\/\",\"url\":\"https:\\\/\\\/lloretdemar.org\\\/wp-content\\\/uploads\\\/2020\\\/05\\\/lloret-de-mar-logo.png\",\"contentUrl\":\"https:\\\/\\\/lloretdemar.org\\\/wp-content\\\/uploads\\\/2020\\\/05\\\/lloret-de-mar-logo.png\",\"width\":87,\"height\":38,\"caption\":\"Lloret de Mar\"},\"image\":{\"@id\":\"https:\\\/\\\/lloretdemar.org\\\/fr\\\/#\\\/schema\\\/logo\\\/image\\\/\"},\"sameAs\":[\"https:\\\/\\\/www.facebook.com\\\/Lloretturisme\",\"https:\\\/\\\/x.com\\\/lloretturisme\",\"https:\\\/\\\/instagram.com\\\/lloretturisme\",\"https:\\\/\\\/www.youtube.com\\\/LloretTurisme\"]}]}<\/script>\n<!-- \/ Yoast SEO plugin. -->","yoast_head_json":{"title":"Cookies - Lloret de Mar","robots":{"index":"noindex","follow":"nofollow"},"og_locale":"fr_FR","og_type":"article","og_title":"Cookies - Lloret de Mar","og_url":"https:\/\/lloretdemar.org\/fr\/cookies\/","og_site_name":"Lloret de Mar","article_publisher":"https:\/\/www.facebook.com\/Lloretturisme","article_modified_time":"2024-05-22T10:19:44+00:00","og_image":[{"width":1920,"height":885,"url":"https:\/\/lloretdemar.org\/wp-content\/uploads\/2020\/03\/Capcalera-e1600338708928.jpg","type":"image\/jpeg"}],"twitter_card":"summary_large_image","twitter_site":"@lloretturisme","schema":{"@context":"https:\/\/schema.org","@graph":[{"@type":"WebPage","@id":"https:\/\/lloretdemar.org\/fr\/cookies\/","url":"https:\/\/lloretdemar.org\/fr\/cookies\/","name":"Cookies - Lloret de Mar","isPartOf":{"@id":"https:\/\/lloretdemar.org\/fr\/#website"},"datePublished":"2019-05-28T07:43:10+00:00","dateModified":"2024-05-22T10:19:44+00:00","description":"Lloret de Mar","breadcrumb":{"@id":"https:\/\/lloretdemar.org\/fr\/cookies\/#breadcrumb"},"inLanguage":"fr-FR","potentialAction":[{"@type":"ReadAction","target":["https:\/\/lloretdemar.org\/fr\/cookies\/"]}]},{"@type":"BreadcrumbList","@id":"https:\/\/lloretdemar.org\/fr\/cookies\/#breadcrumb","itemListElement":[{"@type":"ListItem","position":1,"name":"Home","item":"https:\/\/lloretdemar.org\/fr\/"},{"@type":"ListItem","position":2,"name":"Cookies"}]},{"@type":"WebSite","@id":"https:\/\/lloretdemar.org\/fr\/#website","url":"https:\/\/lloretdemar.org\/fr\/","name":"Lloret de Mar","description":"","publisher":{"@id":"https:\/\/lloretdemar.org\/fr\/#organization"},"potentialAction":[{"@type":"SearchAction","target":{"@type":"EntryPoint","urlTemplate":"https:\/\/lloretdemar.org\/fr\/?s={search_term_string}"},"query-input":{"@type":"PropertyValueSpecification","valueRequired":true,"valueName":"search_term_string"}}],"inLanguage":"fr-FR"},{"@type":"Organization","@id":"https:\/\/lloretdemar.org\/fr\/#organization","name":"Lloret de Mar","url":"https:\/\/lloretdemar.org\/fr\/","logo":{"@type":"ImageObject","inLanguage":"fr-FR","@id":"https:\/\/lloretdemar.org\/fr\/#\/schema\/logo\/image\/","url":"https:\/\/lloretdemar.org\/wp-content\/uploads\/2020\/05\/lloret-de-mar-logo.png","contentUrl":"https:\/\/lloretdemar.org\/wp-content\/uploads\/2020\/05\/lloret-de-mar-logo.png","width":87,"height":38,"caption":"Lloret de Mar"},"image":{"@id":"https:\/\/lloretdemar.org\/fr\/#\/schema\/logo\/image\/"},"sameAs":["https:\/\/www.facebook.com\/Lloretturisme","https:\/\/x.com\/lloretturisme","https:\/\/instagram.com\/lloretturisme","https:\/\/www.youtube.com\/LloretTurisme"]}]}},"_links":{"self":[{"href":"https:\/\/lloretdemar.org\/fr\/wp-json\/wp\/v2\/pages\/18819","targetHints":{"allow":["GET"]}}],"collection":[{"href":"https:\/\/lloretdemar.org\/fr\/wp-json\/wp\/v2\/pages"}],"about":[{"href":"https:\/\/lloretdemar.org\/fr\/wp-json\/wp\/v2\/types\/page"}],"author":[{"embeddable":true,"href":"https:\/\/lloretdemar.org\/fr\/wp-json\/wp\/v2\/users\/12"}],"replies":[{"embeddable":true,"href":"https:\/\/lloretdemar.org\/fr\/wp-json\/wp\/v2\/comments?post=18819"}],"version-history":[{"count":5,"href":"https:\/\/lloretdemar.org\/fr\/wp-json\/wp\/v2\/pages\/18819\/revisions"}],"predecessor-version":[{"id":36592,"href":"https:\/\/lloretdemar.org\/fr\/wp-json\/wp\/v2\/pages\/18819\/revisions\/36592"}],"wp:attachment":[{"href":"https:\/\/lloretdemar.org\/fr\/wp-json\/wp\/v2\/media?parent=18819"}],"curies":[{"name":"wp","href":"https:\/\/api.w.org\/{rel}","templated":true}]}}