{"id":18594,"date":"2020-03-05T17:45:35","date_gmt":"2020-03-05T16:45:35","guid":{"rendered":"http:\/\/lloretdemar.org\/planifica-el-teu-viatge\/compres-directori\/"},"modified":"2023-08-17T11:29:29","modified_gmt":"2023-08-17T09:29:29","slug":"achats","status":"publish","type":"page","link":"https:\/\/lloretdemar.org\/fr\/planifiez-votre-voyage-a-lloret-de-mar\/achats\/","title":{"rendered":"Achats"},"content":{"rendered":"\r\n<p>Profitez des \u00e9tablissements commerciaux de Lloret, o\u00f9 vous trouverez la vari\u00e9t\u00e9 des produits et l&rsquo;attention que vous m\u00e9ritez.<\/p>\r\n\r\n\r\n\r\n<p>Le commerce de Lloret de Mar, avec mille \u00e9tablissements commerciaux, repr\u00e9sente le deuxi\u00e8me moteur \u00e9conomique de la population. L&rsquo;offre commerciale de Lloret est large et diversifi\u00e9e, et vous pouvez trouver toutes sortes d&rsquo;articles et de produits.<\/p>\r\n\r\n\r\n\r\n<p>Vous \u00eates int\u00e9ress\u00e9 de savoir que les magasins de Lloret peuvent ouvrir tous les jours de l&rsquo;ann\u00e9e, y compris le dimanche.<\/p>\r\n\r\n\r\n\r\n<p>Tout au long de l&rsquo;ann\u00e9e, il y a des activit\u00e9s et des foires commerciales telles que Lloret Night Shopping, un festival commercial authentique avec des magasins ouverts jusqu&rsquo;\u00e0 l&rsquo;aube, des d\u00e9fil\u00e9s de mode, de la musique live, des performances et la meilleure ambiance de mode, la Foire m\u00e9di\u00e9vale est \u00e9galement organis\u00e9e entre autres.<\/p>\r\n\r\n\r\n\r\n<p>Nous vous recommandons \u00e9galement de visiter le march\u00e9 hebdomadaire le mardi qui se fait dans le Rieral, lors de votre visite, vous trouverez toutes sortes d&rsquo;arr\u00eats avec des produits traditionnels, des v\u00eatements, de la nourriture, etc.<\/p>\r\n\r\n\r\n\r\n<p>Et vous pouvez \u00e9galement vous rendre au march\u00e9 municipal o\u00f9 vous pourrez trouver des produits frais et une s\u00e9lection vari\u00e9e des produits locaux les plus typiques de notre gastronomie.<\/p>\r\n","protected":false},"excerpt":{"rendered":"<p>Profitez des \u00e9tablissements commerciaux de Lloret, o\u00f9 vous trouverez la vari\u00e9t\u00e9 des produits et l&rsquo;attention que vous m\u00e9ritez. Le commerce de Lloret de Mar, avec mille \u00e9tablissements commerciaux, repr\u00e9sente le deuxi\u00e8me moteur \u00e9conomique de la population. L&rsquo;offre commerciale de Lloret est large et diversifi\u00e9e, et vous pouvez trouver toutes sortes d&rsquo;articles et de produits. Vous [&hellip;]<\/p>\n","protected":false},"author":12,"featured_media":0,"parent":11731,"menu_order":0,"comment_status":"closed","ping_status":"closed","template":"page-templates\/directori2-23.php","meta":{"_acf_changed":false,"content-type":"","footnotes":""},"class_list":["post-18594","page","type-page","status-publish","hentry"],"acf":{"banner_imatge":34429,"banner_titol":"Achats","banner_subtitol":"","botons_blanc_o_negres":"defecte","banner_links":null,"apartats":null,"categories_titol":"Cat\u00e9gories","banner_mes_info_text":"Vous souhaitez en savoir plus sur Lloret de Mar?","banner_mes_info_link":{"title":"Plus information","url":"http:\/\/lloretdemar.org\/fr\/que-fer-a-lloret\/lloret-de-mar-de-dia\/compres\/","target":"_blank"},"banner_contacte_text":"Si votre \u00e9tablissement n'appara\u00eet pas dans notre annuaire ou si les informations qui apparaissent ne sont pas correctes:","banner_contacte_link":{"title":"Contactez-nous","url":"http:\/\/lloretdemar.org\/fr\/contacto\/","target":"_blank"},"banners":null,"script_ipanema":"<!--HubSpot Call-to-Action Code --><span class=\"hs-cta-wrapper\" id=\"hs-cta-wrapper-ac7afe2f-3887-497f-9403-e9a9ccf64882\"><span class=\"hs-cta-node hs-cta-ac7afe2f-3887-497f-9403-e9a9ccf64882\" id=\"hs-cta-ac7afe2f-3887-497f-9403-e9a9ccf64882\"><!--[if lte IE 8]><div id=\"hs-cta-ie-element\"><\/div><![endif]--><a href=\"https:\/\/cta-redirect.hubspot.com\/cta\/redirect\/4468071\/ac7afe2f-3887-497f-9403-e9a9ccf64882\" ><img class=\"hs-cta-img\" id=\"hs-cta-img-ac7afe2f-3887-497f-9403-e9a9ccf64882\" style=\"border-width:0px;\" src=\"https:\/\/no-cache.hubspot.com\/cta\/default\/4468071\/ac7afe2f-3887-497f-9403-e9a9ccf64882.png\" alt=\"M\u00e9s info\"\/><\/a><\/span><script charset=\"utf-8\" src=\"https:\/\/js.hscta.net\/cta\/current.js\"><\/script><script type=\"text\/javascript\"> hbspt.cta.load(4468071, 'ac7afe2f-3887-497f-9403-e9a9ccf64882', {}); <\/script><\/span><!-- end HubSpot Call-to-Action Code -->"},"yoast_head":"<!-- This site is optimized with the Yoast SEO plugin v27.5 - https:\/\/yoast.com\/product\/yoast-seo-wordpress\/ -->\n<title>Achats - Lloret de Mar<\/title>\n<meta name=\"description\" content=\"Profitez des \u00e9tablissements commerciaux de Lloret, o\u00f9 vous trouverez la vari\u00e9t\u00e9 des produits et l&#039;attention que vous m\u00e9ritez. Le commerce de Lloret de Mar, avec mille \u00e9tablissements commerciaux, repr\u00e9sente le deuxi\u00e8me moteur \u00e9conomique de la population. L&#039;offre commerciale de Lloret est large et diversifi\u00e9e, et vous pouvez trouver toutes sortes d&#039;articles et de produits. Vous\u2026\" \/>\n<meta name=\"robots\" content=\"index, follow, max-snippet:-1, max-image-preview:large, max-video-preview:-1\" \/>\n<link rel=\"canonical\" href=\"https:\/\/lloretdemar.org\/fr\/planifiez-votre-voyage-a-lloret-de-mar\/achats\/\" \/>\n<meta property=\"og:locale\" content=\"fr_FR\" \/>\n<meta property=\"og:type\" content=\"article\" \/>\n<meta property=\"og:title\" content=\"Achats - Lloret de Mar\" \/>\n<meta property=\"og:description\" content=\"Profitez des \u00e9tablissements commerciaux de Lloret, o\u00f9 vous trouverez la vari\u00e9t\u00e9 des produits et l&#039;attention que vous m\u00e9ritez. Le commerce de Lloret de Mar, avec mille \u00e9tablissements commerciaux, repr\u00e9sente le deuxi\u00e8me moteur \u00e9conomique de la population. L&#039;offre commerciale de Lloret est large et diversifi\u00e9e, et vous pouvez trouver toutes sortes d&#039;articles et de produits. Vous\u2026\" \/>\n<meta property=\"og:url\" content=\"https:\/\/lloretdemar.org\/fr\/planifiez-votre-voyage-a-lloret-de-mar\/achats\/\" \/>\n<meta property=\"og:site_name\" content=\"Lloret de Mar\" \/>\n<meta property=\"article:publisher\" content=\"https:\/\/www.facebook.com\/Lloretturisme\" \/>\n<meta property=\"article:modified_time\" content=\"2023-08-17T09:29:29+00:00\" \/>\n<meta property=\"og:image\" content=\"https:\/\/lloretdemar.org\/wp-content\/uploads\/2023\/07\/capcalera-comprar.webp\" \/>\n\t<meta property=\"og:image:width\" content=\"1920\" \/>\n\t<meta property=\"og:image:height\" content=\"885\" \/>\n\t<meta property=\"og:image:type\" content=\"image\/jpeg\" \/>\n<meta name=\"twitter:card\" content=\"summary_large_image\" \/>\n<meta name=\"twitter:site\" content=\"@lloretturisme\" \/>\n<meta name=\"twitter:label1\" content=\"Dur\u00e9e de lecture estim\u00e9e\" \/>\n\t<meta name=\"twitter:data1\" content=\"2 minutes\" \/>\n<script type=\"application\/ld+json\" class=\"yoast-schema-graph\">{\"@context\":\"https:\\\/\\\/schema.org\",\"@graph\":[{\"@type\":\"WebPage\",\"@id\":\"https:\\\/\\\/lloretdemar.org\\\/fr\\\/planifiez-votre-voyage-a-lloret-de-mar\\\/achats\\\/\",\"url\":\"https:\\\/\\\/lloretdemar.org\\\/fr\\\/planifiez-votre-voyage-a-lloret-de-mar\\\/achats\\\/\",\"name\":\"Achats - Lloret de Mar\",\"isPartOf\":{\"@id\":\"https:\\\/\\\/lloretdemar.org\\\/fr\\\/#website\"},\"datePublished\":\"2020-03-05T16:45:35+00:00\",\"dateModified\":\"2023-08-17T09:29:29+00:00\",\"description\":\"Lloret de Mar\",\"breadcrumb\":{\"@id\":\"https:\\\/\\\/lloretdemar.org\\\/fr\\\/planifiez-votre-voyage-a-lloret-de-mar\\\/achats\\\/#breadcrumb\"},\"inLanguage\":\"fr-FR\",\"potentialAction\":[{\"@type\":\"ReadAction\",\"target\":[\"https:\\\/\\\/lloretdemar.org\\\/fr\\\/planifiez-votre-voyage-a-lloret-de-mar\\\/achats\\\/\"]}]},{\"@type\":\"BreadcrumbList\",\"@id\":\"https:\\\/\\\/lloretdemar.org\\\/fr\\\/planifiez-votre-voyage-a-lloret-de-mar\\\/achats\\\/#breadcrumb\",\"itemListElement\":[{\"@type\":\"ListItem\",\"position\":1,\"name\":\"Home\",\"item\":\"https:\\\/\\\/lloretdemar.org\\\/fr\\\/\"},{\"@type\":\"ListItem\",\"position\":2,\"name\":\"Planifiez votre voyage \u00e0 Lloret de Mar\",\"item\":\"https:\\\/\\\/lloretdemar.org\\\/fr\\\/planifiez-votre-voyage-a-lloret-de-mar\\\/\"},{\"@type\":\"ListItem\",\"position\":3,\"name\":\"Achats\"}]},{\"@type\":\"WebSite\",\"@id\":\"https:\\\/\\\/lloretdemar.org\\\/fr\\\/#website\",\"url\":\"https:\\\/\\\/lloretdemar.org\\\/fr\\\/\",\"name\":\"Lloret de Mar\",\"description\":\"\",\"publisher\":{\"@id\":\"https:\\\/\\\/lloretdemar.org\\\/fr\\\/#organization\"},\"potentialAction\":[{\"@type\":\"SearchAction\",\"target\":{\"@type\":\"EntryPoint\",\"urlTemplate\":\"https:\\\/\\\/lloretdemar.org\\\/fr\\\/?s={search_term_string}\"},\"query-input\":{\"@type\":\"PropertyValueSpecification\",\"valueRequired\":true,\"valueName\":\"search_term_string\"}}],\"inLanguage\":\"fr-FR\"},{\"@type\":\"Organization\",\"@id\":\"https:\\\/\\\/lloretdemar.org\\\/fr\\\/#organization\",\"name\":\"Lloret de Mar\",\"url\":\"https:\\\/\\\/lloretdemar.org\\\/fr\\\/\",\"logo\":{\"@type\":\"ImageObject\",\"inLanguage\":\"fr-FR\",\"@id\":\"https:\\\/\\\/lloretdemar.org\\\/fr\\\/#\\\/schema\\\/logo\\\/image\\\/\",\"url\":\"https:\\\/\\\/lloretdemar.org\\\/wp-content\\\/uploads\\\/2020\\\/05\\\/lloret-de-mar-logo.png\",\"contentUrl\":\"https:\\\/\\\/lloretdemar.org\\\/wp-content\\\/uploads\\\/2020\\\/05\\\/lloret-de-mar-logo.png\",\"width\":87,\"height\":38,\"caption\":\"Lloret de Mar\"},\"image\":{\"@id\":\"https:\\\/\\\/lloretdemar.org\\\/fr\\\/#\\\/schema\\\/logo\\\/image\\\/\"},\"sameAs\":[\"https:\\\/\\\/www.facebook.com\\\/Lloretturisme\",\"https:\\\/\\\/x.com\\\/lloretturisme\",\"https:\\\/\\\/instagram.com\\\/lloretturisme\",\"https:\\\/\\\/www.youtube.com\\\/LloretTurisme\"]}]}<\/script>\n<!-- \/ Yoast SEO plugin. -->","yoast_head_json":{"title":"Achats - Lloret de Mar","description":"Profitez des \u00e9tablissements commerciaux de Lloret, o\u00f9 vous trouverez la vari\u00e9t\u00e9 des produits et l'attention que vous m\u00e9ritez. Le commerce de Lloret de Mar, avec mille \u00e9tablissements commerciaux, repr\u00e9sente le deuxi\u00e8me moteur \u00e9conomique de la population. L'offre commerciale de Lloret est large et diversifi\u00e9e, et vous pouvez trouver toutes sortes d'articles et de produits. Vous\u2026","robots":{"index":"index","follow":"follow","max-snippet":"max-snippet:-1","max-image-preview":"max-image-preview:large","max-video-preview":"max-video-preview:-1"},"canonical":"https:\/\/lloretdemar.org\/fr\/planifiez-votre-voyage-a-lloret-de-mar\/achats\/","og_locale":"fr_FR","og_type":"article","og_title":"Achats - Lloret de Mar","og_description":"Profitez des \u00e9tablissements commerciaux de Lloret, o\u00f9 vous trouverez la vari\u00e9t\u00e9 des produits et l'attention que vous m\u00e9ritez. Le commerce de Lloret de Mar, avec mille \u00e9tablissements commerciaux, repr\u00e9sente le deuxi\u00e8me moteur \u00e9conomique de la population. L'offre commerciale de Lloret est large et diversifi\u00e9e, et vous pouvez trouver toutes sortes d'articles et de produits. Vous\u2026","og_url":"https:\/\/lloretdemar.org\/fr\/planifiez-votre-voyage-a-lloret-de-mar\/achats\/","og_site_name":"Lloret de Mar","article_publisher":"https:\/\/www.facebook.com\/Lloretturisme","article_modified_time":"2023-08-17T09:29:29+00:00","og_image":[{"width":1920,"height":885,"url":"https:\/\/lloretdemar.org\/wp-content\/uploads\/2023\/07\/capcalera-comprar.webp","type":"image\/jpeg"}],"twitter_card":"summary_large_image","twitter_site":"@lloretturisme","twitter_misc":{"Dur\u00e9e de lecture estim\u00e9e":"2 minutes"},"schema":{"@context":"https:\/\/schema.org","@graph":[{"@type":"WebPage","@id":"https:\/\/lloretdemar.org\/fr\/planifiez-votre-voyage-a-lloret-de-mar\/achats\/","url":"https:\/\/lloretdemar.org\/fr\/planifiez-votre-voyage-a-lloret-de-mar\/achats\/","name":"Achats - Lloret de Mar","isPartOf":{"@id":"https:\/\/lloretdemar.org\/fr\/#website"},"datePublished":"2020-03-05T16:45:35+00:00","dateModified":"2023-08-17T09:29:29+00:00","description":"Lloret de Mar","breadcrumb":{"@id":"https:\/\/lloretdemar.org\/fr\/planifiez-votre-voyage-a-lloret-de-mar\/achats\/#breadcrumb"},"inLanguage":"fr-FR","potentialAction":[{"@type":"ReadAction","target":["https:\/\/lloretdemar.org\/fr\/planifiez-votre-voyage-a-lloret-de-mar\/achats\/"]}]},{"@type":"BreadcrumbList","@id":"https:\/\/lloretdemar.org\/fr\/planifiez-votre-voyage-a-lloret-de-mar\/achats\/#breadcrumb","itemListElement":[{"@type":"ListItem","position":1,"name":"Home","item":"https:\/\/lloretdemar.org\/fr\/"},{"@type":"ListItem","position":2,"name":"Planifiez votre voyage \u00e0 Lloret de Mar","item":"https:\/\/lloretdemar.org\/fr\/planifiez-votre-voyage-a-lloret-de-mar\/"},{"@type":"ListItem","position":3,"name":"Achats"}]},{"@type":"WebSite","@id":"https:\/\/lloretdemar.org\/fr\/#website","url":"https:\/\/lloretdemar.org\/fr\/","name":"Lloret de Mar","description":"","publisher":{"@id":"https:\/\/lloretdemar.org\/fr\/#organization"},"potentialAction":[{"@type":"SearchAction","target":{"@type":"EntryPoint","urlTemplate":"https:\/\/lloretdemar.org\/fr\/?s={search_term_string}"},"query-input":{"@type":"PropertyValueSpecification","valueRequired":true,"valueName":"search_term_string"}}],"inLanguage":"fr-FR"},{"@type":"Organization","@id":"https:\/\/lloretdemar.org\/fr\/#organization","name":"Lloret de Mar","url":"https:\/\/lloretdemar.org\/fr\/","logo":{"@type":"ImageObject","inLanguage":"fr-FR","@id":"https:\/\/lloretdemar.org\/fr\/#\/schema\/logo\/image\/","url":"https:\/\/lloretdemar.org\/wp-content\/uploads\/2020\/05\/lloret-de-mar-logo.png","contentUrl":"https:\/\/lloretdemar.org\/wp-content\/uploads\/2020\/05\/lloret-de-mar-logo.png","width":87,"height":38,"caption":"Lloret de Mar"},"image":{"@id":"https:\/\/lloretdemar.org\/fr\/#\/schema\/logo\/image\/"},"sameAs":["https:\/\/www.facebook.com\/Lloretturisme","https:\/\/x.com\/lloretturisme","https:\/\/instagram.com\/lloretturisme","https:\/\/www.youtube.com\/LloretTurisme"]}]}},"_links":{"self":[{"href":"https:\/\/lloretdemar.org\/fr\/wp-json\/wp\/v2\/pages\/18594","targetHints":{"allow":["GET"]}}],"collection":[{"href":"https:\/\/lloretdemar.org\/fr\/wp-json\/wp\/v2\/pages"}],"about":[{"href":"https:\/\/lloretdemar.org\/fr\/wp-json\/wp\/v2\/types\/page"}],"author":[{"embeddable":true,"href":"https:\/\/lloretdemar.org\/fr\/wp-json\/wp\/v2\/users\/12"}],"replies":[{"embeddable":true,"href":"https:\/\/lloretdemar.org\/fr\/wp-json\/wp\/v2\/comments?post=18594"}],"version-history":[{"count":1,"href":"https:\/\/lloretdemar.org\/fr\/wp-json\/wp\/v2\/pages\/18594\/revisions"}],"predecessor-version":[{"id":34517,"href":"https:\/\/lloretdemar.org\/fr\/wp-json\/wp\/v2\/pages\/18594\/revisions\/34517"}],"up":[{"embeddable":true,"href":"https:\/\/lloretdemar.org\/fr\/wp-json\/wp\/v2\/pages\/11731"}],"wp:attachment":[{"href":"https:\/\/lloretdemar.org\/fr\/wp-json\/wp\/v2\/media?parent=18594"}],"curies":[{"name":"wp","href":"https:\/\/api.w.org\/{rel}","templated":true}]}}