{"id":17167,"date":"2020-03-06T13:38:50","date_gmt":"2020-03-06T12:38:50","guid":{"rendered":"http:\/\/lloretdemar.org\/politica-de-privacitat\/"},"modified":"2020-05-21T11:58:30","modified_gmt":"2020-05-21T09:58:30","slug":"politique-de-confidentialite","status":"publish","type":"page","link":"https:\/\/lloretdemar.org\/fr\/politique-de-confidentialite\/","title":{"rendered":"Politique de confidentialit\u00e9"},"content":{"rendered":"\n<p>La pr\u00e9sente politique de protection des donn\u00e9es r\u00e9git le traitement des donn\u00e9es susceptibles d\u2019\u00eatre recueillies par Lloret Futur, S. A. sur son site.<\/p>\n\n\n\n<p><strong>1.- Identit\u00e9 du responsable du traitement<\/strong><\/p>\n\n\n\n<p>Le responsable du traitement des donn\u00e9es personnelles recueillies au sein du site de www.lloretdemar.org est le suivant :<\/p>\n\n\n\n<p>Lloret Turisme, LLORET FUTUR, S. A.<br>NIF : A-17354333<br>Av. Alegries, 3 &#8211; 17310 &#8211; Lloret de Mar<br><a href=\"mailto:central-turisme@lloret.cat\">central-turisme@lloret.cat<\/a><\/p>\n\n\n\n<p><strong>2.- Finalit\u00e9 des traitements des donn\u00e9es<\/strong><\/p>\n\n\n\n<p>Les donn\u00e9es fournies \u00e0 Lloret Futur, S. A. \u00e0 travers diff\u00e9rents moyens, formulaires de contact, enqu\u00eates et proc\u00e9dures utilis\u00e9s lors de la collecte d\u2019informations sont trait\u00e9es conform\u00e9ment \u00e0 la l\u00e9gislation en vigueur en mati\u00e8re de protection des donn\u00e9es dans le seul but de proposer le service demand\u00e9 par l\u2019utilisateur.<\/p>\n\n\n\n<p>Pour chacun des moyens utilis\u00e9s, nous proposons des informations d\u00e9taill\u00e9es concernant la finalit\u00e9 du traitement des donn\u00e9es, r\u00e9alis\u00e9 uniquement et exclusivement si l\u2019utilisateur autorise ledit traitement.<\/p>\n\n\n\n<p>Voici les informations relatives aux diff\u00e9rentes finalit\u00e9s pour lesquelles vos donn\u00e9es peuvent \u00eatre recueillies&nbsp;:<\/p>\n\n\n\n<figure class=\"wp-block-table\"><table class=\"\"><tbody><tr><td><strong>Traitement<\/strong> <\/td><td> <strong>Raisons pour lesquelles nous utilisons vos donn\u00e9es<\/strong> <\/td><td> <strong>Dur\u00e9e de conservation de vos donn\u00e9es<\/strong> <\/td><\/tr><tr><td><strong>Souscriptions <\/strong><\/td><td>Remise d\u2019informations concernant nos produits, services et activit\u00e9s. Vos donn\u00e9es ne seront pas c\u00e9d\u00e9es \u00e0 des tiers.<\/td><td>Conservation de vos donn\u00e9es personnelles jusqu\u2019au moment o\u00f9 vous demanderez de ne plus recevoir nos communications. Vos donn\u00e9es seront d\u00e8s lors supprim\u00e9es.<br>Vous pouvez demander la suppression de vos donn\u00e9es \u00e0 tout moment en suivant les informations qui apparaissent sur chaque communication. <\/td><\/tr><tr><td><strong>Activit\u00e9s et services : Kit du citoyen de Lloret, Formule weekend, etc. <\/strong><br><br><br> <\/td><td>Traitement de vos donn\u00e9es pour la gestion des activit\u00e9s et services propos\u00e9s par Lloret Futur, S. A. Vos donn\u00e9es ne seront pas c\u00e9d\u00e9es \u00e0 des tiers. <\/td><td> Conservation de vos donn\u00e9es personnelles jusqu\u2019au moment o\u00f9 vous demanderez de ne plus recevoir nos communications. Vos donn\u00e9es seront d\u00e8s lors supprim\u00e9es.<br>Vous pouvez demander la suppression de vos donn\u00e9es \u00e0 tout moment en suivant les informations qui apparaissent sur chaque communication.  <\/td><\/tr><tr><td><strong>Bo\u00eete de contact, r\u00e9clamations ou suggestions <\/strong><\/td><td>Traitement de vos donn\u00e9es pour r\u00e9pondre \u00e0 votre demande, \u00e0 vos questions ou \u00e0 vos doutes. Vos donn\u00e9es ne seront pas c\u00e9d\u00e9es \u00e0 des tiers.<\/td><td>Conservation de vos donn\u00e9es personnelles jusqu\u2019au moment o\u00f9 l\u2019on aura r\u00e9pondu \u00e0 votre demande et men\u00e9 les actions pertinentes. Elles seront ensuite supprim\u00e9es, sauf si la responsabilit\u00e9 de Lloret Futur, S. A. est impliqu\u00e9e.<\/td><\/tr><tr><td><strong>Lloret Convention Bureau (LCB)<\/strong><\/td><td>Traitement de vos donn\u00e9es dans le cadre de votre institution en tant que membre du LCB ou entreprise int\u00e9ress\u00e9e : gestion d\u2019activit\u00e9s, communication des services, r\u00e9ponse aux demandes, etc. Vos donn\u00e9es ne seront pas c\u00e9d\u00e9es \u00e0 des tiers.<\/td><td>Conservation de vos donn\u00e9es personnelles jusqu\u2019au moment o\u00f9 votre institution quitte le LCB ou r\u00e9alise un changement d\u2019interlocuteur.<\/td><\/tr><tr><td><strong>Profil de la partie contractante<\/strong><\/td><td>Traitement de vos donn\u00e9es pour la gestion de march\u00e9s publics dans la mesure o\u00f9 Lloret  Futur, S.A. est une entreprise publique. Vos donn\u00e9es pourront \u00eatre communiqu\u00e9es \u00e0 la Mairie de Lloret de Mar dans l\u2019exercice de ses comp\u00e9tences en tant qu\u2019administration responsable de Lloret Futur.<\/td><td>Conservation de vos donn\u00e9es personnelles en tant que partie de la proc\u00e9dure administrative de l\u2019institution.<\/td><\/tr><\/tbody><\/table><\/figure>\n\n\n\n<p>Les donn\u00e9es que vous avez fournies ne seront utilis\u00e9es que pour les fins dont vous avez \u00e9t\u00e9 inform\u00e9\/e ou que vous avez accept\u00e9es. Elles ne seront ni utilis\u00e9es par des tiers ni c\u00e9d\u00e9es \u00e0 des tiers, sauf si vous l\u2019avez express\u00e9ment autoris\u00e9.<\/p>\n\n\n\n<p>La base l\u00e9gale relative au traitement de vos donn\u00e9es est l\u2019ex\u00e9cution des services que vous nous avez demand\u00e9s et \u2013dans le cas du profil de la partie contractante\u2013 des comp\u00e9tences de Lloret Futur, S.A.<\/p>\n\n\n\n<p>L\u2019utilisateur nous fournit ses donn\u00e9es volontairement, \u00e0 tout moment, en connaissance de l\u2019utilisation et du traitement dont elles font l\u2019objet. Toutes les informations fournies par l\u2019utilisateur doivent \u00eatre v\u00e9ridiques. L\u2019utilisateur est le seul responsable des manifestations fausses ou inexactes qu\u2019il fournit et des dommages qu\u2019il peut occasionner \u00e0 Lloret Futur, \u00e0 la Mairie de Lloret de Mar ou \u00e0 des tiers. Lloret Futur se r\u00e9serve le droit d\u2019exclure de ses services tout utilisateur qui aurait fourni de fausses donn\u00e9es, sans pr\u00e9judice des autres actions l\u00e9gales applicables.<\/p>\n\n\n\n<p><strong>4.- Vos droits lorsque vous fournissez vos donn\u00e9es<\/strong><\/p>\n\n\n\n<p>Vous pouvez demander et obtenir \u00e0 tout moment les informations relatives au mode et aux motifs du traitement de vos donn\u00e9es&nbsp;:<\/p>\n\n\n\n<ul class=\"wp-block-list\"><li>Droit d\u2019acc\u00e8s&nbsp;: demander de quelles donn\u00e9es nous disposons, quelle utilisation nous en faisons et de les c\u00e9der \u00e0 une autre entreprise.<\/li><li>Droit de rectification&nbsp;: demander la modification ou rectification des donn\u00e9es incorrectes.<\/li><li>Droit de suppression&nbsp;: demander que vos donn\u00e9es soient \u00e9limin\u00e9es et qu\u2019elles cessent d\u2019\u00eatre trait\u00e9es, sauf celles que la loi oblige \u00e0 conserver.<\/li><li>Droit de limitation du traitement : demander que vos donn\u00e9es soient conserv\u00e9es \u00e0 des fins l\u00e9gales.<\/li><li>Droit d\u2019opposition \u00e0 un traitement&nbsp;: demander d\u2019\u00e9viter de faire une utilisation sp\u00e9cifique de vos donn\u00e9es.<\/li><li>Droit de portabilit\u00e9 : demander que vos donn\u00e9es soient fournies dans un format compatible pouvant \u00eatre remis \u00e0 un tiers qui doit vous prester un service.<\/li><\/ul>\n\n\n\n<p>\u00c0 cette fin, vous pouvez faire parvenir un document \u00e9crit indiquant le droit que vous souhaitez exercer (acc\u00e8s, rectification, suppression, opposition ou portabilit\u00e9), accompagn\u00e9 d\u2019une copie de votre carte d\u2019identit\u00e9, personnellement, par courrier ordinaire (LLORET FUTUR, S.A. \u2013 Exercice de droits \u2013 Avinguda de les Alegries, 3 \u2013 17310 &#8211; Lloret de Mar) ou par courrier \u00e9lectronique (&nbsp;<a href=\"mailto:central-turisme@lloret.cat\">central-turisme@lloret.cat<\/a>).<\/p>\n\n\n\n<p><strong>5.- Informations suppl\u00e9mentaires relatives au traitement des donn\u00e9es personnelles<\/strong><\/p>\n\n\n\n<p>Pour de plus amples renseignements concernant le traitement des donn\u00e9es personnelles r\u00e9alis\u00e9 par Lloret Futur, n\u2019h\u00e9sitez pas \u00e0 contacter le Responsable Protection des donn\u00e9es par voie \u00e9lectronique (&nbsp;<a href=\"mailto:dpd@lloret.cat\">dpd@lloret.cat<\/a>) ou postale (Responsable Protection des donn\u00e9es, Mairie de Lloret de Mar, Pla\u00e7a de la Vila, 1 08172 Lloret de Mar).<\/p>\n\n\n\n<p><strong>6.- Pr\u00e9sentation de r\u00e9clamations<\/strong><\/p>\n\n\n\n<p>L\u2019Autorit\u00e9 catalane en mati\u00e8re de Protection des donn\u00e9es (<a href=\"http:\/\/www.apdcat.cat\/\">www.apdcat.cat<\/a>) est l\u2019Organisme superviseur charg\u00e9 du respect de la l\u00e9gislation en mati\u00e8re de protection des donn\u00e9es au sein de l\u2019Administration publique catalane. Si vous consid\u00e9rez que Lloret Futur a enfreint une des conditions de ladite r\u00e9glementation, n\u2019h\u00e9sitez pas \u00e0 contacter ladite autorit\u00e9 pour pr\u00e9senter votre r\u00e9clamation.<\/p>\n","protected":false},"excerpt":{"rendered":"<p>La pr\u00e9sente politique de protection des donn\u00e9es r\u00e9git le traitement des donn\u00e9es susceptibles d\u2019\u00eatre recueillies par Lloret Futur, S. A. sur son site. 1.- Identit\u00e9 du responsable du traitement Le responsable du traitement des donn\u00e9es personnelles recueillies au sein du site de www.lloretdemar.org est le suivant : Lloret Turisme, LLORET FUTUR, S. A.NIF : A-17354333Av. [&hellip;]<\/p>\n","protected":false},"author":12,"featured_media":0,"parent":0,"menu_order":0,"comment_status":"closed","ping_status":"closed","template":"page-templates\/content-page.php","meta":{"_acf_changed":false,"content-type":"","footnotes":""},"class_list":["post-17167","page","type-page","status-publish","hentry"],"acf":{"banner_imatge":9978,"banner_titol":"Politique de confidentialit\u00e9","banner_subtitol":"","botons_blanc_o_negres":"defecte","banner_links":null,"apartats":null},"yoast_head":"<!-- This site is optimized with the Yoast SEO plugin v27.5 - https:\/\/yoast.com\/product\/yoast-seo-wordpress\/ -->\n<title>Politique de confidentialit\u00e9 - Lloret de Mar<\/title>\n<meta name=\"description\" content=\"La pr\u00e9sente politique de protection des donn\u00e9es r\u00e9git le traitement des donn\u00e9es susceptibles d\u2019\u00eatre recueillies par Lloret Futur, S. A. sur son site. 1.- Identit\u00e9 du responsable du traitement Le responsable du traitement des donn\u00e9es personnelles recueillies au sein du site de www.lloretdemar.org est le suivant : Lloret Turisme, LLORET FUTUR, S. A.NIF : A-17354333Av.\u2026\" \/>\n<meta name=\"robots\" content=\"noindex, nofollow\" \/>\n<meta property=\"og:locale\" content=\"fr_FR\" \/>\n<meta property=\"og:type\" content=\"article\" \/>\n<meta property=\"og:title\" content=\"Politique de confidentialit\u00e9 - Lloret de Mar\" \/>\n<meta property=\"og:description\" content=\"La pr\u00e9sente politique de protection des donn\u00e9es r\u00e9git le traitement des donn\u00e9es susceptibles d\u2019\u00eatre recueillies par Lloret Futur, S. A. sur son site. 1.- Identit\u00e9 du responsable du traitement Le responsable du traitement des donn\u00e9es personnelles recueillies au sein du site de www.lloretdemar.org est le suivant : Lloret Turisme, LLORET FUTUR, S. A.NIF : A-17354333Av.\u2026\" \/>\n<meta property=\"og:url\" content=\"https:\/\/lloretdemar.org\/fr\/politique-de-confidentialite\/\" \/>\n<meta property=\"og:site_name\" content=\"Lloret de Mar\" \/>\n<meta property=\"article:publisher\" content=\"https:\/\/www.facebook.com\/Lloretturisme\" \/>\n<meta property=\"article:modified_time\" content=\"2020-05-21T09:58:30+00:00\" \/>\n<meta property=\"og:image\" content=\"https:\/\/lloretdemar.org\/wp-content\/uploads\/2020\/03\/Capcalera-e1600338708928.jpg\" \/>\n\t<meta property=\"og:image:width\" content=\"1920\" \/>\n\t<meta property=\"og:image:height\" content=\"885\" \/>\n\t<meta property=\"og:image:type\" content=\"image\/jpeg\" \/>\n<meta name=\"twitter:card\" content=\"summary_large_image\" \/>\n<meta name=\"twitter:site\" content=\"@lloretturisme\" \/>\n<meta name=\"twitter:label1\" content=\"Dur\u00e9e de lecture estim\u00e9e\" \/>\n\t<meta name=\"twitter:data1\" content=\"6 minutes\" \/>\n<script type=\"application\/ld+json\" class=\"yoast-schema-graph\">{\"@context\":\"https:\\\/\\\/schema.org\",\"@graph\":[{\"@type\":\"WebPage\",\"@id\":\"https:\\\/\\\/lloretdemar.org\\\/fr\\\/politique-de-confidentialite\\\/\",\"url\":\"https:\\\/\\\/lloretdemar.org\\\/fr\\\/politique-de-confidentialite\\\/\",\"name\":\"Politique de confidentialit\u00e9 - Lloret de Mar\",\"isPartOf\":{\"@id\":\"https:\\\/\\\/lloretdemar.org\\\/fr\\\/#website\"},\"datePublished\":\"2020-03-06T12:38:50+00:00\",\"dateModified\":\"2020-05-21T09:58:30+00:00\",\"description\":\"Lloret de Mar\",\"breadcrumb\":{\"@id\":\"https:\\\/\\\/lloretdemar.org\\\/fr\\\/politique-de-confidentialite\\\/#breadcrumb\"},\"inLanguage\":\"fr-FR\",\"potentialAction\":[{\"@type\":\"ReadAction\",\"target\":[\"https:\\\/\\\/lloretdemar.org\\\/fr\\\/politique-de-confidentialite\\\/\"]}]},{\"@type\":\"BreadcrumbList\",\"@id\":\"https:\\\/\\\/lloretdemar.org\\\/fr\\\/politique-de-confidentialite\\\/#breadcrumb\",\"itemListElement\":[{\"@type\":\"ListItem\",\"position\":1,\"name\":\"Home\",\"item\":\"https:\\\/\\\/lloretdemar.org\\\/fr\\\/\"},{\"@type\":\"ListItem\",\"position\":2,\"name\":\"Politique de confidentialit\u00e9\"}]},{\"@type\":\"WebSite\",\"@id\":\"https:\\\/\\\/lloretdemar.org\\\/fr\\\/#website\",\"url\":\"https:\\\/\\\/lloretdemar.org\\\/fr\\\/\",\"name\":\"Lloret de Mar\",\"description\":\"\",\"publisher\":{\"@id\":\"https:\\\/\\\/lloretdemar.org\\\/fr\\\/#organization\"},\"potentialAction\":[{\"@type\":\"SearchAction\",\"target\":{\"@type\":\"EntryPoint\",\"urlTemplate\":\"https:\\\/\\\/lloretdemar.org\\\/fr\\\/?s={search_term_string}\"},\"query-input\":{\"@type\":\"PropertyValueSpecification\",\"valueRequired\":true,\"valueName\":\"search_term_string\"}}],\"inLanguage\":\"fr-FR\"},{\"@type\":\"Organization\",\"@id\":\"https:\\\/\\\/lloretdemar.org\\\/fr\\\/#organization\",\"name\":\"Lloret de Mar\",\"url\":\"https:\\\/\\\/lloretdemar.org\\\/fr\\\/\",\"logo\":{\"@type\":\"ImageObject\",\"inLanguage\":\"fr-FR\",\"@id\":\"https:\\\/\\\/lloretdemar.org\\\/fr\\\/#\\\/schema\\\/logo\\\/image\\\/\",\"url\":\"https:\\\/\\\/lloretdemar.org\\\/wp-content\\\/uploads\\\/2020\\\/05\\\/lloret-de-mar-logo.png\",\"contentUrl\":\"https:\\\/\\\/lloretdemar.org\\\/wp-content\\\/uploads\\\/2020\\\/05\\\/lloret-de-mar-logo.png\",\"width\":87,\"height\":38,\"caption\":\"Lloret de Mar\"},\"image\":{\"@id\":\"https:\\\/\\\/lloretdemar.org\\\/fr\\\/#\\\/schema\\\/logo\\\/image\\\/\"},\"sameAs\":[\"https:\\\/\\\/www.facebook.com\\\/Lloretturisme\",\"https:\\\/\\\/x.com\\\/lloretturisme\",\"https:\\\/\\\/instagram.com\\\/lloretturisme\",\"https:\\\/\\\/www.youtube.com\\\/LloretTurisme\"]}]}<\/script>\n<!-- \/ Yoast SEO plugin. -->","yoast_head_json":{"title":"Politique de confidentialit\u00e9 - Lloret de Mar","description":"La pr\u00e9sente politique de protection des donn\u00e9es r\u00e9git le traitement des donn\u00e9es susceptibles d\u2019\u00eatre recueillies par Lloret Futur, S. A. sur son site. 1.- Identit\u00e9 du responsable du traitement Le responsable du traitement des donn\u00e9es personnelles recueillies au sein du site de www.lloretdemar.org est le suivant : Lloret Turisme, LLORET FUTUR, S. A.NIF : A-17354333Av.\u2026","robots":{"index":"noindex","follow":"nofollow"},"og_locale":"fr_FR","og_type":"article","og_title":"Politique de confidentialit\u00e9 - Lloret de Mar","og_description":"La pr\u00e9sente politique de protection des donn\u00e9es r\u00e9git le traitement des donn\u00e9es susceptibles d\u2019\u00eatre recueillies par Lloret Futur, S. A. sur son site. 1.- Identit\u00e9 du responsable du traitement Le responsable du traitement des donn\u00e9es personnelles recueillies au sein du site de www.lloretdemar.org est le suivant : Lloret Turisme, LLORET FUTUR, S. A.NIF : A-17354333Av.\u2026","og_url":"https:\/\/lloretdemar.org\/fr\/politique-de-confidentialite\/","og_site_name":"Lloret de Mar","article_publisher":"https:\/\/www.facebook.com\/Lloretturisme","article_modified_time":"2020-05-21T09:58:30+00:00","og_image":[{"width":1920,"height":885,"url":"https:\/\/lloretdemar.org\/wp-content\/uploads\/2020\/03\/Capcalera-e1600338708928.jpg","type":"image\/jpeg"}],"twitter_card":"summary_large_image","twitter_site":"@lloretturisme","twitter_misc":{"Dur\u00e9e de lecture estim\u00e9e":"6 minutes"},"schema":{"@context":"https:\/\/schema.org","@graph":[{"@type":"WebPage","@id":"https:\/\/lloretdemar.org\/fr\/politique-de-confidentialite\/","url":"https:\/\/lloretdemar.org\/fr\/politique-de-confidentialite\/","name":"Politique de confidentialit\u00e9 - Lloret de Mar","isPartOf":{"@id":"https:\/\/lloretdemar.org\/fr\/#website"},"datePublished":"2020-03-06T12:38:50+00:00","dateModified":"2020-05-21T09:58:30+00:00","description":"Lloret de Mar","breadcrumb":{"@id":"https:\/\/lloretdemar.org\/fr\/politique-de-confidentialite\/#breadcrumb"},"inLanguage":"fr-FR","potentialAction":[{"@type":"ReadAction","target":["https:\/\/lloretdemar.org\/fr\/politique-de-confidentialite\/"]}]},{"@type":"BreadcrumbList","@id":"https:\/\/lloretdemar.org\/fr\/politique-de-confidentialite\/#breadcrumb","itemListElement":[{"@type":"ListItem","position":1,"name":"Home","item":"https:\/\/lloretdemar.org\/fr\/"},{"@type":"ListItem","position":2,"name":"Politique de confidentialit\u00e9"}]},{"@type":"WebSite","@id":"https:\/\/lloretdemar.org\/fr\/#website","url":"https:\/\/lloretdemar.org\/fr\/","name":"Lloret de Mar","description":"","publisher":{"@id":"https:\/\/lloretdemar.org\/fr\/#organization"},"potentialAction":[{"@type":"SearchAction","target":{"@type":"EntryPoint","urlTemplate":"https:\/\/lloretdemar.org\/fr\/?s={search_term_string}"},"query-input":{"@type":"PropertyValueSpecification","valueRequired":true,"valueName":"search_term_string"}}],"inLanguage":"fr-FR"},{"@type":"Organization","@id":"https:\/\/lloretdemar.org\/fr\/#organization","name":"Lloret de Mar","url":"https:\/\/lloretdemar.org\/fr\/","logo":{"@type":"ImageObject","inLanguage":"fr-FR","@id":"https:\/\/lloretdemar.org\/fr\/#\/schema\/logo\/image\/","url":"https:\/\/lloretdemar.org\/wp-content\/uploads\/2020\/05\/lloret-de-mar-logo.png","contentUrl":"https:\/\/lloretdemar.org\/wp-content\/uploads\/2020\/05\/lloret-de-mar-logo.png","width":87,"height":38,"caption":"Lloret de Mar"},"image":{"@id":"https:\/\/lloretdemar.org\/fr\/#\/schema\/logo\/image\/"},"sameAs":["https:\/\/www.facebook.com\/Lloretturisme","https:\/\/x.com\/lloretturisme","https:\/\/instagram.com\/lloretturisme","https:\/\/www.youtube.com\/LloretTurisme"]}]}},"_links":{"self":[{"href":"https:\/\/lloretdemar.org\/fr\/wp-json\/wp\/v2\/pages\/17167","targetHints":{"allow":["GET"]}}],"collection":[{"href":"https:\/\/lloretdemar.org\/fr\/wp-json\/wp\/v2\/pages"}],"about":[{"href":"https:\/\/lloretdemar.org\/fr\/wp-json\/wp\/v2\/types\/page"}],"author":[{"embeddable":true,"href":"https:\/\/lloretdemar.org\/fr\/wp-json\/wp\/v2\/users\/12"}],"replies":[{"embeddable":true,"href":"https:\/\/lloretdemar.org\/fr\/wp-json\/wp\/v2\/comments?post=17167"}],"version-history":[{"count":0,"href":"https:\/\/lloretdemar.org\/fr\/wp-json\/wp\/v2\/pages\/17167\/revisions"}],"wp:attachment":[{"href":"https:\/\/lloretdemar.org\/fr\/wp-json\/wp\/v2\/media?parent=17167"}],"curies":[{"name":"wp","href":"https:\/\/api.w.org\/{rel}","templated":true}]}}