{"id":17152,"date":"2020-03-06T13:49:53","date_gmt":"2020-03-06T12:49:53","guid":{"rendered":"http:\/\/lloretdemar.org\/carta-de-serveis\/"},"modified":"2020-09-17T17:24:20","modified_gmt":"2020-09-17T15:24:20","slug":"carte-des-services","status":"publish","type":"page","link":"https:\/\/lloretdemar.org\/fr\/carte-des-services\/","title":{"rendered":"Carte des services"},"content":{"rendered":"\n<p><strong>Informer et faciliter le tourisme \u00e0 Lloret de Mar.<\/strong><\/p>\n\n\n\n<p>&#8211; Bienvenue, attention et information touristique en plusieurs langues de Lloret de Mar et ses environs en personne, par t\u00e9l\u00e9phone et par e -mail et carte postale de:<br>o Restauration et h\u00e9bergement ou restaurants, h\u00f4tels, campings, auberges, appartements, agences de location, etc.<br>o Transport : routier, ferroviaire, croisi\u00e8res par mer, etc.<br>o Les ressources patrimoniale, naturel et culturel (parcs , plages, lieux , etc.) le patrimoine culturel ( mus\u00e9es, expositions, traditions , foires , festivals , r\u00e9unions , conf\u00e9rences et spectacles gastronomiques, routes , etc. ) , le patrimoine architecturale ( monuments , b\u00e2timents uniques , etc. )<br>o Les \u00e9v\u00e9nements ou les activit\u00e9s r\u00e9cr\u00e9atives, culturelles, commerciales et sportives: parcs aquatiques, festivals, concerts, th\u00e9\u00e2tre, sports (aventure, marine) et des \u00e9v\u00e9nements sportifs, etc.<br>&#8211; Services des Nouvelles Technologies: Service qui permet la r\u00e9ception des informations aux utilisateurs gr\u00e2ce \u00e0 les divers outils technologiques :<br>o Les \u00e9crans tactiles 24 h (Bureau Central du Tourisme et le Point d&rsquo;information Bus Terminal)  &#8211; Temporairement hors service  <br>o Wifi 24h dans les bureaux touristiques du Mus\u00e9e de la Mer et la centrale de du tourisme.<br>o Ipad disponible \u00e0 l&rsquo;utilisateur dans le Mus\u00e9e de la Mer et La Centrale du Tourisme &#8211; Temporairement hors service <br>o T\u00e9l\u00e9charger des publications au site www.lloretdemar.org<\/p>\n\n\n\n<p>&#8211; Fournir des renseignements aux touristes qu\u2019ils sont les droits qui correspondent et re\u00e7ues les r\u00e9clamations \u00e0 formuler vers le d\u00e9partement administratif appropri\u00e9.<br>&#8211; La collecte de statistiques par les services d\u2019attention.<br>&#8211; Soutien, conseil, coordination et promotion de conf\u00e9rences (tourisme d\u2019affaires)<br>&#8211; Gestion de la boutique du Mus\u00e9e de la Mer et vente des guides de Lloret dans tous les offices de tourisme.<br>&#8211; Coordination et gestion des r\u00e9serves dans les \u00e9l\u00e9ment du MOLL .<br>&#8211; Coordination et gestion des festivals dans les espaces publics.<\/p>\n","protected":false},"excerpt":{"rendered":"<p>Informer et faciliter le tourisme \u00e0 Lloret de Mar. &#8211; Bienvenue, attention et information touristique en plusieurs langues de Lloret de Mar et ses environs en personne, par t\u00e9l\u00e9phone et par e -mail et carte postale de:o Restauration et h\u00e9bergement ou restaurants, h\u00f4tels, campings, auberges, appartements, agences de location, etc.o Transport : routier, ferroviaire, croisi\u00e8res [&hellip;]<\/p>\n","protected":false},"author":12,"featured_media":0,"parent":0,"menu_order":0,"comment_status":"closed","ping_status":"closed","template":"page-templates\/content-page.php","meta":{"_acf_changed":false,"content-type":"","footnotes":""},"class_list":["post-17152","page","type-page","status-publish","hentry"],"acf":{"banner_imatge":20026,"banner_titol":"","banner_subtitol":"","botons_blanc_o_negres":"defecte","banner_links":null,"apartats":null},"yoast_head":"<!-- This site is optimized with the Yoast SEO plugin v27.5 - https:\/\/yoast.com\/product\/yoast-seo-wordpress\/ -->\n<title>Carte des services - Lloret de Mar<\/title>\n<meta name=\"description\" content=\"Informer et faciliter le tourisme \u00e0 Lloret de Mar. - Bienvenue, attention et information touristique en plusieurs langues de Lloret de Mar et ses environs en personne, par t\u00e9l\u00e9phone et par e -mail et carte postale de:o Restauration et h\u00e9bergement ou restaurants, h\u00f4tels, campings, auberges, appartements, agences de location, etc.o Transport : routier, ferroviaire, croisi\u00e8res\u2026\" \/>\n<meta name=\"robots\" content=\"noindex, nofollow\" \/>\n<meta property=\"og:locale\" content=\"fr_FR\" \/>\n<meta property=\"og:type\" content=\"article\" \/>\n<meta property=\"og:title\" content=\"Carte des services - Lloret de Mar\" \/>\n<meta property=\"og:description\" content=\"Informer et faciliter le tourisme \u00e0 Lloret de Mar. - Bienvenue, attention et information touristique en plusieurs langues de Lloret de Mar et ses environs en personne, par t\u00e9l\u00e9phone et par e -mail et carte postale de:o Restauration et h\u00e9bergement ou restaurants, h\u00f4tels, campings, auberges, appartements, agences de location, etc.o Transport : routier, ferroviaire, croisi\u00e8res\u2026\" \/>\n<meta property=\"og:url\" content=\"https:\/\/lloretdemar.org\/fr\/carte-des-services\/\" \/>\n<meta property=\"og:site_name\" content=\"Lloret de Mar\" \/>\n<meta property=\"article:publisher\" content=\"https:\/\/www.facebook.com\/Lloretturisme\" \/>\n<meta property=\"article:modified_time\" content=\"2020-09-17T15:24:20+00:00\" \/>\n<meta property=\"og:image\" content=\"https:\/\/lloretdemar.org\/wp-content\/uploads\/2020\/09\/cap\u00e7alera.jpg\" \/>\n\t<meta property=\"og:image:width\" content=\"1920\" \/>\n\t<meta property=\"og:image:height\" content=\"885\" \/>\n\t<meta property=\"og:image:type\" content=\"image\/jpeg\" \/>\n<meta name=\"twitter:card\" content=\"summary_large_image\" \/>\n<meta name=\"twitter:site\" content=\"@lloretturisme\" \/>\n<meta name=\"twitter:label1\" content=\"Dur\u00e9e de lecture estim\u00e9e\" \/>\n\t<meta name=\"twitter:data1\" content=\"2 minutes\" \/>\n<script type=\"application\/ld+json\" class=\"yoast-schema-graph\">{\"@context\":\"https:\\\/\\\/schema.org\",\"@graph\":[{\"@type\":\"WebPage\",\"@id\":\"https:\\\/\\\/lloretdemar.org\\\/fr\\\/carte-des-services\\\/\",\"url\":\"https:\\\/\\\/lloretdemar.org\\\/fr\\\/carte-des-services\\\/\",\"name\":\"Carte des services - Lloret de Mar\",\"isPartOf\":{\"@id\":\"https:\\\/\\\/lloretdemar.org\\\/fr\\\/#website\"},\"datePublished\":\"2020-03-06T12:49:53+00:00\",\"dateModified\":\"2020-09-17T15:24:20+00:00\",\"description\":\"Lloret de Mar\",\"breadcrumb\":{\"@id\":\"https:\\\/\\\/lloretdemar.org\\\/fr\\\/carte-des-services\\\/#breadcrumb\"},\"inLanguage\":\"fr-FR\",\"potentialAction\":[{\"@type\":\"ReadAction\",\"target\":[\"https:\\\/\\\/lloretdemar.org\\\/fr\\\/carte-des-services\\\/\"]}]},{\"@type\":\"BreadcrumbList\",\"@id\":\"https:\\\/\\\/lloretdemar.org\\\/fr\\\/carte-des-services\\\/#breadcrumb\",\"itemListElement\":[{\"@type\":\"ListItem\",\"position\":1,\"name\":\"Home\",\"item\":\"https:\\\/\\\/lloretdemar.org\\\/fr\\\/\"},{\"@type\":\"ListItem\",\"position\":2,\"name\":\"Carte des services\"}]},{\"@type\":\"WebSite\",\"@id\":\"https:\\\/\\\/lloretdemar.org\\\/fr\\\/#website\",\"url\":\"https:\\\/\\\/lloretdemar.org\\\/fr\\\/\",\"name\":\"Lloret de Mar\",\"description\":\"\",\"publisher\":{\"@id\":\"https:\\\/\\\/lloretdemar.org\\\/fr\\\/#organization\"},\"potentialAction\":[{\"@type\":\"SearchAction\",\"target\":{\"@type\":\"EntryPoint\",\"urlTemplate\":\"https:\\\/\\\/lloretdemar.org\\\/fr\\\/?s={search_term_string}\"},\"query-input\":{\"@type\":\"PropertyValueSpecification\",\"valueRequired\":true,\"valueName\":\"search_term_string\"}}],\"inLanguage\":\"fr-FR\"},{\"@type\":\"Organization\",\"@id\":\"https:\\\/\\\/lloretdemar.org\\\/fr\\\/#organization\",\"name\":\"Lloret de Mar\",\"url\":\"https:\\\/\\\/lloretdemar.org\\\/fr\\\/\",\"logo\":{\"@type\":\"ImageObject\",\"inLanguage\":\"fr-FR\",\"@id\":\"https:\\\/\\\/lloretdemar.org\\\/fr\\\/#\\\/schema\\\/logo\\\/image\\\/\",\"url\":\"https:\\\/\\\/lloretdemar.org\\\/wp-content\\\/uploads\\\/2020\\\/05\\\/lloret-de-mar-logo.png\",\"contentUrl\":\"https:\\\/\\\/lloretdemar.org\\\/wp-content\\\/uploads\\\/2020\\\/05\\\/lloret-de-mar-logo.png\",\"width\":87,\"height\":38,\"caption\":\"Lloret de Mar\"},\"image\":{\"@id\":\"https:\\\/\\\/lloretdemar.org\\\/fr\\\/#\\\/schema\\\/logo\\\/image\\\/\"},\"sameAs\":[\"https:\\\/\\\/www.facebook.com\\\/Lloretturisme\",\"https:\\\/\\\/x.com\\\/lloretturisme\",\"https:\\\/\\\/instagram.com\\\/lloretturisme\",\"https:\\\/\\\/www.youtube.com\\\/LloretTurisme\"]}]}<\/script>\n<!-- \/ Yoast SEO plugin. -->","yoast_head_json":{"title":"Carte des services - Lloret de Mar","description":"Informer et faciliter le tourisme \u00e0 Lloret de Mar. - Bienvenue, attention et information touristique en plusieurs langues de Lloret de Mar et ses environs en personne, par t\u00e9l\u00e9phone et par e -mail et carte postale de:o Restauration et h\u00e9bergement ou restaurants, h\u00f4tels, campings, auberges, appartements, agences de location, etc.o Transport : routier, ferroviaire, croisi\u00e8res\u2026","robots":{"index":"noindex","follow":"nofollow"},"og_locale":"fr_FR","og_type":"article","og_title":"Carte des services - Lloret de Mar","og_description":"Informer et faciliter le tourisme \u00e0 Lloret de Mar. - Bienvenue, attention et information touristique en plusieurs langues de Lloret de Mar et ses environs en personne, par t\u00e9l\u00e9phone et par e -mail et carte postale de:o Restauration et h\u00e9bergement ou restaurants, h\u00f4tels, campings, auberges, appartements, agences de location, etc.o Transport : routier, ferroviaire, croisi\u00e8res\u2026","og_url":"https:\/\/lloretdemar.org\/fr\/carte-des-services\/","og_site_name":"Lloret de Mar","article_publisher":"https:\/\/www.facebook.com\/Lloretturisme","article_modified_time":"2020-09-17T15:24:20+00:00","og_image":[{"width":1920,"height":885,"url":"https:\/\/lloretdemar.org\/wp-content\/uploads\/2020\/09\/cap\u00e7alera.jpg","type":"image\/jpeg"}],"twitter_card":"summary_large_image","twitter_site":"@lloretturisme","twitter_misc":{"Dur\u00e9e de lecture estim\u00e9e":"2 minutes"},"schema":{"@context":"https:\/\/schema.org","@graph":[{"@type":"WebPage","@id":"https:\/\/lloretdemar.org\/fr\/carte-des-services\/","url":"https:\/\/lloretdemar.org\/fr\/carte-des-services\/","name":"Carte des services - Lloret de Mar","isPartOf":{"@id":"https:\/\/lloretdemar.org\/fr\/#website"},"datePublished":"2020-03-06T12:49:53+00:00","dateModified":"2020-09-17T15:24:20+00:00","description":"Lloret de Mar","breadcrumb":{"@id":"https:\/\/lloretdemar.org\/fr\/carte-des-services\/#breadcrumb"},"inLanguage":"fr-FR","potentialAction":[{"@type":"ReadAction","target":["https:\/\/lloretdemar.org\/fr\/carte-des-services\/"]}]},{"@type":"BreadcrumbList","@id":"https:\/\/lloretdemar.org\/fr\/carte-des-services\/#breadcrumb","itemListElement":[{"@type":"ListItem","position":1,"name":"Home","item":"https:\/\/lloretdemar.org\/fr\/"},{"@type":"ListItem","position":2,"name":"Carte des services"}]},{"@type":"WebSite","@id":"https:\/\/lloretdemar.org\/fr\/#website","url":"https:\/\/lloretdemar.org\/fr\/","name":"Lloret de Mar","description":"","publisher":{"@id":"https:\/\/lloretdemar.org\/fr\/#organization"},"potentialAction":[{"@type":"SearchAction","target":{"@type":"EntryPoint","urlTemplate":"https:\/\/lloretdemar.org\/fr\/?s={search_term_string}"},"query-input":{"@type":"PropertyValueSpecification","valueRequired":true,"valueName":"search_term_string"}}],"inLanguage":"fr-FR"},{"@type":"Organization","@id":"https:\/\/lloretdemar.org\/fr\/#organization","name":"Lloret de Mar","url":"https:\/\/lloretdemar.org\/fr\/","logo":{"@type":"ImageObject","inLanguage":"fr-FR","@id":"https:\/\/lloretdemar.org\/fr\/#\/schema\/logo\/image\/","url":"https:\/\/lloretdemar.org\/wp-content\/uploads\/2020\/05\/lloret-de-mar-logo.png","contentUrl":"https:\/\/lloretdemar.org\/wp-content\/uploads\/2020\/05\/lloret-de-mar-logo.png","width":87,"height":38,"caption":"Lloret de Mar"},"image":{"@id":"https:\/\/lloretdemar.org\/fr\/#\/schema\/logo\/image\/"},"sameAs":["https:\/\/www.facebook.com\/Lloretturisme","https:\/\/x.com\/lloretturisme","https:\/\/instagram.com\/lloretturisme","https:\/\/www.youtube.com\/LloretTurisme"]}]}},"_links":{"self":[{"href":"https:\/\/lloretdemar.org\/fr\/wp-json\/wp\/v2\/pages\/17152","targetHints":{"allow":["GET"]}}],"collection":[{"href":"https:\/\/lloretdemar.org\/fr\/wp-json\/wp\/v2\/pages"}],"about":[{"href":"https:\/\/lloretdemar.org\/fr\/wp-json\/wp\/v2\/types\/page"}],"author":[{"embeddable":true,"href":"https:\/\/lloretdemar.org\/fr\/wp-json\/wp\/v2\/users\/12"}],"replies":[{"embeddable":true,"href":"https:\/\/lloretdemar.org\/fr\/wp-json\/wp\/v2\/comments?post=17152"}],"version-history":[{"count":0,"href":"https:\/\/lloretdemar.org\/fr\/wp-json\/wp\/v2\/pages\/17152\/revisions"}],"wp:attachment":[{"href":"https:\/\/lloretdemar.org\/fr\/wp-json\/wp\/v2\/media?parent=17152"}],"curies":[{"name":"wp","href":"https:\/\/api.w.org\/{rel}","templated":true}]}}