{"id":17135,"date":"2020-03-06T13:52:19","date_gmt":"2020-03-06T12:52:19","guid":{"rendered":"http:\/\/lloretdemar.org\/recomanacions\/"},"modified":"2020-09-17T12:56:57","modified_gmt":"2020-09-17T10:56:57","slug":"recommandations","status":"publish","type":"page","link":"https:\/\/lloretdemar.org\/fr\/recommandations\/","title":{"rendered":"Recommandations"},"content":{"rendered":"\n<h4 class=\"wp-block-heading\"><strong>DES RECOMMANDATIONS AU TOURISTE<\/strong><\/h4>\n\n\n\n<p>&#8211; En cas d&rsquo;une urgence ou un accident, on mettez-lui en rapport de forme imm\u00e9diate avec urgences en marquant 112. Ce service est gratuit et est destin\u00e9 aux cas d&rsquo;urgence, ce n&rsquo;est pas un t\u00e9l\u00e9phone d&rsquo;information g\u00e9n\u00e9rale ou pour obtenir l&rsquo;information sur l&rsquo;\u00e9tat des routes ou sur le temps. Il est convenable disposer de la Carte Sanitaire Europ\u00e9enne puisque cette carte permet l&rsquo;acc\u00e8s aux syst\u00e8mes nationaux de sant\u00e9 dans l&rsquo;Espace \u00e9conomique Europ\u00e9en.<br>&#8211; L\u2019horaire habituel des pharmacies est de 9.30h \u00e0 13.30h et de 16.30h \u00e0 20h de lundi \u00e0 vendredi. Samedis, dimanches et f\u00e9ri\u00e9s l\u2019horaire est de garde rotatif et est expos\u00e9 dans toutes les pharmacies et disponible dans les offices de tourisme.<br>&#8211; En Espagne la fourniture d&rsquo;eau potable est assur\u00e9e dans la totalit\u00e9 du territoire national. Notre pays raconte des syst\u00e8mes rigoureux de contr\u00f4le qu&rsquo;ils garantissent la qualit\u00e9 de l&rsquo;eau. Cependant, dans quelques zones du littoral m\u00e9diterran\u00e9en la consommation d&rsquo;eau embouteill\u00e9e est tr\u00e8s \u00e9tendue.<br>&#8211; Le voltage en Espagne est de 220 volts et 50 hertz de courant alternatif. Dans la majorit\u00e9 des h\u00f4tels des adaptateurs existent pour des chevilles sp\u00e9ciales. On assure que les appareils \u00e9lectriques que vous avez utilis\u00e9s fonctionnent avec le voltage dit.<br>&#8211; Les horaires commerciaux les plus usuels sont de lundi \u00e0 samedi depuis les 9.30 aux 13.30 heures et de la 16.30 \u00e0 21 heures. Dans les r\u00e9gions du littoral comme Lloret de Mar, dans l\u2019\u00e9t\u00e9, les \u00e9tablissements commerciaux ont l&rsquo;habitude d&rsquo;\u00eatre ouverts jusqu&rsquo;\u00e0 23 heures. Des banques ouvrent de lundi \u00e0 vendredi de 8 \u00e0 14 h.<\/p>\n\n\n\n<p><strong>EN CAS DE VISITER NOS PLAGES :<\/strong><br>&#8211; Ne pas se baigner loin du bord si les techniques basiques de natation ne se dominent pas, soyez prudent \u00e0 chaque instant et mesurez ses capacit\u00e9s.<br>&#8211; S&rsquo;assurer d&rsquo;avoir fini le processus de digestion avant de proc\u00e9der au bain et s&rsquo;il a r\u00e9cemment mang\u00e9 ou pris le soleil durant le temps prolong\u00e9, introduisez-lui \u00e0 l&rsquo;eau peu \u00e0 peu.<br>&#8211; \u00c9vitez d&rsquo;entrer au large. Si un courant le tra\u00eene au large, ne nagez pas dans contre. Nagez dans parall\u00e8le \u00e0 la plage : il sera plus facile, et une fois outre le courant, pourra le faire vers le bord. Il peut consulter l&rsquo;\u00e9tat des plages dans les bureaux de tourisme et dans les panneaux de renseignements qu&rsquo;il trouvera sur les plages de Lloret.<br>&#8211; \u00c9viter l&rsquo;exposition prolong\u00e9e au soleil. Pousser \u00e0 l&rsquo;extr\u00eame les pr\u00e9cautions durant l&rsquo;exposition au soleil, un usage de cr\u00e8me solaire est recommand\u00e9, de se couvrir la t\u00eate, l&rsquo;usage de lunettes de soleil, d&rsquo;ombrelles et d&rsquo;\u00e9viter les heures de radiation maximale solaire (14.00 &#8211; 18.00). Il peut consulter le niveau UV dans les bureaux de tourisme<br>&#8211; Boire beaucoup d&rsquo;eau toujours sans avoir c&rsquo;\u00eatre pour \u00e9viter d&rsquo;\u00eatre d\u00e9shydrat\u00e9<\/p>\n\n\n\n<p><strong>DES NORMES DE S\u00c9CURIT\u00c9 :<\/strong><br>&#8211; Faites attention aux attitudes \u00e9trang\u00e8res telles que des coups, les personnes qui tachent ou mouillent les v\u00eatements du voyageur ou les autres qui demandent si un anneau ou beaucoup de quantit\u00e9 d&rsquo;argent sont v\u00f4tres. Tout cela pourrait arriver \u00e0 \u00eatre une man\u0153uvre de distraction.<br>&#8211; Faites des photocopies des documents importants et aie une liste \u00e0 une main avec tous les num\u00e9ros de t\u00e9l\u00e9phone n\u00e9cessaires dans le cas de perte de tes cartes bancaires. Cela l&rsquo;aidera beaucoup s&rsquo;il r\u00e9sulte d&rsquo;\u00eatre victime d&rsquo;un vol.<br>&#8211; Portez seulement l&rsquo;argent dont tu as besoin pour le jour et rien de plus. Il laisse les objets de la valeur que tu ne vas pas utiliser ce jour dans la caisse de s\u00e9curit\u00e9 de l&rsquo;h\u00f4tel.<br>&#8211; Quand tu seras sur la plage, ne laisseras pas tes objets personnels n\u00e9gligents. Si tu vas prendre le soleil, etc.., assure-toi d&rsquo;une clef laisser n&rsquo;importe quel objet pr\u00e9cieux bas dans la caisse de s\u00e9curit\u00e9 de l&rsquo;h\u00f4tel.<\/p>\n\n\n\n<p><strong><a href=\"https:\/\/webunwto.s3.eu-west-1.amazonaws.com\/imported_images\/37859\/gcetbrochureglobalcodefr.pdf\">\u00a0LE CODE MONDIAL D&rsquo;\u00c9THIQUE DU TOURISME<\/a><\/strong><\/p>\n\n\n\n<p><a href=\"https:\/\/webunwto.s3.eu-west-1.amazonaws.com\/s3fs-public\/2020-07\/Tips-for-Responsible-Traveller-WCTE-FR.pdf\"> CONSEILS PRATIQUES POUR \u00caTRE UN VOYAGEUR RESPONSABLE <\/a><\/p>\n","protected":false},"excerpt":{"rendered":"<p>DES RECOMMANDATIONS AU TOURISTE &#8211; En cas d&rsquo;une urgence ou un accident, on mettez-lui en rapport de forme imm\u00e9diate avec urgences en marquant 112. Ce service est gratuit et est destin\u00e9 aux cas d&rsquo;urgence, ce n&rsquo;est pas un t\u00e9l\u00e9phone d&rsquo;information g\u00e9n\u00e9rale ou pour obtenir l&rsquo;information sur l&rsquo;\u00e9tat des routes ou sur le temps. Il est [&hellip;]<\/p>\n","protected":false},"author":12,"featured_media":0,"parent":0,"menu_order":0,"comment_status":"closed","ping_status":"closed","template":"page-templates\/content-page.php","meta":{"_acf_changed":false,"content-type":"","footnotes":""},"class_list":["post-17135","page","type-page","status-publish","hentry"],"acf":{"banner_imatge":20026,"banner_titol":"","banner_subtitol":"","botons_blanc_o_negres":"defecte","banner_links":null,"apartats":null},"yoast_head":"<!-- This site is optimized with the Yoast SEO plugin v27.5 - https:\/\/yoast.com\/product\/yoast-seo-wordpress\/ -->\n<title>Recommandations - Lloret de Mar<\/title>\n<meta name=\"description\" content=\"DES RECOMMANDATIONS AU TOURISTE - En cas d&#039;une urgence ou un accident, on mettez-lui en rapport de forme imm\u00e9diate avec urgences en marquant 112. Ce service est gratuit et est destin\u00e9 aux cas d&#039;urgence, ce n&#039;est pas un t\u00e9l\u00e9phone d&#039;information g\u00e9n\u00e9rale ou pour obtenir l&#039;information sur l&#039;\u00e9tat des routes ou sur le temps. Il est\u2026\" \/>\n<meta name=\"robots\" content=\"noindex, nofollow\" \/>\n<meta property=\"og:locale\" content=\"fr_FR\" \/>\n<meta property=\"og:type\" content=\"article\" \/>\n<meta property=\"og:title\" content=\"Recommandations - Lloret de Mar\" \/>\n<meta property=\"og:description\" content=\"DES RECOMMANDATIONS AU TOURISTE - En cas d&#039;une urgence ou un accident, on mettez-lui en rapport de forme imm\u00e9diate avec urgences en marquant 112. Ce service est gratuit et est destin\u00e9 aux cas d&#039;urgence, ce n&#039;est pas un t\u00e9l\u00e9phone d&#039;information g\u00e9n\u00e9rale ou pour obtenir l&#039;information sur l&#039;\u00e9tat des routes ou sur le temps. Il est\u2026\" \/>\n<meta property=\"og:url\" content=\"https:\/\/lloretdemar.org\/fr\/recommandations\/\" \/>\n<meta property=\"og:site_name\" content=\"Lloret de Mar\" \/>\n<meta property=\"article:publisher\" content=\"https:\/\/www.facebook.com\/Lloretturisme\" \/>\n<meta property=\"article:modified_time\" content=\"2020-09-17T10:56:57+00:00\" \/>\n<meta property=\"og:image\" content=\"https:\/\/lloretdemar.org\/wp-content\/uploads\/2020\/09\/cap\u00e7alera.jpg\" \/>\n\t<meta property=\"og:image:width\" content=\"1920\" \/>\n\t<meta property=\"og:image:height\" content=\"885\" \/>\n\t<meta property=\"og:image:type\" content=\"image\/jpeg\" \/>\n<meta name=\"twitter:card\" content=\"summary_large_image\" \/>\n<meta name=\"twitter:site\" content=\"@lloretturisme\" \/>\n<meta name=\"twitter:label1\" content=\"Dur\u00e9e de lecture estim\u00e9e\" \/>\n\t<meta name=\"twitter:data1\" content=\"3 minutes\" \/>\n<script type=\"application\/ld+json\" class=\"yoast-schema-graph\">{\"@context\":\"https:\\\/\\\/schema.org\",\"@graph\":[{\"@type\":\"WebPage\",\"@id\":\"https:\\\/\\\/lloretdemar.org\\\/fr\\\/recommandations\\\/\",\"url\":\"https:\\\/\\\/lloretdemar.org\\\/fr\\\/recommandations\\\/\",\"name\":\"Recommandations - Lloret de Mar\",\"isPartOf\":{\"@id\":\"https:\\\/\\\/lloretdemar.org\\\/fr\\\/#website\"},\"datePublished\":\"2020-03-06T12:52:19+00:00\",\"dateModified\":\"2020-09-17T10:56:57+00:00\",\"description\":\"Lloret de Mar\",\"breadcrumb\":{\"@id\":\"https:\\\/\\\/lloretdemar.org\\\/fr\\\/recommandations\\\/#breadcrumb\"},\"inLanguage\":\"fr-FR\",\"potentialAction\":[{\"@type\":\"ReadAction\",\"target\":[\"https:\\\/\\\/lloretdemar.org\\\/fr\\\/recommandations\\\/\"]}]},{\"@type\":\"BreadcrumbList\",\"@id\":\"https:\\\/\\\/lloretdemar.org\\\/fr\\\/recommandations\\\/#breadcrumb\",\"itemListElement\":[{\"@type\":\"ListItem\",\"position\":1,\"name\":\"Home\",\"item\":\"https:\\\/\\\/lloretdemar.org\\\/fr\\\/\"},{\"@type\":\"ListItem\",\"position\":2,\"name\":\"Recommandations\"}]},{\"@type\":\"WebSite\",\"@id\":\"https:\\\/\\\/lloretdemar.org\\\/fr\\\/#website\",\"url\":\"https:\\\/\\\/lloretdemar.org\\\/fr\\\/\",\"name\":\"Lloret de Mar\",\"description\":\"\",\"publisher\":{\"@id\":\"https:\\\/\\\/lloretdemar.org\\\/fr\\\/#organization\"},\"potentialAction\":[{\"@type\":\"SearchAction\",\"target\":{\"@type\":\"EntryPoint\",\"urlTemplate\":\"https:\\\/\\\/lloretdemar.org\\\/fr\\\/?s={search_term_string}\"},\"query-input\":{\"@type\":\"PropertyValueSpecification\",\"valueRequired\":true,\"valueName\":\"search_term_string\"}}],\"inLanguage\":\"fr-FR\"},{\"@type\":\"Organization\",\"@id\":\"https:\\\/\\\/lloretdemar.org\\\/fr\\\/#organization\",\"name\":\"Lloret de Mar\",\"url\":\"https:\\\/\\\/lloretdemar.org\\\/fr\\\/\",\"logo\":{\"@type\":\"ImageObject\",\"inLanguage\":\"fr-FR\",\"@id\":\"https:\\\/\\\/lloretdemar.org\\\/fr\\\/#\\\/schema\\\/logo\\\/image\\\/\",\"url\":\"https:\\\/\\\/lloretdemar.org\\\/wp-content\\\/uploads\\\/2020\\\/05\\\/lloret-de-mar-logo.png\",\"contentUrl\":\"https:\\\/\\\/lloretdemar.org\\\/wp-content\\\/uploads\\\/2020\\\/05\\\/lloret-de-mar-logo.png\",\"width\":87,\"height\":38,\"caption\":\"Lloret de Mar\"},\"image\":{\"@id\":\"https:\\\/\\\/lloretdemar.org\\\/fr\\\/#\\\/schema\\\/logo\\\/image\\\/\"},\"sameAs\":[\"https:\\\/\\\/www.facebook.com\\\/Lloretturisme\",\"https:\\\/\\\/x.com\\\/lloretturisme\",\"https:\\\/\\\/instagram.com\\\/lloretturisme\",\"https:\\\/\\\/www.youtube.com\\\/LloretTurisme\"]}]}<\/script>\n<!-- \/ Yoast SEO plugin. -->","yoast_head_json":{"title":"Recommandations - Lloret de Mar","description":"DES RECOMMANDATIONS AU TOURISTE - En cas d'une urgence ou un accident, on mettez-lui en rapport de forme imm\u00e9diate avec urgences en marquant 112. Ce service est gratuit et est destin\u00e9 aux cas d'urgence, ce n'est pas un t\u00e9l\u00e9phone d'information g\u00e9n\u00e9rale ou pour obtenir l'information sur l'\u00e9tat des routes ou sur le temps. Il est\u2026","robots":{"index":"noindex","follow":"nofollow"},"og_locale":"fr_FR","og_type":"article","og_title":"Recommandations - Lloret de Mar","og_description":"DES RECOMMANDATIONS AU TOURISTE - En cas d'une urgence ou un accident, on mettez-lui en rapport de forme imm\u00e9diate avec urgences en marquant 112. Ce service est gratuit et est destin\u00e9 aux cas d'urgence, ce n'est pas un t\u00e9l\u00e9phone d'information g\u00e9n\u00e9rale ou pour obtenir l'information sur l'\u00e9tat des routes ou sur le temps. Il est\u2026","og_url":"https:\/\/lloretdemar.org\/fr\/recommandations\/","og_site_name":"Lloret de Mar","article_publisher":"https:\/\/www.facebook.com\/Lloretturisme","article_modified_time":"2020-09-17T10:56:57+00:00","og_image":[{"width":1920,"height":885,"url":"https:\/\/lloretdemar.org\/wp-content\/uploads\/2020\/09\/cap\u00e7alera.jpg","type":"image\/jpeg"}],"twitter_card":"summary_large_image","twitter_site":"@lloretturisme","twitter_misc":{"Dur\u00e9e de lecture estim\u00e9e":"3 minutes"},"schema":{"@context":"https:\/\/schema.org","@graph":[{"@type":"WebPage","@id":"https:\/\/lloretdemar.org\/fr\/recommandations\/","url":"https:\/\/lloretdemar.org\/fr\/recommandations\/","name":"Recommandations - Lloret de Mar","isPartOf":{"@id":"https:\/\/lloretdemar.org\/fr\/#website"},"datePublished":"2020-03-06T12:52:19+00:00","dateModified":"2020-09-17T10:56:57+00:00","description":"Lloret de Mar","breadcrumb":{"@id":"https:\/\/lloretdemar.org\/fr\/recommandations\/#breadcrumb"},"inLanguage":"fr-FR","potentialAction":[{"@type":"ReadAction","target":["https:\/\/lloretdemar.org\/fr\/recommandations\/"]}]},{"@type":"BreadcrumbList","@id":"https:\/\/lloretdemar.org\/fr\/recommandations\/#breadcrumb","itemListElement":[{"@type":"ListItem","position":1,"name":"Home","item":"https:\/\/lloretdemar.org\/fr\/"},{"@type":"ListItem","position":2,"name":"Recommandations"}]},{"@type":"WebSite","@id":"https:\/\/lloretdemar.org\/fr\/#website","url":"https:\/\/lloretdemar.org\/fr\/","name":"Lloret de Mar","description":"","publisher":{"@id":"https:\/\/lloretdemar.org\/fr\/#organization"},"potentialAction":[{"@type":"SearchAction","target":{"@type":"EntryPoint","urlTemplate":"https:\/\/lloretdemar.org\/fr\/?s={search_term_string}"},"query-input":{"@type":"PropertyValueSpecification","valueRequired":true,"valueName":"search_term_string"}}],"inLanguage":"fr-FR"},{"@type":"Organization","@id":"https:\/\/lloretdemar.org\/fr\/#organization","name":"Lloret de Mar","url":"https:\/\/lloretdemar.org\/fr\/","logo":{"@type":"ImageObject","inLanguage":"fr-FR","@id":"https:\/\/lloretdemar.org\/fr\/#\/schema\/logo\/image\/","url":"https:\/\/lloretdemar.org\/wp-content\/uploads\/2020\/05\/lloret-de-mar-logo.png","contentUrl":"https:\/\/lloretdemar.org\/wp-content\/uploads\/2020\/05\/lloret-de-mar-logo.png","width":87,"height":38,"caption":"Lloret de Mar"},"image":{"@id":"https:\/\/lloretdemar.org\/fr\/#\/schema\/logo\/image\/"},"sameAs":["https:\/\/www.facebook.com\/Lloretturisme","https:\/\/x.com\/lloretturisme","https:\/\/instagram.com\/lloretturisme","https:\/\/www.youtube.com\/LloretTurisme"]}]}},"_links":{"self":[{"href":"https:\/\/lloretdemar.org\/fr\/wp-json\/wp\/v2\/pages\/17135","targetHints":{"allow":["GET"]}}],"collection":[{"href":"https:\/\/lloretdemar.org\/fr\/wp-json\/wp\/v2\/pages"}],"about":[{"href":"https:\/\/lloretdemar.org\/fr\/wp-json\/wp\/v2\/types\/page"}],"author":[{"embeddable":true,"href":"https:\/\/lloretdemar.org\/fr\/wp-json\/wp\/v2\/users\/12"}],"replies":[{"embeddable":true,"href":"https:\/\/lloretdemar.org\/fr\/wp-json\/wp\/v2\/comments?post=17135"}],"version-history":[{"count":0,"href":"https:\/\/lloretdemar.org\/fr\/wp-json\/wp\/v2\/pages\/17135\/revisions"}],"wp:attachment":[{"href":"https:\/\/lloretdemar.org\/fr\/wp-json\/wp\/v2\/media?parent=17135"}],"curies":[{"name":"wp","href":"https:\/\/api.w.org\/{rel}","templated":true}]}}