{"id":17122,"date":"2019-05-22T17:44:12","date_gmt":"2019-05-22T15:44:12","guid":{"rendered":"http:\/\/lloretdemar.org\/avis-legal\/"},"modified":"2024-03-04T12:52:17","modified_gmt":"2024-03-04T11:52:17","slug":"avis-legal","status":"publish","type":"page","link":"https:\/\/lloretdemar.org\/fr\/avis-legal\/","title":{"rendered":"Avis l\u00e9gal"},"content":{"rendered":"\r\n<p><strong>INFORMATIONS G\u00c9N\u00c9RALES CONFORMES \u00c0 LA LOI RELATIVE AUX SERVICES DE LA SOCI\u00c9T\u00c9 DE L\u2019INFORMATION ET DU COMMERCE \u00c9LECTRONIQUE (LSSICE), LOI 34\/2002 DU 12 OCTOBRE.<\/strong><\/p>\r\n\r\n\r\n\r\n<h4 class=\"wp-block-heading\">TITULARIT\u00c9 DU SITE<\/h4>\r\n\r\n\r\n\r\n<p>Titulaire : Lloret Turisme, LLORET FUTUR, S.A<br \/>Si\u00e8ge social : Av. Alegries, 3. 17310 &#8211; Lloret de Mar<br \/>T\u00e9l\u00e9phone : (+34) 972 365 788<br \/>T\u00e9l\u00e9copie : (+34) 972 367 750<br \/>Email :\u00a0<strong><a href=\"mailto:central-turisme@lloret.cat\">central-turisme@lloret.cat<\/a><\/strong><br \/>N\u00ba TVA : A-17354333<br \/>Tome 568, Folio 1, Feuille num\u00e9ro GI-11097, Inscription 1<sup>e<\/sup>.<br \/>Lloret Futur est une soci\u00e9t\u00e9 municipale de la Mairie de Lloret de Mar.<\/p>\r\n\r\n\r\n\r\n<h4 class=\"wp-block-heading\">CONDITIONS G\u00c9N\u00c9RALES D\u2019UTILISATION<\/h4>\r\n\r\n\r\n\r\n<p><strong>LLORET TURISME <\/strong>(LLORET FUTUR, S.A) a cr\u00e9\u00e9 le pr\u00e9sent site web afin de fournir des informations officielles relatives \u00e0 Lloret de Mar aux visiteurs potentiels de la destination.<\/p>\r\n\r\n\r\n\r\n<p><strong>1. LIMITES D\u2019UTILISATION<\/strong><br \/>\u00c0 l\u2019exception des sections professionnelles, l\u2019acc\u00e8s au portail est gratuit et sa visualisation ne requiert aucun abonnement ou inscription pr\u00e9alable.<\/p>\r\n\r\n\r\n\r\n<p>Les utilisateurs devront dans tous les cas utiliser les informations contenues sur le site conform\u00e9ment \u00e0 la l\u00e9gislation en vigueur, dans le respect des droits de propri\u00e9t\u00e9 intellectuelle de\u00a0<strong>LLORET TURISME<\/strong>\u00a0et des tiers.<\/p>\r\n\r\n\r\n\r\n<p>\u00c0 travers les services que\u00a0<strong>LLORET TURISME<\/strong>\u00a0 met \u00e0 sa disposition, l\u2019utilisateur s\u2019engage \u00e0 ne r\u00e9aliser aucune action susceptible d\u2019endommager ou d\u2019alt\u00e9rer les contenus du site, \u00e0 ne pas en perturber le bon fonctionnement, \u00e0 ne provoquer aucun type de probl\u00e8me technique, \u00e0 ne pas transf\u00e9rer d\u2019\u00e9l\u00e9ments susceptibles de contenir des virus informatiques ou d\u2019interf\u00e9rer ou intercepter le site, totalement ou partiellement, et \u00e0 ne pas intervenir ou alt\u00e9rer le courrier \u00e9lectronique d\u2019autres utilisateurs.<\/p>\r\n\r\n\r\n\r\n<p><strong>LLORET TURISME<\/strong>\u00a0d\u00e9cline toute responsabilit\u00e9 quant \u00e0 l\u2019utilisation inappropri\u00e9e du pr\u00e9sent portail ou de ses contenus ni des cons\u00e9quences que ladite utilisation pourrait engendrer. L\u2019impression et le t\u00e9l\u00e9chargement des contenus du site sont autoris\u00e9s dans les conditions suivantes\u00a0:<\/p>\r\n\r\n\r\n\r\n<ul class=\"wp-block-list\">\r\n<li>L\u2019utilisation des documents et des graphiques du site est exclusivement destin\u00e9e \u00e0 des fins personnelles. Leurs contenus ne pourront pas \u00eatre modifi\u00e9s.\u00a0<\/li>\r\n<li>Toute reproduction ou stockage sur d\u2019autres sites, syst\u00e8mes ou services \u00e9lectroniques \u2013publics ou priv\u00e9s\u2013 sans l\u2019autorisation \u00e9crite de<strong>\u00a0LLORET TURISME\u00a0est interdit<\/strong>.<\/li>\r\n<li>Toute utilisation ou pr\u00e9sentation du nom ou du logotype de\u00a0<strong>LLORET TURISME<\/strong>\u00a0 sans l\u2019autorisation \u00e9crite de<strong>\u00a0LLORET TURISME\u00a0est interdite<\/strong>.<\/li>\r\n<li>Une partie du site contient du mat\u00e9riel fourni \u00e0<strong>\u00a0LLORET TURISME<\/strong>\u00a0par des tiers. Ces derniers sont charg\u00e9s de veiller \u00e0 ce que le mat\u00e9riel propos\u00e9 inclus sur le site est conforme \u00e0 la l\u00e9gislation nationale et internationale.\u00a0<strong>LLORET TURISME<\/strong>\u00a0ne garantit pas l\u2019exactitude ni la correction dudit mat\u00e9riel et d\u00e9cline toute responsabilit\u00e9 en cas d\u2019erreur, omission ou inexactitude dudit mat\u00e9riel, d\u2019interpr\u00e9tation erron\u00e9e, de toute perte, contretemps, n\u00e9gligence ou dommage caus\u00e9 pour avoir fait confiance au mat\u00e9riel contenu sur le site, de probl\u00e8me ou pr\u00e9tendu probl\u00e8me survenu lors de la prestation des services pr\u00e9cit\u00e9s, ou en cas de faillite, liquidation ou cessation de l\u2019activit\u00e9 d\u2019une des entreprises, personnes physiques ou firmes mentionn\u00e9es. La confirmation de l\u2019exactitude et de la correction des informations incombe aux \u00e9tablissements concern\u00e9s.<\/li>\r\n<li><strong>LLORET TURISME<\/strong>\u00a0n\u2019assume aucune responsabilit\u00e9 en cas de dommages (y compris, \u00e0 titre non-limitatif, les dommages dus \u00e0 une perte de chiffre d\u2019affaires ou de b\u00e9n\u00e9fices) provoqu\u00e9 par un contrat, un dommage ou autre pr\u00e9judice d\u00e9riv\u00e9 de l\u2019utilisation ou de l\u2019incapacit\u00e9 d\u2019utiliser le site, par tout autre mat\u00e9riel contenu sur le site, ou par toute action ou d\u00e9cision prise \u00e0 la suite de l\u2019utilisation du pr\u00e9sent site ou d\u2019un autre.<\/li>\r\n<li><strong>LLORET TURISME<\/strong>\u00a0n\u2019assume aucune responsabilit\u00e9 quant aux contenus d\u2019autres sites dont les liens figurent sur le site de<strong>\u00a0LLORET TURISME<\/strong>. Lesdits liens sont fournis pour la facilit\u00e9 de l\u2019utilisateur sans garantie explicite ou implicite concernant les informations qu\u2019ils contiennent.<\/li>\r\n<\/ul>\r\n\r\n\r\n\r\n<p><strong>2. LIMITES DE RESPONSABILIT\u00c9<br \/>LLORET TURISME <\/strong>ne garantit pas que ses sites sont op\u00e9rationnels ni que leurs contenus sont complets, exacts et fiables \u00e0 tout moment.\u00a0<strong>LLORET TURISME<\/strong>\u00a0se r\u00e9serve le droit de modifier, \u00e0 tout moment et sans avis pr\u00e9alable, les contenus du pr\u00e9sent site ainsi que ses Conditions g\u00e9n\u00e9rales d\u2019acc\u00e8s.<\/p>\r\n\r\n\r\n\r\n<p>En cas de r\u00e9alisation d\u2019op\u00e9rations de maintenance, r\u00e9paration, mise \u00e0 jour ou am\u00e9lioration des services,\u00a0<strong>LLORET TURISME<\/strong>\u00a0a le droit de suspendre l\u2019acc\u00e8s au site temporairement et sans obligation d\u2019avis pr\u00e9alable et de se r\u00e9server le droit de prestation ou d\u2019annulation des services, sans pr\u00e9judice du fait qu\u2019elle veillera \u00e0 en informer les utilisateurs si les circonstances le permettent.<\/p>\r\n\r\n\r\n\r\n<p>Ainsi,\u00a0<strong>LLORET TURISME<\/strong>\u00a0d\u00e9cline toute responsabilit\u00e9 en cas de dommages et pr\u00e9judices d\u00e9riv\u00e9s du manque de disponibilit\u00e9 ou de continuit\u00e9 du fonctionnement du site et des services et de l\u2019utilit\u00e9 que les utilisateurs pourraient attribuer au site.<br \/>Sur son site, Lloret Turisme &#8211; Lloret Futur S.A. inclut toute une s\u00e9rie de liens vers des sites de ses clients et fournisseurs dans la seule intention de faire de la publicit\u00e9 pour les travaux r\u00e9alis\u00e9s \u00e0 leur demande. Lloret Turisme &#8211; Lloret Futur S.A. n\u2019assume aucune responsabilit\u00e9 concernant les informations commerciales contenues sur ces sites ou les services et pratiques li\u00e9s ou en rapport avec les sites associ\u00e9s.<\/p>\r\n\r\n\r\n\r\n<p><strong>3. POLITIQUE EN MATI\u00c8RE DE CONFIDENTIALIT\u00c9 ET DE COOKIES<\/strong><br \/>LLORET TURISME traite vos donn\u00e9es uniquement et exclusivement dans le cadre des services demand\u00e9s et de ses comp\u00e9tences conform\u00e9ment \u00e0 la l\u00e9gislation en vigueur en mati\u00e8re de protection des donn\u00e9es et de soci\u00e9t\u00e9 de l\u2019information. L\u2019utilisation des donn\u00e9es personnelles rev\u00eat un caract\u00e8re strictement confidentiel.<br \/>N&rsquo;h\u00e9sitez pas \u00e0 consulter comment nous traitons les donn\u00e9es au sein de notre Politique de confidentialit\u00e9.<br \/>Notre site utilise des cookies pour am\u00e9liorer le service prest\u00e9 aux utilisateurs. Les informations relatives aux cookies utilis\u00e9s et \u00e0 la mani\u00e8re de les d\u00e9sactiver sont disponibles au sein de notre Politique de cookies. <br \/><br \/><strong>4. AUTRES CONDITIONS<\/strong><br \/>Les pr\u00e9sentes Conditions g\u00e9n\u00e9rales d\u2019utilisation et toutes les relations \u00e9tablies entre l\u2019utilisateur et\u00a0<strong>LLORET TURISME<\/strong>\u00a0seront r\u00e9gies par la l\u00e9gislation espagnole. L\u2019utilisation du site implique l\u2019acceptation des Conditions g\u00e9n\u00e9rales d\u2019utilisation pr\u00e9cit\u00e9es.<\/p>\r\n\r\n\r\n\r\n<p>Le pr\u00e9sent site a \u00e9t\u00e9 cr\u00e9\u00e9 et mis en place par\u00a0<strong>LLORET TURISME<\/strong>.<\/p>\r\n\r\n\r\n\r\n<p>En cas de question, n\u2019h\u00e9sitez pas \u00e0 contacter\u00a0<strong>LLORET TURISME<\/strong>\u00a0\u00e0\u00a0<strong><a href=\"mailto:central-turisme@lloret.org\">central-turisme@lloret.org<\/a><\/strong>\u00a0ou au (+34) 972 365 788<\/p>\r\n\r\n\r\n\r\n<p><strong>5.- INFORMATIONS COMPL\u00c9MENTAIRES SUR LE TRAITEMENT DES DONN\u00c9ES PERSONNELLES.<\/strong><br \/>Si vous souhaitez avoir plus d&rsquo;informations sur les traitements de donn\u00e9es personnelles effectu\u00e9s par Lloret Futur, vous pouvez contacter le D\u00e9l\u00e9gu\u00e9 \u00e0 la Protection des Donn\u00e9es \u00e0 l&rsquo;adresse mail <a href=\"mailto:dpd@lloret.cat\">dpd@lloret.cat<\/a> ou par courrier \u00e0 l&rsquo;attention du D\u00e9l\u00e9gu\u00e9 \u00e0 la Protection des Donn\u00e9es au Lloret de Mairie de Mar, Pla\u00e7a de la Vila, 1 &#8211; 17310 Lloret de Mar.<\/p>\r\n","protected":false},"excerpt":{"rendered":"<p>INFORMATIONS G\u00c9N\u00c9RALES CONFORMES \u00c0 LA LOI RELATIVE AUX SERVICES DE LA SOCI\u00c9T\u00c9 DE L\u2019INFORMATION ET DU COMMERCE \u00c9LECTRONIQUE (LSSICE), LOI 34\/2002 DU 12 OCTOBRE. TITULARIT\u00c9 DU SITE Titulaire : Lloret Turisme, LLORET FUTUR, S.ASi\u00e8ge social : Av. Alegries, 3. 17310 &#8211; Lloret de MarT\u00e9l\u00e9phone : (+34) 972 365 788T\u00e9l\u00e9copie : (+34) 972 367 750Email :\u00a0central-turisme@lloret.catN\u00ba [&hellip;]<\/p>\n","protected":false},"author":12,"featured_media":0,"parent":0,"menu_order":0,"comment_status":"closed","ping_status":"open","template":"page-templates\/content-page.php","meta":{"_acf_changed":false,"content-type":"","footnotes":""},"class_list":["post-17122","page","type-page","status-publish","hentry"],"acf":{"banner_imatge":20026,"banner_titol":"","banner_subtitol":"Avis l\u00e9gal","botons_blanc_o_negres":"defecte","banner_links":null,"apartats":null},"yoast_head":"<!-- This site is optimized with the Yoast SEO plugin v27.5 - https:\/\/yoast.com\/product\/yoast-seo-wordpress\/ -->\n<title>Avis l\u00e9gal - Lloret de Mar<\/title>\n<meta name=\"description\" content=\"INFORMATIONS G\u00c9N\u00c9RALES CONFORMES \u00c0 LA LOI RELATIVE AUX SERVICES DE LA SOCI\u00c9T\u00c9 DE L\u2019INFORMATION ET DU COMMERCE \u00c9LECTRONIQUE (LSSICE), LOI 34\/2002 DU 12 OCTOBRE. TITULARIT\u00c9 DU SITE Titulaire : Lloret Turisme, LLORET FUTUR, S.ASi\u00e8ge social : Av. Alegries, 3. 17310 - Lloret de MarT\u00e9l\u00e9phone : (+34) 972 365 788T\u00e9l\u00e9copie : (+34) 972 367 750Email :\u00a0central-turisme@lloret.catN\u00ba\u2026\" \/>\n<meta name=\"robots\" content=\"noindex, nofollow\" \/>\n<meta property=\"og:locale\" content=\"fr_FR\" \/>\n<meta property=\"og:type\" content=\"article\" \/>\n<meta property=\"og:title\" content=\"Avis l\u00e9gal - Lloret de Mar\" \/>\n<meta property=\"og:description\" content=\"INFORMATIONS G\u00c9N\u00c9RALES CONFORMES \u00c0 LA LOI RELATIVE AUX SERVICES DE LA SOCI\u00c9T\u00c9 DE L\u2019INFORMATION ET DU COMMERCE \u00c9LECTRONIQUE (LSSICE), LOI 34\/2002 DU 12 OCTOBRE. TITULARIT\u00c9 DU SITE Titulaire : Lloret Turisme, LLORET FUTUR, S.ASi\u00e8ge social : Av. Alegries, 3. 17310 - Lloret de MarT\u00e9l\u00e9phone : (+34) 972 365 788T\u00e9l\u00e9copie : (+34) 972 367 750Email :\u00a0central-turisme@lloret.catN\u00ba\u2026\" \/>\n<meta property=\"og:url\" content=\"https:\/\/lloretdemar.org\/fr\/avis-legal\/\" \/>\n<meta property=\"og:site_name\" content=\"Lloret de Mar\" \/>\n<meta property=\"article:publisher\" content=\"https:\/\/www.facebook.com\/Lloretturisme\" \/>\n<meta property=\"article:modified_time\" content=\"2024-03-04T11:52:17+00:00\" \/>\n<meta property=\"og:image\" content=\"https:\/\/lloretdemar.org\/wp-content\/uploads\/2020\/09\/cap\u00e7alera.jpg\" \/>\n\t<meta property=\"og:image:width\" content=\"1920\" \/>\n\t<meta property=\"og:image:height\" content=\"885\" \/>\n\t<meta property=\"og:image:type\" content=\"image\/jpeg\" \/>\n<meta name=\"twitter:card\" content=\"summary_large_image\" \/>\n<meta name=\"twitter:site\" content=\"@lloretturisme\" \/>\n<meta name=\"twitter:label1\" content=\"Dur\u00e9e de lecture estim\u00e9e\" \/>\n\t<meta name=\"twitter:data1\" content=\"5 minutes\" \/>\n<script type=\"application\/ld+json\" class=\"yoast-schema-graph\">{\"@context\":\"https:\\\/\\\/schema.org\",\"@graph\":[{\"@type\":\"WebPage\",\"@id\":\"https:\\\/\\\/lloretdemar.org\\\/fr\\\/avis-legal\\\/\",\"url\":\"https:\\\/\\\/lloretdemar.org\\\/fr\\\/avis-legal\\\/\",\"name\":\"Avis l\u00e9gal - Lloret de Mar\",\"isPartOf\":{\"@id\":\"https:\\\/\\\/lloretdemar.org\\\/fr\\\/#website\"},\"datePublished\":\"2019-05-22T15:44:12+00:00\",\"dateModified\":\"2024-03-04T11:52:17+00:00\",\"description\":\"Lloret de Mar\",\"breadcrumb\":{\"@id\":\"https:\\\/\\\/lloretdemar.org\\\/fr\\\/avis-legal\\\/#breadcrumb\"},\"inLanguage\":\"fr-FR\",\"potentialAction\":[{\"@type\":\"ReadAction\",\"target\":[\"https:\\\/\\\/lloretdemar.org\\\/fr\\\/avis-legal\\\/\"]}]},{\"@type\":\"BreadcrumbList\",\"@id\":\"https:\\\/\\\/lloretdemar.org\\\/fr\\\/avis-legal\\\/#breadcrumb\",\"itemListElement\":[{\"@type\":\"ListItem\",\"position\":1,\"name\":\"Home\",\"item\":\"https:\\\/\\\/lloretdemar.org\\\/fr\\\/\"},{\"@type\":\"ListItem\",\"position\":2,\"name\":\"Avis l\u00e9gal\"}]},{\"@type\":\"WebSite\",\"@id\":\"https:\\\/\\\/lloretdemar.org\\\/fr\\\/#website\",\"url\":\"https:\\\/\\\/lloretdemar.org\\\/fr\\\/\",\"name\":\"Lloret de Mar\",\"description\":\"\",\"publisher\":{\"@id\":\"https:\\\/\\\/lloretdemar.org\\\/fr\\\/#organization\"},\"potentialAction\":[{\"@type\":\"SearchAction\",\"target\":{\"@type\":\"EntryPoint\",\"urlTemplate\":\"https:\\\/\\\/lloretdemar.org\\\/fr\\\/?s={search_term_string}\"},\"query-input\":{\"@type\":\"PropertyValueSpecification\",\"valueRequired\":true,\"valueName\":\"search_term_string\"}}],\"inLanguage\":\"fr-FR\"},{\"@type\":\"Organization\",\"@id\":\"https:\\\/\\\/lloretdemar.org\\\/fr\\\/#organization\",\"name\":\"Lloret de Mar\",\"url\":\"https:\\\/\\\/lloretdemar.org\\\/fr\\\/\",\"logo\":{\"@type\":\"ImageObject\",\"inLanguage\":\"fr-FR\",\"@id\":\"https:\\\/\\\/lloretdemar.org\\\/fr\\\/#\\\/schema\\\/logo\\\/image\\\/\",\"url\":\"https:\\\/\\\/lloretdemar.org\\\/wp-content\\\/uploads\\\/2020\\\/05\\\/lloret-de-mar-logo.png\",\"contentUrl\":\"https:\\\/\\\/lloretdemar.org\\\/wp-content\\\/uploads\\\/2020\\\/05\\\/lloret-de-mar-logo.png\",\"width\":87,\"height\":38,\"caption\":\"Lloret de Mar\"},\"image\":{\"@id\":\"https:\\\/\\\/lloretdemar.org\\\/fr\\\/#\\\/schema\\\/logo\\\/image\\\/\"},\"sameAs\":[\"https:\\\/\\\/www.facebook.com\\\/Lloretturisme\",\"https:\\\/\\\/x.com\\\/lloretturisme\",\"https:\\\/\\\/instagram.com\\\/lloretturisme\",\"https:\\\/\\\/www.youtube.com\\\/LloretTurisme\"]}]}<\/script>\n<!-- \/ Yoast SEO plugin. -->","yoast_head_json":{"title":"Avis l\u00e9gal - Lloret de Mar","description":"INFORMATIONS G\u00c9N\u00c9RALES CONFORMES \u00c0 LA LOI RELATIVE AUX SERVICES DE LA SOCI\u00c9T\u00c9 DE L\u2019INFORMATION ET DU COMMERCE \u00c9LECTRONIQUE (LSSICE), LOI 34\/2002 DU 12 OCTOBRE. TITULARIT\u00c9 DU SITE Titulaire : Lloret Turisme, LLORET FUTUR, S.ASi\u00e8ge social : Av. Alegries, 3. 17310 - Lloret de MarT\u00e9l\u00e9phone : (+34) 972 365 788T\u00e9l\u00e9copie : (+34) 972 367 750Email :\u00a0central-turisme@lloret.catN\u00ba\u2026","robots":{"index":"noindex","follow":"nofollow"},"og_locale":"fr_FR","og_type":"article","og_title":"Avis l\u00e9gal - Lloret de Mar","og_description":"INFORMATIONS G\u00c9N\u00c9RALES CONFORMES \u00c0 LA LOI RELATIVE AUX SERVICES DE LA SOCI\u00c9T\u00c9 DE L\u2019INFORMATION ET DU COMMERCE \u00c9LECTRONIQUE (LSSICE), LOI 34\/2002 DU 12 OCTOBRE. TITULARIT\u00c9 DU SITE Titulaire : Lloret Turisme, LLORET FUTUR, S.ASi\u00e8ge social : Av. Alegries, 3. 17310 - Lloret de MarT\u00e9l\u00e9phone : (+34) 972 365 788T\u00e9l\u00e9copie : (+34) 972 367 750Email :\u00a0central-turisme@lloret.catN\u00ba\u2026","og_url":"https:\/\/lloretdemar.org\/fr\/avis-legal\/","og_site_name":"Lloret de Mar","article_publisher":"https:\/\/www.facebook.com\/Lloretturisme","article_modified_time":"2024-03-04T11:52:17+00:00","og_image":[{"width":1920,"height":885,"url":"https:\/\/lloretdemar.org\/wp-content\/uploads\/2020\/09\/cap\u00e7alera.jpg","type":"image\/jpeg"}],"twitter_card":"summary_large_image","twitter_site":"@lloretturisme","twitter_misc":{"Dur\u00e9e de lecture estim\u00e9e":"5 minutes"},"schema":{"@context":"https:\/\/schema.org","@graph":[{"@type":"WebPage","@id":"https:\/\/lloretdemar.org\/fr\/avis-legal\/","url":"https:\/\/lloretdemar.org\/fr\/avis-legal\/","name":"Avis l\u00e9gal - Lloret de Mar","isPartOf":{"@id":"https:\/\/lloretdemar.org\/fr\/#website"},"datePublished":"2019-05-22T15:44:12+00:00","dateModified":"2024-03-04T11:52:17+00:00","description":"Lloret de Mar","breadcrumb":{"@id":"https:\/\/lloretdemar.org\/fr\/avis-legal\/#breadcrumb"},"inLanguage":"fr-FR","potentialAction":[{"@type":"ReadAction","target":["https:\/\/lloretdemar.org\/fr\/avis-legal\/"]}]},{"@type":"BreadcrumbList","@id":"https:\/\/lloretdemar.org\/fr\/avis-legal\/#breadcrumb","itemListElement":[{"@type":"ListItem","position":1,"name":"Home","item":"https:\/\/lloretdemar.org\/fr\/"},{"@type":"ListItem","position":2,"name":"Avis l\u00e9gal"}]},{"@type":"WebSite","@id":"https:\/\/lloretdemar.org\/fr\/#website","url":"https:\/\/lloretdemar.org\/fr\/","name":"Lloret de Mar","description":"","publisher":{"@id":"https:\/\/lloretdemar.org\/fr\/#organization"},"potentialAction":[{"@type":"SearchAction","target":{"@type":"EntryPoint","urlTemplate":"https:\/\/lloretdemar.org\/fr\/?s={search_term_string}"},"query-input":{"@type":"PropertyValueSpecification","valueRequired":true,"valueName":"search_term_string"}}],"inLanguage":"fr-FR"},{"@type":"Organization","@id":"https:\/\/lloretdemar.org\/fr\/#organization","name":"Lloret de Mar","url":"https:\/\/lloretdemar.org\/fr\/","logo":{"@type":"ImageObject","inLanguage":"fr-FR","@id":"https:\/\/lloretdemar.org\/fr\/#\/schema\/logo\/image\/","url":"https:\/\/lloretdemar.org\/wp-content\/uploads\/2020\/05\/lloret-de-mar-logo.png","contentUrl":"https:\/\/lloretdemar.org\/wp-content\/uploads\/2020\/05\/lloret-de-mar-logo.png","width":87,"height":38,"caption":"Lloret de Mar"},"image":{"@id":"https:\/\/lloretdemar.org\/fr\/#\/schema\/logo\/image\/"},"sameAs":["https:\/\/www.facebook.com\/Lloretturisme","https:\/\/x.com\/lloretturisme","https:\/\/instagram.com\/lloretturisme","https:\/\/www.youtube.com\/LloretTurisme"]}]}},"_links":{"self":[{"href":"https:\/\/lloretdemar.org\/fr\/wp-json\/wp\/v2\/pages\/17122","targetHints":{"allow":["GET"]}}],"collection":[{"href":"https:\/\/lloretdemar.org\/fr\/wp-json\/wp\/v2\/pages"}],"about":[{"href":"https:\/\/lloretdemar.org\/fr\/wp-json\/wp\/v2\/types\/page"}],"author":[{"embeddable":true,"href":"https:\/\/lloretdemar.org\/fr\/wp-json\/wp\/v2\/users\/12"}],"replies":[{"embeddable":true,"href":"https:\/\/lloretdemar.org\/fr\/wp-json\/wp\/v2\/comments?post=17122"}],"version-history":[{"count":2,"href":"https:\/\/lloretdemar.org\/fr\/wp-json\/wp\/v2\/pages\/17122\/revisions"}],"predecessor-version":[{"id":36149,"href":"https:\/\/lloretdemar.org\/fr\/wp-json\/wp\/v2\/pages\/17122\/revisions\/36149"}],"wp:attachment":[{"href":"https:\/\/lloretdemar.org\/fr\/wp-json\/wp\/v2\/media?parent=17122"}],"curies":[{"name":"wp","href":"https:\/\/api.w.org\/{rel}","templated":true}]}}