{"id":16085,"date":"2019-12-30T08:48:23","date_gmt":"2019-12-30T07:48:23","guid":{"rendered":"http:\/\/lloretdemar.org\/sobre-lloret-de-mar\/lloret-hub\/pobles-de-la-zona-volcanica-i-les-valls\/"},"modified":"2020-05-21T11:55:01","modified_gmt":"2020-05-21T09:55:01","slug":"villages-de-la-zone-volcanique-et-vallees","status":"publish","type":"page","link":"https:\/\/lloretdemar.org\/fr\/decouvrez-lloret-de-mar\/lloret-hub\/villages-de-la-zone-volcanique-et-vallees\/","title":{"rendered":"Villages de la zone volcanique et vall\u00e9es"},"content":{"rendered":"\n<p>Route circulaire de 210 km. D\u00e9part au bord de l\u2019un des plus grands lacs de la p\u00e9ninsule Ib\u00e9rique, puis excursion au c\u0153ur de la zone volcanique de La Garrotxa et du splendide paysage de La Fageda d\u2019en Jord\u00e0.<\/p>\n","protected":false},"excerpt":{"rendered":"<p>Route circulaire de 210 km. D\u00e9part au bord de l\u2019un des plus grands lacs de la p\u00e9ninsule Ib\u00e9rique, puis excursion au c\u0153ur de la zone volcanique de La Garrotxa et du splendide paysage de La Fageda d\u2019en Jord\u00e0.<\/p>\n","protected":false},"author":12,"featured_media":0,"parent":12284,"menu_order":0,"comment_status":"closed","ping_status":"closed","template":"page-templates\/hub1-13.php","meta":{"_acf_changed":false,"content-type":"","footnotes":""},"class_list":["post-16085","page","type-page","status-publish","hentry"],"acf":{"banner_imatge":"","banner_titol":"Villages de la zone volcanique et vall\u00e9es","banner_subtitol":"","botons_blanc_o_negres":"defecte","banner_links":null,"apartats":null,"galeria":[16079],"destacats":[{"poble":1232},{"poble":385},{"poble":468},{"poble":1235},{"poble":466},{"poble":480},{"poble":1233},{"poble":1234}],"fitxer_kmz":16109,"color":"hub_yellow","pdf":7211,"ocultar_mapa":"no","banner_planifica_imatge":16092,"banner_planifica_titol":"Vous avez pr\u00e9vu de venir \u00e0 Lloret de Mar?","banner_planifica_text":"Organisez votre s\u00e9jour \u00e0 Lloret de Mar","banner_planifica_link":{"title":"Planifiez votre voyage","url":"http:\/\/lloretdemar.org\/planifica-el-teu-viatge\/","target":""}},"yoast_head":"<!-- This site is optimized with the Yoast SEO plugin v27.5 - https:\/\/yoast.com\/product\/yoast-seo-wordpress\/ -->\n<title>Villages de la zone volcanique et vall\u00e9es - Lloret de Mar<\/title>\n<meta name=\"description\" content=\"Route circulaire de 210 km. D\u00e9part au bord de l\u2019un des plus grands lacs de la p\u00e9ninsule Ib\u00e9rique, puis excursion au c\u0153ur de la zone volcanique de La Garrotxa et du splendide paysage de La Fageda d\u2019en Jord\u00e0.\" \/>\n<meta name=\"robots\" content=\"index, follow, max-snippet:-1, max-image-preview:large, max-video-preview:-1\" \/>\n<link rel=\"canonical\" href=\"https:\/\/lloretdemar.org\/fr\/decouvrez-lloret-de-mar\/lloret-hub\/villages-de-la-zone-volcanique-et-vallees\/\" \/>\n<meta property=\"og:locale\" content=\"fr_FR\" \/>\n<meta property=\"og:type\" content=\"article\" \/>\n<meta property=\"og:title\" content=\"Villages de la zone volcanique et vall\u00e9es - Lloret de Mar\" \/>\n<meta property=\"og:description\" content=\"Route circulaire de 210 km. D\u00e9part au bord de l\u2019un des plus grands lacs de la p\u00e9ninsule Ib\u00e9rique, puis excursion au c\u0153ur de la zone volcanique de La Garrotxa et du splendide paysage de La Fageda d\u2019en Jord\u00e0.\" \/>\n<meta property=\"og:url\" content=\"https:\/\/lloretdemar.org\/fr\/decouvrez-lloret-de-mar\/lloret-hub\/villages-de-la-zone-volcanique-et-vallees\/\" \/>\n<meta property=\"og:site_name\" content=\"Lloret de Mar\" \/>\n<meta property=\"article:publisher\" content=\"https:\/\/www.facebook.com\/Lloretturisme\" \/>\n<meta property=\"article:modified_time\" content=\"2020-05-21T09:55:01+00:00\" \/>\n<meta property=\"og:image\" content=\"https:\/\/lloretdemar.org\/wp-content\/uploads\/2020\/02\/slide-04.jpg\" \/>\n\t<meta property=\"og:image:width\" content=\"1920\" \/>\n\t<meta property=\"og:image:height\" content=\"885\" \/>\n\t<meta property=\"og:image:type\" content=\"image\/jpeg\" \/>\n<meta name=\"twitter:card\" content=\"summary_large_image\" \/>\n<meta name=\"twitter:site\" content=\"@lloretturisme\" \/>\n<script type=\"application\/ld+json\" class=\"yoast-schema-graph\">{\"@context\":\"https:\\\/\\\/schema.org\",\"@graph\":[{\"@type\":\"WebPage\",\"@id\":\"https:\\\/\\\/lloretdemar.org\\\/fr\\\/decouvrez-lloret-de-mar\\\/lloret-hub\\\/villages-de-la-zone-volcanique-et-vallees\\\/\",\"url\":\"https:\\\/\\\/lloretdemar.org\\\/fr\\\/decouvrez-lloret-de-mar\\\/lloret-hub\\\/villages-de-la-zone-volcanique-et-vallees\\\/\",\"name\":\"Villages de la zone volcanique et vall\u00e9es - Lloret de Mar\",\"isPartOf\":{\"@id\":\"https:\\\/\\\/lloretdemar.org\\\/fr\\\/#website\"},\"datePublished\":\"2019-12-30T07:48:23+00:00\",\"dateModified\":\"2020-05-21T09:55:01+00:00\",\"description\":\"Lloret de Mar\",\"breadcrumb\":{\"@id\":\"https:\\\/\\\/lloretdemar.org\\\/fr\\\/decouvrez-lloret-de-mar\\\/lloret-hub\\\/villages-de-la-zone-volcanique-et-vallees\\\/#breadcrumb\"},\"inLanguage\":\"fr-FR\",\"potentialAction\":[{\"@type\":\"ReadAction\",\"target\":[\"https:\\\/\\\/lloretdemar.org\\\/fr\\\/decouvrez-lloret-de-mar\\\/lloret-hub\\\/villages-de-la-zone-volcanique-et-vallees\\\/\"]}]},{\"@type\":\"BreadcrumbList\",\"@id\":\"https:\\\/\\\/lloretdemar.org\\\/fr\\\/decouvrez-lloret-de-mar\\\/lloret-hub\\\/villages-de-la-zone-volcanique-et-vallees\\\/#breadcrumb\",\"itemListElement\":[{\"@type\":\"ListItem\",\"position\":1,\"name\":\"Home\",\"item\":\"https:\\\/\\\/lloretdemar.org\\\/fr\\\/\"},{\"@type\":\"ListItem\",\"position\":2,\"name\":\"D\u00e9couvrez Lloret de Mar\",\"item\":\"https:\\\/\\\/lloretdemar.org\\\/fr\\\/decouvrez-lloret-de-mar\\\/\"},{\"@type\":\"ListItem\",\"position\":3,\"name\":\"Lloret Hub\",\"item\":\"https:\\\/\\\/lloretdemar.org\\\/fr\\\/decouvrez-lloret-de-mar\\\/lloret-hub\\\/\"},{\"@type\":\"ListItem\",\"position\":4,\"name\":\"Villages de la zone volcanique et vall\u00e9es\"}]},{\"@type\":\"WebSite\",\"@id\":\"https:\\\/\\\/lloretdemar.org\\\/fr\\\/#website\",\"url\":\"https:\\\/\\\/lloretdemar.org\\\/fr\\\/\",\"name\":\"Lloret de Mar\",\"description\":\"\",\"publisher\":{\"@id\":\"https:\\\/\\\/lloretdemar.org\\\/fr\\\/#organization\"},\"potentialAction\":[{\"@type\":\"SearchAction\",\"target\":{\"@type\":\"EntryPoint\",\"urlTemplate\":\"https:\\\/\\\/lloretdemar.org\\\/fr\\\/?s={search_term_string}\"},\"query-input\":{\"@type\":\"PropertyValueSpecification\",\"valueRequired\":true,\"valueName\":\"search_term_string\"}}],\"inLanguage\":\"fr-FR\"},{\"@type\":\"Organization\",\"@id\":\"https:\\\/\\\/lloretdemar.org\\\/fr\\\/#organization\",\"name\":\"Lloret de Mar\",\"url\":\"https:\\\/\\\/lloretdemar.org\\\/fr\\\/\",\"logo\":{\"@type\":\"ImageObject\",\"inLanguage\":\"fr-FR\",\"@id\":\"https:\\\/\\\/lloretdemar.org\\\/fr\\\/#\\\/schema\\\/logo\\\/image\\\/\",\"url\":\"https:\\\/\\\/lloretdemar.org\\\/wp-content\\\/uploads\\\/2020\\\/05\\\/lloret-de-mar-logo.png\",\"contentUrl\":\"https:\\\/\\\/lloretdemar.org\\\/wp-content\\\/uploads\\\/2020\\\/05\\\/lloret-de-mar-logo.png\",\"width\":87,\"height\":38,\"caption\":\"Lloret de Mar\"},\"image\":{\"@id\":\"https:\\\/\\\/lloretdemar.org\\\/fr\\\/#\\\/schema\\\/logo\\\/image\\\/\"},\"sameAs\":[\"https:\\\/\\\/www.facebook.com\\\/Lloretturisme\",\"https:\\\/\\\/x.com\\\/lloretturisme\",\"https:\\\/\\\/instagram.com\\\/lloretturisme\",\"https:\\\/\\\/www.youtube.com\\\/LloretTurisme\"]}]}<\/script>\n<!-- \/ Yoast SEO plugin. -->","yoast_head_json":{"title":"Villages de la zone volcanique et vall\u00e9es - Lloret de Mar","description":"Route circulaire de 210 km. D\u00e9part au bord de l\u2019un des plus grands lacs de la p\u00e9ninsule Ib\u00e9rique, puis excursion au c\u0153ur de la zone volcanique de La Garrotxa et du splendide paysage de La Fageda d\u2019en Jord\u00e0.","robots":{"index":"index","follow":"follow","max-snippet":"max-snippet:-1","max-image-preview":"max-image-preview:large","max-video-preview":"max-video-preview:-1"},"canonical":"https:\/\/lloretdemar.org\/fr\/decouvrez-lloret-de-mar\/lloret-hub\/villages-de-la-zone-volcanique-et-vallees\/","og_locale":"fr_FR","og_type":"article","og_title":"Villages de la zone volcanique et vall\u00e9es - Lloret de Mar","og_description":"Route circulaire de 210 km. D\u00e9part au bord de l\u2019un des plus grands lacs de la p\u00e9ninsule Ib\u00e9rique, puis excursion au c\u0153ur de la zone volcanique de La Garrotxa et du splendide paysage de La Fageda d\u2019en Jord\u00e0.","og_url":"https:\/\/lloretdemar.org\/fr\/decouvrez-lloret-de-mar\/lloret-hub\/villages-de-la-zone-volcanique-et-vallees\/","og_site_name":"Lloret de Mar","article_publisher":"https:\/\/www.facebook.com\/Lloretturisme","article_modified_time":"2020-05-21T09:55:01+00:00","og_image":[{"width":1920,"height":885,"url":"https:\/\/lloretdemar.org\/wp-content\/uploads\/2020\/02\/slide-04.jpg","type":"image\/jpeg"}],"twitter_card":"summary_large_image","twitter_site":"@lloretturisme","schema":{"@context":"https:\/\/schema.org","@graph":[{"@type":"WebPage","@id":"https:\/\/lloretdemar.org\/fr\/decouvrez-lloret-de-mar\/lloret-hub\/villages-de-la-zone-volcanique-et-vallees\/","url":"https:\/\/lloretdemar.org\/fr\/decouvrez-lloret-de-mar\/lloret-hub\/villages-de-la-zone-volcanique-et-vallees\/","name":"Villages de la zone volcanique et vall\u00e9es - Lloret de Mar","isPartOf":{"@id":"https:\/\/lloretdemar.org\/fr\/#website"},"datePublished":"2019-12-30T07:48:23+00:00","dateModified":"2020-05-21T09:55:01+00:00","description":"Lloret de Mar","breadcrumb":{"@id":"https:\/\/lloretdemar.org\/fr\/decouvrez-lloret-de-mar\/lloret-hub\/villages-de-la-zone-volcanique-et-vallees\/#breadcrumb"},"inLanguage":"fr-FR","potentialAction":[{"@type":"ReadAction","target":["https:\/\/lloretdemar.org\/fr\/decouvrez-lloret-de-mar\/lloret-hub\/villages-de-la-zone-volcanique-et-vallees\/"]}]},{"@type":"BreadcrumbList","@id":"https:\/\/lloretdemar.org\/fr\/decouvrez-lloret-de-mar\/lloret-hub\/villages-de-la-zone-volcanique-et-vallees\/#breadcrumb","itemListElement":[{"@type":"ListItem","position":1,"name":"Home","item":"https:\/\/lloretdemar.org\/fr\/"},{"@type":"ListItem","position":2,"name":"D\u00e9couvrez Lloret de Mar","item":"https:\/\/lloretdemar.org\/fr\/decouvrez-lloret-de-mar\/"},{"@type":"ListItem","position":3,"name":"Lloret Hub","item":"https:\/\/lloretdemar.org\/fr\/decouvrez-lloret-de-mar\/lloret-hub\/"},{"@type":"ListItem","position":4,"name":"Villages de la zone volcanique et vall\u00e9es"}]},{"@type":"WebSite","@id":"https:\/\/lloretdemar.org\/fr\/#website","url":"https:\/\/lloretdemar.org\/fr\/","name":"Lloret de Mar","description":"","publisher":{"@id":"https:\/\/lloretdemar.org\/fr\/#organization"},"potentialAction":[{"@type":"SearchAction","target":{"@type":"EntryPoint","urlTemplate":"https:\/\/lloretdemar.org\/fr\/?s={search_term_string}"},"query-input":{"@type":"PropertyValueSpecification","valueRequired":true,"valueName":"search_term_string"}}],"inLanguage":"fr-FR"},{"@type":"Organization","@id":"https:\/\/lloretdemar.org\/fr\/#organization","name":"Lloret de Mar","url":"https:\/\/lloretdemar.org\/fr\/","logo":{"@type":"ImageObject","inLanguage":"fr-FR","@id":"https:\/\/lloretdemar.org\/fr\/#\/schema\/logo\/image\/","url":"https:\/\/lloretdemar.org\/wp-content\/uploads\/2020\/05\/lloret-de-mar-logo.png","contentUrl":"https:\/\/lloretdemar.org\/wp-content\/uploads\/2020\/05\/lloret-de-mar-logo.png","width":87,"height":38,"caption":"Lloret de Mar"},"image":{"@id":"https:\/\/lloretdemar.org\/fr\/#\/schema\/logo\/image\/"},"sameAs":["https:\/\/www.facebook.com\/Lloretturisme","https:\/\/x.com\/lloretturisme","https:\/\/instagram.com\/lloretturisme","https:\/\/www.youtube.com\/LloretTurisme"]}]}},"_links":{"self":[{"href":"https:\/\/lloretdemar.org\/fr\/wp-json\/wp\/v2\/pages\/16085","targetHints":{"allow":["GET"]}}],"collection":[{"href":"https:\/\/lloretdemar.org\/fr\/wp-json\/wp\/v2\/pages"}],"about":[{"href":"https:\/\/lloretdemar.org\/fr\/wp-json\/wp\/v2\/types\/page"}],"author":[{"embeddable":true,"href":"https:\/\/lloretdemar.org\/fr\/wp-json\/wp\/v2\/users\/12"}],"replies":[{"embeddable":true,"href":"https:\/\/lloretdemar.org\/fr\/wp-json\/wp\/v2\/comments?post=16085"}],"version-history":[{"count":0,"href":"https:\/\/lloretdemar.org\/fr\/wp-json\/wp\/v2\/pages\/16085\/revisions"}],"up":[{"embeddable":true,"href":"https:\/\/lloretdemar.org\/fr\/wp-json\/wp\/v2\/pages\/12284"}],"acf:attachment":[{"embeddable":true,"href":"https:\/\/lloretdemar.org\/fr\/wp-json\/wp\/v2\/media\/16079"}],"wp:attachment":[{"href":"https:\/\/lloretdemar.org\/fr\/wp-json\/wp\/v2\/media?parent=16085"}],"curies":[{"name":"wp","href":"https:\/\/api.w.org\/{rel}","templated":true}]}}