{"id":14379,"date":"2020-03-30T13:53:55","date_gmt":"2020-03-30T11:53:55","guid":{"rendered":"http:\/\/lloretdemar.org\/esdeveniments\/"},"modified":"2024-09-24T10:06:48","modified_gmt":"2024-09-24T08:06:48","slug":"evenements-a-ne-pas-manquer","status":"publish","type":"page","link":"https:\/\/lloretdemar.org\/fr\/evenements-a-ne-pas-manquer\/","title":{"rendered":"\u00c9v\u00e9nements \u00e0 ne pas manquer"},"content":{"rendered":"","protected":false},"excerpt":{"rendered":"","protected":false},"author":3,"featured_media":0,"parent":0,"menu_order":0,"comment_status":"closed","ping_status":"closed","template":"page-templates\/mouret-15.php","meta":{"_acf_changed":false,"content-type":"","footnotes":""},"class_list":["post-14379","page","type-page","status-publish","hentry"],"acf":{"banner_imatge":9710,"banner_titol":"\u00c9v\u00e9nements \u00e0 ne pas manquer","banner_subtitol":"","botons_blanc_o_negres":"defecte","banner_links":[{"es_post":false,"banner_link":{"title":"Lloret Outdoor Summer Festival","url":"https:\/\/lloretdemar.org\/activitat\/lloret-outdoor-summer-festival\/","target":""},"link_intern":"","link_intern_titol":"Som de Mar"},{"es_post":false,"banner_link":{"title":"Clon Festival","url":"https:\/\/lloretdemar.org\/activitat\/clon-festival\/","target":""},"link_intern":null,"link_intern_titol":""},{"es_post":false,"banner_link":{"title":"Foire des Am\u00e9ricains","url":"https:\/\/lloretdemar.org\/fr\/evenements-a-ne-pas-manquer\/","target":""},"link_intern":null,"link_intern_titol":""},{"es_post":false,"banner_link":{"title":"Foire m\u00e9di\u00e9vale","url":"https:\/\/lloretdemar.org\/fr\/evenements-a-ne-pas-manquer\/","target":""},"link_intern":null,"link_intern_titol":""},{"es_post":false,"banner_link":{"title":"Carnaval","url":"https:\/\/lloretdemar.org\/fr\/evenements-a-ne-pas-manquer\/","target":""},"link_intern":null,"link_intern_titol":""}],"blocs":[{"titol":"Lloret Outdoor  Summer Festival","descripcio":"Chaque \u00e9t\u00e9, profitez de la diversit\u00e9 des activit\u00e9s propos\u00e9es par le Lloret Outdoor Summer Festival, un festival en plein air avec des spectacles gratuits.","imatge":9689,"es_enllac_intern_o_extern":"intern","link_intern":{"title":"Plus d'informations","url":"http:\/\/lloretdemar.org\/activitat\/lloret-outdoor-summer-festival\/","target":""},"link_extern":"","link_extern_text":""},{"titol":"Clon Festival","descripcio":"Chaque ann\u00e9e, Lloret de Mar accueille le festival de musique d'\u00e9t\u00e9 par excellence, le Clon Festival!","imatge":9563,"es_enllac_intern_o_extern":"intern","link_intern":{"title":"Plus d'informations","url":"http:\/\/lloretdemar.org\/activitat\/clon-festival\/","target":""},"link_extern":"","link_extern_text":""},{"titol":"Foire des Am\u00e9ricains","descripcio":"Lloret de Mar a h\u00e9rit\u00e9 d\u2019un important patrimoine historique, culturel et social issu des indianos. La foire des indianos a pour but de faire voyager les visiteurs dans le pass\u00e9 pendant quelques jours afin de rappeler la vie des citoyens de l\u2019\u00e9poque, \u00e0 travers des d\u00e9monstrations de m\u00e9tiers, des animations th\u00e9\u00e2trales, des march\u00e9s artisanaux, des expositions de produits d\u2019outre-mer, des visites guid\u00e9es destin\u00e9es \u00e0 d\u00e9voiler le patrimoine artistique h\u00e9rit\u00e9 des indianos, des concerts, des d\u00e9gustations de rhum et des ateliers de daiquiris.","imatge":16951,"es_enllac_intern_o_extern":"intern","link_intern":"","link_extern":"","link_extern_text":""},{"titol":"Foire m\u00e9di\u00e9vale","descripcio":"Pendant la Foire m\u00e9di\u00e9vale, Lloret replonge au temps du Moyen-\u00c2ge et son centre historique se remplit de cabanons, d\u2019artisans et de marchands, le tout dans une ambiance d\u2019\u00e9poque pleine de spectacles de cirque, de magie et de musique.\r\n\r\nEn novembre, venez d\u00e9couvrir la Foire m\u00e9di\u00e9vale qui signale le d\u00e9part de la F\u00eate patronale de Saint-Romain, et vous plonger dans l\u2019histoire de Lloret.","imatge":7088,"es_enllac_intern_o_extern":"intern","link_intern":"","link_extern":"","link_extern_text":""},{"titol":"Carnaval","descripcio":"Une fois par ann\u00e9e, Lloret de Mar se pare de mille et une couleurs, d\u2019animation et de bonne humeur. L\u2019heure du grand Carnaval a sonn\u00e9. Si vous aimez les d\u00e9fil\u00e9s, les d\u00e9guisements, la f\u00eate et la musique, ne manquez pas le Carnaval de Lloret !\r\n\r\nSa Majest\u00e9 le Carnaval arrive le vendredi soir pour prendre possession du b\u00e2ton de commandement de la municipalit\u00e9. Une fois que la f\u00eate et l\u2019amusement se seront empar\u00e9s de\r\n\r\nLloret, rien de tel qu\u2019une saucisse aux f\u00e8ves arros\u00e9e de vin pour bien commencer les f\u00eates du Carnaval.\r\n\r\nParcourez les rues de Lloret le jour du Carnaval pour admirer les plus beaux d\u00e9guisements.","imatge":9661,"es_enllac_intern_o_extern":"intern","link_intern":"","link_extern":"","link_extern_text":""}],"titol_boto":"","document":"","apartats":null},"yoast_head":"<!-- This site is optimized with the Yoast SEO plugin v27.5 - https:\/\/yoast.com\/product\/yoast-seo-wordpress\/ -->\n<title>\u00c9v\u00e9nements \u00e0 ne pas manquer - Lloret de Mar<\/title>\n<meta name=\"robots\" content=\"index, follow, max-snippet:-1, max-image-preview:large, max-video-preview:-1\" \/>\n<link rel=\"canonical\" href=\"https:\/\/lloretdemar.org\/fr\/evenements-a-ne-pas-manquer\/\" \/>\n<meta property=\"og:locale\" content=\"fr_FR\" \/>\n<meta property=\"og:type\" content=\"article\" \/>\n<meta property=\"og:title\" content=\"\u00c9v\u00e9nements \u00e0 ne pas manquer - Lloret de Mar\" \/>\n<meta property=\"og:url\" content=\"https:\/\/lloretdemar.org\/fr\/evenements-a-ne-pas-manquer\/\" \/>\n<meta property=\"og:site_name\" content=\"Lloret de Mar\" \/>\n<meta property=\"article:publisher\" content=\"https:\/\/www.facebook.com\/Lloretturisme\" \/>\n<meta property=\"article:modified_time\" content=\"2024-09-24T08:06:48+00:00\" \/>\n<meta property=\"og:image\" content=\"https:\/\/lloretdemar.org\/wp-content\/uploads\/2020\/03\/Americanos00014.jpg\" \/>\n\t<meta property=\"og:image:width\" content=\"1920\" \/>\n\t<meta property=\"og:image:height\" content=\"885\" \/>\n\t<meta property=\"og:image:type\" content=\"image\/jpeg\" \/>\n<meta name=\"twitter:card\" content=\"summary_large_image\" \/>\n<meta name=\"twitter:site\" content=\"@lloretturisme\" \/>\n<script type=\"application\/ld+json\" class=\"yoast-schema-graph\">{\"@context\":\"https:\\\/\\\/schema.org\",\"@graph\":[{\"@type\":\"WebPage\",\"@id\":\"https:\\\/\\\/lloretdemar.org\\\/fr\\\/evenements-a-ne-pas-manquer\\\/\",\"url\":\"https:\\\/\\\/lloretdemar.org\\\/fr\\\/evenements-a-ne-pas-manquer\\\/\",\"name\":\"\u00c9v\u00e9nements \u00e0 ne pas manquer - Lloret de Mar\",\"isPartOf\":{\"@id\":\"https:\\\/\\\/lloretdemar.org\\\/fr\\\/#website\"},\"datePublished\":\"2020-03-30T11:53:55+00:00\",\"dateModified\":\"2024-09-24T08:06:48+00:00\",\"description\":\"Lloret de Mar\",\"breadcrumb\":{\"@id\":\"https:\\\/\\\/lloretdemar.org\\\/fr\\\/evenements-a-ne-pas-manquer\\\/#breadcrumb\"},\"inLanguage\":\"fr-FR\",\"potentialAction\":[{\"@type\":\"ReadAction\",\"target\":[\"https:\\\/\\\/lloretdemar.org\\\/fr\\\/evenements-a-ne-pas-manquer\\\/\"]}]},{\"@type\":\"BreadcrumbList\",\"@id\":\"https:\\\/\\\/lloretdemar.org\\\/fr\\\/evenements-a-ne-pas-manquer\\\/#breadcrumb\",\"itemListElement\":[{\"@type\":\"ListItem\",\"position\":1,\"name\":\"Home\",\"item\":\"https:\\\/\\\/lloretdemar.org\\\/fr\\\/\"},{\"@type\":\"ListItem\",\"position\":2,\"name\":\"\u00c9v\u00e9nements \u00e0 ne pas manquer\"}]},{\"@type\":\"WebSite\",\"@id\":\"https:\\\/\\\/lloretdemar.org\\\/fr\\\/#website\",\"url\":\"https:\\\/\\\/lloretdemar.org\\\/fr\\\/\",\"name\":\"Lloret de Mar\",\"description\":\"\",\"publisher\":{\"@id\":\"https:\\\/\\\/lloretdemar.org\\\/fr\\\/#organization\"},\"potentialAction\":[{\"@type\":\"SearchAction\",\"target\":{\"@type\":\"EntryPoint\",\"urlTemplate\":\"https:\\\/\\\/lloretdemar.org\\\/fr\\\/?s={search_term_string}\"},\"query-input\":{\"@type\":\"PropertyValueSpecification\",\"valueRequired\":true,\"valueName\":\"search_term_string\"}}],\"inLanguage\":\"fr-FR\"},{\"@type\":\"Organization\",\"@id\":\"https:\\\/\\\/lloretdemar.org\\\/fr\\\/#organization\",\"name\":\"Lloret de Mar\",\"url\":\"https:\\\/\\\/lloretdemar.org\\\/fr\\\/\",\"logo\":{\"@type\":\"ImageObject\",\"inLanguage\":\"fr-FR\",\"@id\":\"https:\\\/\\\/lloretdemar.org\\\/fr\\\/#\\\/schema\\\/logo\\\/image\\\/\",\"url\":\"https:\\\/\\\/lloretdemar.org\\\/wp-content\\\/uploads\\\/2020\\\/05\\\/lloret-de-mar-logo.png\",\"contentUrl\":\"https:\\\/\\\/lloretdemar.org\\\/wp-content\\\/uploads\\\/2020\\\/05\\\/lloret-de-mar-logo.png\",\"width\":87,\"height\":38,\"caption\":\"Lloret de Mar\"},\"image\":{\"@id\":\"https:\\\/\\\/lloretdemar.org\\\/fr\\\/#\\\/schema\\\/logo\\\/image\\\/\"},\"sameAs\":[\"https:\\\/\\\/www.facebook.com\\\/Lloretturisme\",\"https:\\\/\\\/x.com\\\/lloretturisme\",\"https:\\\/\\\/instagram.com\\\/lloretturisme\",\"https:\\\/\\\/www.youtube.com\\\/LloretTurisme\"]}]}<\/script>\n<!-- \/ Yoast SEO plugin. -->","yoast_head_json":{"title":"\u00c9v\u00e9nements \u00e0 ne pas manquer - Lloret de Mar","robots":{"index":"index","follow":"follow","max-snippet":"max-snippet:-1","max-image-preview":"max-image-preview:large","max-video-preview":"max-video-preview:-1"},"canonical":"https:\/\/lloretdemar.org\/fr\/evenements-a-ne-pas-manquer\/","og_locale":"fr_FR","og_type":"article","og_title":"\u00c9v\u00e9nements \u00e0 ne pas manquer - Lloret de Mar","og_url":"https:\/\/lloretdemar.org\/fr\/evenements-a-ne-pas-manquer\/","og_site_name":"Lloret de Mar","article_publisher":"https:\/\/www.facebook.com\/Lloretturisme","article_modified_time":"2024-09-24T08:06:48+00:00","og_image":[{"width":1920,"height":885,"url":"https:\/\/lloretdemar.org\/wp-content\/uploads\/2020\/03\/Americanos00014.jpg","type":"image\/jpeg"}],"twitter_card":"summary_large_image","twitter_site":"@lloretturisme","schema":{"@context":"https:\/\/schema.org","@graph":[{"@type":"WebPage","@id":"https:\/\/lloretdemar.org\/fr\/evenements-a-ne-pas-manquer\/","url":"https:\/\/lloretdemar.org\/fr\/evenements-a-ne-pas-manquer\/","name":"\u00c9v\u00e9nements \u00e0 ne pas manquer - Lloret de Mar","isPartOf":{"@id":"https:\/\/lloretdemar.org\/fr\/#website"},"datePublished":"2020-03-30T11:53:55+00:00","dateModified":"2024-09-24T08:06:48+00:00","description":"Lloret de Mar","breadcrumb":{"@id":"https:\/\/lloretdemar.org\/fr\/evenements-a-ne-pas-manquer\/#breadcrumb"},"inLanguage":"fr-FR","potentialAction":[{"@type":"ReadAction","target":["https:\/\/lloretdemar.org\/fr\/evenements-a-ne-pas-manquer\/"]}]},{"@type":"BreadcrumbList","@id":"https:\/\/lloretdemar.org\/fr\/evenements-a-ne-pas-manquer\/#breadcrumb","itemListElement":[{"@type":"ListItem","position":1,"name":"Home","item":"https:\/\/lloretdemar.org\/fr\/"},{"@type":"ListItem","position":2,"name":"\u00c9v\u00e9nements \u00e0 ne pas manquer"}]},{"@type":"WebSite","@id":"https:\/\/lloretdemar.org\/fr\/#website","url":"https:\/\/lloretdemar.org\/fr\/","name":"Lloret de Mar","description":"","publisher":{"@id":"https:\/\/lloretdemar.org\/fr\/#organization"},"potentialAction":[{"@type":"SearchAction","target":{"@type":"EntryPoint","urlTemplate":"https:\/\/lloretdemar.org\/fr\/?s={search_term_string}"},"query-input":{"@type":"PropertyValueSpecification","valueRequired":true,"valueName":"search_term_string"}}],"inLanguage":"fr-FR"},{"@type":"Organization","@id":"https:\/\/lloretdemar.org\/fr\/#organization","name":"Lloret de Mar","url":"https:\/\/lloretdemar.org\/fr\/","logo":{"@type":"ImageObject","inLanguage":"fr-FR","@id":"https:\/\/lloretdemar.org\/fr\/#\/schema\/logo\/image\/","url":"https:\/\/lloretdemar.org\/wp-content\/uploads\/2020\/05\/lloret-de-mar-logo.png","contentUrl":"https:\/\/lloretdemar.org\/wp-content\/uploads\/2020\/05\/lloret-de-mar-logo.png","width":87,"height":38,"caption":"Lloret de Mar"},"image":{"@id":"https:\/\/lloretdemar.org\/fr\/#\/schema\/logo\/image\/"},"sameAs":["https:\/\/www.facebook.com\/Lloretturisme","https:\/\/x.com\/lloretturisme","https:\/\/instagram.com\/lloretturisme","https:\/\/www.youtube.com\/LloretTurisme"]}]}},"_links":{"self":[{"href":"https:\/\/lloretdemar.org\/fr\/wp-json\/wp\/v2\/pages\/14379","targetHints":{"allow":["GET"]}}],"collection":[{"href":"https:\/\/lloretdemar.org\/fr\/wp-json\/wp\/v2\/pages"}],"about":[{"href":"https:\/\/lloretdemar.org\/fr\/wp-json\/wp\/v2\/types\/page"}],"author":[{"embeddable":true,"href":"https:\/\/lloretdemar.org\/fr\/wp-json\/wp\/v2\/users\/3"}],"replies":[{"embeddable":true,"href":"https:\/\/lloretdemar.org\/fr\/wp-json\/wp\/v2\/comments?post=14379"}],"version-history":[{"count":1,"href":"https:\/\/lloretdemar.org\/fr\/wp-json\/wp\/v2\/pages\/14379\/revisions"}],"predecessor-version":[{"id":37828,"href":"https:\/\/lloretdemar.org\/fr\/wp-json\/wp\/v2\/pages\/14379\/revisions\/37828"}],"wp:attachment":[{"href":"https:\/\/lloretdemar.org\/fr\/wp-json\/wp\/v2\/media?parent=14379"}],"curies":[{"name":"wp","href":"https:\/\/api.w.org\/{rel}","templated":true}]}}