{"id":14364,"date":"2020-03-30T13:33:49","date_gmt":"2020-03-30T11:33:49","guid":{"rendered":"http:\/\/lloretdemar.org\/festes-populars\/"},"modified":"2020-11-03T09:42:12","modified_gmt":"2020-11-03T08:42:12","slug":"fetes-populaires","status":"publish","type":"page","link":"https:\/\/lloretdemar.org\/fr\/evenements-a-ne-pas-manquer\/fetes-populaires\/","title":{"rendered":"F\u00eates populaires"},"content":{"rendered":"","protected":false},"excerpt":{"rendered":"","protected":false},"author":3,"featured_media":0,"parent":14379,"menu_order":0,"comment_status":"closed","ping_status":"closed","template":"page-templates\/mouret-15.php","meta":{"_acf_changed":false,"content-type":"","footnotes":""},"class_list":["post-14364","page","type-page","status-publish","hentry"],"acf":{"banner_imatge":7120,"banner_titol":"F\u00eates populaires","banner_subtitol":"","botons_blanc_o_negres":"defecte","banner_links":[{"es_post":false,"banner_link":{"title":"Santa Cristina, la f\u00eate patronale d\u2019\u00e9t\u00e9 de Lloret","url":"https:\/\/lloretdemar.org\/activitat\/santa-cristina-la-festa-major-destiu-de-lloret\/","target":""},"link_intern":null,"link_intern_titol":""},{"es_post":false,"banner_link":{"title":"Procession du pardon","url":"http:\/\/www.xinoxano.org\/ca\/activitats\/anada-a-laplec-dels-perdons","target":""},"link_intern":null,"link_intern_titol":""},{"es_post":false,"banner_link":{"title":"F\u00eate des fleurs \u00e0 la Chapelle de les Alegries","url":"https:\/\/lloretdemar.org\/fr\/evenements-a-ne-pas-manquer\/fetes-populaires\/","target":""},"link_intern":null,"link_intern_titol":""},{"es_post":false,"banner_link":{"title":"Marche populaire des ermitages de Lloret","url":"http:\/\/www.xinoxano.org\/ca\/activitats\/marxa-a-les-ermites","target":""},"link_intern":null,"link_intern_titol":""},{"es_post":false,"banner_link":{"title":"Marche populaire des plages de Lloret","url":"http:\/\/www.xinoxano.org\/ca\/activitats\/marxa-popular-platges-les-de-lloret","target":""},"link_intern":null,"link_intern_titol":""},{"es_post":false,"banner_link":{"title":"Festa Major de Sant Rom\u00e0","url":"https:\/\/lloretdemar.org\/fr\/evenements-a-ne-pas-manquer\/fetes-populaires\/","target":""},"link_intern":null,"link_intern_titol":""}],"blocs":[{"titol":"Santa Cristina, la f\u00eate patronale d\u2019\u00e9t\u00e9 de Lloret","descripcio":"Le 24 juillet, Lloret de Mar c\u00e9l\u00e8bre sa f\u00eate patronale d\u2019\u00e9t\u00e9 en honneur \u00e0 Santa Cristina. Au programme figurent des spectacles et \u00e9v\u00e9nements comme la procession vers la chapelle consacr\u00e9e \u00e0 Santa Cristina, el Ball de la Pla\u00e7a, la r\u00e9gate S\u2019Amorra Amorra sur la plage de Santa Cristina, etc. Autant d\u2019activit\u00e9s traditionnelles \u00e0 vivre \u00e0 Lloret pendant cette p\u00e9riode.","imatge":12600,"es_enllac_intern_o_extern":"intern","link_intern":{"title":"Plus d'informations","url":"http:\/\/lloretdemar.org\/activitat\/santa-cristina-la-festa-major-destiu-de-lloret\/","target":""},"link_extern":"","link_extern_text":""},{"titol":"Procession du pardon","descripcio":"Tous les deuxi\u00e8mes dimanches du car\u00eame a lieu la traditionnelle \u00ab Aplec dels perdons \u00bb, une procession vers la chapelle de Santa Cristina qui commence depuis la Pla\u00e7a de la Vila et se termine par une danse de sardanes et une paella populaire.","imatge":12630,"es_enllac_intern_o_extern":"intern","link_intern":{"title":"Plus d'informations et \/ ou inscriptions","url":"http:\/\/www.xinoxano.org\/ca\/activitats\/anada-a-laplec-dels-perdons","target":"_blank"},"link_extern":"","link_extern_text":""},{"titol":"F\u00eate des fleurs \u00e0 la Chapelle de les Alegries","descripcio":"La F\u00eate des fleurs (Festa de les Flors) a lieu \u00e0 la mi-mai. \u00c0 cette occasion, la chapelle est d\u00e9cor\u00e9e de fleurs et des activit\u00e9s sont organis\u00e9es pendant toute la journ\u00e9e.\r\n\r\nEn plus du concours de fleurs organis\u00e9 \u00e0 l\u2019aube \u00e0 Les Alegries, vous pourrez assister \u00e0 toutes sortes d\u2019activit\u00e9s comme les sardanes et autres danses, animations pour enfants, po\u00e9sie, etc.","imatge":12624,"es_enllac_intern_o_extern":"intern","link_intern":"","link_extern":"","link_extern_text":""},{"titol":"Marche populaire des ermitages de Lloret","descripcio":"Avec ses quelque 18 kilom\u00e8tres de long, la Marche populaire des ermitages est la plus symbolique de Lloret.\r\n\r\nElle passe par Sant Quirze, Les Alegries, Sant Pere del Bosc, Santa Cristina, le monument de l\u2019\u00c0ngel, la chapelle de Notre-Dame-de-Gr\u00e2ce, la Croix de chemin et se termine par un petit-d\u00e9jeuner sur la grande plage de Lloret qui rassemble tous les participants.","imatge":7100,"es_enllac_intern_o_extern":"intern","link_intern":{"title":"Plus d'informations et \/ ou inscriptions","url":"http:\/\/www.xinoxano.org\/ca\/activitats\/marxa-a-les-ermites","target":"_blank"},"link_extern":"","link_extern_text":""},{"titol":"Marche populaire des plages de Lloret","descripcio":"Le dernier dimanche du mois de septembre, dans le cadre de la Journ\u00e9e mondiale du Tourisme, Lloret de Mar organise la Marche populaire des plages de Lloret. Si vous vous inscrivez \u00e0 cette \u00e9preuve, qui commence \u00e0 Cala Canyelles et se termine \u00e0 Cala Santa Cristina, vous pourrez appr\u00e9cier tous les recoins du littoral de Lloret.\r\n\r\nRassembl\u00e9s sur la Pla\u00e7a de la Vila t\u00f4t le matin, les participants se rendent en bateau ou en car vers Cala Canyelles, d\u2019o\u00f9 est donn\u00e9 le signal de d\u00e9part.\r\n\r\nLa marche se fait donc de cette crique jusqu\u2019\u00e0 la plage de Santa Cristina, soit environ 11 kilom\u00e8tres qui longent presque toujours la mer ainsi que le chemin c\u00f4tier et qui permettent d\u2019appr\u00e9cier des vues inoubliables depuis les falaises.\r\n\r\nLes participants traversent ainsi Cala Trons, Sa Caleta, la Platja Gran de Lloret, Fenals et Cala Sa Boadella, qui donnent son nom \u00e0 la marche, pour finalement arriver \u00e0 Santa Cristina, o\u00f9 ils auront droit \u00e0 une bonne \u00ab sardinade \u00bb.","imatge":12618,"es_enllac_intern_o_extern":"intern","link_intern":{"title":"Plus d'informations et \/ ou inscriptions","url":"http:\/\/www.xinoxano.org\/ca\/activitats\/marxa-popular-platges-les-de-lloret","target":"_blank"},"link_extern":"","link_extern_text":""},{"titol":"Festa Major de Sant Rom\u00e0","descripcio":"La F\u00eate patronale d\u2019hiver de Lloret de Mar a lieu le jour de la Saint-Romain, le 18 novembre. Au fil du temps, ce qui fut au d\u00e9part une f\u00eate d\u2019un jour s\u2019est d\u00e9velopp\u00e9 \u00e0 tel point, qu\u2019aujourd\u2019hui, la Saint-Romain est c\u00e9l\u00e9br\u00e9e pratiquement tout au long du mois de novembre.\r\n\r\nLes actes de c\u00e9l\u00e9bration (foires, concerts, cin\u00e9ma, th\u00e9\u00e2tre, sardanes, jeux pour enfants ainsi que de multiples activit\u00e9s ludiques et culturelles) permettront aussi bien aux petits qu\u2019aux grands de trouver leur bonheur.","imatge":12636,"es_enllac_intern_o_extern":"intern","link_intern":"","link_extern":"","link_extern_text":""}],"titol_boto":"","document":"","apartats":null},"yoast_head":"<!-- This site is optimized with the Yoast SEO plugin v27.5 - https:\/\/yoast.com\/product\/yoast-seo-wordpress\/ -->\n<title>F\u00eates populaires - Lloret de Mar<\/title>\n<meta name=\"robots\" content=\"index, follow, max-snippet:-1, max-image-preview:large, max-video-preview:-1\" \/>\n<link rel=\"canonical\" href=\"https:\/\/lloretdemar.org\/fr\/evenements-a-ne-pas-manquer\/fetes-populaires\/\" \/>\n<meta property=\"og:locale\" content=\"fr_FR\" \/>\n<meta property=\"og:type\" content=\"article\" \/>\n<meta property=\"og:title\" content=\"F\u00eates populaires - Lloret de Mar\" \/>\n<meta property=\"og:url\" content=\"https:\/\/lloretdemar.org\/fr\/evenements-a-ne-pas-manquer\/fetes-populaires\/\" \/>\n<meta property=\"og:site_name\" content=\"Lloret de Mar\" \/>\n<meta property=\"article:publisher\" content=\"https:\/\/www.facebook.com\/Lloretturisme\" \/>\n<meta property=\"article:modified_time\" content=\"2020-11-03T08:42:12+00:00\" \/>\n<meta property=\"og:image\" content=\"https:\/\/lloretdemar.org\/wp-content\/uploads\/2020\/03\/FestaMajorSantaCristina.jpg\" \/>\n\t<meta property=\"og:image:width\" content=\"1920\" \/>\n\t<meta property=\"og:image:height\" content=\"885\" \/>\n\t<meta property=\"og:image:type\" content=\"image\/jpeg\" \/>\n<meta name=\"twitter:card\" content=\"summary_large_image\" \/>\n<meta name=\"twitter:site\" content=\"@lloretturisme\" \/>\n<script type=\"application\/ld+json\" class=\"yoast-schema-graph\">{\"@context\":\"https:\\\/\\\/schema.org\",\"@graph\":[{\"@type\":\"WebPage\",\"@id\":\"https:\\\/\\\/lloretdemar.org\\\/fr\\\/evenements-a-ne-pas-manquer\\\/fetes-populaires\\\/\",\"url\":\"https:\\\/\\\/lloretdemar.org\\\/fr\\\/evenements-a-ne-pas-manquer\\\/fetes-populaires\\\/\",\"name\":\"F\u00eates populaires - Lloret de Mar\",\"isPartOf\":{\"@id\":\"https:\\\/\\\/lloretdemar.org\\\/fr\\\/#website\"},\"datePublished\":\"2020-03-30T11:33:49+00:00\",\"dateModified\":\"2020-11-03T08:42:12+00:00\",\"description\":\"Lloret de Mar\",\"breadcrumb\":{\"@id\":\"https:\\\/\\\/lloretdemar.org\\\/fr\\\/evenements-a-ne-pas-manquer\\\/fetes-populaires\\\/#breadcrumb\"},\"inLanguage\":\"fr-FR\",\"potentialAction\":[{\"@type\":\"ReadAction\",\"target\":[\"https:\\\/\\\/lloretdemar.org\\\/fr\\\/evenements-a-ne-pas-manquer\\\/fetes-populaires\\\/\"]}]},{\"@type\":\"BreadcrumbList\",\"@id\":\"https:\\\/\\\/lloretdemar.org\\\/fr\\\/evenements-a-ne-pas-manquer\\\/fetes-populaires\\\/#breadcrumb\",\"itemListElement\":[{\"@type\":\"ListItem\",\"position\":1,\"name\":\"Home\",\"item\":\"https:\\\/\\\/lloretdemar.org\\\/fr\\\/\"},{\"@type\":\"ListItem\",\"position\":2,\"name\":\"\u00c9v\u00e9nements \u00e0 ne pas manquer\",\"item\":\"https:\\\/\\\/lloretdemar.org\\\/fr\\\/evenements-a-ne-pas-manquer\\\/\"},{\"@type\":\"ListItem\",\"position\":3,\"name\":\"F\u00eates populaires\"}]},{\"@type\":\"WebSite\",\"@id\":\"https:\\\/\\\/lloretdemar.org\\\/fr\\\/#website\",\"url\":\"https:\\\/\\\/lloretdemar.org\\\/fr\\\/\",\"name\":\"Lloret de Mar\",\"description\":\"\",\"publisher\":{\"@id\":\"https:\\\/\\\/lloretdemar.org\\\/fr\\\/#organization\"},\"potentialAction\":[{\"@type\":\"SearchAction\",\"target\":{\"@type\":\"EntryPoint\",\"urlTemplate\":\"https:\\\/\\\/lloretdemar.org\\\/fr\\\/?s={search_term_string}\"},\"query-input\":{\"@type\":\"PropertyValueSpecification\",\"valueRequired\":true,\"valueName\":\"search_term_string\"}}],\"inLanguage\":\"fr-FR\"},{\"@type\":\"Organization\",\"@id\":\"https:\\\/\\\/lloretdemar.org\\\/fr\\\/#organization\",\"name\":\"Lloret de Mar\",\"url\":\"https:\\\/\\\/lloretdemar.org\\\/fr\\\/\",\"logo\":{\"@type\":\"ImageObject\",\"inLanguage\":\"fr-FR\",\"@id\":\"https:\\\/\\\/lloretdemar.org\\\/fr\\\/#\\\/schema\\\/logo\\\/image\\\/\",\"url\":\"https:\\\/\\\/lloretdemar.org\\\/wp-content\\\/uploads\\\/2020\\\/05\\\/lloret-de-mar-logo.png\",\"contentUrl\":\"https:\\\/\\\/lloretdemar.org\\\/wp-content\\\/uploads\\\/2020\\\/05\\\/lloret-de-mar-logo.png\",\"width\":87,\"height\":38,\"caption\":\"Lloret de Mar\"},\"image\":{\"@id\":\"https:\\\/\\\/lloretdemar.org\\\/fr\\\/#\\\/schema\\\/logo\\\/image\\\/\"},\"sameAs\":[\"https:\\\/\\\/www.facebook.com\\\/Lloretturisme\",\"https:\\\/\\\/x.com\\\/lloretturisme\",\"https:\\\/\\\/instagram.com\\\/lloretturisme\",\"https:\\\/\\\/www.youtube.com\\\/LloretTurisme\"]}]}<\/script>\n<!-- \/ Yoast SEO plugin. -->","yoast_head_json":{"title":"F\u00eates populaires - Lloret de Mar","robots":{"index":"index","follow":"follow","max-snippet":"max-snippet:-1","max-image-preview":"max-image-preview:large","max-video-preview":"max-video-preview:-1"},"canonical":"https:\/\/lloretdemar.org\/fr\/evenements-a-ne-pas-manquer\/fetes-populaires\/","og_locale":"fr_FR","og_type":"article","og_title":"F\u00eates populaires - Lloret de Mar","og_url":"https:\/\/lloretdemar.org\/fr\/evenements-a-ne-pas-manquer\/fetes-populaires\/","og_site_name":"Lloret de Mar","article_publisher":"https:\/\/www.facebook.com\/Lloretturisme","article_modified_time":"2020-11-03T08:42:12+00:00","og_image":[{"width":1920,"height":885,"url":"https:\/\/lloretdemar.org\/wp-content\/uploads\/2020\/03\/FestaMajorSantaCristina.jpg","type":"image\/jpeg"}],"twitter_card":"summary_large_image","twitter_site":"@lloretturisme","schema":{"@context":"https:\/\/schema.org","@graph":[{"@type":"WebPage","@id":"https:\/\/lloretdemar.org\/fr\/evenements-a-ne-pas-manquer\/fetes-populaires\/","url":"https:\/\/lloretdemar.org\/fr\/evenements-a-ne-pas-manquer\/fetes-populaires\/","name":"F\u00eates populaires - Lloret de Mar","isPartOf":{"@id":"https:\/\/lloretdemar.org\/fr\/#website"},"datePublished":"2020-03-30T11:33:49+00:00","dateModified":"2020-11-03T08:42:12+00:00","description":"Lloret de Mar","breadcrumb":{"@id":"https:\/\/lloretdemar.org\/fr\/evenements-a-ne-pas-manquer\/fetes-populaires\/#breadcrumb"},"inLanguage":"fr-FR","potentialAction":[{"@type":"ReadAction","target":["https:\/\/lloretdemar.org\/fr\/evenements-a-ne-pas-manquer\/fetes-populaires\/"]}]},{"@type":"BreadcrumbList","@id":"https:\/\/lloretdemar.org\/fr\/evenements-a-ne-pas-manquer\/fetes-populaires\/#breadcrumb","itemListElement":[{"@type":"ListItem","position":1,"name":"Home","item":"https:\/\/lloretdemar.org\/fr\/"},{"@type":"ListItem","position":2,"name":"\u00c9v\u00e9nements \u00e0 ne pas manquer","item":"https:\/\/lloretdemar.org\/fr\/evenements-a-ne-pas-manquer\/"},{"@type":"ListItem","position":3,"name":"F\u00eates populaires"}]},{"@type":"WebSite","@id":"https:\/\/lloretdemar.org\/fr\/#website","url":"https:\/\/lloretdemar.org\/fr\/","name":"Lloret de Mar","description":"","publisher":{"@id":"https:\/\/lloretdemar.org\/fr\/#organization"},"potentialAction":[{"@type":"SearchAction","target":{"@type":"EntryPoint","urlTemplate":"https:\/\/lloretdemar.org\/fr\/?s={search_term_string}"},"query-input":{"@type":"PropertyValueSpecification","valueRequired":true,"valueName":"search_term_string"}}],"inLanguage":"fr-FR"},{"@type":"Organization","@id":"https:\/\/lloretdemar.org\/fr\/#organization","name":"Lloret de Mar","url":"https:\/\/lloretdemar.org\/fr\/","logo":{"@type":"ImageObject","inLanguage":"fr-FR","@id":"https:\/\/lloretdemar.org\/fr\/#\/schema\/logo\/image\/","url":"https:\/\/lloretdemar.org\/wp-content\/uploads\/2020\/05\/lloret-de-mar-logo.png","contentUrl":"https:\/\/lloretdemar.org\/wp-content\/uploads\/2020\/05\/lloret-de-mar-logo.png","width":87,"height":38,"caption":"Lloret de Mar"},"image":{"@id":"https:\/\/lloretdemar.org\/fr\/#\/schema\/logo\/image\/"},"sameAs":["https:\/\/www.facebook.com\/Lloretturisme","https:\/\/x.com\/lloretturisme","https:\/\/instagram.com\/lloretturisme","https:\/\/www.youtube.com\/LloretTurisme"]}]}},"_links":{"self":[{"href":"https:\/\/lloretdemar.org\/fr\/wp-json\/wp\/v2\/pages\/14364","targetHints":{"allow":["GET"]}}],"collection":[{"href":"https:\/\/lloretdemar.org\/fr\/wp-json\/wp\/v2\/pages"}],"about":[{"href":"https:\/\/lloretdemar.org\/fr\/wp-json\/wp\/v2\/types\/page"}],"author":[{"embeddable":true,"href":"https:\/\/lloretdemar.org\/fr\/wp-json\/wp\/v2\/users\/3"}],"replies":[{"embeddable":true,"href":"https:\/\/lloretdemar.org\/fr\/wp-json\/wp\/v2\/comments?post=14364"}],"version-history":[{"count":0,"href":"https:\/\/lloretdemar.org\/fr\/wp-json\/wp\/v2\/pages\/14364\/revisions"}],"up":[{"embeddable":true,"href":"https:\/\/lloretdemar.org\/fr\/wp-json\/wp\/v2\/pages\/14379"}],"wp:attachment":[{"href":"https:\/\/lloretdemar.org\/fr\/wp-json\/wp\/v2\/media?parent=14364"}],"curies":[{"name":"wp","href":"https:\/\/api.w.org\/{rel}","templated":true}]}}