{"id":14160,"date":"2019-05-28T10:04:23","date_gmt":"2019-05-28T08:04:23","guid":{"rendered":"http:\/\/lloretdemar.org\/planifica-el-teu-viatge\/on-menjar\/"},"modified":"2020-12-16T10:11:35","modified_gmt":"2020-12-16T09:11:35","slug":"ou-manger","status":"publish","type":"page","link":"https:\/\/lloretdemar.org\/fr\/planifiez-votre-voyage-a-lloret-de-mar\/ou-manger\/","title":{"rendered":"O\u00f9 manger a Lloret de Mar"},"content":{"rendered":"\n<p>L&rsquo;offre gastronomique de Lloret de Mar est vari\u00e9e et large, de la cuisine locale et m\u00e9diterran\u00e9enne aux \u00e9tablissements avec une cuisine internationale qui vous transporteront vers d&rsquo;autres territoires et cultures. Un monde de saveurs \u00e0 d\u00e9couvrir dans notre ville. <br> Actuellement, Lloret de Mar s&rsquo;engage \u00e0 proposer une gastronomie saine, adapt\u00e9e aux allergies et intol\u00e9rances dans les \u00e9tablissements de la ville \u00e0 travers une cuisine saine, durable et bon, soutenu par les certifications et accr\u00e9ditations pertinentes dans le domaine de la gastronomie.<\/p>\n\n\n\n<p>Si vous aimez la bonne nourriture, vous ne devriez pas manquer deux \u00e9v\u00e9nements gastronomiques annuels: les Journ\u00e9es gastronomiques du riz en mai et les Journ\u00e9es gastronomiques du poisson et des fruits de mer en octobre.<\/p>\n\n\n\n<p>Et comme \u00e9l\u00e9ment d&rsquo;identit\u00e9 que vous ne trouverez nulle part ailleurs, la ville vous offre \u00e9galement la possibilit\u00e9 de d\u00e9guster une authentique cuisine indienne.<\/p>\n\n\n\n<p>Trouvez votre local et profitez de notre gastronomie!<\/p>\n","protected":false},"excerpt":{"rendered":"<p>L&rsquo;offre gastronomique de Lloret de Mar est vari\u00e9e et large, de la cuisine locale et m\u00e9diterran\u00e9enne aux \u00e9tablissements avec une cuisine internationale qui vous transporteront vers d&rsquo;autres territoires et cultures. Un monde de saveurs \u00e0 d\u00e9couvrir dans notre ville. Actuellement, Lloret de Mar s&rsquo;engage \u00e0 proposer une gastronomie saine, adapt\u00e9e aux allergies et intol\u00e9rances dans [&hellip;]<\/p>\n","protected":false},"author":12,"featured_media":0,"parent":11731,"menu_order":0,"comment_status":"closed","ping_status":"closed","template":"page-templates\/directori2-23.php","meta":{"_acf_changed":false,"content-type":"","footnotes":""},"class_list":["post-14160","page","type-page","status-publish","hentry"],"acf":{"banner_imatge":14165,"banner_titol":"O\u00f9 manger a Lloret de Mar","banner_subtitol":"","botons_blanc_o_negres":"defecte","banner_links":null,"apartats":null,"categories_titol":"Cat\u00e9gories","banner_mes_info_text":"Vous voulez plus d'informations sur la gastronomie? Nous vous proposons plus d'options!","banner_mes_info_link":{"title":"Plus d'informations","url":"https:\/\/lloretdemar.org\/fr\/quoi-faire-a-lloret\/lloret-de-mar-en-journee\/gastronomie\/","target":"_blank"},"banner_contacte_text":"Si votre \u00e9tablissement n'appara\u00eet pas dans notre annuaire ou si les donn\u00e9es qu'il contient sont incorrectes:","banner_contacte_link":{"title":"Contactez nous","url":"https:\/\/lloretdemar.org\/fr\/contact\/","target":""},"banners":[{"text":"Lloret Hub","imatge":10921,"url":"https:\/\/lloretdemar.org\/fr\/decouvrez-lloret-de-mar\/lloret-hub\/","color_fons":""},{"text":"Planifiez le\r\nvotre voyage \u00e0\r\nLloret","imatge":14153,"url":"https:\/\/lloretdemar.org\/fr\/planifiez-votre-voyage-a-lloret-de-mar\/","color_fons":"#007dbf"}],"script_ipanema":"<!--HubSpot Call-to-Action Code --><span class=\"hs-cta-wrapper\" id=\"hs-cta-wrapper-4666aa19-e8f6-4e9d-8f52-768b7d379d39\"><span class=\"hs-cta-node hs-cta-4666aa19-e8f6-4e9d-8f52-768b7d379d39\" id=\"hs-cta-4666aa19-e8f6-4e9d-8f52-768b7d379d39\"><!--[if lte IE 8]><div id=\"hs-cta-ie-element\"><\/div><![endif]--><a href=\"https:\/\/cta-redirect.hubspot.com\/cta\/redirect\/4468071\/4666aa19-e8f6-4e9d-8f52-768b7d379d39\" ><img class=\"hs-cta-img\" id=\"hs-cta-img-4666aa19-e8f6-4e9d-8f52-768b7d379d39\" style=\"border-width:0px;\" src=\"https:\/\/no-cache.hubspot.com\/cta\/default\/4468071\/4666aa19-e8f6-4e9d-8f52-768b7d379d39.png\" alt=\"M\u00e9s info\"\/><\/a><\/span><script charset=\"utf-8\" src=\"https:\/\/js.hscta.net\/cta\/current.js\"><\/script><script type=\"text\/javascript\"> hbspt.cta.load(4468071, '4666aa19-e8f6-4e9d-8f52-768b7d379d39', {}); <\/script><\/span><!-- end HubSpot Call-to-Action Code -->"},"yoast_head":"<!-- This site is optimized with the Yoast SEO plugin v27.5 - https:\/\/yoast.com\/product\/yoast-seo-wordpress\/ -->\n<title>O\u00f9 manger a Lloret de Mar - Lloret de Mar<\/title>\n<meta name=\"description\" content=\"L&#039;offre gastronomique de Lloret de Mar est vari\u00e9e et large, de la cuisine locale et m\u00e9diterran\u00e9enne aux \u00e9tablissements avec une cuisine internationale qui vous transporteront vers d&#039;autres territoires et cultures. Un monde de saveurs \u00e0 d\u00e9couvrir dans notre ville. Actuellement, Lloret de Mar s&#039;engage \u00e0 proposer une gastronomie saine, adapt\u00e9e aux allergies et intol\u00e9rances dans\u2026\" \/>\n<meta name=\"robots\" content=\"index, follow, max-snippet:-1, max-image-preview:large, max-video-preview:-1\" \/>\n<link rel=\"canonical\" href=\"https:\/\/lloretdemar.org\/fr\/planifiez-votre-voyage-a-lloret-de-mar\/ou-manger\/\" \/>\n<meta property=\"og:locale\" content=\"fr_FR\" \/>\n<meta property=\"og:type\" content=\"article\" \/>\n<meta property=\"og:title\" content=\"O\u00f9 manger a Lloret de Mar - Lloret de Mar\" \/>\n<meta property=\"og:description\" content=\"L&#039;offre gastronomique de Lloret de Mar est vari\u00e9e et large, de la cuisine locale et m\u00e9diterran\u00e9enne aux \u00e9tablissements avec une cuisine internationale qui vous transporteront vers d&#039;autres territoires et cultures. Un monde de saveurs \u00e0 d\u00e9couvrir dans notre ville. Actuellement, Lloret de Mar s&#039;engage \u00e0 proposer une gastronomie saine, adapt\u00e9e aux allergies et intol\u00e9rances dans\u2026\" \/>\n<meta property=\"og:url\" content=\"https:\/\/lloretdemar.org\/fr\/planifiez-votre-voyage-a-lloret-de-mar\/ou-manger\/\" \/>\n<meta property=\"og:site_name\" content=\"Lloret de Mar\" \/>\n<meta property=\"article:publisher\" content=\"https:\/\/www.facebook.com\/Lloretturisme\" \/>\n<meta property=\"article:modified_time\" content=\"2020-12-16T09:11:35+00:00\" \/>\n<meta property=\"og:image\" content=\"https:\/\/lloretdemar.org\/wp-content\/uploads\/2020\/02\/slide-on-menjar.jpg\" \/>\n\t<meta property=\"og:image:width\" content=\"1920\" \/>\n\t<meta property=\"og:image:height\" content=\"885\" \/>\n\t<meta property=\"og:image:type\" content=\"image\/jpeg\" \/>\n<meta name=\"twitter:card\" content=\"summary_large_image\" \/>\n<meta name=\"twitter:site\" content=\"@lloretturisme\" \/>\n<meta name=\"twitter:label1\" content=\"Dur\u00e9e de lecture estim\u00e9e\" \/>\n\t<meta name=\"twitter:data1\" content=\"1 minute\" \/>\n<script type=\"application\/ld+json\" class=\"yoast-schema-graph\">{\"@context\":\"https:\\\/\\\/schema.org\",\"@graph\":[{\"@type\":\"WebPage\",\"@id\":\"https:\\\/\\\/lloretdemar.org\\\/fr\\\/planifiez-votre-voyage-a-lloret-de-mar\\\/ou-manger\\\/\",\"url\":\"https:\\\/\\\/lloretdemar.org\\\/fr\\\/planifiez-votre-voyage-a-lloret-de-mar\\\/ou-manger\\\/\",\"name\":\"O\u00f9 manger a Lloret de Mar - Lloret de Mar\",\"isPartOf\":{\"@id\":\"https:\\\/\\\/lloretdemar.org\\\/fr\\\/#website\"},\"datePublished\":\"2019-05-28T08:04:23+00:00\",\"dateModified\":\"2020-12-16T09:11:35+00:00\",\"description\":\"Lloret de Mar\",\"breadcrumb\":{\"@id\":\"https:\\\/\\\/lloretdemar.org\\\/fr\\\/planifiez-votre-voyage-a-lloret-de-mar\\\/ou-manger\\\/#breadcrumb\"},\"inLanguage\":\"fr-FR\",\"potentialAction\":[{\"@type\":\"ReadAction\",\"target\":[\"https:\\\/\\\/lloretdemar.org\\\/fr\\\/planifiez-votre-voyage-a-lloret-de-mar\\\/ou-manger\\\/\"]}]},{\"@type\":\"BreadcrumbList\",\"@id\":\"https:\\\/\\\/lloretdemar.org\\\/fr\\\/planifiez-votre-voyage-a-lloret-de-mar\\\/ou-manger\\\/#breadcrumb\",\"itemListElement\":[{\"@type\":\"ListItem\",\"position\":1,\"name\":\"Home\",\"item\":\"https:\\\/\\\/lloretdemar.org\\\/fr\\\/\"},{\"@type\":\"ListItem\",\"position\":2,\"name\":\"Planifiez votre voyage \u00e0 Lloret de Mar\",\"item\":\"https:\\\/\\\/lloretdemar.org\\\/fr\\\/planifiez-votre-voyage-a-lloret-de-mar\\\/\"},{\"@type\":\"ListItem\",\"position\":3,\"name\":\"O\u00f9 manger a Lloret de Mar\"}]},{\"@type\":\"WebSite\",\"@id\":\"https:\\\/\\\/lloretdemar.org\\\/fr\\\/#website\",\"url\":\"https:\\\/\\\/lloretdemar.org\\\/fr\\\/\",\"name\":\"Lloret de Mar\",\"description\":\"\",\"publisher\":{\"@id\":\"https:\\\/\\\/lloretdemar.org\\\/fr\\\/#organization\"},\"potentialAction\":[{\"@type\":\"SearchAction\",\"target\":{\"@type\":\"EntryPoint\",\"urlTemplate\":\"https:\\\/\\\/lloretdemar.org\\\/fr\\\/?s={search_term_string}\"},\"query-input\":{\"@type\":\"PropertyValueSpecification\",\"valueRequired\":true,\"valueName\":\"search_term_string\"}}],\"inLanguage\":\"fr-FR\"},{\"@type\":\"Organization\",\"@id\":\"https:\\\/\\\/lloretdemar.org\\\/fr\\\/#organization\",\"name\":\"Lloret de Mar\",\"url\":\"https:\\\/\\\/lloretdemar.org\\\/fr\\\/\",\"logo\":{\"@type\":\"ImageObject\",\"inLanguage\":\"fr-FR\",\"@id\":\"https:\\\/\\\/lloretdemar.org\\\/fr\\\/#\\\/schema\\\/logo\\\/image\\\/\",\"url\":\"https:\\\/\\\/lloretdemar.org\\\/wp-content\\\/uploads\\\/2020\\\/05\\\/lloret-de-mar-logo.png\",\"contentUrl\":\"https:\\\/\\\/lloretdemar.org\\\/wp-content\\\/uploads\\\/2020\\\/05\\\/lloret-de-mar-logo.png\",\"width\":87,\"height\":38,\"caption\":\"Lloret de Mar\"},\"image\":{\"@id\":\"https:\\\/\\\/lloretdemar.org\\\/fr\\\/#\\\/schema\\\/logo\\\/image\\\/\"},\"sameAs\":[\"https:\\\/\\\/www.facebook.com\\\/Lloretturisme\",\"https:\\\/\\\/x.com\\\/lloretturisme\",\"https:\\\/\\\/instagram.com\\\/lloretturisme\",\"https:\\\/\\\/www.youtube.com\\\/LloretTurisme\"]}]}<\/script>\n<!-- \/ Yoast SEO plugin. -->","yoast_head_json":{"title":"O\u00f9 manger a Lloret de Mar - Lloret de Mar","description":"L'offre gastronomique de Lloret de Mar est vari\u00e9e et large, de la cuisine locale et m\u00e9diterran\u00e9enne aux \u00e9tablissements avec une cuisine internationale qui vous transporteront vers d'autres territoires et cultures. Un monde de saveurs \u00e0 d\u00e9couvrir dans notre ville. Actuellement, Lloret de Mar s'engage \u00e0 proposer une gastronomie saine, adapt\u00e9e aux allergies et intol\u00e9rances dans\u2026","robots":{"index":"index","follow":"follow","max-snippet":"max-snippet:-1","max-image-preview":"max-image-preview:large","max-video-preview":"max-video-preview:-1"},"canonical":"https:\/\/lloretdemar.org\/fr\/planifiez-votre-voyage-a-lloret-de-mar\/ou-manger\/","og_locale":"fr_FR","og_type":"article","og_title":"O\u00f9 manger a Lloret de Mar - Lloret de Mar","og_description":"L'offre gastronomique de Lloret de Mar est vari\u00e9e et large, de la cuisine locale et m\u00e9diterran\u00e9enne aux \u00e9tablissements avec une cuisine internationale qui vous transporteront vers d'autres territoires et cultures. Un monde de saveurs \u00e0 d\u00e9couvrir dans notre ville. Actuellement, Lloret de Mar s'engage \u00e0 proposer une gastronomie saine, adapt\u00e9e aux allergies et intol\u00e9rances dans\u2026","og_url":"https:\/\/lloretdemar.org\/fr\/planifiez-votre-voyage-a-lloret-de-mar\/ou-manger\/","og_site_name":"Lloret de Mar","article_publisher":"https:\/\/www.facebook.com\/Lloretturisme","article_modified_time":"2020-12-16T09:11:35+00:00","og_image":[{"width":1920,"height":885,"url":"https:\/\/lloretdemar.org\/wp-content\/uploads\/2020\/02\/slide-on-menjar.jpg","type":"image\/jpeg"}],"twitter_card":"summary_large_image","twitter_site":"@lloretturisme","twitter_misc":{"Dur\u00e9e de lecture estim\u00e9e":"1 minute"},"schema":{"@context":"https:\/\/schema.org","@graph":[{"@type":"WebPage","@id":"https:\/\/lloretdemar.org\/fr\/planifiez-votre-voyage-a-lloret-de-mar\/ou-manger\/","url":"https:\/\/lloretdemar.org\/fr\/planifiez-votre-voyage-a-lloret-de-mar\/ou-manger\/","name":"O\u00f9 manger a Lloret de Mar - Lloret de Mar","isPartOf":{"@id":"https:\/\/lloretdemar.org\/fr\/#website"},"datePublished":"2019-05-28T08:04:23+00:00","dateModified":"2020-12-16T09:11:35+00:00","description":"Lloret de Mar","breadcrumb":{"@id":"https:\/\/lloretdemar.org\/fr\/planifiez-votre-voyage-a-lloret-de-mar\/ou-manger\/#breadcrumb"},"inLanguage":"fr-FR","potentialAction":[{"@type":"ReadAction","target":["https:\/\/lloretdemar.org\/fr\/planifiez-votre-voyage-a-lloret-de-mar\/ou-manger\/"]}]},{"@type":"BreadcrumbList","@id":"https:\/\/lloretdemar.org\/fr\/planifiez-votre-voyage-a-lloret-de-mar\/ou-manger\/#breadcrumb","itemListElement":[{"@type":"ListItem","position":1,"name":"Home","item":"https:\/\/lloretdemar.org\/fr\/"},{"@type":"ListItem","position":2,"name":"Planifiez votre voyage \u00e0 Lloret de Mar","item":"https:\/\/lloretdemar.org\/fr\/planifiez-votre-voyage-a-lloret-de-mar\/"},{"@type":"ListItem","position":3,"name":"O\u00f9 manger a Lloret de Mar"}]},{"@type":"WebSite","@id":"https:\/\/lloretdemar.org\/fr\/#website","url":"https:\/\/lloretdemar.org\/fr\/","name":"Lloret de Mar","description":"","publisher":{"@id":"https:\/\/lloretdemar.org\/fr\/#organization"},"potentialAction":[{"@type":"SearchAction","target":{"@type":"EntryPoint","urlTemplate":"https:\/\/lloretdemar.org\/fr\/?s={search_term_string}"},"query-input":{"@type":"PropertyValueSpecification","valueRequired":true,"valueName":"search_term_string"}}],"inLanguage":"fr-FR"},{"@type":"Organization","@id":"https:\/\/lloretdemar.org\/fr\/#organization","name":"Lloret de Mar","url":"https:\/\/lloretdemar.org\/fr\/","logo":{"@type":"ImageObject","inLanguage":"fr-FR","@id":"https:\/\/lloretdemar.org\/fr\/#\/schema\/logo\/image\/","url":"https:\/\/lloretdemar.org\/wp-content\/uploads\/2020\/05\/lloret-de-mar-logo.png","contentUrl":"https:\/\/lloretdemar.org\/wp-content\/uploads\/2020\/05\/lloret-de-mar-logo.png","width":87,"height":38,"caption":"Lloret de Mar"},"image":{"@id":"https:\/\/lloretdemar.org\/fr\/#\/schema\/logo\/image\/"},"sameAs":["https:\/\/www.facebook.com\/Lloretturisme","https:\/\/x.com\/lloretturisme","https:\/\/instagram.com\/lloretturisme","https:\/\/www.youtube.com\/LloretTurisme"]}]}},"_links":{"self":[{"href":"https:\/\/lloretdemar.org\/fr\/wp-json\/wp\/v2\/pages\/14160","targetHints":{"allow":["GET"]}}],"collection":[{"href":"https:\/\/lloretdemar.org\/fr\/wp-json\/wp\/v2\/pages"}],"about":[{"href":"https:\/\/lloretdemar.org\/fr\/wp-json\/wp\/v2\/types\/page"}],"author":[{"embeddable":true,"href":"https:\/\/lloretdemar.org\/fr\/wp-json\/wp\/v2\/users\/12"}],"replies":[{"embeddable":true,"href":"https:\/\/lloretdemar.org\/fr\/wp-json\/wp\/v2\/comments?post=14160"}],"version-history":[{"count":0,"href":"https:\/\/lloretdemar.org\/fr\/wp-json\/wp\/v2\/pages\/14160\/revisions"}],"up":[{"embeddable":true,"href":"https:\/\/lloretdemar.org\/fr\/wp-json\/wp\/v2\/pages\/11731"}],"wp:attachment":[{"href":"https:\/\/lloretdemar.org\/fr\/wp-json\/wp\/v2\/media?parent=14160"}],"curies":[{"name":"wp","href":"https:\/\/api.w.org\/{rel}","templated":true}]}}