{"id":14156,"date":"2019-05-28T10:03:26","date_gmt":"2019-05-28T08:03:26","guid":{"rendered":"http:\/\/lloretdemar.org\/planifica-el-teu-viatge\/on-dormir\/"},"modified":"2020-10-21T15:55:08","modified_gmt":"2020-10-21T13:55:08","slug":"ou-dormir","status":"publish","type":"page","link":"https:\/\/lloretdemar.org\/fr\/planifiez-votre-voyage-a-lloret-de-mar\/ou-dormir\/","title":{"rendered":"O\u00f9 dormir \u00e0 Lloret de Mar"},"content":{"rendered":"\n<p>Notre ville offre des solutions pour tous les visiteurs. Lloret de Mar poss\u00e8de un large \u00e9ventail d\u2019h\u00e9bergements : h\u00f4tels, pensions, appartements et campings.<\/p>\n\n\n\n<p>De plus, l\u2019offre h\u00f4teli\u00e8re est vari\u00e9e : vous trouverez plusieurs h\u00f4tels familiaux qui disposent de parcs aquatiques, id\u00e9aux pour un s\u00e9jour en famille, mais vous pouvez \u00e9galement vous d\u00e9tendre dans des h\u00f4tels con\u00e7us pour les adultes, \u00e0 moins que vous ne pr\u00e9f\u00e9riez un s\u00e9jour gastronomique dans un h\u00f4tel proposant un r\u00e9gime m\u00e9diterran\u00e9en\u2026<\/p>\n","protected":false},"excerpt":{"rendered":"<p>Notre ville offre des solutions pour tous les visiteurs. Lloret de Mar poss\u00e8de un large \u00e9ventail d\u2019h\u00e9bergements : h\u00f4tels, pensions, appartements et campings. De plus, l\u2019offre h\u00f4teli\u00e8re est vari\u00e9e : vous trouverez plusieurs h\u00f4tels familiaux qui disposent de parcs aquatiques, id\u00e9aux pour un s\u00e9jour en famille, mais vous pouvez \u00e9galement vous d\u00e9tendre dans des h\u00f4tels [&hellip;]<\/p>\n","protected":false},"author":12,"featured_media":0,"parent":11731,"menu_order":0,"comment_status":"closed","ping_status":"closed","template":"page-templates\/directori1-22.php","meta":{"_acf_changed":false,"content-type":"","footnotes":""},"class_list":["post-14156","page","type-page","status-publish","hentry"],"acf":{"banner_imatge":14157,"banner_titol":"O\u00f9 dormir \u00e0 Lloret de Mar","banner_subtitol":"","botons_blanc_o_negres":"defecte","banner_links":null,"apartats":null,"categories_titol":"Cat\u00e9gories","banner_mes_info_text":"Annuaire municipal","banner_mes_info_link":{"title":"Plus d'informations","url":"http:\/\/lloretdemar.org\/sobre-lloret-de-mar\/informacio-practica-sobre-lloret-de-mar\/directori-dempreses\/","target":""},"banner_contacte_text":"Si votre \u00e9tablissement n'appara\u00eet pas dans notre annuaire ou si les donn\u00e9es qu'il contient sont incorrectes:","banner_contacte_link":{"title":"Contactez nous","url":"http:\/\/lloretdemar.org\/contacte\/","target":""},"banners":[{"text":"Lloret\r\nHub","imatge":10921,"url":"https:\/\/lloretdemar.org\/fr\/decouvrez-lloret-de-mar\/lloret-hub\/","color_fons":""}],"script_ipanema":"<!--HubSpot Call-to-Action Code --><span class=\"hs-cta-wrapper\" id=\"hs-cta-wrapper-0e5ea62f-c3e7-4591-b894-337525ca1cf4\"><span class=\"hs-cta-node hs-cta-0e5ea62f-c3e7-4591-b894-337525ca1cf4\" id=\"hs-cta-0e5ea62f-c3e7-4591-b894-337525ca1cf4\"><!--[if lte IE 8]><div id=\"hs-cta-ie-element\"><\/div><![endif]--><a href=\"https:\/\/cta-redirect.hubspot.com\/cta\/redirect\/4468071\/0e5ea62f-c3e7-4591-b894-337525ca1cf4\" ><img class=\"hs-cta-img\" id=\"hs-cta-img-0e5ea62f-c3e7-4591-b894-337525ca1cf4\" style=\"border-width:0px;\" src=\"https:\/\/no-cache.hubspot.com\/cta\/default\/4468071\/0e5ea62f-c3e7-4591-b894-337525ca1cf4.png\" alt=\"M\u00e9s info\"\/><\/a><\/span><script charset=\"utf-8\" src=\"https:\/\/js.hscta.net\/cta\/current.js\"><\/script><script type=\"text\/javascript\"> hbspt.cta.load(4468071, '0e5ea62f-c3e7-4591-b894-337525ca1cf4', {}); <\/script><\/span><!-- end HubSpot Call-to-Action Code -->"},"yoast_head":"<!-- This site is optimized with the Yoast SEO plugin v27.4 - https:\/\/yoast.com\/product\/yoast-seo-wordpress\/ -->\n<title>O\u00f9 dormir \u00e0 Lloret de Mar - Lloret de Mar<\/title>\n<meta name=\"description\" content=\"Notre ville offre des solutions pour tous les visiteurs. Lloret de Mar poss\u00e8de un large \u00e9ventail d\u2019h\u00e9bergements : h\u00f4tels, pensions, appartements et campings. De plus, l\u2019offre h\u00f4teli\u00e8re est vari\u00e9e : vous trouverez plusieurs h\u00f4tels familiaux qui disposent de parcs aquatiques, id\u00e9aux pour un s\u00e9jour en famille, mais vous pouvez \u00e9galement vous d\u00e9tendre dans des h\u00f4tels\u2026\" \/>\n<meta name=\"robots\" content=\"index, follow, max-snippet:-1, max-image-preview:large, max-video-preview:-1\" \/>\n<link rel=\"canonical\" href=\"https:\/\/lloretdemar.org\/fr\/planifiez-votre-voyage-a-lloret-de-mar\/ou-dormir\/\" \/>\n<meta property=\"og:locale\" content=\"fr_FR\" \/>\n<meta property=\"og:type\" content=\"article\" \/>\n<meta property=\"og:title\" content=\"O\u00f9 dormir \u00e0 Lloret de Mar - Lloret de Mar\" \/>\n<meta property=\"og:description\" content=\"Notre ville offre des solutions pour tous les visiteurs. Lloret de Mar poss\u00e8de un large \u00e9ventail d\u2019h\u00e9bergements : h\u00f4tels, pensions, appartements et campings. De plus, l\u2019offre h\u00f4teli\u00e8re est vari\u00e9e : vous trouverez plusieurs h\u00f4tels familiaux qui disposent de parcs aquatiques, id\u00e9aux pour un s\u00e9jour en famille, mais vous pouvez \u00e9galement vous d\u00e9tendre dans des h\u00f4tels\u2026\" \/>\n<meta property=\"og:url\" content=\"https:\/\/lloretdemar.org\/fr\/planifiez-votre-voyage-a-lloret-de-mar\/ou-dormir\/\" \/>\n<meta property=\"og:site_name\" content=\"Lloret de Mar\" \/>\n<meta property=\"article:publisher\" content=\"https:\/\/www.facebook.com\/Lloretturisme\" \/>\n<meta property=\"article:modified_time\" content=\"2020-10-21T13:55:08+00:00\" \/>\n<meta property=\"og:image\" content=\"https:\/\/lloretdemar.org\/wp-content\/uploads\/2019\/10\/home_page_10.jpg\" \/>\n\t<meta property=\"og:image:width\" content=\"1920\" \/>\n\t<meta property=\"og:image:height\" content=\"885\" \/>\n\t<meta property=\"og:image:type\" content=\"image\/jpeg\" \/>\n<meta name=\"twitter:card\" content=\"summary_large_image\" \/>\n<meta name=\"twitter:site\" content=\"@lloretturisme\" \/>\n<script type=\"application\/ld+json\" class=\"yoast-schema-graph\">{\"@context\":\"https:\\\/\\\/schema.org\",\"@graph\":[{\"@type\":\"WebPage\",\"@id\":\"https:\\\/\\\/lloretdemar.org\\\/fr\\\/planifiez-votre-voyage-a-lloret-de-mar\\\/ou-dormir\\\/\",\"url\":\"https:\\\/\\\/lloretdemar.org\\\/fr\\\/planifiez-votre-voyage-a-lloret-de-mar\\\/ou-dormir\\\/\",\"name\":\"O\u00f9 dormir \u00e0 Lloret de Mar - Lloret de Mar\",\"isPartOf\":{\"@id\":\"https:\\\/\\\/lloretdemar.org\\\/fr\\\/#website\"},\"datePublished\":\"2019-05-28T08:03:26+00:00\",\"dateModified\":\"2020-10-21T13:55:08+00:00\",\"description\":\"Lloret de Mar\",\"breadcrumb\":{\"@id\":\"https:\\\/\\\/lloretdemar.org\\\/fr\\\/planifiez-votre-voyage-a-lloret-de-mar\\\/ou-dormir\\\/#breadcrumb\"},\"inLanguage\":\"fr-FR\",\"potentialAction\":[{\"@type\":\"ReadAction\",\"target\":[\"https:\\\/\\\/lloretdemar.org\\\/fr\\\/planifiez-votre-voyage-a-lloret-de-mar\\\/ou-dormir\\\/\"]}]},{\"@type\":\"BreadcrumbList\",\"@id\":\"https:\\\/\\\/lloretdemar.org\\\/fr\\\/planifiez-votre-voyage-a-lloret-de-mar\\\/ou-dormir\\\/#breadcrumb\",\"itemListElement\":[{\"@type\":\"ListItem\",\"position\":1,\"name\":\"Home\",\"item\":\"https:\\\/\\\/lloretdemar.org\\\/fr\\\/\"},{\"@type\":\"ListItem\",\"position\":2,\"name\":\"Planifiez votre voyage \u00e0 Lloret de Mar\",\"item\":\"https:\\\/\\\/lloretdemar.org\\\/fr\\\/planifiez-votre-voyage-a-lloret-de-mar\\\/\"},{\"@type\":\"ListItem\",\"position\":3,\"name\":\"O\u00f9 dormir \u00e0 Lloret de Mar\"}]},{\"@type\":\"WebSite\",\"@id\":\"https:\\\/\\\/lloretdemar.org\\\/fr\\\/#website\",\"url\":\"https:\\\/\\\/lloretdemar.org\\\/fr\\\/\",\"name\":\"Lloret de Mar\",\"description\":\"\",\"publisher\":{\"@id\":\"https:\\\/\\\/lloretdemar.org\\\/fr\\\/#organization\"},\"potentialAction\":[{\"@type\":\"SearchAction\",\"target\":{\"@type\":\"EntryPoint\",\"urlTemplate\":\"https:\\\/\\\/lloretdemar.org\\\/fr\\\/?s={search_term_string}\"},\"query-input\":{\"@type\":\"PropertyValueSpecification\",\"valueRequired\":true,\"valueName\":\"search_term_string\"}}],\"inLanguage\":\"fr-FR\"},{\"@type\":\"Organization\",\"@id\":\"https:\\\/\\\/lloretdemar.org\\\/fr\\\/#organization\",\"name\":\"Lloret de Mar\",\"url\":\"https:\\\/\\\/lloretdemar.org\\\/fr\\\/\",\"logo\":{\"@type\":\"ImageObject\",\"inLanguage\":\"fr-FR\",\"@id\":\"https:\\\/\\\/lloretdemar.org\\\/fr\\\/#\\\/schema\\\/logo\\\/image\\\/\",\"url\":\"https:\\\/\\\/lloretdemar.org\\\/wp-content\\\/uploads\\\/2020\\\/05\\\/lloret-de-mar-logo.png\",\"contentUrl\":\"https:\\\/\\\/lloretdemar.org\\\/wp-content\\\/uploads\\\/2020\\\/05\\\/lloret-de-mar-logo.png\",\"width\":87,\"height\":38,\"caption\":\"Lloret de Mar\"},\"image\":{\"@id\":\"https:\\\/\\\/lloretdemar.org\\\/fr\\\/#\\\/schema\\\/logo\\\/image\\\/\"},\"sameAs\":[\"https:\\\/\\\/www.facebook.com\\\/Lloretturisme\",\"https:\\\/\\\/x.com\\\/lloretturisme\",\"https:\\\/\\\/instagram.com\\\/lloretturisme\",\"https:\\\/\\\/www.youtube.com\\\/LloretTurisme\"]}]}<\/script>\n<!-- \/ Yoast SEO plugin. -->","yoast_head_json":{"title":"O\u00f9 dormir \u00e0 Lloret de Mar - Lloret de Mar","description":"Notre ville offre des solutions pour tous les visiteurs. Lloret de Mar poss\u00e8de un large \u00e9ventail d\u2019h\u00e9bergements : h\u00f4tels, pensions, appartements et campings. De plus, l\u2019offre h\u00f4teli\u00e8re est vari\u00e9e : vous trouverez plusieurs h\u00f4tels familiaux qui disposent de parcs aquatiques, id\u00e9aux pour un s\u00e9jour en famille, mais vous pouvez \u00e9galement vous d\u00e9tendre dans des h\u00f4tels\u2026","robots":{"index":"index","follow":"follow","max-snippet":"max-snippet:-1","max-image-preview":"max-image-preview:large","max-video-preview":"max-video-preview:-1"},"canonical":"https:\/\/lloretdemar.org\/fr\/planifiez-votre-voyage-a-lloret-de-mar\/ou-dormir\/","og_locale":"fr_FR","og_type":"article","og_title":"O\u00f9 dormir \u00e0 Lloret de Mar - Lloret de Mar","og_description":"Notre ville offre des solutions pour tous les visiteurs. Lloret de Mar poss\u00e8de un large \u00e9ventail d\u2019h\u00e9bergements : h\u00f4tels, pensions, appartements et campings. De plus, l\u2019offre h\u00f4teli\u00e8re est vari\u00e9e : vous trouverez plusieurs h\u00f4tels familiaux qui disposent de parcs aquatiques, id\u00e9aux pour un s\u00e9jour en famille, mais vous pouvez \u00e9galement vous d\u00e9tendre dans des h\u00f4tels\u2026","og_url":"https:\/\/lloretdemar.org\/fr\/planifiez-votre-voyage-a-lloret-de-mar\/ou-dormir\/","og_site_name":"Lloret de Mar","article_publisher":"https:\/\/www.facebook.com\/Lloretturisme","article_modified_time":"2020-10-21T13:55:08+00:00","og_image":[{"width":1920,"height":885,"url":"https:\/\/lloretdemar.org\/wp-content\/uploads\/2019\/10\/home_page_10.jpg","type":"image\/jpeg"}],"twitter_card":"summary_large_image","twitter_site":"@lloretturisme","schema":{"@context":"https:\/\/schema.org","@graph":[{"@type":"WebPage","@id":"https:\/\/lloretdemar.org\/fr\/planifiez-votre-voyage-a-lloret-de-mar\/ou-dormir\/","url":"https:\/\/lloretdemar.org\/fr\/planifiez-votre-voyage-a-lloret-de-mar\/ou-dormir\/","name":"O\u00f9 dormir \u00e0 Lloret de Mar - Lloret de Mar","isPartOf":{"@id":"https:\/\/lloretdemar.org\/fr\/#website"},"datePublished":"2019-05-28T08:03:26+00:00","dateModified":"2020-10-21T13:55:08+00:00","description":"Lloret de Mar","breadcrumb":{"@id":"https:\/\/lloretdemar.org\/fr\/planifiez-votre-voyage-a-lloret-de-mar\/ou-dormir\/#breadcrumb"},"inLanguage":"fr-FR","potentialAction":[{"@type":"ReadAction","target":["https:\/\/lloretdemar.org\/fr\/planifiez-votre-voyage-a-lloret-de-mar\/ou-dormir\/"]}]},{"@type":"BreadcrumbList","@id":"https:\/\/lloretdemar.org\/fr\/planifiez-votre-voyage-a-lloret-de-mar\/ou-dormir\/#breadcrumb","itemListElement":[{"@type":"ListItem","position":1,"name":"Home","item":"https:\/\/lloretdemar.org\/fr\/"},{"@type":"ListItem","position":2,"name":"Planifiez votre voyage \u00e0 Lloret de Mar","item":"https:\/\/lloretdemar.org\/fr\/planifiez-votre-voyage-a-lloret-de-mar\/"},{"@type":"ListItem","position":3,"name":"O\u00f9 dormir \u00e0 Lloret de Mar"}]},{"@type":"WebSite","@id":"https:\/\/lloretdemar.org\/fr\/#website","url":"https:\/\/lloretdemar.org\/fr\/","name":"Lloret de Mar","description":"","publisher":{"@id":"https:\/\/lloretdemar.org\/fr\/#organization"},"potentialAction":[{"@type":"SearchAction","target":{"@type":"EntryPoint","urlTemplate":"https:\/\/lloretdemar.org\/fr\/?s={search_term_string}"},"query-input":{"@type":"PropertyValueSpecification","valueRequired":true,"valueName":"search_term_string"}}],"inLanguage":"fr-FR"},{"@type":"Organization","@id":"https:\/\/lloretdemar.org\/fr\/#organization","name":"Lloret de Mar","url":"https:\/\/lloretdemar.org\/fr\/","logo":{"@type":"ImageObject","inLanguage":"fr-FR","@id":"https:\/\/lloretdemar.org\/fr\/#\/schema\/logo\/image\/","url":"https:\/\/lloretdemar.org\/wp-content\/uploads\/2020\/05\/lloret-de-mar-logo.png","contentUrl":"https:\/\/lloretdemar.org\/wp-content\/uploads\/2020\/05\/lloret-de-mar-logo.png","width":87,"height":38,"caption":"Lloret de Mar"},"image":{"@id":"https:\/\/lloretdemar.org\/fr\/#\/schema\/logo\/image\/"},"sameAs":["https:\/\/www.facebook.com\/Lloretturisme","https:\/\/x.com\/lloretturisme","https:\/\/instagram.com\/lloretturisme","https:\/\/www.youtube.com\/LloretTurisme"]}]}},"_links":{"self":[{"href":"https:\/\/lloretdemar.org\/fr\/wp-json\/wp\/v2\/pages\/14156","targetHints":{"allow":["GET"]}}],"collection":[{"href":"https:\/\/lloretdemar.org\/fr\/wp-json\/wp\/v2\/pages"}],"about":[{"href":"https:\/\/lloretdemar.org\/fr\/wp-json\/wp\/v2\/types\/page"}],"author":[{"embeddable":true,"href":"https:\/\/lloretdemar.org\/fr\/wp-json\/wp\/v2\/users\/12"}],"replies":[{"embeddable":true,"href":"https:\/\/lloretdemar.org\/fr\/wp-json\/wp\/v2\/comments?post=14156"}],"version-history":[{"count":0,"href":"https:\/\/lloretdemar.org\/fr\/wp-json\/wp\/v2\/pages\/14156\/revisions"}],"up":[{"embeddable":true,"href":"https:\/\/lloretdemar.org\/fr\/wp-json\/wp\/v2\/pages\/11731"}],"wp:attachment":[{"href":"https:\/\/lloretdemar.org\/fr\/wp-json\/wp\/v2\/media?parent=14156"}],"curies":[{"name":"wp","href":"https:\/\/api.w.org\/{rel}","templated":true}]}}