{"id":13958,"date":"2020-01-24T11:14:33","date_gmt":"2020-01-24T10:14:33","guid":{"rendered":"http:\/\/lloretdemar.org\/lloret-de-mar-de-dia\/cultura\/miradors\/"},"modified":"2020-05-21T11:53:56","modified_gmt":"2020-05-21T09:53:56","slug":"belvederes","status":"publish","type":"page","link":"https:\/\/lloretdemar.org\/fr\/quoi-faire-a-lloret\/lloret-de-mar-en-journee\/culture\/belvederes\/","title":{"rendered":"Belv\u00e9d\u00e8res"},"content":{"rendered":"\n<p>D\u00e9couvrez les endroits magiques de la Costa Brava et de son environnement naturel. Des lieux qui \u00e9chappent au rythme de la vie quotidienne de Lloret et qui peuvent \u00eatre admir\u00e9s depuis des belv\u00e9d\u00e8res situ\u00e9s dans des endroits singuliers, des falaises ou des points d\u2019int\u00e9r\u00eats que vous ne pouvez pas manquer.<\/p>\n","protected":false},"excerpt":{"rendered":"<p>D\u00e9couvrez les endroits magiques de la Costa Brava et de son environnement naturel. Des lieux qui \u00e9chappent au rythme de la vie quotidienne de Lloret et qui peuvent \u00eatre admir\u00e9s depuis des belv\u00e9d\u00e8res situ\u00e9s dans des endroits singuliers, des falaises ou des points d\u2019int\u00e9r\u00eats que vous ne pouvez pas manquer.<\/p>\n","protected":false},"author":12,"featured_media":0,"parent":13497,"menu_order":0,"comment_status":"closed","ping_status":"closed","template":"page-templates\/mouret-15.php","meta":{"_acf_changed":false,"content-type":"","footnotes":""},"class_list":["post-13958","page","type-page","status-publish","hentry"],"acf":{"banner_imatge":13959,"banner_titol":"Belv\u00e9d\u00e8res","banner_subtitol":"","botons_blanc_o_negres":"defecte","banner_links":[{"es_post":false,"banner_link":{"title":"Tur\u00f3 Rod\u00f3","url":"http:\/\/lloretdemar.org\/fr\/cultura\/turo-rodo\/","target":""},"link_intern":null,"link_intern_titol":""},{"es_post":false,"banner_link":{"title":"Sentier c\u00f4tier","url":"http:\/\/lloretdemar.org\/fr\/lloret-de-mar-de-dia\/cami-de-ronda\/","target":""},"link_intern":null,"link_intern_titol":""},{"es_post":false,"banner_link":{"title":"Ch\u00e2teau de Sant Joan","url":"http:\/\/lloretdemar.org\/fr\/cultura\/castell-de-sant-joan\/","target":""},"link_intern":null,"link_intern_titol":""},{"es_post":false,"banner_link":{"title":"Ch\u00e2teau d\u2019en Plaja","url":"http:\/\/lloretdemar.org\/fr\/cultura\/castell-den-plaja\/","target":""},"link_intern":null,"link_intern_titol":""},{"es_post":false,"banner_link":{"title":"Statue de la Dona Marinera","url":"http:\/\/lloretdemar.org\/fr\/cultura\/dona-marinera\/","target":""},"link_intern":null,"link_intern_titol":""}],"blocs":[{"titol":"Tur\u00f3 Rod\u00f3","descripcio":"Le village de Tur\u00f3 Rod\u00f3 est l\u2019un des trois sites arch\u00e9ologiques situ\u00e9s sur la commune de Lloret de Mar. C\u2019est le site le plus proche du centre ville. Ce petit village ib\u00e8re est situ\u00e9 sur un promontoire de 40 m\u00e8tres de haut, juste derri\u00e8re l\u2019embl\u00e9matique Ch\u00e2teau d\u2019en Plaja.","imatge":13532,"es_enllac_intern_o_extern":"intern","link_intern":{"title":"Plus d'informations","url":"http:\/\/lloretdemar.org\/fr\/cultura\/turo-rodo\/","target":""},"link_extern":"","link_extern_text":""},{"titol":"Sentier c\u00f4tier","descripcio":"La meilleure fa\u00e7on de go\u00fbter \u00e0 l\u2019essence de Lloret de Mar est d\u2019explorer les nombreux itin\u00e9raires de randonn\u00e9e qui longent le littoral ou qui s\u2019aventurent dans nos for\u00eats. Ils vous feront d\u00e9couvrir les secrets de la faune et de la flore m\u00e9diterran\u00e9enne.","imatge":13966,"es_enllac_intern_o_extern":"intern","link_intern":{"title":"Plus d'informations","url":"http:\/\/lloretdemar.org\/fr\/lloret-de-mar-de-dia\/cami-de-ronda\/","target":""},"link_extern":"","link_extern_text":""},{"titol":"Ch\u00e2teau de Sant Joan","descripcio":"Situ\u00e9 au sommet de la montagne qui s\u00e9pare les plages de Lloret de Mar et de Fenals, cette tour construite au XIe si\u00e8cle ap. J.-C. est un symbole de la commune.","imatge":13531,"es_enllac_intern_o_extern":"intern","link_intern":{"title":"Plus d'informations","url":"http:\/\/lloretdemar.org\/fr\/cultura\/castell-de-sant-joan\/","target":""},"link_extern":"","link_extern_text":""},{"titol":"Ch\u00e2teau d\u2019en Plaja","descripcio":"Situ\u00e9 au bout de la plage de Sa Caleta, ce ch\u00e2teau est l\u2019une des ic\u00f4nes de Lloret de Mar. Bien que d\u2019aspect ancien, ce b\u00e2timent est en fait une maison d\u2019\u00e9t\u00e9 que Narc\u00eds Plaja, industriel de G\u00e9rone, fit construire en 1935 sous la direction de l\u2019architecte Isidor Bosch.","imatge":10095,"es_enllac_intern_o_extern":"intern","link_intern":{"title":"Plus d'informations","url":"http:\/\/lloretdemar.org\/fr\/cultura\/castell-den-plaja\/","target":""},"link_extern":"","link_extern_text":""},{"titol":"Statue de la Dona Marinera","descripcio":"L\u2019ordre de r\u00e9aliser la \u00ab Dona Marinera \u00bb (femme de p\u00eacheur), une splendide statue de bronze que l\u2019on peut admirer au bout de la plage de Lloret, fut donn\u00e9 en 1966. \u0152uvre de l\u2019artiste Ernest Maragall, elle surplombe les environs du haut de ses 2,40 m.","imatge":13790,"es_enllac_intern_o_extern":"intern","link_intern":{"title":"Plus d'informations","url":"http:\/\/lloretdemar.org\/fr\/cultura\/dona-marinera\/","target":""},"link_extern":"","link_extern_text":""}],"titol_boto":"","document":"","apartats":null},"yoast_head":"<!-- This site is optimized with the Yoast SEO plugin v27.5 - https:\/\/yoast.com\/product\/yoast-seo-wordpress\/ -->\n<title>Belv\u00e9d\u00e8res - Lloret de Mar<\/title>\n<meta name=\"description\" content=\"D\u00e9couvrez les endroits magiques de la Costa Brava et de son environnement naturel. Des lieux qui \u00e9chappent au rythme de la vie quotidienne de Lloret et qui peuvent \u00eatre admir\u00e9s depuis des belv\u00e9d\u00e8res situ\u00e9s dans des endroits singuliers, des falaises ou des points d\u2019int\u00e9r\u00eats que vous ne pouvez pas manquer.\" \/>\n<meta name=\"robots\" content=\"index, follow, max-snippet:-1, max-image-preview:large, max-video-preview:-1\" \/>\n<link rel=\"canonical\" href=\"https:\/\/lloretdemar.org\/fr\/quoi-faire-a-lloret\/lloret-de-mar-en-journee\/culture\/belvederes\/\" \/>\n<meta property=\"og:locale\" content=\"fr_FR\" \/>\n<meta property=\"og:type\" content=\"article\" \/>\n<meta property=\"og:title\" content=\"Belv\u00e9d\u00e8res - Lloret de Mar\" \/>\n<meta property=\"og:description\" content=\"D\u00e9couvrez les endroits magiques de la Costa Brava et de son environnement naturel. Des lieux qui \u00e9chappent au rythme de la vie quotidienne de Lloret et qui peuvent \u00eatre admir\u00e9s depuis des belv\u00e9d\u00e8res situ\u00e9s dans des endroits singuliers, des falaises ou des points d\u2019int\u00e9r\u00eats que vous ne pouvez pas manquer.\" \/>\n<meta property=\"og:url\" content=\"https:\/\/lloretdemar.org\/fr\/quoi-faire-a-lloret\/lloret-de-mar-en-journee\/culture\/belvederes\/\" \/>\n<meta property=\"og:site_name\" content=\"Lloret de Mar\" \/>\n<meta property=\"article:publisher\" content=\"https:\/\/www.facebook.com\/Lloretturisme\" \/>\n<meta property=\"article:modified_time\" content=\"2020-05-21T09:53:56+00:00\" \/>\n<meta property=\"og:image\" content=\"https:\/\/lloretdemar.org\/wp-content\/uploads\/2020\/01\/lloret-categories6-1.jpg\" \/>\n\t<meta property=\"og:image:width\" content=\"1920\" \/>\n\t<meta property=\"og:image:height\" content=\"885\" \/>\n\t<meta property=\"og:image:type\" content=\"image\/jpeg\" \/>\n<meta name=\"twitter:card\" content=\"summary_large_image\" \/>\n<meta name=\"twitter:site\" content=\"@lloretturisme\" \/>\n<script type=\"application\/ld+json\" class=\"yoast-schema-graph\">{\"@context\":\"https:\\\/\\\/schema.org\",\"@graph\":[{\"@type\":\"WebPage\",\"@id\":\"https:\\\/\\\/lloretdemar.org\\\/fr\\\/quoi-faire-a-lloret\\\/lloret-de-mar-en-journee\\\/culture\\\/belvederes\\\/\",\"url\":\"https:\\\/\\\/lloretdemar.org\\\/fr\\\/quoi-faire-a-lloret\\\/lloret-de-mar-en-journee\\\/culture\\\/belvederes\\\/\",\"name\":\"Belv\u00e9d\u00e8res - Lloret de Mar\",\"isPartOf\":{\"@id\":\"https:\\\/\\\/lloretdemar.org\\\/fr\\\/#website\"},\"datePublished\":\"2020-01-24T10:14:33+00:00\",\"dateModified\":\"2020-05-21T09:53:56+00:00\",\"description\":\"Lloret de Mar\",\"breadcrumb\":{\"@id\":\"https:\\\/\\\/lloretdemar.org\\\/fr\\\/quoi-faire-a-lloret\\\/lloret-de-mar-en-journee\\\/culture\\\/belvederes\\\/#breadcrumb\"},\"inLanguage\":\"fr-FR\",\"potentialAction\":[{\"@type\":\"ReadAction\",\"target\":[\"https:\\\/\\\/lloretdemar.org\\\/fr\\\/quoi-faire-a-lloret\\\/lloret-de-mar-en-journee\\\/culture\\\/belvederes\\\/\"]}]},{\"@type\":\"BreadcrumbList\",\"@id\":\"https:\\\/\\\/lloretdemar.org\\\/fr\\\/quoi-faire-a-lloret\\\/lloret-de-mar-en-journee\\\/culture\\\/belvederes\\\/#breadcrumb\",\"itemListElement\":[{\"@type\":\"ListItem\",\"position\":1,\"name\":\"Home\",\"item\":\"https:\\\/\\\/lloretdemar.org\\\/fr\\\/\"},{\"@type\":\"ListItem\",\"position\":2,\"name\":\"Quoi faire \u00e0 Lloret\",\"item\":\"https:\\\/\\\/lloretdemar.org\\\/fr\\\/quoi-faire-a-lloret\\\/\"},{\"@type\":\"ListItem\",\"position\":3,\"name\":\"Lloret de Mar en Journ\u00e9e\",\"item\":\"https:\\\/\\\/lloretdemar.org\\\/fr\\\/quoi-faire-a-lloret\\\/lloret-de-mar-en-journee\\\/\"},{\"@type\":\"ListItem\",\"position\":4,\"name\":\"Culture\",\"item\":\"https:\\\/\\\/lloretdemar.org\\\/fr\\\/quoi-faire-a-lloret\\\/lloret-de-mar-en-journee\\\/culture\\\/\"},{\"@type\":\"ListItem\",\"position\":5,\"name\":\"Belv\u00e9d\u00e8res\"}]},{\"@type\":\"WebSite\",\"@id\":\"https:\\\/\\\/lloretdemar.org\\\/fr\\\/#website\",\"url\":\"https:\\\/\\\/lloretdemar.org\\\/fr\\\/\",\"name\":\"Lloret de Mar\",\"description\":\"\",\"publisher\":{\"@id\":\"https:\\\/\\\/lloretdemar.org\\\/fr\\\/#organization\"},\"potentialAction\":[{\"@type\":\"SearchAction\",\"target\":{\"@type\":\"EntryPoint\",\"urlTemplate\":\"https:\\\/\\\/lloretdemar.org\\\/fr\\\/?s={search_term_string}\"},\"query-input\":{\"@type\":\"PropertyValueSpecification\",\"valueRequired\":true,\"valueName\":\"search_term_string\"}}],\"inLanguage\":\"fr-FR\"},{\"@type\":\"Organization\",\"@id\":\"https:\\\/\\\/lloretdemar.org\\\/fr\\\/#organization\",\"name\":\"Lloret de Mar\",\"url\":\"https:\\\/\\\/lloretdemar.org\\\/fr\\\/\",\"logo\":{\"@type\":\"ImageObject\",\"inLanguage\":\"fr-FR\",\"@id\":\"https:\\\/\\\/lloretdemar.org\\\/fr\\\/#\\\/schema\\\/logo\\\/image\\\/\",\"url\":\"https:\\\/\\\/lloretdemar.org\\\/wp-content\\\/uploads\\\/2020\\\/05\\\/lloret-de-mar-logo.png\",\"contentUrl\":\"https:\\\/\\\/lloretdemar.org\\\/wp-content\\\/uploads\\\/2020\\\/05\\\/lloret-de-mar-logo.png\",\"width\":87,\"height\":38,\"caption\":\"Lloret de Mar\"},\"image\":{\"@id\":\"https:\\\/\\\/lloretdemar.org\\\/fr\\\/#\\\/schema\\\/logo\\\/image\\\/\"},\"sameAs\":[\"https:\\\/\\\/www.facebook.com\\\/Lloretturisme\",\"https:\\\/\\\/x.com\\\/lloretturisme\",\"https:\\\/\\\/instagram.com\\\/lloretturisme\",\"https:\\\/\\\/www.youtube.com\\\/LloretTurisme\"]}]}<\/script>\n<!-- \/ Yoast SEO plugin. -->","yoast_head_json":{"title":"Belv\u00e9d\u00e8res - Lloret de Mar","description":"D\u00e9couvrez les endroits magiques de la Costa Brava et de son environnement naturel. Des lieux qui \u00e9chappent au rythme de la vie quotidienne de Lloret et qui peuvent \u00eatre admir\u00e9s depuis des belv\u00e9d\u00e8res situ\u00e9s dans des endroits singuliers, des falaises ou des points d\u2019int\u00e9r\u00eats que vous ne pouvez pas manquer.","robots":{"index":"index","follow":"follow","max-snippet":"max-snippet:-1","max-image-preview":"max-image-preview:large","max-video-preview":"max-video-preview:-1"},"canonical":"https:\/\/lloretdemar.org\/fr\/quoi-faire-a-lloret\/lloret-de-mar-en-journee\/culture\/belvederes\/","og_locale":"fr_FR","og_type":"article","og_title":"Belv\u00e9d\u00e8res - Lloret de Mar","og_description":"D\u00e9couvrez les endroits magiques de la Costa Brava et de son environnement naturel. Des lieux qui \u00e9chappent au rythme de la vie quotidienne de Lloret et qui peuvent \u00eatre admir\u00e9s depuis des belv\u00e9d\u00e8res situ\u00e9s dans des endroits singuliers, des falaises ou des points d\u2019int\u00e9r\u00eats que vous ne pouvez pas manquer.","og_url":"https:\/\/lloretdemar.org\/fr\/quoi-faire-a-lloret\/lloret-de-mar-en-journee\/culture\/belvederes\/","og_site_name":"Lloret de Mar","article_publisher":"https:\/\/www.facebook.com\/Lloretturisme","article_modified_time":"2020-05-21T09:53:56+00:00","og_image":[{"width":1920,"height":885,"url":"https:\/\/lloretdemar.org\/wp-content\/uploads\/2020\/01\/lloret-categories6-1.jpg","type":"image\/jpeg"}],"twitter_card":"summary_large_image","twitter_site":"@lloretturisme","schema":{"@context":"https:\/\/schema.org","@graph":[{"@type":"WebPage","@id":"https:\/\/lloretdemar.org\/fr\/quoi-faire-a-lloret\/lloret-de-mar-en-journee\/culture\/belvederes\/","url":"https:\/\/lloretdemar.org\/fr\/quoi-faire-a-lloret\/lloret-de-mar-en-journee\/culture\/belvederes\/","name":"Belv\u00e9d\u00e8res - Lloret de Mar","isPartOf":{"@id":"https:\/\/lloretdemar.org\/fr\/#website"},"datePublished":"2020-01-24T10:14:33+00:00","dateModified":"2020-05-21T09:53:56+00:00","description":"Lloret de Mar","breadcrumb":{"@id":"https:\/\/lloretdemar.org\/fr\/quoi-faire-a-lloret\/lloret-de-mar-en-journee\/culture\/belvederes\/#breadcrumb"},"inLanguage":"fr-FR","potentialAction":[{"@type":"ReadAction","target":["https:\/\/lloretdemar.org\/fr\/quoi-faire-a-lloret\/lloret-de-mar-en-journee\/culture\/belvederes\/"]}]},{"@type":"BreadcrumbList","@id":"https:\/\/lloretdemar.org\/fr\/quoi-faire-a-lloret\/lloret-de-mar-en-journee\/culture\/belvederes\/#breadcrumb","itemListElement":[{"@type":"ListItem","position":1,"name":"Home","item":"https:\/\/lloretdemar.org\/fr\/"},{"@type":"ListItem","position":2,"name":"Quoi faire \u00e0 Lloret","item":"https:\/\/lloretdemar.org\/fr\/quoi-faire-a-lloret\/"},{"@type":"ListItem","position":3,"name":"Lloret de Mar en Journ\u00e9e","item":"https:\/\/lloretdemar.org\/fr\/quoi-faire-a-lloret\/lloret-de-mar-en-journee\/"},{"@type":"ListItem","position":4,"name":"Culture","item":"https:\/\/lloretdemar.org\/fr\/quoi-faire-a-lloret\/lloret-de-mar-en-journee\/culture\/"},{"@type":"ListItem","position":5,"name":"Belv\u00e9d\u00e8res"}]},{"@type":"WebSite","@id":"https:\/\/lloretdemar.org\/fr\/#website","url":"https:\/\/lloretdemar.org\/fr\/","name":"Lloret de Mar","description":"","publisher":{"@id":"https:\/\/lloretdemar.org\/fr\/#organization"},"potentialAction":[{"@type":"SearchAction","target":{"@type":"EntryPoint","urlTemplate":"https:\/\/lloretdemar.org\/fr\/?s={search_term_string}"},"query-input":{"@type":"PropertyValueSpecification","valueRequired":true,"valueName":"search_term_string"}}],"inLanguage":"fr-FR"},{"@type":"Organization","@id":"https:\/\/lloretdemar.org\/fr\/#organization","name":"Lloret de Mar","url":"https:\/\/lloretdemar.org\/fr\/","logo":{"@type":"ImageObject","inLanguage":"fr-FR","@id":"https:\/\/lloretdemar.org\/fr\/#\/schema\/logo\/image\/","url":"https:\/\/lloretdemar.org\/wp-content\/uploads\/2020\/05\/lloret-de-mar-logo.png","contentUrl":"https:\/\/lloretdemar.org\/wp-content\/uploads\/2020\/05\/lloret-de-mar-logo.png","width":87,"height":38,"caption":"Lloret de Mar"},"image":{"@id":"https:\/\/lloretdemar.org\/fr\/#\/schema\/logo\/image\/"},"sameAs":["https:\/\/www.facebook.com\/Lloretturisme","https:\/\/x.com\/lloretturisme","https:\/\/instagram.com\/lloretturisme","https:\/\/www.youtube.com\/LloretTurisme"]}]}},"_links":{"self":[{"href":"https:\/\/lloretdemar.org\/fr\/wp-json\/wp\/v2\/pages\/13958","targetHints":{"allow":["GET"]}}],"collection":[{"href":"https:\/\/lloretdemar.org\/fr\/wp-json\/wp\/v2\/pages"}],"about":[{"href":"https:\/\/lloretdemar.org\/fr\/wp-json\/wp\/v2\/types\/page"}],"author":[{"embeddable":true,"href":"https:\/\/lloretdemar.org\/fr\/wp-json\/wp\/v2\/users\/12"}],"replies":[{"embeddable":true,"href":"https:\/\/lloretdemar.org\/fr\/wp-json\/wp\/v2\/comments?post=13958"}],"version-history":[{"count":0,"href":"https:\/\/lloretdemar.org\/fr\/wp-json\/wp\/v2\/pages\/13958\/revisions"}],"up":[{"embeddable":true,"href":"https:\/\/lloretdemar.org\/fr\/wp-json\/wp\/v2\/pages\/13497"}],"wp:attachment":[{"href":"https:\/\/lloretdemar.org\/fr\/wp-json\/wp\/v2\/media?parent=13958"}],"curies":[{"name":"wp","href":"https:\/\/api.w.org\/{rel}","templated":true}]}}