{"id":13901,"date":"2020-01-24T11:25:03","date_gmt":"2020-01-24T10:25:03","guid":{"rendered":"http:\/\/lloretdemar.org\/lloret-de-mar-de-dia\/cultura\/punts-dinteres\/"},"modified":"2025-09-30T09:26:41","modified_gmt":"2025-09-30T07:26:41","slug":"points-dinteret","status":"publish","type":"page","link":"https:\/\/lloretdemar.org\/fr\/quoi-faire-a-lloret\/lloret-de-mar-en-journee\/culture\/points-dinteret\/","title":{"rendered":"Points d\u2019Int\u00e9r\u00eat"},"content":{"rendered":"\r\n<p>Visitez certains points d\u2019int\u00e9r\u00eat \u00e0 Lloret de Mar, \u00e0 commencer par des maisons et des monuments qui enrichissent le patrimoine culturel de la ville.<\/p>\r\n","protected":false},"excerpt":{"rendered":"<p>Visitez certains points d\u2019int\u00e9r\u00eat \u00e0 Lloret de Mar, \u00e0 commencer par des maisons et des monuments qui enrichissent le patrimoine culturel de la ville.<\/p>\n","protected":false},"author":12,"featured_media":0,"parent":13497,"menu_order":0,"comment_status":"closed","ping_status":"closed","template":"page-templates\/mouret-15.php","meta":{"_acf_changed":false,"content-type":"","footnotes":""},"class_list":["post-13901","page","type-page","status-publish","hentry"],"acf":{"banner_imatge":13902,"banner_titol":"Points d\u2019Int\u00e9r\u00eat","banner_subtitol":"","botons_blanc_o_negres":"defecte","banner_links":[{"es_post":false,"banner_link":{"title":"Maisonnettes de l\u2019\u00c0ngel","url":"http:\/\/lloretdemar.org\/fr\/cultura\/casetes-de-langel\/","target":""},"link_intern":null,"link_intern_titol":""},{"es_post":false,"banner_link":{"title":"Caba\u00f1as Maison","url":"http:\/\/lloretdemar.org\/fr\/cultura\/casa-cabanas\/","target":""},"link_intern":null,"link_intern_titol":""},{"es_post":false,"banner_link":{"title":"Sculpture d\u2019Apollon et de Daphn\u00e9","url":"http:\/\/lloretdemar.org\/fr\/cultura\/monument-dapollo-i-dafne\/","target":""},"link_intern":null,"link_intern_titol":""},{"es_post":false,"banner_link":{"title":"Sculpture de l\u2019Esguard","url":"http:\/\/lloretdemar.org\/fr\/cultura\/monument-a-lesguard\/","target":""},"link_intern":null,"link_intern_titol":""},{"es_post":false,"banner_link":{"title":"Sculpture de la Sardane","url":"http:\/\/lloretdemar.org\/fr\/cultura\/monument-a-la-sardana\/","target":""},"link_intern":null,"link_intern_titol":""},{"es_post":false,"banner_link":{"title":"Font de Canaletes","url":"http:\/\/lloretdemar.org\/fr\/cultura\/font-de-canaletes\/","target":""},"link_intern":null,"link_intern_titol":""}],"blocs":[{"titol":"Maisonnettes de l\u2019\u00c0ngel","descripcio":"Deux maisons situ\u00e9es de part et d'autre du chemin de St. Pere del Bosc, construites \u00e0 la toute fin du XIXe si\u00e8cle comme le reste des \u00e9l\u00e9ments de ce parcours moderniste.","imatge":7253,"es_enllac_intern_o_extern":"intern","link_intern":{"title":"Maisonnettes de l\u2019\u00c0ngel","url":"http:\/\/lloretdemar.org\/fr\/cultura\/casetes-de-langel\/","target":""},"link_extern":"","link_extern_text":""},{"titol":"Casa Caba\u00f1as","descripcio":"Manoir de plan carr\u00e9 \u00e0 trois \u00e9tages, soulign\u00e9 par des corniches orn\u00e9es de reliefs. La porte, en arc bris\u00e9, pr\u00e9sente un linteau et des montants d\u00e9cor\u00e9s de reliefs simples.","imatge":7259,"es_enllac_intern_o_extern":"intern","link_intern":{"title":"Casa Caba\u00f1as","url":"http:\/\/lloretdemar.org\/fr\/cultura\/casa-cabanas\/","target":""},"link_extern":"","link_extern_text":""},{"titol":"Sculpture d\u2019Apollon et de Daphn\u00e9","descripcio":"Il s'agit de l'\u0153uvre de l'artiste de G\u00e9rone, Bonaventura Ans\u00f3, et elle a \u00e9t\u00e9 inaugur\u00e9e le 14 octobre 2001, dans le cadre des c\u00e9r\u00e9monies d'ouverture pour comm\u00e9morer le mill\u00e9naire de Lloret de Mar. L'artiste s'est inspir\u00e9 de la l\u00e9gende d'Apollon et Daphn\u00e9, d'o\u00f9 \u00e9mergerait la ville de Lloret.","imatge":7265,"es_enllac_intern_o_extern":"intern","link_intern":{"title":"Sculpture d\u2019Apollon et de Daphn\u00e9","url":"http:\/\/lloretdemar.org\/fr\/cultura\/monument-dapollo-i-dafne\/","target":""},"link_extern":"","link_extern_text":""},{"titol":"Sculpture de l\u2019Esguard","descripcio":"Cette sculpture est l'\u0153uvre de Rosa Serra et a \u00e9t\u00e9 inaugur\u00e9e le 15 octobre 2000 en comm\u00e9moration de la Rencontre Internationale des Clubs de Supporters de Barcelone \u00e0 Lloret de Mar.","imatge":7271,"es_enllac_intern_o_extern":"intern","link_intern":{"title":"Sculpture de l\u2019Esguard","url":"http:\/\/lloretdemar.org\/fr\/cultura\/monument-a-lesguard\/","target":""},"link_extern":"","link_extern_text":""},{"titol":"Sculpture de la Sardane","descripcio":"En 1971, la ville de Lloret de Mar fut proclam\u00e9e Ville Publique de la Sardane. Pour comm\u00e9morer cet \u00e9v\u00e9nement, la mairie d\u00e9cida d'\u00e9riger un monument d\u00e9di\u00e9 \u00e0 la danse catalane, con\u00e7u et r\u00e9alis\u00e9 en m\u00e9tal par le sculpteur g\u00e9ronais Dom\u00e8nec Fita.","imatge":7277,"es_enllac_intern_o_extern":"intern","link_intern":{"title":"Sculpture de la Sardane","url":"http:\/\/lloretdemar.org\/fr\/cultura\/monument-a-la-sardana\/","target":""},"link_extern":"","link_extern_text":""},{"titol":"Font de Canaletes","descripcio":"Situ\u00e9e sur le Passeig d'Agust\u00ed Font, c'est une r\u00e9plique exacte de la c\u00e9l\u00e8bre fontaine du m\u00eame nom que l'on trouve sur les Ramblas de Barcelone. Elle fut offerte par la ville \u00e0 Lloret de Mar en 1968. Si vous vous promenez le long de la promenade, ne manquez pas de la voir\u00a0!","imatge":10542,"es_enllac_intern_o_extern":"intern","link_intern":{"title":"Font de Canaletes","url":"http:\/\/lloretdemar.org\/fr\/cultura\/font-de-canaletes\/","target":""},"link_extern":"","link_extern_text":""}],"titol_boto":"","document":"","apartats":null},"yoast_head":"<!-- This site is optimized with the Yoast SEO plugin v27.5 - https:\/\/yoast.com\/product\/yoast-seo-wordpress\/ -->\n<title>Points d\u2019Int\u00e9r\u00eat - Lloret de Mar<\/title>\n<meta name=\"description\" content=\"Visitez certains points d\u2019int\u00e9r\u00eat \u00e0 Lloret de Mar, \u00e0 commencer par des maisons et des monuments qui enrichissent le patrimoine culturel de la ville.\" \/>\n<meta name=\"robots\" content=\"index, follow, max-snippet:-1, max-image-preview:large, max-video-preview:-1\" \/>\n<link rel=\"canonical\" href=\"https:\/\/lloretdemar.org\/fr\/quoi-faire-a-lloret\/lloret-de-mar-en-journee\/culture\/points-dinteret\/\" \/>\n<meta property=\"og:locale\" content=\"fr_FR\" \/>\n<meta property=\"og:type\" content=\"article\" \/>\n<meta property=\"og:title\" content=\"Points d\u2019Int\u00e9r\u00eat - Lloret de Mar\" \/>\n<meta property=\"og:description\" content=\"Visitez certains points d\u2019int\u00e9r\u00eat \u00e0 Lloret de Mar, \u00e0 commencer par des maisons et des monuments qui enrichissent le patrimoine culturel de la ville.\" \/>\n<meta property=\"og:url\" content=\"https:\/\/lloretdemar.org\/fr\/quoi-faire-a-lloret\/lloret-de-mar-en-journee\/culture\/points-dinteret\/\" \/>\n<meta property=\"og:site_name\" content=\"Lloret de Mar\" \/>\n<meta property=\"article:publisher\" content=\"https:\/\/www.facebook.com\/Lloretturisme\" \/>\n<meta property=\"article:modified_time\" content=\"2025-09-30T07:26:41+00:00\" \/>\n<meta property=\"og:image\" content=\"https:\/\/lloretdemar.org\/wp-content\/uploads\/2020\/01\/lloret-categories5.jpg\" \/>\n\t<meta property=\"og:image:width\" content=\"1920\" \/>\n\t<meta property=\"og:image:height\" content=\"885\" \/>\n\t<meta property=\"og:image:type\" content=\"image\/jpeg\" \/>\n<meta name=\"twitter:card\" content=\"summary_large_image\" \/>\n<meta name=\"twitter:site\" content=\"@lloretturisme\" \/>\n<meta name=\"twitter:label1\" content=\"Dur\u00e9e de lecture estim\u00e9e\" \/>\n\t<meta name=\"twitter:data1\" content=\"1 minute\" \/>\n<script type=\"application\/ld+json\" class=\"yoast-schema-graph\">{\"@context\":\"https:\\\/\\\/schema.org\",\"@graph\":[{\"@type\":\"WebPage\",\"@id\":\"https:\\\/\\\/lloretdemar.org\\\/fr\\\/quoi-faire-a-lloret\\\/lloret-de-mar-en-journee\\\/culture\\\/points-dinteret\\\/\",\"url\":\"https:\\\/\\\/lloretdemar.org\\\/fr\\\/quoi-faire-a-lloret\\\/lloret-de-mar-en-journee\\\/culture\\\/points-dinteret\\\/\",\"name\":\"Points d\u2019Int\u00e9r\u00eat - Lloret de Mar\",\"isPartOf\":{\"@id\":\"https:\\\/\\\/lloretdemar.org\\\/fr\\\/#website\"},\"datePublished\":\"2020-01-24T10:25:03+00:00\",\"dateModified\":\"2025-09-30T07:26:41+00:00\",\"description\":\"Lloret de Mar\",\"breadcrumb\":{\"@id\":\"https:\\\/\\\/lloretdemar.org\\\/fr\\\/quoi-faire-a-lloret\\\/lloret-de-mar-en-journee\\\/culture\\\/points-dinteret\\\/#breadcrumb\"},\"inLanguage\":\"fr-FR\",\"potentialAction\":[{\"@type\":\"ReadAction\",\"target\":[\"https:\\\/\\\/lloretdemar.org\\\/fr\\\/quoi-faire-a-lloret\\\/lloret-de-mar-en-journee\\\/culture\\\/points-dinteret\\\/\"]}]},{\"@type\":\"BreadcrumbList\",\"@id\":\"https:\\\/\\\/lloretdemar.org\\\/fr\\\/quoi-faire-a-lloret\\\/lloret-de-mar-en-journee\\\/culture\\\/points-dinteret\\\/#breadcrumb\",\"itemListElement\":[{\"@type\":\"ListItem\",\"position\":1,\"name\":\"Home\",\"item\":\"https:\\\/\\\/lloretdemar.org\\\/fr\\\/\"},{\"@type\":\"ListItem\",\"position\":2,\"name\":\"Quoi faire \u00e0 Lloret\",\"item\":\"https:\\\/\\\/lloretdemar.org\\\/fr\\\/quoi-faire-a-lloret\\\/\"},{\"@type\":\"ListItem\",\"position\":3,\"name\":\"Lloret de Mar en Journ\u00e9e\",\"item\":\"https:\\\/\\\/lloretdemar.org\\\/fr\\\/quoi-faire-a-lloret\\\/lloret-de-mar-en-journee\\\/\"},{\"@type\":\"ListItem\",\"position\":4,\"name\":\"Culture\",\"item\":\"https:\\\/\\\/lloretdemar.org\\\/fr\\\/quoi-faire-a-lloret\\\/lloret-de-mar-en-journee\\\/culture\\\/\"},{\"@type\":\"ListItem\",\"position\":5,\"name\":\"Points d\u2019Int\u00e9r\u00eat\"}]},{\"@type\":\"WebSite\",\"@id\":\"https:\\\/\\\/lloretdemar.org\\\/fr\\\/#website\",\"url\":\"https:\\\/\\\/lloretdemar.org\\\/fr\\\/\",\"name\":\"Lloret de Mar\",\"description\":\"\",\"publisher\":{\"@id\":\"https:\\\/\\\/lloretdemar.org\\\/fr\\\/#organization\"},\"potentialAction\":[{\"@type\":\"SearchAction\",\"target\":{\"@type\":\"EntryPoint\",\"urlTemplate\":\"https:\\\/\\\/lloretdemar.org\\\/fr\\\/?s={search_term_string}\"},\"query-input\":{\"@type\":\"PropertyValueSpecification\",\"valueRequired\":true,\"valueName\":\"search_term_string\"}}],\"inLanguage\":\"fr-FR\"},{\"@type\":\"Organization\",\"@id\":\"https:\\\/\\\/lloretdemar.org\\\/fr\\\/#organization\",\"name\":\"Lloret de Mar\",\"url\":\"https:\\\/\\\/lloretdemar.org\\\/fr\\\/\",\"logo\":{\"@type\":\"ImageObject\",\"inLanguage\":\"fr-FR\",\"@id\":\"https:\\\/\\\/lloretdemar.org\\\/fr\\\/#\\\/schema\\\/logo\\\/image\\\/\",\"url\":\"https:\\\/\\\/lloretdemar.org\\\/wp-content\\\/uploads\\\/2020\\\/05\\\/lloret-de-mar-logo.png\",\"contentUrl\":\"https:\\\/\\\/lloretdemar.org\\\/wp-content\\\/uploads\\\/2020\\\/05\\\/lloret-de-mar-logo.png\",\"width\":87,\"height\":38,\"caption\":\"Lloret de Mar\"},\"image\":{\"@id\":\"https:\\\/\\\/lloretdemar.org\\\/fr\\\/#\\\/schema\\\/logo\\\/image\\\/\"},\"sameAs\":[\"https:\\\/\\\/www.facebook.com\\\/Lloretturisme\",\"https:\\\/\\\/x.com\\\/lloretturisme\",\"https:\\\/\\\/instagram.com\\\/lloretturisme\",\"https:\\\/\\\/www.youtube.com\\\/LloretTurisme\"]}]}<\/script>\n<!-- \/ Yoast SEO plugin. -->","yoast_head_json":{"title":"Points d\u2019Int\u00e9r\u00eat - Lloret de Mar","description":"Visitez certains points d\u2019int\u00e9r\u00eat \u00e0 Lloret de Mar, \u00e0 commencer par des maisons et des monuments qui enrichissent le patrimoine culturel de la ville.","robots":{"index":"index","follow":"follow","max-snippet":"max-snippet:-1","max-image-preview":"max-image-preview:large","max-video-preview":"max-video-preview:-1"},"canonical":"https:\/\/lloretdemar.org\/fr\/quoi-faire-a-lloret\/lloret-de-mar-en-journee\/culture\/points-dinteret\/","og_locale":"fr_FR","og_type":"article","og_title":"Points d\u2019Int\u00e9r\u00eat - Lloret de Mar","og_description":"Visitez certains points d\u2019int\u00e9r\u00eat \u00e0 Lloret de Mar, \u00e0 commencer par des maisons et des monuments qui enrichissent le patrimoine culturel de la ville.","og_url":"https:\/\/lloretdemar.org\/fr\/quoi-faire-a-lloret\/lloret-de-mar-en-journee\/culture\/points-dinteret\/","og_site_name":"Lloret de Mar","article_publisher":"https:\/\/www.facebook.com\/Lloretturisme","article_modified_time":"2025-09-30T07:26:41+00:00","og_image":[{"width":1920,"height":885,"url":"https:\/\/lloretdemar.org\/wp-content\/uploads\/2020\/01\/lloret-categories5.jpg","type":"image\/jpeg"}],"twitter_card":"summary_large_image","twitter_site":"@lloretturisme","twitter_misc":{"Dur\u00e9e de lecture estim\u00e9e":"1 minute"},"schema":{"@context":"https:\/\/schema.org","@graph":[{"@type":"WebPage","@id":"https:\/\/lloretdemar.org\/fr\/quoi-faire-a-lloret\/lloret-de-mar-en-journee\/culture\/points-dinteret\/","url":"https:\/\/lloretdemar.org\/fr\/quoi-faire-a-lloret\/lloret-de-mar-en-journee\/culture\/points-dinteret\/","name":"Points d\u2019Int\u00e9r\u00eat - Lloret de Mar","isPartOf":{"@id":"https:\/\/lloretdemar.org\/fr\/#website"},"datePublished":"2020-01-24T10:25:03+00:00","dateModified":"2025-09-30T07:26:41+00:00","description":"Lloret de Mar","breadcrumb":{"@id":"https:\/\/lloretdemar.org\/fr\/quoi-faire-a-lloret\/lloret-de-mar-en-journee\/culture\/points-dinteret\/#breadcrumb"},"inLanguage":"fr-FR","potentialAction":[{"@type":"ReadAction","target":["https:\/\/lloretdemar.org\/fr\/quoi-faire-a-lloret\/lloret-de-mar-en-journee\/culture\/points-dinteret\/"]}]},{"@type":"BreadcrumbList","@id":"https:\/\/lloretdemar.org\/fr\/quoi-faire-a-lloret\/lloret-de-mar-en-journee\/culture\/points-dinteret\/#breadcrumb","itemListElement":[{"@type":"ListItem","position":1,"name":"Home","item":"https:\/\/lloretdemar.org\/fr\/"},{"@type":"ListItem","position":2,"name":"Quoi faire \u00e0 Lloret","item":"https:\/\/lloretdemar.org\/fr\/quoi-faire-a-lloret\/"},{"@type":"ListItem","position":3,"name":"Lloret de Mar en Journ\u00e9e","item":"https:\/\/lloretdemar.org\/fr\/quoi-faire-a-lloret\/lloret-de-mar-en-journee\/"},{"@type":"ListItem","position":4,"name":"Culture","item":"https:\/\/lloretdemar.org\/fr\/quoi-faire-a-lloret\/lloret-de-mar-en-journee\/culture\/"},{"@type":"ListItem","position":5,"name":"Points d\u2019Int\u00e9r\u00eat"}]},{"@type":"WebSite","@id":"https:\/\/lloretdemar.org\/fr\/#website","url":"https:\/\/lloretdemar.org\/fr\/","name":"Lloret de Mar","description":"","publisher":{"@id":"https:\/\/lloretdemar.org\/fr\/#organization"},"potentialAction":[{"@type":"SearchAction","target":{"@type":"EntryPoint","urlTemplate":"https:\/\/lloretdemar.org\/fr\/?s={search_term_string}"},"query-input":{"@type":"PropertyValueSpecification","valueRequired":true,"valueName":"search_term_string"}}],"inLanguage":"fr-FR"},{"@type":"Organization","@id":"https:\/\/lloretdemar.org\/fr\/#organization","name":"Lloret de Mar","url":"https:\/\/lloretdemar.org\/fr\/","logo":{"@type":"ImageObject","inLanguage":"fr-FR","@id":"https:\/\/lloretdemar.org\/fr\/#\/schema\/logo\/image\/","url":"https:\/\/lloretdemar.org\/wp-content\/uploads\/2020\/05\/lloret-de-mar-logo.png","contentUrl":"https:\/\/lloretdemar.org\/wp-content\/uploads\/2020\/05\/lloret-de-mar-logo.png","width":87,"height":38,"caption":"Lloret de Mar"},"image":{"@id":"https:\/\/lloretdemar.org\/fr\/#\/schema\/logo\/image\/"},"sameAs":["https:\/\/www.facebook.com\/Lloretturisme","https:\/\/x.com\/lloretturisme","https:\/\/instagram.com\/lloretturisme","https:\/\/www.youtube.com\/LloretTurisme"]}]}},"_links":{"self":[{"href":"https:\/\/lloretdemar.org\/fr\/wp-json\/wp\/v2\/pages\/13901","targetHints":{"allow":["GET"]}}],"collection":[{"href":"https:\/\/lloretdemar.org\/fr\/wp-json\/wp\/v2\/pages"}],"about":[{"href":"https:\/\/lloretdemar.org\/fr\/wp-json\/wp\/v2\/types\/page"}],"author":[{"embeddable":true,"href":"https:\/\/lloretdemar.org\/fr\/wp-json\/wp\/v2\/users\/12"}],"replies":[{"embeddable":true,"href":"https:\/\/lloretdemar.org\/fr\/wp-json\/wp\/v2\/comments?post=13901"}],"version-history":[{"count":1,"href":"https:\/\/lloretdemar.org\/fr\/wp-json\/wp\/v2\/pages\/13901\/revisions"}],"predecessor-version":[{"id":42139,"href":"https:\/\/lloretdemar.org\/fr\/wp-json\/wp\/v2\/pages\/13901\/revisions\/42139"}],"up":[{"embeddable":true,"href":"https:\/\/lloretdemar.org\/fr\/wp-json\/wp\/v2\/pages\/13497"}],"wp:attachment":[{"href":"https:\/\/lloretdemar.org\/fr\/wp-json\/wp\/v2\/media?parent=13901"}],"curies":[{"name":"wp","href":"https:\/\/api.w.org\/{rel}","templated":true}]}}