{"id":13874,"date":"2020-01-24T10:49:49","date_gmt":"2020-01-24T09:49:49","guid":{"rendered":"http:\/\/lloretdemar.org\/lloret-de-mar-de-dia\/cultura\/modernisme\/"},"modified":"2022-02-09T10:43:24","modified_gmt":"2022-02-09T09:43:24","slug":"modernisme","status":"publish","type":"page","link":"https:\/\/lloretdemar.org\/fr\/quoi-faire-a-lloret\/lloret-de-mar-en-journee\/culture\/modernisme\/","title":{"rendered":"Modernisme"},"content":{"rendered":"\n<p>L\u2019empreinte artistique laiss\u00e9e \u00e0 Lloret de Mar par les indianos est du style Art nouveau, ou modernisme, le courant artistique dominant \u00e0 l\u2019\u00e9poque. Le cimeti\u00e8re moderniste, con\u00e7u par l\u2019architecte de renom Puig i Cadafalch (l\u2019une des figures les plus importantes de l\u2019Art nouveau catalan) ou l\u2019\u00e9glise paroissiale de Sant Rom\u00e0 avec ses d\u00f4mes color\u00e9s en sont des exemples repr\u00e9sentatifs.<\/p>\n","protected":false},"excerpt":{"rendered":"<p>L\u2019empreinte artistique laiss\u00e9e \u00e0 Lloret de Mar par les indianos est du style Art nouveau, ou modernisme, le courant artistique dominant \u00e0 l\u2019\u00e9poque. Le cimeti\u00e8re moderniste, con\u00e7u par l\u2019architecte de renom Puig i Cadafalch (l\u2019une des figures les plus importantes de l\u2019Art nouveau catalan) ou l\u2019\u00e9glise paroissiale de Sant Rom\u00e0 avec ses d\u00f4mes color\u00e9s en [&hellip;]<\/p>\n","protected":false},"author":12,"featured_media":0,"parent":13497,"menu_order":0,"comment_status":"closed","ping_status":"closed","template":"page-templates\/mouret-15.php","meta":{"_acf_changed":false,"content-type":"","footnotes":""},"class_list":["post-13874","page","type-page","status-publish","hentry"],"acf":{"banner_imatge":11656,"banner_titol":"Modernisme","banner_subtitol":"","botons_blanc_o_negres":"defecte","banner_links":[{"es_post":false,"banner_link":{"title":"Cimeti\u00e8re moderniste","url":"http:\/\/lloretdemar.org\/fr\/cultura\/cementiri-modernista\/","target":""},"link_intern":null,"link_intern_titol":""},{"es_post":false,"banner_link":{"title":"\u00c9glise paroissiale Sant Rom\u00e0","url":"http:\/\/lloretdemar.org\/fr\/cultura\/esglesia-parroquial-de-sant-roma\/","target":""},"link_intern":null,"link_intern_titol":""},{"es_post":false,"banner_link":{"title":"Sant Pere del Bosc","url":"http:\/\/lloretdemar.org\/fr\/cultura\/sant-pere-del-bosc\/","target":""},"link_intern":null,"link_intern_titol":""},{"es_post":false,"banner_link":{"title":"Can Font","url":"http:\/\/lloretdemar.org\/fr\/cultura\/can-font\/","target":""},"link_intern":null,"link_intern_titol":""}],"blocs":[{"titol":"Cimeti\u00e8re Moderniste","descripcio":"Le cimeti\u00e8re de Lloret de Mar fait partie de la Route europ\u00e9enne des cimeti\u00e8res. C\u2019est l\u2019un des principaux exemples d\u2019art fun\u00e9raire catalan du XIXe si\u00e8cle et il est tr\u00e8s marqu\u00e9 par l\u2019influence indiana.","imatge":13527,"es_enllac_intern_o_extern":"intern","link_intern":{"title":"Plus d'informations","url":"http:\/\/lloretdemar.org\/fr\/cultura\/cementiri-modernista\/","target":""},"link_extern":"","link_extern_text":""},{"titol":"\u00c9glise paroissiale Sant Rom\u00e0","descripcio":"En vous promenant dans le centre historique de Lloret de Mar, vous d\u00e9couvrirez l\u2019\u00e9glise de Sant Rom\u00e0, patron de Lloret de Mar. L\u2019\u00e9glise est un exemple patrimonial qui refl\u00e8te les deux \u00e9poques de construction aux architectures tr\u00e8s diff\u00e9rentes.","imatge":13526,"es_enllac_intern_o_extern":"intern","link_intern":{"title":"Plus d'informations","url":"http:\/\/lloretdemar.org\/fr\/cultura\/esglesia-parroquial-de-sant-roma\/","target":""},"link_extern":"","link_extern_text":""},{"titol":"Sant Pere del Bosc","descripcio":"\u00c0 5\u00a0km du centre de Lloret de Mar, entour\u00e9 de nature, se trouve l\u2019h\u00f4tel-restaurant de Sant Pere del Bosc, reconstruit par Puig i Cadafalch au XIX<sup>e<\/sup> si\u00e8cle \u00e0 partir d\u2019un ancien monast\u00e8re b\u00e9n\u00e9dictin du X<sup>e<\/sup> si\u00e8cle.","imatge":10514,"es_enllac_intern_o_extern":"intern","link_intern":{"title":"Plus d'informations","url":"http:\/\/lloretdemar.org\/fr\/cultura\/sant-pere-del-bosc\/","target":""},"link_extern":"","link_extern_text":""},{"titol":"Can Font","descripcio":"Can Font est un b\u00e2timent de style Art nouveau, \u00e9galement connu sous le nom de Cal Conde ou Can Piuet. Il fut construit en 1877 \u00e0 la demande de Nicolau Font i Maig, son premier propri\u00e9taire.","imatge":13528,"es_enllac_intern_o_extern":"intern","link_intern":{"title":"Plus d'informations","url":"http:\/\/lloretdemar.org\/fr\/cultura\/can-font\/","target":""},"link_extern":"","link_extern_text":""}],"titol_boto":"","document":"","apartats":null},"yoast_head":"<!-- This site is optimized with the Yoast SEO plugin v27.5 - https:\/\/yoast.com\/product\/yoast-seo-wordpress\/ -->\n<title>Modernisme - Lloret de Mar<\/title>\n<meta name=\"description\" content=\"L\u2019empreinte artistique laiss\u00e9e \u00e0 Lloret de Mar par les indianos est du style Art nouveau, ou modernisme, le courant artistique dominant \u00e0 l\u2019\u00e9poque. Le cimeti\u00e8re moderniste, con\u00e7u par l\u2019architecte de renom Puig i Cadafalch (l\u2019une des figures les plus importantes de l\u2019Art nouveau catalan) ou l\u2019\u00e9glise paroissiale de Sant Rom\u00e0 avec ses d\u00f4mes color\u00e9s en\u2026\" \/>\n<meta name=\"robots\" content=\"index, follow, max-snippet:-1, max-image-preview:large, max-video-preview:-1\" \/>\n<link rel=\"canonical\" href=\"https:\/\/lloretdemar.org\/fr\/quoi-faire-a-lloret\/lloret-de-mar-en-journee\/culture\/modernisme\/\" \/>\n<meta property=\"og:locale\" content=\"fr_FR\" \/>\n<meta property=\"og:type\" content=\"article\" \/>\n<meta property=\"og:title\" content=\"Modernisme - Lloret de Mar\" \/>\n<meta property=\"og:description\" content=\"L\u2019empreinte artistique laiss\u00e9e \u00e0 Lloret de Mar par les indianos est du style Art nouveau, ou modernisme, le courant artistique dominant \u00e0 l\u2019\u00e9poque. Le cimeti\u00e8re moderniste, con\u00e7u par l\u2019architecte de renom Puig i Cadafalch (l\u2019une des figures les plus importantes de l\u2019Art nouveau catalan) ou l\u2019\u00e9glise paroissiale de Sant Rom\u00e0 avec ses d\u00f4mes color\u00e9s en\u2026\" \/>\n<meta property=\"og:url\" content=\"https:\/\/lloretdemar.org\/fr\/quoi-faire-a-lloret\/lloret-de-mar-en-journee\/culture\/modernisme\/\" \/>\n<meta property=\"og:site_name\" content=\"Lloret de Mar\" \/>\n<meta property=\"article:publisher\" content=\"https:\/\/www.facebook.com\/Lloretturisme\" \/>\n<meta property=\"article:modified_time\" content=\"2022-02-09T09:43:24+00:00\" \/>\n<meta property=\"og:image\" content=\"https:\/\/lloretdemar.org\/wp-content\/uploads\/2020\/01\/lloret-categories8.jpg\" \/>\n\t<meta property=\"og:image:width\" content=\"1920\" \/>\n\t<meta property=\"og:image:height\" content=\"885\" \/>\n\t<meta property=\"og:image:type\" content=\"image\/jpeg\" \/>\n<meta name=\"twitter:card\" content=\"summary_large_image\" \/>\n<meta name=\"twitter:site\" content=\"@lloretturisme\" \/>\n<meta name=\"twitter:label1\" content=\"Dur\u00e9e de lecture estim\u00e9e\" \/>\n\t<meta name=\"twitter:data1\" content=\"1 minute\" \/>\n<script type=\"application\/ld+json\" class=\"yoast-schema-graph\">{\"@context\":\"https:\\\/\\\/schema.org\",\"@graph\":[{\"@type\":\"WebPage\",\"@id\":\"https:\\\/\\\/lloretdemar.org\\\/fr\\\/quoi-faire-a-lloret\\\/lloret-de-mar-en-journee\\\/culture\\\/modernisme\\\/\",\"url\":\"https:\\\/\\\/lloretdemar.org\\\/fr\\\/quoi-faire-a-lloret\\\/lloret-de-mar-en-journee\\\/culture\\\/modernisme\\\/\",\"name\":\"Modernisme - Lloret de Mar\",\"isPartOf\":{\"@id\":\"https:\\\/\\\/lloretdemar.org\\\/fr\\\/#website\"},\"datePublished\":\"2020-01-24T09:49:49+00:00\",\"dateModified\":\"2022-02-09T09:43:24+00:00\",\"description\":\"Lloret de Mar\",\"breadcrumb\":{\"@id\":\"https:\\\/\\\/lloretdemar.org\\\/fr\\\/quoi-faire-a-lloret\\\/lloret-de-mar-en-journee\\\/culture\\\/modernisme\\\/#breadcrumb\"},\"inLanguage\":\"fr-FR\",\"potentialAction\":[{\"@type\":\"ReadAction\",\"target\":[\"https:\\\/\\\/lloretdemar.org\\\/fr\\\/quoi-faire-a-lloret\\\/lloret-de-mar-en-journee\\\/culture\\\/modernisme\\\/\"]}]},{\"@type\":\"BreadcrumbList\",\"@id\":\"https:\\\/\\\/lloretdemar.org\\\/fr\\\/quoi-faire-a-lloret\\\/lloret-de-mar-en-journee\\\/culture\\\/modernisme\\\/#breadcrumb\",\"itemListElement\":[{\"@type\":\"ListItem\",\"position\":1,\"name\":\"Home\",\"item\":\"https:\\\/\\\/lloretdemar.org\\\/fr\\\/\"},{\"@type\":\"ListItem\",\"position\":2,\"name\":\"Quoi faire \u00e0 Lloret\",\"item\":\"https:\\\/\\\/lloretdemar.org\\\/fr\\\/quoi-faire-a-lloret\\\/\"},{\"@type\":\"ListItem\",\"position\":3,\"name\":\"Lloret de Mar en Journ\u00e9e\",\"item\":\"https:\\\/\\\/lloretdemar.org\\\/fr\\\/quoi-faire-a-lloret\\\/lloret-de-mar-en-journee\\\/\"},{\"@type\":\"ListItem\",\"position\":4,\"name\":\"Culture\",\"item\":\"https:\\\/\\\/lloretdemar.org\\\/fr\\\/quoi-faire-a-lloret\\\/lloret-de-mar-en-journee\\\/culture\\\/\"},{\"@type\":\"ListItem\",\"position\":5,\"name\":\"Modernisme\"}]},{\"@type\":\"WebSite\",\"@id\":\"https:\\\/\\\/lloretdemar.org\\\/fr\\\/#website\",\"url\":\"https:\\\/\\\/lloretdemar.org\\\/fr\\\/\",\"name\":\"Lloret de Mar\",\"description\":\"\",\"publisher\":{\"@id\":\"https:\\\/\\\/lloretdemar.org\\\/fr\\\/#organization\"},\"potentialAction\":[{\"@type\":\"SearchAction\",\"target\":{\"@type\":\"EntryPoint\",\"urlTemplate\":\"https:\\\/\\\/lloretdemar.org\\\/fr\\\/?s={search_term_string}\"},\"query-input\":{\"@type\":\"PropertyValueSpecification\",\"valueRequired\":true,\"valueName\":\"search_term_string\"}}],\"inLanguage\":\"fr-FR\"},{\"@type\":\"Organization\",\"@id\":\"https:\\\/\\\/lloretdemar.org\\\/fr\\\/#organization\",\"name\":\"Lloret de Mar\",\"url\":\"https:\\\/\\\/lloretdemar.org\\\/fr\\\/\",\"logo\":{\"@type\":\"ImageObject\",\"inLanguage\":\"fr-FR\",\"@id\":\"https:\\\/\\\/lloretdemar.org\\\/fr\\\/#\\\/schema\\\/logo\\\/image\\\/\",\"url\":\"https:\\\/\\\/lloretdemar.org\\\/wp-content\\\/uploads\\\/2020\\\/05\\\/lloret-de-mar-logo.png\",\"contentUrl\":\"https:\\\/\\\/lloretdemar.org\\\/wp-content\\\/uploads\\\/2020\\\/05\\\/lloret-de-mar-logo.png\",\"width\":87,\"height\":38,\"caption\":\"Lloret de Mar\"},\"image\":{\"@id\":\"https:\\\/\\\/lloretdemar.org\\\/fr\\\/#\\\/schema\\\/logo\\\/image\\\/\"},\"sameAs\":[\"https:\\\/\\\/www.facebook.com\\\/Lloretturisme\",\"https:\\\/\\\/x.com\\\/lloretturisme\",\"https:\\\/\\\/instagram.com\\\/lloretturisme\",\"https:\\\/\\\/www.youtube.com\\\/LloretTurisme\"]}]}<\/script>\n<!-- \/ Yoast SEO plugin. -->","yoast_head_json":{"title":"Modernisme - Lloret de Mar","description":"L\u2019empreinte artistique laiss\u00e9e \u00e0 Lloret de Mar par les indianos est du style Art nouveau, ou modernisme, le courant artistique dominant \u00e0 l\u2019\u00e9poque. Le cimeti\u00e8re moderniste, con\u00e7u par l\u2019architecte de renom Puig i Cadafalch (l\u2019une des figures les plus importantes de l\u2019Art nouveau catalan) ou l\u2019\u00e9glise paroissiale de Sant Rom\u00e0 avec ses d\u00f4mes color\u00e9s en\u2026","robots":{"index":"index","follow":"follow","max-snippet":"max-snippet:-1","max-image-preview":"max-image-preview:large","max-video-preview":"max-video-preview:-1"},"canonical":"https:\/\/lloretdemar.org\/fr\/quoi-faire-a-lloret\/lloret-de-mar-en-journee\/culture\/modernisme\/","og_locale":"fr_FR","og_type":"article","og_title":"Modernisme - Lloret de Mar","og_description":"L\u2019empreinte artistique laiss\u00e9e \u00e0 Lloret de Mar par les indianos est du style Art nouveau, ou modernisme, le courant artistique dominant \u00e0 l\u2019\u00e9poque. Le cimeti\u00e8re moderniste, con\u00e7u par l\u2019architecte de renom Puig i Cadafalch (l\u2019une des figures les plus importantes de l\u2019Art nouveau catalan) ou l\u2019\u00e9glise paroissiale de Sant Rom\u00e0 avec ses d\u00f4mes color\u00e9s en\u2026","og_url":"https:\/\/lloretdemar.org\/fr\/quoi-faire-a-lloret\/lloret-de-mar-en-journee\/culture\/modernisme\/","og_site_name":"Lloret de Mar","article_publisher":"https:\/\/www.facebook.com\/Lloretturisme","article_modified_time":"2022-02-09T09:43:24+00:00","og_image":[{"width":1920,"height":885,"url":"https:\/\/lloretdemar.org\/wp-content\/uploads\/2020\/01\/lloret-categories8.jpg","type":"image\/jpeg"}],"twitter_card":"summary_large_image","twitter_site":"@lloretturisme","twitter_misc":{"Dur\u00e9e de lecture estim\u00e9e":"1 minute"},"schema":{"@context":"https:\/\/schema.org","@graph":[{"@type":"WebPage","@id":"https:\/\/lloretdemar.org\/fr\/quoi-faire-a-lloret\/lloret-de-mar-en-journee\/culture\/modernisme\/","url":"https:\/\/lloretdemar.org\/fr\/quoi-faire-a-lloret\/lloret-de-mar-en-journee\/culture\/modernisme\/","name":"Modernisme - Lloret de Mar","isPartOf":{"@id":"https:\/\/lloretdemar.org\/fr\/#website"},"datePublished":"2020-01-24T09:49:49+00:00","dateModified":"2022-02-09T09:43:24+00:00","description":"Lloret de Mar","breadcrumb":{"@id":"https:\/\/lloretdemar.org\/fr\/quoi-faire-a-lloret\/lloret-de-mar-en-journee\/culture\/modernisme\/#breadcrumb"},"inLanguage":"fr-FR","potentialAction":[{"@type":"ReadAction","target":["https:\/\/lloretdemar.org\/fr\/quoi-faire-a-lloret\/lloret-de-mar-en-journee\/culture\/modernisme\/"]}]},{"@type":"BreadcrumbList","@id":"https:\/\/lloretdemar.org\/fr\/quoi-faire-a-lloret\/lloret-de-mar-en-journee\/culture\/modernisme\/#breadcrumb","itemListElement":[{"@type":"ListItem","position":1,"name":"Home","item":"https:\/\/lloretdemar.org\/fr\/"},{"@type":"ListItem","position":2,"name":"Quoi faire \u00e0 Lloret","item":"https:\/\/lloretdemar.org\/fr\/quoi-faire-a-lloret\/"},{"@type":"ListItem","position":3,"name":"Lloret de Mar en Journ\u00e9e","item":"https:\/\/lloretdemar.org\/fr\/quoi-faire-a-lloret\/lloret-de-mar-en-journee\/"},{"@type":"ListItem","position":4,"name":"Culture","item":"https:\/\/lloretdemar.org\/fr\/quoi-faire-a-lloret\/lloret-de-mar-en-journee\/culture\/"},{"@type":"ListItem","position":5,"name":"Modernisme"}]},{"@type":"WebSite","@id":"https:\/\/lloretdemar.org\/fr\/#website","url":"https:\/\/lloretdemar.org\/fr\/","name":"Lloret de Mar","description":"","publisher":{"@id":"https:\/\/lloretdemar.org\/fr\/#organization"},"potentialAction":[{"@type":"SearchAction","target":{"@type":"EntryPoint","urlTemplate":"https:\/\/lloretdemar.org\/fr\/?s={search_term_string}"},"query-input":{"@type":"PropertyValueSpecification","valueRequired":true,"valueName":"search_term_string"}}],"inLanguage":"fr-FR"},{"@type":"Organization","@id":"https:\/\/lloretdemar.org\/fr\/#organization","name":"Lloret de Mar","url":"https:\/\/lloretdemar.org\/fr\/","logo":{"@type":"ImageObject","inLanguage":"fr-FR","@id":"https:\/\/lloretdemar.org\/fr\/#\/schema\/logo\/image\/","url":"https:\/\/lloretdemar.org\/wp-content\/uploads\/2020\/05\/lloret-de-mar-logo.png","contentUrl":"https:\/\/lloretdemar.org\/wp-content\/uploads\/2020\/05\/lloret-de-mar-logo.png","width":87,"height":38,"caption":"Lloret de Mar"},"image":{"@id":"https:\/\/lloretdemar.org\/fr\/#\/schema\/logo\/image\/"},"sameAs":["https:\/\/www.facebook.com\/Lloretturisme","https:\/\/x.com\/lloretturisme","https:\/\/instagram.com\/lloretturisme","https:\/\/www.youtube.com\/LloretTurisme"]}]}},"_links":{"self":[{"href":"https:\/\/lloretdemar.org\/fr\/wp-json\/wp\/v2\/pages\/13874","targetHints":{"allow":["GET"]}}],"collection":[{"href":"https:\/\/lloretdemar.org\/fr\/wp-json\/wp\/v2\/pages"}],"about":[{"href":"https:\/\/lloretdemar.org\/fr\/wp-json\/wp\/v2\/types\/page"}],"author":[{"embeddable":true,"href":"https:\/\/lloretdemar.org\/fr\/wp-json\/wp\/v2\/users\/12"}],"replies":[{"embeddable":true,"href":"https:\/\/lloretdemar.org\/fr\/wp-json\/wp\/v2\/comments?post=13874"}],"version-history":[{"count":2,"href":"https:\/\/lloretdemar.org\/fr\/wp-json\/wp\/v2\/pages\/13874\/revisions"}],"predecessor-version":[{"id":27243,"href":"https:\/\/lloretdemar.org\/fr\/wp-json\/wp\/v2\/pages\/13874\/revisions\/27243"}],"up":[{"embeddable":true,"href":"https:\/\/lloretdemar.org\/fr\/wp-json\/wp\/v2\/pages\/13497"}],"wp:attachment":[{"href":"https:\/\/lloretdemar.org\/fr\/wp-json\/wp\/v2\/media?parent=13874"}],"curies":[{"name":"wp","href":"https:\/\/api.w.org\/{rel}","templated":true}]}}