{"id":13850,"date":"2020-01-23T14:50:42","date_gmt":"2020-01-23T13:50:42","guid":{"rendered":"http:\/\/lloretdemar.org\/lloret-de-mar-de-dia\/cultura\/ermites-i-esglesies\/"},"modified":"2022-09-23T12:51:46","modified_gmt":"2022-09-23T10:51:46","slug":"chapelles-et-eglises","status":"publish","type":"page","link":"https:\/\/lloretdemar.org\/fr\/quoi-faire-a-lloret\/lloret-de-mar-en-journee\/culture\/chapelles-et-eglises\/","title":{"rendered":"Chapelles et \u00c9glises"},"content":{"rendered":"\n<p>Lloret abrite diff\u00e9rentes chapelles et \u00e9glises que vous pourrez visiter pour conna\u00eetre encore mieux toute l\u2019histoire de Lloret.<\/p>\n\n\n\n<p>L\u2019une d\u2019elle est la chapelle de Santa Cristina, o\u00f9 sont expos\u00e9s des bateaux miniatures offerts par les marins et les p\u00eacheurs \u00e0 la sainte et o\u00f9 est c\u00e9l\u00e9br\u00e9e la f\u00eate patronale de Lloret (24 juillet). Ou encore l\u2019\u00e9glise paroissiale de Sant Rom\u00e0, \u00e0 ne pas manquer si vous vous promenez dans le centre historique de Lloret de Mar et dont le style artistique vous surprendra certainement.<\/p>\n\n\n\n<div style=\"height:40px\" aria-hidden=\"true\" class=\"wp-block-spacer\"><\/div>\n\n\n\n<div class=\"wp-block-buttons is-content-justification-center is-layout-flex wp-container-core-buttons-is-layout-16018d1d wp-block-buttons-is-layout-flex\">\n<div class=\"wp-block-button agenda-btn\"><a class=\"wp-block-button__link has-background\" href=\"https:\/\/maps.lloretdemar.org\/fr\/chapelles-et-eglises\" style=\"border-radius:0px;background-color:#4798e9\">Guide interactif<\/a><\/div>\n<\/div>\n","protected":false},"excerpt":{"rendered":"<p>Lloret abrite diff\u00e9rentes chapelles et \u00e9glises que vous pourrez visiter pour conna\u00eetre encore mieux toute l\u2019histoire de Lloret. L\u2019une d\u2019elle est la chapelle de Santa Cristina, o\u00f9 sont expos\u00e9s des bateaux miniatures offerts par les marins et les p\u00eacheurs \u00e0 la sainte et o\u00f9 est c\u00e9l\u00e9br\u00e9e la f\u00eate patronale de Lloret (24 juillet). Ou encore [&hellip;]<\/p>\n","protected":false},"author":12,"featured_media":0,"parent":13497,"menu_order":0,"comment_status":"closed","ping_status":"closed","template":"page-templates\/mouret-15.php","meta":{"_acf_changed":false,"content-type":"","footnotes":""},"class_list":["post-13850","page","type-page","status-publish","hentry"],"acf":{"banner_imatge":13851,"banner_titol":"Chapelles et \u00c9glises","banner_subtitol":"","botons_blanc_o_negres":"defecte","banner_links":[{"es_post":false,"banner_link":{"title":"\u00c9glise paroissiale Sant Rom\u00e0","url":"http:\/\/lloretdemar.org\/fr\/cultura\/esglesia-parroquial-de-sant-roma\/","target":""},"link_intern":null,"link_intern_titol":""},{"es_post":false,"banner_link":{"title":"Chapelle dels Sants Metges","url":"http:\/\/lloretdemar.org\/fr\/cultura\/capella-dels-sants-metges\/","target":""},"link_intern":null,"link_intern_titol":""},{"es_post":false,"banner_link":{"title":"Chapelle de Santa Cristina","url":"http:\/\/lloretdemar.org\/fr\/cultura\/ermita-de-santa-cristina\/","target":""},"link_intern":null,"link_intern_titol":""},{"es_post":false,"banner_link":{"title":"Chapelle de les Alegries","url":"http:\/\/lloretdemar.org\/fr\/cultura\/ermita-de-les-alegries\/","target":""},"link_intern":null,"link_intern_titol":""},{"es_post":false,"banner_link":{"title":"Chapelle de Sant Quirze","url":"https:\/\/lloretdemar.org\/fr\/cultura\/chapelle-de-sant-quirze\/","target":""},"link_intern":null,"link_intern_titol":""}],"blocs":[{"titol":"\u00c9glise paroissiale Sant Rom\u00e0","descripcio":"Caminant pel centre hist\u00f2ric de Lloret de Mar et trobes l\u2019esgl\u00e9sia de Sant Rom\u00e0, patr\u00f3 de Lloret de Mar i un exemple patrimonial reflex de dues \u00e8poques de construcci\u00f3 i arquitectura molt diferents.","imatge":13526,"es_enllac_intern_o_extern":"intern","link_intern":{"title":"Plus d'informations","url":"http:\/\/lloretdemar.org\/fr\/cultura\/esglesia-parroquial-de-sant-roma\/","target":""},"link_extern":"","link_extern_text":""},{"titol":"Chapelle dels Sants Metges","descripcio":"Aquesta petita capella pertanyia a l\u2019antic hospital de benefic\u00e8ncia de Lloret, que va ser fundat l\u2019any 1445 per Narc\u00eds Oliveres, canonge de la catedral de Girona i administrador de la Pabordia del mes de novembre i, com a tal, senyor del territori de Lloret.","imatge":11371,"es_enllac_intern_o_extern":"intern","link_intern":{"title":"Plus d'informations","url":"http:\/\/lloretdemar.org\/fr\/cultura\/capella-dels-sants-metges\/","target":""},"link_extern":"","link_extern_text":""},{"titol":"Chapelle de Santa Cristina","descripcio":"La primera not\u00edcia que en tenim \u00e9s de l\u2019any 1376 per\u00f2 el temple actual \u00e9s de finals del segle XVIII. \u00c9s d\u2019estil neocl\u00e0ssic i t\u00e9 un riqu\u00edssim altar major de marbre fet a It\u00e0lia, i una interessant col\u00b7lecci\u00f3 d\u2019exvots i de vaixells en miniatura.","imatge":13529,"es_enllac_intern_o_extern":"intern","link_intern":{"title":"Plus d'informations","url":"http:\/\/lloretdemar.org\/fr\/cultura\/ermita-de-santa-cristina\/","target":"_blank"},"link_extern":"","link_extern_text":""},{"titol":"Chapelle de les Alegries","descripcio":"Aquesta petita ermita va ser la primera parr\u00f2quia de la vila de Lloret des que es consagr\u00e0 l\u2019any 1079 fins a l\u2019any 1522.","imatge":10485,"es_enllac_intern_o_extern":"intern","link_intern":{"title":"Plus d'informations","url":"http:\/\/lloretdemar.org\/fr\/cultura\/ermita-de-les-alegries\/","target":""},"link_extern":"","link_extern_text":""},{"titol":"Chapelle de Sant Quirze","descripcio":"Situada a 200 m del cementiri i a 1 km del centre, \u00e9s anterior al segle XI i no t\u00e9 unitat d\u2019estil. A la vora d\u2019aquesta ermit s\u2019han trobat fragments de cer\u00e0mica romana, una moneda de Constant\u00ed i diverses sepultures.","imatge":13533,"es_enllac_intern_o_extern":"intern","link_intern":{"title":"Plus d'informations","url":"http:\/\/lloretdemar.org\/fr\/cultura\/ermita-de-sant-quirze\/","target":""},"link_extern":"","link_extern_text":""}],"titol_boto":"","document":"","apartats":[{"acf_fc_layout":"bloc_amplada_completa","amb_marges":false,"html_js":"<div  style=\"width:92%; height:80vh; display:inline-block; margin-left:4%; margin-bottom:25px; border: 1px solid #fd5151\">\r\n<div \r\n\t\tid=\"bWidgetMap\"\r\n\t\tintegration=\"segment\"\r\n\t\tparenturiprefix=\"bwidget:\"\r\n\t\tembedurl=\"https:\/\/maps.lloretdemar.org\"\r\n\t\tembedmainuri=\"\/fr\/promenade-des-ermitages-de-lloret\"\r\n\t\tonFocus=\"\"\r\n\t\tonFocusOut=\"\"\r\n                btnColor='#fd5151'\r\n                showButtons = \"true\"\r\n                viewMapText = \"MARCHE DES ERMITAGES\"\r\n               >\r\n<\/div>\r\n<script type=\"text\/javascript\" src=\"https:\/\/maps.lloretdemar.org\/embed.js\"><\/script>\r\n<\/div>"}]},"yoast_head":"<!-- This site is optimized with the Yoast SEO plugin v27.5 - https:\/\/yoast.com\/product\/yoast-seo-wordpress\/ -->\n<title>Chapelles et \u00c9glises - Lloret de Mar<\/title>\n<meta name=\"description\" content=\"Lloret abrite diff\u00e9rentes chapelles et \u00e9glises que vous pourrez visiter pour conna\u00eetre encore mieux toute l\u2019histoire de Lloret. L\u2019une d\u2019elle est la chapelle de Santa Cristina, o\u00f9 sont expos\u00e9s des bateaux miniatures offerts par les marins et les p\u00eacheurs \u00e0 la sainte et o\u00f9 est c\u00e9l\u00e9br\u00e9e la f\u00eate patronale de Lloret (24 juillet). Ou encore\u2026\" \/>\n<meta name=\"robots\" content=\"index, follow, max-snippet:-1, max-image-preview:large, max-video-preview:-1\" \/>\n<link rel=\"canonical\" href=\"https:\/\/lloretdemar.org\/fr\/quoi-faire-a-lloret\/lloret-de-mar-en-journee\/culture\/chapelles-et-eglises\/\" \/>\n<meta property=\"og:locale\" content=\"fr_FR\" \/>\n<meta property=\"og:type\" content=\"article\" \/>\n<meta property=\"og:title\" content=\"Chapelles et \u00c9glises - Lloret de Mar\" \/>\n<meta property=\"og:description\" content=\"Lloret abrite diff\u00e9rentes chapelles et \u00e9glises que vous pourrez visiter pour conna\u00eetre encore mieux toute l\u2019histoire de Lloret. L\u2019une d\u2019elle est la chapelle de Santa Cristina, o\u00f9 sont expos\u00e9s des bateaux miniatures offerts par les marins et les p\u00eacheurs \u00e0 la sainte et o\u00f9 est c\u00e9l\u00e9br\u00e9e la f\u00eate patronale de Lloret (24 juillet). Ou encore\u2026\" \/>\n<meta property=\"og:url\" content=\"https:\/\/lloretdemar.org\/fr\/quoi-faire-a-lloret\/lloret-de-mar-en-journee\/culture\/chapelles-et-eglises\/\" \/>\n<meta property=\"og:site_name\" content=\"Lloret de Mar\" \/>\n<meta property=\"article:publisher\" content=\"https:\/\/www.facebook.com\/Lloretturisme\" \/>\n<meta property=\"article:modified_time\" content=\"2022-09-23T10:51:46+00:00\" \/>\n<meta property=\"og:image\" content=\"https:\/\/lloretdemar.org\/wp-content\/uploads\/2020\/01\/lloret-categories2.jpg\" \/>\n\t<meta property=\"og:image:width\" content=\"1920\" \/>\n\t<meta property=\"og:image:height\" content=\"885\" \/>\n\t<meta property=\"og:image:type\" content=\"image\/jpeg\" \/>\n<meta name=\"twitter:card\" content=\"summary_large_image\" \/>\n<meta name=\"twitter:site\" content=\"@lloretturisme\" \/>\n<meta name=\"twitter:label1\" content=\"Dur\u00e9e de lecture estim\u00e9e\" \/>\n\t<meta name=\"twitter:data1\" content=\"1 minute\" \/>\n<script type=\"application\/ld+json\" class=\"yoast-schema-graph\">{\"@context\":\"https:\\\/\\\/schema.org\",\"@graph\":[{\"@type\":\"WebPage\",\"@id\":\"https:\\\/\\\/lloretdemar.org\\\/fr\\\/quoi-faire-a-lloret\\\/lloret-de-mar-en-journee\\\/culture\\\/chapelles-et-eglises\\\/\",\"url\":\"https:\\\/\\\/lloretdemar.org\\\/fr\\\/quoi-faire-a-lloret\\\/lloret-de-mar-en-journee\\\/culture\\\/chapelles-et-eglises\\\/\",\"name\":\"Chapelles et \u00c9glises - Lloret de Mar\",\"isPartOf\":{\"@id\":\"https:\\\/\\\/lloretdemar.org\\\/fr\\\/#website\"},\"datePublished\":\"2020-01-23T13:50:42+00:00\",\"dateModified\":\"2022-09-23T10:51:46+00:00\",\"description\":\"Lloret de Mar\",\"breadcrumb\":{\"@id\":\"https:\\\/\\\/lloretdemar.org\\\/fr\\\/quoi-faire-a-lloret\\\/lloret-de-mar-en-journee\\\/culture\\\/chapelles-et-eglises\\\/#breadcrumb\"},\"inLanguage\":\"fr-FR\",\"potentialAction\":[{\"@type\":\"ReadAction\",\"target\":[\"https:\\\/\\\/lloretdemar.org\\\/fr\\\/quoi-faire-a-lloret\\\/lloret-de-mar-en-journee\\\/culture\\\/chapelles-et-eglises\\\/\"]}]},{\"@type\":\"BreadcrumbList\",\"@id\":\"https:\\\/\\\/lloretdemar.org\\\/fr\\\/quoi-faire-a-lloret\\\/lloret-de-mar-en-journee\\\/culture\\\/chapelles-et-eglises\\\/#breadcrumb\",\"itemListElement\":[{\"@type\":\"ListItem\",\"position\":1,\"name\":\"Home\",\"item\":\"https:\\\/\\\/lloretdemar.org\\\/fr\\\/\"},{\"@type\":\"ListItem\",\"position\":2,\"name\":\"Quoi faire \u00e0 Lloret\",\"item\":\"https:\\\/\\\/lloretdemar.org\\\/fr\\\/quoi-faire-a-lloret\\\/\"},{\"@type\":\"ListItem\",\"position\":3,\"name\":\"Lloret de Mar en Journ\u00e9e\",\"item\":\"https:\\\/\\\/lloretdemar.org\\\/fr\\\/quoi-faire-a-lloret\\\/lloret-de-mar-en-journee\\\/\"},{\"@type\":\"ListItem\",\"position\":4,\"name\":\"Culture\",\"item\":\"https:\\\/\\\/lloretdemar.org\\\/fr\\\/quoi-faire-a-lloret\\\/lloret-de-mar-en-journee\\\/culture\\\/\"},{\"@type\":\"ListItem\",\"position\":5,\"name\":\"Chapelles et \u00c9glises\"}]},{\"@type\":\"WebSite\",\"@id\":\"https:\\\/\\\/lloretdemar.org\\\/fr\\\/#website\",\"url\":\"https:\\\/\\\/lloretdemar.org\\\/fr\\\/\",\"name\":\"Lloret de Mar\",\"description\":\"\",\"publisher\":{\"@id\":\"https:\\\/\\\/lloretdemar.org\\\/fr\\\/#organization\"},\"potentialAction\":[{\"@type\":\"SearchAction\",\"target\":{\"@type\":\"EntryPoint\",\"urlTemplate\":\"https:\\\/\\\/lloretdemar.org\\\/fr\\\/?s={search_term_string}\"},\"query-input\":{\"@type\":\"PropertyValueSpecification\",\"valueRequired\":true,\"valueName\":\"search_term_string\"}}],\"inLanguage\":\"fr-FR\"},{\"@type\":\"Organization\",\"@id\":\"https:\\\/\\\/lloretdemar.org\\\/fr\\\/#organization\",\"name\":\"Lloret de Mar\",\"url\":\"https:\\\/\\\/lloretdemar.org\\\/fr\\\/\",\"logo\":{\"@type\":\"ImageObject\",\"inLanguage\":\"fr-FR\",\"@id\":\"https:\\\/\\\/lloretdemar.org\\\/fr\\\/#\\\/schema\\\/logo\\\/image\\\/\",\"url\":\"https:\\\/\\\/lloretdemar.org\\\/wp-content\\\/uploads\\\/2020\\\/05\\\/lloret-de-mar-logo.png\",\"contentUrl\":\"https:\\\/\\\/lloretdemar.org\\\/wp-content\\\/uploads\\\/2020\\\/05\\\/lloret-de-mar-logo.png\",\"width\":87,\"height\":38,\"caption\":\"Lloret de Mar\"},\"image\":{\"@id\":\"https:\\\/\\\/lloretdemar.org\\\/fr\\\/#\\\/schema\\\/logo\\\/image\\\/\"},\"sameAs\":[\"https:\\\/\\\/www.facebook.com\\\/Lloretturisme\",\"https:\\\/\\\/x.com\\\/lloretturisme\",\"https:\\\/\\\/instagram.com\\\/lloretturisme\",\"https:\\\/\\\/www.youtube.com\\\/LloretTurisme\"]}]}<\/script>\n<!-- \/ Yoast SEO plugin. -->","yoast_head_json":{"title":"Chapelles et \u00c9glises - Lloret de Mar","description":"Lloret abrite diff\u00e9rentes chapelles et \u00e9glises que vous pourrez visiter pour conna\u00eetre encore mieux toute l\u2019histoire de Lloret. L\u2019une d\u2019elle est la chapelle de Santa Cristina, o\u00f9 sont expos\u00e9s des bateaux miniatures offerts par les marins et les p\u00eacheurs \u00e0 la sainte et o\u00f9 est c\u00e9l\u00e9br\u00e9e la f\u00eate patronale de Lloret (24 juillet). Ou encore\u2026","robots":{"index":"index","follow":"follow","max-snippet":"max-snippet:-1","max-image-preview":"max-image-preview:large","max-video-preview":"max-video-preview:-1"},"canonical":"https:\/\/lloretdemar.org\/fr\/quoi-faire-a-lloret\/lloret-de-mar-en-journee\/culture\/chapelles-et-eglises\/","og_locale":"fr_FR","og_type":"article","og_title":"Chapelles et \u00c9glises - Lloret de Mar","og_description":"Lloret abrite diff\u00e9rentes chapelles et \u00e9glises que vous pourrez visiter pour conna\u00eetre encore mieux toute l\u2019histoire de Lloret. L\u2019une d\u2019elle est la chapelle de Santa Cristina, o\u00f9 sont expos\u00e9s des bateaux miniatures offerts par les marins et les p\u00eacheurs \u00e0 la sainte et o\u00f9 est c\u00e9l\u00e9br\u00e9e la f\u00eate patronale de Lloret (24 juillet). Ou encore\u2026","og_url":"https:\/\/lloretdemar.org\/fr\/quoi-faire-a-lloret\/lloret-de-mar-en-journee\/culture\/chapelles-et-eglises\/","og_site_name":"Lloret de Mar","article_publisher":"https:\/\/www.facebook.com\/Lloretturisme","article_modified_time":"2022-09-23T10:51:46+00:00","og_image":[{"width":1920,"height":885,"url":"https:\/\/lloretdemar.org\/wp-content\/uploads\/2020\/01\/lloret-categories2.jpg","type":"image\/jpeg"}],"twitter_card":"summary_large_image","twitter_site":"@lloretturisme","twitter_misc":{"Dur\u00e9e de lecture estim\u00e9e":"1 minute"},"schema":{"@context":"https:\/\/schema.org","@graph":[{"@type":"WebPage","@id":"https:\/\/lloretdemar.org\/fr\/quoi-faire-a-lloret\/lloret-de-mar-en-journee\/culture\/chapelles-et-eglises\/","url":"https:\/\/lloretdemar.org\/fr\/quoi-faire-a-lloret\/lloret-de-mar-en-journee\/culture\/chapelles-et-eglises\/","name":"Chapelles et \u00c9glises - Lloret de Mar","isPartOf":{"@id":"https:\/\/lloretdemar.org\/fr\/#website"},"datePublished":"2020-01-23T13:50:42+00:00","dateModified":"2022-09-23T10:51:46+00:00","description":"Lloret de Mar","breadcrumb":{"@id":"https:\/\/lloretdemar.org\/fr\/quoi-faire-a-lloret\/lloret-de-mar-en-journee\/culture\/chapelles-et-eglises\/#breadcrumb"},"inLanguage":"fr-FR","potentialAction":[{"@type":"ReadAction","target":["https:\/\/lloretdemar.org\/fr\/quoi-faire-a-lloret\/lloret-de-mar-en-journee\/culture\/chapelles-et-eglises\/"]}]},{"@type":"BreadcrumbList","@id":"https:\/\/lloretdemar.org\/fr\/quoi-faire-a-lloret\/lloret-de-mar-en-journee\/culture\/chapelles-et-eglises\/#breadcrumb","itemListElement":[{"@type":"ListItem","position":1,"name":"Home","item":"https:\/\/lloretdemar.org\/fr\/"},{"@type":"ListItem","position":2,"name":"Quoi faire \u00e0 Lloret","item":"https:\/\/lloretdemar.org\/fr\/quoi-faire-a-lloret\/"},{"@type":"ListItem","position":3,"name":"Lloret de Mar en Journ\u00e9e","item":"https:\/\/lloretdemar.org\/fr\/quoi-faire-a-lloret\/lloret-de-mar-en-journee\/"},{"@type":"ListItem","position":4,"name":"Culture","item":"https:\/\/lloretdemar.org\/fr\/quoi-faire-a-lloret\/lloret-de-mar-en-journee\/culture\/"},{"@type":"ListItem","position":5,"name":"Chapelles et \u00c9glises"}]},{"@type":"WebSite","@id":"https:\/\/lloretdemar.org\/fr\/#website","url":"https:\/\/lloretdemar.org\/fr\/","name":"Lloret de Mar","description":"","publisher":{"@id":"https:\/\/lloretdemar.org\/fr\/#organization"},"potentialAction":[{"@type":"SearchAction","target":{"@type":"EntryPoint","urlTemplate":"https:\/\/lloretdemar.org\/fr\/?s={search_term_string}"},"query-input":{"@type":"PropertyValueSpecification","valueRequired":true,"valueName":"search_term_string"}}],"inLanguage":"fr-FR"},{"@type":"Organization","@id":"https:\/\/lloretdemar.org\/fr\/#organization","name":"Lloret de Mar","url":"https:\/\/lloretdemar.org\/fr\/","logo":{"@type":"ImageObject","inLanguage":"fr-FR","@id":"https:\/\/lloretdemar.org\/fr\/#\/schema\/logo\/image\/","url":"https:\/\/lloretdemar.org\/wp-content\/uploads\/2020\/05\/lloret-de-mar-logo.png","contentUrl":"https:\/\/lloretdemar.org\/wp-content\/uploads\/2020\/05\/lloret-de-mar-logo.png","width":87,"height":38,"caption":"Lloret de Mar"},"image":{"@id":"https:\/\/lloretdemar.org\/fr\/#\/schema\/logo\/image\/"},"sameAs":["https:\/\/www.facebook.com\/Lloretturisme","https:\/\/x.com\/lloretturisme","https:\/\/instagram.com\/lloretturisme","https:\/\/www.youtube.com\/LloretTurisme"]}]}},"_links":{"self":[{"href":"https:\/\/lloretdemar.org\/fr\/wp-json\/wp\/v2\/pages\/13850","targetHints":{"allow":["GET"]}}],"collection":[{"href":"https:\/\/lloretdemar.org\/fr\/wp-json\/wp\/v2\/pages"}],"about":[{"href":"https:\/\/lloretdemar.org\/fr\/wp-json\/wp\/v2\/types\/page"}],"author":[{"embeddable":true,"href":"https:\/\/lloretdemar.org\/fr\/wp-json\/wp\/v2\/users\/12"}],"replies":[{"embeddable":true,"href":"https:\/\/lloretdemar.org\/fr\/wp-json\/wp\/v2\/comments?post=13850"}],"version-history":[{"count":3,"href":"https:\/\/lloretdemar.org\/fr\/wp-json\/wp\/v2\/pages\/13850\/revisions"}],"predecessor-version":[{"id":30926,"href":"https:\/\/lloretdemar.org\/fr\/wp-json\/wp\/v2\/pages\/13850\/revisions\/30926"}],"up":[{"embeddable":true,"href":"https:\/\/lloretdemar.org\/fr\/wp-json\/wp\/v2\/pages\/13497"}],"wp:attachment":[{"href":"https:\/\/lloretdemar.org\/fr\/wp-json\/wp\/v2\/media?parent=13850"}],"curies":[{"name":"wp","href":"https:\/\/api.w.org\/{rel}","templated":true}]}}