{"id":13786,"date":"2020-01-24T10:42:01","date_gmt":"2020-01-24T09:42:01","guid":{"rendered":"http:\/\/lloretdemar.org\/lloret-de-mar-de-dia\/cultura\/lloret-mariner\/"},"modified":"2020-11-19T14:04:30","modified_gmt":"2020-11-19T13:04:30","slug":"lloret-marine","status":"publish","type":"page","link":"https:\/\/lloretdemar.org\/fr\/quoi-faire-a-lloret\/lloret-de-mar-en-journee\/culture\/lloret-marine\/","title":{"rendered":"Lloret marine"},"content":{"rendered":"\n<p>Lloret de Mar conserve encore des lieux qui vous rappelleront le lien historique entre la ville et la mer.<\/p>\n\n\n\n<p>Voici quelques exemples de ce que vous pouvez d\u00e9couvrir pendant votre s\u00e9jour : l\u2019architecture des indianos qui travers\u00e8rent l\u2019oc\u00e9an dans un sens puis dans l\u2019autre, l\u2019endroit o\u00f9 l\u2019on teignait autrefois les filets de p\u00eache ou l\u2019hommage qui est rendu \u00e0 la dure vie des p\u00eacheurs lors de la f\u00eate du Tirada a l\u2019Art\u2026<\/p>\n","protected":false},"excerpt":{"rendered":"<p>Lloret de Mar conserve encore des lieux qui vous rappelleront le lien historique entre la ville et la mer. Voici quelques exemples de ce que vous pouvez d\u00e9couvrir pendant votre s\u00e9jour : l\u2019architecture des indianos qui travers\u00e8rent l\u2019oc\u00e9an dans un sens puis dans l\u2019autre, l\u2019endroit o\u00f9 l\u2019on teignait autrefois les filets de p\u00eache ou l\u2019hommage [&hellip;]<\/p>\n","protected":false},"author":12,"featured_media":0,"parent":13497,"menu_order":0,"comment_status":"closed","ping_status":"closed","template":"page-templates\/mouret-15.php","meta":{"_acf_changed":false,"content-type":"","footnotes":""},"class_list":["post-13786","page","type-page","status-publish","hentry"],"acf":{"banner_imatge":13787,"banner_titol":"Lloret marine","banner_subtitol":"","botons_blanc_o_negres":"defecte","banner_links":[{"es_post":false,"banner_link":{"title":"Mus\u00e9e de la Mer \u2013 Can Garriga","url":"https:\/\/lloretdemar.org\/fr\/cultura\/musee-de-la-mer-can-garriga\/","target":""},"link_intern":null,"link_intern_titol":""},{"es_post":false,"banner_link":{"title":"Es Tint","url":"http:\/\/lloretdemar.org\/fr\/cultura\/es-tint\/","target":""},"link_intern":null,"link_intern_titol":""},{"es_post":false,"banner_link":{"title":"Sa Caleta","url":"http:\/\/lloretdemar.org\/fr\/platja\/sa-caleta\/","target":""},"link_intern":null,"link_intern_titol":""},{"es_post":false,"banner_link":{"title":"Dona Marinera","url":"http:\/\/lloretdemar.org\/fr\/cultura\/dona-marinera\/","target":""},"link_intern":null,"link_intern_titol":""},{"es_post":false,"banner_link":{"title":"Port Canyelles","url":"https:\/\/lloretdemar.org\/fr\/cultura\/port-canyelles\/","target":""},"link_intern":null,"link_intern_titol":""},{"es_post":false,"banner_link":{"title":"Chapelle de Santa Cristina","url":"http:\/\/lloretdemar.org\/fr\/cultura\/port-canyelles\/","target":""},"link_intern":null,"link_intern_titol":""},{"es_post":false,"banner_link":{"title":"Expansion \u00e0 la plage de Sa Caleta","url":"https:\/\/lloretdemar.org\/fr\/cultura\/expansion-a-la-plage-de-sa-caleta\/","target":""},"link_intern":null,"link_intern_titol":""}],"blocs":[{"titol":"Mus\u00e9e de la Mer","descripcio":"Situ\u00e9e en bord de mer, en bord de mer, Can Garriga est l'une des maisons indiennes les plus importantes de Lloret de Mar. Actuellement, cette maison et sa maison voisine le Museu del Mar, une zone qui explique le lien entre Lloret de Mar et la mer.","imatge":13525,"es_enllac_intern_o_extern":"intern","link_intern":{"title":"Plus d'informations","url":"https:\/\/lloretdemar.org\/fr\/cultura\/musee-de-la-mer-can-garriga\/","target":""},"link_extern":"","link_extern_text":""},{"titol":"Es Tint","descripcio":"Le si\u00e8ge actuel de la Confr\u00e9rie des p\u00eacheurs de Lloret de Mar est situ\u00e9 au centre de la ville et conserve son \u00e9tat d'origine comme un espace o\u00f9 les p\u00eacheurs venaient teindre leurs filets de p\u00eache.","imatge":13792,"es_enllac_intern_o_extern":"intern","link_intern":{"title":"Plus d'informations","url":"http:\/\/lloretdemar.org\/fr\/cultura\/es-tint\/","target":""},"link_extern":"","link_extern_text":""},{"titol":"Sa Caleta","descripcio":"Petite crique situ\u00e9e \u00e0 c\u00f4t\u00e9 de la plage de Lloret et au d\u00e9but du chemin rond qui va de Lloret de Mar \u00e0 Tossa de Mar. Il passe sous le ch\u00e2teau de Plaja, l'image embl\u00e9matique de la ville, qui surplombe des vues spectaculaires de notre ville.","imatge":10095,"es_enllac_intern_o_extern":"intern","link_intern":{"title":"Plus d'informations","url":"http:\/\/lloretdemar.org\/fr\/platja\/sa-caleta\/","target":""},"link_extern":"","link_extern_text":""},{"titol":"Dona Marinera","descripcio":"En 1966, le monument a \u00e9t\u00e9 command\u00e9 \u00e0 \"La Dona Marinera\", une belle sculpture en bronze que l'on peut voir au bout de la plage de Lloret. Oeuvre de l'artiste Ernest Maragall, 2,40 m de haut.","imatge":13790,"es_enllac_intern_o_extern":"intern","link_intern":{"title":"Plus d'informations","url":"http:\/\/lloretdemar.org\/fr\/cultura\/dona-marinera\/","target":""},"link_extern":"","link_extern_text":""},{"titol":"Chapelle de Santa Cristina","descripcio":"Les premi\u00e8res nouvelles que nous avons datent de 1376, mais le temple actuel date de la fin du XVIIIe si\u00e8cle. Il est de style n\u00e9oclassique et poss\u00e8de un autel en marbre tr\u00e8s riche fabriqu\u00e9 en Italie et une int\u00e9ressante collection d'offrandes votives et de vases miniatures.","imatge":13529,"es_enllac_intern_o_extern":"intern","link_intern":{"title":"Plus d'informations","url":"http:\/\/lloretdemar.org\/fr\/cultura\/ermita-de-santa-cristina\/","target":""},"link_extern":"","link_extern_text":""},{"titol":"Port Canyelles","descripcio":"Lloret n'a qu'un seul port de plaisance situ\u00e9 sur la plage de Canyelles, o\u00f9 les bateaux de taille moyenne peuvent arriver. Canyelles est la plage la plus \u00e9loign\u00e9e du centre-ville et est accessible par la route qui m\u00e8ne \u00e0 Tossa de Mar.","imatge":14064,"es_enllac_intern_o_extern":"intern","link_intern":{"title":"Plus d'informations","url":"http:\/\/lloretdemar.org\/fr\/cultura\/port-canyelles\/","target":""},"link_extern":"","link_extern_text":""},{"titol":"Expansion \u00e0 la plage de Sa Caleta","descripcio":"Sur cette petite crique, le village de Lloret a souhait\u00e9 faire hommage aux \u00e9migrants qui revinrent sans avoir pu r\u00e9aliser leur r\u00eave, par l\u2019interm\u00e9diaire d\u2019une petite plaque fix\u00e9e sur la roche.","imatge":20958,"es_enllac_intern_o_extern":"intern","link_intern":{"title":"Expansion \u00e0 la plage de Sa Caleta","url":"https:\/\/lloretdemar.org\/fr\/cultura\/expansion-a-la-plage-de-sa-caleta\/","target":""},"link_extern":"","link_extern_text":""}],"titol_boto":"","document":"","apartats":null},"yoast_head":"<!-- This site is optimized with the Yoast SEO plugin v27.5 - https:\/\/yoast.com\/product\/yoast-seo-wordpress\/ -->\n<title>Lloret marine - Lloret de Mar<\/title>\n<meta name=\"description\" content=\"Lloret de Mar conserve encore des lieux qui vous rappelleront le lien historique entre la ville et la mer. Voici quelques exemples de ce que vous pouvez d\u00e9couvrir pendant votre s\u00e9jour : l\u2019architecture des indianos qui travers\u00e8rent l\u2019oc\u00e9an dans un sens puis dans l\u2019autre, l\u2019endroit o\u00f9 l\u2019on teignait autrefois les filets de p\u00eache ou l\u2019hommage\u2026\" \/>\n<meta name=\"robots\" content=\"index, follow, max-snippet:-1, max-image-preview:large, max-video-preview:-1\" \/>\n<link rel=\"canonical\" href=\"https:\/\/lloretdemar.org\/fr\/quoi-faire-a-lloret\/lloret-de-mar-en-journee\/culture\/lloret-marine\/\" \/>\n<meta property=\"og:locale\" content=\"fr_FR\" \/>\n<meta property=\"og:type\" content=\"article\" \/>\n<meta property=\"og:title\" content=\"Lloret marine - Lloret de Mar\" \/>\n<meta property=\"og:description\" content=\"Lloret de Mar conserve encore des lieux qui vous rappelleront le lien historique entre la ville et la mer. Voici quelques exemples de ce que vous pouvez d\u00e9couvrir pendant votre s\u00e9jour : l\u2019architecture des indianos qui travers\u00e8rent l\u2019oc\u00e9an dans un sens puis dans l\u2019autre, l\u2019endroit o\u00f9 l\u2019on teignait autrefois les filets de p\u00eache ou l\u2019hommage\u2026\" \/>\n<meta property=\"og:url\" content=\"https:\/\/lloretdemar.org\/fr\/quoi-faire-a-lloret\/lloret-de-mar-en-journee\/culture\/lloret-marine\/\" \/>\n<meta property=\"og:site_name\" content=\"Lloret de Mar\" \/>\n<meta property=\"article:publisher\" content=\"https:\/\/www.facebook.com\/Lloretturisme\" \/>\n<meta property=\"article:modified_time\" content=\"2020-11-19T13:04:30+00:00\" \/>\n<meta property=\"og:image\" content=\"https:\/\/lloretdemar.org\/wp-content\/uploads\/2020\/01\/lloret-categories4.jpg\" \/>\n\t<meta property=\"og:image:width\" content=\"1920\" \/>\n\t<meta property=\"og:image:height\" content=\"885\" \/>\n\t<meta property=\"og:image:type\" content=\"image\/jpeg\" \/>\n<meta name=\"twitter:card\" content=\"summary_large_image\" \/>\n<meta name=\"twitter:site\" content=\"@lloretturisme\" \/>\n<script type=\"application\/ld+json\" class=\"yoast-schema-graph\">{\"@context\":\"https:\\\/\\\/schema.org\",\"@graph\":[{\"@type\":\"WebPage\",\"@id\":\"https:\\\/\\\/lloretdemar.org\\\/fr\\\/quoi-faire-a-lloret\\\/lloret-de-mar-en-journee\\\/culture\\\/lloret-marine\\\/\",\"url\":\"https:\\\/\\\/lloretdemar.org\\\/fr\\\/quoi-faire-a-lloret\\\/lloret-de-mar-en-journee\\\/culture\\\/lloret-marine\\\/\",\"name\":\"Lloret marine - Lloret de Mar\",\"isPartOf\":{\"@id\":\"https:\\\/\\\/lloretdemar.org\\\/fr\\\/#website\"},\"datePublished\":\"2020-01-24T09:42:01+00:00\",\"dateModified\":\"2020-11-19T13:04:30+00:00\",\"description\":\"Lloret de Mar\",\"breadcrumb\":{\"@id\":\"https:\\\/\\\/lloretdemar.org\\\/fr\\\/quoi-faire-a-lloret\\\/lloret-de-mar-en-journee\\\/culture\\\/lloret-marine\\\/#breadcrumb\"},\"inLanguage\":\"fr-FR\",\"potentialAction\":[{\"@type\":\"ReadAction\",\"target\":[\"https:\\\/\\\/lloretdemar.org\\\/fr\\\/quoi-faire-a-lloret\\\/lloret-de-mar-en-journee\\\/culture\\\/lloret-marine\\\/\"]}]},{\"@type\":\"BreadcrumbList\",\"@id\":\"https:\\\/\\\/lloretdemar.org\\\/fr\\\/quoi-faire-a-lloret\\\/lloret-de-mar-en-journee\\\/culture\\\/lloret-marine\\\/#breadcrumb\",\"itemListElement\":[{\"@type\":\"ListItem\",\"position\":1,\"name\":\"Home\",\"item\":\"https:\\\/\\\/lloretdemar.org\\\/fr\\\/\"},{\"@type\":\"ListItem\",\"position\":2,\"name\":\"Quoi faire \u00e0 Lloret\",\"item\":\"https:\\\/\\\/lloretdemar.org\\\/fr\\\/quoi-faire-a-lloret\\\/\"},{\"@type\":\"ListItem\",\"position\":3,\"name\":\"Lloret de Mar en Journ\u00e9e\",\"item\":\"https:\\\/\\\/lloretdemar.org\\\/fr\\\/quoi-faire-a-lloret\\\/lloret-de-mar-en-journee\\\/\"},{\"@type\":\"ListItem\",\"position\":4,\"name\":\"Culture\",\"item\":\"https:\\\/\\\/lloretdemar.org\\\/fr\\\/quoi-faire-a-lloret\\\/lloret-de-mar-en-journee\\\/culture\\\/\"},{\"@type\":\"ListItem\",\"position\":5,\"name\":\"Lloret marine\"}]},{\"@type\":\"WebSite\",\"@id\":\"https:\\\/\\\/lloretdemar.org\\\/fr\\\/#website\",\"url\":\"https:\\\/\\\/lloretdemar.org\\\/fr\\\/\",\"name\":\"Lloret de Mar\",\"description\":\"\",\"publisher\":{\"@id\":\"https:\\\/\\\/lloretdemar.org\\\/fr\\\/#organization\"},\"potentialAction\":[{\"@type\":\"SearchAction\",\"target\":{\"@type\":\"EntryPoint\",\"urlTemplate\":\"https:\\\/\\\/lloretdemar.org\\\/fr\\\/?s={search_term_string}\"},\"query-input\":{\"@type\":\"PropertyValueSpecification\",\"valueRequired\":true,\"valueName\":\"search_term_string\"}}],\"inLanguage\":\"fr-FR\"},{\"@type\":\"Organization\",\"@id\":\"https:\\\/\\\/lloretdemar.org\\\/fr\\\/#organization\",\"name\":\"Lloret de Mar\",\"url\":\"https:\\\/\\\/lloretdemar.org\\\/fr\\\/\",\"logo\":{\"@type\":\"ImageObject\",\"inLanguage\":\"fr-FR\",\"@id\":\"https:\\\/\\\/lloretdemar.org\\\/fr\\\/#\\\/schema\\\/logo\\\/image\\\/\",\"url\":\"https:\\\/\\\/lloretdemar.org\\\/wp-content\\\/uploads\\\/2020\\\/05\\\/lloret-de-mar-logo.png\",\"contentUrl\":\"https:\\\/\\\/lloretdemar.org\\\/wp-content\\\/uploads\\\/2020\\\/05\\\/lloret-de-mar-logo.png\",\"width\":87,\"height\":38,\"caption\":\"Lloret de Mar\"},\"image\":{\"@id\":\"https:\\\/\\\/lloretdemar.org\\\/fr\\\/#\\\/schema\\\/logo\\\/image\\\/\"},\"sameAs\":[\"https:\\\/\\\/www.facebook.com\\\/Lloretturisme\",\"https:\\\/\\\/x.com\\\/lloretturisme\",\"https:\\\/\\\/instagram.com\\\/lloretturisme\",\"https:\\\/\\\/www.youtube.com\\\/LloretTurisme\"]}]}<\/script>\n<!-- \/ Yoast SEO plugin. -->","yoast_head_json":{"title":"Lloret marine - Lloret de Mar","description":"Lloret de Mar conserve encore des lieux qui vous rappelleront le lien historique entre la ville et la mer. Voici quelques exemples de ce que vous pouvez d\u00e9couvrir pendant votre s\u00e9jour : l\u2019architecture des indianos qui travers\u00e8rent l\u2019oc\u00e9an dans un sens puis dans l\u2019autre, l\u2019endroit o\u00f9 l\u2019on teignait autrefois les filets de p\u00eache ou l\u2019hommage\u2026","robots":{"index":"index","follow":"follow","max-snippet":"max-snippet:-1","max-image-preview":"max-image-preview:large","max-video-preview":"max-video-preview:-1"},"canonical":"https:\/\/lloretdemar.org\/fr\/quoi-faire-a-lloret\/lloret-de-mar-en-journee\/culture\/lloret-marine\/","og_locale":"fr_FR","og_type":"article","og_title":"Lloret marine - Lloret de Mar","og_description":"Lloret de Mar conserve encore des lieux qui vous rappelleront le lien historique entre la ville et la mer. Voici quelques exemples de ce que vous pouvez d\u00e9couvrir pendant votre s\u00e9jour : l\u2019architecture des indianos qui travers\u00e8rent l\u2019oc\u00e9an dans un sens puis dans l\u2019autre, l\u2019endroit o\u00f9 l\u2019on teignait autrefois les filets de p\u00eache ou l\u2019hommage\u2026","og_url":"https:\/\/lloretdemar.org\/fr\/quoi-faire-a-lloret\/lloret-de-mar-en-journee\/culture\/lloret-marine\/","og_site_name":"Lloret de Mar","article_publisher":"https:\/\/www.facebook.com\/Lloretturisme","article_modified_time":"2020-11-19T13:04:30+00:00","og_image":[{"width":1920,"height":885,"url":"https:\/\/lloretdemar.org\/wp-content\/uploads\/2020\/01\/lloret-categories4.jpg","type":"image\/jpeg"}],"twitter_card":"summary_large_image","twitter_site":"@lloretturisme","schema":{"@context":"https:\/\/schema.org","@graph":[{"@type":"WebPage","@id":"https:\/\/lloretdemar.org\/fr\/quoi-faire-a-lloret\/lloret-de-mar-en-journee\/culture\/lloret-marine\/","url":"https:\/\/lloretdemar.org\/fr\/quoi-faire-a-lloret\/lloret-de-mar-en-journee\/culture\/lloret-marine\/","name":"Lloret marine - Lloret de Mar","isPartOf":{"@id":"https:\/\/lloretdemar.org\/fr\/#website"},"datePublished":"2020-01-24T09:42:01+00:00","dateModified":"2020-11-19T13:04:30+00:00","description":"Lloret de Mar","breadcrumb":{"@id":"https:\/\/lloretdemar.org\/fr\/quoi-faire-a-lloret\/lloret-de-mar-en-journee\/culture\/lloret-marine\/#breadcrumb"},"inLanguage":"fr-FR","potentialAction":[{"@type":"ReadAction","target":["https:\/\/lloretdemar.org\/fr\/quoi-faire-a-lloret\/lloret-de-mar-en-journee\/culture\/lloret-marine\/"]}]},{"@type":"BreadcrumbList","@id":"https:\/\/lloretdemar.org\/fr\/quoi-faire-a-lloret\/lloret-de-mar-en-journee\/culture\/lloret-marine\/#breadcrumb","itemListElement":[{"@type":"ListItem","position":1,"name":"Home","item":"https:\/\/lloretdemar.org\/fr\/"},{"@type":"ListItem","position":2,"name":"Quoi faire \u00e0 Lloret","item":"https:\/\/lloretdemar.org\/fr\/quoi-faire-a-lloret\/"},{"@type":"ListItem","position":3,"name":"Lloret de Mar en Journ\u00e9e","item":"https:\/\/lloretdemar.org\/fr\/quoi-faire-a-lloret\/lloret-de-mar-en-journee\/"},{"@type":"ListItem","position":4,"name":"Culture","item":"https:\/\/lloretdemar.org\/fr\/quoi-faire-a-lloret\/lloret-de-mar-en-journee\/culture\/"},{"@type":"ListItem","position":5,"name":"Lloret marine"}]},{"@type":"WebSite","@id":"https:\/\/lloretdemar.org\/fr\/#website","url":"https:\/\/lloretdemar.org\/fr\/","name":"Lloret de Mar","description":"","publisher":{"@id":"https:\/\/lloretdemar.org\/fr\/#organization"},"potentialAction":[{"@type":"SearchAction","target":{"@type":"EntryPoint","urlTemplate":"https:\/\/lloretdemar.org\/fr\/?s={search_term_string}"},"query-input":{"@type":"PropertyValueSpecification","valueRequired":true,"valueName":"search_term_string"}}],"inLanguage":"fr-FR"},{"@type":"Organization","@id":"https:\/\/lloretdemar.org\/fr\/#organization","name":"Lloret de Mar","url":"https:\/\/lloretdemar.org\/fr\/","logo":{"@type":"ImageObject","inLanguage":"fr-FR","@id":"https:\/\/lloretdemar.org\/fr\/#\/schema\/logo\/image\/","url":"https:\/\/lloretdemar.org\/wp-content\/uploads\/2020\/05\/lloret-de-mar-logo.png","contentUrl":"https:\/\/lloretdemar.org\/wp-content\/uploads\/2020\/05\/lloret-de-mar-logo.png","width":87,"height":38,"caption":"Lloret de Mar"},"image":{"@id":"https:\/\/lloretdemar.org\/fr\/#\/schema\/logo\/image\/"},"sameAs":["https:\/\/www.facebook.com\/Lloretturisme","https:\/\/x.com\/lloretturisme","https:\/\/instagram.com\/lloretturisme","https:\/\/www.youtube.com\/LloretTurisme"]}]}},"_links":{"self":[{"href":"https:\/\/lloretdemar.org\/fr\/wp-json\/wp\/v2\/pages\/13786","targetHints":{"allow":["GET"]}}],"collection":[{"href":"https:\/\/lloretdemar.org\/fr\/wp-json\/wp\/v2\/pages"}],"about":[{"href":"https:\/\/lloretdemar.org\/fr\/wp-json\/wp\/v2\/types\/page"}],"author":[{"embeddable":true,"href":"https:\/\/lloretdemar.org\/fr\/wp-json\/wp\/v2\/users\/12"}],"replies":[{"embeddable":true,"href":"https:\/\/lloretdemar.org\/fr\/wp-json\/wp\/v2\/comments?post=13786"}],"version-history":[{"count":0,"href":"https:\/\/lloretdemar.org\/fr\/wp-json\/wp\/v2\/pages\/13786\/revisions"}],"up":[{"embeddable":true,"href":"https:\/\/lloretdemar.org\/fr\/wp-json\/wp\/v2\/pages\/13497"}],"wp:attachment":[{"href":"https:\/\/lloretdemar.org\/fr\/wp-json\/wp\/v2\/media?parent=13786"}],"curies":[{"name":"wp","href":"https:\/\/api.w.org\/{rel}","templated":true}]}}