{"id":13750,"date":"2020-01-23T18:12:53","date_gmt":"2020-01-23T17:12:53","guid":{"rendered":"http:\/\/lloretdemar.org\/lloret-de-mar-de-dia\/cultura\/lloret-dels-indians\/"},"modified":"2022-09-05T17:25:56","modified_gmt":"2022-09-05T15:25:56","slug":"lloret-des-indianos","status":"publish","type":"page","link":"https:\/\/lloretdemar.org\/fr\/quoi-faire-a-lloret\/lloret-de-mar-en-journee\/culture\/lloret-des-indianos\/","title":{"rendered":"Lloret des Indianos"},"content":{"rendered":"\n<p>Avant que les touristes ne d\u00e9couvrent la beaut\u00e9 des plages et des criques de Lloret de Mar, la ville \u00e9tait d\u00e9j\u00e0 tr\u00e8s li\u00e9e \u00e0 la mer. Tout d\u2019abord en tant que village de p\u00eacheurs, puis gr\u00e2ce au commerce maritime.<\/p>\n\n\n\n<p>Vers la moiti\u00e9 du XVIIIe si\u00e8cle, de nombreux navigateurs originaires de Lloret de Mar s\u2019en allaient en Am\u00e9rique pour faire fortune. On les appelait les \u00ab indianos \u00bb ou aussi les \u00ab am\u00e9ricains \u00bb \u00e0 Lloret de Mar. <\/p>\n\n\n\n<p>En 1778, le roi Charles III promulgua de D\u00e9cret de libre commerce avec les colonies des Am\u00e9riques. Ceci incita de nombreux habitants \u00e0 se lancer dans cette aventure. Ce fut \u00e0 cette \u00e9poque qu\u2019on commen\u00e7a \u00e0 construire de grands bateaux sur les plages de Lloret pour aller en Am\u00e9rique. L\u00e0-bas, beaucoup furent fortune.<\/p>\n\n\n\n<hr class=\"wp-block-separator has-css-opacity is-style-wide\"\/>\n\n\n\n<p class=\"has-pale-cyan-blue-background-color has-text-color has-background has-medium-font-size\" style=\"color:#ffffff\"><strong>Explorer la <a href=\"https:\/\/maps.lloretdemar.org\/fr\/route-des-americains-de-lloret-de-mar\">Route des Am\u00e9ricains de Lloret de Mar<\/a><\/strong><\/p>\n\n\n\n<hr class=\"wp-block-separator has-css-opacity is-style-wide\"\/>\n\n\n\n<div style=\"height:40px\" aria-hidden=\"true\" class=\"wp-block-spacer\"><\/div>\n\n\n\n<div class=\"wp-block-buttons is-content-justification-center is-layout-flex wp-container-core-buttons-is-layout-16018d1d wp-block-buttons-is-layout-flex\">\n<div class=\"wp-block-button agenda-btn\"><a class=\"wp-block-button__link has-background\" href=\"https:\/\/maps.lloretdemar.org\/fr\/lloret-des-indianos\" style=\"border-radius:0px;background-color:#4798e9\">Guide interactif<\/a><\/div>\n<\/div>\n","protected":false},"excerpt":{"rendered":"<p>Avant que les touristes ne d\u00e9couvrent la beaut\u00e9 des plages et des criques de Lloret de Mar, la ville \u00e9tait d\u00e9j\u00e0 tr\u00e8s li\u00e9e \u00e0 la mer. Tout d\u2019abord en tant que village de p\u00eacheurs, puis gr\u00e2ce au commerce maritime. Vers la moiti\u00e9 du XVIIIe si\u00e8cle, de nombreux navigateurs originaires de Lloret de Mar s\u2019en allaient [&hellip;]<\/p>\n","protected":false},"author":12,"featured_media":0,"parent":13497,"menu_order":0,"comment_status":"closed","ping_status":"closed","template":"page-templates\/mouret-15.php","meta":{"_acf_changed":false,"content-type":"","footnotes":""},"class_list":["post-13750","page","type-page","status-publish","hentry"],"acf":{"banner_imatge":12248,"banner_titol":"Lloret des Indianos","banner_subtitol":"","botons_blanc_o_negres":"defecte","banner_links":[{"es_post":false,"banner_link":{"title":"Cimeti\u00e8re Moderniste","url":"http:\/\/lloretdemar.org\/fr\/cultura\/cementiri-modernista\/","target":""},"link_intern":null,"link_intern_titol":""},{"es_post":false,"banner_link":{"title":"Mus\u00e9e de la Mer - Casa Garriga","url":"https:\/\/lloretdemar.org\/fr\/cultura\/musee-de-la-mer-can-garriga\/","target":""},"link_intern":null,"link_intern_titol":""},{"es_post":false,"banner_link":{"title":"\u00c9glise Sant Rom\u00e0","url":"http:\/\/lloretdemar.org\/fr\/cultura\/esglesia-parroquial-de-sant-roma\/","target":""},"link_intern":null,"link_intern_titol":""},{"es_post":false,"banner_link":{"title":"H\u00f4tel de ville - Casa de la Villa","url":"http:\/\/lloretdemar.org\/fr\/cultura\/ajuntament\/","target":""},"link_intern":null,"link_intern_titol":""},{"es_post":false,"banner_link":{"title":"Promenade Moss\u00e8n Jacint Verdaguer ","url":"http:\/\/lloretdemar.org\/fr\/cultura\/passeig-mossen-jacint-verdaguer\/","target":""},"link_intern":null,"link_intern_titol":""},{"es_post":false,"banner_link":{"title":"Can Font - Maison de Nicolau Font i Maig","url":"http:\/\/lloretdemar.org\/fr\/cultura\/can-font\/","target":""},"link_intern":null,"link_intern_titol":""},{"es_post":false,"banner_link":{"title":"Sant Pere del Bosc","url":"http:\/\/lloretdemar.org\/fr\/cultura\/sant-pere-del-bosc\/","target":""},"link_intern":null,"link_intern_titol":""},{"es_post":false,"banner_link":{"title":"Expansion au Comt\u00e9 du Jaruco \u2013 Ange de Lloret","url":"http:\/\/lloretdemar.org\/fr\/cultura\/extensio-al-condado-del-jaruco-angel-de-lloret\/","target":""},"link_intern":null,"link_intern_titol":""},{"es_post":false,"banner_link":{"title":"Croix de chemin et chapelle de la Virgen de Gracia","url":"http:\/\/lloretdemar.org\/fr\/cultura\/creu-de-terme-i-capella-de-la-mare-de-deu-de-gracia\/","target":""},"link_intern":null,"link_intern_titol":""},{"es_post":false,"banner_link":{"title":"Rue des Viudes i de les Donzelles (rue des veuves et des demoiselles)","url":"http:\/\/lloretdemar.org\/fr\/cultura\/carrer-de-les-viudes-i-donzelles\/","target":""},"link_intern":null,"link_intern_titol":""}],"blocs":[{"titol":"Cimeti\u00e8re Moderniste","descripcio":"Le cimeti\u00e8re de Lloret de Mar fait partie de la Route europ\u00e9enne des cimeti\u00e8res et est class\u00e9 en tant que Bien d\u2019int\u00e9r\u00eat culturel. C\u2019est l\u2019un des principaux exemples d\u2019art fun\u00e9raire catalan du XIXe si\u00e8cle et il est tr\u00e8s marqu\u00e9 par l\u2019influence indiana.","imatge":13527,"es_enllac_intern_o_extern":"intern","link_intern":{"title":"Plus d'information","url":"https:\/\/lloretdemar.org\/fr\/cultura\/cimetiere-moderniste\/","target":""},"link_extern":"","link_extern_text":""},{"titol":"Mus\u00e9e de la mer - Casa Garriga","descripcio":"Situ\u00e9e sur la promenade en front de mer, Can Garriga est une des maisons indianas les plus importantes de Lloret de Mar. \u00c0 l\u2019heure actuelle, cette maison et sa voisine, accueillent le Mus\u00e9e de la mer, un espace qui explique le lien entre Lloret de Mar et la mer.","imatge":13528,"es_enllac_intern_o_extern":"intern","link_intern":{"title":"Plus d'information","url":"https:\/\/lloretdemar.org\/fr\/cultura\/musee-de-la-mer-can-garriga\/","target":""},"link_extern":"","link_extern_text":""},{"titol":"\u00c9glise Sant Rom\u00e0","descripcio":"En vous promenant dans le centre historique de Lloret de Mar, vous trouverez l'\u00e9glise de Sant Rom\u00e0, patronne de Lloret de Mar, et un exemple patrimonial r\u00e9fl\u00e9chissant de deux p\u00e9riodes tr\u00e8s diff\u00e9rentes de construction et d'architecture.","imatge":13526,"es_enllac_intern_o_extern":"intern","link_intern":{"title":"Plus d'information","url":"http:\/\/lloretdemar.org\/fr\/cultura\/esglesia-parroquial-de-sant-roma\/","target":""},"link_extern":"","link_extern_text":""},{"titol":"H\u00f4tel de ville - Casa de la Villa","descripcio":"La Casa de la Villa (H\u00f4tel de ville) de Lloret de Mar conserve son pass\u00e9 indiano et domine la promenade Moss\u00e8n Jacint Verdaguer, en bordure de mer.","imatge":13534,"es_enllac_intern_o_extern":"intern","link_intern":{"title":"Plus d'information","url":"https:\/\/lloretdemar.org\/fr\/cultura\/hotel-de-ville-casa-de-la-villa\/","target":""},"link_extern":"","link_extern_text":""},{"titol":"Promenade Moss\u00e8n Jacint Verdaguer","descripcio":"C\u2019est Mart\u00ed Sureda qui a imagin\u00e9 notre promenade en front de mer \u00e0 la bonne taille, sans ostentation, sur une zone gagn\u00e9e sur l\u2019eau. La Casa de la Villa, \u00e0 l\u2019une des extr\u00e9mit\u00e9s, fut construite en 1872 par l\u2019architecte F\u00e9lix de Az\u00faa et \u00e0 l\u2019autre extr\u00e9mit\u00e9, on trouve la Casa Garriga, construite en 1887.","imatge":10542,"es_enllac_intern_o_extern":"intern","link_intern":{"title":"Plus d'information","url":"https:\/\/lloretdemar.org\/fr\/cultura\/promenade-mossen-jacint-verdaguer\/","target":""},"link_extern":"","link_extern_text":""},{"titol":"Can Font - Maison de Nicolau Font i Maig","descripcio":"Can Font est un b\u00e2timent de style Art nouveau, \u00e9galement connu sous le nom de Cal Conde ou Can Piuet. Il fut construit en 1877 \u00e0 la demande de Nicolau Font i Maig, son premier propri\u00e9taire.","imatge":10526,"es_enllac_intern_o_extern":"intern","link_intern":{"title":"Plus d'information","url":"https:\/\/lloretdemar.org\/fr\/cultura\/can-font-maison-de-nicolau-font-i-maig\/","target":""},"link_extern":"","link_extern_text":""},{"titol":"Sant Pere del Bosc","descripcio":"\u00c0 5 km du centre de Lloret de Mar, entour\u00e9 de nature, se trouve l\u2019h\u00f4tel-restaurant de Sant Pere del Bosc, reconstruit par Puig i Cadafalch au XIXe si\u00e8cle \u00e0 partir d\u2019un ancien monast\u00e8re b\u00e9n\u00e9dictin du Xe si\u00e8cle.","imatge":10514,"es_enllac_intern_o_extern":"intern","link_intern":{"title":"Plus d'information","url":"https:\/\/lloretdemar.org\/fr\/cultura\/sant-pere-del-bosc\/","target":""},"link_extern":"","link_extern_text":""},{"titol":"Expansion au Comt\u00e9 du Jaruco \u2013 Ange de Lloret","descripcio":"\u00c0 la porte de Sant Pere del Bosc, la c\u00e9l\u00e8bre sculpture de l\u2019ange de Lloret vous accueille. Chemin de Sant Pere del Bosc","imatge":7233,"es_enllac_intern_o_extern":"intern","link_intern":{"title":"Plus d'information","url":"https:\/\/lloretdemar.org\/fr\/cultura\/extensio-al-condado-del-jaruco-angel-de-lloret\/","target":""},"link_extern":"","link_extern_text":""},{"titol":"Croix de chemin et chapelle de la Virgen de Gracia","descripcio":"En continuant en direction du monast\u00e8re, vous verrez la croix de chemin et la chapelle de la Virgen de Gracia, \u0153uvre de Josep Puig y Cadafalch et d\u2019Eusebi Arnau pour la sculpture. Chemin de Sant Pere del Bosc","imatge":7239,"es_enllac_intern_o_extern":"intern","link_intern":{"title":"Plus d'information","url":"https:\/\/lloretdemar.org\/fr\/cultura\/croix-de-chemin-et-chapelle-de-la-virgen-de-gracia\/","target":""},"link_extern":"","link_extern_text":""},{"titol":"Rue des Viudes i de les Donzelles (rue des veuves et des demoiselles)","descripcio":"Cette ruelle au curieux nom fait \u00e9cho \u00e0 un clich\u00e9 li\u00e9 \u00e0 l\u2019histoire des indianos : de jeunes demoiselles devenaient de riches veuves lorsque leurs \u00e9poux indianos mourraient. Une clause dans le testament leur interdisait de se remarier.","imatge":7245,"es_enllac_intern_o_extern":"intern","link_intern":{"title":"Plus d'information","url":"https:\/\/lloretdemar.org\/fr\/cultura\/rue-des-viudes-i-de-les-donzelles-rue-des-veuves-et-des-demoiselles\/","target":""},"link_extern":"","link_extern_text":""}],"titol_boto":"","document":"","apartats":null},"yoast_head":"<!-- This site is optimized with the Yoast SEO plugin v27.5 - https:\/\/yoast.com\/product\/yoast-seo-wordpress\/ -->\n<title>Lloret des Indianos - Lloret de Mar<\/title>\n<meta name=\"description\" content=\"Avant que les touristes ne d\u00e9couvrent la beaut\u00e9 des plages et des criques de Lloret de Mar, la ville \u00e9tait d\u00e9j\u00e0 tr\u00e8s li\u00e9e \u00e0 la mer. Tout d\u2019abord en tant que village de p\u00eacheurs, puis gr\u00e2ce au commerce maritime. Vers la moiti\u00e9 du XVIIIe si\u00e8cle, de nombreux navigateurs originaires de Lloret de Mar s\u2019en allaient\u2026\" \/>\n<meta name=\"robots\" content=\"index, follow, max-snippet:-1, max-image-preview:large, max-video-preview:-1\" \/>\n<link rel=\"canonical\" href=\"https:\/\/lloretdemar.org\/fr\/quoi-faire-a-lloret\/lloret-de-mar-en-journee\/culture\/lloret-des-indianos\/\" \/>\n<meta property=\"og:locale\" content=\"fr_FR\" \/>\n<meta property=\"og:type\" content=\"article\" \/>\n<meta property=\"og:title\" content=\"Lloret des Indianos - Lloret de Mar\" \/>\n<meta property=\"og:description\" content=\"Avant que les touristes ne d\u00e9couvrent la beaut\u00e9 des plages et des criques de Lloret de Mar, la ville \u00e9tait d\u00e9j\u00e0 tr\u00e8s li\u00e9e \u00e0 la mer. Tout d\u2019abord en tant que village de p\u00eacheurs, puis gr\u00e2ce au commerce maritime. Vers la moiti\u00e9 du XVIIIe si\u00e8cle, de nombreux navigateurs originaires de Lloret de Mar s\u2019en allaient\u2026\" \/>\n<meta property=\"og:url\" content=\"https:\/\/lloretdemar.org\/fr\/quoi-faire-a-lloret\/lloret-de-mar-en-journee\/culture\/lloret-des-indianos\/\" \/>\n<meta property=\"og:site_name\" content=\"Lloret de Mar\" \/>\n<meta property=\"article:publisher\" content=\"https:\/\/www.facebook.com\/Lloretturisme\" \/>\n<meta property=\"article:modified_time\" content=\"2022-09-05T15:25:56+00:00\" \/>\n<meta property=\"og:image\" content=\"https:\/\/lloretdemar.org\/wp-content\/uploads\/2020\/02\/slide-cultura-indians.jpg\" \/>\n\t<meta property=\"og:image:width\" content=\"1920\" \/>\n\t<meta property=\"og:image:height\" content=\"885\" \/>\n\t<meta property=\"og:image:type\" content=\"image\/jpeg\" \/>\n<meta name=\"twitter:card\" content=\"summary_large_image\" \/>\n<meta name=\"twitter:site\" content=\"@lloretturisme\" \/>\n<meta name=\"twitter:label1\" content=\"Dur\u00e9e de lecture estim\u00e9e\" \/>\n\t<meta name=\"twitter:data1\" content=\"1 minute\" \/>\n<script type=\"application\/ld+json\" class=\"yoast-schema-graph\">{\"@context\":\"https:\\\/\\\/schema.org\",\"@graph\":[{\"@type\":\"WebPage\",\"@id\":\"https:\\\/\\\/lloretdemar.org\\\/fr\\\/quoi-faire-a-lloret\\\/lloret-de-mar-en-journee\\\/culture\\\/lloret-des-indianos\\\/\",\"url\":\"https:\\\/\\\/lloretdemar.org\\\/fr\\\/quoi-faire-a-lloret\\\/lloret-de-mar-en-journee\\\/culture\\\/lloret-des-indianos\\\/\",\"name\":\"Lloret des Indianos - Lloret de Mar\",\"isPartOf\":{\"@id\":\"https:\\\/\\\/lloretdemar.org\\\/fr\\\/#website\"},\"datePublished\":\"2020-01-23T17:12:53+00:00\",\"dateModified\":\"2022-09-05T15:25:56+00:00\",\"description\":\"Lloret de Mar\",\"breadcrumb\":{\"@id\":\"https:\\\/\\\/lloretdemar.org\\\/fr\\\/quoi-faire-a-lloret\\\/lloret-de-mar-en-journee\\\/culture\\\/lloret-des-indianos\\\/#breadcrumb\"},\"inLanguage\":\"fr-FR\",\"potentialAction\":[{\"@type\":\"ReadAction\",\"target\":[\"https:\\\/\\\/lloretdemar.org\\\/fr\\\/quoi-faire-a-lloret\\\/lloret-de-mar-en-journee\\\/culture\\\/lloret-des-indianos\\\/\"]}]},{\"@type\":\"BreadcrumbList\",\"@id\":\"https:\\\/\\\/lloretdemar.org\\\/fr\\\/quoi-faire-a-lloret\\\/lloret-de-mar-en-journee\\\/culture\\\/lloret-des-indianos\\\/#breadcrumb\",\"itemListElement\":[{\"@type\":\"ListItem\",\"position\":1,\"name\":\"Home\",\"item\":\"https:\\\/\\\/lloretdemar.org\\\/fr\\\/\"},{\"@type\":\"ListItem\",\"position\":2,\"name\":\"Quoi faire \u00e0 Lloret\",\"item\":\"https:\\\/\\\/lloretdemar.org\\\/fr\\\/quoi-faire-a-lloret\\\/\"},{\"@type\":\"ListItem\",\"position\":3,\"name\":\"Lloret de Mar en Journ\u00e9e\",\"item\":\"https:\\\/\\\/lloretdemar.org\\\/fr\\\/quoi-faire-a-lloret\\\/lloret-de-mar-en-journee\\\/\"},{\"@type\":\"ListItem\",\"position\":4,\"name\":\"Culture\",\"item\":\"https:\\\/\\\/lloretdemar.org\\\/fr\\\/quoi-faire-a-lloret\\\/lloret-de-mar-en-journee\\\/culture\\\/\"},{\"@type\":\"ListItem\",\"position\":5,\"name\":\"Lloret des Indianos\"}]},{\"@type\":\"WebSite\",\"@id\":\"https:\\\/\\\/lloretdemar.org\\\/fr\\\/#website\",\"url\":\"https:\\\/\\\/lloretdemar.org\\\/fr\\\/\",\"name\":\"Lloret de Mar\",\"description\":\"\",\"publisher\":{\"@id\":\"https:\\\/\\\/lloretdemar.org\\\/fr\\\/#organization\"},\"potentialAction\":[{\"@type\":\"SearchAction\",\"target\":{\"@type\":\"EntryPoint\",\"urlTemplate\":\"https:\\\/\\\/lloretdemar.org\\\/fr\\\/?s={search_term_string}\"},\"query-input\":{\"@type\":\"PropertyValueSpecification\",\"valueRequired\":true,\"valueName\":\"search_term_string\"}}],\"inLanguage\":\"fr-FR\"},{\"@type\":\"Organization\",\"@id\":\"https:\\\/\\\/lloretdemar.org\\\/fr\\\/#organization\",\"name\":\"Lloret de Mar\",\"url\":\"https:\\\/\\\/lloretdemar.org\\\/fr\\\/\",\"logo\":{\"@type\":\"ImageObject\",\"inLanguage\":\"fr-FR\",\"@id\":\"https:\\\/\\\/lloretdemar.org\\\/fr\\\/#\\\/schema\\\/logo\\\/image\\\/\",\"url\":\"https:\\\/\\\/lloretdemar.org\\\/wp-content\\\/uploads\\\/2020\\\/05\\\/lloret-de-mar-logo.png\",\"contentUrl\":\"https:\\\/\\\/lloretdemar.org\\\/wp-content\\\/uploads\\\/2020\\\/05\\\/lloret-de-mar-logo.png\",\"width\":87,\"height\":38,\"caption\":\"Lloret de Mar\"},\"image\":{\"@id\":\"https:\\\/\\\/lloretdemar.org\\\/fr\\\/#\\\/schema\\\/logo\\\/image\\\/\"},\"sameAs\":[\"https:\\\/\\\/www.facebook.com\\\/Lloretturisme\",\"https:\\\/\\\/x.com\\\/lloretturisme\",\"https:\\\/\\\/instagram.com\\\/lloretturisme\",\"https:\\\/\\\/www.youtube.com\\\/LloretTurisme\"]}]}<\/script>\n<!-- \/ Yoast SEO plugin. -->","yoast_head_json":{"title":"Lloret des Indianos - Lloret de Mar","description":"Avant que les touristes ne d\u00e9couvrent la beaut\u00e9 des plages et des criques de Lloret de Mar, la ville \u00e9tait d\u00e9j\u00e0 tr\u00e8s li\u00e9e \u00e0 la mer. Tout d\u2019abord en tant que village de p\u00eacheurs, puis gr\u00e2ce au commerce maritime. Vers la moiti\u00e9 du XVIIIe si\u00e8cle, de nombreux navigateurs originaires de Lloret de Mar s\u2019en allaient\u2026","robots":{"index":"index","follow":"follow","max-snippet":"max-snippet:-1","max-image-preview":"max-image-preview:large","max-video-preview":"max-video-preview:-1"},"canonical":"https:\/\/lloretdemar.org\/fr\/quoi-faire-a-lloret\/lloret-de-mar-en-journee\/culture\/lloret-des-indianos\/","og_locale":"fr_FR","og_type":"article","og_title":"Lloret des Indianos - Lloret de Mar","og_description":"Avant que les touristes ne d\u00e9couvrent la beaut\u00e9 des plages et des criques de Lloret de Mar, la ville \u00e9tait d\u00e9j\u00e0 tr\u00e8s li\u00e9e \u00e0 la mer. Tout d\u2019abord en tant que village de p\u00eacheurs, puis gr\u00e2ce au commerce maritime. Vers la moiti\u00e9 du XVIIIe si\u00e8cle, de nombreux navigateurs originaires de Lloret de Mar s\u2019en allaient\u2026","og_url":"https:\/\/lloretdemar.org\/fr\/quoi-faire-a-lloret\/lloret-de-mar-en-journee\/culture\/lloret-des-indianos\/","og_site_name":"Lloret de Mar","article_publisher":"https:\/\/www.facebook.com\/Lloretturisme","article_modified_time":"2022-09-05T15:25:56+00:00","og_image":[{"width":1920,"height":885,"url":"https:\/\/lloretdemar.org\/wp-content\/uploads\/2020\/02\/slide-cultura-indians.jpg","type":"image\/jpeg"}],"twitter_card":"summary_large_image","twitter_site":"@lloretturisme","twitter_misc":{"Dur\u00e9e de lecture estim\u00e9e":"1 minute"},"schema":{"@context":"https:\/\/schema.org","@graph":[{"@type":"WebPage","@id":"https:\/\/lloretdemar.org\/fr\/quoi-faire-a-lloret\/lloret-de-mar-en-journee\/culture\/lloret-des-indianos\/","url":"https:\/\/lloretdemar.org\/fr\/quoi-faire-a-lloret\/lloret-de-mar-en-journee\/culture\/lloret-des-indianos\/","name":"Lloret des Indianos - Lloret de Mar","isPartOf":{"@id":"https:\/\/lloretdemar.org\/fr\/#website"},"datePublished":"2020-01-23T17:12:53+00:00","dateModified":"2022-09-05T15:25:56+00:00","description":"Lloret de Mar","breadcrumb":{"@id":"https:\/\/lloretdemar.org\/fr\/quoi-faire-a-lloret\/lloret-de-mar-en-journee\/culture\/lloret-des-indianos\/#breadcrumb"},"inLanguage":"fr-FR","potentialAction":[{"@type":"ReadAction","target":["https:\/\/lloretdemar.org\/fr\/quoi-faire-a-lloret\/lloret-de-mar-en-journee\/culture\/lloret-des-indianos\/"]}]},{"@type":"BreadcrumbList","@id":"https:\/\/lloretdemar.org\/fr\/quoi-faire-a-lloret\/lloret-de-mar-en-journee\/culture\/lloret-des-indianos\/#breadcrumb","itemListElement":[{"@type":"ListItem","position":1,"name":"Home","item":"https:\/\/lloretdemar.org\/fr\/"},{"@type":"ListItem","position":2,"name":"Quoi faire \u00e0 Lloret","item":"https:\/\/lloretdemar.org\/fr\/quoi-faire-a-lloret\/"},{"@type":"ListItem","position":3,"name":"Lloret de Mar en Journ\u00e9e","item":"https:\/\/lloretdemar.org\/fr\/quoi-faire-a-lloret\/lloret-de-mar-en-journee\/"},{"@type":"ListItem","position":4,"name":"Culture","item":"https:\/\/lloretdemar.org\/fr\/quoi-faire-a-lloret\/lloret-de-mar-en-journee\/culture\/"},{"@type":"ListItem","position":5,"name":"Lloret des Indianos"}]},{"@type":"WebSite","@id":"https:\/\/lloretdemar.org\/fr\/#website","url":"https:\/\/lloretdemar.org\/fr\/","name":"Lloret de Mar","description":"","publisher":{"@id":"https:\/\/lloretdemar.org\/fr\/#organization"},"potentialAction":[{"@type":"SearchAction","target":{"@type":"EntryPoint","urlTemplate":"https:\/\/lloretdemar.org\/fr\/?s={search_term_string}"},"query-input":{"@type":"PropertyValueSpecification","valueRequired":true,"valueName":"search_term_string"}}],"inLanguage":"fr-FR"},{"@type":"Organization","@id":"https:\/\/lloretdemar.org\/fr\/#organization","name":"Lloret de Mar","url":"https:\/\/lloretdemar.org\/fr\/","logo":{"@type":"ImageObject","inLanguage":"fr-FR","@id":"https:\/\/lloretdemar.org\/fr\/#\/schema\/logo\/image\/","url":"https:\/\/lloretdemar.org\/wp-content\/uploads\/2020\/05\/lloret-de-mar-logo.png","contentUrl":"https:\/\/lloretdemar.org\/wp-content\/uploads\/2020\/05\/lloret-de-mar-logo.png","width":87,"height":38,"caption":"Lloret de Mar"},"image":{"@id":"https:\/\/lloretdemar.org\/fr\/#\/schema\/logo\/image\/"},"sameAs":["https:\/\/www.facebook.com\/Lloretturisme","https:\/\/x.com\/lloretturisme","https:\/\/instagram.com\/lloretturisme","https:\/\/www.youtube.com\/LloretTurisme"]}]}},"_links":{"self":[{"href":"https:\/\/lloretdemar.org\/fr\/wp-json\/wp\/v2\/pages\/13750","targetHints":{"allow":["GET"]}}],"collection":[{"href":"https:\/\/lloretdemar.org\/fr\/wp-json\/wp\/v2\/pages"}],"about":[{"href":"https:\/\/lloretdemar.org\/fr\/wp-json\/wp\/v2\/types\/page"}],"author":[{"embeddable":true,"href":"https:\/\/lloretdemar.org\/fr\/wp-json\/wp\/v2\/users\/12"}],"replies":[{"embeddable":true,"href":"https:\/\/lloretdemar.org\/fr\/wp-json\/wp\/v2\/comments?post=13750"}],"version-history":[{"count":2,"href":"https:\/\/lloretdemar.org\/fr\/wp-json\/wp\/v2\/pages\/13750\/revisions"}],"predecessor-version":[{"id":30554,"href":"https:\/\/lloretdemar.org\/fr\/wp-json\/wp\/v2\/pages\/13750\/revisions\/30554"}],"up":[{"embeddable":true,"href":"https:\/\/lloretdemar.org\/fr\/wp-json\/wp\/v2\/pages\/13497"}],"wp:attachment":[{"href":"https:\/\/lloretdemar.org\/fr\/wp-json\/wp\/v2\/media?parent=13750"}],"curies":[{"name":"wp","href":"https:\/\/api.w.org\/{rel}","templated":true}]}}