{"id":13518,"date":"2020-01-23T13:43:21","date_gmt":"2020-01-23T12:43:21","guid":{"rendered":"http:\/\/lloretdemar.org\/lloret-de-mar-de-dia\/cultura\/moll-museu-obert-de-lloret\/"},"modified":"2022-09-05T15:08:12","modified_gmt":"2022-09-05T13:08:12","slug":"moll-musee-ouvert-de-lloret","status":"publish","type":"page","link":"https:\/\/lloretdemar.org\/fr\/quoi-faire-a-lloret\/lloret-de-mar-en-journee\/culture\/moll-musee-ouvert-de-lloret\/","title":{"rendered":"MOLL (Mus\u00e9e Ouvert de Lloret)"},"content":{"rendered":"\n<p>Lloret de Mar est un mus\u00e9e \u00e0 l\u2019air libre&nbsp;: vous d\u00e9couvrez son histoire en parcourant ses rues et ses places. Promenez-vous dans la ville, plongez-vous dans son pass\u00e9 et d\u00e9couvrez son histoire, sa culture et ses habitants.<br> <br> Vous \u00eates plus qu\u2019un simple observateur, vivez le patrimoine de Lloret comme un habitant de plus.<br><\/p>\n\n\n\n<div style=\"height:40px\" aria-hidden=\"true\" class=\"wp-block-spacer\"><\/div>\n\n\n\n<div class=\"wp-block-buttons is-content-justification-center is-layout-flex wp-container-core-buttons-is-layout-16018d1d wp-block-buttons-is-layout-flex\">\n<div class=\"wp-block-button agenda-btn\"><a class=\"wp-block-button__link has-background\" href=\"https:\/\/maps.lloretdemar.org\/fr\/moll-musee-ouvert-de-lloret\" style=\"border-radius:0px;background-color:#4798e9\">Guide Interactif<\/a><\/div>\n<\/div>\n","protected":false},"excerpt":{"rendered":"<p>Lloret de Mar est un mus\u00e9e \u00e0 l\u2019air libre&nbsp;: vous d\u00e9couvrez son histoire en parcourant ses rues et ses places. Promenez-vous dans la ville, plongez-vous dans son pass\u00e9 et d\u00e9couvrez son histoire, sa culture et ses habitants. Vous \u00eates plus qu\u2019un simple observateur, vivez le patrimoine de Lloret comme un habitant de plus.<\/p>\n","protected":false},"author":12,"featured_media":0,"parent":13497,"menu_order":0,"comment_status":"closed","ping_status":"closed","template":"page-templates\/mouret-15.php","meta":{"_acf_changed":false,"content-type":"","footnotes":""},"class_list":["post-13518","page","type-page","status-publish","hentry"],"acf":{"banner_imatge":13537,"banner_titol":"MOLL (Mus\u00e9e Ouvert de Lloret)","banner_subtitol":"","botons_blanc_o_negres":"defecte","banner_links":[{"es_post":false,"banner_link":{"title":"Jardins de Santa Clotilde","url":"https:\/\/lloretdemar.org\/fr\/cultura\/jardins-de-santa-clotilde\/","target":""},"link_intern":null,"link_intern_titol":"Jardins de Santa Clotilde"},{"es_post":false,"banner_link":{"title":"Mus\u00e9e de la Mer \u2013 Can Garriga","url":"https:\/\/lloretdemar.org\/fr\/cultura\/musee-de-la-mer-can-garriga\/","target":""},"link_intern":null,"link_intern_titol":"Mus\u00e9e de la Mer \u2013 Can Garriga"},{"es_post":false,"banner_link":{"title":"Centre historique","url":"https:\/\/lloretdemar.org\/fr\/cultura\/centre-historique\/","target":""},"link_intern":null,"link_intern_titol":"Centre Historique"},{"es_post":false,"banner_link":{"title":"\u00c9glise paroissiale Sant Rom\u00e0","url":"https:\/\/lloretdemar.org\/fr\/cultura\/eglise-paroissiale-sant-roma\/","target":""},"link_intern":null,"link_intern_titol":"\u00c9glise paroissiale Sant Rom\u00e0"},{"es_post":false,"banner_link":{"title":"Cimeti\u00e8re Moderniste","url":"https:\/\/lloretdemar.org\/fr\/cultura\/cimetiere-moderniste\/","target":""},"link_intern":null,"link_intern_titol":"Cimeti\u00e8re Moderniste"},{"es_post":false,"banner_link":{"title":"Chapelle de Santa Cristina","url":"https:\/\/lloretdemar.org\/fr\/cultura\/chapelle-de-santa-cristina\/","target":""},"link_intern":null,"link_intern_titol":"Cimeti\u00e8re moderniste"},{"es_post":false,"banner_link":{"title":"Es Tint","url":"https:\/\/lloretdemar.org\/fr\/cultura\/es-tint\/","target":""},"link_intern":null,"link_intern_titol":"Chapelle de Santa Cristina"},{"es_post":false,"banner_link":{"title":"Can Saragossa","url":"https:\/\/lloretdemar.org\/fr\/cultura\/can-saragossa\/","target":""},"link_intern":null,"link_intern_titol":"Es Tint"},{"es_post":false,"banner_link":{"title":"Ch\u00e2teau de Sant Joan","url":"https:\/\/lloretdemar.org\/fr\/cultura\/chateau-de-sant-joan\/","target":""},"link_intern":null,"link_intern_titol":"Ch\u00e2teau de Sant Joan"},{"es_post":false,"banner_link":{"title":"Tur\u00f3 Rod\u00f3","url":"https:\/\/lloretdemar.org\/fr\/cultura\/turo-rodo\/","target":""},"link_intern":null,"link_intern_titol":"Tur\u00f3 Rod\u00f3"},{"es_post":false,"banner_link":{"title":"Chapelle de les Alegries","url":"https:\/\/lloretdemar.org\/fr\/cultura\/chapelle-de-les-alegries\/","target":""},"link_intern":null,"link_intern_titol":"Chapelle de les Alegries"},{"es_post":false,"banner_link":{"title":"Sant Pere del Bosc","url":"https:\/\/lloretdemar.org\/fr\/cultura\/sant-pere-del-bosc\/","target":""},"link_intern":13778,"link_intern_titol":"Sant Pere del Bosc"},{"es_post":false,"banner_link":{"title":"Chapelle de Sant Quirze","url":"https:\/\/lloretdemar.org\/fr\/cultura\/chapelle-de-sant-quirze\/","target":""},"link_intern":13869,"link_intern_titol":"Chapelle de Sant Quirze"},{"es_post":false,"banner_link":{"title":"Chapelle dels Sants Metges","url":"https:\/\/lloretdemar.org\/fr\/cultura\/chapelle-dels-sants-metges\/","target":""},"link_intern":13859,"link_intern_titol":"Chapelle dels Sants Metges"},{"es_post":false,"banner_link":{"title":"Site arch\u00e9ologique de Puig de Castellet","url":"https:\/\/lloretdemar.org\/fr\/cultura\/site-archeologique-de-puig-de-castellet\/","target":""},"link_intern":13844,"link_intern_titol":"Site arch\u00e9ologique de Puig de Castellet"},{"es_post":false,"banner_link":{"title":"Mairie","url":"https:\/\/lloretdemar.org\/fr\/cultura\/hotel-de-ville-casa-de-la-villa\/","target":""},"link_intern":13762,"link_intern_titol":"Mairie"}],"blocs":[{"titol":"Jardins de Santa Clotilde","descripcio":"Au-dessus d\u2019une falaise entre Cala Boadella et la plage de Fenals, avec une impressionnante vue sur la mer, se trouve l\u2019un des tr\u00e9sors les mieux pr\u00e9serv\u00e9s de Lloret de Mar, \u00e0 ne pas manquer.","imatge":13524,"es_enllac_intern_o_extern":"intern","link_intern":{"title":"Informations sur le mois","url":"https:\/\/lloretdemar.org\/fr\/cultura\/jardins-de-santa-clotilde\/","target":""},"link_extern":"","link_extern_text":""},{"titol":"Museu del Mar \u2013 Can Garriga","descripcio":"Situ\u00e9e sur la promenade en front de mer, Can Garriga est une des maisons indianas les plus importantes de Lloret de Mar. \u00c0 l\u2019heure actuelle, cette maison et sa voisine, accueillent le Mus\u00e9e de la mer, un espace qui explique le lien entre Lloret de Mar et la mer.","imatge":13525,"es_enllac_intern_o_extern":"intern","link_intern":{"title":"Informations sur le mois","url":"https:\/\/lloretdemar.org\/fr\/cultura\/musee-de-la-mer-can-garriga\/","target":""},"link_extern":"","link_extern_text":""},{"titol":"Centre Historique","descripcio":"Nous vous proposons une randonn\u00e9e pour conna\u00eetre de plus pr\u00e8s le patrimoine le plus int\u00e9ressant du centre historique de Lloret de Mar.","imatge":13554,"es_enllac_intern_o_extern":"intern","link_intern":{"title":"Informations sur le mois","url":"https:\/\/lloretdemar.org\/fr\/cultura\/centre-historique\/","target":""},"link_extern":"","link_extern_text":""},{"titol":"\u00c9glise paroissiale Sant Rom\u00e0","descripcio":"En vous promenant dans le centre historique de Lloret de Mar, vous d\u00e9couvrirez l\u2019\u00e9glise de Sant Rom\u00e0, patron de Lloret de Mar. L\u2019\u00e9glise est un exemple patrimonial qui refl\u00e8te les deux \u00e9poques de construction aux architectures tr\u00e8s diff\u00e9rentes.","imatge":13526,"es_enllac_intern_o_extern":"intern","link_intern":{"title":"Informations sur le mois","url":"https:\/\/lloretdemar.org\/fr\/cultura\/eglise-paroissiale-sant-roma\/","target":""},"link_extern":"","link_extern_text":""},{"titol":"Cimeti\u00e8re moderniste","descripcio":"Le cimeti\u00e8re de Lloret de Mar fait partie de la Route europ\u00e9enne des cimeti\u00e8res et est class\u00e9 en tant que Bien d\u2019int\u00e9r\u00eat culturel. C\u2019est l\u2019un des principaux exemples d\u2019art fun\u00e9raire catalan du XIXe si\u00e8cle et il est tr\u00e8s marqu\u00e9 par l\u2019influence indiana.","imatge":13527,"es_enllac_intern_o_extern":"intern","link_intern":{"title":"Informations sur le mois","url":"https:\/\/lloretdemar.org\/fr\/cultura\/cimetiere-moderniste\/","target":""},"link_extern":"","link_extern_text":""},{"titol":"Can Font - Maison de Nicolau Font i Maig","descripcio":"Can Font est un b\u00e2timent de style Art nouveau, \u00e9galement connu sous le nom de Cal Conde ou Can Piuet. Il fut construit en 1877 \u00e0 la demande de Nicolau Font i Maig, son premier propri\u00e9taire.","imatge":13528,"es_enllac_intern_o_extern":"intern","link_intern":{"title":"Informations sur le mois","url":"https:\/\/lloretdemar.org\/fr\/cultura\/can-font-maison-de-nicolau-font-i-maig\/","target":""},"link_extern":"","link_extern_text":""},{"titol":"Chapelle de Santa Cristina","descripcio":"La plus ancienne preuve de son existence remonte \u00e0 1376 mais le b\u00e2timent actuel date de la fin du XVIIIe si\u00e8cle. Elle est de style n\u00e9o-classique et abrite un magnifique autel de marbre blanc fait en Italie ainsi qu\u2019une int\u00e9ressante collection d\u2019ex-voto et de bateaux miniatures.","imatge":13529,"es_enllac_intern_o_extern":"intern","link_intern":{"title":"Informations sur le mois","url":"https:\/\/lloretdemar.org\/fr\/cultura\/chapelle-de-santa-cristina\/","target":""},"link_extern":"","link_extern_text":""},{"titol":"Chapelle de les Alegries","descripcio":"Cette petite chapelle fut la premi\u00e8re paroisse de notre ville, depuis sa cons\u00e9cration en 1079 jusqu\u2019en 1522, date \u00e0 laquelle elle fut d\u00e9plac\u00e9e jusqu\u2019\u00e0 son emplacement actuel \u00e0 2,5 km du centre.","imatge":13544,"es_enllac_intern_o_extern":"intern","link_intern":{"title":"Informations sur le mois","url":"https:\/\/lloretdemar.org\/fr\/cultura\/chapelle-de-les-alegries\/","target":""},"link_extern":"","link_extern_text":""},{"titol":"Es Tint","descripcio":"C\u2019est le si\u00e8ge actuel de la Confr\u00e9rie des p\u00eacheurs de Lloret de Mar. Elle est situ\u00e9e dans le centre de la commune et conserve son statut d\u2019origine en tant que lieu o\u00f9 les p\u00eacheurs venaient pour teindre leurs filets.","imatge":13536,"es_enllac_intern_o_extern":"intern","link_intern":{"title":"Informations sur le mois","url":"https:\/\/lloretdemar.org\/fr\/cultura\/es-tint\/","target":""},"link_extern":"","link_extern_text":""},{"titol":"Can Saragossa","descripcio":"La ferme de Can Saragossa est situ\u00e9e sur une petite colline, entour\u00e9e de for\u00eats et de jardins. Au printemps, quand tout commence \u00e0 fleurir, elle devient incontournable.","imatge":13530,"es_enllac_intern_o_extern":"intern","link_intern":{"title":"Informations sur le mois","url":"https:\/\/lloretdemar.org\/fr\/cultura\/can-saragossa\/","target":""},"link_extern":"","link_extern_text":""},{"titol":"Ch\u00e2teau de Sant Joan","descripcio":"Situ\u00e9 au sommet de la montagne qui s\u00e9pare les plages de Lloret de Mar et de Fenals, cette tour construite au XIe si\u00e8cle ap. J.-C. est un symbole de la commune.","imatge":13531,"es_enllac_intern_o_extern":"intern","link_intern":{"title":"Informations sur le mois","url":"https:\/\/lloretdemar.org\/fr\/cultura\/chateau-de-sant-joan\/","target":""},"link_extern":"","link_extern_text":""},{"titol":"Tur\u00f3 Rod\u00f3","descripcio":"Le village de Tur\u00f3 Rod\u00f3 (IIIe s. av. J.-C.) est l\u2019un des trois sites arch\u00e9ologiques situ\u00e9s sur la commune de Lloret de Mar. C\u2019est le site le plus proche du centre ville. Ce petit village ib\u00e8re est situ\u00e9 sur un promontoire de 40 m\u00e8tres de haut, juste derri\u00e8re l\u2019embl\u00e9matique Ch\u00e2teau d\u2019en Plaja.","imatge":13545,"es_enllac_intern_o_extern":"intern","link_intern":{"title":"Informations sur le mois","url":"https:\/\/lloretdemar.org\/fr\/cultura\/turo-rodo\/","target":""},"link_extern":"","link_extern_text":""},{"titol":"Sant Pere del Bosc","descripcio":"\u00c0 5 km du centre de Lloret de Mar, entour\u00e9 de nature, se trouve l\u2019h\u00f4tel-restaurant de Sant Pere del Bosc, reconstruit par Puig i Cadafalch au XIXe si\u00e8cle \u00e0 partir d\u2019un ancien monast\u00e8re b\u00e9n\u00e9dictin du Xe si\u00e8cle.","imatge":13548,"es_enllac_intern_o_extern":"intern","link_intern":{"title":"Informations sur le mois","url":"https:\/\/lloretdemar.org\/fr\/cultura\/sant-pere-del-bosc\/","target":""},"link_extern":"","link_extern_text":""},{"titol":"Chapelle de Sant Quirze","descripcio":"Situ\u00e9e \u00e0 200 m\u00e8tres du cimeti\u00e8re et \u00e0 1 km du centre, la chapelle date d\u2019avant le XIe si\u00e8cle et son style n\u2019est pas unifi\u00e9. Des fragments de c\u00e9ramique romaine, une pi\u00e8ce de monnaie \u00e0 l\u2019effigie de l\u2019empereur Constantin et plusieurs tombes ont \u00e9t\u00e9 retrouv\u00e9s tout pr\u00e8s de cette chapelle.","imatge":13533,"es_enllac_intern_o_extern":"intern","link_intern":{"title":"Informations sur le mois","url":"https:\/\/lloretdemar.org\/fr\/cultura\/chapelle-de-sant-quirze\/","target":""},"link_extern":"","link_extern_text":""},{"titol":"Chapelle dels Sants Metges","descripcio":"Cette petite chapelle appartient \u00e0 l\u2019ancien h\u00f4pital de bienfaisance de Lloret qui fut fond\u00e9 en 1445 par Narc\u00eds Oliveres, chanoine de la cath\u00e9drale de G\u00e9rone et administrateur de la \u00ab pavordia del mes de noviembre \u00bb (territoire auquel on avait attribu\u00e9 le nom d\u2019un mois de l\u2019ann\u00e9e) et donc seigneur de Lloret.","imatge":13546,"es_enllac_intern_o_extern":"intern","link_intern":{"title":"Informations sur le mois","url":"https:\/\/lloretdemar.org\/fr\/cultura\/chapelle-dels-sants-metges\/","target":""},"link_extern":"","link_extern_text":""},{"titol":"Site arch\u00e9ologique de Puig de Castellet","descripcio":"Le site arch\u00e9ologique de Puig de Castellet, qui date du IIIe s. av. J.-C. est situ\u00e9 \u00e0 2 kilom\u00e8tres du centre ville de Lloret de Mar, dans une zone strat\u00e9gique permettant de surveiller l\u2019embouchure du Tordera jusqu\u2019\u00e0 la c\u00f4te de Lloret. Il s\u2019agit d\u2019une petite enceinte de 650 m2 occup\u00e9e par six maisons.","imatge":13553,"es_enllac_intern_o_extern":"intern","link_intern":{"title":"Informations sur le mois","url":"https:\/\/lloretdemar.org\/fr\/cultura\/site-archeologique-de-puig-de-castellet\/","target":""},"link_extern":"","link_extern_text":""},{"titol":"Mairie","descripcio":"La Casa de la Vila de Lloret de Mar conserve l'essence de l'Indiana pr\u00e9side la promenade Moss\u00e8n Jacint Verdaguer et en bord de mer.","imatge":13547,"es_enllac_intern_o_extern":"intern","link_intern":{"title":" M\u00e9s informaci\u00f3","url":"http:\/\/lloretdemar.org\/cultura\/ajuntament\/","target":""},"link_extern":"","link_extern_text":""}],"titol_boto":"T\u00e9l\u00e9chargez la brochure","document":12270,"apartats":null},"yoast_head":"<!-- This site is optimized with the Yoast SEO plugin v27.5 - https:\/\/yoast.com\/product\/yoast-seo-wordpress\/ -->\n<title>MOLL (Mus\u00e9e Ouvert de Lloret) - Lloret de Mar<\/title>\n<meta name=\"description\" content=\"Lloret de Mar est un mus\u00e9e \u00e0 l\u2019air libre&nbsp;: vous d\u00e9couvrez son histoire en parcourant ses rues et ses places. Promenez-vous dans la ville, plongez-vous dans son pass\u00e9 et d\u00e9couvrez son histoire, sa culture et ses habitants. Vous \u00eates plus qu\u2019un simple observateur, vivez le patrimoine de Lloret comme un habitant de plus. Guide Interactif\" \/>\n<meta name=\"robots\" content=\"index, follow, max-snippet:-1, max-image-preview:large, max-video-preview:-1\" \/>\n<link rel=\"canonical\" href=\"https:\/\/lloretdemar.org\/fr\/quoi-faire-a-lloret\/lloret-de-mar-en-journee\/culture\/moll-musee-ouvert-de-lloret\/\" \/>\n<meta property=\"og:locale\" content=\"fr_FR\" \/>\n<meta property=\"og:type\" content=\"article\" \/>\n<meta property=\"og:title\" content=\"MOLL (Mus\u00e9e Ouvert de Lloret) - Lloret de Mar\" \/>\n<meta property=\"og:description\" content=\"Lloret de Mar est un mus\u00e9e \u00e0 l\u2019air libre&nbsp;: vous d\u00e9couvrez son histoire en parcourant ses rues et ses places. Promenez-vous dans la ville, plongez-vous dans son pass\u00e9 et d\u00e9couvrez son histoire, sa culture et ses habitants. Vous \u00eates plus qu\u2019un simple observateur, vivez le patrimoine de Lloret comme un habitant de plus. Guide Interactif\" \/>\n<meta property=\"og:url\" content=\"https:\/\/lloretdemar.org\/fr\/quoi-faire-a-lloret\/lloret-de-mar-en-journee\/culture\/moll-musee-ouvert-de-lloret\/\" \/>\n<meta property=\"og:site_name\" content=\"Lloret de Mar\" \/>\n<meta property=\"article:publisher\" content=\"https:\/\/www.facebook.com\/Lloretturisme\" \/>\n<meta property=\"article:modified_time\" content=\"2022-09-05T13:08:12+00:00\" \/>\n<meta property=\"og:image\" content=\"https:\/\/lloretdemar.org\/wp-content\/uploads\/2020\/02\/slide-cultura-moll.jpg\" \/>\n\t<meta property=\"og:image:width\" content=\"1920\" \/>\n\t<meta property=\"og:image:height\" content=\"885\" \/>\n\t<meta property=\"og:image:type\" content=\"image\/jpeg\" \/>\n<meta name=\"twitter:card\" content=\"summary_large_image\" \/>\n<meta name=\"twitter:site\" content=\"@lloretturisme\" \/>\n<meta name=\"twitter:label1\" content=\"Dur\u00e9e de lecture estim\u00e9e\" \/>\n\t<meta name=\"twitter:data1\" content=\"1 minute\" \/>\n<script type=\"application\/ld+json\" class=\"yoast-schema-graph\">{\"@context\":\"https:\\\/\\\/schema.org\",\"@graph\":[{\"@type\":\"WebPage\",\"@id\":\"https:\\\/\\\/lloretdemar.org\\\/fr\\\/quoi-faire-a-lloret\\\/lloret-de-mar-en-journee\\\/culture\\\/moll-musee-ouvert-de-lloret\\\/\",\"url\":\"https:\\\/\\\/lloretdemar.org\\\/fr\\\/quoi-faire-a-lloret\\\/lloret-de-mar-en-journee\\\/culture\\\/moll-musee-ouvert-de-lloret\\\/\",\"name\":\"MOLL (Mus\u00e9e Ouvert de Lloret) - Lloret de Mar\",\"isPartOf\":{\"@id\":\"https:\\\/\\\/lloretdemar.org\\\/fr\\\/#website\"},\"datePublished\":\"2020-01-23T12:43:21+00:00\",\"dateModified\":\"2022-09-05T13:08:12+00:00\",\"description\":\"Lloret de Mar\",\"breadcrumb\":{\"@id\":\"https:\\\/\\\/lloretdemar.org\\\/fr\\\/quoi-faire-a-lloret\\\/lloret-de-mar-en-journee\\\/culture\\\/moll-musee-ouvert-de-lloret\\\/#breadcrumb\"},\"inLanguage\":\"fr-FR\",\"potentialAction\":[{\"@type\":\"ReadAction\",\"target\":[\"https:\\\/\\\/lloretdemar.org\\\/fr\\\/quoi-faire-a-lloret\\\/lloret-de-mar-en-journee\\\/culture\\\/moll-musee-ouvert-de-lloret\\\/\"]}]},{\"@type\":\"BreadcrumbList\",\"@id\":\"https:\\\/\\\/lloretdemar.org\\\/fr\\\/quoi-faire-a-lloret\\\/lloret-de-mar-en-journee\\\/culture\\\/moll-musee-ouvert-de-lloret\\\/#breadcrumb\",\"itemListElement\":[{\"@type\":\"ListItem\",\"position\":1,\"name\":\"Home\",\"item\":\"https:\\\/\\\/lloretdemar.org\\\/fr\\\/\"},{\"@type\":\"ListItem\",\"position\":2,\"name\":\"Quoi faire \u00e0 Lloret\",\"item\":\"https:\\\/\\\/lloretdemar.org\\\/fr\\\/quoi-faire-a-lloret\\\/\"},{\"@type\":\"ListItem\",\"position\":3,\"name\":\"Lloret de Mar en Journ\u00e9e\",\"item\":\"https:\\\/\\\/lloretdemar.org\\\/fr\\\/quoi-faire-a-lloret\\\/lloret-de-mar-en-journee\\\/\"},{\"@type\":\"ListItem\",\"position\":4,\"name\":\"Culture\",\"item\":\"https:\\\/\\\/lloretdemar.org\\\/fr\\\/quoi-faire-a-lloret\\\/lloret-de-mar-en-journee\\\/culture\\\/\"},{\"@type\":\"ListItem\",\"position\":5,\"name\":\"MOLL (Mus\u00e9e Ouvert de Lloret)\"}]},{\"@type\":\"WebSite\",\"@id\":\"https:\\\/\\\/lloretdemar.org\\\/fr\\\/#website\",\"url\":\"https:\\\/\\\/lloretdemar.org\\\/fr\\\/\",\"name\":\"Lloret de Mar\",\"description\":\"\",\"publisher\":{\"@id\":\"https:\\\/\\\/lloretdemar.org\\\/fr\\\/#organization\"},\"potentialAction\":[{\"@type\":\"SearchAction\",\"target\":{\"@type\":\"EntryPoint\",\"urlTemplate\":\"https:\\\/\\\/lloretdemar.org\\\/fr\\\/?s={search_term_string}\"},\"query-input\":{\"@type\":\"PropertyValueSpecification\",\"valueRequired\":true,\"valueName\":\"search_term_string\"}}],\"inLanguage\":\"fr-FR\"},{\"@type\":\"Organization\",\"@id\":\"https:\\\/\\\/lloretdemar.org\\\/fr\\\/#organization\",\"name\":\"Lloret de Mar\",\"url\":\"https:\\\/\\\/lloretdemar.org\\\/fr\\\/\",\"logo\":{\"@type\":\"ImageObject\",\"inLanguage\":\"fr-FR\",\"@id\":\"https:\\\/\\\/lloretdemar.org\\\/fr\\\/#\\\/schema\\\/logo\\\/image\\\/\",\"url\":\"https:\\\/\\\/lloretdemar.org\\\/wp-content\\\/uploads\\\/2020\\\/05\\\/lloret-de-mar-logo.png\",\"contentUrl\":\"https:\\\/\\\/lloretdemar.org\\\/wp-content\\\/uploads\\\/2020\\\/05\\\/lloret-de-mar-logo.png\",\"width\":87,\"height\":38,\"caption\":\"Lloret de Mar\"},\"image\":{\"@id\":\"https:\\\/\\\/lloretdemar.org\\\/fr\\\/#\\\/schema\\\/logo\\\/image\\\/\"},\"sameAs\":[\"https:\\\/\\\/www.facebook.com\\\/Lloretturisme\",\"https:\\\/\\\/x.com\\\/lloretturisme\",\"https:\\\/\\\/instagram.com\\\/lloretturisme\",\"https:\\\/\\\/www.youtube.com\\\/LloretTurisme\"]}]}<\/script>\n<!-- \/ Yoast SEO plugin. -->","yoast_head_json":{"title":"MOLL (Mus\u00e9e Ouvert de Lloret) - Lloret de Mar","description":"Lloret de Mar est un mus\u00e9e \u00e0 l\u2019air libre&nbsp;: vous d\u00e9couvrez son histoire en parcourant ses rues et ses places. Promenez-vous dans la ville, plongez-vous dans son pass\u00e9 et d\u00e9couvrez son histoire, sa culture et ses habitants. Vous \u00eates plus qu\u2019un simple observateur, vivez le patrimoine de Lloret comme un habitant de plus. Guide Interactif","robots":{"index":"index","follow":"follow","max-snippet":"max-snippet:-1","max-image-preview":"max-image-preview:large","max-video-preview":"max-video-preview:-1"},"canonical":"https:\/\/lloretdemar.org\/fr\/quoi-faire-a-lloret\/lloret-de-mar-en-journee\/culture\/moll-musee-ouvert-de-lloret\/","og_locale":"fr_FR","og_type":"article","og_title":"MOLL (Mus\u00e9e Ouvert de Lloret) - Lloret de Mar","og_description":"Lloret de Mar est un mus\u00e9e \u00e0 l\u2019air libre&nbsp;: vous d\u00e9couvrez son histoire en parcourant ses rues et ses places. Promenez-vous dans la ville, plongez-vous dans son pass\u00e9 et d\u00e9couvrez son histoire, sa culture et ses habitants. Vous \u00eates plus qu\u2019un simple observateur, vivez le patrimoine de Lloret comme un habitant de plus. Guide Interactif","og_url":"https:\/\/lloretdemar.org\/fr\/quoi-faire-a-lloret\/lloret-de-mar-en-journee\/culture\/moll-musee-ouvert-de-lloret\/","og_site_name":"Lloret de Mar","article_publisher":"https:\/\/www.facebook.com\/Lloretturisme","article_modified_time":"2022-09-05T13:08:12+00:00","og_image":[{"width":1920,"height":885,"url":"https:\/\/lloretdemar.org\/wp-content\/uploads\/2020\/02\/slide-cultura-moll.jpg","type":"image\/jpeg"}],"twitter_card":"summary_large_image","twitter_site":"@lloretturisme","twitter_misc":{"Dur\u00e9e de lecture estim\u00e9e":"1 minute"},"schema":{"@context":"https:\/\/schema.org","@graph":[{"@type":"WebPage","@id":"https:\/\/lloretdemar.org\/fr\/quoi-faire-a-lloret\/lloret-de-mar-en-journee\/culture\/moll-musee-ouvert-de-lloret\/","url":"https:\/\/lloretdemar.org\/fr\/quoi-faire-a-lloret\/lloret-de-mar-en-journee\/culture\/moll-musee-ouvert-de-lloret\/","name":"MOLL (Mus\u00e9e Ouvert de Lloret) - Lloret de Mar","isPartOf":{"@id":"https:\/\/lloretdemar.org\/fr\/#website"},"datePublished":"2020-01-23T12:43:21+00:00","dateModified":"2022-09-05T13:08:12+00:00","description":"Lloret de Mar","breadcrumb":{"@id":"https:\/\/lloretdemar.org\/fr\/quoi-faire-a-lloret\/lloret-de-mar-en-journee\/culture\/moll-musee-ouvert-de-lloret\/#breadcrumb"},"inLanguage":"fr-FR","potentialAction":[{"@type":"ReadAction","target":["https:\/\/lloretdemar.org\/fr\/quoi-faire-a-lloret\/lloret-de-mar-en-journee\/culture\/moll-musee-ouvert-de-lloret\/"]}]},{"@type":"BreadcrumbList","@id":"https:\/\/lloretdemar.org\/fr\/quoi-faire-a-lloret\/lloret-de-mar-en-journee\/culture\/moll-musee-ouvert-de-lloret\/#breadcrumb","itemListElement":[{"@type":"ListItem","position":1,"name":"Home","item":"https:\/\/lloretdemar.org\/fr\/"},{"@type":"ListItem","position":2,"name":"Quoi faire \u00e0 Lloret","item":"https:\/\/lloretdemar.org\/fr\/quoi-faire-a-lloret\/"},{"@type":"ListItem","position":3,"name":"Lloret de Mar en Journ\u00e9e","item":"https:\/\/lloretdemar.org\/fr\/quoi-faire-a-lloret\/lloret-de-mar-en-journee\/"},{"@type":"ListItem","position":4,"name":"Culture","item":"https:\/\/lloretdemar.org\/fr\/quoi-faire-a-lloret\/lloret-de-mar-en-journee\/culture\/"},{"@type":"ListItem","position":5,"name":"MOLL (Mus\u00e9e Ouvert de Lloret)"}]},{"@type":"WebSite","@id":"https:\/\/lloretdemar.org\/fr\/#website","url":"https:\/\/lloretdemar.org\/fr\/","name":"Lloret de Mar","description":"","publisher":{"@id":"https:\/\/lloretdemar.org\/fr\/#organization"},"potentialAction":[{"@type":"SearchAction","target":{"@type":"EntryPoint","urlTemplate":"https:\/\/lloretdemar.org\/fr\/?s={search_term_string}"},"query-input":{"@type":"PropertyValueSpecification","valueRequired":true,"valueName":"search_term_string"}}],"inLanguage":"fr-FR"},{"@type":"Organization","@id":"https:\/\/lloretdemar.org\/fr\/#organization","name":"Lloret de Mar","url":"https:\/\/lloretdemar.org\/fr\/","logo":{"@type":"ImageObject","inLanguage":"fr-FR","@id":"https:\/\/lloretdemar.org\/fr\/#\/schema\/logo\/image\/","url":"https:\/\/lloretdemar.org\/wp-content\/uploads\/2020\/05\/lloret-de-mar-logo.png","contentUrl":"https:\/\/lloretdemar.org\/wp-content\/uploads\/2020\/05\/lloret-de-mar-logo.png","width":87,"height":38,"caption":"Lloret de Mar"},"image":{"@id":"https:\/\/lloretdemar.org\/fr\/#\/schema\/logo\/image\/"},"sameAs":["https:\/\/www.facebook.com\/Lloretturisme","https:\/\/x.com\/lloretturisme","https:\/\/instagram.com\/lloretturisme","https:\/\/www.youtube.com\/LloretTurisme"]}]}},"_links":{"self":[{"href":"https:\/\/lloretdemar.org\/fr\/wp-json\/wp\/v2\/pages\/13518","targetHints":{"allow":["GET"]}}],"collection":[{"href":"https:\/\/lloretdemar.org\/fr\/wp-json\/wp\/v2\/pages"}],"about":[{"href":"https:\/\/lloretdemar.org\/fr\/wp-json\/wp\/v2\/types\/page"}],"author":[{"embeddable":true,"href":"https:\/\/lloretdemar.org\/fr\/wp-json\/wp\/v2\/users\/12"}],"replies":[{"embeddable":true,"href":"https:\/\/lloretdemar.org\/fr\/wp-json\/wp\/v2\/comments?post=13518"}],"version-history":[{"count":1,"href":"https:\/\/lloretdemar.org\/fr\/wp-json\/wp\/v2\/pages\/13518\/revisions"}],"predecessor-version":[{"id":30485,"href":"https:\/\/lloretdemar.org\/fr\/wp-json\/wp\/v2\/pages\/13518\/revisions\/30485"}],"up":[{"embeddable":true,"href":"https:\/\/lloretdemar.org\/fr\/wp-json\/wp\/v2\/pages\/13497"}],"wp:attachment":[{"href":"https:\/\/lloretdemar.org\/fr\/wp-json\/wp\/v2\/media?parent=13518"}],"curies":[{"name":"wp","href":"https:\/\/api.w.org\/{rel}","templated":true}]}}