{"id":13497,"date":"2019-12-30T17:02:14","date_gmt":"2019-12-30T16:02:14","guid":{"rendered":"http:\/\/lloretdemar.org\/lloret-de-mar-de-dia\/cultura\/"},"modified":"2022-09-23T09:05:31","modified_gmt":"2022-09-23T07:05:31","slug":"culture","status":"publish","type":"page","link":"https:\/\/lloretdemar.org\/fr\/quoi-faire-a-lloret\/lloret-de-mar-en-journee\/culture\/","title":{"rendered":"Culture"},"content":{"rendered":"\n<p>   Content<\/p>\n","protected":false},"excerpt":{"rendered":"<p>Content<\/p>\n","protected":false},"author":12,"featured_media":0,"parent":13230,"menu_order":0,"comment_status":"closed","ping_status":"closed","template":"page-templates\/imprescindibles-4.php","meta":{"_acf_changed":false,"content-type":"","footnotes":""},"class_list":["post-13497","page","type-page","status-publish","hentry"],"acf":{"banner_imatge":13498,"banner_titol":"Culture","banner_subtitol":"","botons_blanc_o_negres":"defecte","banner_links":[{"es_post":true,"banner_link":{"title":"Consulta Heritage","url":"http:\/\/lloretdemar.org\/wp-content\/uploads\/2020\/01\/heritage-ca.pdf","target":""},"link_intern":13518,"link_intern_titol":"MOLL (Mus\u00e9e Ouvert de Lloret)"},{"es_post":true,"banner_link":{"title":"MOLL: Museu Obert de Lloret","url":"http:\/\/lloretdemar.org\/que-fer-a-lloret\/cultura\/moll-museu-obert-de-lloret\/","target":""},"link_intern":13820,"link_intern_titol":"Lloret des ib\u00e8res"},{"es_post":true,"banner_link":{"title":"Lloret dels Ibers","url":"http:\/\/lloretdemar.org\/lloret-dels-ibers\/","target":""},"link_intern":13850,"link_intern_titol":"Chapelles et \u00e9glises"},{"es_post":true,"banner_link":{"title":"Ermites i esgl\u00e9sies","url":"http:\/\/lloretdemar.org\/ermites-i-esglesies\/","target":""},"link_intern":13591,"link_intern_titol":"Jardins de Santa Clotilde"},{"es_post":true,"banner_link":{"title":"Jardins de Santa Clotilde","url":"http:\/\/lloretdemar.org\/cultura\/jardins-de-santa-clotilde\/","target":""},"link_intern":13750,"link_intern_titol":"Lloret des indianos"},{"es_post":true,"banner_link":{"title":"Lloret dels Indians","url":"http:\/\/lloretdemar.org\/lloret-dels-indians\/","target":""},"link_intern":13786,"link_intern_titol":"Lloret marine"},{"es_post":true,"banner_link":{"title":"Lloret Mariner","url":"http:\/\/lloretdemar.org\/lloret-mariner\/","target":""},"link_intern":13874,"link_intern_titol":"Modernisme"},{"es_post":true,"banner_link":{"title":"Modernisme","url":"http:\/\/lloretdemar.org\/modernisme\/","target":""},"link_intern":13879,"link_intern_titol":"Mus\u00e9es"},{"es_post":true,"banner_link":{"title":"Museus","url":"http:\/\/lloretdemar.org\/museus\/","target":""},"link_intern":13958,"link_intern_titol":"Points de vue"},{"es_post":true,"banner_link":{"title":"Miradors","url":"http:\/\/lloretdemar.org\/miradors\/","target":""},"link_intern":13901,"link_intern_titol":"Points d\u2019int\u00e9r\u00eat "},{"es_post":true,"banner_link":null,"link_intern":13930,"link_intern_titol":"Lloret de Mar Vila Florida"},{"es_post":true,"banner_link":null,"link_intern":13610,"link_intern_titol":"Centre Historique"}],"apartats":[{"acf_fc_layout":"grid","titol":"Culture","subtitol":"Lloret de Mar est comme un mus\u00e9e ouvert, vous d\u00e9couvrirez son histoire en vous promenant dans ses rues, ses places et ses rues.","grid":[{"titol":"MOLL (Mus\u00e9e Ouvert de Lloret)","imatge":13504,"link_intern_o_extern":"intern","link_intern":13518,"link_extern":null},{"titol":"Lloret des ib\u00e8res","imatge":13507,"link_intern_o_extern":"intern","link_intern":13820,"link_extern":null},{"titol":"Chapelles et \u00e9glises","imatge":13502,"link_intern_o_extern":"intern","link_intern":13850,"link_extern":null},{"titol":"Jardins de Santa Clotilde","imatge":13505,"link_intern_o_extern":"intern","link_intern":13591,"link_extern":null},{"titol":"Lloret des indianos","imatge":13510,"link_intern_o_extern":"intern","link_intern":13750,"link_extern":null},{"titol":"Lloret Marine","imatge":13509,"link_intern_o_extern":"intern","link_intern":13786,"link_extern":null},{"titol":"Modernisme","imatge":13503,"link_intern_o_extern":"intern","link_intern":13874,"link_extern":null},{"titol":"Mus\u00e9es","imatge":13508,"link_intern_o_extern":"intern","link_intern":13879,"link_extern":null},{"titol":"Points de vue","imatge":13511,"link_intern_o_extern":"intern","link_intern":13958,"link_extern":null},{"titol":"Points d\u2019int\u00e9r\u00eat ","imatge":13506,"link_intern_o_extern":"intern","link_intern":13901,"link_extern":null},{"titol":"Lloret de Mar Vila Florida","imatge":10080,"link_intern_o_extern":"intern","link_intern":13930,"link_extern":null}]},{"acf_fc_layout":"bloc_amplada_completa","amb_marges":false,"html_js":"<div  style=\"width:92%; height:80vh; display:inline-block; margin-left:4%; margin-bottom:25px; border: 1px solid #fd5151\">\r\n<div \r\n\t\tid=\"bWidgetMap\"\r\n\t\tintegration=\"segment\"\r\n\t\tparenturiprefix=\"bwidget:\"\r\n\t\tembedurl=\"https:\/\/maps.lloretdemar.org\"\r\n\t\tembedmainuri=\"\/fr\/lloret-culturel\"\r\n\t\tonFocus=\"\"\r\n\t\tonFocusOut=\"\"\r\n                btnColor='#fd5151'\r\n                showButtons = \"true\"\r\n                viewMapText = \"VOIR LA CARTE CULTURELLE\"\r\n               >\r\n<\/div>\r\n<script type=\"text\/javascript\" src=\"https:\/\/maps.lloretdemar.org\/embed.js\"><\/script>\r\n<\/div>"}]},"yoast_head":"<!-- This site is optimized with the Yoast SEO plugin v27.5 - https:\/\/yoast.com\/product\/yoast-seo-wordpress\/ -->\n<title>Culture - Lloret de Mar<\/title>\n<meta name=\"description\" content=\"Content\" \/>\n<meta name=\"robots\" content=\"index, follow, max-snippet:-1, max-image-preview:large, max-video-preview:-1\" \/>\n<link rel=\"canonical\" href=\"https:\/\/lloretdemar.org\/fr\/quoi-faire-a-lloret\/lloret-de-mar-en-journee\/culture\/\" \/>\n<meta property=\"og:locale\" content=\"fr_FR\" \/>\n<meta property=\"og:type\" content=\"article\" \/>\n<meta property=\"og:title\" content=\"Culture - Lloret de Mar\" \/>\n<meta property=\"og:description\" content=\"Content\" \/>\n<meta property=\"og:url\" content=\"https:\/\/lloretdemar.org\/fr\/quoi-faire-a-lloret\/lloret-de-mar-en-journee\/culture\/\" \/>\n<meta property=\"og:site_name\" content=\"Lloret de Mar\" \/>\n<meta property=\"article:publisher\" content=\"https:\/\/www.facebook.com\/Lloretturisme\" \/>\n<meta property=\"article:modified_time\" content=\"2022-09-23T07:05:31+00:00\" \/>\n<meta property=\"og:image\" content=\"https:\/\/lloretdemar.org\/wp-content\/uploads\/2019\/12\/cultura1.png\" \/>\n\t<meta property=\"og:image:width\" content=\"1920\" \/>\n\t<meta property=\"og:image:height\" content=\"885\" \/>\n\t<meta property=\"og:image:type\" content=\"image\/jpeg\" \/>\n<meta name=\"twitter:card\" content=\"summary_large_image\" \/>\n<meta name=\"twitter:site\" content=\"@lloretturisme\" \/>\n<meta name=\"twitter:label1\" content=\"Dur\u00e9e de lecture estim\u00e9e\" \/>\n\t<meta name=\"twitter:data1\" content=\"1 minute\" \/>\n<script type=\"application\/ld+json\" class=\"yoast-schema-graph\">{\"@context\":\"https:\\\/\\\/schema.org\",\"@graph\":[{\"@type\":\"WebPage\",\"@id\":\"https:\\\/\\\/lloretdemar.org\\\/fr\\\/quoi-faire-a-lloret\\\/lloret-de-mar-en-journee\\\/culture\\\/\",\"url\":\"https:\\\/\\\/lloretdemar.org\\\/fr\\\/quoi-faire-a-lloret\\\/lloret-de-mar-en-journee\\\/culture\\\/\",\"name\":\"Culture - Lloret de Mar\",\"isPartOf\":{\"@id\":\"https:\\\/\\\/lloretdemar.org\\\/fr\\\/#website\"},\"datePublished\":\"2019-12-30T16:02:14+00:00\",\"dateModified\":\"2022-09-23T07:05:31+00:00\",\"description\":\"Lloret de Mar\",\"breadcrumb\":{\"@id\":\"https:\\\/\\\/lloretdemar.org\\\/fr\\\/quoi-faire-a-lloret\\\/lloret-de-mar-en-journee\\\/culture\\\/#breadcrumb\"},\"inLanguage\":\"fr-FR\",\"potentialAction\":[{\"@type\":\"ReadAction\",\"target\":[\"https:\\\/\\\/lloretdemar.org\\\/fr\\\/quoi-faire-a-lloret\\\/lloret-de-mar-en-journee\\\/culture\\\/\"]}]},{\"@type\":\"BreadcrumbList\",\"@id\":\"https:\\\/\\\/lloretdemar.org\\\/fr\\\/quoi-faire-a-lloret\\\/lloret-de-mar-en-journee\\\/culture\\\/#breadcrumb\",\"itemListElement\":[{\"@type\":\"ListItem\",\"position\":1,\"name\":\"Home\",\"item\":\"https:\\\/\\\/lloretdemar.org\\\/fr\\\/\"},{\"@type\":\"ListItem\",\"position\":2,\"name\":\"Quoi faire \u00e0 Lloret\",\"item\":\"https:\\\/\\\/lloretdemar.org\\\/fr\\\/quoi-faire-a-lloret\\\/\"},{\"@type\":\"ListItem\",\"position\":3,\"name\":\"Lloret de Mar en Journ\u00e9e\",\"item\":\"https:\\\/\\\/lloretdemar.org\\\/fr\\\/quoi-faire-a-lloret\\\/lloret-de-mar-en-journee\\\/\"},{\"@type\":\"ListItem\",\"position\":4,\"name\":\"Culture\"}]},{\"@type\":\"WebSite\",\"@id\":\"https:\\\/\\\/lloretdemar.org\\\/fr\\\/#website\",\"url\":\"https:\\\/\\\/lloretdemar.org\\\/fr\\\/\",\"name\":\"Lloret de Mar\",\"description\":\"\",\"publisher\":{\"@id\":\"https:\\\/\\\/lloretdemar.org\\\/fr\\\/#organization\"},\"potentialAction\":[{\"@type\":\"SearchAction\",\"target\":{\"@type\":\"EntryPoint\",\"urlTemplate\":\"https:\\\/\\\/lloretdemar.org\\\/fr\\\/?s={search_term_string}\"},\"query-input\":{\"@type\":\"PropertyValueSpecification\",\"valueRequired\":true,\"valueName\":\"search_term_string\"}}],\"inLanguage\":\"fr-FR\"},{\"@type\":\"Organization\",\"@id\":\"https:\\\/\\\/lloretdemar.org\\\/fr\\\/#organization\",\"name\":\"Lloret de Mar\",\"url\":\"https:\\\/\\\/lloretdemar.org\\\/fr\\\/\",\"logo\":{\"@type\":\"ImageObject\",\"inLanguage\":\"fr-FR\",\"@id\":\"https:\\\/\\\/lloretdemar.org\\\/fr\\\/#\\\/schema\\\/logo\\\/image\\\/\",\"url\":\"https:\\\/\\\/lloretdemar.org\\\/wp-content\\\/uploads\\\/2020\\\/05\\\/lloret-de-mar-logo.png\",\"contentUrl\":\"https:\\\/\\\/lloretdemar.org\\\/wp-content\\\/uploads\\\/2020\\\/05\\\/lloret-de-mar-logo.png\",\"width\":87,\"height\":38,\"caption\":\"Lloret de Mar\"},\"image\":{\"@id\":\"https:\\\/\\\/lloretdemar.org\\\/fr\\\/#\\\/schema\\\/logo\\\/image\\\/\"},\"sameAs\":[\"https:\\\/\\\/www.facebook.com\\\/Lloretturisme\",\"https:\\\/\\\/x.com\\\/lloretturisme\",\"https:\\\/\\\/instagram.com\\\/lloretturisme\",\"https:\\\/\\\/www.youtube.com\\\/LloretTurisme\"]}]}<\/script>\n<!-- \/ Yoast SEO plugin. -->","yoast_head_json":{"title":"Culture - Lloret de Mar","description":"Content","robots":{"index":"index","follow":"follow","max-snippet":"max-snippet:-1","max-image-preview":"max-image-preview:large","max-video-preview":"max-video-preview:-1"},"canonical":"https:\/\/lloretdemar.org\/fr\/quoi-faire-a-lloret\/lloret-de-mar-en-journee\/culture\/","og_locale":"fr_FR","og_type":"article","og_title":"Culture - Lloret de Mar","og_description":"Content","og_url":"https:\/\/lloretdemar.org\/fr\/quoi-faire-a-lloret\/lloret-de-mar-en-journee\/culture\/","og_site_name":"Lloret de Mar","article_publisher":"https:\/\/www.facebook.com\/Lloretturisme","article_modified_time":"2022-09-23T07:05:31+00:00","og_image":[{"width":1920,"height":885,"url":"https:\/\/lloretdemar.org\/wp-content\/uploads\/2019\/12\/cultura1.png","type":"image\/jpeg"}],"twitter_card":"summary_large_image","twitter_site":"@lloretturisme","twitter_misc":{"Dur\u00e9e de lecture estim\u00e9e":"1 minute"},"schema":{"@context":"https:\/\/schema.org","@graph":[{"@type":"WebPage","@id":"https:\/\/lloretdemar.org\/fr\/quoi-faire-a-lloret\/lloret-de-mar-en-journee\/culture\/","url":"https:\/\/lloretdemar.org\/fr\/quoi-faire-a-lloret\/lloret-de-mar-en-journee\/culture\/","name":"Culture - Lloret de Mar","isPartOf":{"@id":"https:\/\/lloretdemar.org\/fr\/#website"},"datePublished":"2019-12-30T16:02:14+00:00","dateModified":"2022-09-23T07:05:31+00:00","description":"Lloret de Mar","breadcrumb":{"@id":"https:\/\/lloretdemar.org\/fr\/quoi-faire-a-lloret\/lloret-de-mar-en-journee\/culture\/#breadcrumb"},"inLanguage":"fr-FR","potentialAction":[{"@type":"ReadAction","target":["https:\/\/lloretdemar.org\/fr\/quoi-faire-a-lloret\/lloret-de-mar-en-journee\/culture\/"]}]},{"@type":"BreadcrumbList","@id":"https:\/\/lloretdemar.org\/fr\/quoi-faire-a-lloret\/lloret-de-mar-en-journee\/culture\/#breadcrumb","itemListElement":[{"@type":"ListItem","position":1,"name":"Home","item":"https:\/\/lloretdemar.org\/fr\/"},{"@type":"ListItem","position":2,"name":"Quoi faire \u00e0 Lloret","item":"https:\/\/lloretdemar.org\/fr\/quoi-faire-a-lloret\/"},{"@type":"ListItem","position":3,"name":"Lloret de Mar en Journ\u00e9e","item":"https:\/\/lloretdemar.org\/fr\/quoi-faire-a-lloret\/lloret-de-mar-en-journee\/"},{"@type":"ListItem","position":4,"name":"Culture"}]},{"@type":"WebSite","@id":"https:\/\/lloretdemar.org\/fr\/#website","url":"https:\/\/lloretdemar.org\/fr\/","name":"Lloret de Mar","description":"","publisher":{"@id":"https:\/\/lloretdemar.org\/fr\/#organization"},"potentialAction":[{"@type":"SearchAction","target":{"@type":"EntryPoint","urlTemplate":"https:\/\/lloretdemar.org\/fr\/?s={search_term_string}"},"query-input":{"@type":"PropertyValueSpecification","valueRequired":true,"valueName":"search_term_string"}}],"inLanguage":"fr-FR"},{"@type":"Organization","@id":"https:\/\/lloretdemar.org\/fr\/#organization","name":"Lloret de Mar","url":"https:\/\/lloretdemar.org\/fr\/","logo":{"@type":"ImageObject","inLanguage":"fr-FR","@id":"https:\/\/lloretdemar.org\/fr\/#\/schema\/logo\/image\/","url":"https:\/\/lloretdemar.org\/wp-content\/uploads\/2020\/05\/lloret-de-mar-logo.png","contentUrl":"https:\/\/lloretdemar.org\/wp-content\/uploads\/2020\/05\/lloret-de-mar-logo.png","width":87,"height":38,"caption":"Lloret de Mar"},"image":{"@id":"https:\/\/lloretdemar.org\/fr\/#\/schema\/logo\/image\/"},"sameAs":["https:\/\/www.facebook.com\/Lloretturisme","https:\/\/x.com\/lloretturisme","https:\/\/instagram.com\/lloretturisme","https:\/\/www.youtube.com\/LloretTurisme"]}]}},"_links":{"self":[{"href":"https:\/\/lloretdemar.org\/fr\/wp-json\/wp\/v2\/pages\/13497","targetHints":{"allow":["GET"]}}],"collection":[{"href":"https:\/\/lloretdemar.org\/fr\/wp-json\/wp\/v2\/pages"}],"about":[{"href":"https:\/\/lloretdemar.org\/fr\/wp-json\/wp\/v2\/types\/page"}],"author":[{"embeddable":true,"href":"https:\/\/lloretdemar.org\/fr\/wp-json\/wp\/v2\/users\/12"}],"replies":[{"embeddable":true,"href":"https:\/\/lloretdemar.org\/fr\/wp-json\/wp\/v2\/comments?post=13497"}],"version-history":[{"count":4,"href":"https:\/\/lloretdemar.org\/fr\/wp-json\/wp\/v2\/pages\/13497\/revisions"}],"predecessor-version":[{"id":30913,"href":"https:\/\/lloretdemar.org\/fr\/wp-json\/wp\/v2\/pages\/13497\/revisions\/30913"}],"up":[{"embeddable":true,"href":"https:\/\/lloretdemar.org\/fr\/wp-json\/wp\/v2\/pages\/13230"}],"wp:attachment":[{"href":"https:\/\/lloretdemar.org\/fr\/wp-json\/wp\/v2\/media?parent=13497"}],"curies":[{"name":"wp","href":"https:\/\/api.w.org\/{rel}","templated":true}]}}