{"id":13489,"date":"2020-02-05T16:40:39","date_gmt":"2020-02-05T15:40:39","guid":{"rendered":"http:\/\/lloretdemar.org\/lloret-de-mar-de-dia\/cami-de-ronda\/cami-de-ronda-lloret-de-mar-blanes\/"},"modified":"2022-09-05T13:23:09","modified_gmt":"2022-09-05T11:23:09","slug":"sentier-cotier-lloret-de-mar-blanes","status":"publish","type":"page","link":"https:\/\/lloretdemar.org\/fr\/quoi-faire-a-lloret\/lloret-de-mar-en-journee\/sentier-cotier\/sentier-cotier-lloret-de-mar-blanes\/","title":{"rendered":"Sentier c\u00f4tier Lloret de Mar &#8211; Blanes"},"content":{"rendered":"\n<p>Ce sentier c\u00f4tier est l\u2019une des plus belles promenades \u00e0 faire sur la Costa Brava. L\u2019itin\u00e9raire suit les sentiers c\u00f4tiers entre la plage de <\/p>\n\n\n\n<p>Lloret jusqu\u2019\u00e0 la ville de Blanes et traverse les for\u00eats de pins et de ch\u00eanes qui bordent la c\u00f4te de Lloret de Mar. Vous pouvez ainsi d\u00e9couvrir le paysage naturel du littoral de la Costa Brava (l\u2019un des principal atout de cette destination touristique).<\/p>\n\n\n\n<p>Cette randonn\u00e9e peut \u00eatre r\u00e9alis\u00e9e toute l\u2019ann\u00e9e et en \u00e9t\u00e9 vous pouvez en profiter pour vous baigner dans l\u2019une des criques que vous d\u00e9couvrirez en chemin car le sentier passe tout pr\u00e8s de l\u2019eau. <\/p>\n\n\n\n<p>Le reste de l\u2019ann\u00e9e, cette promenade est id\u00e9ale si vous avez soif de tranquillit\u00e9 et de calme car elle est pleine de recoins, de v\u00e9g\u00e9tation et de falaises et offre des panoramas spectaculaires qui r\u00e9jouiront les amateurs de photographie.<\/p>\n","protected":false},"excerpt":{"rendered":"<p>Ce sentier c\u00f4tier est l\u2019une des plus belles promenades \u00e0 faire sur la Costa Brava. L\u2019itin\u00e9raire suit les sentiers c\u00f4tiers entre la plage de Lloret jusqu\u2019\u00e0 la ville de Blanes et traverse les for\u00eats de pins et de ch\u00eanes qui bordent la c\u00f4te de Lloret de Mar. Vous pouvez ainsi d\u00e9couvrir le paysage naturel du [&hellip;]<\/p>\n","protected":false},"author":12,"featured_media":7384,"parent":13478,"menu_order":0,"comment_status":"closed","ping_status":"closed","template":"page-templates\/puntinteres.php","meta":{"_acf_changed":false,"content-type":"","footnotes":""},"class_list":["post-13489","page","type-page","status-publish","has-post-thumbnail","hentry"],"acf":{"enllac_directori":false,"imatges":null,"blocs":[{"nom_categoria":"Informations techniques","contingut_categoria":"<strong>D\u00e9part:<\/strong> Mus\u00e9e de la mer\r\n<strong>Arriv\u00e9e:<\/strong> Centre de Blanes - Sa Palomera\r\n<strong>Type de randonn\u00e9e:<\/strong> Lin\u00e9aire\r\n<strong>Difficult\u00e9:<\/strong> Moyenne\r\n<strong>Dur\u00e9e approximative:<\/strong> 2 heures et 15 minutes\r\n<strong>D\u00e9nivel\u00e9:<\/strong> 201 m\u00e8tres"},{"nom_categoria":"Balisage","contingut_categoria":"Balisage GR, PR et SL conform\u00e9ment aux normes de la FEEC. (GR : balisage blanc et rouge). Marques verticales et horizontales de l\u2019agence catalane du tourisme."},{"nom_categoria":"Points d\u2019int\u00e9r\u00eat","contingut_categoria":"Mus\u00e9e de la mer, statue de la Dona Marinera, Cala Banys, ch\u00e2teau de Sant Joan de Fenals, jardins de Santa Clotilde, chapelle de Santa Cristina, jardin des plantes Pinya de Rosa, chapelle de Santa B\u00e0rbara, ch\u00e2teau de Sant Joan, centre de Blanes, Sa Palomera.\r\n\r\n&nbsp;"},{"nom_categoria":"Plus d'informations","contingut_categoria":"<a href=\"http:\/\/www.laselvaturisme.com\/wp-content\/uploads\/2016\/12\/GR92_LloretdeMar-Blanes.pdf\">http:\/\/www.laselvaturisme.com\/wp-content\/uploads\/2016\/12\/GR92_LloretdeMar-Blanes.pdf<\/a>"}],"direccio":{"titol_bloc":"Sentier c\u00f4tier Lloret de Mar - Blanes","contingut_bloc":"Dans le lien suivant, nous vous montrons comment vous y rendre <a href=\"https:\/\/www.google.com\/maps\/place\/Cam%C3%AD+de+Ronda,+17300,+Girona\/@41.6783073,2.8055964,17.25z\/data=!4m5!3m4!1s0x12bb164ff3865197:0x6090d6fe8c0f836a!8m2!3d41.6780485!4d2.8069707\">ici<\/a>","mapa":{"address":"17300 Blanes, Girona, Espanya","lat":41.675995399999998,"lng":2.7902288999999989,"zoom":14,"place_id":"ChIJQ40kOPM9uxIRgolj8LA4DtA","city":"Blanes","state":"Catalunya","state_short":"CT","post_code":17300,"country":"Espanya","country_short":"ES"}},"mes_informacio":{"titol_mes_info":"M\u00e9s informaci\u00f3","contingut_mes_info":"<strong>Tel\u00e8fon: <\/strong>+34 972 365 788\r\n<strong>E-mail:<\/strong> <a href=\"mailto:central-turisme@lloret.cat\">central-turisme@lloret.cat<\/a>\r\n<strong>Web:<\/strong> <a href=\"http:\/\/www.lloretdemar.org\/\">www.lloretdemar.org<\/a>"},"viatge":{"titol_viatge":"Vous avez pr\u00e9vu de venir \u00e0 Lloret de Mar?","contingut_viatge":"Organisez votre s\u00e9jour \u00e0 Lloret de Mar","link_viatge":{"title":"Planifiez votre voyage","url":"mailto:lloret-turisme@lloret.cat","target":""}},"apartats":[{"acf_fc_layout":"bloc_amplada_completa","amb_marges":false,"html_js":"<div  style=\"width:92%; height:80vh; display:inline-block; margin-left:4%; margin-bottom:25px; border: 1px solid #fd5151\">\r\n<div \r\n\t\tid=\"bWidgetMap\"\r\n\t\tintegration=\"segment\"\r\n\t\tparenturiprefix=\"bwidget:\"\r\n\t\tembedurl=\"https:\/\/maps.lloretdemar.org\"\r\n\t\tembedmainuri=\"\/fr\/sentier-cotier-lloret-mar-blanes\"\r\n\t\tonFocus=\"\"\r\n\t\tonFocusOut=\"\"\r\n                btnColor='#fd5151'\r\n                showButtons = \"true\"\r\n                viewMapText = \"CARTE INTERACTIVE\"\r\n               >\r\n<\/div>\r\n<script type=\"text\/javascript\" src=\"https:\/\/maps.lloretdemar.org\/embed.js\"><\/script>\r\n<\/div>"}]},"yoast_head":"<!-- This site is optimized with the Yoast SEO plugin v27.5 - https:\/\/yoast.com\/product\/yoast-seo-wordpress\/ -->\n<title>Sentier c\u00f4tier Lloret de Mar - Blanes - Lloret de Mar<\/title>\n<meta name=\"description\" content=\"Ce sentier c\u00f4tier est l\u2019une des plus belles promenades \u00e0 faire sur la Costa Brava. L\u2019itin\u00e9raire suit les sentiers c\u00f4tiers entre la plage de Lloret jusqu\u2019\u00e0 la ville de Blanes et traverse les for\u00eats de pins et de ch\u00eanes qui bordent la c\u00f4te de Lloret de Mar. Vous pouvez ainsi d\u00e9couvrir le paysage naturel du\u2026\" \/>\n<meta name=\"robots\" content=\"index, follow, max-snippet:-1, max-image-preview:large, max-video-preview:-1\" \/>\n<link rel=\"canonical\" href=\"https:\/\/lloretdemar.org\/fr\/quoi-faire-a-lloret\/lloret-de-mar-en-journee\/sentier-cotier\/sentier-cotier-lloret-de-mar-blanes\/\" \/>\n<meta property=\"og:locale\" content=\"fr_FR\" \/>\n<meta property=\"og:type\" content=\"article\" \/>\n<meta property=\"og:title\" content=\"Sentier c\u00f4tier Lloret de Mar - Blanes - Lloret de Mar\" \/>\n<meta property=\"og:description\" content=\"Ce sentier c\u00f4tier est l\u2019une des plus belles promenades \u00e0 faire sur la Costa Brava. L\u2019itin\u00e9raire suit les sentiers c\u00f4tiers entre la plage de Lloret jusqu\u2019\u00e0 la ville de Blanes et traverse les for\u00eats de pins et de ch\u00eanes qui bordent la c\u00f4te de Lloret de Mar. Vous pouvez ainsi d\u00e9couvrir le paysage naturel du\u2026\" \/>\n<meta property=\"og:url\" content=\"https:\/\/lloretdemar.org\/fr\/quoi-faire-a-lloret\/lloret-de-mar-en-journee\/sentier-cotier\/sentier-cotier-lloret-de-mar-blanes\/\" \/>\n<meta property=\"og:site_name\" content=\"Lloret de Mar\" \/>\n<meta property=\"article:publisher\" content=\"https:\/\/www.facebook.com\/Lloretturisme\" \/>\n<meta property=\"article:modified_time\" content=\"2022-09-05T11:23:09+00:00\" \/>\n<meta property=\"og:image\" content=\"https:\/\/lloretdemar.org\/wp-content\/uploads\/2020\/03\/cami-ronda-blanes3.jpg\" \/>\n\t<meta property=\"og:image:width\" content=\"1208\" \/>\n\t<meta property=\"og:image:height\" content=\"654\" \/>\n\t<meta property=\"og:image:type\" content=\"image\/jpeg\" \/>\n<meta name=\"twitter:card\" content=\"summary_large_image\" \/>\n<meta name=\"twitter:site\" content=\"@lloretturisme\" \/>\n<meta name=\"twitter:label1\" content=\"Dur\u00e9e de lecture estim\u00e9e\" \/>\n\t<meta name=\"twitter:data1\" content=\"1 minute\" \/>\n<script type=\"application\/ld+json\" class=\"yoast-schema-graph\">{\"@context\":\"https:\\\/\\\/schema.org\",\"@graph\":[{\"@type\":\"WebPage\",\"@id\":\"https:\\\/\\\/lloretdemar.org\\\/fr\\\/quoi-faire-a-lloret\\\/lloret-de-mar-en-journee\\\/sentier-cotier\\\/sentier-cotier-lloret-de-mar-blanes\\\/\",\"url\":\"https:\\\/\\\/lloretdemar.org\\\/fr\\\/quoi-faire-a-lloret\\\/lloret-de-mar-en-journee\\\/sentier-cotier\\\/sentier-cotier-lloret-de-mar-blanes\\\/\",\"name\":\"Sentier c\u00f4tier Lloret de Mar - Blanes - Lloret de Mar\",\"isPartOf\":{\"@id\":\"https:\\\/\\\/lloretdemar.org\\\/fr\\\/#website\"},\"primaryImageOfPage\":{\"@id\":\"https:\\\/\\\/lloretdemar.org\\\/fr\\\/quoi-faire-a-lloret\\\/lloret-de-mar-en-journee\\\/sentier-cotier\\\/sentier-cotier-lloret-de-mar-blanes\\\/#primaryimage\"},\"image\":{\"@id\":\"https:\\\/\\\/lloretdemar.org\\\/fr\\\/quoi-faire-a-lloret\\\/lloret-de-mar-en-journee\\\/sentier-cotier\\\/sentier-cotier-lloret-de-mar-blanes\\\/#primaryimage\"},\"thumbnailUrl\":\"https:\\\/\\\/lloretdemar.org\\\/wp-content\\\/uploads\\\/2020\\\/03\\\/cami-ronda-blanes3.jpg\",\"datePublished\":\"2020-02-05T15:40:39+00:00\",\"dateModified\":\"2022-09-05T11:23:09+00:00\",\"description\":\"Lloret de Mar\",\"breadcrumb\":{\"@id\":\"https:\\\/\\\/lloretdemar.org\\\/fr\\\/quoi-faire-a-lloret\\\/lloret-de-mar-en-journee\\\/sentier-cotier\\\/sentier-cotier-lloret-de-mar-blanes\\\/#breadcrumb\"},\"inLanguage\":\"fr-FR\",\"potentialAction\":[{\"@type\":\"ReadAction\",\"target\":[\"https:\\\/\\\/lloretdemar.org\\\/fr\\\/quoi-faire-a-lloret\\\/lloret-de-mar-en-journee\\\/sentier-cotier\\\/sentier-cotier-lloret-de-mar-blanes\\\/\"]}]},{\"@type\":\"ImageObject\",\"inLanguage\":\"fr-FR\",\"@id\":\"https:\\\/\\\/lloretdemar.org\\\/fr\\\/quoi-faire-a-lloret\\\/lloret-de-mar-en-journee\\\/sentier-cotier\\\/sentier-cotier-lloret-de-mar-blanes\\\/#primaryimage\",\"url\":\"https:\\\/\\\/lloretdemar.org\\\/wp-content\\\/uploads\\\/2020\\\/03\\\/cami-ronda-blanes3.jpg\",\"contentUrl\":\"https:\\\/\\\/lloretdemar.org\\\/wp-content\\\/uploads\\\/2020\\\/03\\\/cami-ronda-blanes3.jpg\",\"width\":1208,\"height\":654},{\"@type\":\"BreadcrumbList\",\"@id\":\"https:\\\/\\\/lloretdemar.org\\\/fr\\\/quoi-faire-a-lloret\\\/lloret-de-mar-en-journee\\\/sentier-cotier\\\/sentier-cotier-lloret-de-mar-blanes\\\/#breadcrumb\",\"itemListElement\":[{\"@type\":\"ListItem\",\"position\":1,\"name\":\"Home\",\"item\":\"https:\\\/\\\/lloretdemar.org\\\/fr\\\/\"},{\"@type\":\"ListItem\",\"position\":2,\"name\":\"Quoi faire \u00e0 Lloret\",\"item\":\"https:\\\/\\\/lloretdemar.org\\\/fr\\\/quoi-faire-a-lloret\\\/\"},{\"@type\":\"ListItem\",\"position\":3,\"name\":\"Lloret de Mar en Journ\u00e9e\",\"item\":\"https:\\\/\\\/lloretdemar.org\\\/fr\\\/quoi-faire-a-lloret\\\/lloret-de-mar-en-journee\\\/\"},{\"@type\":\"ListItem\",\"position\":4,\"name\":\"Sentier c\u00f4tier\",\"item\":\"https:\\\/\\\/lloretdemar.org\\\/fr\\\/quoi-faire-a-lloret\\\/lloret-de-mar-en-journee\\\/sentier-cotier\\\/\"},{\"@type\":\"ListItem\",\"position\":5,\"name\":\"Sentier c\u00f4tier Lloret de Mar &#8211; Blanes\"}]},{\"@type\":\"WebSite\",\"@id\":\"https:\\\/\\\/lloretdemar.org\\\/fr\\\/#website\",\"url\":\"https:\\\/\\\/lloretdemar.org\\\/fr\\\/\",\"name\":\"Lloret de Mar\",\"description\":\"\",\"publisher\":{\"@id\":\"https:\\\/\\\/lloretdemar.org\\\/fr\\\/#organization\"},\"potentialAction\":[{\"@type\":\"SearchAction\",\"target\":{\"@type\":\"EntryPoint\",\"urlTemplate\":\"https:\\\/\\\/lloretdemar.org\\\/fr\\\/?s={search_term_string}\"},\"query-input\":{\"@type\":\"PropertyValueSpecification\",\"valueRequired\":true,\"valueName\":\"search_term_string\"}}],\"inLanguage\":\"fr-FR\"},{\"@type\":\"Organization\",\"@id\":\"https:\\\/\\\/lloretdemar.org\\\/fr\\\/#organization\",\"name\":\"Lloret de Mar\",\"url\":\"https:\\\/\\\/lloretdemar.org\\\/fr\\\/\",\"logo\":{\"@type\":\"ImageObject\",\"inLanguage\":\"fr-FR\",\"@id\":\"https:\\\/\\\/lloretdemar.org\\\/fr\\\/#\\\/schema\\\/logo\\\/image\\\/\",\"url\":\"https:\\\/\\\/lloretdemar.org\\\/wp-content\\\/uploads\\\/2020\\\/05\\\/lloret-de-mar-logo.png\",\"contentUrl\":\"https:\\\/\\\/lloretdemar.org\\\/wp-content\\\/uploads\\\/2020\\\/05\\\/lloret-de-mar-logo.png\",\"width\":87,\"height\":38,\"caption\":\"Lloret de Mar\"},\"image\":{\"@id\":\"https:\\\/\\\/lloretdemar.org\\\/fr\\\/#\\\/schema\\\/logo\\\/image\\\/\"},\"sameAs\":[\"https:\\\/\\\/www.facebook.com\\\/Lloretturisme\",\"https:\\\/\\\/x.com\\\/lloretturisme\",\"https:\\\/\\\/instagram.com\\\/lloretturisme\",\"https:\\\/\\\/www.youtube.com\\\/LloretTurisme\"]}]}<\/script>\n<!-- \/ Yoast SEO plugin. -->","yoast_head_json":{"title":"Sentier c\u00f4tier Lloret de Mar - Blanes - Lloret de Mar","description":"Ce sentier c\u00f4tier est l\u2019une des plus belles promenades \u00e0 faire sur la Costa Brava. L\u2019itin\u00e9raire suit les sentiers c\u00f4tiers entre la plage de Lloret jusqu\u2019\u00e0 la ville de Blanes et traverse les for\u00eats de pins et de ch\u00eanes qui bordent la c\u00f4te de Lloret de Mar. Vous pouvez ainsi d\u00e9couvrir le paysage naturel du\u2026","robots":{"index":"index","follow":"follow","max-snippet":"max-snippet:-1","max-image-preview":"max-image-preview:large","max-video-preview":"max-video-preview:-1"},"canonical":"https:\/\/lloretdemar.org\/fr\/quoi-faire-a-lloret\/lloret-de-mar-en-journee\/sentier-cotier\/sentier-cotier-lloret-de-mar-blanes\/","og_locale":"fr_FR","og_type":"article","og_title":"Sentier c\u00f4tier Lloret de Mar - Blanes - Lloret de Mar","og_description":"Ce sentier c\u00f4tier est l\u2019une des plus belles promenades \u00e0 faire sur la Costa Brava. L\u2019itin\u00e9raire suit les sentiers c\u00f4tiers entre la plage de Lloret jusqu\u2019\u00e0 la ville de Blanes et traverse les for\u00eats de pins et de ch\u00eanes qui bordent la c\u00f4te de Lloret de Mar. Vous pouvez ainsi d\u00e9couvrir le paysage naturel du\u2026","og_url":"https:\/\/lloretdemar.org\/fr\/quoi-faire-a-lloret\/lloret-de-mar-en-journee\/sentier-cotier\/sentier-cotier-lloret-de-mar-blanes\/","og_site_name":"Lloret de Mar","article_publisher":"https:\/\/www.facebook.com\/Lloretturisme","article_modified_time":"2022-09-05T11:23:09+00:00","og_image":[{"width":1208,"height":654,"url":"https:\/\/lloretdemar.org\/wp-content\/uploads\/2020\/03\/cami-ronda-blanes3.jpg","type":"image\/jpeg"}],"twitter_card":"summary_large_image","twitter_site":"@lloretturisme","twitter_misc":{"Dur\u00e9e de lecture estim\u00e9e":"1 minute"},"schema":{"@context":"https:\/\/schema.org","@graph":[{"@type":"WebPage","@id":"https:\/\/lloretdemar.org\/fr\/quoi-faire-a-lloret\/lloret-de-mar-en-journee\/sentier-cotier\/sentier-cotier-lloret-de-mar-blanes\/","url":"https:\/\/lloretdemar.org\/fr\/quoi-faire-a-lloret\/lloret-de-mar-en-journee\/sentier-cotier\/sentier-cotier-lloret-de-mar-blanes\/","name":"Sentier c\u00f4tier Lloret de Mar - Blanes - Lloret de Mar","isPartOf":{"@id":"https:\/\/lloretdemar.org\/fr\/#website"},"primaryImageOfPage":{"@id":"https:\/\/lloretdemar.org\/fr\/quoi-faire-a-lloret\/lloret-de-mar-en-journee\/sentier-cotier\/sentier-cotier-lloret-de-mar-blanes\/#primaryimage"},"image":{"@id":"https:\/\/lloretdemar.org\/fr\/quoi-faire-a-lloret\/lloret-de-mar-en-journee\/sentier-cotier\/sentier-cotier-lloret-de-mar-blanes\/#primaryimage"},"thumbnailUrl":"https:\/\/lloretdemar.org\/wp-content\/uploads\/2020\/03\/cami-ronda-blanes3.jpg","datePublished":"2020-02-05T15:40:39+00:00","dateModified":"2022-09-05T11:23:09+00:00","description":"Lloret de Mar","breadcrumb":{"@id":"https:\/\/lloretdemar.org\/fr\/quoi-faire-a-lloret\/lloret-de-mar-en-journee\/sentier-cotier\/sentier-cotier-lloret-de-mar-blanes\/#breadcrumb"},"inLanguage":"fr-FR","potentialAction":[{"@type":"ReadAction","target":["https:\/\/lloretdemar.org\/fr\/quoi-faire-a-lloret\/lloret-de-mar-en-journee\/sentier-cotier\/sentier-cotier-lloret-de-mar-blanes\/"]}]},{"@type":"ImageObject","inLanguage":"fr-FR","@id":"https:\/\/lloretdemar.org\/fr\/quoi-faire-a-lloret\/lloret-de-mar-en-journee\/sentier-cotier\/sentier-cotier-lloret-de-mar-blanes\/#primaryimage","url":"https:\/\/lloretdemar.org\/wp-content\/uploads\/2020\/03\/cami-ronda-blanes3.jpg","contentUrl":"https:\/\/lloretdemar.org\/wp-content\/uploads\/2020\/03\/cami-ronda-blanes3.jpg","width":1208,"height":654},{"@type":"BreadcrumbList","@id":"https:\/\/lloretdemar.org\/fr\/quoi-faire-a-lloret\/lloret-de-mar-en-journee\/sentier-cotier\/sentier-cotier-lloret-de-mar-blanes\/#breadcrumb","itemListElement":[{"@type":"ListItem","position":1,"name":"Home","item":"https:\/\/lloretdemar.org\/fr\/"},{"@type":"ListItem","position":2,"name":"Quoi faire \u00e0 Lloret","item":"https:\/\/lloretdemar.org\/fr\/quoi-faire-a-lloret\/"},{"@type":"ListItem","position":3,"name":"Lloret de Mar en Journ\u00e9e","item":"https:\/\/lloretdemar.org\/fr\/quoi-faire-a-lloret\/lloret-de-mar-en-journee\/"},{"@type":"ListItem","position":4,"name":"Sentier c\u00f4tier","item":"https:\/\/lloretdemar.org\/fr\/quoi-faire-a-lloret\/lloret-de-mar-en-journee\/sentier-cotier\/"},{"@type":"ListItem","position":5,"name":"Sentier c\u00f4tier Lloret de Mar &#8211; Blanes"}]},{"@type":"WebSite","@id":"https:\/\/lloretdemar.org\/fr\/#website","url":"https:\/\/lloretdemar.org\/fr\/","name":"Lloret de Mar","description":"","publisher":{"@id":"https:\/\/lloretdemar.org\/fr\/#organization"},"potentialAction":[{"@type":"SearchAction","target":{"@type":"EntryPoint","urlTemplate":"https:\/\/lloretdemar.org\/fr\/?s={search_term_string}"},"query-input":{"@type":"PropertyValueSpecification","valueRequired":true,"valueName":"search_term_string"}}],"inLanguage":"fr-FR"},{"@type":"Organization","@id":"https:\/\/lloretdemar.org\/fr\/#organization","name":"Lloret de Mar","url":"https:\/\/lloretdemar.org\/fr\/","logo":{"@type":"ImageObject","inLanguage":"fr-FR","@id":"https:\/\/lloretdemar.org\/fr\/#\/schema\/logo\/image\/","url":"https:\/\/lloretdemar.org\/wp-content\/uploads\/2020\/05\/lloret-de-mar-logo.png","contentUrl":"https:\/\/lloretdemar.org\/wp-content\/uploads\/2020\/05\/lloret-de-mar-logo.png","width":87,"height":38,"caption":"Lloret de Mar"},"image":{"@id":"https:\/\/lloretdemar.org\/fr\/#\/schema\/logo\/image\/"},"sameAs":["https:\/\/www.facebook.com\/Lloretturisme","https:\/\/x.com\/lloretturisme","https:\/\/instagram.com\/lloretturisme","https:\/\/www.youtube.com\/LloretTurisme"]}]}},"_links":{"self":[{"href":"https:\/\/lloretdemar.org\/fr\/wp-json\/wp\/v2\/pages\/13489","targetHints":{"allow":["GET"]}}],"collection":[{"href":"https:\/\/lloretdemar.org\/fr\/wp-json\/wp\/v2\/pages"}],"about":[{"href":"https:\/\/lloretdemar.org\/fr\/wp-json\/wp\/v2\/types\/page"}],"author":[{"embeddable":true,"href":"https:\/\/lloretdemar.org\/fr\/wp-json\/wp\/v2\/users\/12"}],"replies":[{"embeddable":true,"href":"https:\/\/lloretdemar.org\/fr\/wp-json\/wp\/v2\/comments?post=13489"}],"version-history":[{"count":2,"href":"https:\/\/lloretdemar.org\/fr\/wp-json\/wp\/v2\/pages\/13489\/revisions"}],"predecessor-version":[{"id":30433,"href":"https:\/\/lloretdemar.org\/fr\/wp-json\/wp\/v2\/pages\/13489\/revisions\/30433"}],"up":[{"embeddable":true,"href":"https:\/\/lloretdemar.org\/fr\/wp-json\/wp\/v2\/pages\/13478"}],"wp:featuredmedia":[{"embeddable":true,"href":"https:\/\/lloretdemar.org\/fr\/wp-json\/wp\/v2\/media\/7384"}],"wp:attachment":[{"href":"https:\/\/lloretdemar.org\/fr\/wp-json\/wp\/v2\/media?parent=13489"}],"curies":[{"name":"wp","href":"https:\/\/api.w.org\/{rel}","templated":true}]}}