{"id":13484,"date":"2019-12-30T10:17:04","date_gmt":"2019-12-30T09:17:04","guid":{"rendered":"http:\/\/lloretdemar.org\/lloret-de-mar-de-dia\/cami-de-ronda\/cami-de-ronda-lloret-de-mar-tossa-de-mar\/"},"modified":"2022-09-05T13:54:38","modified_gmt":"2022-09-05T11:54:38","slug":"sentier-cotier-lloret-de-mar-tossa-de-mar","status":"publish","type":"page","link":"https:\/\/lloretdemar.org\/fr\/quoi-faire-a-lloret\/lloret-de-mar-en-journee\/sentier-cotier\/sentier-cotier-lloret-de-mar-tossa-de-mar\/","title":{"rendered":"Sentier c\u00f4tier Lloret de Mar &#8211; Tossa de Mar"},"content":{"rendered":"\n<p>Le sentier c\u00f4tier de 12 km qui s\u00e9pare Lloret de Mar et Tossa de Mar est une montagne russe qui monte et descend le long des falaises. La randonn\u00e9e exige d\u2019\u00eatre en bonne forme physique car certains tron\u00e7ons passent par des zones goudronn\u00e9es et il faut faire attention au balisage. Vous aurez l\u2019occasion de faire une halte dans l\u2019un des nombreux recoins magiques qui se d\u00e9voileront \u00e0 vous, telles de petites criques sauvages, comme celles de Porto Pi, de Figuera, la crique d\u2019All\u00e0 on Raja l\u2019Aigua et ben d\u2019autres encore. Chaque effort m\u00e9rite une r\u00e9compense et cette randonn\u00e9e ne fait pas exception \u00e0 la r\u00e8gle!<\/p>\n\n\n\n<p>L\u2019arriv\u00e9e \u00e0 la plage des Codolar, sous la muraille m\u00e9di\u00e9vale de Tossa de Mar est une r\u00e9compense bien m\u00e9rit\u00e9e. Pour terminer en beaut\u00e9 la balade, promenez-vous dans la vieille ville m\u00e9di\u00e9vale de Tossa de Mar et, cerise sur le g\u00e2teau, grimpez en haut du phare.<\/p>\n","protected":false},"excerpt":{"rendered":"<p>Le sentier c\u00f4tier de 12 km qui s\u00e9pare Lloret de Mar et Tossa de Mar est une montagne russe qui monte et descend le long des falaises. La randonn\u00e9e exige d\u2019\u00eatre en bonne forme physique car certains tron\u00e7ons passent par des zones goudronn\u00e9es et il faut faire attention au balisage. Vous aurez l\u2019occasion de faire [&hellip;]<\/p>\n","protected":false},"author":12,"featured_media":13485,"parent":13478,"menu_order":0,"comment_status":"closed","ping_status":"closed","template":"page-templates\/puntinteres.php","meta":{"_acf_changed":false,"content-type":"","footnotes":""},"class_list":["post-13484","page","type-page","status-publish","has-post-thumbnail","hentry"],"acf":{"enllac_directori":false,"imatges":null,"blocs":[{"nom_categoria":"Informations techniques","contingut_categoria":"<strong>D\u00e9part:<\/strong> Mus\u00e9e de la mer\r\n\r\n<strong>Arriv\u00e9e:<\/strong> Tossa de Mar\r\n\r\n<strong>Type de randonn\u00e9e:<\/strong> Lin\u00e9aire\r\n\r\n<strong>Difficult\u00e9:<\/strong> Moyenne\r\n\r\n<strong>Dur\u00e9e approximative:<\/strong> 3 heures\r\n\r\n<strong>D\u00e9nivel\u00e9:<\/strong> 356 m\u00e8tres"},{"nom_categoria":"Balisage","contingut_categoria":"Balisage GR, PR et SL conform\u00e9ment aux normes de la FEEC. (GR : balisage blanc et rouge). Marques verticales et horizontales de l\u2019agence catalane du tourisme."},{"nom_categoria":"Points d\u2019int\u00e9r\u00eat","contingut_categoria":"Mus\u00e9e de la Mer, Sa Caleta, ch\u00e2teau d\u2019en Plaja, Cala dels Frares, Cala dels Trons, Punta des Cabdells, plage Canyelles, Cala Morisca, Sureda d\u2019en Santos, Punta des Cards, plage des Codolar, Porto Pi, Cala Figuera, vieille ville de Tossa."},{"nom_categoria":"Lien","contingut_categoria":"<a href=\"http:\/\/www.laselvaturisme.com\/wp-content\/uploads\/2016\/12\/GR92_LloretdeMar-TossadeMar.pdf\">http:\/\/www.laselvaturisme.com\/wp-content\/uploads\/2016\/12\/GR92_LloretdeMar-TossadeMar.pdf<\/a>"}],"direccio":{"titol_bloc":"D\u00e9part","contingut_bloc":"<a href=\"https:\/\/www.google.com\/maps\/place\/Museu+del+Mar\/@41.699625,2.8507361,15z\/data=!4m2!3m1!1s0x0:0xeb5bea8a786c55ea?sa=X&amp;ved=2ahUKEwii097e_9zmAhXt6eAKHWwmBYoQ_BIwCnoECA0QCA\">Museu del Mar<\/a>","mapa":null},"mes_informacio":{"titol_mes_info":"M\u00e9s informaci\u00f3","contingut_mes_info":"<strong>Tel\u00e8fon: <\/strong>+34 972 365 788\r\n<strong>E-mail:<\/strong> <a href=\"mailto:central-turisme@lloret.cat\">central-turisme@lloret.cat<\/a>\r\n<strong>Web:<\/strong> <a href=\"http:\/\/www.lloretdemar.org\/\">www.lloretdemar.org<\/a>\r\n\r\n&nbsp;"},"viatge":{"titol_viatge":"Besoin de plus d'informations?","contingut_viatge":"Contactez-nous et demandez-nous tout ce que vous voulez \u00e0 Lloret Turisme","link_viatge":{"title":"Demandez nous","url":"mailto:lloret-turisme@lloret.cat","target":""}},"apartats":[{"acf_fc_layout":"bloc_amplada_completa","amb_marges":false,"html_js":"<div  style=\"width:92%; height:80vh; display:inline-block; margin-left:4%; margin-bottom:25px; border: 1px solid #fd5151\">\r\n<div \r\n\t\tid=\"bWidgetMap\"\r\n\t\tintegration=\"segment\"\r\n\t\tparenturiprefix=\"bwidget:\"\r\n\t\tembedurl=\"https:\/\/maps.lloretdemar.org\"\r\n\t\tembedmainuri=\"\/fr\/sentier-cotier-lloret-mar-tossa-de-mar\"\r\n\t\tonFocus=\"\"\r\n\t\tonFocusOut=\"\"\r\n                btnColor='#fd5151'\r\n                showButtons = \"true\"\r\n                viewMapText = \"CARTE INTERACTIVE\"\r\n               >\r\n<\/div>\r\n<script type=\"text\/javascript\" src=\"https:\/\/maps.lloretdemar.org\/embed.js\"><\/script>\r\n<\/div>"}]},"yoast_head":"<!-- This site is optimized with the Yoast SEO plugin v27.5 - https:\/\/yoast.com\/product\/yoast-seo-wordpress\/ -->\n<title>Sentier c\u00f4tier Lloret de Mar - Tossa de Mar - Lloret de Mar<\/title>\n<meta name=\"description\" content=\"Le sentier c\u00f4tier de 12 km qui s\u00e9pare Lloret de Mar et Tossa de Mar est une montagne russe qui monte et descend le long des falaises. La randonn\u00e9e exige d\u2019\u00eatre en bonne forme physique car certains tron\u00e7ons passent par des zones goudronn\u00e9es et il faut faire attention au balisage. Vous aurez l\u2019occasion de faire\u2026\" \/>\n<meta name=\"robots\" content=\"index, follow, max-snippet:-1, max-image-preview:large, max-video-preview:-1\" \/>\n<link rel=\"canonical\" href=\"https:\/\/lloretdemar.org\/fr\/quoi-faire-a-lloret\/lloret-de-mar-en-journee\/sentier-cotier\/sentier-cotier-lloret-de-mar-tossa-de-mar\/\" \/>\n<meta property=\"og:locale\" content=\"fr_FR\" \/>\n<meta property=\"og:type\" content=\"article\" \/>\n<meta property=\"og:title\" content=\"Sentier c\u00f4tier Lloret de Mar - Tossa de Mar - Lloret de Mar\" \/>\n<meta property=\"og:description\" content=\"Le sentier c\u00f4tier de 12 km qui s\u00e9pare Lloret de Mar et Tossa de Mar est une montagne russe qui monte et descend le long des falaises. La randonn\u00e9e exige d\u2019\u00eatre en bonne forme physique car certains tron\u00e7ons passent par des zones goudronn\u00e9es et il faut faire attention au balisage. Vous aurez l\u2019occasion de faire\u2026\" \/>\n<meta property=\"og:url\" content=\"https:\/\/lloretdemar.org\/fr\/quoi-faire-a-lloret\/lloret-de-mar-en-journee\/sentier-cotier\/sentier-cotier-lloret-de-mar-tossa-de-mar\/\" \/>\n<meta property=\"og:site_name\" content=\"Lloret de Mar\" \/>\n<meta property=\"article:publisher\" content=\"https:\/\/www.facebook.com\/Lloretturisme\" \/>\n<meta property=\"article:modified_time\" content=\"2022-09-05T11:54:38+00:00\" \/>\n<meta property=\"og:image\" content=\"https:\/\/lloretdemar.org\/wp-content\/uploads\/2020\/01\/camironda3.jpg\" \/>\n\t<meta property=\"og:image:width\" content=\"1123\" \/>\n\t<meta property=\"og:image:height\" content=\"608\" \/>\n\t<meta property=\"og:image:type\" content=\"image\/jpeg\" \/>\n<meta name=\"twitter:card\" content=\"summary_large_image\" \/>\n<meta name=\"twitter:site\" content=\"@lloretturisme\" \/>\n<meta name=\"twitter:label1\" content=\"Dur\u00e9e de lecture estim\u00e9e\" \/>\n\t<meta name=\"twitter:data1\" content=\"1 minute\" \/>\n<script type=\"application\/ld+json\" class=\"yoast-schema-graph\">{\"@context\":\"https:\\\/\\\/schema.org\",\"@graph\":[{\"@type\":\"WebPage\",\"@id\":\"https:\\\/\\\/lloretdemar.org\\\/fr\\\/quoi-faire-a-lloret\\\/lloret-de-mar-en-journee\\\/sentier-cotier\\\/sentier-cotier-lloret-de-mar-tossa-de-mar\\\/\",\"url\":\"https:\\\/\\\/lloretdemar.org\\\/fr\\\/quoi-faire-a-lloret\\\/lloret-de-mar-en-journee\\\/sentier-cotier\\\/sentier-cotier-lloret-de-mar-tossa-de-mar\\\/\",\"name\":\"Sentier c\u00f4tier Lloret de Mar - Tossa de Mar - Lloret de Mar\",\"isPartOf\":{\"@id\":\"https:\\\/\\\/lloretdemar.org\\\/fr\\\/#website\"},\"primaryImageOfPage\":{\"@id\":\"https:\\\/\\\/lloretdemar.org\\\/fr\\\/quoi-faire-a-lloret\\\/lloret-de-mar-en-journee\\\/sentier-cotier\\\/sentier-cotier-lloret-de-mar-tossa-de-mar\\\/#primaryimage\"},\"image\":{\"@id\":\"https:\\\/\\\/lloretdemar.org\\\/fr\\\/quoi-faire-a-lloret\\\/lloret-de-mar-en-journee\\\/sentier-cotier\\\/sentier-cotier-lloret-de-mar-tossa-de-mar\\\/#primaryimage\"},\"thumbnailUrl\":\"https:\\\/\\\/lloretdemar.org\\\/wp-content\\\/uploads\\\/2020\\\/01\\\/camironda3.jpg\",\"datePublished\":\"2019-12-30T09:17:04+00:00\",\"dateModified\":\"2022-09-05T11:54:38+00:00\",\"description\":\"Lloret de Mar\",\"breadcrumb\":{\"@id\":\"https:\\\/\\\/lloretdemar.org\\\/fr\\\/quoi-faire-a-lloret\\\/lloret-de-mar-en-journee\\\/sentier-cotier\\\/sentier-cotier-lloret-de-mar-tossa-de-mar\\\/#breadcrumb\"},\"inLanguage\":\"fr-FR\",\"potentialAction\":[{\"@type\":\"ReadAction\",\"target\":[\"https:\\\/\\\/lloretdemar.org\\\/fr\\\/quoi-faire-a-lloret\\\/lloret-de-mar-en-journee\\\/sentier-cotier\\\/sentier-cotier-lloret-de-mar-tossa-de-mar\\\/\"]}]},{\"@type\":\"ImageObject\",\"inLanguage\":\"fr-FR\",\"@id\":\"https:\\\/\\\/lloretdemar.org\\\/fr\\\/quoi-faire-a-lloret\\\/lloret-de-mar-en-journee\\\/sentier-cotier\\\/sentier-cotier-lloret-de-mar-tossa-de-mar\\\/#primaryimage\",\"url\":\"https:\\\/\\\/lloretdemar.org\\\/wp-content\\\/uploads\\\/2020\\\/01\\\/camironda3.jpg\",\"contentUrl\":\"https:\\\/\\\/lloretdemar.org\\\/wp-content\\\/uploads\\\/2020\\\/01\\\/camironda3.jpg\",\"width\":1123,\"height\":608,\"caption\":\"activitats a Lloret de Mar\"},{\"@type\":\"BreadcrumbList\",\"@id\":\"https:\\\/\\\/lloretdemar.org\\\/fr\\\/quoi-faire-a-lloret\\\/lloret-de-mar-en-journee\\\/sentier-cotier\\\/sentier-cotier-lloret-de-mar-tossa-de-mar\\\/#breadcrumb\",\"itemListElement\":[{\"@type\":\"ListItem\",\"position\":1,\"name\":\"Home\",\"item\":\"https:\\\/\\\/lloretdemar.org\\\/fr\\\/\"},{\"@type\":\"ListItem\",\"position\":2,\"name\":\"Quoi faire \u00e0 Lloret\",\"item\":\"https:\\\/\\\/lloretdemar.org\\\/fr\\\/quoi-faire-a-lloret\\\/\"},{\"@type\":\"ListItem\",\"position\":3,\"name\":\"Lloret de Mar en Journ\u00e9e\",\"item\":\"https:\\\/\\\/lloretdemar.org\\\/fr\\\/quoi-faire-a-lloret\\\/lloret-de-mar-en-journee\\\/\"},{\"@type\":\"ListItem\",\"position\":4,\"name\":\"Sentier c\u00f4tier\",\"item\":\"https:\\\/\\\/lloretdemar.org\\\/fr\\\/quoi-faire-a-lloret\\\/lloret-de-mar-en-journee\\\/sentier-cotier\\\/\"},{\"@type\":\"ListItem\",\"position\":5,\"name\":\"Sentier c\u00f4tier Lloret de Mar &#8211; Tossa de Mar\"}]},{\"@type\":\"WebSite\",\"@id\":\"https:\\\/\\\/lloretdemar.org\\\/fr\\\/#website\",\"url\":\"https:\\\/\\\/lloretdemar.org\\\/fr\\\/\",\"name\":\"Lloret de Mar\",\"description\":\"\",\"publisher\":{\"@id\":\"https:\\\/\\\/lloretdemar.org\\\/fr\\\/#organization\"},\"potentialAction\":[{\"@type\":\"SearchAction\",\"target\":{\"@type\":\"EntryPoint\",\"urlTemplate\":\"https:\\\/\\\/lloretdemar.org\\\/fr\\\/?s={search_term_string}\"},\"query-input\":{\"@type\":\"PropertyValueSpecification\",\"valueRequired\":true,\"valueName\":\"search_term_string\"}}],\"inLanguage\":\"fr-FR\"},{\"@type\":\"Organization\",\"@id\":\"https:\\\/\\\/lloretdemar.org\\\/fr\\\/#organization\",\"name\":\"Lloret de Mar\",\"url\":\"https:\\\/\\\/lloretdemar.org\\\/fr\\\/\",\"logo\":{\"@type\":\"ImageObject\",\"inLanguage\":\"fr-FR\",\"@id\":\"https:\\\/\\\/lloretdemar.org\\\/fr\\\/#\\\/schema\\\/logo\\\/image\\\/\",\"url\":\"https:\\\/\\\/lloretdemar.org\\\/wp-content\\\/uploads\\\/2020\\\/05\\\/lloret-de-mar-logo.png\",\"contentUrl\":\"https:\\\/\\\/lloretdemar.org\\\/wp-content\\\/uploads\\\/2020\\\/05\\\/lloret-de-mar-logo.png\",\"width\":87,\"height\":38,\"caption\":\"Lloret de Mar\"},\"image\":{\"@id\":\"https:\\\/\\\/lloretdemar.org\\\/fr\\\/#\\\/schema\\\/logo\\\/image\\\/\"},\"sameAs\":[\"https:\\\/\\\/www.facebook.com\\\/Lloretturisme\",\"https:\\\/\\\/x.com\\\/lloretturisme\",\"https:\\\/\\\/instagram.com\\\/lloretturisme\",\"https:\\\/\\\/www.youtube.com\\\/LloretTurisme\"]}]}<\/script>\n<!-- \/ Yoast SEO plugin. -->","yoast_head_json":{"title":"Sentier c\u00f4tier Lloret de Mar - Tossa de Mar - Lloret de Mar","description":"Le sentier c\u00f4tier de 12 km qui s\u00e9pare Lloret de Mar et Tossa de Mar est une montagne russe qui monte et descend le long des falaises. La randonn\u00e9e exige d\u2019\u00eatre en bonne forme physique car certains tron\u00e7ons passent par des zones goudronn\u00e9es et il faut faire attention au balisage. Vous aurez l\u2019occasion de faire\u2026","robots":{"index":"index","follow":"follow","max-snippet":"max-snippet:-1","max-image-preview":"max-image-preview:large","max-video-preview":"max-video-preview:-1"},"canonical":"https:\/\/lloretdemar.org\/fr\/quoi-faire-a-lloret\/lloret-de-mar-en-journee\/sentier-cotier\/sentier-cotier-lloret-de-mar-tossa-de-mar\/","og_locale":"fr_FR","og_type":"article","og_title":"Sentier c\u00f4tier Lloret de Mar - Tossa de Mar - Lloret de Mar","og_description":"Le sentier c\u00f4tier de 12 km qui s\u00e9pare Lloret de Mar et Tossa de Mar est une montagne russe qui monte et descend le long des falaises. La randonn\u00e9e exige d\u2019\u00eatre en bonne forme physique car certains tron\u00e7ons passent par des zones goudronn\u00e9es et il faut faire attention au balisage. Vous aurez l\u2019occasion de faire\u2026","og_url":"https:\/\/lloretdemar.org\/fr\/quoi-faire-a-lloret\/lloret-de-mar-en-journee\/sentier-cotier\/sentier-cotier-lloret-de-mar-tossa-de-mar\/","og_site_name":"Lloret de Mar","article_publisher":"https:\/\/www.facebook.com\/Lloretturisme","article_modified_time":"2022-09-05T11:54:38+00:00","og_image":[{"width":1123,"height":608,"url":"https:\/\/lloretdemar.org\/wp-content\/uploads\/2020\/01\/camironda3.jpg","type":"image\/jpeg"}],"twitter_card":"summary_large_image","twitter_site":"@lloretturisme","twitter_misc":{"Dur\u00e9e de lecture estim\u00e9e":"1 minute"},"schema":{"@context":"https:\/\/schema.org","@graph":[{"@type":"WebPage","@id":"https:\/\/lloretdemar.org\/fr\/quoi-faire-a-lloret\/lloret-de-mar-en-journee\/sentier-cotier\/sentier-cotier-lloret-de-mar-tossa-de-mar\/","url":"https:\/\/lloretdemar.org\/fr\/quoi-faire-a-lloret\/lloret-de-mar-en-journee\/sentier-cotier\/sentier-cotier-lloret-de-mar-tossa-de-mar\/","name":"Sentier c\u00f4tier Lloret de Mar - Tossa de Mar - Lloret de Mar","isPartOf":{"@id":"https:\/\/lloretdemar.org\/fr\/#website"},"primaryImageOfPage":{"@id":"https:\/\/lloretdemar.org\/fr\/quoi-faire-a-lloret\/lloret-de-mar-en-journee\/sentier-cotier\/sentier-cotier-lloret-de-mar-tossa-de-mar\/#primaryimage"},"image":{"@id":"https:\/\/lloretdemar.org\/fr\/quoi-faire-a-lloret\/lloret-de-mar-en-journee\/sentier-cotier\/sentier-cotier-lloret-de-mar-tossa-de-mar\/#primaryimage"},"thumbnailUrl":"https:\/\/lloretdemar.org\/wp-content\/uploads\/2020\/01\/camironda3.jpg","datePublished":"2019-12-30T09:17:04+00:00","dateModified":"2022-09-05T11:54:38+00:00","description":"Lloret de Mar","breadcrumb":{"@id":"https:\/\/lloretdemar.org\/fr\/quoi-faire-a-lloret\/lloret-de-mar-en-journee\/sentier-cotier\/sentier-cotier-lloret-de-mar-tossa-de-mar\/#breadcrumb"},"inLanguage":"fr-FR","potentialAction":[{"@type":"ReadAction","target":["https:\/\/lloretdemar.org\/fr\/quoi-faire-a-lloret\/lloret-de-mar-en-journee\/sentier-cotier\/sentier-cotier-lloret-de-mar-tossa-de-mar\/"]}]},{"@type":"ImageObject","inLanguage":"fr-FR","@id":"https:\/\/lloretdemar.org\/fr\/quoi-faire-a-lloret\/lloret-de-mar-en-journee\/sentier-cotier\/sentier-cotier-lloret-de-mar-tossa-de-mar\/#primaryimage","url":"https:\/\/lloretdemar.org\/wp-content\/uploads\/2020\/01\/camironda3.jpg","contentUrl":"https:\/\/lloretdemar.org\/wp-content\/uploads\/2020\/01\/camironda3.jpg","width":1123,"height":608,"caption":"activitats a Lloret de Mar"},{"@type":"BreadcrumbList","@id":"https:\/\/lloretdemar.org\/fr\/quoi-faire-a-lloret\/lloret-de-mar-en-journee\/sentier-cotier\/sentier-cotier-lloret-de-mar-tossa-de-mar\/#breadcrumb","itemListElement":[{"@type":"ListItem","position":1,"name":"Home","item":"https:\/\/lloretdemar.org\/fr\/"},{"@type":"ListItem","position":2,"name":"Quoi faire \u00e0 Lloret","item":"https:\/\/lloretdemar.org\/fr\/quoi-faire-a-lloret\/"},{"@type":"ListItem","position":3,"name":"Lloret de Mar en Journ\u00e9e","item":"https:\/\/lloretdemar.org\/fr\/quoi-faire-a-lloret\/lloret-de-mar-en-journee\/"},{"@type":"ListItem","position":4,"name":"Sentier c\u00f4tier","item":"https:\/\/lloretdemar.org\/fr\/quoi-faire-a-lloret\/lloret-de-mar-en-journee\/sentier-cotier\/"},{"@type":"ListItem","position":5,"name":"Sentier c\u00f4tier Lloret de Mar &#8211; Tossa de Mar"}]},{"@type":"WebSite","@id":"https:\/\/lloretdemar.org\/fr\/#website","url":"https:\/\/lloretdemar.org\/fr\/","name":"Lloret de Mar","description":"","publisher":{"@id":"https:\/\/lloretdemar.org\/fr\/#organization"},"potentialAction":[{"@type":"SearchAction","target":{"@type":"EntryPoint","urlTemplate":"https:\/\/lloretdemar.org\/fr\/?s={search_term_string}"},"query-input":{"@type":"PropertyValueSpecification","valueRequired":true,"valueName":"search_term_string"}}],"inLanguage":"fr-FR"},{"@type":"Organization","@id":"https:\/\/lloretdemar.org\/fr\/#organization","name":"Lloret de Mar","url":"https:\/\/lloretdemar.org\/fr\/","logo":{"@type":"ImageObject","inLanguage":"fr-FR","@id":"https:\/\/lloretdemar.org\/fr\/#\/schema\/logo\/image\/","url":"https:\/\/lloretdemar.org\/wp-content\/uploads\/2020\/05\/lloret-de-mar-logo.png","contentUrl":"https:\/\/lloretdemar.org\/wp-content\/uploads\/2020\/05\/lloret-de-mar-logo.png","width":87,"height":38,"caption":"Lloret de Mar"},"image":{"@id":"https:\/\/lloretdemar.org\/fr\/#\/schema\/logo\/image\/"},"sameAs":["https:\/\/www.facebook.com\/Lloretturisme","https:\/\/x.com\/lloretturisme","https:\/\/instagram.com\/lloretturisme","https:\/\/www.youtube.com\/LloretTurisme"]}]}},"_links":{"self":[{"href":"https:\/\/lloretdemar.org\/fr\/wp-json\/wp\/v2\/pages\/13484","targetHints":{"allow":["GET"]}}],"collection":[{"href":"https:\/\/lloretdemar.org\/fr\/wp-json\/wp\/v2\/pages"}],"about":[{"href":"https:\/\/lloretdemar.org\/fr\/wp-json\/wp\/v2\/types\/page"}],"author":[{"embeddable":true,"href":"https:\/\/lloretdemar.org\/fr\/wp-json\/wp\/v2\/users\/12"}],"replies":[{"embeddable":true,"href":"https:\/\/lloretdemar.org\/fr\/wp-json\/wp\/v2\/comments?post=13484"}],"version-history":[{"count":2,"href":"https:\/\/lloretdemar.org\/fr\/wp-json\/wp\/v2\/pages\/13484\/revisions"}],"predecessor-version":[{"id":30448,"href":"https:\/\/lloretdemar.org\/fr\/wp-json\/wp\/v2\/pages\/13484\/revisions\/30448"}],"up":[{"embeddable":true,"href":"https:\/\/lloretdemar.org\/fr\/wp-json\/wp\/v2\/pages\/13478"}],"wp:featuredmedia":[{"embeddable":true,"href":"https:\/\/lloretdemar.org\/fr\/wp-json\/wp\/v2\/media\/13485"}],"wp:attachment":[{"href":"https:\/\/lloretdemar.org\/fr\/wp-json\/wp\/v2\/media?parent=13484"}],"curies":[{"name":"wp","href":"https:\/\/api.w.org\/{rel}","templated":true}]}}