{"id":13478,"date":"2020-01-21T11:34:07","date_gmt":"2020-01-21T10:34:07","guid":{"rendered":"http:\/\/lloretdemar.org\/lloret-de-mar-de-dia\/cami-de-ronda\/"},"modified":"2022-09-07T09:29:35","modified_gmt":"2022-09-07T07:29:35","slug":"sentier-cotier","status":"publish","type":"page","link":"https:\/\/lloretdemar.org\/fr\/quoi-faire-a-lloret\/lloret-de-mar-en-journee\/sentier-cotier\/","title":{"rendered":"Sentier c\u00f4tier"},"content":{"rendered":"","protected":false},"excerpt":{"rendered":"","protected":false},"author":12,"featured_media":13479,"parent":13230,"menu_order":0,"comment_status":"closed","ping_status":"closed","template":"page-templates\/esports-2.php","meta":{"_acf_changed":false,"content-type":"","footnotes":""},"class_list":["post-13478","page","type-page","status-publish","has-post-thumbnail","hentry"],"acf":{"banner_imatge":13479,"banner_titol":"","banner_subtitol":"","botons_blanc_o_negres":"defecte","banner_links":[{"es_post":false,"banner_link":{"title":"Sentier c\u00f4tier Lloret de Mar - Tossa de Mar","url":"http:\/\/lloretdemar.org\/fr\/quoi-faire-a-lloret\/lloret-de-mar-en-journee\/sentier-cotier\/sentier-cotier-lloret-de-mar-tossa-de-mar\/","target":"_blank"},"link_intern":13484,"link_intern_titol":"Sentier c\u00f4tier Lloret de Mar - Tossa de Mar"},{"es_post":false,"banner_link":{"title":"Sentier c\u00f4tier Lloret de Mar - Blanes","url":"http:\/\/lloretdemar.org\/fr\/quoi-faire-a-lloret\/lloret-de-mar-en-journee\/sentier-cotier\/sentier-cotier-lloret-de-mar-blanes\/","target":"_blank"},"link_intern":13489,"link_intern_titol":"Sentier c\u00f4tier Lloret de Mar - Blanes"}],"titol":"","text":"La meilleure fa\u00e7on de go\u00fbter \u00e0 l\u2019essence de Lloret de Mar est d\u2019explorer les nombreux itin\u00e9raires de randonn\u00e9e qui longent le littoral ou qui s\u2019aventurent dans nos for\u00eats. Ils vous feront d\u00e9couvrir les secrets de la faune et de la flore m\u00e9diterran\u00e9enne.\r\n\r\n&nbsp;\r\n\r\nDeux tron\u00e7ons du sentier M\u00e9diterran\u00e9en GR92 passent \u00e0 Lloret de Mar. C\u2019est un Sentier de Grande Randonn\u00e9e (583 km) qui longe tout le littoral catalan et vous fait d\u00e9couvrir les petites criques, les plages et les paysages maritimes. Cet itin\u00e9raire d\u00e9marre \u00e0 Portbou, en pleine Costa Brava et prend fin \u00e0 Ulldecona, apr\u00e8s avoir travers\u00e9 le delta de l\u2019Ebre.\r\n\r\n&nbsp;\r\n\r\nLe sentier M\u00e9diterran\u00e9en, \u00e0 son passage par La Selva, parcourt pr\u00e8s de 30 kilom\u00e8tres dans la r\u00e9gion depuis le massif de Cadiretes jusqu\u2019au fleuve Tordera, randonn\u00e9e surnomm\u00e9e \u00ab Les grands chemins de l\u2019eau \u00e0 La Selva \u00bb.\r\n\r\n&nbsp;\r\n\r\nCet itin\u00e9raire alterne les paysages de for\u00eats du littoral avec une forte pr\u00e9sence de pins blancs et les petites criques, les plages, etc. Il offre la possibilit\u00e9 d\u2019emprunter des sentiers c\u00f4tiers (anciens sentiers qui servaient \u00e0 surveiller la c\u00f4te contre d\u2019\u00e9ventuelles attaques venant de la mer ou des contrebandiers). Ces chemins vous permettent de parcourir des lieux embl\u00e9matiques, au c\u0153ur des falaises.","titol_document":"","document":"","activitats":[{"activitat":1410},{"activitat":4932}],"categories":null,"formulari":"<!--[if lte IE 8]>\r\n<script charset=\"utf-8\" type=\"text\/javascript\" src=\"\/\/js.hsforms.net\/forms\/v2-legacy.js\"><\/script>\r\n<![endif]-->\r\n<script charset=\"utf-8\" type=\"text\/javascript\" src=\"\/\/js.hsforms.net\/forms\/v2.js\"><\/script>\r\n<script>hbspt.forms.create({portalId: \"4468071\",formId: \"34dd5446-bdd1-46b4-aa01-28942282b152\"});<\/script>","subtitol_formulari":"Lorem ipsum dolor sit amet, consetetur sadipscing elitr, sed diam nonumy eirmod.","apartats":[{"acf_fc_layout":"boto_mouret","titol_boto":"Voir tous les sentiers de randonn\u00e9e interactifs","document_o_enllac":"enllac","document":null,"enllac":{"title":"","url":"https:\/\/maps.lloretdemar.org\/fr\/lloret-hiking","target":""}}]},"yoast_head":"<!-- This site is optimized with the Yoast SEO plugin v27.5 - https:\/\/yoast.com\/product\/yoast-seo-wordpress\/ -->\n<title>Sentier c\u00f4tier - Lloret de Mar<\/title>\n<meta name=\"robots\" content=\"index, follow, max-snippet:-1, max-image-preview:large, max-video-preview:-1\" \/>\n<link rel=\"canonical\" href=\"https:\/\/lloretdemar.org\/fr\/quoi-faire-a-lloret\/lloret-de-mar-en-journee\/sentier-cotier\/\" \/>\n<meta property=\"og:locale\" content=\"fr_FR\" \/>\n<meta property=\"og:type\" content=\"article\" \/>\n<meta property=\"og:title\" content=\"Sentier c\u00f4tier - Lloret de Mar\" \/>\n<meta property=\"og:url\" content=\"https:\/\/lloretdemar.org\/fr\/quoi-faire-a-lloret\/lloret-de-mar-en-journee\/sentier-cotier\/\" \/>\n<meta property=\"og:site_name\" content=\"Lloret de Mar\" \/>\n<meta property=\"article:publisher\" content=\"https:\/\/www.facebook.com\/Lloretturisme\" \/>\n<meta property=\"article:modified_time\" content=\"2022-09-07T07:29:35+00:00\" \/>\n<meta property=\"og:image\" content=\"https:\/\/lloretdemar.org\/wp-content\/uploads\/2020\/01\/cami-ronda.jpg\" \/>\n\t<meta property=\"og:image:width\" content=\"1920\" \/>\n\t<meta property=\"og:image:height\" content=\"885\" \/>\n\t<meta property=\"og:image:type\" content=\"image\/jpeg\" \/>\n<meta name=\"twitter:card\" content=\"summary_large_image\" \/>\n<meta name=\"twitter:site\" content=\"@lloretturisme\" \/>\n<script type=\"application\/ld+json\" class=\"yoast-schema-graph\">{\"@context\":\"https:\\\/\\\/schema.org\",\"@graph\":[{\"@type\":\"WebPage\",\"@id\":\"https:\\\/\\\/lloretdemar.org\\\/fr\\\/quoi-faire-a-lloret\\\/lloret-de-mar-en-journee\\\/sentier-cotier\\\/\",\"url\":\"https:\\\/\\\/lloretdemar.org\\\/fr\\\/quoi-faire-a-lloret\\\/lloret-de-mar-en-journee\\\/sentier-cotier\\\/\",\"name\":\"Sentier c\u00f4tier - Lloret de Mar\",\"isPartOf\":{\"@id\":\"https:\\\/\\\/lloretdemar.org\\\/fr\\\/#website\"},\"primaryImageOfPage\":{\"@id\":\"https:\\\/\\\/lloretdemar.org\\\/fr\\\/quoi-faire-a-lloret\\\/lloret-de-mar-en-journee\\\/sentier-cotier\\\/#primaryimage\"},\"image\":{\"@id\":\"https:\\\/\\\/lloretdemar.org\\\/fr\\\/quoi-faire-a-lloret\\\/lloret-de-mar-en-journee\\\/sentier-cotier\\\/#primaryimage\"},\"thumbnailUrl\":\"https:\\\/\\\/lloretdemar.org\\\/wp-content\\\/uploads\\\/2020\\\/01\\\/cami-ronda.jpg\",\"datePublished\":\"2020-01-21T10:34:07+00:00\",\"dateModified\":\"2022-09-07T07:29:35+00:00\",\"description\":\"Lloret de Mar\",\"breadcrumb\":{\"@id\":\"https:\\\/\\\/lloretdemar.org\\\/fr\\\/quoi-faire-a-lloret\\\/lloret-de-mar-en-journee\\\/sentier-cotier\\\/#breadcrumb\"},\"inLanguage\":\"fr-FR\",\"potentialAction\":[{\"@type\":\"ReadAction\",\"target\":[\"https:\\\/\\\/lloretdemar.org\\\/fr\\\/quoi-faire-a-lloret\\\/lloret-de-mar-en-journee\\\/sentier-cotier\\\/\"]}]},{\"@type\":\"ImageObject\",\"inLanguage\":\"fr-FR\",\"@id\":\"https:\\\/\\\/lloretdemar.org\\\/fr\\\/quoi-faire-a-lloret\\\/lloret-de-mar-en-journee\\\/sentier-cotier\\\/#primaryimage\",\"url\":\"https:\\\/\\\/lloretdemar.org\\\/wp-content\\\/uploads\\\/2020\\\/01\\\/cami-ronda.jpg\",\"contentUrl\":\"https:\\\/\\\/lloretdemar.org\\\/wp-content\\\/uploads\\\/2020\\\/01\\\/cami-ronda.jpg\",\"width\":1920,\"height\":885},{\"@type\":\"BreadcrumbList\",\"@id\":\"https:\\\/\\\/lloretdemar.org\\\/fr\\\/quoi-faire-a-lloret\\\/lloret-de-mar-en-journee\\\/sentier-cotier\\\/#breadcrumb\",\"itemListElement\":[{\"@type\":\"ListItem\",\"position\":1,\"name\":\"Home\",\"item\":\"https:\\\/\\\/lloretdemar.org\\\/fr\\\/\"},{\"@type\":\"ListItem\",\"position\":2,\"name\":\"Quoi faire \u00e0 Lloret\",\"item\":\"https:\\\/\\\/lloretdemar.org\\\/fr\\\/quoi-faire-a-lloret\\\/\"},{\"@type\":\"ListItem\",\"position\":3,\"name\":\"Lloret de Mar en Journ\u00e9e\",\"item\":\"https:\\\/\\\/lloretdemar.org\\\/fr\\\/quoi-faire-a-lloret\\\/lloret-de-mar-en-journee\\\/\"},{\"@type\":\"ListItem\",\"position\":4,\"name\":\"Sentier c\u00f4tier\"}]},{\"@type\":\"WebSite\",\"@id\":\"https:\\\/\\\/lloretdemar.org\\\/fr\\\/#website\",\"url\":\"https:\\\/\\\/lloretdemar.org\\\/fr\\\/\",\"name\":\"Lloret de Mar\",\"description\":\"\",\"publisher\":{\"@id\":\"https:\\\/\\\/lloretdemar.org\\\/fr\\\/#organization\"},\"potentialAction\":[{\"@type\":\"SearchAction\",\"target\":{\"@type\":\"EntryPoint\",\"urlTemplate\":\"https:\\\/\\\/lloretdemar.org\\\/fr\\\/?s={search_term_string}\"},\"query-input\":{\"@type\":\"PropertyValueSpecification\",\"valueRequired\":true,\"valueName\":\"search_term_string\"}}],\"inLanguage\":\"fr-FR\"},{\"@type\":\"Organization\",\"@id\":\"https:\\\/\\\/lloretdemar.org\\\/fr\\\/#organization\",\"name\":\"Lloret de Mar\",\"url\":\"https:\\\/\\\/lloretdemar.org\\\/fr\\\/\",\"logo\":{\"@type\":\"ImageObject\",\"inLanguage\":\"fr-FR\",\"@id\":\"https:\\\/\\\/lloretdemar.org\\\/fr\\\/#\\\/schema\\\/logo\\\/image\\\/\",\"url\":\"https:\\\/\\\/lloretdemar.org\\\/wp-content\\\/uploads\\\/2020\\\/05\\\/lloret-de-mar-logo.png\",\"contentUrl\":\"https:\\\/\\\/lloretdemar.org\\\/wp-content\\\/uploads\\\/2020\\\/05\\\/lloret-de-mar-logo.png\",\"width\":87,\"height\":38,\"caption\":\"Lloret de Mar\"},\"image\":{\"@id\":\"https:\\\/\\\/lloretdemar.org\\\/fr\\\/#\\\/schema\\\/logo\\\/image\\\/\"},\"sameAs\":[\"https:\\\/\\\/www.facebook.com\\\/Lloretturisme\",\"https:\\\/\\\/x.com\\\/lloretturisme\",\"https:\\\/\\\/instagram.com\\\/lloretturisme\",\"https:\\\/\\\/www.youtube.com\\\/LloretTurisme\"]}]}<\/script>\n<!-- \/ Yoast SEO plugin. -->","yoast_head_json":{"title":"Sentier c\u00f4tier - Lloret de Mar","robots":{"index":"index","follow":"follow","max-snippet":"max-snippet:-1","max-image-preview":"max-image-preview:large","max-video-preview":"max-video-preview:-1"},"canonical":"https:\/\/lloretdemar.org\/fr\/quoi-faire-a-lloret\/lloret-de-mar-en-journee\/sentier-cotier\/","og_locale":"fr_FR","og_type":"article","og_title":"Sentier c\u00f4tier - Lloret de Mar","og_url":"https:\/\/lloretdemar.org\/fr\/quoi-faire-a-lloret\/lloret-de-mar-en-journee\/sentier-cotier\/","og_site_name":"Lloret de Mar","article_publisher":"https:\/\/www.facebook.com\/Lloretturisme","article_modified_time":"2022-09-07T07:29:35+00:00","og_image":[{"width":1920,"height":885,"url":"https:\/\/lloretdemar.org\/wp-content\/uploads\/2020\/01\/cami-ronda.jpg","type":"image\/jpeg"}],"twitter_card":"summary_large_image","twitter_site":"@lloretturisme","schema":{"@context":"https:\/\/schema.org","@graph":[{"@type":"WebPage","@id":"https:\/\/lloretdemar.org\/fr\/quoi-faire-a-lloret\/lloret-de-mar-en-journee\/sentier-cotier\/","url":"https:\/\/lloretdemar.org\/fr\/quoi-faire-a-lloret\/lloret-de-mar-en-journee\/sentier-cotier\/","name":"Sentier c\u00f4tier - Lloret de Mar","isPartOf":{"@id":"https:\/\/lloretdemar.org\/fr\/#website"},"primaryImageOfPage":{"@id":"https:\/\/lloretdemar.org\/fr\/quoi-faire-a-lloret\/lloret-de-mar-en-journee\/sentier-cotier\/#primaryimage"},"image":{"@id":"https:\/\/lloretdemar.org\/fr\/quoi-faire-a-lloret\/lloret-de-mar-en-journee\/sentier-cotier\/#primaryimage"},"thumbnailUrl":"https:\/\/lloretdemar.org\/wp-content\/uploads\/2020\/01\/cami-ronda.jpg","datePublished":"2020-01-21T10:34:07+00:00","dateModified":"2022-09-07T07:29:35+00:00","description":"Lloret de Mar","breadcrumb":{"@id":"https:\/\/lloretdemar.org\/fr\/quoi-faire-a-lloret\/lloret-de-mar-en-journee\/sentier-cotier\/#breadcrumb"},"inLanguage":"fr-FR","potentialAction":[{"@type":"ReadAction","target":["https:\/\/lloretdemar.org\/fr\/quoi-faire-a-lloret\/lloret-de-mar-en-journee\/sentier-cotier\/"]}]},{"@type":"ImageObject","inLanguage":"fr-FR","@id":"https:\/\/lloretdemar.org\/fr\/quoi-faire-a-lloret\/lloret-de-mar-en-journee\/sentier-cotier\/#primaryimage","url":"https:\/\/lloretdemar.org\/wp-content\/uploads\/2020\/01\/cami-ronda.jpg","contentUrl":"https:\/\/lloretdemar.org\/wp-content\/uploads\/2020\/01\/cami-ronda.jpg","width":1920,"height":885},{"@type":"BreadcrumbList","@id":"https:\/\/lloretdemar.org\/fr\/quoi-faire-a-lloret\/lloret-de-mar-en-journee\/sentier-cotier\/#breadcrumb","itemListElement":[{"@type":"ListItem","position":1,"name":"Home","item":"https:\/\/lloretdemar.org\/fr\/"},{"@type":"ListItem","position":2,"name":"Quoi faire \u00e0 Lloret","item":"https:\/\/lloretdemar.org\/fr\/quoi-faire-a-lloret\/"},{"@type":"ListItem","position":3,"name":"Lloret de Mar en Journ\u00e9e","item":"https:\/\/lloretdemar.org\/fr\/quoi-faire-a-lloret\/lloret-de-mar-en-journee\/"},{"@type":"ListItem","position":4,"name":"Sentier c\u00f4tier"}]},{"@type":"WebSite","@id":"https:\/\/lloretdemar.org\/fr\/#website","url":"https:\/\/lloretdemar.org\/fr\/","name":"Lloret de Mar","description":"","publisher":{"@id":"https:\/\/lloretdemar.org\/fr\/#organization"},"potentialAction":[{"@type":"SearchAction","target":{"@type":"EntryPoint","urlTemplate":"https:\/\/lloretdemar.org\/fr\/?s={search_term_string}"},"query-input":{"@type":"PropertyValueSpecification","valueRequired":true,"valueName":"search_term_string"}}],"inLanguage":"fr-FR"},{"@type":"Organization","@id":"https:\/\/lloretdemar.org\/fr\/#organization","name":"Lloret de Mar","url":"https:\/\/lloretdemar.org\/fr\/","logo":{"@type":"ImageObject","inLanguage":"fr-FR","@id":"https:\/\/lloretdemar.org\/fr\/#\/schema\/logo\/image\/","url":"https:\/\/lloretdemar.org\/wp-content\/uploads\/2020\/05\/lloret-de-mar-logo.png","contentUrl":"https:\/\/lloretdemar.org\/wp-content\/uploads\/2020\/05\/lloret-de-mar-logo.png","width":87,"height":38,"caption":"Lloret de Mar"},"image":{"@id":"https:\/\/lloretdemar.org\/fr\/#\/schema\/logo\/image\/"},"sameAs":["https:\/\/www.facebook.com\/Lloretturisme","https:\/\/x.com\/lloretturisme","https:\/\/instagram.com\/lloretturisme","https:\/\/www.youtube.com\/LloretTurisme"]}]}},"_links":{"self":[{"href":"https:\/\/lloretdemar.org\/fr\/wp-json\/wp\/v2\/pages\/13478","targetHints":{"allow":["GET"]}}],"collection":[{"href":"https:\/\/lloretdemar.org\/fr\/wp-json\/wp\/v2\/pages"}],"about":[{"href":"https:\/\/lloretdemar.org\/fr\/wp-json\/wp\/v2\/types\/page"}],"author":[{"embeddable":true,"href":"https:\/\/lloretdemar.org\/fr\/wp-json\/wp\/v2\/users\/12"}],"replies":[{"embeddable":true,"href":"https:\/\/lloretdemar.org\/fr\/wp-json\/wp\/v2\/comments?post=13478"}],"version-history":[{"count":2,"href":"https:\/\/lloretdemar.org\/fr\/wp-json\/wp\/v2\/pages\/13478\/revisions"}],"predecessor-version":[{"id":30606,"href":"https:\/\/lloretdemar.org\/fr\/wp-json\/wp\/v2\/pages\/13478\/revisions\/30606"}],"up":[{"embeddable":true,"href":"https:\/\/lloretdemar.org\/fr\/wp-json\/wp\/v2\/pages\/13230"}],"wp:featuredmedia":[{"embeddable":true,"href":"https:\/\/lloretdemar.org\/fr\/wp-json\/wp\/v2\/media\/13479"}],"wp:attachment":[{"href":"https:\/\/lloretdemar.org\/fr\/wp-json\/wp\/v2\/media?parent=13478"}],"curies":[{"name":"wp","href":"https:\/\/api.w.org\/{rel}","templated":true}]}}