{"id":13274,"date":"2019-10-29T14:18:27","date_gmt":"2019-10-29T13:18:27","guid":{"rendered":"http:\/\/lloretdemar.org\/lloret-de-mar-de-dia\/platges\/"},"modified":"2022-09-26T12:36:09","modified_gmt":"2022-09-26T10:36:09","slug":"plages","status":"publish","type":"page","link":"https:\/\/lloretdemar.org\/fr\/quoi-faire-a-lloret\/lloret-de-mar-en-journee\/plages\/","title":{"rendered":"Plages"},"content":{"rendered":"","protected":false},"excerpt":{"rendered":"","protected":false},"author":12,"featured_media":10038,"parent":13230,"menu_order":0,"comment_status":"closed","ping_status":"closed","template":"page-templates\/platges-20.php","meta":{"_acf_changed":false,"content-type":"","footnotes":""},"class_list":["post-13274","page","type-page","status-publish","has-post-thumbnail","hentry"],"acf":{"banner_imatge":13390,"banner_titol":"Plages","banner_subtitol":"","botons_blanc_o_negres":"defecte","banner_links":[{"es_post":true,"banner_link":null,"link_intern":13394,"link_intern_titol":"Plage de Lloret"},{"es_post":true,"banner_link":{"title":"Platja de Fenals","url":"http:\/\/lloretdemar.org\/platja\/cala-banys\/","target":""},"link_intern":13406,"link_intern_titol":"Plage de Fenals"},{"es_post":true,"banner_link":{"title":"Platja de Santa Cristina","url":"http:\/\/lloretdemar.org\/platja\/platja-de-santa-cristina\/","target":""},"link_intern":"","link_intern_titol":"Plage de Santa Cristina"},{"es_post":true,"banner_link":{"title":"Platja de Canyelles","url":"http:\/\/lloretdemar.org\/platja\/platja-de-canyelles\/","target":""},"link_intern":"","link_intern_titol":"Plage de Canyelles"},{"es_post":true,"banner_link":{"title":"Sa Caleta","url":"http:\/\/lloretdemar.org\/platja\/sa-caleta\/","target":""},"link_intern":"","link_intern_titol":"Sa Caleta"},{"es_post":true,"banner_link":{"title":"Cala Boadella","url":"http:\/\/lloretdemar.org\/platja\/cala-boadella\/","target":""},"link_intern":"","link_intern_titol":"Cala Boadella"},{"es_post":true,"banner_link":{"title":"Platja de Treumal","url":"http:\/\/lloretdemar.org\/platja\/platja-de-treumal\/","target":""},"link_intern":"","link_intern_titol":"Plage de Treumal"},{"es_post":true,"banner_link":{"title":"Cala Banys","url":"http:\/\/lloretdemar.org\/platja\/cala-banys-2\/","target":""},"link_intern":"","link_intern_titol":"Cala Banys"},{"es_post":false,"banner_link":{"title":"Gestion de la plage \u00e0 Lloret de Mar.","url":"https:\/\/lloretdemar.org\/fr\/quoi-faire-a-lloret\/lloret-de-mar-en-journee\/plages\/gestion-des-plages-a-lloret-de-mar\/","target":""},"link_intern":null,"link_intern_titol":""}],"tipus_directori":"platja","activitats":null,"titol":"Plages","descripcio":"Nos plages sont l\u2019endroit id\u00e9al pour passer vos vacances sous le soleil de la Costa Brava. Plages urbaines disposant de tous les services ou petites criques retir\u00e9es, Lloret de Mar vous propose diff\u00e9rentes options pour que vous profitiez au mieux de votre s\u00e9jour en bord de mer.\r\n\r\n<div class=\"wp-block-button agenda-btn is-style-fill\" style=\"margin-top:10px\"><a class=\"wp-block-button__link has-background\" href=\"https:\/\/maps.lloretdemar.org\/fr\/plages-de-lloret\" style=\"border-radius:0px;background-color:#4798e9\">Carte interactive des plages<\/a>\r\n<a class=\"wp-block-button__link has-background\" href=\"https:\/\/maps.lloretdemar.org\/fr\/promenade-des-plages\" style=\"border-radius:0px;background-color:#4798e9\">Promenade des plages<\/a><\/div>","titol_2":"","descripcio_2":"Nous sommes fiers d\u2019\u00eatre l\u2019un des villages avec le plus de \u00ab pavillons bleus \u00bb en Catalogne. En effet, les plages de Lloret, de Fenals, de Santa Cristina, Cala Canyelles et Sa Boadella se sont vues attribu\u00e9 ce label qui prouve la qualit\u00e9 de nos plages.","video":"","imatge":10038,"link":{"title":"V\u00e9rifiez l'\u00e9tat de la mer ici","url":"http:\/\/www.meteo.cat\/prediccio\/maritim","target":"_blank"},"activitats_titol":"Activit\u00e9s sur les plages","apartats":[{"acf_fc_layout":"bloc_amplada_completa","amb_marges":false,"html_js":"<div  style=\"width:92%; height:80vh; display:inline-block; margin-left:4%; margin-bottom:25px; border: 1px solid #fd5151\">\r\n<div \r\n\t\tid=\"bWidgetMap\"\r\n\t\tintegration=\"segment\"\r\n\t\tparenturiprefix=\"bwidget:\"\r\n\t\tembedurl=\"https:\/\/maps.lloretdemar.org\"\r\n\t\tembedmainuri=\"\/fr\/plages-de-lloret\"\r\n\t\tonFocus=\"\"\r\n\t\tonFocusOut=\"\"\r\n                btnColor='#fd5151'\r\n                showButtons = \"true\"\r\n                viewMapText = \"CARTE DES PLAGES\"\r\n               >\r\n<\/div>\r\n<script type=\"text\/javascript\" src=\"https:\/\/maps.lloretdemar.org\/embed.js\"><\/script>\r\n<\/div>"}],"banner_planifica_imatge":16092,"banner_planifica_titol":"Vous avez pr\u00e9vu de venir \u00e0 Lloret de Mar?","banner_planifica_text":"Organisez votre s\u00e9jour \u00e0 Lloret de Mar","banner_planifica_link":{"title":"Planifiez votre voyage","url":"http:\/\/lloretdemar.org\/planifica-el-teu-viatge\/","target":"_blank"}},"yoast_head":"<!-- This site is optimized with the Yoast SEO plugin v27.4 - https:\/\/yoast.com\/product\/yoast-seo-wordpress\/ -->\n<title>Plages - Lloret de Mar<\/title>\n<meta name=\"robots\" content=\"index, follow, max-snippet:-1, max-image-preview:large, max-video-preview:-1\" \/>\n<link rel=\"canonical\" href=\"https:\/\/lloretdemar.org\/fr\/quoi-faire-a-lloret\/lloret-de-mar-en-journee\/plages\/\" \/>\n<meta property=\"og:locale\" content=\"fr_FR\" \/>\n<meta property=\"og:type\" content=\"article\" \/>\n<meta property=\"og:title\" content=\"Plages - Lloret de Mar\" \/>\n<meta property=\"og:url\" content=\"https:\/\/lloretdemar.org\/fr\/quoi-faire-a-lloret\/lloret-de-mar-en-journee\/plages\/\" \/>\n<meta property=\"og:site_name\" content=\"Lloret de Mar\" \/>\n<meta property=\"article:publisher\" content=\"https:\/\/www.facebook.com\/Lloretturisme\" \/>\n<meta property=\"article:modified_time\" content=\"2022-09-26T10:36:09+00:00\" \/>\n<meta property=\"og:image\" content=\"https:\/\/lloretdemar.org\/wp-content\/uploads\/2020\/02\/slide-platges.jpg\" \/>\n\t<meta property=\"og:image:width\" content=\"930\" \/>\n\t<meta property=\"og:image:height\" content=\"465\" \/>\n\t<meta property=\"og:image:type\" content=\"image\/jpeg\" \/>\n<meta name=\"twitter:card\" content=\"summary_large_image\" \/>\n<meta name=\"twitter:site\" content=\"@lloretturisme\" \/>\n<script type=\"application\/ld+json\" class=\"yoast-schema-graph\">{\"@context\":\"https:\\\/\\\/schema.org\",\"@graph\":[{\"@type\":\"WebPage\",\"@id\":\"https:\\\/\\\/lloretdemar.org\\\/fr\\\/quoi-faire-a-lloret\\\/lloret-de-mar-en-journee\\\/plages\\\/\",\"url\":\"https:\\\/\\\/lloretdemar.org\\\/fr\\\/quoi-faire-a-lloret\\\/lloret-de-mar-en-journee\\\/plages\\\/\",\"name\":\"Plages - Lloret de Mar\",\"isPartOf\":{\"@id\":\"https:\\\/\\\/lloretdemar.org\\\/fr\\\/#website\"},\"primaryImageOfPage\":{\"@id\":\"https:\\\/\\\/lloretdemar.org\\\/fr\\\/quoi-faire-a-lloret\\\/lloret-de-mar-en-journee\\\/plages\\\/#primaryimage\"},\"image\":{\"@id\":\"https:\\\/\\\/lloretdemar.org\\\/fr\\\/quoi-faire-a-lloret\\\/lloret-de-mar-en-journee\\\/plages\\\/#primaryimage\"},\"thumbnailUrl\":\"https:\\\/\\\/lloretdemar.org\\\/wp-content\\\/uploads\\\/2019\\\/10\\\/platja-lloret2.jpg\",\"datePublished\":\"2019-10-29T13:18:27+00:00\",\"dateModified\":\"2022-09-26T10:36:09+00:00\",\"description\":\"Lloret de Mar\",\"breadcrumb\":{\"@id\":\"https:\\\/\\\/lloretdemar.org\\\/fr\\\/quoi-faire-a-lloret\\\/lloret-de-mar-en-journee\\\/plages\\\/#breadcrumb\"},\"inLanguage\":\"fr-FR\",\"potentialAction\":[{\"@type\":\"ReadAction\",\"target\":[\"https:\\\/\\\/lloretdemar.org\\\/fr\\\/quoi-faire-a-lloret\\\/lloret-de-mar-en-journee\\\/plages\\\/\"]}]},{\"@type\":\"ImageObject\",\"inLanguage\":\"fr-FR\",\"@id\":\"https:\\\/\\\/lloretdemar.org\\\/fr\\\/quoi-faire-a-lloret\\\/lloret-de-mar-en-journee\\\/plages\\\/#primaryimage\",\"url\":\"https:\\\/\\\/lloretdemar.org\\\/wp-content\\\/uploads\\\/2019\\\/10\\\/platja-lloret2.jpg\",\"contentUrl\":\"https:\\\/\\\/lloretdemar.org\\\/wp-content\\\/uploads\\\/2019\\\/10\\\/platja-lloret2.jpg\",\"width\":930,\"height\":465},{\"@type\":\"BreadcrumbList\",\"@id\":\"https:\\\/\\\/lloretdemar.org\\\/fr\\\/quoi-faire-a-lloret\\\/lloret-de-mar-en-journee\\\/plages\\\/#breadcrumb\",\"itemListElement\":[{\"@type\":\"ListItem\",\"position\":1,\"name\":\"Home\",\"item\":\"https:\\\/\\\/lloretdemar.org\\\/fr\\\/\"},{\"@type\":\"ListItem\",\"position\":2,\"name\":\"Quoi faire \u00e0 Lloret\",\"item\":\"https:\\\/\\\/lloretdemar.org\\\/fr\\\/quoi-faire-a-lloret\\\/\"},{\"@type\":\"ListItem\",\"position\":3,\"name\":\"Lloret de Mar en Journ\u00e9e\",\"item\":\"https:\\\/\\\/lloretdemar.org\\\/fr\\\/quoi-faire-a-lloret\\\/lloret-de-mar-en-journee\\\/\"},{\"@type\":\"ListItem\",\"position\":4,\"name\":\"Plages\"}]},{\"@type\":\"WebSite\",\"@id\":\"https:\\\/\\\/lloretdemar.org\\\/fr\\\/#website\",\"url\":\"https:\\\/\\\/lloretdemar.org\\\/fr\\\/\",\"name\":\"Lloret de Mar\",\"description\":\"\",\"publisher\":{\"@id\":\"https:\\\/\\\/lloretdemar.org\\\/fr\\\/#organization\"},\"potentialAction\":[{\"@type\":\"SearchAction\",\"target\":{\"@type\":\"EntryPoint\",\"urlTemplate\":\"https:\\\/\\\/lloretdemar.org\\\/fr\\\/?s={search_term_string}\"},\"query-input\":{\"@type\":\"PropertyValueSpecification\",\"valueRequired\":true,\"valueName\":\"search_term_string\"}}],\"inLanguage\":\"fr-FR\"},{\"@type\":\"Organization\",\"@id\":\"https:\\\/\\\/lloretdemar.org\\\/fr\\\/#organization\",\"name\":\"Lloret de Mar\",\"url\":\"https:\\\/\\\/lloretdemar.org\\\/fr\\\/\",\"logo\":{\"@type\":\"ImageObject\",\"inLanguage\":\"fr-FR\",\"@id\":\"https:\\\/\\\/lloretdemar.org\\\/fr\\\/#\\\/schema\\\/logo\\\/image\\\/\",\"url\":\"https:\\\/\\\/lloretdemar.org\\\/wp-content\\\/uploads\\\/2020\\\/05\\\/lloret-de-mar-logo.png\",\"contentUrl\":\"https:\\\/\\\/lloretdemar.org\\\/wp-content\\\/uploads\\\/2020\\\/05\\\/lloret-de-mar-logo.png\",\"width\":87,\"height\":38,\"caption\":\"Lloret de Mar\"},\"image\":{\"@id\":\"https:\\\/\\\/lloretdemar.org\\\/fr\\\/#\\\/schema\\\/logo\\\/image\\\/\"},\"sameAs\":[\"https:\\\/\\\/www.facebook.com\\\/Lloretturisme\",\"https:\\\/\\\/x.com\\\/lloretturisme\",\"https:\\\/\\\/instagram.com\\\/lloretturisme\",\"https:\\\/\\\/www.youtube.com\\\/LloretTurisme\"]}]}<\/script>\n<!-- \/ Yoast SEO plugin. -->","yoast_head_json":{"title":"Plages - Lloret de Mar","robots":{"index":"index","follow":"follow","max-snippet":"max-snippet:-1","max-image-preview":"max-image-preview:large","max-video-preview":"max-video-preview:-1"},"canonical":"https:\/\/lloretdemar.org\/fr\/quoi-faire-a-lloret\/lloret-de-mar-en-journee\/plages\/","og_locale":"fr_FR","og_type":"article","og_title":"Plages - Lloret de Mar","og_url":"https:\/\/lloretdemar.org\/fr\/quoi-faire-a-lloret\/lloret-de-mar-en-journee\/plages\/","og_site_name":"Lloret de Mar","article_publisher":"https:\/\/www.facebook.com\/Lloretturisme","article_modified_time":"2022-09-26T10:36:09+00:00","og_image":[{"width":930,"height":465,"url":"https:\/\/lloretdemar.org\/wp-content\/uploads\/2020\/02\/slide-platges.jpg","type":"image\/jpeg"}],"twitter_card":"summary_large_image","twitter_site":"@lloretturisme","schema":{"@context":"https:\/\/schema.org","@graph":[{"@type":"WebPage","@id":"https:\/\/lloretdemar.org\/fr\/quoi-faire-a-lloret\/lloret-de-mar-en-journee\/plages\/","url":"https:\/\/lloretdemar.org\/fr\/quoi-faire-a-lloret\/lloret-de-mar-en-journee\/plages\/","name":"Plages - Lloret de Mar","isPartOf":{"@id":"https:\/\/lloretdemar.org\/fr\/#website"},"primaryImageOfPage":{"@id":"https:\/\/lloretdemar.org\/fr\/quoi-faire-a-lloret\/lloret-de-mar-en-journee\/plages\/#primaryimage"},"image":{"@id":"https:\/\/lloretdemar.org\/fr\/quoi-faire-a-lloret\/lloret-de-mar-en-journee\/plages\/#primaryimage"},"thumbnailUrl":"https:\/\/lloretdemar.org\/wp-content\/uploads\/2019\/10\/platja-lloret2.jpg","datePublished":"2019-10-29T13:18:27+00:00","dateModified":"2022-09-26T10:36:09+00:00","description":"Lloret de Mar","breadcrumb":{"@id":"https:\/\/lloretdemar.org\/fr\/quoi-faire-a-lloret\/lloret-de-mar-en-journee\/plages\/#breadcrumb"},"inLanguage":"fr-FR","potentialAction":[{"@type":"ReadAction","target":["https:\/\/lloretdemar.org\/fr\/quoi-faire-a-lloret\/lloret-de-mar-en-journee\/plages\/"]}]},{"@type":"ImageObject","inLanguage":"fr-FR","@id":"https:\/\/lloretdemar.org\/fr\/quoi-faire-a-lloret\/lloret-de-mar-en-journee\/plages\/#primaryimage","url":"https:\/\/lloretdemar.org\/wp-content\/uploads\/2019\/10\/platja-lloret2.jpg","contentUrl":"https:\/\/lloretdemar.org\/wp-content\/uploads\/2019\/10\/platja-lloret2.jpg","width":930,"height":465},{"@type":"BreadcrumbList","@id":"https:\/\/lloretdemar.org\/fr\/quoi-faire-a-lloret\/lloret-de-mar-en-journee\/plages\/#breadcrumb","itemListElement":[{"@type":"ListItem","position":1,"name":"Home","item":"https:\/\/lloretdemar.org\/fr\/"},{"@type":"ListItem","position":2,"name":"Quoi faire \u00e0 Lloret","item":"https:\/\/lloretdemar.org\/fr\/quoi-faire-a-lloret\/"},{"@type":"ListItem","position":3,"name":"Lloret de Mar en Journ\u00e9e","item":"https:\/\/lloretdemar.org\/fr\/quoi-faire-a-lloret\/lloret-de-mar-en-journee\/"},{"@type":"ListItem","position":4,"name":"Plages"}]},{"@type":"WebSite","@id":"https:\/\/lloretdemar.org\/fr\/#website","url":"https:\/\/lloretdemar.org\/fr\/","name":"Lloret de Mar","description":"","publisher":{"@id":"https:\/\/lloretdemar.org\/fr\/#organization"},"potentialAction":[{"@type":"SearchAction","target":{"@type":"EntryPoint","urlTemplate":"https:\/\/lloretdemar.org\/fr\/?s={search_term_string}"},"query-input":{"@type":"PropertyValueSpecification","valueRequired":true,"valueName":"search_term_string"}}],"inLanguage":"fr-FR"},{"@type":"Organization","@id":"https:\/\/lloretdemar.org\/fr\/#organization","name":"Lloret de Mar","url":"https:\/\/lloretdemar.org\/fr\/","logo":{"@type":"ImageObject","inLanguage":"fr-FR","@id":"https:\/\/lloretdemar.org\/fr\/#\/schema\/logo\/image\/","url":"https:\/\/lloretdemar.org\/wp-content\/uploads\/2020\/05\/lloret-de-mar-logo.png","contentUrl":"https:\/\/lloretdemar.org\/wp-content\/uploads\/2020\/05\/lloret-de-mar-logo.png","width":87,"height":38,"caption":"Lloret de Mar"},"image":{"@id":"https:\/\/lloretdemar.org\/fr\/#\/schema\/logo\/image\/"},"sameAs":["https:\/\/www.facebook.com\/Lloretturisme","https:\/\/x.com\/lloretturisme","https:\/\/instagram.com\/lloretturisme","https:\/\/www.youtube.com\/LloretTurisme"]}]}},"_links":{"self":[{"href":"https:\/\/lloretdemar.org\/fr\/wp-json\/wp\/v2\/pages\/13274","targetHints":{"allow":["GET"]}}],"collection":[{"href":"https:\/\/lloretdemar.org\/fr\/wp-json\/wp\/v2\/pages"}],"about":[{"href":"https:\/\/lloretdemar.org\/fr\/wp-json\/wp\/v2\/types\/page"}],"author":[{"embeddable":true,"href":"https:\/\/lloretdemar.org\/fr\/wp-json\/wp\/v2\/users\/12"}],"replies":[{"embeddable":true,"href":"https:\/\/lloretdemar.org\/fr\/wp-json\/wp\/v2\/comments?post=13274"}],"version-history":[{"count":3,"href":"https:\/\/lloretdemar.org\/fr\/wp-json\/wp\/v2\/pages\/13274\/revisions"}],"predecessor-version":[{"id":30965,"href":"https:\/\/lloretdemar.org\/fr\/wp-json\/wp\/v2\/pages\/13274\/revisions\/30965"}],"up":[{"embeddable":true,"href":"https:\/\/lloretdemar.org\/fr\/wp-json\/wp\/v2\/pages\/13230"}],"wp:featuredmedia":[{"embeddable":true,"href":"https:\/\/lloretdemar.org\/fr\/wp-json\/wp\/v2\/media\/10038"}],"wp:attachment":[{"href":"https:\/\/lloretdemar.org\/fr\/wp-json\/wp\/v2\/media?parent=13274"}],"curies":[{"name":"wp","href":"https:\/\/api.w.org\/{rel}","templated":true}]}}