{"id":12408,"date":"2020-02-13T12:17:20","date_gmt":"2020-02-13T11:17:20","guid":{"rendered":"http:\/\/lloretdemar.org\/festivals\/"},"modified":"2020-12-15T15:32:54","modified_gmt":"2020-12-15T14:32:54","slug":"festivals","status":"publish","type":"page","link":"https:\/\/lloretdemar.org\/fr\/festivals\/","title":{"rendered":"Festivals"},"content":{"rendered":"\n<p>Tout au long de l&rsquo;ann\u00e9e \u00e0 Lloret de Mar, nous pr\u00e9parons de nombreux festivals et activit\u00e9s pour faire de vos vacances un moment inoubliable.<\/p>\n\n\n\n<p>Musique, danse, spectacles, th\u00e9\u00e2tre, cirque &#8230; Tout cela et bien plus vous trouverez dans notre ville!<\/p>\n\n\n\n<p>Et si vous ne voulez manquer aucun d\u00e9tail, consultez notre calendrier d&rsquo;activit\u00e9s pour savoir ce qui se passe \u00e0 Lloret pendant les jours o\u00f9 vous nous visitez.<\/p>\n","protected":false},"excerpt":{"rendered":"<p>Tout au long de l&rsquo;ann\u00e9e \u00e0 Lloret de Mar, nous pr\u00e9parons de nombreux festivals et activit\u00e9s pour faire de vos vacances un moment inoubliable. Musique, danse, spectacles, th\u00e9\u00e2tre, cirque &#8230; Tout cela et bien plus vous trouverez dans notre ville! Et si vous ne voulez manquer aucun d\u00e9tail, consultez notre calendrier d&rsquo;activit\u00e9s pour savoir ce [&hellip;]<\/p>\n","protected":false},"author":12,"featured_media":0,"parent":0,"menu_order":0,"comment_status":"closed","ping_status":"closed","template":"page-templates\/mouret-15.php","meta":{"_acf_changed":false,"content-type":"","footnotes":""},"class_list":["post-12408","page","type-page","status-publish","hentry"],"acf":{"banner_imatge":11309,"banner_titol":"FESTIVALS","banner_subtitol":"","botons_blanc_o_negres":"defecte","banner_links":[{"es_post":false,"banner_link":{"title":"Lloret Outdoor Summer Festival","url":"https:\/\/lloretdemar.org\/fr\/activitat\/lloret-outdoor-summer-festival\/","target":""},"link_intern":4694,"link_intern_titol":"Lloret Outdoor Summer Festival"},{"es_post":false,"banner_link":{"title":"Clon Festival","url":"https:\/\/lloretdemar.org\/fr\/activitat\/clon-festival\/","target":""},"link_intern":4695,"link_intern_titol":"Clon Festival"}],"blocs":[{"titol":"Lloret Outdoor Summer Festival","descripcio":"Chaque \u00e9t\u00e9, profitez de la vari\u00e9t\u00e9 des performances du Lloret Outdoor Summer Festival, un festival en plein air avec des spectacles gratuits.","imatge":9689,"es_enllac_intern_o_extern":"intern","link_intern":{"title":"Plus d'informations","url":"https:\/\/lloretdemar.org\/fr\/activitat\/lloret-outdoor-summer-festival\/","target":""},"link_extern":"","link_extern_text":""},{"titol":"Clon Festival","descripcio":"Chaque ann\u00e9e, Lloret de Mar accueille le festival de musique d'\u00e9t\u00e9 par excellence, le Clon Festival!","imatge":12370,"es_enllac_intern_o_extern":"intern","link_intern":{"title":"Plus d'informations","url":"https:\/\/lloretdemar.org\/fr\/activitat\/clon-festival\/","target":""},"link_extern":"","link_extern_text":""}],"titol_boto":"","document":"","apartats":[{"acf_fc_layout":"bloc_text","titol":"","subtitol":"","descripcio":""}]},"yoast_head":"<!-- This site is optimized with the Yoast SEO plugin v27.5 - https:\/\/yoast.com\/product\/yoast-seo-wordpress\/ -->\n<title>Festivals - Lloret de Mar<\/title>\n<meta name=\"description\" content=\"Tout au long de l&#039;ann\u00e9e \u00e0 Lloret de Mar, nous pr\u00e9parons de nombreux festivals et activit\u00e9s pour faire de vos vacances un moment inoubliable. Musique, danse, spectacles, th\u00e9\u00e2tre, cirque ... Tout cela et bien plus vous trouverez dans notre ville! Et si vous ne voulez manquer aucun d\u00e9tail, consultez notre calendrier d&#039;activit\u00e9s pour savoir ce\u2026\" \/>\n<meta name=\"robots\" content=\"index, follow, max-snippet:-1, max-image-preview:large, max-video-preview:-1\" \/>\n<link rel=\"canonical\" href=\"https:\/\/lloretdemar.org\/fr\/festivals\/\" \/>\n<meta property=\"og:locale\" content=\"fr_FR\" \/>\n<meta property=\"og:type\" content=\"article\" \/>\n<meta property=\"og:title\" content=\"Festivals - Lloret de Mar\" \/>\n<meta property=\"og:description\" content=\"Tout au long de l&#039;ann\u00e9e \u00e0 Lloret de Mar, nous pr\u00e9parons de nombreux festivals et activit\u00e9s pour faire de vos vacances un moment inoubliable. Musique, danse, spectacles, th\u00e9\u00e2tre, cirque ... Tout cela et bien plus vous trouverez dans notre ville! Et si vous ne voulez manquer aucun d\u00e9tail, consultez notre calendrier d&#039;activit\u00e9s pour savoir ce\u2026\" \/>\n<meta property=\"og:url\" content=\"https:\/\/lloretdemar.org\/fr\/festivals\/\" \/>\n<meta property=\"og:site_name\" content=\"Lloret de Mar\" \/>\n<meta property=\"article:publisher\" content=\"https:\/\/www.facebook.com\/Lloretturisme\" \/>\n<meta property=\"article:modified_time\" content=\"2020-12-15T14:32:54+00:00\" \/>\n<meta property=\"og:image\" content=\"https:\/\/lloretdemar.org\/wp-content\/uploads\/2019\/10\/home_page_5.jpg\" \/>\n\t<meta property=\"og:image:width\" content=\"1920\" \/>\n\t<meta property=\"og:image:height\" content=\"885\" \/>\n\t<meta property=\"og:image:type\" content=\"image\/jpeg\" \/>\n<meta name=\"twitter:card\" content=\"summary_large_image\" \/>\n<meta name=\"twitter:site\" content=\"@lloretturisme\" \/>\n<script type=\"application\/ld+json\" class=\"yoast-schema-graph\">{\"@context\":\"https:\\\/\\\/schema.org\",\"@graph\":[{\"@type\":\"WebPage\",\"@id\":\"https:\\\/\\\/lloretdemar.org\\\/fr\\\/festivals\\\/\",\"url\":\"https:\\\/\\\/lloretdemar.org\\\/fr\\\/festivals\\\/\",\"name\":\"Festivals - Lloret de Mar\",\"isPartOf\":{\"@id\":\"https:\\\/\\\/lloretdemar.org\\\/fr\\\/#website\"},\"datePublished\":\"2020-02-13T11:17:20+00:00\",\"dateModified\":\"2020-12-15T14:32:54+00:00\",\"description\":\"Lloret de Mar\",\"breadcrumb\":{\"@id\":\"https:\\\/\\\/lloretdemar.org\\\/fr\\\/festivals\\\/#breadcrumb\"},\"inLanguage\":\"fr-FR\",\"potentialAction\":[{\"@type\":\"ReadAction\",\"target\":[\"https:\\\/\\\/lloretdemar.org\\\/fr\\\/festivals\\\/\"]}]},{\"@type\":\"BreadcrumbList\",\"@id\":\"https:\\\/\\\/lloretdemar.org\\\/fr\\\/festivals\\\/#breadcrumb\",\"itemListElement\":[{\"@type\":\"ListItem\",\"position\":1,\"name\":\"Home\",\"item\":\"https:\\\/\\\/lloretdemar.org\\\/fr\\\/\"},{\"@type\":\"ListItem\",\"position\":2,\"name\":\"Festivals\"}]},{\"@type\":\"WebSite\",\"@id\":\"https:\\\/\\\/lloretdemar.org\\\/fr\\\/#website\",\"url\":\"https:\\\/\\\/lloretdemar.org\\\/fr\\\/\",\"name\":\"Lloret de Mar\",\"description\":\"\",\"publisher\":{\"@id\":\"https:\\\/\\\/lloretdemar.org\\\/fr\\\/#organization\"},\"potentialAction\":[{\"@type\":\"SearchAction\",\"target\":{\"@type\":\"EntryPoint\",\"urlTemplate\":\"https:\\\/\\\/lloretdemar.org\\\/fr\\\/?s={search_term_string}\"},\"query-input\":{\"@type\":\"PropertyValueSpecification\",\"valueRequired\":true,\"valueName\":\"search_term_string\"}}],\"inLanguage\":\"fr-FR\"},{\"@type\":\"Organization\",\"@id\":\"https:\\\/\\\/lloretdemar.org\\\/fr\\\/#organization\",\"name\":\"Lloret de Mar\",\"url\":\"https:\\\/\\\/lloretdemar.org\\\/fr\\\/\",\"logo\":{\"@type\":\"ImageObject\",\"inLanguage\":\"fr-FR\",\"@id\":\"https:\\\/\\\/lloretdemar.org\\\/fr\\\/#\\\/schema\\\/logo\\\/image\\\/\",\"url\":\"https:\\\/\\\/lloretdemar.org\\\/wp-content\\\/uploads\\\/2020\\\/05\\\/lloret-de-mar-logo.png\",\"contentUrl\":\"https:\\\/\\\/lloretdemar.org\\\/wp-content\\\/uploads\\\/2020\\\/05\\\/lloret-de-mar-logo.png\",\"width\":87,\"height\":38,\"caption\":\"Lloret de Mar\"},\"image\":{\"@id\":\"https:\\\/\\\/lloretdemar.org\\\/fr\\\/#\\\/schema\\\/logo\\\/image\\\/\"},\"sameAs\":[\"https:\\\/\\\/www.facebook.com\\\/Lloretturisme\",\"https:\\\/\\\/x.com\\\/lloretturisme\",\"https:\\\/\\\/instagram.com\\\/lloretturisme\",\"https:\\\/\\\/www.youtube.com\\\/LloretTurisme\"]}]}<\/script>\n<!-- \/ Yoast SEO plugin. -->","yoast_head_json":{"title":"Festivals - Lloret de Mar","description":"Tout au long de l'ann\u00e9e \u00e0 Lloret de Mar, nous pr\u00e9parons de nombreux festivals et activit\u00e9s pour faire de vos vacances un moment inoubliable. Musique, danse, spectacles, th\u00e9\u00e2tre, cirque ... Tout cela et bien plus vous trouverez dans notre ville! Et si vous ne voulez manquer aucun d\u00e9tail, consultez notre calendrier d'activit\u00e9s pour savoir ce\u2026","robots":{"index":"index","follow":"follow","max-snippet":"max-snippet:-1","max-image-preview":"max-image-preview:large","max-video-preview":"max-video-preview:-1"},"canonical":"https:\/\/lloretdemar.org\/fr\/festivals\/","og_locale":"fr_FR","og_type":"article","og_title":"Festivals - Lloret de Mar","og_description":"Tout au long de l'ann\u00e9e \u00e0 Lloret de Mar, nous pr\u00e9parons de nombreux festivals et activit\u00e9s pour faire de vos vacances un moment inoubliable. Musique, danse, spectacles, th\u00e9\u00e2tre, cirque ... Tout cela et bien plus vous trouverez dans notre ville! Et si vous ne voulez manquer aucun d\u00e9tail, consultez notre calendrier d'activit\u00e9s pour savoir ce\u2026","og_url":"https:\/\/lloretdemar.org\/fr\/festivals\/","og_site_name":"Lloret de Mar","article_publisher":"https:\/\/www.facebook.com\/Lloretturisme","article_modified_time":"2020-12-15T14:32:54+00:00","og_image":[{"width":1920,"height":885,"url":"https:\/\/lloretdemar.org\/wp-content\/uploads\/2019\/10\/home_page_5.jpg","type":"image\/jpeg"}],"twitter_card":"summary_large_image","twitter_site":"@lloretturisme","schema":{"@context":"https:\/\/schema.org","@graph":[{"@type":"WebPage","@id":"https:\/\/lloretdemar.org\/fr\/festivals\/","url":"https:\/\/lloretdemar.org\/fr\/festivals\/","name":"Festivals - Lloret de Mar","isPartOf":{"@id":"https:\/\/lloretdemar.org\/fr\/#website"},"datePublished":"2020-02-13T11:17:20+00:00","dateModified":"2020-12-15T14:32:54+00:00","description":"Lloret de Mar","breadcrumb":{"@id":"https:\/\/lloretdemar.org\/fr\/festivals\/#breadcrumb"},"inLanguage":"fr-FR","potentialAction":[{"@type":"ReadAction","target":["https:\/\/lloretdemar.org\/fr\/festivals\/"]}]},{"@type":"BreadcrumbList","@id":"https:\/\/lloretdemar.org\/fr\/festivals\/#breadcrumb","itemListElement":[{"@type":"ListItem","position":1,"name":"Home","item":"https:\/\/lloretdemar.org\/fr\/"},{"@type":"ListItem","position":2,"name":"Festivals"}]},{"@type":"WebSite","@id":"https:\/\/lloretdemar.org\/fr\/#website","url":"https:\/\/lloretdemar.org\/fr\/","name":"Lloret de Mar","description":"","publisher":{"@id":"https:\/\/lloretdemar.org\/fr\/#organization"},"potentialAction":[{"@type":"SearchAction","target":{"@type":"EntryPoint","urlTemplate":"https:\/\/lloretdemar.org\/fr\/?s={search_term_string}"},"query-input":{"@type":"PropertyValueSpecification","valueRequired":true,"valueName":"search_term_string"}}],"inLanguage":"fr-FR"},{"@type":"Organization","@id":"https:\/\/lloretdemar.org\/fr\/#organization","name":"Lloret de Mar","url":"https:\/\/lloretdemar.org\/fr\/","logo":{"@type":"ImageObject","inLanguage":"fr-FR","@id":"https:\/\/lloretdemar.org\/fr\/#\/schema\/logo\/image\/","url":"https:\/\/lloretdemar.org\/wp-content\/uploads\/2020\/05\/lloret-de-mar-logo.png","contentUrl":"https:\/\/lloretdemar.org\/wp-content\/uploads\/2020\/05\/lloret-de-mar-logo.png","width":87,"height":38,"caption":"Lloret de Mar"},"image":{"@id":"https:\/\/lloretdemar.org\/fr\/#\/schema\/logo\/image\/"},"sameAs":["https:\/\/www.facebook.com\/Lloretturisme","https:\/\/x.com\/lloretturisme","https:\/\/instagram.com\/lloretturisme","https:\/\/www.youtube.com\/LloretTurisme"]}]}},"_links":{"self":[{"href":"https:\/\/lloretdemar.org\/fr\/wp-json\/wp\/v2\/pages\/12408","targetHints":{"allow":["GET"]}}],"collection":[{"href":"https:\/\/lloretdemar.org\/fr\/wp-json\/wp\/v2\/pages"}],"about":[{"href":"https:\/\/lloretdemar.org\/fr\/wp-json\/wp\/v2\/types\/page"}],"author":[{"embeddable":true,"href":"https:\/\/lloretdemar.org\/fr\/wp-json\/wp\/v2\/users\/12"}],"replies":[{"embeddable":true,"href":"https:\/\/lloretdemar.org\/fr\/wp-json\/wp\/v2\/comments?post=12408"}],"version-history":[{"count":0,"href":"https:\/\/lloretdemar.org\/fr\/wp-json\/wp\/v2\/pages\/12408\/revisions"}],"wp:attachment":[{"href":"https:\/\/lloretdemar.org\/fr\/wp-json\/wp\/v2\/media?parent=12408"}],"curies":[{"name":"wp","href":"https:\/\/api.w.org\/{rel}","templated":true}]}}