{"id":12302,"date":"2019-10-24T12:52:23","date_gmt":"2019-10-24T10:52:23","guid":{"rendered":"http:\/\/lloretdemar.org\/planifica-el-teu-viatge\/oficines-de-turisme\/"},"modified":"2025-12-31T10:13:16","modified_gmt":"2025-12-31T09:13:16","slug":"offices-de-tourisme","status":"publish","type":"page","link":"https:\/\/lloretdemar.org\/fr\/planifiez-votre-voyage-a-lloret-de-mar\/offices-de-tourisme\/","title":{"rendered":"Offices de tourisme"},"content":{"rendered":"","protected":false},"excerpt":{"rendered":"","protected":false},"author":12,"featured_media":0,"parent":11731,"menu_order":0,"comment_status":"closed","ping_status":"closed","template":"page-templates\/oficina-16.php","meta":{"_acf_changed":false,"content-type":"","footnotes":""},"class_list":["post-12302","page","type-page","status-publish","hentry"],"acf":{"banner_imatge":12317,"banner_titol":"Offices de tourisme\r\nde Lloret de Mar","banner_subtitol":"","botons_blanc_o_negres":"defecte","banner_links":[{"es_post":false,"banner_link":{"title":"Office de tourisme de Lloret de Mar","url":"#OfficedetourismedeLloretdeMar","target":""},"link_intern":null,"link_intern_titol":""},{"es_post":false,"banner_link":{"title":"Office de tourisme de Lloret de Mar - Promenade maritime","url":"#OfficedetourismedeLloretdeMar-Promenademaritime","target":""},"link_intern":null,"link_intern_titol":""},{"es_post":false,"banner_link":{"title":"Office de tourisme de Lloret de Mar - Gare routi\u00e8re","url":"#OfficedetourismedeLloretdeMar-Garerouti\u00e8re","target":""},"link_intern":null,"link_intern_titol":""},{"es_post":false,"banner_link":{"title":"Point d\u2019information de Fenals","url":"#Pointd\u2019informationdeFenals","target":""},"link_intern":null,"link_intern_titol":""}],"blocs":[{"titol":"Office de tourisme de Lloret de Mar","descripcio":"Par sa situation id\u00e9ale, \u00e0 l\u2019entr\u00e9e de la ville, l\u2019Office de tourisme central (qui poss\u00e8de le label de qualit\u00e9 touristique \u00ab Q \u00bb) permet aux visiteurs de s\u2019y arr\u00eater juste avant d\u2019arriver au centre-ville.\r\n\r\nVous pourrez stationner gratuitement pendant que nous vous fournissons des renseignements.\r\n\r\n<img class=\"alignnone wp-image-35223 \" src=\"https:\/\/lloretdemar.org\/wp-content\/uploads\/2023\/10\/Calidad-Turistica.png\" alt=\"\" width=\"200\" height=\"176\" \/>","imatge":12318,"info_basica":"<strong>Adresse:<\/strong> Av. de les Alegries, 3\r\n<strong>T\u00e9l\u00e9phone:<\/strong> +34 972 365 788\r\n<strong>Adresse \u00e9lectronique:<\/strong> <a href=\"mailto:mailto:central-turisme@lloret.cat\">central-turisme@lloret.cat<\/a>\r\n\r\n<img class=\"alignnone wp-image-29192\" src=\"https:\/\/lloretdemar.org\/wp-content\/uploads\/2022\/05\/bucle-magne\u0300tic.jpg\" alt=\"\" width=\"100\" height=\"103\" \/> <img class=\"alignnone wp-image-31495\" src=\"https:\/\/lloretdemar.org\/wp-content\/uploads\/2022\/10\/accesiblidad-isa-150x150.png\" alt=\"\" width=\"105\" height=\"105\" \/>","horari":"<strong>De novembre \u00e0 f\u00e9vrier\r\n<\/strong>Du lundi au samedi de 9h \u00e0 16h\r\n\r\n<strong>De mars au 14 juin<\/strong>\r\nDu lundi au vendredi de 9h \u00e0 13h et de 15h \u00e0 18h\r\nSamedi de 9h \u00e0 13h et de 16h \u00e0 19h\r\n\r\n<strong>Du 15 juin au 14 septembre<\/strong>\r\nTous les jours de 9h \u00e0 20h\r\n\r\n<strong>Du 15 septembre au 31 octobre<\/strong>\r\nDu lundi au samedi de 9h \u00e0 13h et de 16h \u00e0 19h","mapa":{"address":"Avinguda de les Alegries, 3, 17310 Lloret de Mar, Girona, Espanya","lat":41.702720300000003,"lng":2.8367118999999548,"zoom":15,"place_id":"Ej9BdmluZ3VkYSBkZSBsZXMgQWxlZ3JpZXMsIDMsIDE3MzEwIExsb3JldCBkZSBNYXIsIEdpcm9uYSwgU3BhaW4iMBIuChQKEglxjG8KFRe7EhHv8SMxR-5yrhADKhQKEgkb5tR1axe7EhEKYXk9ui_KoA","street_number":3,"street_name":"Avinguda de les Alegries","city":"Lloret de Mar","state":"Catalunya","state_short":"CT","post_code":17310,"country":"Espanya","country_short":"ES"}},{"titol":"Office de tourisme de Lloret de Mar - Promenade maritime","descripcio":"Vous nous trouverez au centre de Lloret, dans le b\u00e2timent du Mus\u00e9e de la Mer. Cet office de tourisme, qui poss\u00e8de aussi le label de qualit\u00e9 touristique \u00ab Q \u00bb, propose \u00e9galement une boutique de souvenirs et de produits artisanaux.\r\n\r\n<img class=\"alignnone wp-image-35223 \" src=\"https:\/\/lloretdemar.org\/wp-content\/uploads\/2023\/10\/Calidad-Turistica.png\" alt=\"\" width=\"200\" height=\"176\" \/>","imatge":12321,"info_basica":"<strong>Adresse:<\/strong> Pg. Camprodon i Arrieta, 1\r\n<strong>T\u00e9l\u00e9phone:<\/strong> +34 972 364 735\r\n<strong>Adresse \u00e9lectronique:<\/strong> <a href=\"mailto:lloret-turisme@lloret.cat\">lloret-turisme@lloret.cat<\/a>\r\n<strong>Site:<\/strong> <a href=\"http:\/\/www.lloretdemar.org\">www.lloretdemar.org<\/a>\r\n\r\n<img class=\"alignnone wp-image-29192\" src=\"https:\/\/lloretdemar.org\/wp-content\/uploads\/2022\/05\/bucle-magne\u0300tic.jpg\" alt=\"\" width=\"100\" height=\"103\" \/> <img class=\"alignnone wp-image-31495\" src=\"https:\/\/lloretdemar.org\/wp-content\/uploads\/2022\/10\/accesiblidad-isa-150x150.png\" alt=\"\" width=\"105\" height=\"105\" \/>\r\n<div id=\"gtx-trans\" style=\"position: absolute; left: 67px; top: -10px;\">\r\n<div class=\"gtx-trans-icon\"><\/div>\r\n<\/div>","horari":"<strong>De novembre \u00e0 f\u00e9vrier<\/strong>\r\nDu lundi au samedi de 9h \u00e0 13h et de 15h \u00e0 18h\r\nDimanche de 9h \u00e0 14h\r\n\r\n<strong>De mars au 14 juin<\/strong>\r\nDu lundi au vendredi de 9h \u00e0 13h et de 15h \u00e0 18h\r\nSamedi de 9h \u00e0 13h et de 16h \u00e0 19h\r\nDimanche de 10h \u00e0 13h et de 16h \u00e0 19h\r\n\r\n<strong>Du 15 juin au 14 septembre<\/strong>\r\nTous les jours de 9h \u00e0 20h\r\n\r\n<strong>Du 15 septembre au 31 octobre<\/strong>\r\nDu lundi au samedi de 9h \u00e0 13h et de 16h \u00e0 19h\r\nDimanche de 10h \u00e0 13h et de 16h \u00e0 19h","mapa":{"address":"Passeig de Camprodon i Arrieta, 1, 17310 Lloret de Mar, Girona, Espanya","lat":41.699497099999988,"lng":2.8507899999999609,"zoom":15,"place_id":"EkVQYXNzZWlnIGRlIENhbXByb2RvbiBpIEFycmlldGEsIDEsIDE3MzEwIExsb3JldCBkZSBNYXIsIEdpcm9uYSwgU3BhaW4iMBIuChQKEgkTyBUjMRe7EhFXke6-RrdrnxABKhQKEgnBaC_5Mxe7EhENf_TWGx2efg","street_number":1,"street_name":"Passeig de Camprodon i Arrieta","city":"Lloret de Mar","state":"Catalunya","state_short":"CT","post_code":17310,"country":"Espanya","country_short":"ES"}},{"titol":"Office de tourisme de Lloret de Mar - Gare routi\u00e8re","descripcio":"Vous nous trouverez dans la gare routi\u00e8re de Lloret de Mar. Si vous arrivez en bus, cet office est id\u00e9al pour obtenir tous les renseignements dont vous aurez besoin.","imatge":12320,"info_basica":"<strong>Adresse:<\/strong> Av. Vila de Blanes, 37\r\n<strong>T\u00e9l\u00e9phone:<\/strong> +34 972 365 788\r\n<strong>Fax:<\/strong> +34 972 367 750\r\n<strong>Adresse \u00e9lectronique:<\/strong> <a href=\"mailto:central-turisme@lloret.cat\">central-turisme@lloret.cat<\/a>\r\n<strong>Site:<\/strong> www.lloretdemar.org","horari":"<strong>De novembre \u00e0 f\u00e9vrier\r\n<\/strong>Du lundi au vendredi de 9h \u00e0 16h\r\n\r\n<strong>De mars au 14 juin\r\n<\/strong>Du lundi au vendredi de 9h \u00e0 13h et de 15h \u00e0 18h\r\n\r\n<strong>Du 15 juin au 14 septembre<\/strong>\r\nDu lundi au samedi de 9h \u00e0 13h et de 16h \u00e0 19h\r\n\r\n<strong>Du 15 septembre au 31 octobre<\/strong>\r\nDu lundi au vendredi de 9h \u00e0 13h et de 16h \u00e0 19h","mapa":{"address":"Av. Vila de Blanes, 37, 17310 Lloret de Mar, Girona, Espanya","lat":41.701522699999998,"lng":2.8425693000000365,"zoom":15,"place_id":"EjpBdi4gVmlsYSBkZSBCbGFuZXMsIDM3LCAxNzMxMCBMbG9yZXQgZGUgTWFyLCBHaXJvbmEsIFNwYWluIjASLgoUChIJtYoOsz4XuxIRTqo1zAGlAhcQJSoUChIJ1eAsIxEXuxIRgSTxgH_f-AM","street_number":37,"street_name":"Avinguda Vila de Blanes","street_name_short":"Av. Vila de Blanes","city":"Lloret de Mar","state":"Catalunya","state_short":"CT","post_code":17310,"country":"Espanya","country_short":"ES"}},{"titol":"Point d\u2019information de Fenals","descripcio":"En juillet et en ao\u00fbt, vous nous trouverez aussi sur la promenade de la plage de Fenals. Joignez l\u2019utile \u00e0 l\u2019agr\u00e9able en venant vous renseigner!","imatge":40989,"info_basica":"<strong>Adresse:<\/strong> Pg. Ferran Agull\u00f3, s\/n\r\n<strong>T\u00e9l\u00e9phone:<\/strong> +34 972 36 57 88\r\n<strong>T\u00e9l\u00e9phone:<\/strong> +34 972 36 77 50\r\n<strong>Adresse \u00e9lectronique:<\/strong> <a href=\"mailto:central-turisme@lloret.cat\">central-turisme@lloret.cat<\/a>\r\n<strong>Site:<\/strong> <a href=\"http:\/\/www.lloretdemar.org\">www.lloretdemar.org<\/a>\r\n<div id=\"gtx-trans\" style=\"position: absolute; left: 66px; top: -10px;\">\r\n<div class=\"gtx-trans-icon\"><\/div>\r\n<\/div>","horari":"<strong>Juillet et ao\u00fbt\r\n<\/strong>Tous les jours de 10h \u00e0 17h","mapa":{"address":"Passeig Ferran Agull\u00f3, 17310 Lloret de Mar, Girona, Espanya","lat":41.695314500000002,"lng":2.8351519999999937,"zoom":15,"place_id":"EjpQYXNzZWlnIEZlcnJhbiBBZ3VsbMOzLCAxNzMxMCBMbG9yZXQgZGUgTWFyLCBHaXJvbmEsIFNwYWluIi4qLAoUChIJgTNFLRgXuxIRoAmAdvAiW2YSFAoSCVl6B4cHF7sSEXiM5qY973OS","street_name":"Passeig Ferran Agull\u00f3","city":"Lloret de Mar","state":"Catalunya","state_short":"CT","post_code":17310,"country":"Espanya","country_short":"ES"}}],"video":11166,"apartats":null},"yoast_head":"<!-- This site is optimized with the Yoast SEO plugin v27.4 - https:\/\/yoast.com\/product\/yoast-seo-wordpress\/ -->\n<title>Offices de tourisme - Lloret de Mar<\/title>\n<meta name=\"robots\" content=\"index, follow, max-snippet:-1, max-image-preview:large, max-video-preview:-1\" \/>\n<link rel=\"canonical\" href=\"https:\/\/lloretdemar.org\/fr\/planifiez-votre-voyage-a-lloret-de-mar\/offices-de-tourisme\/\" \/>\n<meta property=\"og:locale\" content=\"fr_FR\" \/>\n<meta property=\"og:type\" content=\"article\" \/>\n<meta property=\"og:title\" content=\"Offices de tourisme - Lloret de Mar\" \/>\n<meta property=\"og:url\" content=\"https:\/\/lloretdemar.org\/fr\/planifiez-votre-voyage-a-lloret-de-mar\/offices-de-tourisme\/\" \/>\n<meta property=\"og:site_name\" content=\"Lloret de Mar\" \/>\n<meta property=\"article:publisher\" content=\"https:\/\/www.facebook.com\/Lloretturisme\" \/>\n<meta property=\"article:modified_time\" content=\"2025-12-31T09:13:16+00:00\" \/>\n<meta property=\"og:image\" content=\"https:\/\/lloretdemar.org\/wp-content\/uploads\/2020\/02\/slide-oficines.jpg\" \/>\n\t<meta property=\"og:image:width\" content=\"1920\" \/>\n\t<meta property=\"og:image:height\" content=\"885\" \/>\n\t<meta property=\"og:image:type\" content=\"image\/jpeg\" \/>\n<meta name=\"twitter:card\" content=\"summary_large_image\" \/>\n<meta name=\"twitter:site\" content=\"@lloretturisme\" \/>\n<script type=\"application\/ld+json\" class=\"yoast-schema-graph\">{\"@context\":\"https:\\\/\\\/schema.org\",\"@graph\":[{\"@type\":\"WebPage\",\"@id\":\"https:\\\/\\\/lloretdemar.org\\\/fr\\\/planifiez-votre-voyage-a-lloret-de-mar\\\/offices-de-tourisme\\\/\",\"url\":\"https:\\\/\\\/lloretdemar.org\\\/fr\\\/planifiez-votre-voyage-a-lloret-de-mar\\\/offices-de-tourisme\\\/\",\"name\":\"Offices de tourisme - Lloret de Mar\",\"isPartOf\":{\"@id\":\"https:\\\/\\\/lloretdemar.org\\\/fr\\\/#website\"},\"datePublished\":\"2019-10-24T10:52:23+00:00\",\"dateModified\":\"2025-12-31T09:13:16+00:00\",\"description\":\"Lloret de Mar\",\"breadcrumb\":{\"@id\":\"https:\\\/\\\/lloretdemar.org\\\/fr\\\/planifiez-votre-voyage-a-lloret-de-mar\\\/offices-de-tourisme\\\/#breadcrumb\"},\"inLanguage\":\"fr-FR\",\"potentialAction\":[{\"@type\":\"ReadAction\",\"target\":[\"https:\\\/\\\/lloretdemar.org\\\/fr\\\/planifiez-votre-voyage-a-lloret-de-mar\\\/offices-de-tourisme\\\/\"]}]},{\"@type\":\"BreadcrumbList\",\"@id\":\"https:\\\/\\\/lloretdemar.org\\\/fr\\\/planifiez-votre-voyage-a-lloret-de-mar\\\/offices-de-tourisme\\\/#breadcrumb\",\"itemListElement\":[{\"@type\":\"ListItem\",\"position\":1,\"name\":\"Home\",\"item\":\"https:\\\/\\\/lloretdemar.org\\\/fr\\\/\"},{\"@type\":\"ListItem\",\"position\":2,\"name\":\"Planifiez votre voyage \u00e0 Lloret de Mar\",\"item\":\"https:\\\/\\\/lloretdemar.org\\\/fr\\\/planifiez-votre-voyage-a-lloret-de-mar\\\/\"},{\"@type\":\"ListItem\",\"position\":3,\"name\":\"Offices de tourisme\"}]},{\"@type\":\"WebSite\",\"@id\":\"https:\\\/\\\/lloretdemar.org\\\/fr\\\/#website\",\"url\":\"https:\\\/\\\/lloretdemar.org\\\/fr\\\/\",\"name\":\"Lloret de Mar\",\"description\":\"\",\"publisher\":{\"@id\":\"https:\\\/\\\/lloretdemar.org\\\/fr\\\/#organization\"},\"potentialAction\":[{\"@type\":\"SearchAction\",\"target\":{\"@type\":\"EntryPoint\",\"urlTemplate\":\"https:\\\/\\\/lloretdemar.org\\\/fr\\\/?s={search_term_string}\"},\"query-input\":{\"@type\":\"PropertyValueSpecification\",\"valueRequired\":true,\"valueName\":\"search_term_string\"}}],\"inLanguage\":\"fr-FR\"},{\"@type\":\"Organization\",\"@id\":\"https:\\\/\\\/lloretdemar.org\\\/fr\\\/#organization\",\"name\":\"Lloret de Mar\",\"url\":\"https:\\\/\\\/lloretdemar.org\\\/fr\\\/\",\"logo\":{\"@type\":\"ImageObject\",\"inLanguage\":\"fr-FR\",\"@id\":\"https:\\\/\\\/lloretdemar.org\\\/fr\\\/#\\\/schema\\\/logo\\\/image\\\/\",\"url\":\"https:\\\/\\\/lloretdemar.org\\\/wp-content\\\/uploads\\\/2020\\\/05\\\/lloret-de-mar-logo.png\",\"contentUrl\":\"https:\\\/\\\/lloretdemar.org\\\/wp-content\\\/uploads\\\/2020\\\/05\\\/lloret-de-mar-logo.png\",\"width\":87,\"height\":38,\"caption\":\"Lloret de Mar\"},\"image\":{\"@id\":\"https:\\\/\\\/lloretdemar.org\\\/fr\\\/#\\\/schema\\\/logo\\\/image\\\/\"},\"sameAs\":[\"https:\\\/\\\/www.facebook.com\\\/Lloretturisme\",\"https:\\\/\\\/x.com\\\/lloretturisme\",\"https:\\\/\\\/instagram.com\\\/lloretturisme\",\"https:\\\/\\\/www.youtube.com\\\/LloretTurisme\"]}]}<\/script>\n<!-- \/ Yoast SEO plugin. -->","yoast_head_json":{"title":"Offices de tourisme - Lloret de Mar","robots":{"index":"index","follow":"follow","max-snippet":"max-snippet:-1","max-image-preview":"max-image-preview:large","max-video-preview":"max-video-preview:-1"},"canonical":"https:\/\/lloretdemar.org\/fr\/planifiez-votre-voyage-a-lloret-de-mar\/offices-de-tourisme\/","og_locale":"fr_FR","og_type":"article","og_title":"Offices de tourisme - Lloret de Mar","og_url":"https:\/\/lloretdemar.org\/fr\/planifiez-votre-voyage-a-lloret-de-mar\/offices-de-tourisme\/","og_site_name":"Lloret de Mar","article_publisher":"https:\/\/www.facebook.com\/Lloretturisme","article_modified_time":"2025-12-31T09:13:16+00:00","og_image":[{"width":1920,"height":885,"url":"https:\/\/lloretdemar.org\/wp-content\/uploads\/2020\/02\/slide-oficines.jpg","type":"image\/jpeg"}],"twitter_card":"summary_large_image","twitter_site":"@lloretturisme","schema":{"@context":"https:\/\/schema.org","@graph":[{"@type":"WebPage","@id":"https:\/\/lloretdemar.org\/fr\/planifiez-votre-voyage-a-lloret-de-mar\/offices-de-tourisme\/","url":"https:\/\/lloretdemar.org\/fr\/planifiez-votre-voyage-a-lloret-de-mar\/offices-de-tourisme\/","name":"Offices de tourisme - Lloret de Mar","isPartOf":{"@id":"https:\/\/lloretdemar.org\/fr\/#website"},"datePublished":"2019-10-24T10:52:23+00:00","dateModified":"2025-12-31T09:13:16+00:00","description":"Lloret de Mar","breadcrumb":{"@id":"https:\/\/lloretdemar.org\/fr\/planifiez-votre-voyage-a-lloret-de-mar\/offices-de-tourisme\/#breadcrumb"},"inLanguage":"fr-FR","potentialAction":[{"@type":"ReadAction","target":["https:\/\/lloretdemar.org\/fr\/planifiez-votre-voyage-a-lloret-de-mar\/offices-de-tourisme\/"]}]},{"@type":"BreadcrumbList","@id":"https:\/\/lloretdemar.org\/fr\/planifiez-votre-voyage-a-lloret-de-mar\/offices-de-tourisme\/#breadcrumb","itemListElement":[{"@type":"ListItem","position":1,"name":"Home","item":"https:\/\/lloretdemar.org\/fr\/"},{"@type":"ListItem","position":2,"name":"Planifiez votre voyage \u00e0 Lloret de Mar","item":"https:\/\/lloretdemar.org\/fr\/planifiez-votre-voyage-a-lloret-de-mar\/"},{"@type":"ListItem","position":3,"name":"Offices de tourisme"}]},{"@type":"WebSite","@id":"https:\/\/lloretdemar.org\/fr\/#website","url":"https:\/\/lloretdemar.org\/fr\/","name":"Lloret de Mar","description":"","publisher":{"@id":"https:\/\/lloretdemar.org\/fr\/#organization"},"potentialAction":[{"@type":"SearchAction","target":{"@type":"EntryPoint","urlTemplate":"https:\/\/lloretdemar.org\/fr\/?s={search_term_string}"},"query-input":{"@type":"PropertyValueSpecification","valueRequired":true,"valueName":"search_term_string"}}],"inLanguage":"fr-FR"},{"@type":"Organization","@id":"https:\/\/lloretdemar.org\/fr\/#organization","name":"Lloret de Mar","url":"https:\/\/lloretdemar.org\/fr\/","logo":{"@type":"ImageObject","inLanguage":"fr-FR","@id":"https:\/\/lloretdemar.org\/fr\/#\/schema\/logo\/image\/","url":"https:\/\/lloretdemar.org\/wp-content\/uploads\/2020\/05\/lloret-de-mar-logo.png","contentUrl":"https:\/\/lloretdemar.org\/wp-content\/uploads\/2020\/05\/lloret-de-mar-logo.png","width":87,"height":38,"caption":"Lloret de Mar"},"image":{"@id":"https:\/\/lloretdemar.org\/fr\/#\/schema\/logo\/image\/"},"sameAs":["https:\/\/www.facebook.com\/Lloretturisme","https:\/\/x.com\/lloretturisme","https:\/\/instagram.com\/lloretturisme","https:\/\/www.youtube.com\/LloretTurisme"]}]}},"_links":{"self":[{"href":"https:\/\/lloretdemar.org\/fr\/wp-json\/wp\/v2\/pages\/12302","targetHints":{"allow":["GET"]}}],"collection":[{"href":"https:\/\/lloretdemar.org\/fr\/wp-json\/wp\/v2\/pages"}],"about":[{"href":"https:\/\/lloretdemar.org\/fr\/wp-json\/wp\/v2\/types\/page"}],"author":[{"embeddable":true,"href":"https:\/\/lloretdemar.org\/fr\/wp-json\/wp\/v2\/users\/12"}],"replies":[{"embeddable":true,"href":"https:\/\/lloretdemar.org\/fr\/wp-json\/wp\/v2\/comments?post=12302"}],"version-history":[{"count":21,"href":"https:\/\/lloretdemar.org\/fr\/wp-json\/wp\/v2\/pages\/12302\/revisions"}],"predecessor-version":[{"id":43444,"href":"https:\/\/lloretdemar.org\/fr\/wp-json\/wp\/v2\/pages\/12302\/revisions\/43444"}],"up":[{"embeddable":true,"href":"https:\/\/lloretdemar.org\/fr\/wp-json\/wp\/v2\/pages\/11731"}],"wp:attachment":[{"href":"https:\/\/lloretdemar.org\/fr\/wp-json\/wp\/v2\/media?parent=12302"}],"curies":[{"name":"wp","href":"https:\/\/api.w.org\/{rel}","templated":true}]}}