{"id":12284,"date":"2019-05-28T17:11:14","date_gmt":"2019-05-28T15:11:14","guid":{"rendered":"http:\/\/lloretdemar.org\/sobre-lloret-de-mar\/lloret-hub\/"},"modified":"2020-05-21T11:53:13","modified_gmt":"2020-05-21T09:53:13","slug":"lloret-hub","status":"publish","type":"page","link":"https:\/\/lloretdemar.org\/fr\/decouvrez-lloret-de-mar\/lloret-hub\/","title":{"rendered":"Lloret Hub"},"content":{"rendered":"","protected":false},"excerpt":{"rendered":"","protected":false},"author":12,"featured_media":0,"parent":10901,"menu_order":0,"comment_status":"closed","ping_status":"closed","template":"page-templates\/hub-12.php","meta":{"_acf_changed":false,"content-type":"","footnotes":""},"class_list":["post-12284","page","type-page","status-publish","hentry"],"acf":{"banner_imatge":12285,"banner_titol":"Lloret de Mar\r\nVotre point de d\u00e9part","banner_subtitol":"","botons_blanc_o_negres":"defecte","banner_links":[{"es_post":false,"banner_link":{"title":"G\u00e9rone et villages fortifi\u00e9s","url":"http:\/\/lloretdemar.org\/fr\/sobre-lloret-de-mar\/lloret-hub\/girona-i-pobles-fortificats\/","target":""},"link_intern":null,"link_intern_titol":""},{"es_post":false,"banner_link":{"title":"Villages de p\u00eacheurs et villages m\u00e9di\u00e9vaux","url":"http:\/\/lloretdemar.org\/fr\/sobre-lloret-de-mar\/lloret-hub\/pobles-mariners-i-medievals\/","target":""},"link_intern":null,"link_intern_titol":""},{"es_post":false,"banner_link":{"title":"Villages avec ch\u00e2teaux, monast\u00e8res et parcs naturels","url":"http:\/\/lloretdemar.org\/fr\/sobre-lloret-de-mar\/lloret-hub\/pobles-de-castells-monestirs-i-parcs-naturals\/","target":""},"link_intern":null,"link_intern_titol":""},{"es_post":false,"banner_link":{"title":"Villages de la zone volcanique et vall\u00e9es de la Garrotxa","url":"http:\/\/lloretdemar.org\/fr\/sobre-lloret-de-mar\/lloret-hub\/pobles-de-la-zona-volcanica-i-les-valls\/","target":""},"link_intern":null,"link_intern_titol":""},{"es_post":false,"banner_link":{"title":"Villages de Dal\u00ed","url":"http:\/\/lloretdemar.org\/fr\/sobre-lloret-de-mar\/lloret-hub\/pobles-de-dali\/","target":""},"link_intern":null,"link_intern_titol":""}],"apartats":null,"blocs_pobles":[{"titol":"G\u00e9rone et villages fortifi\u00e9s","subtitol":"Route circulaire de 130 km. D\u00e9part de la ville voisine de Blanes, travers\u00e9e de communes agricoles et artisanes, puis arriv\u00e9e \u00e0 Girona, dont vous pourrez d\u00e9couvrir la vieille ville et l\u2019important quartier juif, autour de la cath\u00e9drale.","defecte":509,"pobles":[{"poble":536},{"poble":537},{"poble":538},{"poble":539},{"poble":540},{"poble":541},{"poble":542},{"poble":543},{"poble":544},{"poble":546},{"poble":545}]},{"titol":"Villages de p\u00eacheurs et villages m\u00e9di\u00e9vaux","subtitol":"Route circulaire de 193 km. Visite de petits villages marins typiques de la Costa Brava et d\u2019autres communes m\u00e9di\u00e9vales, synonymes d\u2019histoire et d\u2019authenticit\u00e9.","defecte":1364,"pobles":[{"poble":1218},{"poble":469},{"poble":1219},{"poble":1220},{"poble":464},{"poble":1222},{"poble":470},{"poble":1223},{"poble":471},{"poble":1224},{"poble":472},{"poble":1225},{"poble":1226}]},{"titol":"Villages avec ch\u00e2teaux,\r\nmonast\u00e8res et parcs naturels","subtitol":"Route circulaire de 273 km. Visite incontournable du monast\u00e8re de Sant Pere de Rodes et des ruines d\u2019Emp\u00faries.","defecte":1367,"pobles":[{"poble":488},{"poble":478},{"poble":1228},{"poble":1229},{"poble":1230},{"poble":1231}]},{"titol":"Villages de la zone volcanique et vall\u00e9es de la Garrotxa","subtitol":"Route circulaire de 210 km. D\u00e9part au bord de l\u2019un des plus grands lacs de la p\u00e9ninsule Ib\u00e9rique, puis excursion au c\u0153ur de la zone volcanique de La Garrotxa et du splendide paysage de La Fageda d\u2019en Jord\u00e0","defecte":1370,"pobles":[{"poble":1232},{"poble":466},{"poble":385},{"poble":480},{"poble":1233},{"poble":468},{"poble":1234},{"poble":1235}]},{"titol":"Villages de Dal\u00ed","subtitol":"Route circulaire de 219 km ax\u00e9e sur la vie de Dal\u00ed. Visite du Th\u00e9\u00e2tre-mus\u00e9e Dal\u00ed et du village du peintre, balade dans le Parc national du Cap de Creus et d\u00e9couverte de ses recoins et de ses criques.","defecte":1373,"pobles":[{"poble":488},{"poble":486},{"poble":485},{"poble":1237},{"poble":1238}]}],"banner_mapa_imatges":[27347,27350,27353],"banner_mapa_titol":"5 circuits partant de Lloret de Mar\r\npour d\u00e9couvrir notre territoire  ","banner_mapa_link":{"title":"T\u00e9l\u00e9chargez","url":"http:\/\/lloretdemar.org\/wp-content\/uploads\/2019\/12\/mapa-hub.pdf","target":"_blank"}},"yoast_head":"<!-- This site is optimized with the Yoast SEO plugin v27.5 - https:\/\/yoast.com\/product\/yoast-seo-wordpress\/ -->\n<title>Lloret Hub - Lloret de Mar<\/title>\n<meta name=\"robots\" content=\"index, follow, max-snippet:-1, max-image-preview:large, max-video-preview:-1\" \/>\n<link rel=\"canonical\" href=\"https:\/\/lloretdemar.org\/fr\/decouvrez-lloret-de-mar\/lloret-hub\/\" \/>\n<meta property=\"og:locale\" content=\"fr_FR\" \/>\n<meta property=\"og:type\" content=\"article\" \/>\n<meta property=\"og:title\" content=\"Lloret Hub - Lloret de Mar\" \/>\n<meta property=\"og:url\" content=\"https:\/\/lloretdemar.org\/fr\/decouvrez-lloret-de-mar\/lloret-hub\/\" \/>\n<meta property=\"og:site_name\" content=\"Lloret de Mar\" \/>\n<meta property=\"article:publisher\" content=\"https:\/\/www.facebook.com\/Lloretturisme\" \/>\n<meta property=\"article:modified_time\" content=\"2020-05-21T09:53:13+00:00\" \/>\n<meta property=\"og:image\" content=\"https:\/\/lloretdemar.org\/wp-content\/uploads\/2019\/05\/home_page_8.jpg\" \/>\n\t<meta property=\"og:image:width\" content=\"1920\" \/>\n\t<meta property=\"og:image:height\" content=\"885\" \/>\n\t<meta property=\"og:image:type\" content=\"image\/jpeg\" \/>\n<meta name=\"twitter:card\" content=\"summary_large_image\" \/>\n<meta name=\"twitter:site\" content=\"@lloretturisme\" \/>\n<script type=\"application\/ld+json\" class=\"yoast-schema-graph\">{\"@context\":\"https:\\\/\\\/schema.org\",\"@graph\":[{\"@type\":\"WebPage\",\"@id\":\"https:\\\/\\\/lloretdemar.org\\\/fr\\\/decouvrez-lloret-de-mar\\\/lloret-hub\\\/\",\"url\":\"https:\\\/\\\/lloretdemar.org\\\/fr\\\/decouvrez-lloret-de-mar\\\/lloret-hub\\\/\",\"name\":\"Lloret Hub - Lloret de Mar\",\"isPartOf\":{\"@id\":\"https:\\\/\\\/lloretdemar.org\\\/fr\\\/#website\"},\"datePublished\":\"2019-05-28T15:11:14+00:00\",\"dateModified\":\"2020-05-21T09:53:13+00:00\",\"description\":\"Lloret de Mar\",\"breadcrumb\":{\"@id\":\"https:\\\/\\\/lloretdemar.org\\\/fr\\\/decouvrez-lloret-de-mar\\\/lloret-hub\\\/#breadcrumb\"},\"inLanguage\":\"fr-FR\",\"potentialAction\":[{\"@type\":\"ReadAction\",\"target\":[\"https:\\\/\\\/lloretdemar.org\\\/fr\\\/decouvrez-lloret-de-mar\\\/lloret-hub\\\/\"]}]},{\"@type\":\"BreadcrumbList\",\"@id\":\"https:\\\/\\\/lloretdemar.org\\\/fr\\\/decouvrez-lloret-de-mar\\\/lloret-hub\\\/#breadcrumb\",\"itemListElement\":[{\"@type\":\"ListItem\",\"position\":1,\"name\":\"Home\",\"item\":\"https:\\\/\\\/lloretdemar.org\\\/fr\\\/\"},{\"@type\":\"ListItem\",\"position\":2,\"name\":\"D\u00e9couvrez Lloret de Mar\",\"item\":\"https:\\\/\\\/lloretdemar.org\\\/fr\\\/decouvrez-lloret-de-mar\\\/\"},{\"@type\":\"ListItem\",\"position\":3,\"name\":\"Lloret Hub\"}]},{\"@type\":\"WebSite\",\"@id\":\"https:\\\/\\\/lloretdemar.org\\\/fr\\\/#website\",\"url\":\"https:\\\/\\\/lloretdemar.org\\\/fr\\\/\",\"name\":\"Lloret de Mar\",\"description\":\"\",\"publisher\":{\"@id\":\"https:\\\/\\\/lloretdemar.org\\\/fr\\\/#organization\"},\"potentialAction\":[{\"@type\":\"SearchAction\",\"target\":{\"@type\":\"EntryPoint\",\"urlTemplate\":\"https:\\\/\\\/lloretdemar.org\\\/fr\\\/?s={search_term_string}\"},\"query-input\":{\"@type\":\"PropertyValueSpecification\",\"valueRequired\":true,\"valueName\":\"search_term_string\"}}],\"inLanguage\":\"fr-FR\"},{\"@type\":\"Organization\",\"@id\":\"https:\\\/\\\/lloretdemar.org\\\/fr\\\/#organization\",\"name\":\"Lloret de Mar\",\"url\":\"https:\\\/\\\/lloretdemar.org\\\/fr\\\/\",\"logo\":{\"@type\":\"ImageObject\",\"inLanguage\":\"fr-FR\",\"@id\":\"https:\\\/\\\/lloretdemar.org\\\/fr\\\/#\\\/schema\\\/logo\\\/image\\\/\",\"url\":\"https:\\\/\\\/lloretdemar.org\\\/wp-content\\\/uploads\\\/2020\\\/05\\\/lloret-de-mar-logo.png\",\"contentUrl\":\"https:\\\/\\\/lloretdemar.org\\\/wp-content\\\/uploads\\\/2020\\\/05\\\/lloret-de-mar-logo.png\",\"width\":87,\"height\":38,\"caption\":\"Lloret de Mar\"},\"image\":{\"@id\":\"https:\\\/\\\/lloretdemar.org\\\/fr\\\/#\\\/schema\\\/logo\\\/image\\\/\"},\"sameAs\":[\"https:\\\/\\\/www.facebook.com\\\/Lloretturisme\",\"https:\\\/\\\/x.com\\\/lloretturisme\",\"https:\\\/\\\/instagram.com\\\/lloretturisme\",\"https:\\\/\\\/www.youtube.com\\\/LloretTurisme\"]}]}<\/script>\n<!-- \/ Yoast SEO plugin. -->","yoast_head_json":{"title":"Lloret Hub - Lloret de Mar","robots":{"index":"index","follow":"follow","max-snippet":"max-snippet:-1","max-image-preview":"max-image-preview:large","max-video-preview":"max-video-preview:-1"},"canonical":"https:\/\/lloretdemar.org\/fr\/decouvrez-lloret-de-mar\/lloret-hub\/","og_locale":"fr_FR","og_type":"article","og_title":"Lloret Hub - Lloret de Mar","og_url":"https:\/\/lloretdemar.org\/fr\/decouvrez-lloret-de-mar\/lloret-hub\/","og_site_name":"Lloret de Mar","article_publisher":"https:\/\/www.facebook.com\/Lloretturisme","article_modified_time":"2020-05-21T09:53:13+00:00","og_image":[{"width":1920,"height":885,"url":"https:\/\/lloretdemar.org\/wp-content\/uploads\/2019\/05\/home_page_8.jpg","type":"image\/jpeg"}],"twitter_card":"summary_large_image","twitter_site":"@lloretturisme","schema":{"@context":"https:\/\/schema.org","@graph":[{"@type":"WebPage","@id":"https:\/\/lloretdemar.org\/fr\/decouvrez-lloret-de-mar\/lloret-hub\/","url":"https:\/\/lloretdemar.org\/fr\/decouvrez-lloret-de-mar\/lloret-hub\/","name":"Lloret Hub - Lloret de Mar","isPartOf":{"@id":"https:\/\/lloretdemar.org\/fr\/#website"},"datePublished":"2019-05-28T15:11:14+00:00","dateModified":"2020-05-21T09:53:13+00:00","description":"Lloret de Mar","breadcrumb":{"@id":"https:\/\/lloretdemar.org\/fr\/decouvrez-lloret-de-mar\/lloret-hub\/#breadcrumb"},"inLanguage":"fr-FR","potentialAction":[{"@type":"ReadAction","target":["https:\/\/lloretdemar.org\/fr\/decouvrez-lloret-de-mar\/lloret-hub\/"]}]},{"@type":"BreadcrumbList","@id":"https:\/\/lloretdemar.org\/fr\/decouvrez-lloret-de-mar\/lloret-hub\/#breadcrumb","itemListElement":[{"@type":"ListItem","position":1,"name":"Home","item":"https:\/\/lloretdemar.org\/fr\/"},{"@type":"ListItem","position":2,"name":"D\u00e9couvrez Lloret de Mar","item":"https:\/\/lloretdemar.org\/fr\/decouvrez-lloret-de-mar\/"},{"@type":"ListItem","position":3,"name":"Lloret Hub"}]},{"@type":"WebSite","@id":"https:\/\/lloretdemar.org\/fr\/#website","url":"https:\/\/lloretdemar.org\/fr\/","name":"Lloret de Mar","description":"","publisher":{"@id":"https:\/\/lloretdemar.org\/fr\/#organization"},"potentialAction":[{"@type":"SearchAction","target":{"@type":"EntryPoint","urlTemplate":"https:\/\/lloretdemar.org\/fr\/?s={search_term_string}"},"query-input":{"@type":"PropertyValueSpecification","valueRequired":true,"valueName":"search_term_string"}}],"inLanguage":"fr-FR"},{"@type":"Organization","@id":"https:\/\/lloretdemar.org\/fr\/#organization","name":"Lloret de Mar","url":"https:\/\/lloretdemar.org\/fr\/","logo":{"@type":"ImageObject","inLanguage":"fr-FR","@id":"https:\/\/lloretdemar.org\/fr\/#\/schema\/logo\/image\/","url":"https:\/\/lloretdemar.org\/wp-content\/uploads\/2020\/05\/lloret-de-mar-logo.png","contentUrl":"https:\/\/lloretdemar.org\/wp-content\/uploads\/2020\/05\/lloret-de-mar-logo.png","width":87,"height":38,"caption":"Lloret de Mar"},"image":{"@id":"https:\/\/lloretdemar.org\/fr\/#\/schema\/logo\/image\/"},"sameAs":["https:\/\/www.facebook.com\/Lloretturisme","https:\/\/x.com\/lloretturisme","https:\/\/instagram.com\/lloretturisme","https:\/\/www.youtube.com\/LloretTurisme"]}]}},"_links":{"self":[{"href":"https:\/\/lloretdemar.org\/fr\/wp-json\/wp\/v2\/pages\/12284","targetHints":{"allow":["GET"]}}],"collection":[{"href":"https:\/\/lloretdemar.org\/fr\/wp-json\/wp\/v2\/pages"}],"about":[{"href":"https:\/\/lloretdemar.org\/fr\/wp-json\/wp\/v2\/types\/page"}],"author":[{"embeddable":true,"href":"https:\/\/lloretdemar.org\/fr\/wp-json\/wp\/v2\/users\/12"}],"replies":[{"embeddable":true,"href":"https:\/\/lloretdemar.org\/fr\/wp-json\/wp\/v2\/comments?post=12284"}],"version-history":[{"count":0,"href":"https:\/\/lloretdemar.org\/fr\/wp-json\/wp\/v2\/pages\/12284\/revisions"}],"up":[{"embeddable":true,"href":"https:\/\/lloretdemar.org\/fr\/wp-json\/wp\/v2\/pages\/10901"}],"acf:attachment":[{"embeddable":true,"href":"https:\/\/lloretdemar.org\/fr\/wp-json\/wp\/v2\/media\/27353"},{"embeddable":true,"href":"https:\/\/lloretdemar.org\/fr\/wp-json\/wp\/v2\/media\/27350"},{"embeddable":true,"href":"https:\/\/lloretdemar.org\/fr\/wp-json\/wp\/v2\/media\/27347"}],"wp:attachment":[{"href":"https:\/\/lloretdemar.org\/fr\/wp-json\/wp\/v2\/media?parent=12284"}],"curies":[{"name":"wp","href":"https:\/\/api.w.org\/{rel}","templated":true}]}}