{"id":12228,"date":"2019-05-28T10:05:19","date_gmt":"2019-05-28T08:05:19","guid":{"rendered":"http:\/\/lloretdemar.org\/planifica-el-teu-viatge\/moures-per-lloret\/"},"modified":"2021-01-26T09:17:02","modified_gmt":"2021-01-26T08:17:02","slug":"se-deplacer-dans-lloret","status":"publish","type":"page","link":"https:\/\/lloretdemar.org\/fr\/planifiez-votre-voyage-a-lloret-de-mar\/se-deplacer-dans-lloret\/","title":{"rendered":"Se d\u00e9placer dans Lloret"},"content":{"rendered":"","protected":false},"excerpt":{"rendered":"","protected":false},"author":12,"featured_media":0,"parent":11731,"menu_order":0,"comment_status":"closed","ping_status":"closed","template":"page-templates\/mouret-15.php","meta":{"_acf_changed":false,"content-type":"","footnotes":""},"class_list":["post-12228","page","type-page","status-publish","hentry"],"acf":{"banner_imatge":12240,"banner_titol":"Se d\u00e9placer dans Lloret","banner_subtitol":"","botons_blanc_o_negres":"defecte","banner_links":[{"es_post":false,"banner_link":{"title":"\u00c0 pied","url":"#\u00c0pied","target":""},"link_intern":null,"link_intern_titol":""},{"es_post":false,"banner_link":{"title":"Bus urbain","url":"#Busurbain","target":""},"link_intern":null,"link_intern_titol":""},{"es_post":false,"banner_link":{"title":"Taxis","url":"#Taxis","target":""},"link_intern":null,"link_intern_titol":""},{"es_post":false,"banner_link":{"title":"V\u00e9lo","url":"#V\u00e9lo","target":""},"link_intern":null,"link_intern_titol":""},{"es_post":false,"banner_link":{"title":"Location de v\u00e9hicules","url":"#Locationdev\u00e9hicules","target":""},"link_intern":null,"link_intern_titol":""},{"es_post":false,"banner_link":{"title":"Parcs de stationnement","url":"#Parcsdestationnement","target":""},"link_intern":null,"link_intern_titol":""},{"es_post":false,"banner_link":{"title":"Transport Maritime","url":"#TransportMaritime","target":""},"link_intern":null,"link_intern_titol":""},{"es_post":false,"banner_link":null,"link_intern":null,"link_intern_titol":""}],"blocs":[{"titol":"\u00c0 pied","descripcio":"\u00c0 Lloret de Mar, vous pouvez parfaitement vous d\u00e9placer \u00e0 pied.\r\n\r\nLes distances sont courtes et vous trouverez toujours de vastes zones pi\u00e9tonnes, chemins et parcs qui rendront vos d\u00e9placements agr\u00e9ables et rapides, m\u00eame d\u2019un quartier \u00e0 l\u2019autre.","imatge":12243,"es_enllac_intern_o_extern":"intern","link_intern":{"title":"Guide pi\u00e9ton","url":"http:\/\/gisweb.lloret.org\/lloretdemar41\/visor-guia.jsp?layers=guia%3AGUIA_FONS~GLL_GUIA_ZVIANANTS&center=487372,4616534&scale=5000","target":"_blank"},"link_extern":"javascript:void(0);","link_extern_text":"Llegeix m\u00e9s"},{"titol":"Bus urbain","descripcio":"Le r\u00e9seau de bus urbain relie les diff\u00e9rents quartiers et zones touristiques de la ville. Les bus vous permettent de vous d\u00e9placer facilement et rapidement.\r\n\r\nVous pouvez consulter les lignes et les tarifs sur <a href=\"http:\/\/www.lloretbus.com\" target=\"_blank\" rel=\"noopener\">www.lloretbus.com<\/a>.\r\n\r\nConsultez \u00e9galement ce site si vous souhaitez vous d\u00e9placer en <a href=\"https:\/\/lloretdemar.org\/planifica-el-teu-viatge\/com-arribar-carretera\/\">bus dans la r\u00e9gion\u00a0<\/a>","imatge":12245,"es_enllac_intern_o_extern":"intern","link_intern":"","link_extern":"","link_extern_text":""},{"titol":"Taxis","descripcio":"Lloret met \u00e0 votre disposition 4 stations de taxis qui poss\u00e8dent une flotte de v\u00e9hicules \u00e0 quatre et sept places offrant leurs services 24 heures sur 24, durant toute l\u2019ann\u00e9e. Vous les reconna\u00eetrez \u00e0 leur couleur blanche et \u00e0 leur marque d\u2019identification.\r\n\r\n<strong>Trajet\u00a0 \u00a0 \u00a0 \u00a0 \u00a0 \u00a0 \u00a0 \u00a0 \u00a0 \u00a0 \u00a0 \u00a0 \u00a0 \u00a0 \u00a0 \u00a0 \u00a0 \u00a0 \u00a0 \u00a0 Distance\u00a0\u00a0\u00a0\u00a0\u00a0\u00a0\u00a0\u00a0\u00a0\u00a0\u00a0\u00a0 Dur\u00e9e<\/strong>\r\n\r\nBarcelone \u2013 Lloret de Mar\u00a0\u00a0\u00a0\u00a0\u00a0\u00a0\u00a0\u00a0\u00a0 80 km\u00a0 \u00a0 \u00a0 \u00a0 \u00a0 \u00a0 \u00a0 \u00a0 \u00a060 min\r\n\r\nPerpignan \u2013 Lloret de Mar\u00a0 \u00a0 \u00a0 \u00a0 \u00a0115 km\u00a0 \u00a0 \u00a0 \u00a0 \u00a0 \u00a0 \u00a0 \u00a0 90 min\r\n\r\nG\u00e9rone \u2013 Lloret de Mar\u00a0 \u00a0 \u00a0 \u00a0 \u00a0 \u00a0 \u00a0 30 km\u00a0 \u00a0 \u00a0 \u00a0 \u00a0 \u00a0 \u00a0 \u00a0 \u00a0 30 min\r\n\r\n&nbsp;\r\n\r\n<a href=\"https:\/\/www.lloret.cat\/seccions\/mobilitat\/taxis\" target=\"_blank\" rel=\"noopener\">Consultez sur ce site les tarifs des taxis de Lloret de Mar<\/a>\r\n\r\n&nbsp;","imatge":12247,"es_enllac_intern_o_extern":"extern","link_intern":{"title":"Directori d\u2019empreses","url":"http:\/\/lloretdemar.org\/directori-dempreses\/","target":""},"link_extern":"http:\/\/www.taxi-lloret.com","link_extern_text":"Adresse et num\u00e9ros de t\u00e9l\u00e9phone des arr\u00eats de taxi \u00e0 Lloret de Mar."},{"titol":"V\u00e9lo","descripcio":"Vous trouverez actuellement \u00e0 Lloret de Mar des pistes cyclables dans la zone du Rieral et le quartier de Fenals.\r\nNotre objectif est d\u2019\u00e9tendre progressivement le r\u00e9seau de pistes cyclables afin de promouvoir une mobilit\u00e9 urbaine durable.\r\nVous trouverez aussi plusieurs parcs de stationnement pour v\u00e9los, qui facilitent l\u2019usage de ce moyen de transport.\r\nLloret de Mar veut \u00eatre une ville \u00e9cologique en mati\u00e8re de mobilit\u00e9 : nous voulons trouver une alternative aux v\u00e9hicules priv\u00e9s et accorder la priorit\u00e9 aux moyens de transport propres, tels que le v\u00e9lo.\r\n\r\n<a href=\"http:\/\/gisweb.lloret.org\/lloretdemar41\/visor-guia.jsp?layers=guia%3AGUIA_FONS~GLL_MOB_APARCABICIS&amp;center=487212,4616984&amp;scale=25000\">Carte parcs de stationnement v\u00e9los<\/a>","imatge":12244,"es_enllac_intern_o_extern":"intern","link_intern":{"title":"Consultez la carte des pistes cyclables","url":"http:\/\/gisweb.lloret.org\/lloretdemar41\/visor-guia.jsp?layers=guia%3AGUIA_FONS~GLL_VIA_CARRILBICI&center=487212,4616984&scale=25000%20%20","target":"_blank"},"link_extern":"http:\/\/www.taxi-lloret.com","link_extern_text":"Adre\u00e7a i els tel\u00e8fons de les parades de Taxi de Lloret de Mar "},{"titol":"Location de v\u00e9hicules","descripcio":"Si vous d\u00e9sirez \u00eatre autonome, vous d\u00e9placer quand vous le souhaitez et g\u00e9rer vos vacances en toute libert\u00e9, Lloret de Mar met \u00e0 votre disposition plusieurs agences de location de v\u00e9hicules.","imatge":12241,"es_enllac_intern_o_extern":"intern","link_intern":{"title":"Annuaire des entreprises","url":"https:\/\/lloretdemar.org\/fr\/decouvrez-lloret-de-mar\/repertoire-dentreprises\/","target":"_blank"},"link_extern":"http:\/\/www.taxi-lloret.com","link_extern_text":"Adre\u00e7a i els tel\u00e8fons de les parades de Taxi de Lloret de Mar "},{"titol":"Parcs de stationnement","descripcio":"Lloret de Mar poss\u00e8de de nombreux parcs de stationnement publics et priv\u00e9s, souterrains ou en surface.","imatge":12242,"es_enllac_intern_o_extern":"intern","link_intern":{"title":"Consultez ici l'emplacement et les tarifs des parkings municipaux","url":"https:\/\/www.lloret.cat\/seccions\/mobilitat\/parquings","target":"_blank"},"link_extern":"www.autocarspujol.com","link_extern_text":"Trobar\u00e0s m\u00e9s informaci\u00f3 sobre les parades i els horaris aqu\u00ed"},{"titol":"Transport maritime","descripcio":"La ligne r\u00e9guli\u00e8re de Dofi Jet Boats vous permet de d\u00e9couvrir la c\u00f4te du Maresme et la Costa Brava d\u2019une mani\u00e8re originale, en visitant leurs magnifiques plages et criques.\r\n\r\nLes bateaux s\u2019arr\u00eatent dans les localit\u00e9s et plages principales de cette partie de la Costa Brava. Ils relient Lloret de Mar \u00e0 Calella, Blanes ou Tossa de Mar.\r\n\r\nD\u00e9couvrez la c\u00f4te d\u2019une mani\u00e8re originale.\r\n\r\n<a href=\"https:\/\/www.dofijetboats.com\/\" target=\"_blank\" rel=\"noopener\">Dolfi Jet Boats<\/a>","imatge":12239,"es_enllac_intern_o_extern":"intern","link_intern":null,"link_extern":"https:\/\/autocarspujol.com\/lineas-regulares\/playas-y-jardines\/","link_extern_text":"Vous trouverez plus d'informations sur les arr\u00eats et les horaires ici"},{"titol":"","descripcio":"","imatge":null,"es_enllac_intern_o_extern":"intern","link_intern":"","link_extern":"","link_extern_text":""}],"titol_boto":"","document":"","apartats":null},"yoast_head":"<!-- This site is optimized with the Yoast SEO plugin v27.5 - https:\/\/yoast.com\/product\/yoast-seo-wordpress\/ -->\n<title>Se d\u00e9placer dans Lloret - Lloret de Mar<\/title>\n<meta name=\"robots\" content=\"index, follow, max-snippet:-1, max-image-preview:large, max-video-preview:-1\" \/>\n<link rel=\"canonical\" href=\"https:\/\/lloretdemar.org\/fr\/planifiez-votre-voyage-a-lloret-de-mar\/se-deplacer-dans-lloret\/\" \/>\n<meta property=\"og:locale\" content=\"fr_FR\" \/>\n<meta property=\"og:type\" content=\"article\" \/>\n<meta property=\"og:title\" content=\"Se d\u00e9placer dans Lloret - Lloret de Mar\" \/>\n<meta property=\"og:url\" content=\"https:\/\/lloretdemar.org\/fr\/planifiez-votre-voyage-a-lloret-de-mar\/se-deplacer-dans-lloret\/\" \/>\n<meta property=\"og:site_name\" content=\"Lloret de Mar\" \/>\n<meta property=\"article:publisher\" content=\"https:\/\/www.facebook.com\/Lloretturisme\" \/>\n<meta property=\"article:modified_time\" content=\"2021-01-26T08:17:02+00:00\" \/>\n<meta property=\"og:image\" content=\"https:\/\/lloretdemar.org\/wp-content\/uploads\/2020\/02\/slide-moures.jpg\" \/>\n\t<meta property=\"og:image:width\" content=\"1920\" \/>\n\t<meta property=\"og:image:height\" content=\"885\" \/>\n\t<meta property=\"og:image:type\" content=\"image\/jpeg\" \/>\n<meta name=\"twitter:card\" content=\"summary_large_image\" \/>\n<meta name=\"twitter:site\" content=\"@lloretturisme\" \/>\n<script type=\"application\/ld+json\" class=\"yoast-schema-graph\">{\"@context\":\"https:\\\/\\\/schema.org\",\"@graph\":[{\"@type\":\"WebPage\",\"@id\":\"https:\\\/\\\/lloretdemar.org\\\/fr\\\/planifiez-votre-voyage-a-lloret-de-mar\\\/se-deplacer-dans-lloret\\\/\",\"url\":\"https:\\\/\\\/lloretdemar.org\\\/fr\\\/planifiez-votre-voyage-a-lloret-de-mar\\\/se-deplacer-dans-lloret\\\/\",\"name\":\"Se d\u00e9placer dans Lloret - Lloret de Mar\",\"isPartOf\":{\"@id\":\"https:\\\/\\\/lloretdemar.org\\\/fr\\\/#website\"},\"datePublished\":\"2019-05-28T08:05:19+00:00\",\"dateModified\":\"2021-01-26T08:17:02+00:00\",\"description\":\"Lloret de Mar\",\"breadcrumb\":{\"@id\":\"https:\\\/\\\/lloretdemar.org\\\/fr\\\/planifiez-votre-voyage-a-lloret-de-mar\\\/se-deplacer-dans-lloret\\\/#breadcrumb\"},\"inLanguage\":\"fr-FR\",\"potentialAction\":[{\"@type\":\"ReadAction\",\"target\":[\"https:\\\/\\\/lloretdemar.org\\\/fr\\\/planifiez-votre-voyage-a-lloret-de-mar\\\/se-deplacer-dans-lloret\\\/\"]}]},{\"@type\":\"BreadcrumbList\",\"@id\":\"https:\\\/\\\/lloretdemar.org\\\/fr\\\/planifiez-votre-voyage-a-lloret-de-mar\\\/se-deplacer-dans-lloret\\\/#breadcrumb\",\"itemListElement\":[{\"@type\":\"ListItem\",\"position\":1,\"name\":\"Home\",\"item\":\"https:\\\/\\\/lloretdemar.org\\\/fr\\\/\"},{\"@type\":\"ListItem\",\"position\":2,\"name\":\"Planifiez votre voyage \u00e0 Lloret de Mar\",\"item\":\"https:\\\/\\\/lloretdemar.org\\\/fr\\\/planifiez-votre-voyage-a-lloret-de-mar\\\/\"},{\"@type\":\"ListItem\",\"position\":3,\"name\":\"Se d\u00e9placer dans Lloret\"}]},{\"@type\":\"WebSite\",\"@id\":\"https:\\\/\\\/lloretdemar.org\\\/fr\\\/#website\",\"url\":\"https:\\\/\\\/lloretdemar.org\\\/fr\\\/\",\"name\":\"Lloret de Mar\",\"description\":\"\",\"publisher\":{\"@id\":\"https:\\\/\\\/lloretdemar.org\\\/fr\\\/#organization\"},\"potentialAction\":[{\"@type\":\"SearchAction\",\"target\":{\"@type\":\"EntryPoint\",\"urlTemplate\":\"https:\\\/\\\/lloretdemar.org\\\/fr\\\/?s={search_term_string}\"},\"query-input\":{\"@type\":\"PropertyValueSpecification\",\"valueRequired\":true,\"valueName\":\"search_term_string\"}}],\"inLanguage\":\"fr-FR\"},{\"@type\":\"Organization\",\"@id\":\"https:\\\/\\\/lloretdemar.org\\\/fr\\\/#organization\",\"name\":\"Lloret de Mar\",\"url\":\"https:\\\/\\\/lloretdemar.org\\\/fr\\\/\",\"logo\":{\"@type\":\"ImageObject\",\"inLanguage\":\"fr-FR\",\"@id\":\"https:\\\/\\\/lloretdemar.org\\\/fr\\\/#\\\/schema\\\/logo\\\/image\\\/\",\"url\":\"https:\\\/\\\/lloretdemar.org\\\/wp-content\\\/uploads\\\/2020\\\/05\\\/lloret-de-mar-logo.png\",\"contentUrl\":\"https:\\\/\\\/lloretdemar.org\\\/wp-content\\\/uploads\\\/2020\\\/05\\\/lloret-de-mar-logo.png\",\"width\":87,\"height\":38,\"caption\":\"Lloret de Mar\"},\"image\":{\"@id\":\"https:\\\/\\\/lloretdemar.org\\\/fr\\\/#\\\/schema\\\/logo\\\/image\\\/\"},\"sameAs\":[\"https:\\\/\\\/www.facebook.com\\\/Lloretturisme\",\"https:\\\/\\\/x.com\\\/lloretturisme\",\"https:\\\/\\\/instagram.com\\\/lloretturisme\",\"https:\\\/\\\/www.youtube.com\\\/LloretTurisme\"]}]}<\/script>\n<!-- \/ Yoast SEO plugin. -->","yoast_head_json":{"title":"Se d\u00e9placer dans Lloret - Lloret de Mar","robots":{"index":"index","follow":"follow","max-snippet":"max-snippet:-1","max-image-preview":"max-image-preview:large","max-video-preview":"max-video-preview:-1"},"canonical":"https:\/\/lloretdemar.org\/fr\/planifiez-votre-voyage-a-lloret-de-mar\/se-deplacer-dans-lloret\/","og_locale":"fr_FR","og_type":"article","og_title":"Se d\u00e9placer dans Lloret - Lloret de Mar","og_url":"https:\/\/lloretdemar.org\/fr\/planifiez-votre-voyage-a-lloret-de-mar\/se-deplacer-dans-lloret\/","og_site_name":"Lloret de Mar","article_publisher":"https:\/\/www.facebook.com\/Lloretturisme","article_modified_time":"2021-01-26T08:17:02+00:00","og_image":[{"width":1920,"height":885,"url":"https:\/\/lloretdemar.org\/wp-content\/uploads\/2020\/02\/slide-moures.jpg","type":"image\/jpeg"}],"twitter_card":"summary_large_image","twitter_site":"@lloretturisme","schema":{"@context":"https:\/\/schema.org","@graph":[{"@type":"WebPage","@id":"https:\/\/lloretdemar.org\/fr\/planifiez-votre-voyage-a-lloret-de-mar\/se-deplacer-dans-lloret\/","url":"https:\/\/lloretdemar.org\/fr\/planifiez-votre-voyage-a-lloret-de-mar\/se-deplacer-dans-lloret\/","name":"Se d\u00e9placer dans Lloret - Lloret de Mar","isPartOf":{"@id":"https:\/\/lloretdemar.org\/fr\/#website"},"datePublished":"2019-05-28T08:05:19+00:00","dateModified":"2021-01-26T08:17:02+00:00","description":"Lloret de Mar","breadcrumb":{"@id":"https:\/\/lloretdemar.org\/fr\/planifiez-votre-voyage-a-lloret-de-mar\/se-deplacer-dans-lloret\/#breadcrumb"},"inLanguage":"fr-FR","potentialAction":[{"@type":"ReadAction","target":["https:\/\/lloretdemar.org\/fr\/planifiez-votre-voyage-a-lloret-de-mar\/se-deplacer-dans-lloret\/"]}]},{"@type":"BreadcrumbList","@id":"https:\/\/lloretdemar.org\/fr\/planifiez-votre-voyage-a-lloret-de-mar\/se-deplacer-dans-lloret\/#breadcrumb","itemListElement":[{"@type":"ListItem","position":1,"name":"Home","item":"https:\/\/lloretdemar.org\/fr\/"},{"@type":"ListItem","position":2,"name":"Planifiez votre voyage \u00e0 Lloret de Mar","item":"https:\/\/lloretdemar.org\/fr\/planifiez-votre-voyage-a-lloret-de-mar\/"},{"@type":"ListItem","position":3,"name":"Se d\u00e9placer dans Lloret"}]},{"@type":"WebSite","@id":"https:\/\/lloretdemar.org\/fr\/#website","url":"https:\/\/lloretdemar.org\/fr\/","name":"Lloret de Mar","description":"","publisher":{"@id":"https:\/\/lloretdemar.org\/fr\/#organization"},"potentialAction":[{"@type":"SearchAction","target":{"@type":"EntryPoint","urlTemplate":"https:\/\/lloretdemar.org\/fr\/?s={search_term_string}"},"query-input":{"@type":"PropertyValueSpecification","valueRequired":true,"valueName":"search_term_string"}}],"inLanguage":"fr-FR"},{"@type":"Organization","@id":"https:\/\/lloretdemar.org\/fr\/#organization","name":"Lloret de Mar","url":"https:\/\/lloretdemar.org\/fr\/","logo":{"@type":"ImageObject","inLanguage":"fr-FR","@id":"https:\/\/lloretdemar.org\/fr\/#\/schema\/logo\/image\/","url":"https:\/\/lloretdemar.org\/wp-content\/uploads\/2020\/05\/lloret-de-mar-logo.png","contentUrl":"https:\/\/lloretdemar.org\/wp-content\/uploads\/2020\/05\/lloret-de-mar-logo.png","width":87,"height":38,"caption":"Lloret de Mar"},"image":{"@id":"https:\/\/lloretdemar.org\/fr\/#\/schema\/logo\/image\/"},"sameAs":["https:\/\/www.facebook.com\/Lloretturisme","https:\/\/x.com\/lloretturisme","https:\/\/instagram.com\/lloretturisme","https:\/\/www.youtube.com\/LloretTurisme"]}]}},"_links":{"self":[{"href":"https:\/\/lloretdemar.org\/fr\/wp-json\/wp\/v2\/pages\/12228","targetHints":{"allow":["GET"]}}],"collection":[{"href":"https:\/\/lloretdemar.org\/fr\/wp-json\/wp\/v2\/pages"}],"about":[{"href":"https:\/\/lloretdemar.org\/fr\/wp-json\/wp\/v2\/types\/page"}],"author":[{"embeddable":true,"href":"https:\/\/lloretdemar.org\/fr\/wp-json\/wp\/v2\/users\/12"}],"replies":[{"embeddable":true,"href":"https:\/\/lloretdemar.org\/fr\/wp-json\/wp\/v2\/comments?post=12228"}],"version-history":[{"count":0,"href":"https:\/\/lloretdemar.org\/fr\/wp-json\/wp\/v2\/pages\/12228\/revisions"}],"up":[{"embeddable":true,"href":"https:\/\/lloretdemar.org\/fr\/wp-json\/wp\/v2\/pages\/11731"}],"wp:attachment":[{"href":"https:\/\/lloretdemar.org\/fr\/wp-json\/wp\/v2\/media?parent=12228"}],"curies":[{"name":"wp","href":"https:\/\/api.w.org\/{rel}","templated":true}]}}