{"id":12113,"date":"2019-05-28T10:01:11","date_gmt":"2019-05-28T08:01:11","guid":{"rendered":"http:\/\/lloretdemar.org\/planifica-el-teu-viatge\/com-arribar-carretera\/"},"modified":"2025-09-01T09:48:18","modified_gmt":"2025-09-01T07:48:18","slug":"comment-venir-a-lloret-par-la-route","status":"publish","type":"page","link":"https:\/\/lloretdemar.org\/fr\/planifiez-votre-voyage-a-lloret-de-mar\/comment-venir-a-lloret-par-la-route\/","title":{"rendered":"Comment venir \u00e0 Lloret par la route"},"content":{"rendered":"","protected":false},"excerpt":{"rendered":"","protected":false},"author":12,"featured_media":0,"parent":11731,"menu_order":0,"comment_status":"closed","ping_status":"closed","template":"page-templates\/com-arribar1-14.php","meta":{"_acf_changed":false,"content-type":"","footnotes":""},"class_list":["post-12113","page","type-page","status-publish","hentry"],"acf":{"banner_imatge":12130,"banner_titol":"Comment venir \u00e0 Lloret\r\npar la route","banner_subtitol":"","botons_blanc_o_negres":"defecte","banner_links":[{"es_post":false,"banner_link":{"title":"En bus","url":"#autobus","target":""},"link_intern":null,"link_intern_titol":""},{"es_post":false,"banner_link":{"title":"En voiture","url":"#cotxe","target":""},"link_intern":null,"link_intern_titol":""},{"es_post":false,"banner_link":{"title":"En taxi","url":"#taxi","target":""},"link_intern":null,"link_intern_titol":""}],"apartats":null,"com_arribar_blocs":[{"acf_fc_layout":"autobus","titol":"En bus","text":"Lloret de Mar est reli\u00e9e \u00e0 Barcelone, G\u00e9rone et aux principales villes d\u2019Europe par des lignes r\u00e9guli\u00e8res et des services sp\u00e9ciaux. Lloret poss\u00e8de une gare routi\u00e8re internationale et plusieurs gares priv\u00e9es au service des compagnies \u00e9trang\u00e8res.\r\n\r\nDes zones de stationnement r\u00e9serv\u00e9es aux bus sont am\u00e9nag\u00e9es en diff\u00e9rents points de la ville.","imatge":12128,"titol_horaris":"","subtitol_horaris":"","horaris":[{"titol":"T\u00e9l\u00e9chargez les horaires de bus","informacio":"<a href=\"https:\/\/mylloret.lloretdemar.org\/hubfs\/Horaris%20bus\/QR%20Horaris%20bus.pdf\"><strong>VILLES<\/strong><\/a>\r\n\r\n<strong><a href=\"https:\/\/mylloret.lloretdemar.org\/hubfs\/Horaris%20bus\/QR%20Horaris%20bus%20aeroports.pdf\">A\u00c9ROPORTS<\/a>\r\n<\/strong>\r\n\r\n&nbsp;\r\n\r\n<a href=\"https:\/\/mylloret.lloretdemar.org\/hubfs\/Horaris%20bus\/Barcelona.png\"><strong>Barcelone Estaci\u00f3 Nord<\/strong><\/a>\r\n\r\n<a href=\"https:\/\/mylloret.lloretdemar.org\/hubfs\/Horaris%20bus\/Blanes.png\"><strong>Blanes centre ville<\/strong><\/a>\r\n\r\n<a href=\"https:\/\/mylloret.lloretdemar.org\/hubfs\/Horaris%20bus\/Tossa.png\"><strong>Tossa de Mar<\/strong><\/a>\r\n\r\n<a href=\"https:\/\/mylloret.lloretdemar.org\/hubfs\/Horaris%20bus\/Blanes%20renfe.png\"><strong>Blanes gare Renfe<\/strong><\/a>\r\n\r\n<a href=\"https:\/\/mylloret.lloretdemar.org\/hubfs\/Horaris%20bus\/Girona.png\"><strong>G\u00e9rone<\/strong><\/a>\r\n\r\n<a href=\"https:\/\/mylloret.lloretdemar.org\/hubfs\/Horaris%20bus\/Olot.png\"><strong>Olot<\/strong><\/a>\r\n\r\n&nbsp;\r\n\r\n<a href=\"https:\/\/mylloret.lloretdemar.org\/hubfs\/Horaris%20bus\/Barcelona%20aeroport.png\"><strong>A\u00e9roport Barcelone<\/strong><\/a>\r\n\r\n<a href=\"https:\/\/mylloret.lloretdemar.org\/hubfs\/Horaris%20bus\/Girona%20aeroport.png\"><strong>A\u00e9roport G\u00e9rone<\/strong><\/a>"}]},{"acf_fc_layout":"cotxe","titol":"En voiture ","text":"Lloret de Mar poss\u00e8de trois voies d\u2019entr\u00e9e.\r\n\r\n<strong>Au sud<\/strong>, l\u2019autoroute de la c\u00f4te C-32 relie Barcelone \u00e0 Lloret jusqu\u2019\u00e0 Blanes. Les 12 derniers kilom\u00e8tres empruntent la GI-600 en direction de Blanes, puis la GI-682 en direction de Lloret de Mar.\r\n\r\n<strong>Au nord<\/strong>, depuis la France, prendre l\u2019autoroute AP-7 jusqu\u2019\u00e0 la sortie 9 (Lloret de Mar). Pour les 14 derniers kilom\u00e8tres, emprunter la C-63.\r\n\r\n<strong>Au nord-est<\/strong>, 12 km sur la GI-682 s\u00e9parent Lloret de Tossa. Une fois \u00e0 Lloret, les visiteurs disposent de plusieurs parcs de stationnement publics et priv\u00e9s pour garer leurs v\u00e9hicules durant leur s\u00e9jour.\r\n\r\nLloret de Mar est\u00e0 connectat amb Barcelona, Girona i les principals ciutats europees a trav\u00e9s de l\u00ednies regulars i serveis discrecionals.\r\n\r\nBarcelone \u2013 Lloret de Mar:\u00a0 \u00a0 80 km\u00a0 \u00a0 60 min\r\nG\u00e9rone \u2013 Lloret de Mar:\u00a0 \u00a0 \u00a0 \u00a0 \u00a042 km,\u00a0 \u00a030 min\r\nPerpignan \u2013 Lloret de Mar:\u00a0 \u00a0 115 km,\u00a0 90 min","imatge":12129,"titol_sortides":"Sorties d\u2019autoroute","sortides":[{"sortida":"AUTOROUTE AP7 SORTIE 9"},{"sortida":"AUTOROUTE C32 SORTIE 134"},{"sortida":"ROUTE N-II LLORET DE MAR "}],"llistat_cotxe":[{"titol":"Plus d'informations","text":"&nbsp;\r\n\r\n<a href=\"https:\/\/www.lloret.cat\/\">https:\/\/www.lloret.cat\/<\/a>"}]},{"acf_fc_layout":"taxi","titol":"En Taxi","text":"Lloret compte une flotte de plus de 40 taxis. Taxis de 4 \u00e0 7 places, et v\u00e9hicules am\u00e9nag\u00e9s pour transporter des personnes \u00e0 mobilit\u00e9 r\u00e9duite. Les taxis sont blancs et portent des marques d\u2019identification.","imatge":12127,"text_esquerra":"<h2>Taxis Lloret<\/h2>\r\n<strong>Informations et tarifs indicatifs :<\/strong>\r\n<a href=\"http:\/\/www.taxi-lloret.com\">www.taxi-lloret.com<\/a>\r\nT\u00e9l. : +34 972 362 525 \/ +34 972 362 000\r\n\r\n&nbsp;\r\n\r\n<a href=\"https:\/\/www.lloret.cat\/seccions\/mobilitat\/taxis\" target=\"_blank\" rel=\"noopener\"><span style=\"text-decoration: underline;\">Plus d'informations<\/span><\/a>"}]},"yoast_head":"<!-- This site is optimized with the Yoast SEO plugin v27.5 - https:\/\/yoast.com\/product\/yoast-seo-wordpress\/ -->\n<title>Comment venir \u00e0 Lloret par la route - Lloret de Mar<\/title>\n<meta name=\"robots\" content=\"index, follow, max-snippet:-1, max-image-preview:large, max-video-preview:-1\" \/>\n<link rel=\"canonical\" href=\"https:\/\/lloretdemar.org\/fr\/planifiez-votre-voyage-a-lloret-de-mar\/comment-venir-a-lloret-par-la-route\/\" \/>\n<meta property=\"og:locale\" content=\"fr_FR\" \/>\n<meta property=\"og:type\" content=\"article\" \/>\n<meta property=\"og:title\" content=\"Comment venir \u00e0 Lloret par la route - Lloret de Mar\" \/>\n<meta property=\"og:url\" content=\"https:\/\/lloretdemar.org\/fr\/planifiez-votre-voyage-a-lloret-de-mar\/comment-venir-a-lloret-par-la-route\/\" \/>\n<meta property=\"og:site_name\" content=\"Lloret de Mar\" \/>\n<meta property=\"article:publisher\" content=\"https:\/\/www.facebook.com\/Lloretturisme\" \/>\n<meta property=\"article:modified_time\" content=\"2025-09-01T07:48:18+00:00\" \/>\n<meta property=\"og:image\" content=\"https:\/\/lloretdemar.org\/wp-content\/uploads\/2020\/02\/carretera.jpg\" \/>\n\t<meta property=\"og:image:width\" content=\"1920\" \/>\n\t<meta property=\"og:image:height\" content=\"885\" \/>\n\t<meta property=\"og:image:type\" content=\"image\/jpeg\" \/>\n<meta name=\"twitter:card\" content=\"summary_large_image\" \/>\n<meta name=\"twitter:site\" content=\"@lloretturisme\" \/>\n<script type=\"application\/ld+json\" class=\"yoast-schema-graph\">{\"@context\":\"https:\\\/\\\/schema.org\",\"@graph\":[{\"@type\":\"WebPage\",\"@id\":\"https:\\\/\\\/lloretdemar.org\\\/fr\\\/planifiez-votre-voyage-a-lloret-de-mar\\\/comment-venir-a-lloret-par-la-route\\\/\",\"url\":\"https:\\\/\\\/lloretdemar.org\\\/fr\\\/planifiez-votre-voyage-a-lloret-de-mar\\\/comment-venir-a-lloret-par-la-route\\\/\",\"name\":\"Comment venir \u00e0 Lloret par la route - Lloret de Mar\",\"isPartOf\":{\"@id\":\"https:\\\/\\\/lloretdemar.org\\\/fr\\\/#website\"},\"datePublished\":\"2019-05-28T08:01:11+00:00\",\"dateModified\":\"2025-09-01T07:48:18+00:00\",\"description\":\"Lloret de Mar\",\"breadcrumb\":{\"@id\":\"https:\\\/\\\/lloretdemar.org\\\/fr\\\/planifiez-votre-voyage-a-lloret-de-mar\\\/comment-venir-a-lloret-par-la-route\\\/#breadcrumb\"},\"inLanguage\":\"fr-FR\",\"potentialAction\":[{\"@type\":\"ReadAction\",\"target\":[\"https:\\\/\\\/lloretdemar.org\\\/fr\\\/planifiez-votre-voyage-a-lloret-de-mar\\\/comment-venir-a-lloret-par-la-route\\\/\"]}]},{\"@type\":\"BreadcrumbList\",\"@id\":\"https:\\\/\\\/lloretdemar.org\\\/fr\\\/planifiez-votre-voyage-a-lloret-de-mar\\\/comment-venir-a-lloret-par-la-route\\\/#breadcrumb\",\"itemListElement\":[{\"@type\":\"ListItem\",\"position\":1,\"name\":\"Home\",\"item\":\"https:\\\/\\\/lloretdemar.org\\\/fr\\\/\"},{\"@type\":\"ListItem\",\"position\":2,\"name\":\"Planifiez votre voyage \u00e0 Lloret de Mar\",\"item\":\"https:\\\/\\\/lloretdemar.org\\\/fr\\\/planifiez-votre-voyage-a-lloret-de-mar\\\/\"},{\"@type\":\"ListItem\",\"position\":3,\"name\":\"Comment venir \u00e0 Lloret par la route\"}]},{\"@type\":\"WebSite\",\"@id\":\"https:\\\/\\\/lloretdemar.org\\\/fr\\\/#website\",\"url\":\"https:\\\/\\\/lloretdemar.org\\\/fr\\\/\",\"name\":\"Lloret de Mar\",\"description\":\"\",\"publisher\":{\"@id\":\"https:\\\/\\\/lloretdemar.org\\\/fr\\\/#organization\"},\"potentialAction\":[{\"@type\":\"SearchAction\",\"target\":{\"@type\":\"EntryPoint\",\"urlTemplate\":\"https:\\\/\\\/lloretdemar.org\\\/fr\\\/?s={search_term_string}\"},\"query-input\":{\"@type\":\"PropertyValueSpecification\",\"valueRequired\":true,\"valueName\":\"search_term_string\"}}],\"inLanguage\":\"fr-FR\"},{\"@type\":\"Organization\",\"@id\":\"https:\\\/\\\/lloretdemar.org\\\/fr\\\/#organization\",\"name\":\"Lloret de Mar\",\"url\":\"https:\\\/\\\/lloretdemar.org\\\/fr\\\/\",\"logo\":{\"@type\":\"ImageObject\",\"inLanguage\":\"fr-FR\",\"@id\":\"https:\\\/\\\/lloretdemar.org\\\/fr\\\/#\\\/schema\\\/logo\\\/image\\\/\",\"url\":\"https:\\\/\\\/lloretdemar.org\\\/wp-content\\\/uploads\\\/2020\\\/05\\\/lloret-de-mar-logo.png\",\"contentUrl\":\"https:\\\/\\\/lloretdemar.org\\\/wp-content\\\/uploads\\\/2020\\\/05\\\/lloret-de-mar-logo.png\",\"width\":87,\"height\":38,\"caption\":\"Lloret de Mar\"},\"image\":{\"@id\":\"https:\\\/\\\/lloretdemar.org\\\/fr\\\/#\\\/schema\\\/logo\\\/image\\\/\"},\"sameAs\":[\"https:\\\/\\\/www.facebook.com\\\/Lloretturisme\",\"https:\\\/\\\/x.com\\\/lloretturisme\",\"https:\\\/\\\/instagram.com\\\/lloretturisme\",\"https:\\\/\\\/www.youtube.com\\\/LloretTurisme\"]}]}<\/script>\n<!-- \/ Yoast SEO plugin. -->","yoast_head_json":{"title":"Comment venir \u00e0 Lloret par la route - Lloret de Mar","robots":{"index":"index","follow":"follow","max-snippet":"max-snippet:-1","max-image-preview":"max-image-preview:large","max-video-preview":"max-video-preview:-1"},"canonical":"https:\/\/lloretdemar.org\/fr\/planifiez-votre-voyage-a-lloret-de-mar\/comment-venir-a-lloret-par-la-route\/","og_locale":"fr_FR","og_type":"article","og_title":"Comment venir \u00e0 Lloret par la route - Lloret de Mar","og_url":"https:\/\/lloretdemar.org\/fr\/planifiez-votre-voyage-a-lloret-de-mar\/comment-venir-a-lloret-par-la-route\/","og_site_name":"Lloret de Mar","article_publisher":"https:\/\/www.facebook.com\/Lloretturisme","article_modified_time":"2025-09-01T07:48:18+00:00","og_image":[{"width":1920,"height":885,"url":"https:\/\/lloretdemar.org\/wp-content\/uploads\/2020\/02\/carretera.jpg","type":"image\/jpeg"}],"twitter_card":"summary_large_image","twitter_site":"@lloretturisme","schema":{"@context":"https:\/\/schema.org","@graph":[{"@type":"WebPage","@id":"https:\/\/lloretdemar.org\/fr\/planifiez-votre-voyage-a-lloret-de-mar\/comment-venir-a-lloret-par-la-route\/","url":"https:\/\/lloretdemar.org\/fr\/planifiez-votre-voyage-a-lloret-de-mar\/comment-venir-a-lloret-par-la-route\/","name":"Comment venir \u00e0 Lloret par la route - Lloret de Mar","isPartOf":{"@id":"https:\/\/lloretdemar.org\/fr\/#website"},"datePublished":"2019-05-28T08:01:11+00:00","dateModified":"2025-09-01T07:48:18+00:00","description":"Lloret de Mar","breadcrumb":{"@id":"https:\/\/lloretdemar.org\/fr\/planifiez-votre-voyage-a-lloret-de-mar\/comment-venir-a-lloret-par-la-route\/#breadcrumb"},"inLanguage":"fr-FR","potentialAction":[{"@type":"ReadAction","target":["https:\/\/lloretdemar.org\/fr\/planifiez-votre-voyage-a-lloret-de-mar\/comment-venir-a-lloret-par-la-route\/"]}]},{"@type":"BreadcrumbList","@id":"https:\/\/lloretdemar.org\/fr\/planifiez-votre-voyage-a-lloret-de-mar\/comment-venir-a-lloret-par-la-route\/#breadcrumb","itemListElement":[{"@type":"ListItem","position":1,"name":"Home","item":"https:\/\/lloretdemar.org\/fr\/"},{"@type":"ListItem","position":2,"name":"Planifiez votre voyage \u00e0 Lloret de Mar","item":"https:\/\/lloretdemar.org\/fr\/planifiez-votre-voyage-a-lloret-de-mar\/"},{"@type":"ListItem","position":3,"name":"Comment venir \u00e0 Lloret par la route"}]},{"@type":"WebSite","@id":"https:\/\/lloretdemar.org\/fr\/#website","url":"https:\/\/lloretdemar.org\/fr\/","name":"Lloret de Mar","description":"","publisher":{"@id":"https:\/\/lloretdemar.org\/fr\/#organization"},"potentialAction":[{"@type":"SearchAction","target":{"@type":"EntryPoint","urlTemplate":"https:\/\/lloretdemar.org\/fr\/?s={search_term_string}"},"query-input":{"@type":"PropertyValueSpecification","valueRequired":true,"valueName":"search_term_string"}}],"inLanguage":"fr-FR"},{"@type":"Organization","@id":"https:\/\/lloretdemar.org\/fr\/#organization","name":"Lloret de Mar","url":"https:\/\/lloretdemar.org\/fr\/","logo":{"@type":"ImageObject","inLanguage":"fr-FR","@id":"https:\/\/lloretdemar.org\/fr\/#\/schema\/logo\/image\/","url":"https:\/\/lloretdemar.org\/wp-content\/uploads\/2020\/05\/lloret-de-mar-logo.png","contentUrl":"https:\/\/lloretdemar.org\/wp-content\/uploads\/2020\/05\/lloret-de-mar-logo.png","width":87,"height":38,"caption":"Lloret de Mar"},"image":{"@id":"https:\/\/lloretdemar.org\/fr\/#\/schema\/logo\/image\/"},"sameAs":["https:\/\/www.facebook.com\/Lloretturisme","https:\/\/x.com\/lloretturisme","https:\/\/instagram.com\/lloretturisme","https:\/\/www.youtube.com\/LloretTurisme"]}]}},"_links":{"self":[{"href":"https:\/\/lloretdemar.org\/fr\/wp-json\/wp\/v2\/pages\/12113","targetHints":{"allow":["GET"]}}],"collection":[{"href":"https:\/\/lloretdemar.org\/fr\/wp-json\/wp\/v2\/pages"}],"about":[{"href":"https:\/\/lloretdemar.org\/fr\/wp-json\/wp\/v2\/types\/page"}],"author":[{"embeddable":true,"href":"https:\/\/lloretdemar.org\/fr\/wp-json\/wp\/v2\/users\/12"}],"replies":[{"embeddable":true,"href":"https:\/\/lloretdemar.org\/fr\/wp-json\/wp\/v2\/comments?post=12113"}],"version-history":[{"count":68,"href":"https:\/\/lloretdemar.org\/fr\/wp-json\/wp\/v2\/pages\/12113\/revisions"}],"predecessor-version":[{"id":41613,"href":"https:\/\/lloretdemar.org\/fr\/wp-json\/wp\/v2\/pages\/12113\/revisions\/41613"}],"up":[{"embeddable":true,"href":"https:\/\/lloretdemar.org\/fr\/wp-json\/wp\/v2\/pages\/11731"}],"wp:attachment":[{"href":"https:\/\/lloretdemar.org\/fr\/wp-json\/wp\/v2\/media?parent=12113"}],"curies":[{"name":"wp","href":"https:\/\/api.w.org\/{rel}","templated":true}]}}