{"id":12089,"date":"2020-03-03T12:02:25","date_gmt":"2020-03-03T11:02:25","guid":{"rendered":"http:\/\/lloretdemar.org\/amb-respecte-a-lloret-hi-cabem-tots\/"},"modified":"2020-10-21T15:06:13","modified_gmt":"2020-10-21T13:06:13","slug":"avec-un-peu-de-respect-nous-avons-tous-notre-place-a-lloret","status":"publish","type":"page","link":"https:\/\/lloretdemar.org\/fr\/decouvrez-lloret-de-mar\/avec-un-peu-de-respect-nous-avons-tous-notre-place-a-lloret\/","title":{"rendered":"\u201cAvec un peu de respect, nous avons tous notre place \u00e0 Lloret\u201d"},"content":{"rendered":"","protected":false},"excerpt":{"rendered":"","protected":false},"author":12,"featured_media":0,"parent":10901,"menu_order":0,"comment_status":"closed","ping_status":"closed","template":"page-templates\/informacio-3.php","meta":{"_acf_changed":false,"content-type":"","footnotes":""},"class_list":["post-12089","page","type-page","status-publish","hentry"],"acf":{"banner_imatge":7392,"banner_titol":"Campagne de Civisme","banner_subtitol":"","botons_blanc_o_negres":"defecte","banner_links":null,"apartats":null,"columna_esquerra":"Ces trois derni\u00e8res ann\u00e9es, Lloret de Mar a promu plusieurs campagnes de civisme avec pour devise \u00ab Avec un peu de respect, nous avons tous notre place \u00e0 Lloret \u00bb.\r\n\r\n&nbsp;\r\n\r\nCes campagnes ont pour objectif de renforcer et am\u00e9liorer les relations entre les r\u00e9sidents et les touristes, et de les impliquer dans un projet commun favorisant le respect et la coexistence, dans une perspective positive et d\u00e9tendue, en encourageant chacun \u00e0 y participer activement.\r\n\r\n&nbsp;\r\n\r\nCes campagnes abordent des questions telles que la coexistence, le bruit ou le recyclage.","columna_dreta":"<strong>Posa\u2019t la samarreta \u2013 campagne 2017<\/strong>\r\nRappelle aux touristes qu\u2019ils doivent porter un t-shirt lorsqu\u2019ils quittent la plage.\r\n\r\n&nbsp;\r\n\r\n<strong>Enjoy the silence, Make peace not noise ou Love your ears \u2013 campagne 2018<\/strong>\r\nInvite \u00e0 baisser les niveaux de bruit pour garantir la bonne coexistence des citoyens, en particulier la nuit.\r\n\r\n&nbsp;\r\n\r\n<strong>No tractis Lloret com un residu. Ajuda\u2019ns a mantenir-lo m\u00e9s net i fer-lo sostenible \u2013 campagne 2019<\/strong>\r\nCette campagne visait \u00e0 engager activement les visiteurs et les r\u00e9sidents en faveur de l\u2019environnement et du traitement responsable des d\u00e9chets.\r\n\r\n&nbsp;\r\n\r\nDepuis toujours... \u00e0 Lloret, tout le monde trouve sa place!","color_fons":"","imatge_fons":"","blocs_rosa_titol":"","blocs_rosa_subtitol":"","blocs_rosa":null,"frase":"","festius_titol":"","festius_subtitol":"","festius_llista":null,"banner_hub_imatge":10921,"banner_hub_imatge_titol":"LLORET\r\nHUB","banner_hub_titol":"LLORET DE MAR\r\nVOTRE POINT DE D\u00c9PART","banner_hub_text":"5 itin\u00e9raires au d\u00e9part de Lloret de Mar pour d\u00e9couvrir notre territoire","banner_hub_link":{"title":"Lloret Hub","url":"http:\/\/lloretdemar.org\/sobre-lloret-de-mar\/lloret-hub\/","target":""}},"yoast_head":"<!-- This site is optimized with the Yoast SEO plugin v27.5 - https:\/\/yoast.com\/product\/yoast-seo-wordpress\/ -->\n<title>\u201cAvec un peu de respect, nous avons tous notre place \u00e0 Lloret\u201d - Lloret de Mar<\/title>\n<meta name=\"robots\" content=\"index, follow, max-snippet:-1, max-image-preview:large, max-video-preview:-1\" \/>\n<link rel=\"canonical\" href=\"https:\/\/lloretdemar.org\/fr\/decouvrez-lloret-de-mar\/avec-un-peu-de-respect-nous-avons-tous-notre-place-a-lloret\/\" \/>\n<meta property=\"og:locale\" content=\"fr_FR\" \/>\n<meta property=\"og:type\" content=\"article\" \/>\n<meta property=\"og:title\" content=\"\u201cAvec un peu de respect, nous avons tous notre place \u00e0 Lloret\u201d - Lloret de Mar\" \/>\n<meta property=\"og:url\" content=\"https:\/\/lloretdemar.org\/fr\/decouvrez-lloret-de-mar\/avec-un-peu-de-respect-nous-avons-tous-notre-place-a-lloret\/\" \/>\n<meta property=\"og:site_name\" content=\"Lloret de Mar\" \/>\n<meta property=\"article:publisher\" content=\"https:\/\/www.facebook.com\/Lloretturisme\" \/>\n<meta property=\"article:modified_time\" content=\"2020-10-21T13:06:13+00:00\" \/>\n<meta property=\"og:image\" content=\"https:\/\/lloretdemar.org\/wp-content\/uploads\/2020\/03\/civisme.jpg\" \/>\n\t<meta property=\"og:image:width\" content=\"1920\" \/>\n\t<meta property=\"og:image:height\" content=\"885\" \/>\n\t<meta property=\"og:image:type\" content=\"image\/jpeg\" \/>\n<meta name=\"twitter:card\" content=\"summary_large_image\" \/>\n<meta name=\"twitter:site\" content=\"@lloretturisme\" \/>\n<script type=\"application\/ld+json\" class=\"yoast-schema-graph\">{\"@context\":\"https:\\\/\\\/schema.org\",\"@graph\":[{\"@type\":\"WebPage\",\"@id\":\"https:\\\/\\\/lloretdemar.org\\\/fr\\\/decouvrez-lloret-de-mar\\\/avec-un-peu-de-respect-nous-avons-tous-notre-place-a-lloret\\\/\",\"url\":\"https:\\\/\\\/lloretdemar.org\\\/fr\\\/decouvrez-lloret-de-mar\\\/avec-un-peu-de-respect-nous-avons-tous-notre-place-a-lloret\\\/\",\"name\":\"\u201cAvec un peu de respect, nous avons tous notre place \u00e0 Lloret\u201d - Lloret de Mar\",\"isPartOf\":{\"@id\":\"https:\\\/\\\/lloretdemar.org\\\/fr\\\/#website\"},\"datePublished\":\"2020-03-03T11:02:25+00:00\",\"dateModified\":\"2020-10-21T13:06:13+00:00\",\"description\":\"Lloret de Mar\",\"breadcrumb\":{\"@id\":\"https:\\\/\\\/lloretdemar.org\\\/fr\\\/decouvrez-lloret-de-mar\\\/avec-un-peu-de-respect-nous-avons-tous-notre-place-a-lloret\\\/#breadcrumb\"},\"inLanguage\":\"fr-FR\",\"potentialAction\":[{\"@type\":\"ReadAction\",\"target\":[\"https:\\\/\\\/lloretdemar.org\\\/fr\\\/decouvrez-lloret-de-mar\\\/avec-un-peu-de-respect-nous-avons-tous-notre-place-a-lloret\\\/\"]}]},{\"@type\":\"BreadcrumbList\",\"@id\":\"https:\\\/\\\/lloretdemar.org\\\/fr\\\/decouvrez-lloret-de-mar\\\/avec-un-peu-de-respect-nous-avons-tous-notre-place-a-lloret\\\/#breadcrumb\",\"itemListElement\":[{\"@type\":\"ListItem\",\"position\":1,\"name\":\"Home\",\"item\":\"https:\\\/\\\/lloretdemar.org\\\/fr\\\/\"},{\"@type\":\"ListItem\",\"position\":2,\"name\":\"D\u00e9couvrez Lloret de Mar\",\"item\":\"https:\\\/\\\/lloretdemar.org\\\/fr\\\/decouvrez-lloret-de-mar\\\/\"},{\"@type\":\"ListItem\",\"position\":3,\"name\":\"\u201cAvec un peu de respect, nous avons tous notre place \u00e0 Lloret\u201d\"}]},{\"@type\":\"WebSite\",\"@id\":\"https:\\\/\\\/lloretdemar.org\\\/fr\\\/#website\",\"url\":\"https:\\\/\\\/lloretdemar.org\\\/fr\\\/\",\"name\":\"Lloret de Mar\",\"description\":\"\",\"publisher\":{\"@id\":\"https:\\\/\\\/lloretdemar.org\\\/fr\\\/#organization\"},\"potentialAction\":[{\"@type\":\"SearchAction\",\"target\":{\"@type\":\"EntryPoint\",\"urlTemplate\":\"https:\\\/\\\/lloretdemar.org\\\/fr\\\/?s={search_term_string}\"},\"query-input\":{\"@type\":\"PropertyValueSpecification\",\"valueRequired\":true,\"valueName\":\"search_term_string\"}}],\"inLanguage\":\"fr-FR\"},{\"@type\":\"Organization\",\"@id\":\"https:\\\/\\\/lloretdemar.org\\\/fr\\\/#organization\",\"name\":\"Lloret de Mar\",\"url\":\"https:\\\/\\\/lloretdemar.org\\\/fr\\\/\",\"logo\":{\"@type\":\"ImageObject\",\"inLanguage\":\"fr-FR\",\"@id\":\"https:\\\/\\\/lloretdemar.org\\\/fr\\\/#\\\/schema\\\/logo\\\/image\\\/\",\"url\":\"https:\\\/\\\/lloretdemar.org\\\/wp-content\\\/uploads\\\/2020\\\/05\\\/lloret-de-mar-logo.png\",\"contentUrl\":\"https:\\\/\\\/lloretdemar.org\\\/wp-content\\\/uploads\\\/2020\\\/05\\\/lloret-de-mar-logo.png\",\"width\":87,\"height\":38,\"caption\":\"Lloret de Mar\"},\"image\":{\"@id\":\"https:\\\/\\\/lloretdemar.org\\\/fr\\\/#\\\/schema\\\/logo\\\/image\\\/\"},\"sameAs\":[\"https:\\\/\\\/www.facebook.com\\\/Lloretturisme\",\"https:\\\/\\\/x.com\\\/lloretturisme\",\"https:\\\/\\\/instagram.com\\\/lloretturisme\",\"https:\\\/\\\/www.youtube.com\\\/LloretTurisme\"]}]}<\/script>\n<!-- \/ Yoast SEO plugin. -->","yoast_head_json":{"title":"\u201cAvec un peu de respect, nous avons tous notre place \u00e0 Lloret\u201d - Lloret de Mar","robots":{"index":"index","follow":"follow","max-snippet":"max-snippet:-1","max-image-preview":"max-image-preview:large","max-video-preview":"max-video-preview:-1"},"canonical":"https:\/\/lloretdemar.org\/fr\/decouvrez-lloret-de-mar\/avec-un-peu-de-respect-nous-avons-tous-notre-place-a-lloret\/","og_locale":"fr_FR","og_type":"article","og_title":"\u201cAvec un peu de respect, nous avons tous notre place \u00e0 Lloret\u201d - Lloret de Mar","og_url":"https:\/\/lloretdemar.org\/fr\/decouvrez-lloret-de-mar\/avec-un-peu-de-respect-nous-avons-tous-notre-place-a-lloret\/","og_site_name":"Lloret de Mar","article_publisher":"https:\/\/www.facebook.com\/Lloretturisme","article_modified_time":"2020-10-21T13:06:13+00:00","og_image":[{"width":1920,"height":885,"url":"https:\/\/lloretdemar.org\/wp-content\/uploads\/2020\/03\/civisme.jpg","type":"image\/jpeg"}],"twitter_card":"summary_large_image","twitter_site":"@lloretturisme","schema":{"@context":"https:\/\/schema.org","@graph":[{"@type":"WebPage","@id":"https:\/\/lloretdemar.org\/fr\/decouvrez-lloret-de-mar\/avec-un-peu-de-respect-nous-avons-tous-notre-place-a-lloret\/","url":"https:\/\/lloretdemar.org\/fr\/decouvrez-lloret-de-mar\/avec-un-peu-de-respect-nous-avons-tous-notre-place-a-lloret\/","name":"\u201cAvec un peu de respect, nous avons tous notre place \u00e0 Lloret\u201d - Lloret de Mar","isPartOf":{"@id":"https:\/\/lloretdemar.org\/fr\/#website"},"datePublished":"2020-03-03T11:02:25+00:00","dateModified":"2020-10-21T13:06:13+00:00","description":"Lloret de Mar","breadcrumb":{"@id":"https:\/\/lloretdemar.org\/fr\/decouvrez-lloret-de-mar\/avec-un-peu-de-respect-nous-avons-tous-notre-place-a-lloret\/#breadcrumb"},"inLanguage":"fr-FR","potentialAction":[{"@type":"ReadAction","target":["https:\/\/lloretdemar.org\/fr\/decouvrez-lloret-de-mar\/avec-un-peu-de-respect-nous-avons-tous-notre-place-a-lloret\/"]}]},{"@type":"BreadcrumbList","@id":"https:\/\/lloretdemar.org\/fr\/decouvrez-lloret-de-mar\/avec-un-peu-de-respect-nous-avons-tous-notre-place-a-lloret\/#breadcrumb","itemListElement":[{"@type":"ListItem","position":1,"name":"Home","item":"https:\/\/lloretdemar.org\/fr\/"},{"@type":"ListItem","position":2,"name":"D\u00e9couvrez Lloret de Mar","item":"https:\/\/lloretdemar.org\/fr\/decouvrez-lloret-de-mar\/"},{"@type":"ListItem","position":3,"name":"\u201cAvec un peu de respect, nous avons tous notre place \u00e0 Lloret\u201d"}]},{"@type":"WebSite","@id":"https:\/\/lloretdemar.org\/fr\/#website","url":"https:\/\/lloretdemar.org\/fr\/","name":"Lloret de Mar","description":"","publisher":{"@id":"https:\/\/lloretdemar.org\/fr\/#organization"},"potentialAction":[{"@type":"SearchAction","target":{"@type":"EntryPoint","urlTemplate":"https:\/\/lloretdemar.org\/fr\/?s={search_term_string}"},"query-input":{"@type":"PropertyValueSpecification","valueRequired":true,"valueName":"search_term_string"}}],"inLanguage":"fr-FR"},{"@type":"Organization","@id":"https:\/\/lloretdemar.org\/fr\/#organization","name":"Lloret de Mar","url":"https:\/\/lloretdemar.org\/fr\/","logo":{"@type":"ImageObject","inLanguage":"fr-FR","@id":"https:\/\/lloretdemar.org\/fr\/#\/schema\/logo\/image\/","url":"https:\/\/lloretdemar.org\/wp-content\/uploads\/2020\/05\/lloret-de-mar-logo.png","contentUrl":"https:\/\/lloretdemar.org\/wp-content\/uploads\/2020\/05\/lloret-de-mar-logo.png","width":87,"height":38,"caption":"Lloret de Mar"},"image":{"@id":"https:\/\/lloretdemar.org\/fr\/#\/schema\/logo\/image\/"},"sameAs":["https:\/\/www.facebook.com\/Lloretturisme","https:\/\/x.com\/lloretturisme","https:\/\/instagram.com\/lloretturisme","https:\/\/www.youtube.com\/LloretTurisme"]}]}},"_links":{"self":[{"href":"https:\/\/lloretdemar.org\/fr\/wp-json\/wp\/v2\/pages\/12089","targetHints":{"allow":["GET"]}}],"collection":[{"href":"https:\/\/lloretdemar.org\/fr\/wp-json\/wp\/v2\/pages"}],"about":[{"href":"https:\/\/lloretdemar.org\/fr\/wp-json\/wp\/v2\/types\/page"}],"author":[{"embeddable":true,"href":"https:\/\/lloretdemar.org\/fr\/wp-json\/wp\/v2\/users\/12"}],"replies":[{"embeddable":true,"href":"https:\/\/lloretdemar.org\/fr\/wp-json\/wp\/v2\/comments?post=12089"}],"version-history":[{"count":0,"href":"https:\/\/lloretdemar.org\/fr\/wp-json\/wp\/v2\/pages\/12089\/revisions"}],"up":[{"embeddable":true,"href":"https:\/\/lloretdemar.org\/fr\/wp-json\/wp\/v2\/pages\/10901"}],"wp:attachment":[{"href":"https:\/\/lloretdemar.org\/fr\/wp-json\/wp\/v2\/media?parent=12089"}],"curies":[{"name":"wp","href":"https:\/\/api.w.org\/{rel}","templated":true}]}}