{"id":11908,"date":"2020-01-27T09:21:18","date_gmt":"2020-01-27T08:21:18","guid":{"rendered":"http:\/\/lloretdemar.org\/compres\/"},"modified":"2020-11-05T10:52:48","modified_gmt":"2020-11-05T09:52:48","slug":"achats","status":"publish","type":"page","link":"https:\/\/lloretdemar.org\/fr\/quoi-faire-a-lloret\/lloret-de-mar-en-journee\/achats\/","title":{"rendered":"Achats"},"content":{"rendered":"\n<p>Profitez des \u00e9tablissements commerciaux de Lloret, o\u00f9 vous trouverez tous les produits et l\u2019accueil que vous m\u00e9ritez.<\/p>\n\n\n\n<p>Fort d\u2019un millier d\u2019\u00e9tablissements, le commerce de Lloret de Mar repr\u00e9sente le deuxi\u00e8me moteur \u00e9conomique de la ville. L\u2019ampleur et la diversit\u00e9 de l\u2019offre commerciale de Lloret permettent aux visiteurs de trouver toutes sortes d\u2019articles et de produits. <\/p>\n\n\n\n<p>Certains commerces de Lloret ouvrent tous les jours, toute l\u2019ann\u00e9e, y compris le dimanche.<br>\nTout au long de l\u2019ann\u00e9e, la ville organise des activit\u00e9s et des \u00e9v\u00e9nements tels que la Foire m\u00e9di\u00e9vale ou la Lloret Night Shopping, v\u00e9ritable f\u00eate pendant laquelle les boutiques ouvrent jusqu\u2019\u00e0 l\u2019aube. La nuit est ponctu\u00e9e de d\u00e9fil\u00e9s de mode et performances, anim\u00e9e par des musiciens, dans une ambiance chaleureuse.<\/p>\n\n\n\n<p>Nous vous recommandons \u00e9galement de vous promener sur le march\u00e9 hebdomadaire du mardi, qui se tient au Rieral ; en fl\u00e2nant, vous y trouverez de nombreux \u00e9tals proposant des produits artisanaux, v\u00eatements, alimentation, etc.<\/p>\n\n\n\n<p>Vous pouvez aussi faire une petite visite au march\u00e9 municipal, o\u00f9 sont vendus des produits frais et un large choix des produits locaux les plus typiques de notre gastronomie<\/p>\n","protected":false},"excerpt":{"rendered":"<p>Profitez des \u00e9tablissements commerciaux de Lloret, o\u00f9 vous trouverez tous les produits et l\u2019accueil que vous m\u00e9ritez. Fort d\u2019un millier d\u2019\u00e9tablissements, le commerce de Lloret de Mar repr\u00e9sente le deuxi\u00e8me moteur \u00e9conomique de la ville. L\u2019ampleur et la diversit\u00e9 de l\u2019offre commerciale de Lloret permettent aux visiteurs de trouver toutes sortes d\u2019articles et de produits. [&hellip;]<\/p>\n","protected":false},"author":12,"featured_media":0,"parent":13230,"menu_order":0,"comment_status":"closed","ping_status":"closed","template":"page-templates\/puntinteres.php","meta":{"_acf_changed":false,"content-type":"","footnotes":""},"class_list":["post-11908","page","type-page","status-publish","hentry"],"acf":{"enllac_directori":true,"imatges":[{"imatge":11909}],"blocs":null,"direccio":{"titol_bloc":"Plus d'informations","contingut_bloc":"Pour plus de renseignements, consultez ici:\r\n\r\n<strong><a href=\"https:\/\/www.lloretshopping.com\/fr\" target=\"_blank\" rel=\"noopener\">Association des commer\u00e7ants de Lloret de Mar<\/a><\/strong>","mapa":{"address":"Av. del Rieral, 17310 Lloret de Mar, Girona, Espanya","lat":41.706932599999988,"lng":2.8399364,"zoom":14,"place_id":"ChIJ6yh_IWwXuxIRB0Ml_lGN8KI","street_name":"Avinguda del Rieral","street_name_short":"Av. del Rieral","city":"Lloret de Mar","state":"Catalunya","state_short":"CT","post_code":17310,"country":"Espanya","country_short":"ES"}},"mes_informacio":{"titol_mes_info":"","contingut_mes_info":""},"viatge":{"titol_viatge":"Vous avez pr\u00e9vu de venir \u00e0 Lloret de Mar ?","contingut_viatge":"Organisez votre s\u00e9jour \u00e0 Lloret de Mar","link_viatge":{"title":"Planificateur","url":"http:\/\/lloretdemar.org\/planificador\/","target":""}},"apartats":null},"yoast_head":"<!-- This site is optimized with the Yoast SEO plugin v27.5 - https:\/\/yoast.com\/product\/yoast-seo-wordpress\/ -->\n<title>Achats - Lloret de Mar<\/title>\n<meta name=\"description\" content=\"Profitez des \u00e9tablissements commerciaux de Lloret, o\u00f9 vous trouverez tous les produits et l\u2019accueil que vous m\u00e9ritez. Fort d\u2019un millier d\u2019\u00e9tablissements, le commerce de Lloret de Mar repr\u00e9sente le deuxi\u00e8me moteur \u00e9conomique de la ville. L\u2019ampleur et la diversit\u00e9 de l\u2019offre commerciale de Lloret permettent aux visiteurs de trouver toutes sortes d\u2019articles et de produits.\u2026\" \/>\n<meta name=\"robots\" content=\"index, follow, max-snippet:-1, max-image-preview:large, max-video-preview:-1\" \/>\n<link rel=\"canonical\" href=\"https:\/\/lloretdemar.org\/fr\/quoi-faire-a-lloret\/lloret-de-mar-en-journee\/achats\/\" \/>\n<meta property=\"og:locale\" content=\"fr_FR\" \/>\n<meta property=\"og:type\" content=\"article\" \/>\n<meta property=\"og:title\" content=\"Achats - Lloret de Mar\" \/>\n<meta property=\"og:description\" content=\"Profitez des \u00e9tablissements commerciaux de Lloret, o\u00f9 vous trouverez tous les produits et l\u2019accueil que vous m\u00e9ritez. Fort d\u2019un millier d\u2019\u00e9tablissements, le commerce de Lloret de Mar repr\u00e9sente le deuxi\u00e8me moteur \u00e9conomique de la ville. L\u2019ampleur et la diversit\u00e9 de l\u2019offre commerciale de Lloret permettent aux visiteurs de trouver toutes sortes d\u2019articles et de produits.\u2026\" \/>\n<meta property=\"og:url\" content=\"https:\/\/lloretdemar.org\/fr\/quoi-faire-a-lloret\/lloret-de-mar-en-journee\/achats\/\" \/>\n<meta property=\"og:site_name\" content=\"Lloret de Mar\" \/>\n<meta property=\"article:publisher\" content=\"https:\/\/www.facebook.com\/Lloretturisme\" \/>\n<meta property=\"article:modified_time\" content=\"2020-11-05T09:52:48+00:00\" \/>\n<meta property=\"og:image\" content=\"https:\/\/lloretdemar.org\/wp-content\/uploads\/2020\/02\/slide-04.jpg\" \/>\n\t<meta property=\"og:image:width\" content=\"1920\" \/>\n\t<meta property=\"og:image:height\" content=\"885\" \/>\n\t<meta property=\"og:image:type\" content=\"image\/jpeg\" \/>\n<meta name=\"twitter:card\" content=\"summary_large_image\" \/>\n<meta name=\"twitter:site\" content=\"@lloretturisme\" \/>\n<meta name=\"twitter:label1\" content=\"Dur\u00e9e de lecture estim\u00e9e\" \/>\n\t<meta name=\"twitter:data1\" content=\"1 minute\" \/>\n<script type=\"application\/ld+json\" class=\"yoast-schema-graph\">{\"@context\":\"https:\\\/\\\/schema.org\",\"@graph\":[{\"@type\":\"WebPage\",\"@id\":\"https:\\\/\\\/lloretdemar.org\\\/fr\\\/quoi-faire-a-lloret\\\/lloret-de-mar-en-journee\\\/achats\\\/\",\"url\":\"https:\\\/\\\/lloretdemar.org\\\/fr\\\/quoi-faire-a-lloret\\\/lloret-de-mar-en-journee\\\/achats\\\/\",\"name\":\"Achats - Lloret de Mar\",\"isPartOf\":{\"@id\":\"https:\\\/\\\/lloretdemar.org\\\/fr\\\/#website\"},\"datePublished\":\"2020-01-27T08:21:18+00:00\",\"dateModified\":\"2020-11-05T09:52:48+00:00\",\"description\":\"Lloret de Mar\",\"breadcrumb\":{\"@id\":\"https:\\\/\\\/lloretdemar.org\\\/fr\\\/quoi-faire-a-lloret\\\/lloret-de-mar-en-journee\\\/achats\\\/#breadcrumb\"},\"inLanguage\":\"fr-FR\",\"potentialAction\":[{\"@type\":\"ReadAction\",\"target\":[\"https:\\\/\\\/lloretdemar.org\\\/fr\\\/quoi-faire-a-lloret\\\/lloret-de-mar-en-journee\\\/achats\\\/\"]}]},{\"@type\":\"BreadcrumbList\",\"@id\":\"https:\\\/\\\/lloretdemar.org\\\/fr\\\/quoi-faire-a-lloret\\\/lloret-de-mar-en-journee\\\/achats\\\/#breadcrumb\",\"itemListElement\":[{\"@type\":\"ListItem\",\"position\":1,\"name\":\"Home\",\"item\":\"https:\\\/\\\/lloretdemar.org\\\/fr\\\/\"},{\"@type\":\"ListItem\",\"position\":2,\"name\":\"Quoi faire \u00e0 Lloret\",\"item\":\"https:\\\/\\\/lloretdemar.org\\\/fr\\\/quoi-faire-a-lloret\\\/\"},{\"@type\":\"ListItem\",\"position\":3,\"name\":\"Lloret de Mar en Journ\u00e9e\",\"item\":\"https:\\\/\\\/lloretdemar.org\\\/fr\\\/quoi-faire-a-lloret\\\/lloret-de-mar-en-journee\\\/\"},{\"@type\":\"ListItem\",\"position\":4,\"name\":\"Achats\"}]},{\"@type\":\"WebSite\",\"@id\":\"https:\\\/\\\/lloretdemar.org\\\/fr\\\/#website\",\"url\":\"https:\\\/\\\/lloretdemar.org\\\/fr\\\/\",\"name\":\"Lloret de Mar\",\"description\":\"\",\"publisher\":{\"@id\":\"https:\\\/\\\/lloretdemar.org\\\/fr\\\/#organization\"},\"potentialAction\":[{\"@type\":\"SearchAction\",\"target\":{\"@type\":\"EntryPoint\",\"urlTemplate\":\"https:\\\/\\\/lloretdemar.org\\\/fr\\\/?s={search_term_string}\"},\"query-input\":{\"@type\":\"PropertyValueSpecification\",\"valueRequired\":true,\"valueName\":\"search_term_string\"}}],\"inLanguage\":\"fr-FR\"},{\"@type\":\"Organization\",\"@id\":\"https:\\\/\\\/lloretdemar.org\\\/fr\\\/#organization\",\"name\":\"Lloret de Mar\",\"url\":\"https:\\\/\\\/lloretdemar.org\\\/fr\\\/\",\"logo\":{\"@type\":\"ImageObject\",\"inLanguage\":\"fr-FR\",\"@id\":\"https:\\\/\\\/lloretdemar.org\\\/fr\\\/#\\\/schema\\\/logo\\\/image\\\/\",\"url\":\"https:\\\/\\\/lloretdemar.org\\\/wp-content\\\/uploads\\\/2020\\\/05\\\/lloret-de-mar-logo.png\",\"contentUrl\":\"https:\\\/\\\/lloretdemar.org\\\/wp-content\\\/uploads\\\/2020\\\/05\\\/lloret-de-mar-logo.png\",\"width\":87,\"height\":38,\"caption\":\"Lloret de Mar\"},\"image\":{\"@id\":\"https:\\\/\\\/lloretdemar.org\\\/fr\\\/#\\\/schema\\\/logo\\\/image\\\/\"},\"sameAs\":[\"https:\\\/\\\/www.facebook.com\\\/Lloretturisme\",\"https:\\\/\\\/x.com\\\/lloretturisme\",\"https:\\\/\\\/instagram.com\\\/lloretturisme\",\"https:\\\/\\\/www.youtube.com\\\/LloretTurisme\"]}]}<\/script>\n<!-- \/ Yoast SEO plugin. -->","yoast_head_json":{"title":"Achats - Lloret de Mar","description":"Profitez des \u00e9tablissements commerciaux de Lloret, o\u00f9 vous trouverez tous les produits et l\u2019accueil que vous m\u00e9ritez. Fort d\u2019un millier d\u2019\u00e9tablissements, le commerce de Lloret de Mar repr\u00e9sente le deuxi\u00e8me moteur \u00e9conomique de la ville. L\u2019ampleur et la diversit\u00e9 de l\u2019offre commerciale de Lloret permettent aux visiteurs de trouver toutes sortes d\u2019articles et de produits.\u2026","robots":{"index":"index","follow":"follow","max-snippet":"max-snippet:-1","max-image-preview":"max-image-preview:large","max-video-preview":"max-video-preview:-1"},"canonical":"https:\/\/lloretdemar.org\/fr\/quoi-faire-a-lloret\/lloret-de-mar-en-journee\/achats\/","og_locale":"fr_FR","og_type":"article","og_title":"Achats - Lloret de Mar","og_description":"Profitez des \u00e9tablissements commerciaux de Lloret, o\u00f9 vous trouverez tous les produits et l\u2019accueil que vous m\u00e9ritez. Fort d\u2019un millier d\u2019\u00e9tablissements, le commerce de Lloret de Mar repr\u00e9sente le deuxi\u00e8me moteur \u00e9conomique de la ville. L\u2019ampleur et la diversit\u00e9 de l\u2019offre commerciale de Lloret permettent aux visiteurs de trouver toutes sortes d\u2019articles et de produits.\u2026","og_url":"https:\/\/lloretdemar.org\/fr\/quoi-faire-a-lloret\/lloret-de-mar-en-journee\/achats\/","og_site_name":"Lloret de Mar","article_publisher":"https:\/\/www.facebook.com\/Lloretturisme","article_modified_time":"2020-11-05T09:52:48+00:00","og_image":[{"width":1920,"height":885,"url":"https:\/\/lloretdemar.org\/wp-content\/uploads\/2020\/02\/slide-04.jpg","type":"image\/jpeg"}],"twitter_card":"summary_large_image","twitter_site":"@lloretturisme","twitter_misc":{"Dur\u00e9e de lecture estim\u00e9e":"1 minute"},"schema":{"@context":"https:\/\/schema.org","@graph":[{"@type":"WebPage","@id":"https:\/\/lloretdemar.org\/fr\/quoi-faire-a-lloret\/lloret-de-mar-en-journee\/achats\/","url":"https:\/\/lloretdemar.org\/fr\/quoi-faire-a-lloret\/lloret-de-mar-en-journee\/achats\/","name":"Achats - Lloret de Mar","isPartOf":{"@id":"https:\/\/lloretdemar.org\/fr\/#website"},"datePublished":"2020-01-27T08:21:18+00:00","dateModified":"2020-11-05T09:52:48+00:00","description":"Lloret de Mar","breadcrumb":{"@id":"https:\/\/lloretdemar.org\/fr\/quoi-faire-a-lloret\/lloret-de-mar-en-journee\/achats\/#breadcrumb"},"inLanguage":"fr-FR","potentialAction":[{"@type":"ReadAction","target":["https:\/\/lloretdemar.org\/fr\/quoi-faire-a-lloret\/lloret-de-mar-en-journee\/achats\/"]}]},{"@type":"BreadcrumbList","@id":"https:\/\/lloretdemar.org\/fr\/quoi-faire-a-lloret\/lloret-de-mar-en-journee\/achats\/#breadcrumb","itemListElement":[{"@type":"ListItem","position":1,"name":"Home","item":"https:\/\/lloretdemar.org\/fr\/"},{"@type":"ListItem","position":2,"name":"Quoi faire \u00e0 Lloret","item":"https:\/\/lloretdemar.org\/fr\/quoi-faire-a-lloret\/"},{"@type":"ListItem","position":3,"name":"Lloret de Mar en Journ\u00e9e","item":"https:\/\/lloretdemar.org\/fr\/quoi-faire-a-lloret\/lloret-de-mar-en-journee\/"},{"@type":"ListItem","position":4,"name":"Achats"}]},{"@type":"WebSite","@id":"https:\/\/lloretdemar.org\/fr\/#website","url":"https:\/\/lloretdemar.org\/fr\/","name":"Lloret de Mar","description":"","publisher":{"@id":"https:\/\/lloretdemar.org\/fr\/#organization"},"potentialAction":[{"@type":"SearchAction","target":{"@type":"EntryPoint","urlTemplate":"https:\/\/lloretdemar.org\/fr\/?s={search_term_string}"},"query-input":{"@type":"PropertyValueSpecification","valueRequired":true,"valueName":"search_term_string"}}],"inLanguage":"fr-FR"},{"@type":"Organization","@id":"https:\/\/lloretdemar.org\/fr\/#organization","name":"Lloret de Mar","url":"https:\/\/lloretdemar.org\/fr\/","logo":{"@type":"ImageObject","inLanguage":"fr-FR","@id":"https:\/\/lloretdemar.org\/fr\/#\/schema\/logo\/image\/","url":"https:\/\/lloretdemar.org\/wp-content\/uploads\/2020\/05\/lloret-de-mar-logo.png","contentUrl":"https:\/\/lloretdemar.org\/wp-content\/uploads\/2020\/05\/lloret-de-mar-logo.png","width":87,"height":38,"caption":"Lloret de Mar"},"image":{"@id":"https:\/\/lloretdemar.org\/fr\/#\/schema\/logo\/image\/"},"sameAs":["https:\/\/www.facebook.com\/Lloretturisme","https:\/\/x.com\/lloretturisme","https:\/\/instagram.com\/lloretturisme","https:\/\/www.youtube.com\/LloretTurisme"]}]}},"_links":{"self":[{"href":"https:\/\/lloretdemar.org\/fr\/wp-json\/wp\/v2\/pages\/11908","targetHints":{"allow":["GET"]}}],"collection":[{"href":"https:\/\/lloretdemar.org\/fr\/wp-json\/wp\/v2\/pages"}],"about":[{"href":"https:\/\/lloretdemar.org\/fr\/wp-json\/wp\/v2\/types\/page"}],"author":[{"embeddable":true,"href":"https:\/\/lloretdemar.org\/fr\/wp-json\/wp\/v2\/users\/12"}],"replies":[{"embeddable":true,"href":"https:\/\/lloretdemar.org\/fr\/wp-json\/wp\/v2\/comments?post=11908"}],"version-history":[{"count":0,"href":"https:\/\/lloretdemar.org\/fr\/wp-json\/wp\/v2\/pages\/11908\/revisions"}],"up":[{"embeddable":true,"href":"https:\/\/lloretdemar.org\/fr\/wp-json\/wp\/v2\/pages\/13230"}],"wp:attachment":[{"href":"https:\/\/lloretdemar.org\/fr\/wp-json\/wp\/v2\/media?parent=11908"}],"curies":[{"name":"wp","href":"https:\/\/api.w.org\/{rel}","templated":true}]}}