{"id":11860,"date":"2020-02-07T13:38:33","date_gmt":"2020-02-07T12:38:33","guid":{"rendered":"http:\/\/lloretdemar.org\/turisme-esportiu-a-lloret-de-mar\/"},"modified":"2025-07-23T17:35:31","modified_gmt":"2025-07-23T15:35:31","slug":"tourisme-sportif-a-lloret-de-mar","status":"publish","type":"page","link":"https:\/\/lloretdemar.org\/fr\/quoi-faire-a-lloret\/lloret-de-mar-en-journee\/tourisme-sportif-a-lloret-de-mar\/","title":{"rendered":"Tourisme sportif \u00e0 Lloret de Mar"},"content":{"rendered":"<p>Lloret de Mar b\u00e9n\u00e9ficie de temp\u00e9ratures douces et de longues heures d&rsquo;ensoleillement tout au long de l&rsquo;ann\u00e9e. De plus, sa situation privil\u00e9gi\u00e9e au sud de la Costa Brava, son environnement naturel d&rsquo;une grande beaut\u00e9 et son large \u00e9ventail d&rsquo;installations et d&rsquo;\u00e9quipements sportifs font de Lloret de Mar une destination id\u00e9ale pour la pratique du sport. La ville a une longue tradition dans le tourisme sportif et est certifi\u00e9e par le label DTE (Destination Tourisme Sportif) de l&rsquo;Agence Catalane du Tourisme dans les disciplines sportives suivantes : football, athl\u00e9tisme, cyclisme, natation, sports collectifs et triathlon. Lloret se distingue par ses ressources et ses services sp\u00e9cialis\u00e9s de haute qualit\u00e9 destin\u00e9s aussi bien aux sportifs de haut niveau et aux professionnels qu&rsquo;aux amateurs et aux touristes qui souhaitent pratiquer des activit\u00e9s sportives sur place.<\/p>\n","protected":false},"excerpt":{"rendered":"<p>Lloret de Mar b\u00e9n\u00e9ficie de temp\u00e9ratures douces et de longues heures d&rsquo;ensoleillement tout au long de l&rsquo;ann\u00e9e. De plus, sa situation privil\u00e9gi\u00e9e au sud de la Costa Brava, son environnement naturel d&rsquo;une grande beaut\u00e9 et son large \u00e9ventail d&rsquo;installations et d&rsquo;\u00e9quipements sportifs font de Lloret de Mar une destination id\u00e9ale pour la pratique du sport. [&hellip;]<\/p>\n","protected":false},"author":12,"featured_media":0,"parent":13230,"menu_order":0,"comment_status":"closed","ping_status":"closed","template":"page-templates\/mouret-15.php","meta":{"_acf_changed":false,"content-type":"","footnotes":""},"class_list":["post-11860","page","type-page","status-publish","hentry"],"acf":{"banner_imatge":11870,"banner_titol":"Tourisme sportif \u00e0 Lloret de Mar","banner_subtitol":"","botons_blanc_o_negres":"defecte","banner_links":[{"es_post":false,"banner_link":{"title":"Football","url":"#Football","target":""},"link_intern":null,"link_intern_titol":""},{"es_post":false,"banner_link":{"title":"Natation","url":"#Natation","target":""},"link_intern":null,"link_intern_titol":""},{"es_post":false,"banner_link":{"title":"Athl\u00e9tisme","url":"#athletisme","target":""},"link_intern":null,"link_intern_titol":""},{"es_post":false,"banner_link":{"title":"Cyclisme","url":"#Cyclisme","target":""},"link_intern":null,"link_intern_titol":""},{"es_post":false,"banner_link":{"title":"Running","url":"#Running","target":""},"link_intern":null,"link_intern_titol":""},{"es_post":false,"banner_link":{"title":"Sports collectifs","url":"#Sportscollectifs","target":""},"link_intern":null,"link_intern_titol":""},{"es_post":false,"banner_link":{"title":"Triathlon","url":"#Triathlon","target":""},"link_intern":null,"link_intern_titol":""},{"es_post":false,"banner_link":{"title":"Services","url":"#Services","target":""},"link_intern":null,"link_intern_titol":""}],"blocs":[{"titol":"Football","descripcio":"Le sport le plus populaire au monde occupe une place importante \u00e0 Lloret de Mar. La commune offre tous les services n\u00e9cessaires aux \u00e9quipes de diff\u00e9rents niveaux et nationalit\u00e9s qui viennent s\u00e9journer chez nous.\r\n\r\nNous disposons de trois terrains, deux en gazon artificiel et un en gazon naturel, situ\u00e9s au centre de la ville.","imatge":40762,"es_enllac_intern_o_extern":"intern","link_intern":{"title":"Plus d'informations","url":"http:\/\/professionals.lloretdemar.org\/fr\/produits-touristiques\/tourisme-sportif\/football\/","target":"_blank"},"link_extern":"","link_extern_text":""},{"titol":"Natation","descripcio":"Lloret de Mar dispose d'un centre sportif ultramoderne qui, en plus d'une piscine olympique, offre une salle de fitness compl\u00e8te et diff\u00e9rentes salles d'activit\u00e9s dirig\u00e9es.\r\n\r\nSi vous pr\u00e9f\u00e9rez nager en pleine mer, Lloret de Mar dispose de deux routes maritimes, des voies publiques maritimes permettant de nager en toute s\u00e9curit\u00e9 le long de notre littoral. La premi\u00e8re relie la plage de Lloret \u00e0 Fenals et la seconde la plage de Fenals \u00e0 Santa Cristina, sur une distance respective de 1,3 et 1,2 km.","imatge":40780,"es_enllac_intern_o_extern":"intern","link_intern":{"title":"Plus d'informations","url":"http:\/\/professionals.lloretdemar.org\/fr\/produits-touristiques\/tourisme-sportif\/natation\/","target":"_blank"},"link_extern":"","link_extern_text":""},{"titol":"Athl\u00e9tisme","descripcio":"Sur les pistes d'athl\u00e9tisme \u00e0 8 couloirs de Lloret de Mar, vous pouvez pratiquer diff\u00e9rentes disciplines athl\u00e9tiques : courses, sauts, marche et \u00e9preuves combin\u00e9es.\r\n\r\n&nbsp;","imatge":11883,"es_enllac_intern_o_extern":"intern","link_intern":{"title":"Plus d'informations","url":"http:\/\/professionals.lloretdemar.org\/fr\/produits-touristiques\/tourisme-sportif\/athletisme\/","target":"_blank"},"link_extern":"","link_extern_text":""},{"titol":"Cyclisme","descripcio":"\u00c0 Lloret de Mar, le cyclisme est bien plus que p\u00e9daler, r\u00e9cup\u00e9rer et p\u00e9daler.\r\n\r\nSi vous \u00eates passionn\u00e9 par l'asphalte, vous d\u00e9couvrirez plus de 600 kilom\u00e8tres d'itin\u00e9raires sur des routes secondaires avec une ambiance cycliste exceptionnelle. Vous trouverez des itin\u00e9raires roulants, mais aussi des \u00e9tapes reines avec des ascensions dans des cols de montagne de cat\u00e9gorie sp\u00e9ciale.\r\n\r\nSi vous pr\u00e9f\u00e9rez les sentiers, les collines bois\u00e9es qui entourent Lloret de Mar rec\u00e8lent un tr\u00e9sor cach\u00e9 : des kilom\u00e8tres et des kilom\u00e8tres de pistes et de sentiers avec des d\u00e9nivel\u00e9s constants, id\u00e9aux pour pratiquer les techniques du VTT.\r\n\r\nSur le site web <a href=\"https:\/\/www.lloretcycling.com\/fr\">lloretcycling.com<\/a>, vous trouverez les itin\u00e9raires embl\u00e9matiques de la r\u00e9gion, ainsi que toute notre offre d'h\u00e9bergement et de services sp\u00e9cialis\u00e9s pour les cyclistes.","imatge":40768,"es_enllac_intern_o_extern":"intern","link_intern":"","link_extern":"","link_extern_text":""},{"titol":"Running","descripcio":"Si vous aimez courir, Lloret de Mar est un paradis pour vous. Nous avons con\u00e7u 5 itin\u00e9raires de trail qui parcourent le <em>Cam\u00ed de Ronda<\/em> et les magnifiques sites naturels les plus bois\u00e9s, ainsi que 3 itin\u00e9raires sur asphalte.\r\n\r\nVous trouverez un centre de course \u00e0 pied dans les installations de la piscine municipale, o\u00f9 vous pourrez profiter gratuitement de casiers, d'informations et d'itin\u00e9raires.","imatge":40786,"es_enllac_intern_o_extern":"intern","link_intern":{"title":"Plus d'informations","url":"http:\/\/lloretdemar.org\/wp-content\/uploads\/2020\/03\/running2019-1.pdf","target":"_blank"},"link_extern":"","link_extern_text":""},{"titol":"Sports collectifs","descripcio":"Le hockey, le handball, le basket-ball ou le football en salle ne sont que quelques-uns des sports d'\u00e9quipe que vous pouvez pratiquer dans nos installations. Dans le centre-ville, vous trouverez 3 pavillons et d'autres espaces ext\u00e9rieurs pour pratiquer toutes sortes de sports collectifs.","imatge":40774,"es_enllac_intern_o_extern":"intern","link_intern":{"title":"Plus d'informations","url":"http:\/\/professionals.lloretdemar.org\/fr\/produits-touristiques\/tourisme-sportif\/sports-collectifs\/","target":"_blank"},"link_extern":"","link_extern_text":""},{"titol":"Triathlon","descripcio":"Lloret de Mar est une ville SBR qui met \u00e0 la disposition des triathl\u00e8tes des espaces int\u00e9rieurs et ext\u00e9rieurs haut de gamme o\u00f9 ils peuvent s'entra\u00eener aux trois disciplines dans le plus grand confort. Si l'on ajoute \u00e0 cela le climat temp\u00e9r\u00e9 de la M\u00e9diterran\u00e9e, id\u00e9al pour l'entra\u00eenement, on obtient une destination de r\u00e9f\u00e9rence pour ce sport.\r\n\r\n&nbsp;\r\n\r\nLiens d'int\u00e9r\u00eat :\r\n\r\n<a href=\"http:\/\/professionals.lloretdemar.org\/fr\/produits-touristiques\/tourisme-sportif\/natation\/\" target=\"_blank\" rel=\"noopener\"><strong>Piscine olympique int\u00e9rieure<\/strong><\/a>\r\n\r\n<strong><a href=\"http:\/\/www.lloretcycling.com\/fr\/btt\" target=\"_blank\" rel=\"noopener\">Itin\u00e9raires de cyclotourisme<\/a><\/strong>\r\n\r\n<a href=\"http:\/\/lloretdemar.org\/wp-content\/uploads\/2020\/03\/running-poster.pdf\" target=\"_blank\" rel=\"noopener\"><strong>Itin\u00e9raires de running<\/strong><\/a>","imatge":40792,"es_enllac_intern_o_extern":"intern","link_intern":"","link_extern":"","link_extern_text":""},{"titol":"Services","descripcio":"Au cours de votre s\u00e9jour, si vous avez besoin d\u2019un h\u00e9bergement ou de services sp\u00e9cialis\u00e9s, contactez nos collaborateurs.\r\n\r\nAgences agr\u00e9\u00e9es et lien vers les \u00e9tablissements\r\n\r\n&nbsp;","imatge":11880,"es_enllac_intern_o_extern":"intern","link_intern":"","link_extern":"","link_extern_text":""}],"titol_boto":"","document":"","apartats":[{"acf_fc_layout":"bloc_text","titol":"","subtitol":"","descripcio":"Lloret de Mar jouit d\u2019un climat doux et d\u2019un bon ensoleillement durant toute l\u2019ann\u00e9e. Sa situation, au sud de la Costa Brava, est id\u00e9ale, et la ville dispose d\u2019installations et d\u2019\u00e9quipements sportifs modernes. Tous ces atouts conjugu\u00e9s font de Lloret de Mar une destination parfaite pour la pratique du sport. La ville poss\u00e8de en outre le label DTE (certification de destination de tourisme sportif) d\u00e9livr\u00e9 par l\u2019Agence catalane de Tourisme, pour les sports suivants : football, athl\u00e9tisme, cyclisme, natation, sports collectifs et triathlon. Ce label reconna\u00eet les efforts de la ville pour offrir des ressources et services de haute qualit\u00e9, destin\u00e9s aux sportifs d\u2019\u00e9lite, professionnels, amateurs, et touristes souhaitant pratiquer des activit\u00e9s sportives."}]},"yoast_head":"<!-- This site is optimized with the Yoast SEO plugin v27.5 - https:\/\/yoast.com\/product\/yoast-seo-wordpress\/ -->\n<title>Tourisme sportif \u00e0 Lloret de Mar - Lloret de Mar<\/title>\n<meta name=\"description\" content=\"Lloret de Mar b\u00e9n\u00e9ficie de temp\u00e9ratures douces et de longues heures d&#039;ensoleillement tout au long de l&#039;ann\u00e9e. De plus, sa situation privil\u00e9gi\u00e9e au sud de la Costa Brava, son environnement naturel d&#039;une grande beaut\u00e9 et son large \u00e9ventail d&#039;installations et d&#039;\u00e9quipements sportifs font de Lloret de Mar une destination id\u00e9ale pour la pratique du sport.\u2026\" \/>\n<meta name=\"robots\" content=\"index, follow, max-snippet:-1, max-image-preview:large, max-video-preview:-1\" \/>\n<link rel=\"canonical\" href=\"https:\/\/lloretdemar.org\/fr\/quoi-faire-a-lloret\/lloret-de-mar-en-journee\/tourisme-sportif-a-lloret-de-mar\/\" \/>\n<meta property=\"og:locale\" content=\"fr_FR\" \/>\n<meta property=\"og:type\" content=\"article\" \/>\n<meta property=\"og:title\" content=\"Tourisme sportif \u00e0 Lloret de Mar - Lloret de Mar\" \/>\n<meta property=\"og:description\" content=\"Lloret de Mar b\u00e9n\u00e9ficie de temp\u00e9ratures douces et de longues heures d&#039;ensoleillement tout au long de l&#039;ann\u00e9e. De plus, sa situation privil\u00e9gi\u00e9e au sud de la Costa Brava, son environnement naturel d&#039;une grande beaut\u00e9 et son large \u00e9ventail d&#039;installations et d&#039;\u00e9quipements sportifs font de Lloret de Mar une destination id\u00e9ale pour la pratique du sport.\u2026\" \/>\n<meta property=\"og:url\" content=\"https:\/\/lloretdemar.org\/fr\/quoi-faire-a-lloret\/lloret-de-mar-en-journee\/tourisme-sportif-a-lloret-de-mar\/\" \/>\n<meta property=\"og:site_name\" content=\"Lloret de Mar\" \/>\n<meta property=\"article:publisher\" content=\"https:\/\/www.facebook.com\/Lloretturisme\" \/>\n<meta property=\"article:modified_time\" content=\"2025-07-23T15:35:31+00:00\" \/>\n<meta property=\"og:image\" content=\"https:\/\/lloretdemar.org\/wp-content\/uploads\/2020\/02\/slide-esports.jpg\" \/>\n\t<meta property=\"og:image:width\" content=\"1920\" \/>\n\t<meta property=\"og:image:height\" content=\"885\" \/>\n\t<meta property=\"og:image:type\" content=\"image\/jpeg\" \/>\n<meta name=\"twitter:card\" content=\"summary_large_image\" \/>\n<meta name=\"twitter:site\" content=\"@lloretturisme\" \/>\n<meta name=\"twitter:label1\" content=\"Dur\u00e9e de lecture estim\u00e9e\" \/>\n\t<meta name=\"twitter:data1\" content=\"1 minute\" \/>\n<script type=\"application\/ld+json\" class=\"yoast-schema-graph\">{\"@context\":\"https:\\\/\\\/schema.org\",\"@graph\":[{\"@type\":\"WebPage\",\"@id\":\"https:\\\/\\\/lloretdemar.org\\\/fr\\\/quoi-faire-a-lloret\\\/lloret-de-mar-en-journee\\\/tourisme-sportif-a-lloret-de-mar\\\/\",\"url\":\"https:\\\/\\\/lloretdemar.org\\\/fr\\\/quoi-faire-a-lloret\\\/lloret-de-mar-en-journee\\\/tourisme-sportif-a-lloret-de-mar\\\/\",\"name\":\"Tourisme sportif \u00e0 Lloret de Mar - Lloret de Mar\",\"isPartOf\":{\"@id\":\"https:\\\/\\\/lloretdemar.org\\\/fr\\\/#website\"},\"datePublished\":\"2020-02-07T12:38:33+00:00\",\"dateModified\":\"2025-07-23T15:35:31+00:00\",\"description\":\"Lloret de Mar\",\"breadcrumb\":{\"@id\":\"https:\\\/\\\/lloretdemar.org\\\/fr\\\/quoi-faire-a-lloret\\\/lloret-de-mar-en-journee\\\/tourisme-sportif-a-lloret-de-mar\\\/#breadcrumb\"},\"inLanguage\":\"fr-FR\",\"potentialAction\":[{\"@type\":\"ReadAction\",\"target\":[\"https:\\\/\\\/lloretdemar.org\\\/fr\\\/quoi-faire-a-lloret\\\/lloret-de-mar-en-journee\\\/tourisme-sportif-a-lloret-de-mar\\\/\"]}]},{\"@type\":\"BreadcrumbList\",\"@id\":\"https:\\\/\\\/lloretdemar.org\\\/fr\\\/quoi-faire-a-lloret\\\/lloret-de-mar-en-journee\\\/tourisme-sportif-a-lloret-de-mar\\\/#breadcrumb\",\"itemListElement\":[{\"@type\":\"ListItem\",\"position\":1,\"name\":\"Home\",\"item\":\"https:\\\/\\\/lloretdemar.org\\\/fr\\\/\"},{\"@type\":\"ListItem\",\"position\":2,\"name\":\"Quoi faire \u00e0 Lloret\",\"item\":\"https:\\\/\\\/lloretdemar.org\\\/fr\\\/quoi-faire-a-lloret\\\/\"},{\"@type\":\"ListItem\",\"position\":3,\"name\":\"Lloret de Mar en Journ\u00e9e\",\"item\":\"https:\\\/\\\/lloretdemar.org\\\/fr\\\/quoi-faire-a-lloret\\\/lloret-de-mar-en-journee\\\/\"},{\"@type\":\"ListItem\",\"position\":4,\"name\":\"Tourisme sportif \u00e0 Lloret de Mar\"}]},{\"@type\":\"WebSite\",\"@id\":\"https:\\\/\\\/lloretdemar.org\\\/fr\\\/#website\",\"url\":\"https:\\\/\\\/lloretdemar.org\\\/fr\\\/\",\"name\":\"Lloret de Mar\",\"description\":\"\",\"publisher\":{\"@id\":\"https:\\\/\\\/lloretdemar.org\\\/fr\\\/#organization\"},\"potentialAction\":[{\"@type\":\"SearchAction\",\"target\":{\"@type\":\"EntryPoint\",\"urlTemplate\":\"https:\\\/\\\/lloretdemar.org\\\/fr\\\/?s={search_term_string}\"},\"query-input\":{\"@type\":\"PropertyValueSpecification\",\"valueRequired\":true,\"valueName\":\"search_term_string\"}}],\"inLanguage\":\"fr-FR\"},{\"@type\":\"Organization\",\"@id\":\"https:\\\/\\\/lloretdemar.org\\\/fr\\\/#organization\",\"name\":\"Lloret de Mar\",\"url\":\"https:\\\/\\\/lloretdemar.org\\\/fr\\\/\",\"logo\":{\"@type\":\"ImageObject\",\"inLanguage\":\"fr-FR\",\"@id\":\"https:\\\/\\\/lloretdemar.org\\\/fr\\\/#\\\/schema\\\/logo\\\/image\\\/\",\"url\":\"https:\\\/\\\/lloretdemar.org\\\/wp-content\\\/uploads\\\/2020\\\/05\\\/lloret-de-mar-logo.png\",\"contentUrl\":\"https:\\\/\\\/lloretdemar.org\\\/wp-content\\\/uploads\\\/2020\\\/05\\\/lloret-de-mar-logo.png\",\"width\":87,\"height\":38,\"caption\":\"Lloret de Mar\"},\"image\":{\"@id\":\"https:\\\/\\\/lloretdemar.org\\\/fr\\\/#\\\/schema\\\/logo\\\/image\\\/\"},\"sameAs\":[\"https:\\\/\\\/www.facebook.com\\\/Lloretturisme\",\"https:\\\/\\\/x.com\\\/lloretturisme\",\"https:\\\/\\\/instagram.com\\\/lloretturisme\",\"https:\\\/\\\/www.youtube.com\\\/LloretTurisme\"]}]}<\/script>\n<!-- \/ Yoast SEO plugin. -->","yoast_head_json":{"title":"Tourisme sportif \u00e0 Lloret de Mar - Lloret de Mar","description":"Lloret de Mar b\u00e9n\u00e9ficie de temp\u00e9ratures douces et de longues heures d'ensoleillement tout au long de l'ann\u00e9e. De plus, sa situation privil\u00e9gi\u00e9e au sud de la Costa Brava, son environnement naturel d'une grande beaut\u00e9 et son large \u00e9ventail d'installations et d'\u00e9quipements sportifs font de Lloret de Mar une destination id\u00e9ale pour la pratique du sport.\u2026","robots":{"index":"index","follow":"follow","max-snippet":"max-snippet:-1","max-image-preview":"max-image-preview:large","max-video-preview":"max-video-preview:-1"},"canonical":"https:\/\/lloretdemar.org\/fr\/quoi-faire-a-lloret\/lloret-de-mar-en-journee\/tourisme-sportif-a-lloret-de-mar\/","og_locale":"fr_FR","og_type":"article","og_title":"Tourisme sportif \u00e0 Lloret de Mar - Lloret de Mar","og_description":"Lloret de Mar b\u00e9n\u00e9ficie de temp\u00e9ratures douces et de longues heures d'ensoleillement tout au long de l'ann\u00e9e. De plus, sa situation privil\u00e9gi\u00e9e au sud de la Costa Brava, son environnement naturel d'une grande beaut\u00e9 et son large \u00e9ventail d'installations et d'\u00e9quipements sportifs font de Lloret de Mar une destination id\u00e9ale pour la pratique du sport.\u2026","og_url":"https:\/\/lloretdemar.org\/fr\/quoi-faire-a-lloret\/lloret-de-mar-en-journee\/tourisme-sportif-a-lloret-de-mar\/","og_site_name":"Lloret de Mar","article_publisher":"https:\/\/www.facebook.com\/Lloretturisme","article_modified_time":"2025-07-23T15:35:31+00:00","og_image":[{"width":1920,"height":885,"url":"https:\/\/lloretdemar.org\/wp-content\/uploads\/2020\/02\/slide-esports.jpg","type":"image\/jpeg"}],"twitter_card":"summary_large_image","twitter_site":"@lloretturisme","twitter_misc":{"Dur\u00e9e de lecture estim\u00e9e":"1 minute"},"schema":{"@context":"https:\/\/schema.org","@graph":[{"@type":"WebPage","@id":"https:\/\/lloretdemar.org\/fr\/quoi-faire-a-lloret\/lloret-de-mar-en-journee\/tourisme-sportif-a-lloret-de-mar\/","url":"https:\/\/lloretdemar.org\/fr\/quoi-faire-a-lloret\/lloret-de-mar-en-journee\/tourisme-sportif-a-lloret-de-mar\/","name":"Tourisme sportif \u00e0 Lloret de Mar - Lloret de Mar","isPartOf":{"@id":"https:\/\/lloretdemar.org\/fr\/#website"},"datePublished":"2020-02-07T12:38:33+00:00","dateModified":"2025-07-23T15:35:31+00:00","description":"Lloret de Mar","breadcrumb":{"@id":"https:\/\/lloretdemar.org\/fr\/quoi-faire-a-lloret\/lloret-de-mar-en-journee\/tourisme-sportif-a-lloret-de-mar\/#breadcrumb"},"inLanguage":"fr-FR","potentialAction":[{"@type":"ReadAction","target":["https:\/\/lloretdemar.org\/fr\/quoi-faire-a-lloret\/lloret-de-mar-en-journee\/tourisme-sportif-a-lloret-de-mar\/"]}]},{"@type":"BreadcrumbList","@id":"https:\/\/lloretdemar.org\/fr\/quoi-faire-a-lloret\/lloret-de-mar-en-journee\/tourisme-sportif-a-lloret-de-mar\/#breadcrumb","itemListElement":[{"@type":"ListItem","position":1,"name":"Home","item":"https:\/\/lloretdemar.org\/fr\/"},{"@type":"ListItem","position":2,"name":"Quoi faire \u00e0 Lloret","item":"https:\/\/lloretdemar.org\/fr\/quoi-faire-a-lloret\/"},{"@type":"ListItem","position":3,"name":"Lloret de Mar en Journ\u00e9e","item":"https:\/\/lloretdemar.org\/fr\/quoi-faire-a-lloret\/lloret-de-mar-en-journee\/"},{"@type":"ListItem","position":4,"name":"Tourisme sportif \u00e0 Lloret de Mar"}]},{"@type":"WebSite","@id":"https:\/\/lloretdemar.org\/fr\/#website","url":"https:\/\/lloretdemar.org\/fr\/","name":"Lloret de Mar","description":"","publisher":{"@id":"https:\/\/lloretdemar.org\/fr\/#organization"},"potentialAction":[{"@type":"SearchAction","target":{"@type":"EntryPoint","urlTemplate":"https:\/\/lloretdemar.org\/fr\/?s={search_term_string}"},"query-input":{"@type":"PropertyValueSpecification","valueRequired":true,"valueName":"search_term_string"}}],"inLanguage":"fr-FR"},{"@type":"Organization","@id":"https:\/\/lloretdemar.org\/fr\/#organization","name":"Lloret de Mar","url":"https:\/\/lloretdemar.org\/fr\/","logo":{"@type":"ImageObject","inLanguage":"fr-FR","@id":"https:\/\/lloretdemar.org\/fr\/#\/schema\/logo\/image\/","url":"https:\/\/lloretdemar.org\/wp-content\/uploads\/2020\/05\/lloret-de-mar-logo.png","contentUrl":"https:\/\/lloretdemar.org\/wp-content\/uploads\/2020\/05\/lloret-de-mar-logo.png","width":87,"height":38,"caption":"Lloret de Mar"},"image":{"@id":"https:\/\/lloretdemar.org\/fr\/#\/schema\/logo\/image\/"},"sameAs":["https:\/\/www.facebook.com\/Lloretturisme","https:\/\/x.com\/lloretturisme","https:\/\/instagram.com\/lloretturisme","https:\/\/www.youtube.com\/LloretTurisme"]}]}},"_links":{"self":[{"href":"https:\/\/lloretdemar.org\/fr\/wp-json\/wp\/v2\/pages\/11860","targetHints":{"allow":["GET"]}}],"collection":[{"href":"https:\/\/lloretdemar.org\/fr\/wp-json\/wp\/v2\/pages"}],"about":[{"href":"https:\/\/lloretdemar.org\/fr\/wp-json\/wp\/v2\/types\/page"}],"author":[{"embeddable":true,"href":"https:\/\/lloretdemar.org\/fr\/wp-json\/wp\/v2\/users\/12"}],"replies":[{"embeddable":true,"href":"https:\/\/lloretdemar.org\/fr\/wp-json\/wp\/v2\/comments?post=11860"}],"version-history":[{"count":2,"href":"https:\/\/lloretdemar.org\/fr\/wp-json\/wp\/v2\/pages\/11860\/revisions"}],"predecessor-version":[{"id":40803,"href":"https:\/\/lloretdemar.org\/fr\/wp-json\/wp\/v2\/pages\/11860\/revisions\/40803"}],"up":[{"embeddable":true,"href":"https:\/\/lloretdemar.org\/fr\/wp-json\/wp\/v2\/pages\/13230"}],"wp:attachment":[{"href":"https:\/\/lloretdemar.org\/fr\/wp-json\/wp\/v2\/media?parent=11860"}],"curies":[{"name":"wp","href":"https:\/\/api.w.org\/{rel}","templated":true}]}}