{"id":11731,"date":"2019-05-28T09:42:21","date_gmt":"2019-05-28T07:42:21","guid":{"rendered":"http:\/\/lloretdemar.org\/planifica-el-teu-viatge\/"},"modified":"2023-10-09T00:37:32","modified_gmt":"2023-10-08T22:37:32","slug":"planifiez-votre-voyage-a-lloret-de-mar","status":"publish","type":"page","link":"https:\/\/lloretdemar.org\/fr\/planifiez-votre-voyage-a-lloret-de-mar\/","title":{"rendered":"Planifiez votre voyage \u00e0 Lloret de Mar"},"content":{"rendered":"","protected":false},"excerpt":{"rendered":"","protected":false},"author":12,"featured_media":0,"parent":0,"menu_order":0,"comment_status":"closed","ping_status":"closed","template":"page-templates\/com-arribar-5.php","meta":{"_acf_changed":false,"content-type":"","footnotes":""},"class_list":["post-11731","page","type-page","status-publish","hentry"],"acf":{"banner_imatge":11763,"banner_titol":"Planifiez votre voyage \u00e0 Lloret de Mar ","banner_subtitol":"","botons_blanc_o_negres":"defecte","banner_links":[{"es_post":false,"banner_link":{"title":"Comment venir ","url":"http:\/\/lloretdemar.org\/fr\/planifica-el-teu-viatge\/com-arribar-carretera\/","target":""},"link_intern":null,"link_intern_titol":""},{"es_post":false,"banner_link":{"title":"O\u00f9 dormir","url":"http:\/\/lloretdemar.org\/fr\/planifica-el-teu-viatge\/on-dormir\/","target":""},"link_intern":null,"link_intern_titol":""},{"es_post":false,"banner_link":{"title":"O\u00f9 manger","url":"http:\/\/lloretdemar.org\/fr\/planifica-el-teu-viatge\/on-menjar\/","target":""},"link_intern":null,"link_intern_titol":""},{"es_post":false,"banner_link":{"title":"Se d\u00e9placer dans Lloret","url":"http:\/\/lloretdemar.org\/fr\/planifica-el-teu-viatge\/moures-per-lloret\/","target":""},"link_intern":null,"link_intern_titol":""},{"es_post":false,"banner_link":{"title":"Lloret P\u00f4le touristique","url":"http:\/\/lloretdemar.org\/fr\/sobre-lloret-de-mar\/lloret-hub\/","target":""},"link_intern":null,"link_intern_titol":""},{"es_post":false,"banner_link":{"title":"Offices de tourisme","url":"http:\/\/lloretdemar.org\/fr\/planifica-el-teu-viatge\/oficines-de-turisme\/","target":""},"link_intern":null,"link_intern_titol":""}],"apartats":[{"acf_fc_layout":"blocs_carretera","text":"<h1>Comment venir<\/h1>\r\n<div>\r\n\r\nToutes les informations n\u00e9cessaires pour venir \u00e0 Lloret de Mar en voiture, en train ou en avion.\r\n\r\n<\/div>","blocs":[{"titol":"Route","imatge":11746,"link_intern_o_extern":"intern","link_intern":96,"link_extern":null},{"titol":"Train","imatge":11747,"link_intern_o_extern":"intern","link_intern":564,"link_extern":null},{"titol":"Avion ","imatge":11745,"link_intern_o_extern":"intern","link_intern":566,"link_extern":null}]},{"acf_fc_layout":"grid_no_owl","titol":"O\u00f9 dormir \u00e0 Lloret de Mar","subtitol":"L\u2019offre d\u2019h\u00e9bergement \u00e0 Lloret de Mar r\u00e9pond \u00e0 tous les besoins","descripcio":"Notre ville offre des alternatives pour tous les types de visiteurs. Il existe une large gamme d'h\u00e9bergements \u00e0 Lloret de Mar: h\u00f4tels, chambres d'h\u00f4tes, appartements et campings.\r\n\r\nDe plus, l'offre h\u00f4teli\u00e8re \u00e0 Lloret de Mar est tr\u00e8s vari\u00e9e, vous trouverez plusieurs h\u00f4tels familiaux id\u00e9aux pour les familles avec des parcs aquatiques, vous pourrez \u00e9galement vous d\u00e9tendre dans des h\u00f4tels r\u00e9serv\u00e9s aux adultes ou choisir un h\u00f4tel sp\u00e9cialis\u00e9 dans le r\u00e9gime m\u00e9diterran\u00e9en","link_intern_o_extern":"extern","link_intern":103,"link_intern_title":"Consultez ici tous les h\u00e9bergements de Lloret de Mar","link_extern":{"title":"Brochure d'h\u00e9bergement","url":"http:\/\/lloretdemar.org\/wp-content\/uploads\/2020\/03\/accommodation__services_2019.pdf","target":"_blank"},"grid":[{"imatge":11774,"titol":"H\u00f4tels ","subtitol":"","enllac":{"title":"O\u00f9 dormir","url":"http:\/\/lloretdemar.org\/fr\/planifica-el-teu-viatge\/on-dormir\/","target":""}},{"imatge":11773,"titol":"Pensions","subtitol":"","enllac":{"title":"O\u00f9 dormir","url":"http:\/\/lloretdemar.org\/fr\/planifica-el-teu-viatge\/on-dormir\/","target":""}},{"imatge":11775,"titol":"Appartements","subtitol":"","enllac":{"title":"O\u00f9 dormir","url":"http:\/\/lloretdemar.org\/fr\/planifica-el-teu-viatge\/on-dormir\/","target":""}},{"imatge":11776,"titol":"Campings","subtitol":"","enllac":{"title":"O\u00f9 dormir ","url":"http:\/\/lloretdemar.org\/fr\/planifica-el-teu-viatge\/on-dormir\/","target":""}},{"imatge":7158,"titol":"Agences de location \u2013 Appartements touristiques","subtitol":"","enllac":{"title":"On dormir","url":"http:\/\/lloretdemar.org\/fr\/planifica-el-teu-viatge\/on-dormir\/","target":""}}]},{"acf_fc_layout":"mosaic","titol":"O\u00f9 manger ","subtitol":"Quelques suggestions pour d\u00e9couvrir la gastronomie de Lloret de Mar","blocs":[{"titol":"Bars","imatge":9829,"link_intern_o_extern":"intern","link_intern":110,"link_extern":null},{"titol":"Glaciers ","imatge":9816,"link_intern_o_extern":"intern","link_intern":110,"link_extern":null},{"titol":"Restaurants","imatge":10261,"link_intern_o_extern":"intern","link_intern":110,"link_extern":null}]},{"acf_fc_layout":"banner_massa","color_fons":"#d24b48","imatge_fons":11758,"imatges":[{"imatge":11757},{"imatge":11756},{"imatge":11755}],"text":"Planifiez votre s\u00e9jour \u00e0 Lloret de Mar","link_intern_o_extern":"intern","link_intern":4117,"link_intern_title":"Planificateur","link_extern":""},{"acf_fc_layout":"mosaic","titol":"Se d\u00e9placer dans Lloret de Mar","subtitol":"En taxi, en bus, en v\u00e9hicule de location, en bus touristique ou en bateau pour une excursion","blocs":[{"titol":"\u00c0 pied","imatge":11772,"link_intern_o_extern":"intern","link_intern":117,"link_extern":null},{"titol":"Bus urbain","imatge":34407,"link_intern_o_extern":"intern","link_intern":117,"link_extern":null},{"titol":"Taxis","imatge":11764,"link_intern_o_extern":"intern","link_intern":117,"link_extern":null},{"titol":"V\u00e9lo","imatge":11771,"link_intern_o_extern":"intern","link_intern":117,"link_extern":null},{"titol":"Location de v\u00e9hicules","imatge":11760,"link_intern_o_extern":"intern","link_intern":117,"link_extern":null},{"titol":"Parcs de stationnement","imatge":11766,"link_intern_o_extern":"intern","link_intern":117,"link_extern":null},{"titol":"Open Tour","imatge":11761,"link_intern_o_extern":"intern","link_intern":117,"link_extern":null},{"titol":"Transport maritime","imatge":11768,"link_intern_o_extern":"intern","link_intern":117,"link_extern":null}]},{"acf_fc_layout":"blocs_color","color_fons":"#0ba895","imatge_fons":11759,"titol":"Offices de tourisme de Lloret de Mar","subtitol":"","blocs":[{"titol":"Venez, nous r\u00e9pondrons \u00e0 toutes vos questions ","subtitol":"OFFICES DE TOURISME DE LLORET DE MAR","descripcio":"","imatge":7198,"links":[{"link":{"title":"Voir o\u00f9 nous trouver","url":"http:\/\/lloretdemar.org\/fr\/planifica-el-teu-viatge\/oficines-de-turisme\/","target":""},"cta":"<!--HubSpot Call-to-Action Code --><span class=\"hs-cta-wrapper\" id=\"hs-cta-wrapper-215ea8c6-ab10-4d62-8713-959e4d7b4c8c\"><span class=\"hs-cta-node hs-cta-215ea8c6-ab10-4d62-8713-959e4d7b4c8c\" id=\"hs-cta-215ea8c6-ab10-4d62-8713-959e4d7b4c8c\"><!--[if lte IE 8]><div id=\"hs-cta-ie-element\"><\/div><![endif]--><a href=\"https:\/\/cta-redirect.hubspot.com\/cta\/redirect\/4468071\/215ea8c6-ab10-4d62-8713-959e4d7b4c8c\" ><img class=\"hs-cta-img\" id=\"hs-cta-img-215ea8c6-ab10-4d62-8713-959e4d7b4c8c\" style=\"border-width:0px;\" src=\"https:\/\/no-cache.hubspot.com\/cta\/default\/4468071\/215ea8c6-ab10-4d62-8713-959e4d7b4c8c.png\" alt=\"Ver d\u00f3nde encontrarnos\"\/><\/a><\/span><script charset=\"utf-8\" src=\"https:\/\/js.hscta.net\/cta\/current.js\"><\/script><script type=\"text\/javascript\"> hbspt.cta.load(4468071, '215ea8c6-ab10-4d62-8713-959e4d7b4c8c', {}); <\/script><\/span><!-- end HubSpot Call-to-Action Code -->\r\n","boto_o_link":"boto"}]},{"titol":"D\u00e9couvrez tous les secrets de Lloret de Mar en suivant nos visites guid\u00e9es ","subtitol":"VISITES GUID\u00c9ES","descripcio":"","imatge":7204,"links":[{"link":{"title":"Voir toutes les visites guid\u00e9es disponibles ","url":"http:\/\/lloretdemar.org\/fr\/activitat\/visites-guidees\/","target":""},"cta":"<!--HubSpot Call-to-Action Code --><span class=\"hs-cta-wrapper\" id=\"hs-cta-wrapper-489e91cf-1a3e-463c-94ac-a21287291a18\"><span class=\"hs-cta-node hs-cta-489e91cf-1a3e-463c-94ac-a21287291a18\" id=\"hs-cta-489e91cf-1a3e-463c-94ac-a21287291a18\"><!--[if lte IE 8]><div id=\"hs-cta-ie-element\"><\/div><![endif]--><a href=\"https:\/\/cta-redirect.hubspot.com\/cta\/redirect\/4468071\/489e91cf-1a3e-463c-94ac-a21287291a18\" ><img class=\"hs-cta-img\" id=\"hs-cta-img-489e91cf-1a3e-463c-94ac-a21287291a18\" style=\"border-width:0px;\" src=\"https:\/\/no-cache.hubspot.com\/cta\/default\/4468071\/489e91cf-1a3e-463c-94ac-a21287291a18.png\" alt=\"Ver todas las visitas guiadas disponibles\"\/><\/a><\/span><script charset=\"utf-8\" src=\"https:\/\/js.hscta.net\/cta\/current.js\"><\/script><script type=\"text\/javascript\"> hbspt.cta.load(4468071, '489e91cf-1a3e-463c-94ac-a21287291a18', {}); <\/script><\/span><!-- end HubSpot Call-to-Action Code -->\r\n","boto_o_link":"boto"}]}]}],"blocs_grid_titol":"","blocs_grid_subtitol":"","blocs_grid":null,"blocs_grid_link":"","blocs_grid_post_titol":"","blocs_grid_post_subtitol":"","blocs_grid_post_link":"","blocs_grid_post":null,"color_fons":"","imatge_fons":"","blocs_rosa_titol":"","blocs_rosa_subtitol":"","blocs_rosa":null},"yoast_head":"<!-- This site is optimized with the Yoast SEO plugin v27.5 - https:\/\/yoast.com\/product\/yoast-seo-wordpress\/ -->\n<title>Planifiez votre voyage \u00e0 Lloret de Mar - Lloret de Mar<\/title>\n<meta name=\"robots\" content=\"index, follow, max-snippet:-1, max-image-preview:large, max-video-preview:-1\" \/>\n<link rel=\"canonical\" href=\"https:\/\/lloretdemar.org\/fr\/planifiez-votre-voyage-a-lloret-de-mar\/\" \/>\n<meta property=\"og:locale\" content=\"fr_FR\" \/>\n<meta property=\"og:type\" content=\"article\" \/>\n<meta property=\"og:title\" content=\"Planifiez votre voyage \u00e0 Lloret de Mar - Lloret de Mar\" \/>\n<meta property=\"og:url\" content=\"https:\/\/lloretdemar.org\/fr\/planifiez-votre-voyage-a-lloret-de-mar\/\" \/>\n<meta property=\"og:site_name\" content=\"Lloret de Mar\" \/>\n<meta property=\"article:publisher\" content=\"https:\/\/www.facebook.com\/Lloretturisme\" \/>\n<meta property=\"article:modified_time\" content=\"2023-10-08T22:37:32+00:00\" \/>\n<meta property=\"og:image\" content=\"https:\/\/lloretdemar.org\/wp-content\/uploads\/2020\/02\/slide-planifica.jpg\" \/>\n\t<meta property=\"og:image:width\" content=\"1920\" \/>\n\t<meta property=\"og:image:height\" content=\"885\" \/>\n\t<meta property=\"og:image:type\" content=\"image\/jpeg\" \/>\n<meta name=\"twitter:card\" content=\"summary_large_image\" \/>\n<meta name=\"twitter:site\" content=\"@lloretturisme\" \/>\n<script type=\"application\/ld+json\" class=\"yoast-schema-graph\">{\"@context\":\"https:\\\/\\\/schema.org\",\"@graph\":[{\"@type\":\"WebPage\",\"@id\":\"https:\\\/\\\/lloretdemar.org\\\/fr\\\/planifiez-votre-voyage-a-lloret-de-mar\\\/\",\"url\":\"https:\\\/\\\/lloretdemar.org\\\/fr\\\/planifiez-votre-voyage-a-lloret-de-mar\\\/\",\"name\":\"Planifiez votre voyage \u00e0 Lloret de Mar - Lloret de Mar\",\"isPartOf\":{\"@id\":\"https:\\\/\\\/lloretdemar.org\\\/fr\\\/#website\"},\"datePublished\":\"2019-05-28T07:42:21+00:00\",\"dateModified\":\"2023-10-08T22:37:32+00:00\",\"description\":\"Lloret de Mar\",\"breadcrumb\":{\"@id\":\"https:\\\/\\\/lloretdemar.org\\\/fr\\\/planifiez-votre-voyage-a-lloret-de-mar\\\/#breadcrumb\"},\"inLanguage\":\"fr-FR\",\"potentialAction\":[{\"@type\":\"ReadAction\",\"target\":[\"https:\\\/\\\/lloretdemar.org\\\/fr\\\/planifiez-votre-voyage-a-lloret-de-mar\\\/\"]}]},{\"@type\":\"BreadcrumbList\",\"@id\":\"https:\\\/\\\/lloretdemar.org\\\/fr\\\/planifiez-votre-voyage-a-lloret-de-mar\\\/#breadcrumb\",\"itemListElement\":[{\"@type\":\"ListItem\",\"position\":1,\"name\":\"Home\",\"item\":\"https:\\\/\\\/lloretdemar.org\\\/fr\\\/\"},{\"@type\":\"ListItem\",\"position\":2,\"name\":\"Planifiez votre voyage \u00e0 Lloret de Mar\"}]},{\"@type\":\"WebSite\",\"@id\":\"https:\\\/\\\/lloretdemar.org\\\/fr\\\/#website\",\"url\":\"https:\\\/\\\/lloretdemar.org\\\/fr\\\/\",\"name\":\"Lloret de Mar\",\"description\":\"\",\"publisher\":{\"@id\":\"https:\\\/\\\/lloretdemar.org\\\/fr\\\/#organization\"},\"potentialAction\":[{\"@type\":\"SearchAction\",\"target\":{\"@type\":\"EntryPoint\",\"urlTemplate\":\"https:\\\/\\\/lloretdemar.org\\\/fr\\\/?s={search_term_string}\"},\"query-input\":{\"@type\":\"PropertyValueSpecification\",\"valueRequired\":true,\"valueName\":\"search_term_string\"}}],\"inLanguage\":\"fr-FR\"},{\"@type\":\"Organization\",\"@id\":\"https:\\\/\\\/lloretdemar.org\\\/fr\\\/#organization\",\"name\":\"Lloret de Mar\",\"url\":\"https:\\\/\\\/lloretdemar.org\\\/fr\\\/\",\"logo\":{\"@type\":\"ImageObject\",\"inLanguage\":\"fr-FR\",\"@id\":\"https:\\\/\\\/lloretdemar.org\\\/fr\\\/#\\\/schema\\\/logo\\\/image\\\/\",\"url\":\"https:\\\/\\\/lloretdemar.org\\\/wp-content\\\/uploads\\\/2020\\\/05\\\/lloret-de-mar-logo.png\",\"contentUrl\":\"https:\\\/\\\/lloretdemar.org\\\/wp-content\\\/uploads\\\/2020\\\/05\\\/lloret-de-mar-logo.png\",\"width\":87,\"height\":38,\"caption\":\"Lloret de Mar\"},\"image\":{\"@id\":\"https:\\\/\\\/lloretdemar.org\\\/fr\\\/#\\\/schema\\\/logo\\\/image\\\/\"},\"sameAs\":[\"https:\\\/\\\/www.facebook.com\\\/Lloretturisme\",\"https:\\\/\\\/x.com\\\/lloretturisme\",\"https:\\\/\\\/instagram.com\\\/lloretturisme\",\"https:\\\/\\\/www.youtube.com\\\/LloretTurisme\"]}]}<\/script>\n<!-- \/ Yoast SEO plugin. -->","yoast_head_json":{"title":"Planifiez votre voyage \u00e0 Lloret de Mar - Lloret de Mar","robots":{"index":"index","follow":"follow","max-snippet":"max-snippet:-1","max-image-preview":"max-image-preview:large","max-video-preview":"max-video-preview:-1"},"canonical":"https:\/\/lloretdemar.org\/fr\/planifiez-votre-voyage-a-lloret-de-mar\/","og_locale":"fr_FR","og_type":"article","og_title":"Planifiez votre voyage \u00e0 Lloret de Mar - Lloret de Mar","og_url":"https:\/\/lloretdemar.org\/fr\/planifiez-votre-voyage-a-lloret-de-mar\/","og_site_name":"Lloret de Mar","article_publisher":"https:\/\/www.facebook.com\/Lloretturisme","article_modified_time":"2023-10-08T22:37:32+00:00","og_image":[{"width":1920,"height":885,"url":"https:\/\/lloretdemar.org\/wp-content\/uploads\/2020\/02\/slide-planifica.jpg","type":"image\/jpeg"}],"twitter_card":"summary_large_image","twitter_site":"@lloretturisme","schema":{"@context":"https:\/\/schema.org","@graph":[{"@type":"WebPage","@id":"https:\/\/lloretdemar.org\/fr\/planifiez-votre-voyage-a-lloret-de-mar\/","url":"https:\/\/lloretdemar.org\/fr\/planifiez-votre-voyage-a-lloret-de-mar\/","name":"Planifiez votre voyage \u00e0 Lloret de Mar - Lloret de Mar","isPartOf":{"@id":"https:\/\/lloretdemar.org\/fr\/#website"},"datePublished":"2019-05-28T07:42:21+00:00","dateModified":"2023-10-08T22:37:32+00:00","description":"Lloret de Mar","breadcrumb":{"@id":"https:\/\/lloretdemar.org\/fr\/planifiez-votre-voyage-a-lloret-de-mar\/#breadcrumb"},"inLanguage":"fr-FR","potentialAction":[{"@type":"ReadAction","target":["https:\/\/lloretdemar.org\/fr\/planifiez-votre-voyage-a-lloret-de-mar\/"]}]},{"@type":"BreadcrumbList","@id":"https:\/\/lloretdemar.org\/fr\/planifiez-votre-voyage-a-lloret-de-mar\/#breadcrumb","itemListElement":[{"@type":"ListItem","position":1,"name":"Home","item":"https:\/\/lloretdemar.org\/fr\/"},{"@type":"ListItem","position":2,"name":"Planifiez votre voyage \u00e0 Lloret de Mar"}]},{"@type":"WebSite","@id":"https:\/\/lloretdemar.org\/fr\/#website","url":"https:\/\/lloretdemar.org\/fr\/","name":"Lloret de Mar","description":"","publisher":{"@id":"https:\/\/lloretdemar.org\/fr\/#organization"},"potentialAction":[{"@type":"SearchAction","target":{"@type":"EntryPoint","urlTemplate":"https:\/\/lloretdemar.org\/fr\/?s={search_term_string}"},"query-input":{"@type":"PropertyValueSpecification","valueRequired":true,"valueName":"search_term_string"}}],"inLanguage":"fr-FR"},{"@type":"Organization","@id":"https:\/\/lloretdemar.org\/fr\/#organization","name":"Lloret de Mar","url":"https:\/\/lloretdemar.org\/fr\/","logo":{"@type":"ImageObject","inLanguage":"fr-FR","@id":"https:\/\/lloretdemar.org\/fr\/#\/schema\/logo\/image\/","url":"https:\/\/lloretdemar.org\/wp-content\/uploads\/2020\/05\/lloret-de-mar-logo.png","contentUrl":"https:\/\/lloretdemar.org\/wp-content\/uploads\/2020\/05\/lloret-de-mar-logo.png","width":87,"height":38,"caption":"Lloret de Mar"},"image":{"@id":"https:\/\/lloretdemar.org\/fr\/#\/schema\/logo\/image\/"},"sameAs":["https:\/\/www.facebook.com\/Lloretturisme","https:\/\/x.com\/lloretturisme","https:\/\/instagram.com\/lloretturisme","https:\/\/www.youtube.com\/LloretTurisme"]}]}},"_links":{"self":[{"href":"https:\/\/lloretdemar.org\/fr\/wp-json\/wp\/v2\/pages\/11731","targetHints":{"allow":["GET"]}}],"collection":[{"href":"https:\/\/lloretdemar.org\/fr\/wp-json\/wp\/v2\/pages"}],"about":[{"href":"https:\/\/lloretdemar.org\/fr\/wp-json\/wp\/v2\/types\/page"}],"author":[{"embeddable":true,"href":"https:\/\/lloretdemar.org\/fr\/wp-json\/wp\/v2\/users\/12"}],"replies":[{"embeddable":true,"href":"https:\/\/lloretdemar.org\/fr\/wp-json\/wp\/v2\/comments?post=11731"}],"version-history":[{"count":3,"href":"https:\/\/lloretdemar.org\/fr\/wp-json\/wp\/v2\/pages\/11731\/revisions"}],"predecessor-version":[{"id":35027,"href":"https:\/\/lloretdemar.org\/fr\/wp-json\/wp\/v2\/pages\/11731\/revisions\/35027"}],"wp:attachment":[{"href":"https:\/\/lloretdemar.org\/fr\/wp-json\/wp\/v2\/media?parent=11731"}],"curies":[{"name":"wp","href":"https:\/\/api.w.org\/{rel}","templated":true}]}}