{"id":10901,"date":"2019-05-28T09:41:50","date_gmt":"2019-05-28T07:41:50","guid":{"rendered":"http:\/\/lloretdemar.org\/sobre-lloret-de-mar\/"},"modified":"2025-12-18T10:24:48","modified_gmt":"2025-12-18T09:24:48","slug":"decouvrez-lloret-de-mar","status":"publish","type":"page","link":"https:\/\/lloretdemar.org\/fr\/decouvrez-lloret-de-mar\/","title":{"rendered":"D\u00e9couvrez Lloret de Mar"},"content":{"rendered":"","protected":false},"excerpt":{"rendered":"","protected":false},"author":12,"featured_media":0,"parent":0,"menu_order":0,"comment_status":"closed","ping_status":"closed","template":"page-templates\/presentacio-2.php","meta":{"_acf_changed":false,"content-type":"","footnotes":""},"class_list":["post-10901","page","type-page","status-publish","hentry"],"acf":{"banner_imatge":10923,"banner_titol":"D\u00e9couvrez Lloret de Mar ","banner_subtitol":"","botons_blanc_o_negres":"defecte","banner_links":[{"es_post":false,"banner_link":{"title":"Lloret de Mar : destination touristique internationale","url":"#destinacio-turistica","target":""},"link_intern":null,"link_intern_titol":""},{"es_post":false,"banner_link":{"title":"Campagne de Civisme","url":"http:\/\/lloretdemar.org\/fr\/sobre-lloret-de-mar\/","target":""},"link_intern":null,"link_intern_titol":""},{"es_post":false,"banner_link":{"title":"Informations utiles","url":"http:\/\/lloretdemar.org\/fr\/sobre-lloret-de-mar\/informacio-practica-sobre-lloret-de-mar\/","target":""},"link_intern":12089,"link_intern_titol":"Campagne de Civisme"},{"es_post":false,"banner_link":{"title":"R\u00e9pertoire d\u2019entreprises","url":"http:\/\/lloretdemar.org\/fr\/sobre-lloret-de-mar\/directori-dempreses\/","target":""},"link_intern":12094,"link_intern_titol":"Informations utiles"}],"apartats":[{"acf_fc_layout":"bloc_respira","titol":"Lloret est vivante et respire toute l\u2019ann\u00e9e ","blocs":[{"titol":"Plages","link":976,"imatge":9401},{"titol":"Achats","link":4684,"imatge":9440},{"titol":"Gastronomie","link":4704,"imatge":9443},{"titol":"Nature","link":4629,"imatge":9437},{"titol":"Loisirs","link":4688,"imatge":9438},{"titol":"Culture","link":1672,"imatge":9441},{"titol":"Sport","link":4991,"imatge":9442},{"titol":"\u00c9v\u00e8nements","link":19,"imatge":9436}]}],"columna_esquerra":"Aujourd\u2019hui internationalement connue, Lloret de Mar a commenc\u00e9 \u00e0 recevoir ses premiers visiteurs \u00e9trangers vers 1950. Mais ils n\u2019\u00e9taient pas ses premiers touristes\u00a0: depuis les ann\u00e9es 1920, voire plus t\u00f4t, notre ville accueillait l\u2019\u00e9t\u00e9 les bonnes familles de Barcelone et des environs, qui cherchaient sur ses plages une atmosph\u00e8re paisible et agr\u00e9able. Josep Carner, l\u2019un des plus grands po\u00e8tes catalans, qualifiait notre ville de \u00ab\u00a0doux paradis\u00a0\u00bb en 1919, dans la revue <em>D\u2019Ac\u00ed i d\u2019All\u00e0<\/em>.\r\n\r\nRappelons que le nom de Lloret \u00e9tait alors connu gr\u00e2ce \u00e0 la c\u00e9l\u00e8bre aria <em>Marina<\/em>, qui dit textuellement \u00ab\u00a0Parmi les c\u00f4tes, celles de Levante, parmi les plages, celles de Lloret\u00a0\u00bb, dans cette zarzuela dont la premi\u00e8re repr\u00e9sentation s\u2019est tenue le 21\u00a0septembre\u00a01855 au Teatro del Circo de Madrid. Ces jolis vers du po\u00e8te Francesc Camprodon devinrent le premier slogan publicitaire de Lloret de Mar.","columna_dreta":"Apr\u00e8s la guerre civile espagnole (1936-1939), la bourgeoisie de Barcelone et des alentours revint en vill\u00e9giature \u00e0 Lloret de Mar. Avec le temps, la r\u00e9putation de Lloret d\u00e9passa les fronti\u00e8res espagnoles, attirant de nouveaux venus en provenance des autres pays d\u2019Europe.\r\n\r\nDurant les ann\u00e9es 1950, la population commen\u00e7a ainsi \u00e0 accueillir les premiers visiteurs \u00e9trangers. Parmi ces derniers, une personne joua un r\u00f4le majeur pour la renomm\u00e9e de la ville\u00a0: l\u2019Allemand Ernest Adler, docteur en odontologie c\u00e9l\u00e8bre dans toute l\u2019Europe et install\u00e9 \u00e0 Lloret de Mar, ne tarissait pas d\u2019\u00e9loges sur les atouts de la ville aupr\u00e8s de sa client\u00e8le d\u2019Europe centrale. C\u2019est \u00e0 cette \u00e9poque que Lloret de Mar connut une profonde transformation urbaine et que les habitants se tourn\u00e8rent vers les activit\u00e9s de tourisme.","titol":"Lloret de Mar:\r\nDestination touristique internationale","dades_blocs":[{"titol":"39.764","subtitol":"Habitants\r\n(d\u00e9cembre 2019)","logo":10927},{"titol":"48,71 km2","subtitol":"Superficie ","logo":10926},{"titol":"1.769 ha","subtitol":"Zone\r\nurbanis\u00e9e ","logo":10931},{"titol":"3.912 ha","subtitol":"Couverture\r\nforesti\u00e8re ","logo":10929},{"titol":"44 ha","subtitol":"Espaces verts dans \r\nle centre urbain ","logo":10925},{"titol":"718 ha","subtitol":"Lotissements ","logo":10930},{"titol":"9 km","subtitol":"Longueur de\r\nla c\u00f4te","logo":10928}],"banner_blau_imatge":"","banner_blau_titol":"","banner_blau_text":"","banner_blau_link":"","banner_planifica_imatge":10920,"banner_planifica_titol":"Vous avez pr\u00e9vu de venir \u00e0 Lloret de Mar ?  ","banner_planifica_text":"Organisez votre s\u00e9jour \u00e0 Lloret de Mar","banner_planifica_link":{"title":"Planifiez votre voyage ","url":"http:\/\/lloretdemar.org\/planifica-el-teu-viatge\/","target":""},"blocs_grid_titol":"Lloret est vivante et respire toute l\u2019ann\u00e9e","blocs_grid_subtitol":"","blocs_grid":[{"categoria":"Plages","blocs":[{"imatge":9401,"link":{"title":"Platges","url":"http:\/\/lloretdemar.org\/platges\/","target":""}}]},{"categoria":"Achats","blocs":[{"imatge":9440,"link":{"title":"Compres","url":"http:\/\/lloretdemar.org\/que-fer-a-lloret\/lloret-de-mar-de-dia\/compres\/","target":""}}]},{"categoria":"Gastronomie","blocs":[{"imatge":9443,"link":{"title":"Gastronomia","url":"http:\/\/lloretdemar.org\/que-fer-a-lloret\/lloret-de-mar-de-dia\/gastronomia\/","target":""}}]},{"categoria":"Nature","blocs":[{"imatge":9437,"link":{"title":"Natura","url":"http:\/\/lloretdemar.org\/directori\/natura\/","target":""}}]},{"categoria":"Loisirs","blocs":[{"imatge":9438,"link":{"title":"Oci","url":"http:\/\/lloretdemar.org\/que-fer-a-lloret\/lloret-de-mar-de-nit\/","target":""}}]},{"categoria":"Culture","blocs":[{"imatge":9441,"link":{"title":"Cultura","url":"http:\/\/lloretdemar.org\/que-fer-a-lloret\/lloret-de-mar-de-dia\/cultura\/","target":""}}]},{"categoria":"Sport","blocs":[{"imatge":9442,"link":{"title":"Esports","url":"http:\/\/lloretdemar.org\/turisme-esportiu-a-lloret-de-mar\/","target":""}}]},{"categoria":"\u00c9v\u00e8nements","blocs":[{"imatge":9436,"link":{"title":"Esdeveniments","url":"http:\/\/lloretdemar.org\/agenda\/","target":""}}]}],"blocs_grid_link":"","color_fons":"","imatge_fons":10922,"blocs_rosa_titol":"","blocs_rosa_subtitol":"","blocs_rosa":[{"imatge":12132,"titol":"Quelques suggestions pour d\u00e9couvrir\r\ntout ce que Lloret de Mar a\r\n\u00e0 vous offrir pour vos vacances","subtitol":"GUIDES ET BROCHURES TOURISTIQUES","links":[{"link":{"title":"Brochures touristiques ","url":"http:\/\/lloretdemar.org\/fr\/quoi-faire-a-lloret\/informations-utiles-pour-preparer-votre-sejour-a-lloret-de-mar\/brochures-dinformation-touristique\/","target":"_blank"}},{"link":{"title":"Plan","url":"https:\/\/mylloret.lloretdemar.org\/hubfs\/Mapa%20Lloret\/Mapa%20Lloret.pdf","target":""}},{"link":{"title":"Offices de tourisme","url":"http:\/\/lloretdemar.org\/fr\/planifica-el-teu-viatge\/oficines-de-turisme\/","target":"_blank"}}]}],"banner_hub_imatge":10921,"banner_hub_imatge_titol":"LLORET\r\nHUB","banner_hub_titol":"LLORET DE MAR \r\nVOTRE POINT DE D\u00c9PART","banner_hub_text":"5 circuits partant de Lloret de Mar pour d\u00e9couvrir notre territoire  ","banner_hub_link":{"title":"Lloret P\u00f4le touristique","url":"http:\/\/lloretdemar.org\/fr\/sobre-lloret-de-mar\/lloret-hub\/","target":""}},"yoast_head":"<!-- This site is optimized with the Yoast SEO plugin v27.5 - https:\/\/yoast.com\/product\/yoast-seo-wordpress\/ -->\n<title>D\u00e9couvrez Lloret de Mar - Lloret de Mar<\/title>\n<meta name=\"robots\" content=\"index, follow, max-snippet:-1, max-image-preview:large, max-video-preview:-1\" \/>\n<link rel=\"canonical\" href=\"https:\/\/lloretdemar.org\/fr\/decouvrez-lloret-de-mar\/\" \/>\n<meta property=\"og:locale\" content=\"fr_FR\" \/>\n<meta property=\"og:type\" content=\"article\" \/>\n<meta property=\"og:title\" content=\"D\u00e9couvrez Lloret de Mar - Lloret de Mar\" \/>\n<meta property=\"og:url\" content=\"https:\/\/lloretdemar.org\/fr\/decouvrez-lloret-de-mar\/\" \/>\n<meta property=\"og:site_name\" content=\"Lloret de Mar\" \/>\n<meta property=\"article:publisher\" content=\"https:\/\/www.facebook.com\/Lloretturisme\" \/>\n<meta property=\"article:modified_time\" content=\"2025-12-18T09:24:48+00:00\" \/>\n<meta property=\"og:image\" content=\"https:\/\/lloretdemar.org\/wp-content\/uploads\/2020\/02\/capsalera-sobre-lloret.jpg\" \/>\n\t<meta property=\"og:image:width\" content=\"1920\" \/>\n\t<meta property=\"og:image:height\" content=\"885\" \/>\n\t<meta property=\"og:image:type\" content=\"image\/jpeg\" \/>\n<meta name=\"twitter:card\" content=\"summary_large_image\" \/>\n<meta name=\"twitter:site\" content=\"@lloretturisme\" \/>\n<script type=\"application\/ld+json\" class=\"yoast-schema-graph\">{\"@context\":\"https:\\\/\\\/schema.org\",\"@graph\":[{\"@type\":\"WebPage\",\"@id\":\"https:\\\/\\\/lloretdemar.org\\\/fr\\\/decouvrez-lloret-de-mar\\\/\",\"url\":\"https:\\\/\\\/lloretdemar.org\\\/fr\\\/decouvrez-lloret-de-mar\\\/\",\"name\":\"D\u00e9couvrez Lloret de Mar - Lloret de Mar\",\"isPartOf\":{\"@id\":\"https:\\\/\\\/lloretdemar.org\\\/fr\\\/#website\"},\"datePublished\":\"2019-05-28T07:41:50+00:00\",\"dateModified\":\"2025-12-18T09:24:48+00:00\",\"description\":\"Lloret de Mar\",\"breadcrumb\":{\"@id\":\"https:\\\/\\\/lloretdemar.org\\\/fr\\\/decouvrez-lloret-de-mar\\\/#breadcrumb\"},\"inLanguage\":\"fr-FR\",\"potentialAction\":[{\"@type\":\"ReadAction\",\"target\":[\"https:\\\/\\\/lloretdemar.org\\\/fr\\\/decouvrez-lloret-de-mar\\\/\"]}]},{\"@type\":\"BreadcrumbList\",\"@id\":\"https:\\\/\\\/lloretdemar.org\\\/fr\\\/decouvrez-lloret-de-mar\\\/#breadcrumb\",\"itemListElement\":[{\"@type\":\"ListItem\",\"position\":1,\"name\":\"Home\",\"item\":\"https:\\\/\\\/lloretdemar.org\\\/fr\\\/\"},{\"@type\":\"ListItem\",\"position\":2,\"name\":\"D\u00e9couvrez Lloret de Mar\"}]},{\"@type\":\"WebSite\",\"@id\":\"https:\\\/\\\/lloretdemar.org\\\/fr\\\/#website\",\"url\":\"https:\\\/\\\/lloretdemar.org\\\/fr\\\/\",\"name\":\"Lloret de Mar\",\"description\":\"\",\"publisher\":{\"@id\":\"https:\\\/\\\/lloretdemar.org\\\/fr\\\/#organization\"},\"potentialAction\":[{\"@type\":\"SearchAction\",\"target\":{\"@type\":\"EntryPoint\",\"urlTemplate\":\"https:\\\/\\\/lloretdemar.org\\\/fr\\\/?s={search_term_string}\"},\"query-input\":{\"@type\":\"PropertyValueSpecification\",\"valueRequired\":true,\"valueName\":\"search_term_string\"}}],\"inLanguage\":\"fr-FR\"},{\"@type\":\"Organization\",\"@id\":\"https:\\\/\\\/lloretdemar.org\\\/fr\\\/#organization\",\"name\":\"Lloret de Mar\",\"url\":\"https:\\\/\\\/lloretdemar.org\\\/fr\\\/\",\"logo\":{\"@type\":\"ImageObject\",\"inLanguage\":\"fr-FR\",\"@id\":\"https:\\\/\\\/lloretdemar.org\\\/fr\\\/#\\\/schema\\\/logo\\\/image\\\/\",\"url\":\"https:\\\/\\\/lloretdemar.org\\\/wp-content\\\/uploads\\\/2020\\\/05\\\/lloret-de-mar-logo.png\",\"contentUrl\":\"https:\\\/\\\/lloretdemar.org\\\/wp-content\\\/uploads\\\/2020\\\/05\\\/lloret-de-mar-logo.png\",\"width\":87,\"height\":38,\"caption\":\"Lloret de Mar\"},\"image\":{\"@id\":\"https:\\\/\\\/lloretdemar.org\\\/fr\\\/#\\\/schema\\\/logo\\\/image\\\/\"},\"sameAs\":[\"https:\\\/\\\/www.facebook.com\\\/Lloretturisme\",\"https:\\\/\\\/x.com\\\/lloretturisme\",\"https:\\\/\\\/instagram.com\\\/lloretturisme\",\"https:\\\/\\\/www.youtube.com\\\/LloretTurisme\"]}]}<\/script>\n<!-- \/ Yoast SEO plugin. -->","yoast_head_json":{"title":"D\u00e9couvrez Lloret de Mar - Lloret de Mar","robots":{"index":"index","follow":"follow","max-snippet":"max-snippet:-1","max-image-preview":"max-image-preview:large","max-video-preview":"max-video-preview:-1"},"canonical":"https:\/\/lloretdemar.org\/fr\/decouvrez-lloret-de-mar\/","og_locale":"fr_FR","og_type":"article","og_title":"D\u00e9couvrez Lloret de Mar - Lloret de Mar","og_url":"https:\/\/lloretdemar.org\/fr\/decouvrez-lloret-de-mar\/","og_site_name":"Lloret de Mar","article_publisher":"https:\/\/www.facebook.com\/Lloretturisme","article_modified_time":"2025-12-18T09:24:48+00:00","og_image":[{"width":1920,"height":885,"url":"https:\/\/lloretdemar.org\/wp-content\/uploads\/2020\/02\/capsalera-sobre-lloret.jpg","type":"image\/jpeg"}],"twitter_card":"summary_large_image","twitter_site":"@lloretturisme","schema":{"@context":"https:\/\/schema.org","@graph":[{"@type":"WebPage","@id":"https:\/\/lloretdemar.org\/fr\/decouvrez-lloret-de-mar\/","url":"https:\/\/lloretdemar.org\/fr\/decouvrez-lloret-de-mar\/","name":"D\u00e9couvrez Lloret de Mar - Lloret de Mar","isPartOf":{"@id":"https:\/\/lloretdemar.org\/fr\/#website"},"datePublished":"2019-05-28T07:41:50+00:00","dateModified":"2025-12-18T09:24:48+00:00","description":"Lloret de Mar","breadcrumb":{"@id":"https:\/\/lloretdemar.org\/fr\/decouvrez-lloret-de-mar\/#breadcrumb"},"inLanguage":"fr-FR","potentialAction":[{"@type":"ReadAction","target":["https:\/\/lloretdemar.org\/fr\/decouvrez-lloret-de-mar\/"]}]},{"@type":"BreadcrumbList","@id":"https:\/\/lloretdemar.org\/fr\/decouvrez-lloret-de-mar\/#breadcrumb","itemListElement":[{"@type":"ListItem","position":1,"name":"Home","item":"https:\/\/lloretdemar.org\/fr\/"},{"@type":"ListItem","position":2,"name":"D\u00e9couvrez Lloret de Mar"}]},{"@type":"WebSite","@id":"https:\/\/lloretdemar.org\/fr\/#website","url":"https:\/\/lloretdemar.org\/fr\/","name":"Lloret de Mar","description":"","publisher":{"@id":"https:\/\/lloretdemar.org\/fr\/#organization"},"potentialAction":[{"@type":"SearchAction","target":{"@type":"EntryPoint","urlTemplate":"https:\/\/lloretdemar.org\/fr\/?s={search_term_string}"},"query-input":{"@type":"PropertyValueSpecification","valueRequired":true,"valueName":"search_term_string"}}],"inLanguage":"fr-FR"},{"@type":"Organization","@id":"https:\/\/lloretdemar.org\/fr\/#organization","name":"Lloret de Mar","url":"https:\/\/lloretdemar.org\/fr\/","logo":{"@type":"ImageObject","inLanguage":"fr-FR","@id":"https:\/\/lloretdemar.org\/fr\/#\/schema\/logo\/image\/","url":"https:\/\/lloretdemar.org\/wp-content\/uploads\/2020\/05\/lloret-de-mar-logo.png","contentUrl":"https:\/\/lloretdemar.org\/wp-content\/uploads\/2020\/05\/lloret-de-mar-logo.png","width":87,"height":38,"caption":"Lloret de Mar"},"image":{"@id":"https:\/\/lloretdemar.org\/fr\/#\/schema\/logo\/image\/"},"sameAs":["https:\/\/www.facebook.com\/Lloretturisme","https:\/\/x.com\/lloretturisme","https:\/\/instagram.com\/lloretturisme","https:\/\/www.youtube.com\/LloretTurisme"]}]}},"_links":{"self":[{"href":"https:\/\/lloretdemar.org\/fr\/wp-json\/wp\/v2\/pages\/10901","targetHints":{"allow":["GET"]}}],"collection":[{"href":"https:\/\/lloretdemar.org\/fr\/wp-json\/wp\/v2\/pages"}],"about":[{"href":"https:\/\/lloretdemar.org\/fr\/wp-json\/wp\/v2\/types\/page"}],"author":[{"embeddable":true,"href":"https:\/\/lloretdemar.org\/fr\/wp-json\/wp\/v2\/users\/12"}],"replies":[{"embeddable":true,"href":"https:\/\/lloretdemar.org\/fr\/wp-json\/wp\/v2\/comments?post=10901"}],"version-history":[{"count":3,"href":"https:\/\/lloretdemar.org\/fr\/wp-json\/wp\/v2\/pages\/10901\/revisions"}],"predecessor-version":[{"id":43326,"href":"https:\/\/lloretdemar.org\/fr\/wp-json\/wp\/v2\/pages\/10901\/revisions\/43326"}],"wp:attachment":[{"href":"https:\/\/lloretdemar.org\/fr\/wp-json\/wp\/v2\/media?parent=10901"}],"curies":[{"name":"wp","href":"https:\/\/api.w.org\/{rel}","templated":true}]}}