{"id":9998,"date":"2020-03-03T12:02:25","date_gmt":"2020-03-03T11:02:25","guid":{"rendered":"http:\/\/lloretdemar.org\/amb-respecte-a-lloret-hi-cabem-tots\/"},"modified":"2020-10-21T15:02:29","modified_gmt":"2020-10-21T13:02:29","slug":"con-respeto-en-lloret-cabemos-todos","status":"publish","type":"page","link":"https:\/\/lloretdemar.org\/es\/conoce-lloret-de-mar\/con-respeto-en-lloret-cabemos-todos\/","title":{"rendered":"\u201cCon respeto, en Lloret cabemos todos\u201d"},"content":{"rendered":"","protected":false},"excerpt":{"rendered":"","protected":false},"author":12,"featured_media":0,"parent":11376,"menu_order":0,"comment_status":"closed","ping_status":"closed","template":"page-templates\/informacio-3.php","meta":{"_acf_changed":false,"content-type":"","footnotes":""},"class_list":["post-9998","page","type-page","status-publish","hentry"],"acf":{"banner_imatge":7395,"banner_titol":"Campa\u00f1a de Civismo","banner_subtitol":"","botons_blanc_o_negres":"defecte","banner_links":null,"apartats":null,"columna_esquerra":"En los \u00faltimos tres a\u00f1os, Lloret de Mar ha impulsado varias campa\u00f1as de civismo con el lema \u00abCon respeto, en Lloret cabemos todos\u00bb.\r\n\r\n&nbsp;\r\n\r\nEstas campa\u00f1as pretenden fortalecer y mejorar la relaci\u00f3n entre residentes y turistas, e implicarlos en un proyecto com\u00fan donde se fomente el respeto y la convivencia, desde una perspectiva positiva y desenfadada, haciendo que todos participen de una forma activa.\r\n\r\n&nbsp;\r\n\r\nEstas campa\u00f1as tratan temas como la convivencia, el ruido y el reciclaje.","columna_dreta":"<strong>Posa\u2019t la samarreta - campa\u00f1a 2017<\/strong>\r\n\r\nRecuerda a los turistas que sean conscientes de que tienen que ponerse la camiseta cuando salen de la playa.\r\n\r\n&nbsp;\r\n\r\n<strong>Enjoy the silence, Make peace not noise o Love your ears - campa\u00f1a 2018<\/strong>\r\n\r\nInvita a rebajar los niveles de ruido para garantizar la buena convivencia ciudadana, especialmente en horario nocturno.\r\n\r\n&nbsp;\r\n\r\n<strong>No tractis Lloret com un residu. Ajuda\u2019ns a mantenir-lo m\u00e9s net i fer-lo sostenible \u2013 campa\u00f1a 2019<\/strong>\r\n\r\nQuiere implicar activamente a los visitantes y residentes con el medio ambiente y el tratamiento responsable de los residuos.\r\n\r\n&nbsp;\r\n\r\nDesde siempre... \u00a1en Lloret hay espacio para todos!","color_fons":"","imatge_fons":"","blocs_rosa_titol":"","blocs_rosa_subtitol":"","blocs_rosa":null,"frase":"","festius_titol":"","festius_subtitol":"","festius_llista":null,"banner_hub_imatge":257,"banner_hub_imatge_titol":"LLORET\r\nHUB","banner_hub_titol":"LLORET DE MAR\r\nTU PUNTO DE PARTIDA","banner_hub_text":"5 rutas desde Lloret de Mar para descubrir nuestro territorio","banner_hub_link":{"title":"Lloret Hub","url":"http:\/\/lloretdemar.org\/sobre-lloret-de-mar\/lloret-hub\/","target":""}},"yoast_head":"<!-- This site is optimized with the Yoast SEO plugin v27.5 - https:\/\/yoast.com\/product\/yoast-seo-wordpress\/ -->\n<title>\u201cCon respeto, en Lloret cabemos todos\u201d - Lloret de Mar<\/title>\n<meta name=\"robots\" content=\"index, follow, max-snippet:-1, max-image-preview:large, max-video-preview:-1\" \/>\n<link rel=\"canonical\" href=\"https:\/\/lloretdemar.org\/es\/conoce-lloret-de-mar\/con-respeto-en-lloret-cabemos-todos\/\" \/>\n<meta property=\"og:locale\" content=\"es_ES\" \/>\n<meta property=\"og:type\" content=\"article\" \/>\n<meta property=\"og:title\" content=\"\u201cCon respeto, en Lloret cabemos todos\u201d - Lloret de Mar\" \/>\n<meta property=\"og:url\" content=\"https:\/\/lloretdemar.org\/es\/conoce-lloret-de-mar\/con-respeto-en-lloret-cabemos-todos\/\" \/>\n<meta property=\"og:site_name\" content=\"Lloret de Mar\" \/>\n<meta property=\"article:publisher\" content=\"https:\/\/www.facebook.com\/Lloretturisme\" \/>\n<meta property=\"article:modified_time\" content=\"2020-10-21T13:02:29+00:00\" \/>\n<meta property=\"og:image\" content=\"https:\/\/lloretdemar.org\/wp-content\/uploads\/2020\/03\/civisme.jpg\" \/>\n\t<meta property=\"og:image:width\" content=\"1920\" \/>\n\t<meta property=\"og:image:height\" content=\"885\" \/>\n\t<meta property=\"og:image:type\" content=\"image\/jpeg\" \/>\n<meta name=\"twitter:card\" content=\"summary_large_image\" \/>\n<meta name=\"twitter:site\" content=\"@lloretturisme\" \/>\n<script type=\"application\/ld+json\" class=\"yoast-schema-graph\">{\"@context\":\"https:\\\/\\\/schema.org\",\"@graph\":[{\"@type\":\"WebPage\",\"@id\":\"https:\\\/\\\/lloretdemar.org\\\/es\\\/conoce-lloret-de-mar\\\/con-respeto-en-lloret-cabemos-todos\\\/\",\"url\":\"https:\\\/\\\/lloretdemar.org\\\/es\\\/conoce-lloret-de-mar\\\/con-respeto-en-lloret-cabemos-todos\\\/\",\"name\":\"\u201cCon respeto, en Lloret cabemos todos\u201d - Lloret de Mar\",\"isPartOf\":{\"@id\":\"https:\\\/\\\/lloretdemar.org\\\/es\\\/#website\"},\"datePublished\":\"2020-03-03T11:02:25+00:00\",\"dateModified\":\"2020-10-21T13:02:29+00:00\",\"description\":\"Lloret de Mar\",\"breadcrumb\":{\"@id\":\"https:\\\/\\\/lloretdemar.org\\\/es\\\/conoce-lloret-de-mar\\\/con-respeto-en-lloret-cabemos-todos\\\/#breadcrumb\"},\"inLanguage\":\"es\",\"potentialAction\":[{\"@type\":\"ReadAction\",\"target\":[\"https:\\\/\\\/lloretdemar.org\\\/es\\\/conoce-lloret-de-mar\\\/con-respeto-en-lloret-cabemos-todos\\\/\"]}]},{\"@type\":\"BreadcrumbList\",\"@id\":\"https:\\\/\\\/lloretdemar.org\\\/es\\\/conoce-lloret-de-mar\\\/con-respeto-en-lloret-cabemos-todos\\\/#breadcrumb\",\"itemListElement\":[{\"@type\":\"ListItem\",\"position\":1,\"name\":\"Home\",\"item\":\"https:\\\/\\\/lloretdemar.org\\\/es\\\/\"},{\"@type\":\"ListItem\",\"position\":2,\"name\":\"Conoce Lloret de Mar\",\"item\":\"https:\\\/\\\/lloretdemar.org\\\/es\\\/conoce-lloret-de-mar\\\/\"},{\"@type\":\"ListItem\",\"position\":3,\"name\":\"\u201cCon respeto, en Lloret cabemos todos\u201d\"}]},{\"@type\":\"WebSite\",\"@id\":\"https:\\\/\\\/lloretdemar.org\\\/es\\\/#website\",\"url\":\"https:\\\/\\\/lloretdemar.org\\\/es\\\/\",\"name\":\"Lloret de Mar\",\"description\":\"\",\"publisher\":{\"@id\":\"https:\\\/\\\/lloretdemar.org\\\/es\\\/#organization\"},\"potentialAction\":[{\"@type\":\"SearchAction\",\"target\":{\"@type\":\"EntryPoint\",\"urlTemplate\":\"https:\\\/\\\/lloretdemar.org\\\/es\\\/?s={search_term_string}\"},\"query-input\":{\"@type\":\"PropertyValueSpecification\",\"valueRequired\":true,\"valueName\":\"search_term_string\"}}],\"inLanguage\":\"es\"},{\"@type\":\"Organization\",\"@id\":\"https:\\\/\\\/lloretdemar.org\\\/es\\\/#organization\",\"name\":\"Lloret de Mar\",\"url\":\"https:\\\/\\\/lloretdemar.org\\\/es\\\/\",\"logo\":{\"@type\":\"ImageObject\",\"inLanguage\":\"es\",\"@id\":\"https:\\\/\\\/lloretdemar.org\\\/es\\\/#\\\/schema\\\/logo\\\/image\\\/\",\"url\":\"https:\\\/\\\/lloretdemar.org\\\/wp-content\\\/uploads\\\/2020\\\/05\\\/lloret-de-mar-logo.png\",\"contentUrl\":\"https:\\\/\\\/lloretdemar.org\\\/wp-content\\\/uploads\\\/2020\\\/05\\\/lloret-de-mar-logo.png\",\"width\":87,\"height\":38,\"caption\":\"Lloret de Mar\"},\"image\":{\"@id\":\"https:\\\/\\\/lloretdemar.org\\\/es\\\/#\\\/schema\\\/logo\\\/image\\\/\"},\"sameAs\":[\"https:\\\/\\\/www.facebook.com\\\/Lloretturisme\",\"https:\\\/\\\/x.com\\\/lloretturisme\",\"https:\\\/\\\/instagram.com\\\/lloretturisme\",\"https:\\\/\\\/www.youtube.com\\\/LloretTurisme\"]}]}<\/script>\n<!-- \/ Yoast SEO plugin. -->","yoast_head_json":{"title":"\u201cCon respeto, en Lloret cabemos todos\u201d - Lloret de Mar","robots":{"index":"index","follow":"follow","max-snippet":"max-snippet:-1","max-image-preview":"max-image-preview:large","max-video-preview":"max-video-preview:-1"},"canonical":"https:\/\/lloretdemar.org\/es\/conoce-lloret-de-mar\/con-respeto-en-lloret-cabemos-todos\/","og_locale":"es_ES","og_type":"article","og_title":"\u201cCon respeto, en Lloret cabemos todos\u201d - Lloret de Mar","og_url":"https:\/\/lloretdemar.org\/es\/conoce-lloret-de-mar\/con-respeto-en-lloret-cabemos-todos\/","og_site_name":"Lloret de Mar","article_publisher":"https:\/\/www.facebook.com\/Lloretturisme","article_modified_time":"2020-10-21T13:02:29+00:00","og_image":[{"width":1920,"height":885,"url":"https:\/\/lloretdemar.org\/wp-content\/uploads\/2020\/03\/civisme.jpg","type":"image\/jpeg"}],"twitter_card":"summary_large_image","twitter_site":"@lloretturisme","schema":{"@context":"https:\/\/schema.org","@graph":[{"@type":"WebPage","@id":"https:\/\/lloretdemar.org\/es\/conoce-lloret-de-mar\/con-respeto-en-lloret-cabemos-todos\/","url":"https:\/\/lloretdemar.org\/es\/conoce-lloret-de-mar\/con-respeto-en-lloret-cabemos-todos\/","name":"\u201cCon respeto, en Lloret cabemos todos\u201d - Lloret de Mar","isPartOf":{"@id":"https:\/\/lloretdemar.org\/es\/#website"},"datePublished":"2020-03-03T11:02:25+00:00","dateModified":"2020-10-21T13:02:29+00:00","description":"Lloret de Mar","breadcrumb":{"@id":"https:\/\/lloretdemar.org\/es\/conoce-lloret-de-mar\/con-respeto-en-lloret-cabemos-todos\/#breadcrumb"},"inLanguage":"es","potentialAction":[{"@type":"ReadAction","target":["https:\/\/lloretdemar.org\/es\/conoce-lloret-de-mar\/con-respeto-en-lloret-cabemos-todos\/"]}]},{"@type":"BreadcrumbList","@id":"https:\/\/lloretdemar.org\/es\/conoce-lloret-de-mar\/con-respeto-en-lloret-cabemos-todos\/#breadcrumb","itemListElement":[{"@type":"ListItem","position":1,"name":"Home","item":"https:\/\/lloretdemar.org\/es\/"},{"@type":"ListItem","position":2,"name":"Conoce Lloret de Mar","item":"https:\/\/lloretdemar.org\/es\/conoce-lloret-de-mar\/"},{"@type":"ListItem","position":3,"name":"\u201cCon respeto, en Lloret cabemos todos\u201d"}]},{"@type":"WebSite","@id":"https:\/\/lloretdemar.org\/es\/#website","url":"https:\/\/lloretdemar.org\/es\/","name":"Lloret de Mar","description":"","publisher":{"@id":"https:\/\/lloretdemar.org\/es\/#organization"},"potentialAction":[{"@type":"SearchAction","target":{"@type":"EntryPoint","urlTemplate":"https:\/\/lloretdemar.org\/es\/?s={search_term_string}"},"query-input":{"@type":"PropertyValueSpecification","valueRequired":true,"valueName":"search_term_string"}}],"inLanguage":"es"},{"@type":"Organization","@id":"https:\/\/lloretdemar.org\/es\/#organization","name":"Lloret de Mar","url":"https:\/\/lloretdemar.org\/es\/","logo":{"@type":"ImageObject","inLanguage":"es","@id":"https:\/\/lloretdemar.org\/es\/#\/schema\/logo\/image\/","url":"https:\/\/lloretdemar.org\/wp-content\/uploads\/2020\/05\/lloret-de-mar-logo.png","contentUrl":"https:\/\/lloretdemar.org\/wp-content\/uploads\/2020\/05\/lloret-de-mar-logo.png","width":87,"height":38,"caption":"Lloret de Mar"},"image":{"@id":"https:\/\/lloretdemar.org\/es\/#\/schema\/logo\/image\/"},"sameAs":["https:\/\/www.facebook.com\/Lloretturisme","https:\/\/x.com\/lloretturisme","https:\/\/instagram.com\/lloretturisme","https:\/\/www.youtube.com\/LloretTurisme"]}]}},"_links":{"self":[{"href":"https:\/\/lloretdemar.org\/es\/wp-json\/wp\/v2\/pages\/9998","targetHints":{"allow":["GET"]}}],"collection":[{"href":"https:\/\/lloretdemar.org\/es\/wp-json\/wp\/v2\/pages"}],"about":[{"href":"https:\/\/lloretdemar.org\/es\/wp-json\/wp\/v2\/types\/page"}],"author":[{"embeddable":true,"href":"https:\/\/lloretdemar.org\/es\/wp-json\/wp\/v2\/users\/12"}],"replies":[{"embeddable":true,"href":"https:\/\/lloretdemar.org\/es\/wp-json\/wp\/v2\/comments?post=9998"}],"version-history":[{"count":0,"href":"https:\/\/lloretdemar.org\/es\/wp-json\/wp\/v2\/pages\/9998\/revisions"}],"up":[{"embeddable":true,"href":"https:\/\/lloretdemar.org\/es\/wp-json\/wp\/v2\/pages\/11376"}],"wp:attachment":[{"href":"https:\/\/lloretdemar.org\/es\/wp-json\/wp\/v2\/media?parent=9998"}],"curies":[{"name":"wp","href":"https:\/\/api.w.org\/{rel}","templated":true}]}}