{"id":9801,"date":"2020-02-07T13:38:33","date_gmt":"2020-02-07T12:38:33","guid":{"rendered":"http:\/\/lloretdemar.org\/turisme-esportiu-a-lloret-de-mar\/"},"modified":"2025-07-23T17:05:32","modified_gmt":"2025-07-23T15:05:32","slug":"turismo-deportivo-en-lloret-de-mar","status":"publish","type":"page","link":"https:\/\/lloretdemar.org\/es\/que-hacer-en-lloret\/lloret-de-mar-de-dia\/turismo-deportivo-en-lloret-de-mar\/","title":{"rendered":"Turismo Deportivo en Lloret de Mar"},"content":{"rendered":"<p>Lloret de Mar disfruta de temperaturas suaves y largas horas de sol durante todo el a\u00f1o. Por otra parte, su ubicaci\u00f3n privilegiada en el sur de la Costa Brava, su entorno natural de gran belleza y la amplia oferta de instalaciones y equipamientos deportivos hacen que Lloret de Mar sea un destino id\u00f3neo para la pr\u00e1ctica de deporte. La ciudad tiene una larga tradici\u00f3n en turismo deportivo y est\u00e1 certificada con el sello DTE (Destino Turismo Deportivo) de la Agencia Catalana de Turismo en las modalidades deportivas de f\u00fatbol, atletismo, ciclismo, nataci\u00f3n, deportes colectivos y triatl\u00f3n. Lloret se distingue por ofrecer recursos y servicios especializados de alta calidad dirigidos tanto a deportistas de \u00e9lite y profesionales, como a aficionados y turistas que quieran practicar actividades deportivas en el destino.<\/p>\n","protected":false},"excerpt":{"rendered":"<p>Lloret de Mar disfruta de temperaturas suaves y largas horas de sol durante todo el a\u00f1o. Por otra parte, su ubicaci\u00f3n privilegiada en el sur de la Costa Brava, su entorno natural de gran belleza y la amplia oferta de instalaciones y equipamientos deportivos hacen que Lloret de Mar sea un destino id\u00f3neo para la [&hellip;]<\/p>\n","protected":false},"author":12,"featured_media":0,"parent":10091,"menu_order":0,"comment_status":"closed","ping_status":"closed","template":"page-templates\/mouret-15.php","meta":{"_acf_changed":false,"content-type":"","footnotes":""},"class_list":["post-9801","page","type-page","status-publish","hentry"],"acf":{"banner_imatge":5389,"banner_titol":"Turismo Deportivo en Lloret de Mar","banner_subtitol":"","botons_blanc_o_negres":"defecte","banner_links":[{"es_post":false,"banner_link":{"title":"F\u00fatbol","url":"#F\u00fatbol","target":""},"link_intern":null,"link_intern_titol":""},{"es_post":false,"banner_link":{"title":"Nataci\u00f3n","url":"#Nataci\u00f3n","target":""},"link_intern":null,"link_intern_titol":""},{"es_post":false,"banner_link":{"title":"Atletismo","url":"#Atletismo","target":""},"link_intern":null,"link_intern_titol":""},{"es_post":false,"banner_link":{"title":"Ciclismo","url":"#Ciclismo","target":""},"link_intern":null,"link_intern_titol":""},{"es_post":false,"banner_link":{"title":"Running","url":"#Running","target":""},"link_intern":null,"link_intern_titol":""},{"es_post":false,"banner_link":{"title":"Deportes colectivos","url":"#Deportescolectivos","target":""},"link_intern":null,"link_intern_titol":""},{"es_post":false,"banner_link":{"title":"Triatl\u00f3n","url":"#Triatl\u00f3n","target":""},"link_intern":null,"link_intern_titol":""},{"es_post":false,"banner_link":{"title":"Servicios","url":"#Servicios","target":""},"link_intern":null,"link_intern_titol":""}],"blocs":[{"titol":"F\u00fatbol","descripcio":"El deporte m\u00e1s popular del mundo tiene gran importancia en Lloret de Mar. El municipio ofrece todos los servicios necesarios a aquellos equipos de diferentes niveles y nacionalidades que vienen a realizar sus estancias a nuestra localidad.\r\n\r\nDisponemos de tres campos, dos con c\u00e9sped artificial y uno de c\u00e9sped natural situados en el centro de la ciudad.","imatge":40765,"es_enllac_intern_o_extern":"intern","link_intern":{"title":"M\u00e1s informaci\u00f3n","url":"http:\/\/professionals.lloretdemar.org\/es\/productos-turisticos\/turismo-deportivo\/futbol\/","target":""},"link_extern":"","link_extern_text":""},{"titol":"Nataci\u00f3n","descripcio":"Lloret de Mar dispone de un centro deportivo de \u00faltima generaci\u00f3n que, adem\u00e1s de una piscina de dimensiones ol\u00edmpicas, ofrece una completa sala de fitness y diferentes salas de actividades dirigidas.\r\n\r\nSi lo que prefer\u00eds es nadar en aguas abiertas, Lloret de Mar cuenta con dos Rutas de Mar, v\u00edas p\u00fablicas marinas para nadar por nuestro litoral con total seguridad. La primera conecta la playa de Lloret con Fenals y la segunda la playa de Fenals con Santa cristina y tienen una distancia de 1,3 y 1,2 km respectivamente.\r\n\r\n&nbsp;","imatge":40783,"es_enllac_intern_o_extern":"intern","link_intern":{"title":"M\u00e1s informaci\u00f3n","url":"http:\/\/professionals.lloretdemar.org\/es\/productos-turisticos\/turismo-deportivo\/natacion\/","target":""},"link_extern":"","link_extern_text":""},{"titol":"Atletismo","descripcio":"En las pistas de atletismo de 8 carriles de Lloret de Mar puedes practicar las diferentes disciplinas del atletismo: carreras, saltos, marcha y pruebas combinadas.\r\n\r\n&nbsp;","imatge":5431,"es_enllac_intern_o_extern":"intern","link_intern":{"title":"M\u00e1s informaci\u00f3n","url":"http:\/\/professionals.lloretdemar.org\/es\/productos-turisticos\/turismo-deportivo\/atletismo\/","target":""},"link_extern":"","link_extern_text":""},{"titol":"Ciclismo","descripcio":"Lloret de Mar, es un lugar donde el ciclismo es algo m\u00e1s que pedalear, recuperar y pedalear.\r\n\r\nSi eres un apasionado del asfalto, descubrir\u00e1s m\u00e1s de 600 kil\u00f3metros de rutas por carreteras secundarias con gran ambiente ciclista. Puedes encontrar desde rutas rodantes hasta etapas reina con escalada en puertos de monta\u00f1a de categor\u00eda especial.\r\n\r\nSi en cambio lo tuyo son los senderos, en las colinas boscosas que rodean Lloret de Mar encontrar\u00e1s un tesoro escondido: kil\u00f3metros y kil\u00f3metros de pistas y senderos con constantes cambios de desnivel, ideales para practicar habilidades t\u00e9cnicas de BTT.\r\n\r\nEn la web <a href=\"http:\/\/www.lloretcycling.com\/es\">lloretcycling.com<\/a> encontrar\u00e1s las rutas emblem\u00e1ticas de la zona, as\u00ed como toda nuestra oferta de alojamiento y servicios especializados para el ciclista.","imatge":40771,"es_enllac_intern_o_extern":"intern","link_intern":"","link_extern":"","link_extern_text":""},{"titol":"Running","descripcio":"Si te gusta el running, Lloret de Mar es un para\u00edso para ti. Dise\u00f1amos 5 rutas de trail, que recorren tanto el Camino de Ronda como los magn\u00edficos parajes naturales m\u00e1s boscosos, as\u00ed como 3 rutas de asfalto.\r\n\r\nEncontrar\u00e1s un Centro Running en las instalaciones de la piscina municipal, donde dispones de un servicio gratuito de taquillas, informaci\u00f3n y rutas.","imatge":40789,"es_enllac_intern_o_extern":"intern","link_intern":{"title":"M\u00e1s informaci\u00f3n","url":"http:\/\/lloretdemar.org\/wp-content\/uploads\/2020\/03\/running2019-1.pdf","target":""},"link_extern":"","link_extern_text":""},{"titol":"Deportes colectivos","descripcio":"El hockey, balonmano, baloncesto o f\u00fatbol sala son s\u00f3lo algunos de los deportes de equipo que se pueden practicar en nuestras instalaciones. En el centro de la ciudad se encuentran 3 pabellones y otras zonas outdoor para la pr\u00e1ctica de todo tipo de deportes de grupo.","imatge":40777,"es_enllac_intern_o_extern":"intern","link_intern":{"title":"M\u00e1s informaci\u00f3n","url":"http:\/\/professionals.lloretdemar.org\/es\/productos-turisticos\/turismo-deportivo\/deportes-colectivos\/","target":""},"link_extern":"","link_extern_text":""},{"titol":"Triatl\u00f3n","descripcio":"Lloret de Mar es una ciudad SBR que pone al alcance de los triatletas espacios indoor y outdoor de alto nivel donde poder entrenar las 3 disciplinas con total comodidad. Si le sumamos el clima templado del Mediterr\u00e1neo, ideal para los entrenamientos, nos encontramos con un destino de referencia para este deporte.\r\n\r\n&nbsp;\r\n\r\nEnlaces de inter\u00e9s:\r\n\r\n<a href=\"http:\/\/professionals.lloretdemar.org\/es\/productos-turisticos\/turismo-deportivo\/natacion\/\" target=\"_blank\" rel=\"noopener\"><strong>Piscina ol\u00edmpica indoor<\/strong><\/a>\r\n\r\n<strong><a href=\"http:\/\/www.lloretcycling.com\/es\/btt\" target=\"_blank\" rel=\"noopener\">Rutas cicloturistas BTT<\/a>\r\n<\/strong>\r\n\r\n<a href=\"http:\/\/www.lloretcycling.com\/es\/carretera\" target=\"_blank\" rel=\"noopener\"><strong>Rutas cicloturistas carretera<\/strong><\/a>\r\n\r\n<a href=\"http:\/\/lloretdemar.org\/wp-content\/uploads\/2020\/03\/running-poster.pdf\" target=\"_blank\" rel=\"noopener\"><strong>Rutas de running<\/strong><\/a>\r\n\r\n&nbsp;","imatge":40795,"es_enllac_intern_o_extern":"intern","link_intern":"","link_extern":"","link_extern_text":""},{"titol":"Servicios","descripcio":"Si durante tu estancia necesitas alojamientos o servicios especializados, contacta con nuestros colaboradores.","imatge":5422,"es_enllac_intern_o_extern":"intern","link_intern":"","link_extern":"","link_extern_text":""}],"titol_boto":"","document":"","apartats":[{"acf_fc_layout":"bloc_text","titol":"","subtitol":"","descripcio":""}]},"yoast_head":"<!-- This site is optimized with the Yoast SEO plugin v27.5 - https:\/\/yoast.com\/product\/yoast-seo-wordpress\/ -->\n<title>Turismo Deportivo en Lloret de Mar - Lloret de Mar<\/title>\n<meta name=\"description\" content=\"Lloret de Mar disfruta de temperaturas suaves y largas horas de sol durante todo el a\u00f1o. Por otra parte, su ubicaci\u00f3n privilegiada en el sur de la Costa Brava, su entorno natural de gran belleza y la amplia oferta de instalaciones y equipamientos deportivos hacen que Lloret de Mar sea un destino id\u00f3neo para la&hellip;\" \/>\n<meta name=\"robots\" content=\"index, follow, max-snippet:-1, max-image-preview:large, max-video-preview:-1\" \/>\n<link rel=\"canonical\" href=\"https:\/\/lloretdemar.org\/es\/que-hacer-en-lloret\/lloret-de-mar-de-dia\/turismo-deportivo-en-lloret-de-mar\/\" \/>\n<meta property=\"og:locale\" content=\"es_ES\" \/>\n<meta property=\"og:type\" content=\"article\" \/>\n<meta property=\"og:title\" content=\"Turismo Deportivo en Lloret de Mar - Lloret de Mar\" \/>\n<meta property=\"og:description\" content=\"Lloret de Mar disfruta de temperaturas suaves y largas horas de sol durante todo el a\u00f1o. Por otra parte, su ubicaci\u00f3n privilegiada en el sur de la Costa Brava, su entorno natural de gran belleza y la amplia oferta de instalaciones y equipamientos deportivos hacen que Lloret de Mar sea un destino id\u00f3neo para la&hellip;\" \/>\n<meta property=\"og:url\" content=\"https:\/\/lloretdemar.org\/es\/que-hacer-en-lloret\/lloret-de-mar-de-dia\/turismo-deportivo-en-lloret-de-mar\/\" \/>\n<meta property=\"og:site_name\" content=\"Lloret de Mar\" \/>\n<meta property=\"article:publisher\" content=\"https:\/\/www.facebook.com\/Lloretturisme\" \/>\n<meta property=\"article:modified_time\" content=\"2025-07-23T15:05:32+00:00\" \/>\n<meta property=\"og:image\" content=\"https:\/\/lloretdemar.org\/wp-content\/uploads\/2020\/02\/slide-esports.jpg\" \/>\n\t<meta property=\"og:image:width\" content=\"1920\" \/>\n\t<meta property=\"og:image:height\" content=\"885\" \/>\n\t<meta property=\"og:image:type\" content=\"image\/jpeg\" \/>\n<meta name=\"twitter:card\" content=\"summary_large_image\" \/>\n<meta name=\"twitter:site\" content=\"@lloretturisme\" \/>\n<meta name=\"twitter:label1\" content=\"Tiempo de lectura\" \/>\n\t<meta name=\"twitter:data1\" content=\"1 minuto\" \/>\n<script type=\"application\/ld+json\" class=\"yoast-schema-graph\">{\"@context\":\"https:\\\/\\\/schema.org\",\"@graph\":[{\"@type\":\"WebPage\",\"@id\":\"https:\\\/\\\/lloretdemar.org\\\/es\\\/que-hacer-en-lloret\\\/lloret-de-mar-de-dia\\\/turismo-deportivo-en-lloret-de-mar\\\/\",\"url\":\"https:\\\/\\\/lloretdemar.org\\\/es\\\/que-hacer-en-lloret\\\/lloret-de-mar-de-dia\\\/turismo-deportivo-en-lloret-de-mar\\\/\",\"name\":\"Turismo Deportivo en Lloret de Mar - Lloret de Mar\",\"isPartOf\":{\"@id\":\"https:\\\/\\\/lloretdemar.org\\\/es\\\/#website\"},\"datePublished\":\"2020-02-07T12:38:33+00:00\",\"dateModified\":\"2025-07-23T15:05:32+00:00\",\"description\":\"Lloret de Mar\",\"breadcrumb\":{\"@id\":\"https:\\\/\\\/lloretdemar.org\\\/es\\\/que-hacer-en-lloret\\\/lloret-de-mar-de-dia\\\/turismo-deportivo-en-lloret-de-mar\\\/#breadcrumb\"},\"inLanguage\":\"es\",\"potentialAction\":[{\"@type\":\"ReadAction\",\"target\":[\"https:\\\/\\\/lloretdemar.org\\\/es\\\/que-hacer-en-lloret\\\/lloret-de-mar-de-dia\\\/turismo-deportivo-en-lloret-de-mar\\\/\"]}]},{\"@type\":\"BreadcrumbList\",\"@id\":\"https:\\\/\\\/lloretdemar.org\\\/es\\\/que-hacer-en-lloret\\\/lloret-de-mar-de-dia\\\/turismo-deportivo-en-lloret-de-mar\\\/#breadcrumb\",\"itemListElement\":[{\"@type\":\"ListItem\",\"position\":1,\"name\":\"Home\",\"item\":\"https:\\\/\\\/lloretdemar.org\\\/es\\\/\"},{\"@type\":\"ListItem\",\"position\":2,\"name\":\"Qu\u00e9 hacer en Lloret\",\"item\":\"https:\\\/\\\/lloretdemar.org\\\/es\\\/que-hacer-en-lloret\\\/\"},{\"@type\":\"ListItem\",\"position\":3,\"name\":\"Lloret de Mar de D\u00eda\",\"item\":\"https:\\\/\\\/lloretdemar.org\\\/es\\\/que-hacer-en-lloret\\\/lloret-de-mar-de-dia\\\/\"},{\"@type\":\"ListItem\",\"position\":4,\"name\":\"Turismo Deportivo en Lloret de Mar\"}]},{\"@type\":\"WebSite\",\"@id\":\"https:\\\/\\\/lloretdemar.org\\\/es\\\/#website\",\"url\":\"https:\\\/\\\/lloretdemar.org\\\/es\\\/\",\"name\":\"Lloret de Mar\",\"description\":\"\",\"publisher\":{\"@id\":\"https:\\\/\\\/lloretdemar.org\\\/es\\\/#organization\"},\"potentialAction\":[{\"@type\":\"SearchAction\",\"target\":{\"@type\":\"EntryPoint\",\"urlTemplate\":\"https:\\\/\\\/lloretdemar.org\\\/es\\\/?s={search_term_string}\"},\"query-input\":{\"@type\":\"PropertyValueSpecification\",\"valueRequired\":true,\"valueName\":\"search_term_string\"}}],\"inLanguage\":\"es\"},{\"@type\":\"Organization\",\"@id\":\"https:\\\/\\\/lloretdemar.org\\\/es\\\/#organization\",\"name\":\"Lloret de Mar\",\"url\":\"https:\\\/\\\/lloretdemar.org\\\/es\\\/\",\"logo\":{\"@type\":\"ImageObject\",\"inLanguage\":\"es\",\"@id\":\"https:\\\/\\\/lloretdemar.org\\\/es\\\/#\\\/schema\\\/logo\\\/image\\\/\",\"url\":\"https:\\\/\\\/lloretdemar.org\\\/wp-content\\\/uploads\\\/2020\\\/05\\\/lloret-de-mar-logo.png\",\"contentUrl\":\"https:\\\/\\\/lloretdemar.org\\\/wp-content\\\/uploads\\\/2020\\\/05\\\/lloret-de-mar-logo.png\",\"width\":87,\"height\":38,\"caption\":\"Lloret de Mar\"},\"image\":{\"@id\":\"https:\\\/\\\/lloretdemar.org\\\/es\\\/#\\\/schema\\\/logo\\\/image\\\/\"},\"sameAs\":[\"https:\\\/\\\/www.facebook.com\\\/Lloretturisme\",\"https:\\\/\\\/x.com\\\/lloretturisme\",\"https:\\\/\\\/instagram.com\\\/lloretturisme\",\"https:\\\/\\\/www.youtube.com\\\/LloretTurisme\"]}]}<\/script>\n<!-- \/ Yoast SEO plugin. -->","yoast_head_json":{"title":"Turismo Deportivo en Lloret de Mar - Lloret de Mar","description":"Lloret de Mar disfruta de temperaturas suaves y largas horas de sol durante todo el a\u00f1o. Por otra parte, su ubicaci\u00f3n privilegiada en el sur de la Costa Brava, su entorno natural de gran belleza y la amplia oferta de instalaciones y equipamientos deportivos hacen que Lloret de Mar sea un destino id\u00f3neo para la&hellip;","robots":{"index":"index","follow":"follow","max-snippet":"max-snippet:-1","max-image-preview":"max-image-preview:large","max-video-preview":"max-video-preview:-1"},"canonical":"https:\/\/lloretdemar.org\/es\/que-hacer-en-lloret\/lloret-de-mar-de-dia\/turismo-deportivo-en-lloret-de-mar\/","og_locale":"es_ES","og_type":"article","og_title":"Turismo Deportivo en Lloret de Mar - Lloret de Mar","og_description":"Lloret de Mar disfruta de temperaturas suaves y largas horas de sol durante todo el a\u00f1o. Por otra parte, su ubicaci\u00f3n privilegiada en el sur de la Costa Brava, su entorno natural de gran belleza y la amplia oferta de instalaciones y equipamientos deportivos hacen que Lloret de Mar sea un destino id\u00f3neo para la&hellip;","og_url":"https:\/\/lloretdemar.org\/es\/que-hacer-en-lloret\/lloret-de-mar-de-dia\/turismo-deportivo-en-lloret-de-mar\/","og_site_name":"Lloret de Mar","article_publisher":"https:\/\/www.facebook.com\/Lloretturisme","article_modified_time":"2025-07-23T15:05:32+00:00","og_image":[{"width":1920,"height":885,"url":"https:\/\/lloretdemar.org\/wp-content\/uploads\/2020\/02\/slide-esports.jpg","type":"image\/jpeg"}],"twitter_card":"summary_large_image","twitter_site":"@lloretturisme","twitter_misc":{"Tiempo de lectura":"1 minuto"},"schema":{"@context":"https:\/\/schema.org","@graph":[{"@type":"WebPage","@id":"https:\/\/lloretdemar.org\/es\/que-hacer-en-lloret\/lloret-de-mar-de-dia\/turismo-deportivo-en-lloret-de-mar\/","url":"https:\/\/lloretdemar.org\/es\/que-hacer-en-lloret\/lloret-de-mar-de-dia\/turismo-deportivo-en-lloret-de-mar\/","name":"Turismo Deportivo en Lloret de Mar - Lloret de Mar","isPartOf":{"@id":"https:\/\/lloretdemar.org\/es\/#website"},"datePublished":"2020-02-07T12:38:33+00:00","dateModified":"2025-07-23T15:05:32+00:00","description":"Lloret de Mar","breadcrumb":{"@id":"https:\/\/lloretdemar.org\/es\/que-hacer-en-lloret\/lloret-de-mar-de-dia\/turismo-deportivo-en-lloret-de-mar\/#breadcrumb"},"inLanguage":"es","potentialAction":[{"@type":"ReadAction","target":["https:\/\/lloretdemar.org\/es\/que-hacer-en-lloret\/lloret-de-mar-de-dia\/turismo-deportivo-en-lloret-de-mar\/"]}]},{"@type":"BreadcrumbList","@id":"https:\/\/lloretdemar.org\/es\/que-hacer-en-lloret\/lloret-de-mar-de-dia\/turismo-deportivo-en-lloret-de-mar\/#breadcrumb","itemListElement":[{"@type":"ListItem","position":1,"name":"Home","item":"https:\/\/lloretdemar.org\/es\/"},{"@type":"ListItem","position":2,"name":"Qu\u00e9 hacer en Lloret","item":"https:\/\/lloretdemar.org\/es\/que-hacer-en-lloret\/"},{"@type":"ListItem","position":3,"name":"Lloret de Mar de D\u00eda","item":"https:\/\/lloretdemar.org\/es\/que-hacer-en-lloret\/lloret-de-mar-de-dia\/"},{"@type":"ListItem","position":4,"name":"Turismo Deportivo en Lloret de Mar"}]},{"@type":"WebSite","@id":"https:\/\/lloretdemar.org\/es\/#website","url":"https:\/\/lloretdemar.org\/es\/","name":"Lloret de Mar","description":"","publisher":{"@id":"https:\/\/lloretdemar.org\/es\/#organization"},"potentialAction":[{"@type":"SearchAction","target":{"@type":"EntryPoint","urlTemplate":"https:\/\/lloretdemar.org\/es\/?s={search_term_string}"},"query-input":{"@type":"PropertyValueSpecification","valueRequired":true,"valueName":"search_term_string"}}],"inLanguage":"es"},{"@type":"Organization","@id":"https:\/\/lloretdemar.org\/es\/#organization","name":"Lloret de Mar","url":"https:\/\/lloretdemar.org\/es\/","logo":{"@type":"ImageObject","inLanguage":"es","@id":"https:\/\/lloretdemar.org\/es\/#\/schema\/logo\/image\/","url":"https:\/\/lloretdemar.org\/wp-content\/uploads\/2020\/05\/lloret-de-mar-logo.png","contentUrl":"https:\/\/lloretdemar.org\/wp-content\/uploads\/2020\/05\/lloret-de-mar-logo.png","width":87,"height":38,"caption":"Lloret de Mar"},"image":{"@id":"https:\/\/lloretdemar.org\/es\/#\/schema\/logo\/image\/"},"sameAs":["https:\/\/www.facebook.com\/Lloretturisme","https:\/\/x.com\/lloretturisme","https:\/\/instagram.com\/lloretturisme","https:\/\/www.youtube.com\/LloretTurisme"]}]}},"_links":{"self":[{"href":"https:\/\/lloretdemar.org\/es\/wp-json\/wp\/v2\/pages\/9801","targetHints":{"allow":["GET"]}}],"collection":[{"href":"https:\/\/lloretdemar.org\/es\/wp-json\/wp\/v2\/pages"}],"about":[{"href":"https:\/\/lloretdemar.org\/es\/wp-json\/wp\/v2\/types\/page"}],"author":[{"embeddable":true,"href":"https:\/\/lloretdemar.org\/es\/wp-json\/wp\/v2\/users\/12"}],"replies":[{"embeddable":true,"href":"https:\/\/lloretdemar.org\/es\/wp-json\/wp\/v2\/comments?post=9801"}],"version-history":[{"count":2,"href":"https:\/\/lloretdemar.org\/es\/wp-json\/wp\/v2\/pages\/9801\/revisions"}],"predecessor-version":[{"id":40798,"href":"https:\/\/lloretdemar.org\/es\/wp-json\/wp\/v2\/pages\/9801\/revisions\/40798"}],"up":[{"embeddable":true,"href":"https:\/\/lloretdemar.org\/es\/wp-json\/wp\/v2\/pages\/10091"}],"wp:attachment":[{"href":"https:\/\/lloretdemar.org\/es\/wp-json\/wp\/v2\/media?parent=9801"}],"curies":[{"name":"wp","href":"https:\/\/api.w.org\/{rel}","templated":true}]}}