{"id":9736,"date":"2019-05-28T17:11:14","date_gmt":"2019-05-28T15:11:14","guid":{"rendered":"http:\/\/lloretdemar.org\/sobre-lloret-de-mar\/lloret-hub\/"},"modified":"2020-05-21T11:42:21","modified_gmt":"2020-05-21T09:42:21","slug":"lloret-hub","status":"publish","type":"page","link":"https:\/\/lloretdemar.org\/es\/conoce-lloret-de-mar\/lloret-hub\/","title":{"rendered":"Lloret Hub"},"content":{"rendered":"","protected":false},"excerpt":{"rendered":"","protected":false},"author":12,"featured_media":0,"parent":11376,"menu_order":0,"comment_status":"closed","ping_status":"closed","template":"page-templates\/hub-12.php","meta":{"_acf_changed":false,"content-type":"","footnotes":""},"class_list":["post-9736","page","type-page","status-publish","hentry"],"acf":{"banner_imatge":364,"banner_titol":"Lloret de Mar\r\nTu punto de partida","banner_subtitol":"","botons_blanc_o_negres":"defecte","banner_links":[{"es_post":false,"banner_link":{"title":"Girona y pueblos fortificados","url":"http:\/\/lloretdemar.org\/es\/sobre-lloret-de-mar\/lloret-hub\/girona-i-pobles-fortificats\/","target":""},"link_intern":null,"link_intern_titol":""},{"es_post":false,"banner_link":{"title":"Pueblos marineros y medievales","url":"http:\/\/lloretdemar.org\/es\/sobre-lloret-de-mar\/lloret-hub\/pobles-mariners-i-medievals\/","target":""},"link_intern":null,"link_intern_titol":""},{"es_post":false,"banner_link":{"title":"Pueblos de castillos, monasterios y parques naturales","url":"http:\/\/lloretdemar.org\/es\/sobre-lloret-de-mar\/lloret-hub\/pobles-de-castells-monestirs-i-parcs-naturals\/","target":""},"link_intern":null,"link_intern_titol":""},{"es_post":false,"banner_link":{"title":"Pueblos de la zona volc\u00e1nica y los valles de la Garrotxa","url":"http:\/\/lloretdemar.org\/es\/sobre-lloret-de-mar\/lloret-hub\/pobles-de-la-zona-volcanica-i-les-valls\/","target":""},"link_intern":null,"link_intern_titol":""},{"es_post":false,"banner_link":{"title":"Pueblos de Dal\u00ed","url":"http:\/\/lloretdemar.org\/es\/sobre-lloret-de-mar\/lloret-hub\/pobles-de-dali\/","target":""},"link_intern":null,"link_intern_titol":""}],"apartats":null,"blocs_pobles":[{"titol":"Girona y pueblos fortificados","subtitol":"Ruta circular de 130 km. Iniciaremos el recorrido en la ciudad vecina de Blanes y continuaremos por poblaciones agr\u00edcolas y artesanas hasta llegar a Girona, donde podremos descubrir el casco antiguo y su importante barrio jud\u00edo, articulados alrededor de la catedral.","defecte":523,"pobles":[{"poble":16689},{"poble":16681},{"poble":16676},{"poble":16668},{"poble":16659},{"poble":16648},{"poble":16640},{"poble":16634},{"poble":16626},{"poble":16613},{"poble":16621}]},{"titol":"Pueblos marineros y medievales","subtitol":"Ruta circular de 193 km. Visitaremos los peque\u00f1os pueblos marineros t\u00edpicos de la Costa Brava y otros n\u00facleos medievales, todos ellos llenos de esencia, historia y autenticidad.","defecte":1364,"pobles":[{"poble":16605},{"poble":16842},{"poble":16597},{"poble":16589},{"poble":16886},{"poble":16572},{"poble":16833},{"poble":16557},{"poble":16825},{"poble":16549},{"poble":16816},{"poble":16543},{"poble":16537}]},{"titol":"Pueblos de castillos, \r\nmonasterios y parques naturales","subtitol":"Ruta circular de 273 km. Haremos una parada obligatoria en el impresionante monasterio de Sant Pere de Rodes y visitaremos las ruinas de Emp\u00faries.","defecte":1367,"pobles":[{"poble":16705},{"poble":16770},{"poble":16523},{"poble":16515},{"poble":16505},{"poble":16493}]},{"titol":"Pueblos de la zona volc\u00e1nica y los valles de la Garrotxa","subtitol":"Ruta circular de 210 km. Empezaremos por uno de los lagos m\u00e1s grandes de la pen\u00ednsula para, despu\u00e9s, adentrarnos en la zona volc\u00e1nica de la Garrotxa y el hermoso paisaje de la Fageda d\u2019en Jord\u00e0.","defecte":1370,"pobles":[{"poble":16484},{"poble":16876},{"poble":16891},{"poble":16762},{"poble":16470},{"poble":16851},{"poble":16462},{"poble":16453}]},{"titol":"Pueblos de Dal\u00ed","subtitol":"Ruta circular de 219 km inspirada en la figura de Salvador Dal\u00ed. Podremos visitar el Teatro-Museo Dal\u00ed y el pueblo del pintor, pasear por el Parque Natural de Cap de Creus y descubrir los rincones y las calas.","defecte":1373,"pobles":[{"poble":16705},{"poble":16718},{"poble":16723},{"poble":16444},{"poble":16438}]}],"banner_mapa_imatges":[501,504,507],"banner_mapa_titol":"5 rutas desde Lloret de Mar\r\npara descubrir nuestro territorio  ","banner_mapa_link":{"title":"Descargar","url":"http:\/\/lloretdemar.org\/wp-content\/uploads\/2019\/12\/mapa-hub.pdf","target":"_blank"}},"yoast_head":"<!-- This site is optimized with the Yoast SEO plugin v27.5 - https:\/\/yoast.com\/product\/yoast-seo-wordpress\/ -->\n<title>Lloret Hub - Lloret de Mar<\/title>\n<meta name=\"robots\" content=\"index, follow, max-snippet:-1, max-image-preview:large, max-video-preview:-1\" \/>\n<link rel=\"canonical\" href=\"https:\/\/lloretdemar.org\/es\/conoce-lloret-de-mar\/lloret-hub\/\" \/>\n<meta property=\"og:locale\" content=\"es_ES\" \/>\n<meta property=\"og:type\" content=\"article\" \/>\n<meta property=\"og:title\" content=\"Lloret Hub - Lloret de Mar\" \/>\n<meta property=\"og:url\" content=\"https:\/\/lloretdemar.org\/es\/conoce-lloret-de-mar\/lloret-hub\/\" \/>\n<meta property=\"og:site_name\" content=\"Lloret de Mar\" \/>\n<meta property=\"article:publisher\" content=\"https:\/\/www.facebook.com\/Lloretturisme\" \/>\n<meta property=\"article:modified_time\" content=\"2020-05-21T09:42:21+00:00\" \/>\n<meta property=\"og:image\" content=\"https:\/\/lloretdemar.org\/wp-content\/uploads\/2019\/05\/home_page_8.jpg\" \/>\n\t<meta property=\"og:image:width\" content=\"1920\" \/>\n\t<meta property=\"og:image:height\" content=\"885\" \/>\n\t<meta property=\"og:image:type\" content=\"image\/jpeg\" \/>\n<meta name=\"twitter:card\" content=\"summary_large_image\" \/>\n<meta name=\"twitter:site\" content=\"@lloretturisme\" \/>\n<script type=\"application\/ld+json\" class=\"yoast-schema-graph\">{\"@context\":\"https:\\\/\\\/schema.org\",\"@graph\":[{\"@type\":\"WebPage\",\"@id\":\"https:\\\/\\\/lloretdemar.org\\\/es\\\/conoce-lloret-de-mar\\\/lloret-hub\\\/\",\"url\":\"https:\\\/\\\/lloretdemar.org\\\/es\\\/conoce-lloret-de-mar\\\/lloret-hub\\\/\",\"name\":\"Lloret Hub - Lloret de Mar\",\"isPartOf\":{\"@id\":\"https:\\\/\\\/lloretdemar.org\\\/es\\\/#website\"},\"datePublished\":\"2019-05-28T15:11:14+00:00\",\"dateModified\":\"2020-05-21T09:42:21+00:00\",\"description\":\"Lloret de Mar\",\"breadcrumb\":{\"@id\":\"https:\\\/\\\/lloretdemar.org\\\/es\\\/conoce-lloret-de-mar\\\/lloret-hub\\\/#breadcrumb\"},\"inLanguage\":\"es\",\"potentialAction\":[{\"@type\":\"ReadAction\",\"target\":[\"https:\\\/\\\/lloretdemar.org\\\/es\\\/conoce-lloret-de-mar\\\/lloret-hub\\\/\"]}]},{\"@type\":\"BreadcrumbList\",\"@id\":\"https:\\\/\\\/lloretdemar.org\\\/es\\\/conoce-lloret-de-mar\\\/lloret-hub\\\/#breadcrumb\",\"itemListElement\":[{\"@type\":\"ListItem\",\"position\":1,\"name\":\"Home\",\"item\":\"https:\\\/\\\/lloretdemar.org\\\/es\\\/\"},{\"@type\":\"ListItem\",\"position\":2,\"name\":\"Conoce Lloret de Mar\",\"item\":\"https:\\\/\\\/lloretdemar.org\\\/es\\\/conoce-lloret-de-mar\\\/\"},{\"@type\":\"ListItem\",\"position\":3,\"name\":\"Lloret Hub\"}]},{\"@type\":\"WebSite\",\"@id\":\"https:\\\/\\\/lloretdemar.org\\\/es\\\/#website\",\"url\":\"https:\\\/\\\/lloretdemar.org\\\/es\\\/\",\"name\":\"Lloret de Mar\",\"description\":\"\",\"publisher\":{\"@id\":\"https:\\\/\\\/lloretdemar.org\\\/es\\\/#organization\"},\"potentialAction\":[{\"@type\":\"SearchAction\",\"target\":{\"@type\":\"EntryPoint\",\"urlTemplate\":\"https:\\\/\\\/lloretdemar.org\\\/es\\\/?s={search_term_string}\"},\"query-input\":{\"@type\":\"PropertyValueSpecification\",\"valueRequired\":true,\"valueName\":\"search_term_string\"}}],\"inLanguage\":\"es\"},{\"@type\":\"Organization\",\"@id\":\"https:\\\/\\\/lloretdemar.org\\\/es\\\/#organization\",\"name\":\"Lloret de Mar\",\"url\":\"https:\\\/\\\/lloretdemar.org\\\/es\\\/\",\"logo\":{\"@type\":\"ImageObject\",\"inLanguage\":\"es\",\"@id\":\"https:\\\/\\\/lloretdemar.org\\\/es\\\/#\\\/schema\\\/logo\\\/image\\\/\",\"url\":\"https:\\\/\\\/lloretdemar.org\\\/wp-content\\\/uploads\\\/2020\\\/05\\\/lloret-de-mar-logo.png\",\"contentUrl\":\"https:\\\/\\\/lloretdemar.org\\\/wp-content\\\/uploads\\\/2020\\\/05\\\/lloret-de-mar-logo.png\",\"width\":87,\"height\":38,\"caption\":\"Lloret de Mar\"},\"image\":{\"@id\":\"https:\\\/\\\/lloretdemar.org\\\/es\\\/#\\\/schema\\\/logo\\\/image\\\/\"},\"sameAs\":[\"https:\\\/\\\/www.facebook.com\\\/Lloretturisme\",\"https:\\\/\\\/x.com\\\/lloretturisme\",\"https:\\\/\\\/instagram.com\\\/lloretturisme\",\"https:\\\/\\\/www.youtube.com\\\/LloretTurisme\"]}]}<\/script>\n<!-- \/ Yoast SEO plugin. -->","yoast_head_json":{"title":"Lloret Hub - Lloret de Mar","robots":{"index":"index","follow":"follow","max-snippet":"max-snippet:-1","max-image-preview":"max-image-preview:large","max-video-preview":"max-video-preview:-1"},"canonical":"https:\/\/lloretdemar.org\/es\/conoce-lloret-de-mar\/lloret-hub\/","og_locale":"es_ES","og_type":"article","og_title":"Lloret Hub - Lloret de Mar","og_url":"https:\/\/lloretdemar.org\/es\/conoce-lloret-de-mar\/lloret-hub\/","og_site_name":"Lloret de Mar","article_publisher":"https:\/\/www.facebook.com\/Lloretturisme","article_modified_time":"2020-05-21T09:42:21+00:00","og_image":[{"width":1920,"height":885,"url":"https:\/\/lloretdemar.org\/wp-content\/uploads\/2019\/05\/home_page_8.jpg","type":"image\/jpeg"}],"twitter_card":"summary_large_image","twitter_site":"@lloretturisme","schema":{"@context":"https:\/\/schema.org","@graph":[{"@type":"WebPage","@id":"https:\/\/lloretdemar.org\/es\/conoce-lloret-de-mar\/lloret-hub\/","url":"https:\/\/lloretdemar.org\/es\/conoce-lloret-de-mar\/lloret-hub\/","name":"Lloret Hub - Lloret de Mar","isPartOf":{"@id":"https:\/\/lloretdemar.org\/es\/#website"},"datePublished":"2019-05-28T15:11:14+00:00","dateModified":"2020-05-21T09:42:21+00:00","description":"Lloret de Mar","breadcrumb":{"@id":"https:\/\/lloretdemar.org\/es\/conoce-lloret-de-mar\/lloret-hub\/#breadcrumb"},"inLanguage":"es","potentialAction":[{"@type":"ReadAction","target":["https:\/\/lloretdemar.org\/es\/conoce-lloret-de-mar\/lloret-hub\/"]}]},{"@type":"BreadcrumbList","@id":"https:\/\/lloretdemar.org\/es\/conoce-lloret-de-mar\/lloret-hub\/#breadcrumb","itemListElement":[{"@type":"ListItem","position":1,"name":"Home","item":"https:\/\/lloretdemar.org\/es\/"},{"@type":"ListItem","position":2,"name":"Conoce Lloret de Mar","item":"https:\/\/lloretdemar.org\/es\/conoce-lloret-de-mar\/"},{"@type":"ListItem","position":3,"name":"Lloret Hub"}]},{"@type":"WebSite","@id":"https:\/\/lloretdemar.org\/es\/#website","url":"https:\/\/lloretdemar.org\/es\/","name":"Lloret de Mar","description":"","publisher":{"@id":"https:\/\/lloretdemar.org\/es\/#organization"},"potentialAction":[{"@type":"SearchAction","target":{"@type":"EntryPoint","urlTemplate":"https:\/\/lloretdemar.org\/es\/?s={search_term_string}"},"query-input":{"@type":"PropertyValueSpecification","valueRequired":true,"valueName":"search_term_string"}}],"inLanguage":"es"},{"@type":"Organization","@id":"https:\/\/lloretdemar.org\/es\/#organization","name":"Lloret de Mar","url":"https:\/\/lloretdemar.org\/es\/","logo":{"@type":"ImageObject","inLanguage":"es","@id":"https:\/\/lloretdemar.org\/es\/#\/schema\/logo\/image\/","url":"https:\/\/lloretdemar.org\/wp-content\/uploads\/2020\/05\/lloret-de-mar-logo.png","contentUrl":"https:\/\/lloretdemar.org\/wp-content\/uploads\/2020\/05\/lloret-de-mar-logo.png","width":87,"height":38,"caption":"Lloret de Mar"},"image":{"@id":"https:\/\/lloretdemar.org\/es\/#\/schema\/logo\/image\/"},"sameAs":["https:\/\/www.facebook.com\/Lloretturisme","https:\/\/x.com\/lloretturisme","https:\/\/instagram.com\/lloretturisme","https:\/\/www.youtube.com\/LloretTurisme"]}]}},"_links":{"self":[{"href":"https:\/\/lloretdemar.org\/es\/wp-json\/wp\/v2\/pages\/9736","targetHints":{"allow":["GET"]}}],"collection":[{"href":"https:\/\/lloretdemar.org\/es\/wp-json\/wp\/v2\/pages"}],"about":[{"href":"https:\/\/lloretdemar.org\/es\/wp-json\/wp\/v2\/types\/page"}],"author":[{"embeddable":true,"href":"https:\/\/lloretdemar.org\/es\/wp-json\/wp\/v2\/users\/12"}],"replies":[{"embeddable":true,"href":"https:\/\/lloretdemar.org\/es\/wp-json\/wp\/v2\/comments?post=9736"}],"version-history":[{"count":0,"href":"https:\/\/lloretdemar.org\/es\/wp-json\/wp\/v2\/pages\/9736\/revisions"}],"up":[{"embeddable":true,"href":"https:\/\/lloretdemar.org\/es\/wp-json\/wp\/v2\/pages\/11376"}],"acf:attachment":[{"embeddable":true,"href":"https:\/\/lloretdemar.org\/es\/wp-json\/wp\/v2\/media\/507"},{"embeddable":true,"href":"https:\/\/lloretdemar.org\/es\/wp-json\/wp\/v2\/media\/504"},{"embeddable":true,"href":"https:\/\/lloretdemar.org\/es\/wp-json\/wp\/v2\/media\/501"}],"wp:attachment":[{"href":"https:\/\/lloretdemar.org\/es\/wp-json\/wp\/v2\/media?parent=9736"}],"curies":[{"name":"wp","href":"https:\/\/api.w.org\/{rel}","templated":true}]}}