{"id":9723,"date":"2019-05-28T10:05:19","date_gmt":"2019-05-28T08:05:19","guid":{"rendered":"http:\/\/lloretdemar.org\/planifica-el-teu-viatge\/moures-per-lloret\/"},"modified":"2021-01-26T09:14:26","modified_gmt":"2021-01-26T08:14:26","slug":"muevete-por-lloret","status":"publish","type":"page","link":"https:\/\/lloretdemar.org\/es\/planifica-tu-viaje\/muevete-por-lloret\/","title":{"rendered":"Mu\u00e9vete por Lloret"},"content":{"rendered":"","protected":false},"excerpt":{"rendered":"","protected":false},"author":12,"featured_media":0,"parent":10257,"menu_order":0,"comment_status":"closed","ping_status":"closed","template":"page-templates\/mouret-15.php","meta":{"_acf_changed":false,"content-type":"","footnotes":""},"class_list":["post-9723","page","type-page","status-publish","hentry"],"acf":{"banner_imatge":5492,"banner_titol":"Mu\u00e9vete por Lloret","banner_subtitol":"","botons_blanc_o_negres":"defecte","banner_links":[{"es_post":false,"banner_link":{"title":"A pie","url":"#Apie","target":""},"link_intern":null,"link_intern_titol":""},{"es_post":false,"banner_link":{"title":"Bus urbano","url":"#Busurbano","target":""},"link_intern":null,"link_intern_titol":""},{"es_post":false,"banner_link":{"title":"Taxis","url":"#Taxis","target":""},"link_intern":null,"link_intern_titol":""},{"es_post":false,"banner_link":{"title":"Bicicleta","url":"#Bicicleta","target":""},"link_intern":null,"link_intern_titol":""},{"es_post":false,"banner_link":{"title":"Alquiler de veh\u00edculos","url":"#Alquilerdeveh\u00edculos","target":""},"link_intern":null,"link_intern_titol":""},{"es_post":false,"banner_link":{"title":"Aparcamientos","url":"#Aparcamientos","target":""},"link_intern":null,"link_intern_titol":""},{"es_post":false,"banner_link":{"title":"Transporte Mar\u00edtimo","url":"#TransporteMar\u00edtimo","target":""},"link_intern":null,"link_intern_titol":""},{"es_post":false,"banner_link":null,"link_intern":null,"link_intern_titol":""}],"blocs":[{"titol":"A pie","descripcio":"En Lloret de Mar puedes ir a pie por todas partes.\r\n\r\nEs una ciudad donde las distancias son cortas y donde encontrar\u00e1s diferentes y amplias zonas peatonales, caminos y parques que hacen que desplazarse a pie sea agradable y r\u00e1pido, incluso para ir de un barrio a otro.","imatge":5501,"es_enllac_intern_o_extern":"intern","link_intern":{"title":"Gu\u00eda del peat\u00f3n","url":"http:\/\/gisweb.lloret.org\/lloretdemar41\/visor-guia.jsp?layers=guia%3AGUIA_FONS~GLL_GUIA_ZVIANANTS&center=487372,4616534&scale=5000","target":"_blank"},"link_extern":"javascript:void(0);","link_extern_text":"Llegeix m\u00e9s"},{"titol":"Bus urbano","descripcio":"La red de bus urbano de Lloret de Mar conecta los diferentes barrios y zonas tur\u00edsticas de la poblaci\u00f3n. Puedes moverte con el bus urbano de una manera f\u00e1cil y r\u00e1pida.\r\n\r\nPuedes consultar las diferentes l\u00edneas y tarifas en <a href=\"http:\/\/www.lloretbus.com\">www.lloretbus.com<\/a>\r\n\r\nVisita tambi\u00e9n este enlace si te quieres <a href=\"https:\/\/lloretdemar.org\/planifica-el-teu-viatge\/com-arribar-carretera\/\">moverte en bus por la zona<\/a>.","imatge":5507,"es_enllac_intern_o_extern":"intern","link_intern":"","link_extern":"","link_extern_text":""},{"titol":"Taxis","descripcio":"Lloret dispone de 4 paradas de taxis con una extensa flota de entre cuatro y siete plazas que da servicio las 24 horas del d\u00eda, durante todo el a\u00f1o. Los reconocer\u00e1s gracias a su color blanco y una se\u00f1al identificativa.\r\n\r\n<strong>Recorrido\u00a0 \u00a0 \u00a0 \u00a0 \u00a0 \u00a0 \u00a0 \u00a0 \u00a0 \u00a0 \u00a0 \u00a0 \u00a0 \u00a0 \u00a0 \u00a0 \u00a0 \u00a0 Distancia\u00a0\u00a0\u00a0\u00a0\u00a0\u00a0\u00a0\u00a0\u00a0\u00a0\u00a0 Tiempo<\/strong>\r\n\r\nBarcelona - Lloret de Mar\u00a0 \u00a0 \u00a0 \u00a0 \u00a0 \u00a0 \u00a0 \u00a080 km\u00a0 \u00a0 \u00a0 \u00a0 \u00a0 \u00a0 \u00a0 \u00a0 \u00a0 \u00a0 \u00a060 min\r\n\r\nPerpi\u00f1\u00e1n - Lloret de Mar\u00a0 \u00a0 \u00a0 \u00a0 \u00a0 \u00a0 \u00a0 \u00a0 115 km\u00a0 \u00a0 \u00a0 \u00a0 \u00a0 \u00a0 \u00a0 \u00a0 \u00a0 \u00a0 \u00a090 min\r\n\r\nGirona - Lloret de Mar\u00a0 \u00a0 \u00a0 \u00a0 \u00a0 \u00a0 \u00a0 \u00a0 \u00a0 \u00a0 30 km\u00a0 \u00a0 \u00a0 \u00a0 \u00a0 \u00a0 \u00a0 \u00a0 \u00a0 \u00a0 \u00a0 30 min\r\n\r\n&nbsp;\r\n\r\n<a href=\"https:\/\/www.lloret.cat\/seccions\/mobilitat\/taxis\">Consulta en este enlace las tarifas que se aplican en Lloret de Mar\u00a0<\/a>\r\n\r\n<a href=\"http:\/\/gisweb.lloret.org\/lloretdemar41\/visor-guia.jsp?layers=guia%3AGUIA_FONS~GLL_GUIA_TAXIS&amp;center=487212,4616984&amp;scale=25000\">Consulta en este enlace las paradas de taxis de Lloret de Mar<\/a>","imatge":5513,"es_enllac_intern_o_extern":"extern","link_intern":{"title":"Directorio de empresas","url":"http:\/\/lloretdemar.org\/es\/sobre-lloret-de-mar\/directori-dempreses\/","target":""},"link_extern":"http:\/\/www.taxi-lloret.com","link_extern_text":"Direcci\u00f3n y los tel\u00e9fonos de las paradas de Taxi de Lloret de Mar"},{"titol":"Bicicleta","descripcio":"Actualmente, en Lloret de Mar puedes encontrar carriles bici en la zona del Rieral y el barrio de Fenals.\r\n\r\nEl objetivo es ir incorporando nuevos carriles bici que formen una red conectada y que promocione una movilidad sostenible en \u00e1mbitos urbanos.\r\n\r\nTambi\u00e9n puedes varios encontrar aparcamientos de bicicletas para facilitar su uso.\r\n\r\nLloret de Mar quiere ser una ciudad ambientalmente sostenible en cuanto a movilidad: se pretende continuar buscando alternativas al veh\u00edculo privado y, adem\u00e1s, priorizar un medio de transporte y de movilidad m\u00e1s sostenible como es el uso de la bicicleta.\r\n\r\n<a href=\"http:\/\/gisweb.lloret.org\/lloretdemar41\/visor-guia.jsp?layers=guia%3AGUIA_FONS~GLL_MOB_APARCABICIS&amp;center=487212,4616984&amp;scale=25000\">Consulta en este enlace donde aparcar la bici en Lloret de Mar<\/a>","imatge":5504,"es_enllac_intern_o_extern":"intern","link_intern":{"title":"Consulta el mapa de carril bici","url":"http:\/\/gisweb.lloret.org\/lloretdemar41\/visor-guia.jsp?layers=guia%3AGUIA_FONS~GLL_VIA_CARRILBICI&center=487212,4616984&scale=25000%20%20","target":"_blank"},"link_extern":"http:\/\/www.taxi-lloret.com","link_extern_text":"Adre\u00e7a i els tel\u00e8fons de les parades de Taxi de Lloret de Mar "},{"titol":"Alquiler de veh\u00edculos","descripcio":"Si buscas independencia y gestionar tus vacaciones a tu manera, Lloret de Mar pone a tu disposici\u00f3n diferentes agencias de alquiler de veh\u00edculos para moverte a tu aire.","imatge":5495,"es_enllac_intern_o_extern":"intern","link_intern":{"title":"Directorio de empresas","url":"http:\/\/lloretdemar.org\/sobre-lloret-de-mar\/directori-dempreses\/#lloguer-de-vehicles","target":"_blank"},"link_extern":"http:\/\/www.taxi-lloret.com","link_extern_text":"Adre\u00e7a i els tel\u00e8fons de les parades de Taxi de Lloret de Mar "},{"titol":"Aparcamientos","descripcio":"Lloret de Mar dispone de multitud de aparcamientos, p\u00fablicos y privados, tanto cubiertos como de superficie.\r\n\r\n&nbsp;","imatge":5498,"es_enllac_intern_o_extern":"intern","link_intern":{"title":"Consulta aqu\u00ed la ubicaci\u00f3n y las tarifas de los aparcamientos municipales","url":"https:\/\/www.lloret.cat\/seccions\/mobilitat\/parquings","target":"_blank"},"link_extern":"www.autocarspujol.com","link_extern_text":"Trobar\u00e0s m\u00e9s informaci\u00f3 sobre les parades i els horaris aqu\u00ed"},{"titol":"Transporte mar\u00edtimo","descripcio":"Por un lado, la l\u00ednea regular de Dofi Jet Boats te permite descubrir la costa del Maresme y la Costa Brava de una manera diferente, visitando las magn\u00edficas playas y calas que hay a lo largo del recorrido.\r\n\r\nSus barcos hacen parada en las poblaciones y playas principales de esta zona de la Costa Brava. Uniendo Lloret de Mar con Calella, Blanes o Tossa de Mar.\r\n\r\nDescubre la costa de una manera diferente.\r\n\r\n<a href=\"https:\/\/www.dofijetboats.com\/\" target=\"_blank\" rel=\"noopener\">Dolfi Jet Boats<\/a>","imatge":5489,"es_enllac_intern_o_extern":"intern","link_intern":null,"link_extern":"https:\/\/autocarspujol.com\/lineas-regulares\/playas-y-jardines\/","link_extern_text":""},{"titol":"","descripcio":"","imatge":null,"es_enllac_intern_o_extern":"intern","link_intern":"","link_extern":"","link_extern_text":""}],"titol_boto":"","document":"","apartats":null},"yoast_head":"<!-- This site is optimized with the Yoast SEO plugin v27.5 - https:\/\/yoast.com\/product\/yoast-seo-wordpress\/ -->\n<title>Mu\u00e9vete por Lloret - Lloret de Mar<\/title>\n<meta name=\"robots\" content=\"index, follow, max-snippet:-1, max-image-preview:large, max-video-preview:-1\" \/>\n<link rel=\"canonical\" href=\"https:\/\/lloretdemar.org\/es\/planifica-tu-viaje\/muevete-por-lloret\/\" \/>\n<meta property=\"og:locale\" content=\"es_ES\" \/>\n<meta property=\"og:type\" content=\"article\" \/>\n<meta property=\"og:title\" content=\"Mu\u00e9vete por Lloret - Lloret de Mar\" \/>\n<meta property=\"og:url\" content=\"https:\/\/lloretdemar.org\/es\/planifica-tu-viaje\/muevete-por-lloret\/\" \/>\n<meta property=\"og:site_name\" content=\"Lloret de Mar\" \/>\n<meta property=\"article:publisher\" content=\"https:\/\/www.facebook.com\/Lloretturisme\" \/>\n<meta property=\"article:modified_time\" content=\"2021-01-26T08:14:26+00:00\" \/>\n<meta property=\"og:image\" content=\"https:\/\/lloretdemar.org\/wp-content\/uploads\/2020\/02\/slide-moures.jpg\" \/>\n\t<meta property=\"og:image:width\" content=\"1920\" \/>\n\t<meta property=\"og:image:height\" content=\"885\" \/>\n\t<meta property=\"og:image:type\" content=\"image\/jpeg\" \/>\n<meta name=\"twitter:card\" content=\"summary_large_image\" \/>\n<meta name=\"twitter:site\" content=\"@lloretturisme\" \/>\n<script type=\"application\/ld+json\" class=\"yoast-schema-graph\">{\"@context\":\"https:\\\/\\\/schema.org\",\"@graph\":[{\"@type\":\"WebPage\",\"@id\":\"https:\\\/\\\/lloretdemar.org\\\/es\\\/planifica-tu-viaje\\\/muevete-por-lloret\\\/\",\"url\":\"https:\\\/\\\/lloretdemar.org\\\/es\\\/planifica-tu-viaje\\\/muevete-por-lloret\\\/\",\"name\":\"Mu\u00e9vete por Lloret - Lloret de Mar\",\"isPartOf\":{\"@id\":\"https:\\\/\\\/lloretdemar.org\\\/es\\\/#website\"},\"datePublished\":\"2019-05-28T08:05:19+00:00\",\"dateModified\":\"2021-01-26T08:14:26+00:00\",\"description\":\"Lloret de Mar\",\"breadcrumb\":{\"@id\":\"https:\\\/\\\/lloretdemar.org\\\/es\\\/planifica-tu-viaje\\\/muevete-por-lloret\\\/#breadcrumb\"},\"inLanguage\":\"es\",\"potentialAction\":[{\"@type\":\"ReadAction\",\"target\":[\"https:\\\/\\\/lloretdemar.org\\\/es\\\/planifica-tu-viaje\\\/muevete-por-lloret\\\/\"]}]},{\"@type\":\"BreadcrumbList\",\"@id\":\"https:\\\/\\\/lloretdemar.org\\\/es\\\/planifica-tu-viaje\\\/muevete-por-lloret\\\/#breadcrumb\",\"itemListElement\":[{\"@type\":\"ListItem\",\"position\":1,\"name\":\"Home\",\"item\":\"https:\\\/\\\/lloretdemar.org\\\/es\\\/\"},{\"@type\":\"ListItem\",\"position\":2,\"name\":\"Planifica tu viaje\",\"item\":\"https:\\\/\\\/lloretdemar.org\\\/es\\\/planifica-tu-viaje\\\/\"},{\"@type\":\"ListItem\",\"position\":3,\"name\":\"Mu\u00e9vete por Lloret\"}]},{\"@type\":\"WebSite\",\"@id\":\"https:\\\/\\\/lloretdemar.org\\\/es\\\/#website\",\"url\":\"https:\\\/\\\/lloretdemar.org\\\/es\\\/\",\"name\":\"Lloret de Mar\",\"description\":\"\",\"publisher\":{\"@id\":\"https:\\\/\\\/lloretdemar.org\\\/es\\\/#organization\"},\"potentialAction\":[{\"@type\":\"SearchAction\",\"target\":{\"@type\":\"EntryPoint\",\"urlTemplate\":\"https:\\\/\\\/lloretdemar.org\\\/es\\\/?s={search_term_string}\"},\"query-input\":{\"@type\":\"PropertyValueSpecification\",\"valueRequired\":true,\"valueName\":\"search_term_string\"}}],\"inLanguage\":\"es\"},{\"@type\":\"Organization\",\"@id\":\"https:\\\/\\\/lloretdemar.org\\\/es\\\/#organization\",\"name\":\"Lloret de Mar\",\"url\":\"https:\\\/\\\/lloretdemar.org\\\/es\\\/\",\"logo\":{\"@type\":\"ImageObject\",\"inLanguage\":\"es\",\"@id\":\"https:\\\/\\\/lloretdemar.org\\\/es\\\/#\\\/schema\\\/logo\\\/image\\\/\",\"url\":\"https:\\\/\\\/lloretdemar.org\\\/wp-content\\\/uploads\\\/2020\\\/05\\\/lloret-de-mar-logo.png\",\"contentUrl\":\"https:\\\/\\\/lloretdemar.org\\\/wp-content\\\/uploads\\\/2020\\\/05\\\/lloret-de-mar-logo.png\",\"width\":87,\"height\":38,\"caption\":\"Lloret de Mar\"},\"image\":{\"@id\":\"https:\\\/\\\/lloretdemar.org\\\/es\\\/#\\\/schema\\\/logo\\\/image\\\/\"},\"sameAs\":[\"https:\\\/\\\/www.facebook.com\\\/Lloretturisme\",\"https:\\\/\\\/x.com\\\/lloretturisme\",\"https:\\\/\\\/instagram.com\\\/lloretturisme\",\"https:\\\/\\\/www.youtube.com\\\/LloretTurisme\"]}]}<\/script>\n<!-- \/ Yoast SEO plugin. -->","yoast_head_json":{"title":"Mu\u00e9vete por Lloret - Lloret de Mar","robots":{"index":"index","follow":"follow","max-snippet":"max-snippet:-1","max-image-preview":"max-image-preview:large","max-video-preview":"max-video-preview:-1"},"canonical":"https:\/\/lloretdemar.org\/es\/planifica-tu-viaje\/muevete-por-lloret\/","og_locale":"es_ES","og_type":"article","og_title":"Mu\u00e9vete por Lloret - Lloret de Mar","og_url":"https:\/\/lloretdemar.org\/es\/planifica-tu-viaje\/muevete-por-lloret\/","og_site_name":"Lloret de Mar","article_publisher":"https:\/\/www.facebook.com\/Lloretturisme","article_modified_time":"2021-01-26T08:14:26+00:00","og_image":[{"width":1920,"height":885,"url":"https:\/\/lloretdemar.org\/wp-content\/uploads\/2020\/02\/slide-moures.jpg","type":"image\/jpeg"}],"twitter_card":"summary_large_image","twitter_site":"@lloretturisme","schema":{"@context":"https:\/\/schema.org","@graph":[{"@type":"WebPage","@id":"https:\/\/lloretdemar.org\/es\/planifica-tu-viaje\/muevete-por-lloret\/","url":"https:\/\/lloretdemar.org\/es\/planifica-tu-viaje\/muevete-por-lloret\/","name":"Mu\u00e9vete por Lloret - Lloret de Mar","isPartOf":{"@id":"https:\/\/lloretdemar.org\/es\/#website"},"datePublished":"2019-05-28T08:05:19+00:00","dateModified":"2021-01-26T08:14:26+00:00","description":"Lloret de Mar","breadcrumb":{"@id":"https:\/\/lloretdemar.org\/es\/planifica-tu-viaje\/muevete-por-lloret\/#breadcrumb"},"inLanguage":"es","potentialAction":[{"@type":"ReadAction","target":["https:\/\/lloretdemar.org\/es\/planifica-tu-viaje\/muevete-por-lloret\/"]}]},{"@type":"BreadcrumbList","@id":"https:\/\/lloretdemar.org\/es\/planifica-tu-viaje\/muevete-por-lloret\/#breadcrumb","itemListElement":[{"@type":"ListItem","position":1,"name":"Home","item":"https:\/\/lloretdemar.org\/es\/"},{"@type":"ListItem","position":2,"name":"Planifica tu viaje","item":"https:\/\/lloretdemar.org\/es\/planifica-tu-viaje\/"},{"@type":"ListItem","position":3,"name":"Mu\u00e9vete por Lloret"}]},{"@type":"WebSite","@id":"https:\/\/lloretdemar.org\/es\/#website","url":"https:\/\/lloretdemar.org\/es\/","name":"Lloret de Mar","description":"","publisher":{"@id":"https:\/\/lloretdemar.org\/es\/#organization"},"potentialAction":[{"@type":"SearchAction","target":{"@type":"EntryPoint","urlTemplate":"https:\/\/lloretdemar.org\/es\/?s={search_term_string}"},"query-input":{"@type":"PropertyValueSpecification","valueRequired":true,"valueName":"search_term_string"}}],"inLanguage":"es"},{"@type":"Organization","@id":"https:\/\/lloretdemar.org\/es\/#organization","name":"Lloret de Mar","url":"https:\/\/lloretdemar.org\/es\/","logo":{"@type":"ImageObject","inLanguage":"es","@id":"https:\/\/lloretdemar.org\/es\/#\/schema\/logo\/image\/","url":"https:\/\/lloretdemar.org\/wp-content\/uploads\/2020\/05\/lloret-de-mar-logo.png","contentUrl":"https:\/\/lloretdemar.org\/wp-content\/uploads\/2020\/05\/lloret-de-mar-logo.png","width":87,"height":38,"caption":"Lloret de Mar"},"image":{"@id":"https:\/\/lloretdemar.org\/es\/#\/schema\/logo\/image\/"},"sameAs":["https:\/\/www.facebook.com\/Lloretturisme","https:\/\/x.com\/lloretturisme","https:\/\/instagram.com\/lloretturisme","https:\/\/www.youtube.com\/LloretTurisme"]}]}},"_links":{"self":[{"href":"https:\/\/lloretdemar.org\/es\/wp-json\/wp\/v2\/pages\/9723","targetHints":{"allow":["GET"]}}],"collection":[{"href":"https:\/\/lloretdemar.org\/es\/wp-json\/wp\/v2\/pages"}],"about":[{"href":"https:\/\/lloretdemar.org\/es\/wp-json\/wp\/v2\/types\/page"}],"author":[{"embeddable":true,"href":"https:\/\/lloretdemar.org\/es\/wp-json\/wp\/v2\/users\/12"}],"replies":[{"embeddable":true,"href":"https:\/\/lloretdemar.org\/es\/wp-json\/wp\/v2\/comments?post=9723"}],"version-history":[{"count":0,"href":"https:\/\/lloretdemar.org\/es\/wp-json\/wp\/v2\/pages\/9723\/revisions"}],"up":[{"embeddable":true,"href":"https:\/\/lloretdemar.org\/es\/wp-json\/wp\/v2\/pages\/10257"}],"wp:attachment":[{"href":"https:\/\/lloretdemar.org\/es\/wp-json\/wp\/v2\/media?parent=9723"}],"curies":[{"name":"wp","href":"https:\/\/api.w.org\/{rel}","templated":true}]}}