{"id":9619,"date":"2019-05-28T14:11:21","date_gmt":"2019-05-28T12:11:21","guid":{"rendered":"http:\/\/lloretdemar.org\/sobre-lloret-de-mar\/informacio-practica-sobre-lloret-de-mar\/"},"modified":"2023-10-05T16:32:56","modified_gmt":"2023-10-05T14:32:56","slug":"informacion-util-para-tu-estancia-en-lloret-de-mar","status":"publish","type":"page","link":"https:\/\/lloretdemar.org\/es\/que-hacer-en-lloret\/informacion-util-para-tu-estancia-en-lloret-de-mar\/","title":{"rendered":"Informaci\u00f3n \u00fatil para tu estancia en Lloret de Mar"},"content":{"rendered":"","protected":false},"excerpt":{"rendered":"","protected":false},"author":12,"featured_media":0,"parent":1071,"menu_order":0,"comment_status":"closed","ping_status":"closed","template":"page-templates\/informacio-3.php","meta":{"_acf_changed":false,"content-type":"","footnotes":""},"class_list":["post-9619","page","type-page","status-publish","hentry"],"acf":{"banner_imatge":5076,"banner_titol":"Informaci\u00f3n \u00fatil para tu estancia en Lloret de Mar","banner_subtitol":"Todo lo que necesitas para preparar tus vacaciones en Lloret de Mar","botons_blanc_o_negres":"defecte","banner_links":null,"apartats":[{"acf_fc_layout":"bloc_text","titol":"Campa\u00f1a de civismo","subtitol":"\u00abCon respeto, en Lloret cabemos todos\u00bb","descripcio":"En los \u00faltimos tres a\u00f1os, Lloret de Mar ha impulsado varias campa\u00f1as de civismo con el lema \u00abCon respeto, en Lloret cabemos todos\u00bb.\r\n\r\nEstas campa\u00f1as pretenden fortalecer y mejorar la relaci\u00f3n entre residentes y turistas, e implicarlos en un proyecto com\u00fan donde se fomente el respeto y la convivencia, desde una perspectiva positiva y desenfadada, haciendo que todos participen de una forma activa.\r\n\r\nEstas campa\u00f1as tratan temas como la convivencia, el ruido y el reciclaje.\r\n\r\n<strong>Posa\u2019t la samarreta - campa\u00f1a 2017<\/strong>\r\n<ul>\r\n \t<li>Recuerda a los turistas que sean conscientes de que tienen que ponerse la camiseta cuando salen de la playa.<\/li>\r\n<\/ul>\r\n<strong>Enjoy the silence, Make peace not noise o Love your ears - campa\u00f1a 2018<\/strong>\r\n<ul>\r\n \t<li>Invita a rebajar los niveles de ruido para garantizar la buena convivencia ciudadana, especialmente en horario nocturno.<\/li>\r\n<\/ul>\r\n<strong>No tractis Lloret com un residu. Ajuda\u2019ns a mantenir-lo m\u00e9s net i fer-lo sostenible \u2013 campa\u00f1a 2019<\/strong>\r\n<ul>\r\n \t<li>Quiere implicar activamente a los visitantes y residentes con el medio ambiente y el tratamiento responsable de los residuos.<\/li>\r\n<\/ul>\r\nDesde siempre... \u00a1en Lloret hay espacio para todos!"}],"columna_esquerra":"<h2>Idioma<\/h2>\r\nEn Lloret de Mar, como en el resto de Catalu\u00f1a, los idiomas oficiales son el catal\u00e1n y el castellano, aunque por el car\u00e1cter tur\u00edstico de la poblaci\u00f3n mucha gente puede entender y expresarse en otras lenguas, como el ingl\u00e9s y el franc\u00e9s.\r\n\r\n&nbsp;\r\n\r\n&nbsp;\r\n<h2>Moneda<\/h2>\r\nEl euro (\u20ac) es la moneda oficial en la Uni\u00f3n Europea. Se puede cambiar en las cajas de ahorro y bancos, cajeros y otras oficinas de cambio de la ciudad.\r\n\r\nLos bancos est\u00e1n abiertos de lunes a viernes de 8:30 a 14:00 y s\u00e1bados de 8:30 a 13:00 (en verano cierran los s\u00e1bados). Las cajas de ahorro tambi\u00e9n abren los jueves por la tarde, excepto en verano. Adem\u00e1s, hay varias oficinas de cambio de moneda que funcionan a diario.","columna_dreta":"<h2>Horarios y costumbres<\/h2>\r\n<strong>Horarios comerciales:<\/strong>\r\n\r\nLos comercios de Lloret abren de lunes a s\u00e1bado, entre las 9:00 y las 10:00, y cierran para comer entre la 13:00 y la 13:30. Por la tarde abren hacia las 16:00 y cierran sobre las 20:00-20:30. En verano muchos comercios permanecen abiertos hasta las 23:00 (hora m\u00e1xima permitida de cierre comercial) y algunos abren el domingo. El horario de cierre de los pubs y bares musicales es a las 3:00, y las discotecas a las 5:00.\r\n\r\n&nbsp;\r\n\r\n<strong>Horarios de comidas:<\/strong>\r\n\r\nEn Lloret de Mar, como en el resto del estado, se suelen hacer las comidas m\u00e1s tarde que en el resto de Europa. El desayuno se hace entre las 9:00 y las 11:00, y suele ser bastante ligero. El almuerzo suele hacerse entre las 13:30 y las 15:30, y la cena es entre las 20:30 y las 22:30. Los horarios de los restaurantes est\u00e1n adaptados a estos mismos horarios, aunque hay establecimientos donde se puede comer durante todo el d\u00eda e incluso algunos las 24 horas.\r\n\r\n&nbsp;\r\n\r\n<strong>Horarios laborales:<\/strong>\r\n\r\nLa jornada laboral por la ma\u00f1ana comienza entre las 8:00 y las 9:00, y termina a la 13:00-13:30; por la tarde se reanuda la jornada sobre las 16:00 hasta las 19:00-19:30 (excepto en el caso de la administraci\u00f3n p\u00fablica y las entidades bancarias, que hacen horario intensivo hasta las 14:00 o 15:00).","color_fons":"","imatge_fons":"","blocs_rosa_titol":"Herramientas \u00fatiles","blocs_rosa_subtitol":"Imprescindibles para tu estancia en Lloret de Mar","blocs_rosa":[{"imatge":30882,"titol":"Folletos tur\u00edsticos","subtitol":"","links":[{"link":{"title":"M\u00e1s informaci\u00f3n","url":"http:\/\/lloretdemar.org\/es\/que-hacer-en-lloret\/informacion-util-para-tu-estancia-en-lloret-de-mar\/folletos-turisticos\/","target":"_blank"}}]},{"imatge":5552,"titol":"Oficinas de turismo","subtitol":"","links":[{"link":{"title":"M\u00e1s informaci\u00f3n","url":"http:\/\/lloretdemar.org\/es\/planifica-el-teu-viatge\/oficines-de-turisme\/","target":"_blank"}}]},{"imatge":5172,"titol":"Directorio de empresas","subtitol":"","links":[{"link":{"title":"M\u00e1s informaci\u00f3n","url":"http:\/\/lloretdemar.org\/es\/sobre-lloret-de-mar\/directori-dempreses\/","target":"_blank"}}]}],"frase":"","festius_titol":"Festivos locales","festius_subtitol":"Festivos locales en Lloret de Mar","festius_llista":[{"data":"20200101","titol":"A\u00f1o Nuevo","subtitol":"Festivo estatal"},{"data":"20200106","titol":"Reyes","subtitol":"Festivo estatal"},{"data":"20200410","titol":"Viernes santo","subtitol":"Festivo estatal"},{"data":"20200413","titol":"Lunes de Pascua","subtitol":"Festivo auton\u00f3mico"},{"data":"20200501","titol":"Fiesta del trabajo","subtitol":"Festivo estatal"},{"data":"20200624","titol":"San Juan","subtitol":"Festivo auton\u00f3mico"},{"data":"20200724","titol":"Santa Cristina","subtitol":"Festivo local"},{"data":"20200815","titol":"Asunci\u00f3n","subtitol":"Festivo estatal"},{"data":"20200911","titol":"D\u00eda Nacional de Catalu\u00f1a","subtitol":"Festivo auton\u00f3mico"},{"data":"20201012","titol":"Fiesta de la Hispanidad","subtitol":"Festivo estatal"},{"data":"20201101","titol":"Fiesta Todos los Santos","subtitol":"Festivo estatal"},{"data":"20201118","titol":"Sant Rom\u00e0","subtitol":"Festivo local"},{"data":"20201206","titol":"D\u00eda de la Constituci\u00f3n","subtitol":"Festivo estatal"},{"data":"20201208","titol":"Inmaculada concepci\u00f3n","subtitol":"Festivo estatal"},{"data":"20201225","titol":"Navidad","subtitol":"Festivo estatal"},{"data":"20201226","titol":"San Esteban","subtitol":"Festivo auton\u00f3mico"}],"banner_hub_imatge":1535,"banner_hub_imatge_titol":"","banner_hub_titol":"ESTADO DE LAS PLAYAS","banner_hub_text":"Consulta aqu\u00ed el estado de nuestras playas","banner_hub_link":{"title":"Ver","url":"http:\/\/www.intranet.pro-activa.es\/es\/mapa\/35\/lloret-de-mar","target":"_blank"}},"yoast_head":"<!-- This site is optimized with the Yoast SEO plugin v27.5 - https:\/\/yoast.com\/product\/yoast-seo-wordpress\/ -->\n<title>Informaci\u00f3n \u00fatil para tu estancia en Lloret de Mar - Lloret de Mar<\/title>\n<meta name=\"robots\" content=\"index, follow, max-snippet:-1, max-image-preview:large, max-video-preview:-1\" \/>\n<link rel=\"canonical\" href=\"https:\/\/lloretdemar.org\/es\/que-hacer-en-lloret\/informacion-util-para-tu-estancia-en-lloret-de-mar\/\" \/>\n<meta property=\"og:locale\" content=\"es_ES\" \/>\n<meta property=\"og:type\" content=\"article\" \/>\n<meta property=\"og:title\" content=\"Informaci\u00f3n \u00fatil para tu estancia en Lloret de Mar - Lloret de Mar\" \/>\n<meta property=\"og:url\" content=\"https:\/\/lloretdemar.org\/es\/que-hacer-en-lloret\/informacion-util-para-tu-estancia-en-lloret-de-mar\/\" \/>\n<meta property=\"og:site_name\" content=\"Lloret de Mar\" \/>\n<meta property=\"article:publisher\" content=\"https:\/\/www.facebook.com\/Lloretturisme\" \/>\n<meta property=\"article:modified_time\" content=\"2023-10-05T14:32:56+00:00\" \/>\n<meta property=\"og:image\" content=\"https:\/\/lloretdemar.org\/wp-content\/uploads\/2020\/02\/capsalera-info.jpg\" \/>\n\t<meta property=\"og:image:width\" content=\"1920\" \/>\n\t<meta property=\"og:image:height\" content=\"885\" \/>\n\t<meta property=\"og:image:type\" content=\"image\/jpeg\" \/>\n<meta name=\"twitter:card\" content=\"summary_large_image\" \/>\n<meta name=\"twitter:site\" content=\"@lloretturisme\" \/>\n<script type=\"application\/ld+json\" class=\"yoast-schema-graph\">{\"@context\":\"https:\\\/\\\/schema.org\",\"@graph\":[{\"@type\":\"WebPage\",\"@id\":\"https:\\\/\\\/lloretdemar.org\\\/es\\\/que-hacer-en-lloret\\\/informacion-util-para-tu-estancia-en-lloret-de-mar\\\/\",\"url\":\"https:\\\/\\\/lloretdemar.org\\\/es\\\/que-hacer-en-lloret\\\/informacion-util-para-tu-estancia-en-lloret-de-mar\\\/\",\"name\":\"Informaci\u00f3n \u00fatil para tu estancia en Lloret de Mar - Lloret de Mar\",\"isPartOf\":{\"@id\":\"https:\\\/\\\/lloretdemar.org\\\/es\\\/#website\"},\"datePublished\":\"2019-05-28T12:11:21+00:00\",\"dateModified\":\"2023-10-05T14:32:56+00:00\",\"description\":\"Lloret de Mar\",\"breadcrumb\":{\"@id\":\"https:\\\/\\\/lloretdemar.org\\\/es\\\/que-hacer-en-lloret\\\/informacion-util-para-tu-estancia-en-lloret-de-mar\\\/#breadcrumb\"},\"inLanguage\":\"es\",\"potentialAction\":[{\"@type\":\"ReadAction\",\"target\":[\"https:\\\/\\\/lloretdemar.org\\\/es\\\/que-hacer-en-lloret\\\/informacion-util-para-tu-estancia-en-lloret-de-mar\\\/\"]}]},{\"@type\":\"BreadcrumbList\",\"@id\":\"https:\\\/\\\/lloretdemar.org\\\/es\\\/que-hacer-en-lloret\\\/informacion-util-para-tu-estancia-en-lloret-de-mar\\\/#breadcrumb\",\"itemListElement\":[{\"@type\":\"ListItem\",\"position\":1,\"name\":\"Home\",\"item\":\"https:\\\/\\\/lloretdemar.org\\\/es\\\/\"},{\"@type\":\"ListItem\",\"position\":2,\"name\":\"Qu\u00e9 hacer en Lloret\",\"item\":\"https:\\\/\\\/lloretdemar.org\\\/es\\\/que-hacer-en-lloret\\\/\"},{\"@type\":\"ListItem\",\"position\":3,\"name\":\"Informaci\u00f3n \u00fatil para tu estancia en Lloret de Mar\"}]},{\"@type\":\"WebSite\",\"@id\":\"https:\\\/\\\/lloretdemar.org\\\/es\\\/#website\",\"url\":\"https:\\\/\\\/lloretdemar.org\\\/es\\\/\",\"name\":\"Lloret de Mar\",\"description\":\"\",\"publisher\":{\"@id\":\"https:\\\/\\\/lloretdemar.org\\\/es\\\/#organization\"},\"potentialAction\":[{\"@type\":\"SearchAction\",\"target\":{\"@type\":\"EntryPoint\",\"urlTemplate\":\"https:\\\/\\\/lloretdemar.org\\\/es\\\/?s={search_term_string}\"},\"query-input\":{\"@type\":\"PropertyValueSpecification\",\"valueRequired\":true,\"valueName\":\"search_term_string\"}}],\"inLanguage\":\"es\"},{\"@type\":\"Organization\",\"@id\":\"https:\\\/\\\/lloretdemar.org\\\/es\\\/#organization\",\"name\":\"Lloret de Mar\",\"url\":\"https:\\\/\\\/lloretdemar.org\\\/es\\\/\",\"logo\":{\"@type\":\"ImageObject\",\"inLanguage\":\"es\",\"@id\":\"https:\\\/\\\/lloretdemar.org\\\/es\\\/#\\\/schema\\\/logo\\\/image\\\/\",\"url\":\"https:\\\/\\\/lloretdemar.org\\\/wp-content\\\/uploads\\\/2020\\\/05\\\/lloret-de-mar-logo.png\",\"contentUrl\":\"https:\\\/\\\/lloretdemar.org\\\/wp-content\\\/uploads\\\/2020\\\/05\\\/lloret-de-mar-logo.png\",\"width\":87,\"height\":38,\"caption\":\"Lloret de Mar\"},\"image\":{\"@id\":\"https:\\\/\\\/lloretdemar.org\\\/es\\\/#\\\/schema\\\/logo\\\/image\\\/\"},\"sameAs\":[\"https:\\\/\\\/www.facebook.com\\\/Lloretturisme\",\"https:\\\/\\\/x.com\\\/lloretturisme\",\"https:\\\/\\\/instagram.com\\\/lloretturisme\",\"https:\\\/\\\/www.youtube.com\\\/LloretTurisme\"]}]}<\/script>\n<!-- \/ Yoast SEO plugin. -->","yoast_head_json":{"title":"Informaci\u00f3n \u00fatil para tu estancia en Lloret de Mar - Lloret de Mar","robots":{"index":"index","follow":"follow","max-snippet":"max-snippet:-1","max-image-preview":"max-image-preview:large","max-video-preview":"max-video-preview:-1"},"canonical":"https:\/\/lloretdemar.org\/es\/que-hacer-en-lloret\/informacion-util-para-tu-estancia-en-lloret-de-mar\/","og_locale":"es_ES","og_type":"article","og_title":"Informaci\u00f3n \u00fatil para tu estancia en Lloret de Mar - Lloret de Mar","og_url":"https:\/\/lloretdemar.org\/es\/que-hacer-en-lloret\/informacion-util-para-tu-estancia-en-lloret-de-mar\/","og_site_name":"Lloret de Mar","article_publisher":"https:\/\/www.facebook.com\/Lloretturisme","article_modified_time":"2023-10-05T14:32:56+00:00","og_image":[{"width":1920,"height":885,"url":"https:\/\/lloretdemar.org\/wp-content\/uploads\/2020\/02\/capsalera-info.jpg","type":"image\/jpeg"}],"twitter_card":"summary_large_image","twitter_site":"@lloretturisme","schema":{"@context":"https:\/\/schema.org","@graph":[{"@type":"WebPage","@id":"https:\/\/lloretdemar.org\/es\/que-hacer-en-lloret\/informacion-util-para-tu-estancia-en-lloret-de-mar\/","url":"https:\/\/lloretdemar.org\/es\/que-hacer-en-lloret\/informacion-util-para-tu-estancia-en-lloret-de-mar\/","name":"Informaci\u00f3n \u00fatil para tu estancia en Lloret de Mar - Lloret de Mar","isPartOf":{"@id":"https:\/\/lloretdemar.org\/es\/#website"},"datePublished":"2019-05-28T12:11:21+00:00","dateModified":"2023-10-05T14:32:56+00:00","description":"Lloret de Mar","breadcrumb":{"@id":"https:\/\/lloretdemar.org\/es\/que-hacer-en-lloret\/informacion-util-para-tu-estancia-en-lloret-de-mar\/#breadcrumb"},"inLanguage":"es","potentialAction":[{"@type":"ReadAction","target":["https:\/\/lloretdemar.org\/es\/que-hacer-en-lloret\/informacion-util-para-tu-estancia-en-lloret-de-mar\/"]}]},{"@type":"BreadcrumbList","@id":"https:\/\/lloretdemar.org\/es\/que-hacer-en-lloret\/informacion-util-para-tu-estancia-en-lloret-de-mar\/#breadcrumb","itemListElement":[{"@type":"ListItem","position":1,"name":"Home","item":"https:\/\/lloretdemar.org\/es\/"},{"@type":"ListItem","position":2,"name":"Qu\u00e9 hacer en Lloret","item":"https:\/\/lloretdemar.org\/es\/que-hacer-en-lloret\/"},{"@type":"ListItem","position":3,"name":"Informaci\u00f3n \u00fatil para tu estancia en Lloret de Mar"}]},{"@type":"WebSite","@id":"https:\/\/lloretdemar.org\/es\/#website","url":"https:\/\/lloretdemar.org\/es\/","name":"Lloret de Mar","description":"","publisher":{"@id":"https:\/\/lloretdemar.org\/es\/#organization"},"potentialAction":[{"@type":"SearchAction","target":{"@type":"EntryPoint","urlTemplate":"https:\/\/lloretdemar.org\/es\/?s={search_term_string}"},"query-input":{"@type":"PropertyValueSpecification","valueRequired":true,"valueName":"search_term_string"}}],"inLanguage":"es"},{"@type":"Organization","@id":"https:\/\/lloretdemar.org\/es\/#organization","name":"Lloret de Mar","url":"https:\/\/lloretdemar.org\/es\/","logo":{"@type":"ImageObject","inLanguage":"es","@id":"https:\/\/lloretdemar.org\/es\/#\/schema\/logo\/image\/","url":"https:\/\/lloretdemar.org\/wp-content\/uploads\/2020\/05\/lloret-de-mar-logo.png","contentUrl":"https:\/\/lloretdemar.org\/wp-content\/uploads\/2020\/05\/lloret-de-mar-logo.png","width":87,"height":38,"caption":"Lloret de Mar"},"image":{"@id":"https:\/\/lloretdemar.org\/es\/#\/schema\/logo\/image\/"},"sameAs":["https:\/\/www.facebook.com\/Lloretturisme","https:\/\/x.com\/lloretturisme","https:\/\/instagram.com\/lloretturisme","https:\/\/www.youtube.com\/LloretTurisme"]}]}},"_links":{"self":[{"href":"https:\/\/lloretdemar.org\/es\/wp-json\/wp\/v2\/pages\/9619","targetHints":{"allow":["GET"]}}],"collection":[{"href":"https:\/\/lloretdemar.org\/es\/wp-json\/wp\/v2\/pages"}],"about":[{"href":"https:\/\/lloretdemar.org\/es\/wp-json\/wp\/v2\/types\/page"}],"author":[{"embeddable":true,"href":"https:\/\/lloretdemar.org\/es\/wp-json\/wp\/v2\/users\/12"}],"replies":[{"embeddable":true,"href":"https:\/\/lloretdemar.org\/es\/wp-json\/wp\/v2\/comments?post=9619"}],"version-history":[{"count":4,"href":"https:\/\/lloretdemar.org\/es\/wp-json\/wp\/v2\/pages\/9619\/revisions"}],"predecessor-version":[{"id":34999,"href":"https:\/\/lloretdemar.org\/es\/wp-json\/wp\/v2\/pages\/9619\/revisions\/34999"}],"up":[{"embeddable":true,"href":"https:\/\/lloretdemar.org\/es\/wp-json\/wp\/v2\/pages\/1071"}],"wp:attachment":[{"href":"https:\/\/lloretdemar.org\/es\/wp-json\/wp\/v2\/media?parent=9619"}],"curies":[{"name":"wp","href":"https:\/\/api.w.org\/{rel}","templated":true}]}}