{"id":49,"date":"2019-05-22T17:44:12","date_gmt":"2019-05-22T15:44:12","guid":{"rendered":"http:\/\/lloretdemar.org\/?page_id=49"},"modified":"2024-03-04T12:52:34","modified_gmt":"2024-03-04T11:52:34","slug":"aviso-legal","status":"publish","type":"page","link":"https:\/\/lloretdemar.org\/es\/aviso-legal\/","title":{"rendered":"Aviso Legal"},"content":{"rendered":"\r\n<p><strong>INFORMACI\u00d3N GENERAL EN CUMPLIMIENTO DE LA LEY DE SERVICIOS DE LA SOCIEDAD DE LA INFORMACI\u00d3N Y DE COMERCIO ELECTR\u00d3NICO (LSSICE), LEY 34\/2002 DE 12 DE OCTUBRE.<\/strong><\/p>\r\n\r\n\r\n\r\n<p>TITULARIDAD DEL SITIO WEB<br \/><a href=\"https:\/\/lloretdemar.org\/es\/\" target=\"_blank\" rel=\"noreferrer noopener\"><br \/><\/a>Titular: Lloret Turisme, LLORET FUTUR, S.A<br \/>Domicilio social: Av. Alegries, 3. 17310 &#8211; Lloret de Mar<br \/>Tel\u00e9fono: 972 365 788<br \/>Fax: 972 367 750<br \/>e-Mail:\u00a0<a href=\"mailto:central-turisme@lloret.cat\">central-turisme@lloret.cat<\/a><br \/>NIF: A-17354333<br \/>Tomo 568, Folio 1, Hoja n\u00famero GI-11097, Inscripci\u00f3n 1\u00aa.<br \/>Lloret Futur es una sociedad municipal del Ayuntamiento de Lloret de Mar.<\/p>\r\n\r\n\r\n\r\n<p><strong>CONDICIONES GENERALES DE UTILIZACI\u00d3N<\/strong><\/p>\r\n\r\n\r\n\r\n<p><strong>LLORET TURISME<\/strong>\u00a0(LLORET FUTUR, S.A) ha creado esta p\u00e1gina web para facilitar informaci\u00f3n oficial sobre Lloret de Mar a los posibles visitantes potenciales al destino.<\/p>\r\n\r\n\r\n\r\n<p><strong>1. LIMITACIONES DE USO<\/strong><\/p>\r\n\r\n\r\n\r\n<p>El acceso a este portal tiene car\u00e1cter gratuito y su visualizaci\u00f3n no requiere previa suscripci\u00f3n o registro alguno exceptuando las secciones profesionales.<\/p>\r\n\r\n\r\n\r\n<p>Los usuarios deber\u00e1n utilizar la informaci\u00f3n contenida en este portal en cumplimiento de la legislaci\u00f3n aplicable en cada caso, respetando los derechos de propiedad intelectual de\u00a0<strong>LLORET TURISME<\/strong>\u00a0o terceros.<\/p>\r\n\r\n\r\n\r\n<p>El usuario no realizar\u00e1 a trav\u00e9s de los servicios que ponen a su disposici\u00f3n\u00a0<strong>LLORET TURISME<\/strong>\u00a0ninguna acci\u00f3n que cause da\u00f1o o alteraciones de los contenidos, ni obstaculizar\u00e1 el buen funcionamiento del sitio web, no causando problemas t\u00e9cnicos de ninguna \u00edndole, no transfiriendo elementos susceptibles de llevar virus inform\u00e1ticos o de da\u00f1ar, interferir o interceptar total o parcialmente la presente web, as\u00ed como a no intervenir o alterar el correo electr\u00f3nico de otros usuarios.<\/p>\r\n\r\n\r\n\r\n<p>En ning\u00fan caso\u00a0<strong>LLORET TURISME<\/strong>\u00a0ser\u00e1 responsable del uso inadecuado de este portal o de sus contenidos, o de las consecuencias que dicho uso pueda originar. Est\u00e1 permitido imprimir y descargar contenidos de esta p\u00e1gina web bajo las siguientes condiciones:<\/p>\r\n\r\n\r\n\r\n<ul class=\"wp-block-list\">\r\n<li>El uso de documentos y gr\u00e1ficos de esta p\u00e1gina web ser\u00e1 \u00fanica y exclusivamente para informaci\u00f3n personal y no est\u00e1 permitido modificar contenidos.<\/li>\r\n<li>No se permite la reproducci\u00f3n o almacenamiento en otras p\u00e1ginas web, ni en ning\u00fan sistema o servicio electr\u00f3nico, p\u00fablico o privado, sin el consentimiento escrito de\u00a0<strong>LLORET TURISME<\/strong>.<\/li>\r\n<li>No se permite el uso o presentaci\u00f3n del nombre o logotipo de\u00a0<strong>LLORET TURISME<\/strong>\u00a0sin el consentimiento escrito de\u00a0<strong>LLORET TURISME<\/strong>.<\/li>\r\n<li>Parte de esta p\u00e1gina web contiene material entregado a\u00a0<strong>LLORET TURISME<\/strong>\u00a0por terceros. Dichas terceras partes son responsables de asegurarse de que el material propuesto por su inclusi\u00f3n en esta p\u00e1gina web acata las leyes nacionales e internacionales.\u00a0<strong>LLORET TURISME<\/strong>\u00a0no garantiza la exactitud y correcci\u00f3n de este material y niega rotundamente cualquier responsabilidad por error, omisi\u00f3n o inexactitud de dicho material, interpretaci\u00f3n err\u00f3nea y toda p\u00e9rdida, contratiempos, negligencia o da\u00f1o causado por confiar en el material contenido en esta p\u00e1gina web o por cualquier fallo o fallo alegada en la entrega de los servicios aqu\u00ed referidos, o en el caso de quiebra, liquidaci\u00f3n o cese de negocio de cualquier compa\u00f1\u00eda, persona f\u00edsica o firma aqu\u00ed referida. La confirmaci\u00f3n de la exactitud y correcci\u00f3n de la informaci\u00f3n debe ser responsabilidad de los establecimientos interesados.<\/li>\r\n<li><strong>LLORET TURISME<\/strong>\u00a0no se hace responsable de ning\u00fan da\u00f1o (incluyendo, sin l\u00edmite, da\u00f1os por p\u00e9rdida de negocio o p\u00e9rdida de beneficios) originado por contrato, agravio o cualquier otro derivados del uso o incapacidad para el uso de esta p\u00e1gina web, o por cualquier material contenido en esta, o por cualquier acci\u00f3n o decisi\u00f3n tomada como resultado del uso de esta p\u00e1gina web o por cualquier otro.<\/li>\r\n<li><strong>LLORET TURISME<\/strong>\u00a0no se hace responsable de los contenidos de cualquier otra p\u00e1gina web cuyo enlace exista en la p\u00e1gina web de\u00a0<strong>LLORET TURISME<\/strong>. Estos enlaces son proporcionados por comodidad del usuario y siempre basados en un \u00abas\u00ed es\u00bb sin ninguna garant\u00eda, expl\u00edcita o impl\u00edcita, sobre la informaci\u00f3n contenida en ellos.<\/li>\r\n<\/ul>\r\n\r\n\r\n\r\n<p><strong>2. LIMITACI\u00d3N DE RESPONSABILIDAD<br \/>LLORET TURISME<\/strong>\u00a0no garantiza que sus p\u00e1ginas se encuentren operativas, ni que sus contenidos sean completos, exactos o fiables en todo momento.\u00a0<strong>LLORET TURISME<\/strong>\u00a0se reserva el derecho a modificar en cualquier momento, sin previo aviso, los contenidos de este sitio web y las Condiciones Generales de Acceso.<br \/><br \/>En caso de efectuar operaciones de mantenimiento, reparaci\u00f3n, actualizaci\u00f3n o mejora de los servicios,\u00a0<strong>LLORET TURISME<\/strong>\u00a0tiene el derecho a suspender temporalmente y sin necesidad de preaviso el acceso al presente sitio web, as\u00ed como a reservarse el derecho de prestaci\u00f3n o cancelaci\u00f3n instalaci\u00f3n de los servicios, sin perjuicio de lo cual procurar\u00e1 ponerlo en conocimiento de los usuarios, siempre que las circunstancias as\u00ed lo permitan.<br \/><br \/>De esta forma, se excluye cualquier responsabilidad por los da\u00f1os y perjuicios de cualquier naturaleza que puedan derivarse de la falta de disponibilidad o de continuidad del funcionamiento del sitio web y de los servicios y la utilidad que los usuarios hubieran podido atribuir al presente sitio web.<br \/>Lloret Turisme &#8211; Lloret Futur S.A. incluye en su sitio web una serie de enlaces a p\u00e1ginas de sus clientes y proveedores, \u00fanicamente con la intenci\u00f3n de hacer publicidad de los trabajos efectuados por encargo de \u00e9stos. Lloret Turisme &#8211; Lloret Futur S.A. no se hace responsable de las informaciones comerciales contenidas en estos sitios o de cualquiera de los servicios o pr\u00e1cticas que se vinculen o relacionen con las p\u00e1ginas web enlazadas.<\/p>\r\n\r\n\r\n\r\n<p><br \/><strong>3. POL\u00cdTICA DE PRIVACIDAD Y DE COOKIES<br \/>LLORET TURISME<\/strong>\u00a0realiza el tratamiento de sus datos \u00fanica y exclusivamente para los servicios que solicita y sus competencias de acuerdo a la normativa vigente en materia de protecci\u00f3n de datos y sociedad de la informaci\u00f3n. El uso de los datos personales tendr\u00e1 car\u00e1cter confidencial.<br \/>Puede consultar el detalle del tratamiento de datos que realizamos en nuestra pol\u00edtica de privacidad.<br \/>Nuestro web utiliza cookies para mejorar el servicio al usuario, la informaci\u00f3n de las cookies utilizadas y como desactivarlas puede encontrarla en nuestra pol\u00edtica de cookies.<br \/><br \/><br \/><strong>4. OTRAS CONDICIONES<br \/><\/strong>Las presentes Condiciones Generales de Utilizaci\u00f3n y todas las relaciones que se establezcan entre el usuario y\u00a0<strong>LLORET TURISME<\/strong>\u00a0se regir\u00e1n por la legislaci\u00f3n espa\u00f1ola. La utilizaci\u00f3n del sitio web implica la aceptaci\u00f3n de las anteriores Condiciones Generales de Utilizaci\u00f3n.<br \/><br \/>Esta p\u00e1gina ha sido creada y desarrollada por\u00a0<strong>LLORET TURISME<\/strong>.<br \/><br \/>Para cualquier duda debe dirigirse a\u00a0<strong>LLORET TURISME<\/strong>, por email\u00a0<a href=\"mailto:central-turisme@lloret.org\">central-turisme@lloret.org<\/a>\u00a0o por tel\u00e9fono 972 365 788<\/p>\r\n\r\n\r\n\r\n<h4 class=\"wp-block-heading\"><strong>5.- INFORMACI\u00d3N ADICIONAL SOBRE EL TRATAMIENTO DE DATOS PERSONALES.<\/strong><\/h4>\r\n\r\n\r\n\r\n<p>Si desea conocer m\u00e1s informaci\u00f3n sobre los tratamientos de datos personales que lleva a cabo Lloret Futur se puede poner en contacto con el Delegado de Protecci\u00f3n de Datos en la direcci\u00f3n de correo electr\u00f3nico\u00a0<a href=\"mailto:dpd@lloret.cat\" target=\"_blank\" rel=\"noreferrer noopener\">dpd@lloret.cat<\/a>\u00a0o por correo postal a la atenci\u00f3n del Delegado de Protecci\u00f3n de datos al Ayuntamiento de Lloret de Mar, Pla\u00e7a de la Vila, 1 \u2013 17310 Lloret de Mar.<\/p>\r\n","protected":false},"excerpt":{"rendered":"<p>INFORMACI\u00d3N GENERAL EN CUMPLIMIENTO DE LA LEY DE SERVICIOS DE LA SOCIEDAD DE LA INFORMACI\u00d3N Y DE COMERCIO ELECTR\u00d3NICO (LSSICE), LEY 34\/2002 DE 12 DE OCTUBRE. TITULARIDAD DEL SITIO WEBTitular: Lloret Turisme, LLORET FUTUR, S.ADomicilio social: Av. Alegries, 3. 17310 &#8211; Lloret de MarTel\u00e9fono: 972 365 788Fax: 972 367 750e-Mail:\u00a0central-turisme@lloret.catNIF: A-17354333Tomo 568, Folio 1, Hoja [&hellip;]<\/p>\n","protected":false},"author":12,"featured_media":0,"parent":0,"menu_order":0,"comment_status":"closed","ping_status":"open","template":"page-templates\/content-page.php","meta":{"_acf_changed":false,"content-type":"","footnotes":""},"class_list":["post-49","page","type-page","status-publish","hentry"],"acf":{"banner_imatge":20029,"banner_titol":"Aviso Legal","banner_subtitol":"","botons_blanc_o_negres":"defecte","banner_links":null,"apartats":null},"yoast_head":"<!-- This site is optimized with the Yoast SEO plugin v27.5 - https:\/\/yoast.com\/product\/yoast-seo-wordpress\/ -->\n<title>Aviso Legal - Lloret de Mar<\/title>\n<meta name=\"description\" content=\"INFORMACI\u00d3N GENERAL EN CUMPLIMIENTO DE LA LEY DE SERVICIOS DE LA SOCIEDAD DE LA INFORMACI\u00d3N Y DE COMERCIO ELECTR\u00d3NICO (LSSICE), LEY 34\/2002 DE 12 DE OCTUBRE. TITULARIDAD DEL SITIO WEBTitular: Lloret Turisme, LLORET FUTUR, S.ADomicilio social: Av. Alegries, 3. 17310 - Lloret de MarTel\u00e9fono: 972 365 788Fax: 972 367 750e-Mail:\u00a0central-turisme@lloret.catNIF: A-17354333Tomo 568, Folio 1, Hoja&hellip;\" \/>\n<meta name=\"robots\" content=\"noindex, nofollow\" \/>\n<meta property=\"og:locale\" content=\"es_ES\" \/>\n<meta property=\"og:type\" content=\"article\" \/>\n<meta property=\"og:title\" content=\"Aviso Legal - Lloret de Mar\" \/>\n<meta property=\"og:description\" content=\"INFORMACI\u00d3N GENERAL EN CUMPLIMIENTO DE LA LEY DE SERVICIOS DE LA SOCIEDAD DE LA INFORMACI\u00d3N Y DE COMERCIO ELECTR\u00d3NICO (LSSICE), LEY 34\/2002 DE 12 DE OCTUBRE. TITULARIDAD DEL SITIO WEBTitular: Lloret Turisme, LLORET FUTUR, S.ADomicilio social: Av. Alegries, 3. 17310 - Lloret de MarTel\u00e9fono: 972 365 788Fax: 972 367 750e-Mail:\u00a0central-turisme@lloret.catNIF: A-17354333Tomo 568, Folio 1, Hoja&hellip;\" \/>\n<meta property=\"og:url\" content=\"https:\/\/lloretdemar.org\/es\/aviso-legal\/\" \/>\n<meta property=\"og:site_name\" content=\"Lloret de Mar\" \/>\n<meta property=\"article:publisher\" content=\"https:\/\/www.facebook.com\/Lloretturisme\" \/>\n<meta property=\"article:modified_time\" content=\"2024-03-04T11:52:34+00:00\" \/>\n<meta property=\"og:image\" content=\"https:\/\/lloretdemar.org\/wp-content\/uploads\/2020\/09\/cap\u00e7alera.jpg\" \/>\n\t<meta property=\"og:image:width\" content=\"1920\" \/>\n\t<meta property=\"og:image:height\" content=\"885\" \/>\n\t<meta property=\"og:image:type\" content=\"image\/jpeg\" \/>\n<meta name=\"twitter:card\" content=\"summary_large_image\" \/>\n<meta name=\"twitter:site\" content=\"@lloretturisme\" \/>\n<meta name=\"twitter:label1\" content=\"Tiempo de lectura\" \/>\n\t<meta name=\"twitter:data1\" content=\"5 minutos\" \/>\n<script type=\"application\/ld+json\" class=\"yoast-schema-graph\">{\"@context\":\"https:\\\/\\\/schema.org\",\"@graph\":[{\"@type\":\"WebPage\",\"@id\":\"https:\\\/\\\/lloretdemar.org\\\/es\\\/aviso-legal\\\/\",\"url\":\"https:\\\/\\\/lloretdemar.org\\\/es\\\/aviso-legal\\\/\",\"name\":\"Aviso Legal - Lloret de Mar\",\"isPartOf\":{\"@id\":\"https:\\\/\\\/lloretdemar.org\\\/es\\\/#website\"},\"datePublished\":\"2019-05-22T15:44:12+00:00\",\"dateModified\":\"2024-03-04T11:52:34+00:00\",\"description\":\"Lloret de Mar\",\"breadcrumb\":{\"@id\":\"https:\\\/\\\/lloretdemar.org\\\/es\\\/aviso-legal\\\/#breadcrumb\"},\"inLanguage\":\"es\",\"potentialAction\":[{\"@type\":\"ReadAction\",\"target\":[\"https:\\\/\\\/lloretdemar.org\\\/es\\\/aviso-legal\\\/\"]}]},{\"@type\":\"BreadcrumbList\",\"@id\":\"https:\\\/\\\/lloretdemar.org\\\/es\\\/aviso-legal\\\/#breadcrumb\",\"itemListElement\":[{\"@type\":\"ListItem\",\"position\":1,\"name\":\"Home\",\"item\":\"https:\\\/\\\/lloretdemar.org\\\/es\\\/\"},{\"@type\":\"ListItem\",\"position\":2,\"name\":\"Aviso Legal\"}]},{\"@type\":\"WebSite\",\"@id\":\"https:\\\/\\\/lloretdemar.org\\\/es\\\/#website\",\"url\":\"https:\\\/\\\/lloretdemar.org\\\/es\\\/\",\"name\":\"Lloret de Mar\",\"description\":\"\",\"publisher\":{\"@id\":\"https:\\\/\\\/lloretdemar.org\\\/es\\\/#organization\"},\"potentialAction\":[{\"@type\":\"SearchAction\",\"target\":{\"@type\":\"EntryPoint\",\"urlTemplate\":\"https:\\\/\\\/lloretdemar.org\\\/es\\\/?s={search_term_string}\"},\"query-input\":{\"@type\":\"PropertyValueSpecification\",\"valueRequired\":true,\"valueName\":\"search_term_string\"}}],\"inLanguage\":\"es\"},{\"@type\":\"Organization\",\"@id\":\"https:\\\/\\\/lloretdemar.org\\\/es\\\/#organization\",\"name\":\"Lloret de Mar\",\"url\":\"https:\\\/\\\/lloretdemar.org\\\/es\\\/\",\"logo\":{\"@type\":\"ImageObject\",\"inLanguage\":\"es\",\"@id\":\"https:\\\/\\\/lloretdemar.org\\\/es\\\/#\\\/schema\\\/logo\\\/image\\\/\",\"url\":\"https:\\\/\\\/lloretdemar.org\\\/wp-content\\\/uploads\\\/2020\\\/05\\\/lloret-de-mar-logo.png\",\"contentUrl\":\"https:\\\/\\\/lloretdemar.org\\\/wp-content\\\/uploads\\\/2020\\\/05\\\/lloret-de-mar-logo.png\",\"width\":87,\"height\":38,\"caption\":\"Lloret de Mar\"},\"image\":{\"@id\":\"https:\\\/\\\/lloretdemar.org\\\/es\\\/#\\\/schema\\\/logo\\\/image\\\/\"},\"sameAs\":[\"https:\\\/\\\/www.facebook.com\\\/Lloretturisme\",\"https:\\\/\\\/x.com\\\/lloretturisme\",\"https:\\\/\\\/instagram.com\\\/lloretturisme\",\"https:\\\/\\\/www.youtube.com\\\/LloretTurisme\"]}]}<\/script>\n<!-- \/ Yoast SEO plugin. -->","yoast_head_json":{"title":"Aviso Legal - Lloret de Mar","description":"INFORMACI\u00d3N GENERAL EN CUMPLIMIENTO DE LA LEY DE SERVICIOS DE LA SOCIEDAD DE LA INFORMACI\u00d3N Y DE COMERCIO ELECTR\u00d3NICO (LSSICE), LEY 34\/2002 DE 12 DE OCTUBRE. TITULARIDAD DEL SITIO WEBTitular: Lloret Turisme, LLORET FUTUR, S.ADomicilio social: Av. Alegries, 3. 17310 - Lloret de MarTel\u00e9fono: 972 365 788Fax: 972 367 750e-Mail:\u00a0central-turisme@lloret.catNIF: A-17354333Tomo 568, Folio 1, Hoja&hellip;","robots":{"index":"noindex","follow":"nofollow"},"og_locale":"es_ES","og_type":"article","og_title":"Aviso Legal - Lloret de Mar","og_description":"INFORMACI\u00d3N GENERAL EN CUMPLIMIENTO DE LA LEY DE SERVICIOS DE LA SOCIEDAD DE LA INFORMACI\u00d3N Y DE COMERCIO ELECTR\u00d3NICO (LSSICE), LEY 34\/2002 DE 12 DE OCTUBRE. TITULARIDAD DEL SITIO WEBTitular: Lloret Turisme, LLORET FUTUR, S.ADomicilio social: Av. Alegries, 3. 17310 - Lloret de MarTel\u00e9fono: 972 365 788Fax: 972 367 750e-Mail:\u00a0central-turisme@lloret.catNIF: A-17354333Tomo 568, Folio 1, Hoja&hellip;","og_url":"https:\/\/lloretdemar.org\/es\/aviso-legal\/","og_site_name":"Lloret de Mar","article_publisher":"https:\/\/www.facebook.com\/Lloretturisme","article_modified_time":"2024-03-04T11:52:34+00:00","og_image":[{"width":1920,"height":885,"url":"https:\/\/lloretdemar.org\/wp-content\/uploads\/2020\/09\/cap\u00e7alera.jpg","type":"image\/jpeg"}],"twitter_card":"summary_large_image","twitter_site":"@lloretturisme","twitter_misc":{"Tiempo de lectura":"5 minutos"},"schema":{"@context":"https:\/\/schema.org","@graph":[{"@type":"WebPage","@id":"https:\/\/lloretdemar.org\/es\/aviso-legal\/","url":"https:\/\/lloretdemar.org\/es\/aviso-legal\/","name":"Aviso Legal - Lloret de Mar","isPartOf":{"@id":"https:\/\/lloretdemar.org\/es\/#website"},"datePublished":"2019-05-22T15:44:12+00:00","dateModified":"2024-03-04T11:52:34+00:00","description":"Lloret de Mar","breadcrumb":{"@id":"https:\/\/lloretdemar.org\/es\/aviso-legal\/#breadcrumb"},"inLanguage":"es","potentialAction":[{"@type":"ReadAction","target":["https:\/\/lloretdemar.org\/es\/aviso-legal\/"]}]},{"@type":"BreadcrumbList","@id":"https:\/\/lloretdemar.org\/es\/aviso-legal\/#breadcrumb","itemListElement":[{"@type":"ListItem","position":1,"name":"Home","item":"https:\/\/lloretdemar.org\/es\/"},{"@type":"ListItem","position":2,"name":"Aviso Legal"}]},{"@type":"WebSite","@id":"https:\/\/lloretdemar.org\/es\/#website","url":"https:\/\/lloretdemar.org\/es\/","name":"Lloret de Mar","description":"","publisher":{"@id":"https:\/\/lloretdemar.org\/es\/#organization"},"potentialAction":[{"@type":"SearchAction","target":{"@type":"EntryPoint","urlTemplate":"https:\/\/lloretdemar.org\/es\/?s={search_term_string}"},"query-input":{"@type":"PropertyValueSpecification","valueRequired":true,"valueName":"search_term_string"}}],"inLanguage":"es"},{"@type":"Organization","@id":"https:\/\/lloretdemar.org\/es\/#organization","name":"Lloret de Mar","url":"https:\/\/lloretdemar.org\/es\/","logo":{"@type":"ImageObject","inLanguage":"es","@id":"https:\/\/lloretdemar.org\/es\/#\/schema\/logo\/image\/","url":"https:\/\/lloretdemar.org\/wp-content\/uploads\/2020\/05\/lloret-de-mar-logo.png","contentUrl":"https:\/\/lloretdemar.org\/wp-content\/uploads\/2020\/05\/lloret-de-mar-logo.png","width":87,"height":38,"caption":"Lloret de Mar"},"image":{"@id":"https:\/\/lloretdemar.org\/es\/#\/schema\/logo\/image\/"},"sameAs":["https:\/\/www.facebook.com\/Lloretturisme","https:\/\/x.com\/lloretturisme","https:\/\/instagram.com\/lloretturisme","https:\/\/www.youtube.com\/LloretTurisme"]}]}},"_links":{"self":[{"href":"https:\/\/lloretdemar.org\/es\/wp-json\/wp\/v2\/pages\/49","targetHints":{"allow":["GET"]}}],"collection":[{"href":"https:\/\/lloretdemar.org\/es\/wp-json\/wp\/v2\/pages"}],"about":[{"href":"https:\/\/lloretdemar.org\/es\/wp-json\/wp\/v2\/types\/page"}],"author":[{"embeddable":true,"href":"https:\/\/lloretdemar.org\/es\/wp-json\/wp\/v2\/users\/12"}],"replies":[{"embeddable":true,"href":"https:\/\/lloretdemar.org\/es\/wp-json\/wp\/v2\/comments?post=49"}],"version-history":[{"count":2,"href":"https:\/\/lloretdemar.org\/es\/wp-json\/wp\/v2\/pages\/49\/revisions"}],"predecessor-version":[{"id":36152,"href":"https:\/\/lloretdemar.org\/es\/wp-json\/wp\/v2\/pages\/49\/revisions\/36152"}],"wp:attachment":[{"href":"https:\/\/lloretdemar.org\/es\/wp-json\/wp\/v2\/media?parent=49"}],"curies":[{"name":"wp","href":"https:\/\/api.w.org\/{rel}","templated":true}]}}