{"id":40,"date":"2019-05-28T09:43:10","date_gmt":"2019-05-28T07:43:10","guid":{"rendered":"http:\/\/lloretdemar.org\/?page_id=40"},"modified":"2024-05-22T12:12:13","modified_gmt":"2024-05-22T10:12:13","slug":"cookies","status":"publish","type":"page","link":"https:\/\/lloretdemar.org\/es\/cookies\/","title":{"rendered":"Cookies"},"content":{"rendered":"\r\n<p>&nbsp;<\/p>\r\n","protected":false},"excerpt":{"rendered":"<p>&nbsp;<\/p>\n","protected":false},"author":12,"featured_media":0,"parent":0,"menu_order":0,"comment_status":"closed","ping_status":"closed","template":"","meta":{"_acf_changed":false,"content-type":"","footnotes":""},"class_list":["post-40","page","type-page","status-publish","hentry"],"acf":{"banner_imatge":9981,"banner_titol":"Cookies","banner_subtitol":"","botons_blanc_o_negres":"defecte","banner_links":null,"apartats":[{"acf_fc_layout":"bloc_text","titol":"","subtitol":"","descripcio":"<strong>POL\u00cdTICA DE COOKIES<\/strong>\r\n\r\nEn cumplimiento del art\u00edculo 22 de la Ley de Servicios de la Sociedad de la Informaci\u00f3n y E-commerce y la Gu\u00eda del uso de las Cookies de la AEPD, lo informamos que este portal web utiliza cookies.\r\n\r\n<strong>\r\nQu\u00e9 son las cookies<\/strong>\r\n\r\nLas Cookies son archivos que se instalan al sitio web del navegador o a los dispositivos (smartphones, tablet) del usuario durante su recorrido por las p\u00e1ginas del sitio web y sirven para almacenar informaci\u00f3n sobre su visita.\r\n\r\nSe utilizan Cookies para:\r\n\r\n- Asegurar que las p\u00e1ginas web puedan funcionar correctamente.\r\n\r\n- Almacenar las preferencias, como el idioma o la medida de la letra.\r\n\r\n- Conocer la experiencia de navegaci\u00f3n del usuario.\r\n\r\n- Recopilar informaci\u00f3n estad\u00edstica an\u00f3nima, como qu\u00e9 p\u00e1ginas ha visitado el usuario o cuanto de tiempo ha estado en el sitio web.\r\n\r\nEl uso de las Cookies permite optimizar la navegaci\u00f3n, dando la informaci\u00f3n y los servicios ofrecidos a los intereses de los usuarios, para proporcionar una mejor experiencia siempre que visite el sitio web.\r\n\r\n<strong>\r\nCookies que utilizamos<\/strong>\r\n\r\nNuestro web hace uso de cookies de los siguientes tipos:\r\n\r\n-Cookies t\u00e9cnicas\r\n\r\nFinalidad: Cookies propias y de terceros necesarias para el uso de la web y mejorar el servicio de manera continua, permitiendo al usuario navegar a trav\u00e9s de la p\u00e1gina web y hacer uso de los servicios puestos a disposici\u00f3n: inicio de sesi\u00f3n, proceso de b\u00fasqueda, tr\u00e1mites electr\u00f3nicos, etc.\r\n\r\n-Cookies de personalizaci\u00f3n\r\n\r\nFinalidad: Cookies propias y de terceros que permiten al usuario acceder al servicio con caracter\u00edsticas predefinidas como por ejemplo, el idioma, tipo de navegador, configuraci\u00f3n regional, etc.\r\n\r\n-Cookies de an\u00e1lisis\r\n\r\nFinalidad: Utilizadas \u00fanicamente para cuantificar el n\u00famero de usuarios que acceden en este portal, facilitando la realizaci\u00f3n de mediciones y an\u00e1lisis estad\u00edsticos que permiten mejorar los servicios del sitio web. Se tratan datos agregados sin identificar a los usuarios.\r\n\r\n-Cookies dirigidas\/publicitarias\r\n\r\nFinalidad: Permiten la prestaci\u00f3n de servicios (google maps, youtube, etc.) y redes sociales (Facebook, etc.) por terceros. La gesti\u00f3n eficiente de los espacios publicitarios incluidos en un sitio web. Estos negocios pueden utilizarlas para crear un perfil de los intereses y mostrar anuncios relevantes en otros lugares. No almacenan informaci\u00f3n personal directamente, sino que se basan en la identificaci\u00f3n \u00fanica del navegador y dispositivo de acceso a Internet.\r\n\r\nMediante el uso de nuestras cookies no se llevan a cabo elaboraci\u00f3n de perfiles ni tratamiento que impliquen decisiones automatizadas con efectos jur\u00eddicos para el usuario o que lo afecten significativamente de manera similar.\r\n\r\n<strong>\r\nTransferencia internacional de datos<\/strong>\r\n\r\nNo se realizan transferencias internacionales de datos personales.\r\n\r\nAunque la informaci\u00f3n extra\u00edda de las cookies anal\u00edticas se transfiera fuera del Espacio Econ\u00f3mico Europeo, no se realiza una transferencia internacional de datos personales, puesto que esta informaci\u00f3n no permite identificar a los usuarios ni se utiliza para distinguir a unos usuarios otros ni se realiza un seguimiento individualizado de los mismos.\r\n\r\n<strong>\r\nPeriodo de conservaci\u00f3n de las cookies<\/strong>\r\n\r\nLas cookies se conservar\u00e1n un periodo m\u00ednimo de la sesi\u00f3n de navegaci\u00f3n y un m\u00e1ximo de 2 a\u00f1os, en funci\u00f3n del tipo de cookies seg\u00fan la tabla anterior. El usuario puede revocar su consentimiento mediante los mecanismos que se describen en el siguiente apartado, borrando total o parcialmente las cookies que considere.\r\n\r\n<strong>\r\n\u00bfC\u00f3mo se pueden administrar las cookies al navegador?<\/strong>\r\n\r\nLa instalaci\u00f3n de cookies se realiza siempre y cuando el usuario lo autorice.\r\n\r\nLa instalaci\u00f3n de cookies se realiza \u00fanicamente cuando el usuario ACEPTA el uso de las mismas en el primer acceso al portal web mediante una ventana peque\u00f1a informativa, donde podr\u00e1 configurar la aceptaci\u00f3n de las cookies que no sean imprescindibles para el funcionamiento de la web.\r\n\r\nEl usuario en cualquier momento puede denegar o revocar el consentimiento para el uso de cookies mediante el Cuadro de Configuraci\u00f3n o lo las opciones de su navegador.\r\n\r\nLas instrucciones para la gesti\u00f3n de cookies de los navegadores m\u00e1s habituales las puede encontrar en los siguientes enlaces:\r\n<ul>\r\n \t<li><a href=\"https:\/\/support.google.com\/chrome\/answer\/95647?hl=ca\">Google Chrome<\/a>.<\/li>\r\n \t<li><a href=\"http:\/\/support.mozilla.org\/ca\/kb\/enable-and-disable-cookies-website-preferences\">Mozilla Firefox<\/a>.<\/li>\r\n \t<li><a href=\"http:\/\/windows.microsoft.com\/es-es\/internet-explorer\/delete-manage-cookies\">Internet Explorer<\/a>.<\/li>\r\n \t<li><a href=\"https:\/\/support.apple.com\/es-es\/guide\/safari\/sfri11471\/mac\">Safari<\/a><\/li>\r\n \t<li><a href=\"https:\/\/www.allaboutcookies.org\/es\/administrar-las-cookies\/opera.html\">Opera<\/a><\/li>\r\n<\/ul>\r\nEn caso de que utilice otros navegadores o plataformas, por favor, consulte la documentaci\u00f3n espec\u00edfica suministrada por la empresa desarrolladora del navegador.\r\n\r\nSi bloquea el uso de cookies a su navegador es posible que algunos servicios o funcionalidades de la p\u00e1gina web no est\u00e9n disponibles."}]},"yoast_head":"<!-- This site is optimized with the Yoast SEO plugin v27.5 - https:\/\/yoast.com\/product\/yoast-seo-wordpress\/ -->\n<title>Cookies - Lloret de Mar<\/title>\n<meta name=\"description\" content=\"&nbsp;\" \/>\n<meta name=\"robots\" content=\"noindex, nofollow\" \/>\n<meta property=\"og:locale\" content=\"es_ES\" \/>\n<meta property=\"og:type\" content=\"article\" \/>\n<meta property=\"og:title\" content=\"Cookies - Lloret de Mar\" \/>\n<meta property=\"og:description\" content=\"&nbsp;\" \/>\n<meta property=\"og:url\" content=\"https:\/\/lloretdemar.org\/es\/cookies\/\" \/>\n<meta property=\"og:site_name\" content=\"Lloret de Mar\" \/>\n<meta property=\"article:publisher\" content=\"https:\/\/www.facebook.com\/Lloretturisme\" \/>\n<meta property=\"article:modified_time\" content=\"2024-05-22T10:12:13+00:00\" \/>\n<meta property=\"og:image\" content=\"https:\/\/lloretdemar.org\/wp-content\/uploads\/2020\/03\/Capcalera-e1600338708928.jpg\" \/>\n\t<meta property=\"og:image:width\" content=\"1920\" \/>\n\t<meta property=\"og:image:height\" content=\"885\" \/>\n\t<meta property=\"og:image:type\" content=\"image\/jpeg\" \/>\n<meta name=\"twitter:card\" content=\"summary_large_image\" \/>\n<meta name=\"twitter:site\" content=\"@lloretturisme\" \/>\n<script type=\"application\/ld+json\" class=\"yoast-schema-graph\">{\"@context\":\"https:\\\/\\\/schema.org\",\"@graph\":[{\"@type\":\"WebPage\",\"@id\":\"https:\\\/\\\/lloretdemar.org\\\/es\\\/cookies\\\/\",\"url\":\"https:\\\/\\\/lloretdemar.org\\\/es\\\/cookies\\\/\",\"name\":\"Cookies - Lloret de Mar\",\"isPartOf\":{\"@id\":\"https:\\\/\\\/lloretdemar.org\\\/es\\\/#website\"},\"datePublished\":\"2019-05-28T07:43:10+00:00\",\"dateModified\":\"2024-05-22T10:12:13+00:00\",\"description\":\"Lloret de Mar\",\"breadcrumb\":{\"@id\":\"https:\\\/\\\/lloretdemar.org\\\/es\\\/cookies\\\/#breadcrumb\"},\"inLanguage\":\"es\",\"potentialAction\":[{\"@type\":\"ReadAction\",\"target\":[\"https:\\\/\\\/lloretdemar.org\\\/es\\\/cookies\\\/\"]}]},{\"@type\":\"BreadcrumbList\",\"@id\":\"https:\\\/\\\/lloretdemar.org\\\/es\\\/cookies\\\/#breadcrumb\",\"itemListElement\":[{\"@type\":\"ListItem\",\"position\":1,\"name\":\"Home\",\"item\":\"https:\\\/\\\/lloretdemar.org\\\/es\\\/\"},{\"@type\":\"ListItem\",\"position\":2,\"name\":\"Cookies\"}]},{\"@type\":\"WebSite\",\"@id\":\"https:\\\/\\\/lloretdemar.org\\\/es\\\/#website\",\"url\":\"https:\\\/\\\/lloretdemar.org\\\/es\\\/\",\"name\":\"Lloret de Mar\",\"description\":\"\",\"publisher\":{\"@id\":\"https:\\\/\\\/lloretdemar.org\\\/es\\\/#organization\"},\"potentialAction\":[{\"@type\":\"SearchAction\",\"target\":{\"@type\":\"EntryPoint\",\"urlTemplate\":\"https:\\\/\\\/lloretdemar.org\\\/es\\\/?s={search_term_string}\"},\"query-input\":{\"@type\":\"PropertyValueSpecification\",\"valueRequired\":true,\"valueName\":\"search_term_string\"}}],\"inLanguage\":\"es\"},{\"@type\":\"Organization\",\"@id\":\"https:\\\/\\\/lloretdemar.org\\\/es\\\/#organization\",\"name\":\"Lloret de Mar\",\"url\":\"https:\\\/\\\/lloretdemar.org\\\/es\\\/\",\"logo\":{\"@type\":\"ImageObject\",\"inLanguage\":\"es\",\"@id\":\"https:\\\/\\\/lloretdemar.org\\\/es\\\/#\\\/schema\\\/logo\\\/image\\\/\",\"url\":\"https:\\\/\\\/lloretdemar.org\\\/wp-content\\\/uploads\\\/2020\\\/05\\\/lloret-de-mar-logo.png\",\"contentUrl\":\"https:\\\/\\\/lloretdemar.org\\\/wp-content\\\/uploads\\\/2020\\\/05\\\/lloret-de-mar-logo.png\",\"width\":87,\"height\":38,\"caption\":\"Lloret de Mar\"},\"image\":{\"@id\":\"https:\\\/\\\/lloretdemar.org\\\/es\\\/#\\\/schema\\\/logo\\\/image\\\/\"},\"sameAs\":[\"https:\\\/\\\/www.facebook.com\\\/Lloretturisme\",\"https:\\\/\\\/x.com\\\/lloretturisme\",\"https:\\\/\\\/instagram.com\\\/lloretturisme\",\"https:\\\/\\\/www.youtube.com\\\/LloretTurisme\"]}]}<\/script>\n<!-- \/ Yoast SEO plugin. -->","yoast_head_json":{"title":"Cookies - Lloret de Mar","description":"&nbsp;","robots":{"index":"noindex","follow":"nofollow"},"og_locale":"es_ES","og_type":"article","og_title":"Cookies - Lloret de Mar","og_description":"&nbsp;","og_url":"https:\/\/lloretdemar.org\/es\/cookies\/","og_site_name":"Lloret de Mar","article_publisher":"https:\/\/www.facebook.com\/Lloretturisme","article_modified_time":"2024-05-22T10:12:13+00:00","og_image":[{"width":1920,"height":885,"url":"https:\/\/lloretdemar.org\/wp-content\/uploads\/2020\/03\/Capcalera-e1600338708928.jpg","type":"image\/jpeg"}],"twitter_card":"summary_large_image","twitter_site":"@lloretturisme","schema":{"@context":"https:\/\/schema.org","@graph":[{"@type":"WebPage","@id":"https:\/\/lloretdemar.org\/es\/cookies\/","url":"https:\/\/lloretdemar.org\/es\/cookies\/","name":"Cookies - Lloret de Mar","isPartOf":{"@id":"https:\/\/lloretdemar.org\/es\/#website"},"datePublished":"2019-05-28T07:43:10+00:00","dateModified":"2024-05-22T10:12:13+00:00","description":"Lloret de Mar","breadcrumb":{"@id":"https:\/\/lloretdemar.org\/es\/cookies\/#breadcrumb"},"inLanguage":"es","potentialAction":[{"@type":"ReadAction","target":["https:\/\/lloretdemar.org\/es\/cookies\/"]}]},{"@type":"BreadcrumbList","@id":"https:\/\/lloretdemar.org\/es\/cookies\/#breadcrumb","itemListElement":[{"@type":"ListItem","position":1,"name":"Home","item":"https:\/\/lloretdemar.org\/es\/"},{"@type":"ListItem","position":2,"name":"Cookies"}]},{"@type":"WebSite","@id":"https:\/\/lloretdemar.org\/es\/#website","url":"https:\/\/lloretdemar.org\/es\/","name":"Lloret de Mar","description":"","publisher":{"@id":"https:\/\/lloretdemar.org\/es\/#organization"},"potentialAction":[{"@type":"SearchAction","target":{"@type":"EntryPoint","urlTemplate":"https:\/\/lloretdemar.org\/es\/?s={search_term_string}"},"query-input":{"@type":"PropertyValueSpecification","valueRequired":true,"valueName":"search_term_string"}}],"inLanguage":"es"},{"@type":"Organization","@id":"https:\/\/lloretdemar.org\/es\/#organization","name":"Lloret de Mar","url":"https:\/\/lloretdemar.org\/es\/","logo":{"@type":"ImageObject","inLanguage":"es","@id":"https:\/\/lloretdemar.org\/es\/#\/schema\/logo\/image\/","url":"https:\/\/lloretdemar.org\/wp-content\/uploads\/2020\/05\/lloret-de-mar-logo.png","contentUrl":"https:\/\/lloretdemar.org\/wp-content\/uploads\/2020\/05\/lloret-de-mar-logo.png","width":87,"height":38,"caption":"Lloret de Mar"},"image":{"@id":"https:\/\/lloretdemar.org\/es\/#\/schema\/logo\/image\/"},"sameAs":["https:\/\/www.facebook.com\/Lloretturisme","https:\/\/x.com\/lloretturisme","https:\/\/instagram.com\/lloretturisme","https:\/\/www.youtube.com\/LloretTurisme"]}]}},"_links":{"self":[{"href":"https:\/\/lloretdemar.org\/es\/wp-json\/wp\/v2\/pages\/40","targetHints":{"allow":["GET"]}}],"collection":[{"href":"https:\/\/lloretdemar.org\/es\/wp-json\/wp\/v2\/pages"}],"about":[{"href":"https:\/\/lloretdemar.org\/es\/wp-json\/wp\/v2\/types\/page"}],"author":[{"embeddable":true,"href":"https:\/\/lloretdemar.org\/es\/wp-json\/wp\/v2\/users\/12"}],"replies":[{"embeddable":true,"href":"https:\/\/lloretdemar.org\/es\/wp-json\/wp\/v2\/comments?post=40"}],"version-history":[{"count":12,"href":"https:\/\/lloretdemar.org\/es\/wp-json\/wp\/v2\/pages\/40\/revisions"}],"predecessor-version":[{"id":36585,"href":"https:\/\/lloretdemar.org\/es\/wp-json\/wp\/v2\/pages\/40\/revisions\/36585"}],"wp:attachment":[{"href":"https:\/\/lloretdemar.org\/es\/wp-json\/wp\/v2\/media?parent=40"}],"curies":[{"name":"wp","href":"https:\/\/api.w.org\/{rel}","templated":true}]}}