{"id":18590,"date":"2020-03-05T17:45:35","date_gmt":"2020-03-05T16:45:35","guid":{"rendered":"http:\/\/lloretdemar.org\/planifica-el-teu-viatge\/compres-directori\/"},"modified":"2023-08-17T11:26:38","modified_gmt":"2023-08-17T09:26:38","slug":"compras","status":"publish","type":"page","link":"https:\/\/lloretdemar.org\/es\/planifica-tu-viaje\/compras\/","title":{"rendered":"Compras"},"content":{"rendered":"\r\n<p>Disfruta de los establecimientos comerciales de Lloret, donde encontrar\u00e1s la variedad de productos y la atenci\u00f3n que mereces.<\/p>\r\n\r\n\r\n\r\n<p>El comercio de Lloret de Mar, con un millar de establecimientos comerciales, representa el segundo motor econ\u00f3mico de la poblaci\u00f3n. La oferta comercial de Lloret es amplia y diversa, y se puede encontrar toda clase de art\u00edculos y productos.<\/p>\r\n\r\n\r\n\r\n<p>Te interesa saber que los comercios de Lloret pueden abrir todos los d\u00edas del a\u00f1o, incluidos los domingos.<\/p>\r\n\r\n\r\n\r\n<p>A lo largo del a\u00f1o se celebran actividades y ferias comerciales como la Lloret Night Shopping, una aut\u00e9ntica fiesta del comercio con tiendas abiertas hasta la madrugada, desfiles de moda, m\u00fasica en vivo, performances y el mejor ambiente fashion, tambi\u00e9n se celebra la Feria Medieval entre otros.<\/p>\r\n\r\n\r\n\r\n<p>Tambi\u00e9n te recomendamos visitar el mercado semanal de los martes que se hace en el Rieral, en su recorrido podr\u00e1 encontrar todo tipo de paradas con produc-tos tradicionales, art\u00edculos de ropa, alimentaci\u00f3n, etc.<\/p>\r\n\r\n\r\n\r\n<p>Y tambi\u00e9n puede ir al Mercado Municipal donde se pueden encontrar productos frescos y una variada selecci\u00f3n de los productos locales m\u00e1s t\u00edpicos de nuestra gastronom\u00eda<\/p>\r\n","protected":false},"excerpt":{"rendered":"<p>Disfruta de los establecimientos comerciales de Lloret, donde encontrar\u00e1s la variedad de productos y la atenci\u00f3n que mereces. El comercio de Lloret de Mar, con un millar de establecimientos comerciales, representa el segundo motor econ\u00f3mico de la poblaci\u00f3n. La oferta comercial de Lloret es amplia y diversa, y se puede encontrar toda clase de art\u00edculos [&hellip;]<\/p>\n","protected":false},"author":12,"featured_media":0,"parent":10257,"menu_order":0,"comment_status":"closed","ping_status":"closed","template":"page-templates\/directori2-23.php","meta":{"_acf_changed":false,"content-type":"","footnotes":""},"class_list":["post-18590","page","type-page","status-publish","hentry"],"acf":{"banner_imatge":34432,"banner_titol":"Compras","banner_subtitol":"","botons_blanc_o_negres":"defecte","banner_links":null,"apartats":null,"categories_titol":"Categor\u00edas","banner_mes_info_text":"\u00bfQuieres saber m\u00e1s sitios de compras en Lloret de Mar?","banner_mes_info_link":{"title":"M\u00e1s informaci\u00f3n","url":"http:\/\/lloretdemar.org\/es\/que-fer-a-lloret\/lloret-de-mar-de-dia\/compres\/","target":"_blank"},"banner_contacte_text":"Si su establecimiento no aparece en nuestro directorio o los datos que figuran no son correctas:","banner_contacte_link":{"title":"Contacta con nosotros","url":"http:\/\/lloretdemar.org\/es\/contacto\/","target":"_blank"},"banners":null,"script_ipanema":"<!--HubSpot Call-to-Action Code --><span class=\"hs-cta-wrapper\" id=\"hs-cta-wrapper-ac7afe2f-3887-497f-9403-e9a9ccf64882\"><span class=\"hs-cta-node hs-cta-ac7afe2f-3887-497f-9403-e9a9ccf64882\" id=\"hs-cta-ac7afe2f-3887-497f-9403-e9a9ccf64882\"><!--[if lte IE 8]><div id=\"hs-cta-ie-element\"><\/div><![endif]--><a href=\"https:\/\/cta-redirect.hubspot.com\/cta\/redirect\/4468071\/ac7afe2f-3887-497f-9403-e9a9ccf64882\" ><img class=\"hs-cta-img\" id=\"hs-cta-img-ac7afe2f-3887-497f-9403-e9a9ccf64882\" style=\"border-width:0px;\" src=\"https:\/\/no-cache.hubspot.com\/cta\/default\/4468071\/ac7afe2f-3887-497f-9403-e9a9ccf64882.png\" alt=\"M\u00e9s info\"\/><\/a><\/span><script charset=\"utf-8\" src=\"https:\/\/js.hscta.net\/cta\/current.js\"><\/script><script type=\"text\/javascript\"> hbspt.cta.load(4468071, 'ac7afe2f-3887-497f-9403-e9a9ccf64882', {}); <\/script><\/span><!-- end HubSpot Call-to-Action Code -->"},"yoast_head":"<!-- This site is optimized with the Yoast SEO plugin v27.5 - https:\/\/yoast.com\/product\/yoast-seo-wordpress\/ -->\n<title>Compras - Lloret de Mar<\/title>\n<meta name=\"description\" content=\"Disfruta de los establecimientos comerciales de Lloret, donde encontrar\u00e1s la variedad de productos y la atenci\u00f3n que mereces. El comercio de Lloret de Mar, con un millar de establecimientos comerciales, representa el segundo motor econ\u00f3mico de la poblaci\u00f3n. La oferta comercial de Lloret es amplia y diversa, y se puede encontrar toda clase de art\u00edculos&hellip;\" \/>\n<meta name=\"robots\" content=\"index, follow, max-snippet:-1, max-image-preview:large, max-video-preview:-1\" \/>\n<link rel=\"canonical\" href=\"https:\/\/lloretdemar.org\/es\/planifica-tu-viaje\/compras\/\" \/>\n<meta property=\"og:locale\" content=\"es_ES\" \/>\n<meta property=\"og:type\" content=\"article\" \/>\n<meta property=\"og:title\" content=\"Compras - Lloret de Mar\" \/>\n<meta property=\"og:description\" content=\"Disfruta de los establecimientos comerciales de Lloret, donde encontrar\u00e1s la variedad de productos y la atenci\u00f3n que mereces. El comercio de Lloret de Mar, con un millar de establecimientos comerciales, representa el segundo motor econ\u00f3mico de la poblaci\u00f3n. La oferta comercial de Lloret es amplia y diversa, y se puede encontrar toda clase de art\u00edculos&hellip;\" \/>\n<meta property=\"og:url\" content=\"https:\/\/lloretdemar.org\/es\/planifica-tu-viaje\/compras\/\" \/>\n<meta property=\"og:site_name\" content=\"Lloret de Mar\" \/>\n<meta property=\"article:publisher\" content=\"https:\/\/www.facebook.com\/Lloretturisme\" \/>\n<meta property=\"article:modified_time\" content=\"2023-08-17T09:26:38+00:00\" \/>\n<meta property=\"og:image\" content=\"https:\/\/lloretdemar.org\/wp-content\/uploads\/2023\/07\/capcalera-comprar.webp\" \/>\n\t<meta property=\"og:image:width\" content=\"1920\" \/>\n\t<meta property=\"og:image:height\" content=\"885\" \/>\n\t<meta property=\"og:image:type\" content=\"image\/jpeg\" \/>\n<meta name=\"twitter:card\" content=\"summary_large_image\" \/>\n<meta name=\"twitter:site\" content=\"@lloretturisme\" \/>\n<meta name=\"twitter:label1\" content=\"Tiempo de lectura\" \/>\n\t<meta name=\"twitter:data1\" content=\"1 minuto\" \/>\n<script type=\"application\/ld+json\" class=\"yoast-schema-graph\">{\"@context\":\"https:\\\/\\\/schema.org\",\"@graph\":[{\"@type\":\"WebPage\",\"@id\":\"https:\\\/\\\/lloretdemar.org\\\/es\\\/planifica-tu-viaje\\\/compras\\\/\",\"url\":\"https:\\\/\\\/lloretdemar.org\\\/es\\\/planifica-tu-viaje\\\/compras\\\/\",\"name\":\"Compras - Lloret de Mar\",\"isPartOf\":{\"@id\":\"https:\\\/\\\/lloretdemar.org\\\/es\\\/#website\"},\"datePublished\":\"2020-03-05T16:45:35+00:00\",\"dateModified\":\"2023-08-17T09:26:38+00:00\",\"description\":\"Lloret de Mar\",\"breadcrumb\":{\"@id\":\"https:\\\/\\\/lloretdemar.org\\\/es\\\/planifica-tu-viaje\\\/compras\\\/#breadcrumb\"},\"inLanguage\":\"es\",\"potentialAction\":[{\"@type\":\"ReadAction\",\"target\":[\"https:\\\/\\\/lloretdemar.org\\\/es\\\/planifica-tu-viaje\\\/compras\\\/\"]}]},{\"@type\":\"BreadcrumbList\",\"@id\":\"https:\\\/\\\/lloretdemar.org\\\/es\\\/planifica-tu-viaje\\\/compras\\\/#breadcrumb\",\"itemListElement\":[{\"@type\":\"ListItem\",\"position\":1,\"name\":\"Home\",\"item\":\"https:\\\/\\\/lloretdemar.org\\\/es\\\/\"},{\"@type\":\"ListItem\",\"position\":2,\"name\":\"Planifica tu viaje\",\"item\":\"https:\\\/\\\/lloretdemar.org\\\/es\\\/planifica-tu-viaje\\\/\"},{\"@type\":\"ListItem\",\"position\":3,\"name\":\"Compras\"}]},{\"@type\":\"WebSite\",\"@id\":\"https:\\\/\\\/lloretdemar.org\\\/es\\\/#website\",\"url\":\"https:\\\/\\\/lloretdemar.org\\\/es\\\/\",\"name\":\"Lloret de Mar\",\"description\":\"\",\"publisher\":{\"@id\":\"https:\\\/\\\/lloretdemar.org\\\/es\\\/#organization\"},\"potentialAction\":[{\"@type\":\"SearchAction\",\"target\":{\"@type\":\"EntryPoint\",\"urlTemplate\":\"https:\\\/\\\/lloretdemar.org\\\/es\\\/?s={search_term_string}\"},\"query-input\":{\"@type\":\"PropertyValueSpecification\",\"valueRequired\":true,\"valueName\":\"search_term_string\"}}],\"inLanguage\":\"es\"},{\"@type\":\"Organization\",\"@id\":\"https:\\\/\\\/lloretdemar.org\\\/es\\\/#organization\",\"name\":\"Lloret de Mar\",\"url\":\"https:\\\/\\\/lloretdemar.org\\\/es\\\/\",\"logo\":{\"@type\":\"ImageObject\",\"inLanguage\":\"es\",\"@id\":\"https:\\\/\\\/lloretdemar.org\\\/es\\\/#\\\/schema\\\/logo\\\/image\\\/\",\"url\":\"https:\\\/\\\/lloretdemar.org\\\/wp-content\\\/uploads\\\/2020\\\/05\\\/lloret-de-mar-logo.png\",\"contentUrl\":\"https:\\\/\\\/lloretdemar.org\\\/wp-content\\\/uploads\\\/2020\\\/05\\\/lloret-de-mar-logo.png\",\"width\":87,\"height\":38,\"caption\":\"Lloret de Mar\"},\"image\":{\"@id\":\"https:\\\/\\\/lloretdemar.org\\\/es\\\/#\\\/schema\\\/logo\\\/image\\\/\"},\"sameAs\":[\"https:\\\/\\\/www.facebook.com\\\/Lloretturisme\",\"https:\\\/\\\/x.com\\\/lloretturisme\",\"https:\\\/\\\/instagram.com\\\/lloretturisme\",\"https:\\\/\\\/www.youtube.com\\\/LloretTurisme\"]}]}<\/script>\n<!-- \/ Yoast SEO plugin. -->","yoast_head_json":{"title":"Compras - Lloret de Mar","description":"Disfruta de los establecimientos comerciales de Lloret, donde encontrar\u00e1s la variedad de productos y la atenci\u00f3n que mereces. El comercio de Lloret de Mar, con un millar de establecimientos comerciales, representa el segundo motor econ\u00f3mico de la poblaci\u00f3n. La oferta comercial de Lloret es amplia y diversa, y se puede encontrar toda clase de art\u00edculos&hellip;","robots":{"index":"index","follow":"follow","max-snippet":"max-snippet:-1","max-image-preview":"max-image-preview:large","max-video-preview":"max-video-preview:-1"},"canonical":"https:\/\/lloretdemar.org\/es\/planifica-tu-viaje\/compras\/","og_locale":"es_ES","og_type":"article","og_title":"Compras - Lloret de Mar","og_description":"Disfruta de los establecimientos comerciales de Lloret, donde encontrar\u00e1s la variedad de productos y la atenci\u00f3n que mereces. El comercio de Lloret de Mar, con un millar de establecimientos comerciales, representa el segundo motor econ\u00f3mico de la poblaci\u00f3n. La oferta comercial de Lloret es amplia y diversa, y se puede encontrar toda clase de art\u00edculos&hellip;","og_url":"https:\/\/lloretdemar.org\/es\/planifica-tu-viaje\/compras\/","og_site_name":"Lloret de Mar","article_publisher":"https:\/\/www.facebook.com\/Lloretturisme","article_modified_time":"2023-08-17T09:26:38+00:00","og_image":[{"width":1920,"height":885,"url":"https:\/\/lloretdemar.org\/wp-content\/uploads\/2023\/07\/capcalera-comprar.webp","type":"image\/jpeg"}],"twitter_card":"summary_large_image","twitter_site":"@lloretturisme","twitter_misc":{"Tiempo de lectura":"1 minuto"},"schema":{"@context":"https:\/\/schema.org","@graph":[{"@type":"WebPage","@id":"https:\/\/lloretdemar.org\/es\/planifica-tu-viaje\/compras\/","url":"https:\/\/lloretdemar.org\/es\/planifica-tu-viaje\/compras\/","name":"Compras - Lloret de Mar","isPartOf":{"@id":"https:\/\/lloretdemar.org\/es\/#website"},"datePublished":"2020-03-05T16:45:35+00:00","dateModified":"2023-08-17T09:26:38+00:00","description":"Lloret de Mar","breadcrumb":{"@id":"https:\/\/lloretdemar.org\/es\/planifica-tu-viaje\/compras\/#breadcrumb"},"inLanguage":"es","potentialAction":[{"@type":"ReadAction","target":["https:\/\/lloretdemar.org\/es\/planifica-tu-viaje\/compras\/"]}]},{"@type":"BreadcrumbList","@id":"https:\/\/lloretdemar.org\/es\/planifica-tu-viaje\/compras\/#breadcrumb","itemListElement":[{"@type":"ListItem","position":1,"name":"Home","item":"https:\/\/lloretdemar.org\/es\/"},{"@type":"ListItem","position":2,"name":"Planifica tu viaje","item":"https:\/\/lloretdemar.org\/es\/planifica-tu-viaje\/"},{"@type":"ListItem","position":3,"name":"Compras"}]},{"@type":"WebSite","@id":"https:\/\/lloretdemar.org\/es\/#website","url":"https:\/\/lloretdemar.org\/es\/","name":"Lloret de Mar","description":"","publisher":{"@id":"https:\/\/lloretdemar.org\/es\/#organization"},"potentialAction":[{"@type":"SearchAction","target":{"@type":"EntryPoint","urlTemplate":"https:\/\/lloretdemar.org\/es\/?s={search_term_string}"},"query-input":{"@type":"PropertyValueSpecification","valueRequired":true,"valueName":"search_term_string"}}],"inLanguage":"es"},{"@type":"Organization","@id":"https:\/\/lloretdemar.org\/es\/#organization","name":"Lloret de Mar","url":"https:\/\/lloretdemar.org\/es\/","logo":{"@type":"ImageObject","inLanguage":"es","@id":"https:\/\/lloretdemar.org\/es\/#\/schema\/logo\/image\/","url":"https:\/\/lloretdemar.org\/wp-content\/uploads\/2020\/05\/lloret-de-mar-logo.png","contentUrl":"https:\/\/lloretdemar.org\/wp-content\/uploads\/2020\/05\/lloret-de-mar-logo.png","width":87,"height":38,"caption":"Lloret de Mar"},"image":{"@id":"https:\/\/lloretdemar.org\/es\/#\/schema\/logo\/image\/"},"sameAs":["https:\/\/www.facebook.com\/Lloretturisme","https:\/\/x.com\/lloretturisme","https:\/\/instagram.com\/lloretturisme","https:\/\/www.youtube.com\/LloretTurisme"]}]}},"_links":{"self":[{"href":"https:\/\/lloretdemar.org\/es\/wp-json\/wp\/v2\/pages\/18590","targetHints":{"allow":["GET"]}}],"collection":[{"href":"https:\/\/lloretdemar.org\/es\/wp-json\/wp\/v2\/pages"}],"about":[{"href":"https:\/\/lloretdemar.org\/es\/wp-json\/wp\/v2\/types\/page"}],"author":[{"embeddable":true,"href":"https:\/\/lloretdemar.org\/es\/wp-json\/wp\/v2\/users\/12"}],"replies":[{"embeddable":true,"href":"https:\/\/lloretdemar.org\/es\/wp-json\/wp\/v2\/comments?post=18590"}],"version-history":[{"count":1,"href":"https:\/\/lloretdemar.org\/es\/wp-json\/wp\/v2\/pages\/18590\/revisions"}],"predecessor-version":[{"id":34515,"href":"https:\/\/lloretdemar.org\/es\/wp-json\/wp\/v2\/pages\/18590\/revisions\/34515"}],"up":[{"embeddable":true,"href":"https:\/\/lloretdemar.org\/es\/wp-json\/wp\/v2\/pages\/10257"}],"wp:attachment":[{"href":"https:\/\/lloretdemar.org\/es\/wp-json\/wp\/v2\/media?parent=18590"}],"curies":[{"name":"wp","href":"https:\/\/api.w.org\/{rel}","templated":true}]}}