{"id":17181,"date":"2020-03-06T13:55:41","date_gmt":"2020-03-06T12:55:41","guid":{"rendered":"http:\/\/lloretdemar.org\/planifica-el-teu-viatge\/que-visitar\/"},"modified":"2020-05-21T11:58:31","modified_gmt":"2020-05-21T09:58:31","slug":"que-visitar","status":"publish","type":"page","link":"https:\/\/lloretdemar.org\/es\/planifica-tu-viaje\/que-visitar\/","title":{"rendered":"Qu\u00e9 visitar"},"content":{"rendered":"","protected":false},"excerpt":{"rendered":"","protected":false},"author":12,"featured_media":0,"parent":10257,"menu_order":0,"comment_status":"closed","ping_status":"closed","template":"page-templates\/directori2-23.php","meta":{"_acf_changed":false,"content-type":"","footnotes":""},"class_list":["post-17181","page","type-page","status-publish","hentry"],"acf":{"banner_imatge":7419,"banner_titol":"Qu\u00e9 visitar en Lloret de Mar","banner_subtitol":"","botons_blanc_o_negres":"defecte","banner_links":null,"apartats":null,"categories_titol":"Categorias","banner_mes_info_text":"Te proponemos m\u00e1s opciones para visitar Lloret de Mar!","banner_mes_info_link":{"title":"M\u00e1s informaci\u00f3n","url":"http:\/\/lloretdemar.org\/es\/que-fer-a-lloret\/lloret-de-mar-de-dia\/cultura\/","target":"_blank"},"banner_contacte_text":"Si su establecimiento no aparece en nuestro directorio o los datos que figuran no son correctas:","banner_contacte_link":{"title":"Contacte con nosotros","url":"http:\/\/lloretdemar.org\/es\/contacto\/","target":"_blank"},"banners":null,"script_ipanema":"<!--HubSpot Call-to-Action Code --><span class=\"hs-cta-wrapper\" id=\"hs-cta-wrapper-c89a4fa6-49b1-49d2-9764-cce3c5758382\"><span class=\"hs-cta-node hs-cta-c89a4fa6-49b1-49d2-9764-cce3c5758382\" id=\"hs-cta-c89a4fa6-49b1-49d2-9764-cce3c5758382\"><!--[if lte IE 8]><div id=\"hs-cta-ie-element\"><\/div><![endif]--><a href=\"https:\/\/cta-redirect.hubspot.com\/cta\/redirect\/4468071\/c89a4fa6-49b1-49d2-9764-cce3c5758382\" ><img class=\"hs-cta-img\" id=\"hs-cta-img-c89a4fa6-49b1-49d2-9764-cce3c5758382\" style=\"border-width:0px;\" src=\"https:\/\/no-cache.hubspot.com\/cta\/default\/4468071\/c89a4fa6-49b1-49d2-9764-cce3c5758382.png\" alt=\"M\u00e9s info\"\/><\/a><\/span><script charset=\"utf-8\" src=\"https:\/\/js.hscta.net\/cta\/current.js\"><\/script><script type=\"text\/javascript\"> hbspt.cta.load(4468071, 'c89a4fa6-49b1-49d2-9764-cce3c5758382', {}); <\/script><\/span><!-- end HubSpot Call-to-Action Code -->"},"yoast_head":"<!-- This site is optimized with the Yoast SEO plugin v27.5 - https:\/\/yoast.com\/product\/yoast-seo-wordpress\/ -->\n<title>Qu\u00e9 visitar - Lloret de Mar<\/title>\n<meta name=\"robots\" content=\"index, follow, max-snippet:-1, max-image-preview:large, max-video-preview:-1\" \/>\n<link rel=\"canonical\" href=\"https:\/\/lloretdemar.org\/es\/planifica-tu-viaje\/que-visitar\/\" \/>\n<meta property=\"og:locale\" content=\"es_ES\" \/>\n<meta property=\"og:type\" content=\"article\" \/>\n<meta property=\"og:title\" content=\"Qu\u00e9 visitar - Lloret de Mar\" \/>\n<meta property=\"og:url\" content=\"https:\/\/lloretdemar.org\/es\/planifica-tu-viaje\/que-visitar\/\" \/>\n<meta property=\"og:site_name\" content=\"Lloret de Mar\" \/>\n<meta property=\"article:publisher\" content=\"https:\/\/www.facebook.com\/Lloretturisme\" \/>\n<meta property=\"article:modified_time\" content=\"2020-05-21T09:58:31+00:00\" \/>\n<meta property=\"og:image\" content=\"https:\/\/lloretdemar.org\/wp-content\/uploads\/2020\/03\/cap\u00e7alera-visitar.jpg\" \/>\n\t<meta property=\"og:image:width\" content=\"1920\" \/>\n\t<meta property=\"og:image:height\" content=\"885\" \/>\n\t<meta property=\"og:image:type\" content=\"image\/jpeg\" \/>\n<meta name=\"twitter:card\" content=\"summary_large_image\" \/>\n<meta name=\"twitter:site\" content=\"@lloretturisme\" \/>\n<script type=\"application\/ld+json\" class=\"yoast-schema-graph\">{\"@context\":\"https:\\\/\\\/schema.org\",\"@graph\":[{\"@type\":\"WebPage\",\"@id\":\"https:\\\/\\\/lloretdemar.org\\\/es\\\/planifica-tu-viaje\\\/que-visitar\\\/\",\"url\":\"https:\\\/\\\/lloretdemar.org\\\/es\\\/planifica-tu-viaje\\\/que-visitar\\\/\",\"name\":\"Qu\u00e9 visitar - Lloret de Mar\",\"isPartOf\":{\"@id\":\"https:\\\/\\\/lloretdemar.org\\\/es\\\/#website\"},\"datePublished\":\"2020-03-06T12:55:41+00:00\",\"dateModified\":\"2020-05-21T09:58:31+00:00\",\"description\":\"Lloret de Mar\",\"breadcrumb\":{\"@id\":\"https:\\\/\\\/lloretdemar.org\\\/es\\\/planifica-tu-viaje\\\/que-visitar\\\/#breadcrumb\"},\"inLanguage\":\"es\",\"potentialAction\":[{\"@type\":\"ReadAction\",\"target\":[\"https:\\\/\\\/lloretdemar.org\\\/es\\\/planifica-tu-viaje\\\/que-visitar\\\/\"]}]},{\"@type\":\"BreadcrumbList\",\"@id\":\"https:\\\/\\\/lloretdemar.org\\\/es\\\/planifica-tu-viaje\\\/que-visitar\\\/#breadcrumb\",\"itemListElement\":[{\"@type\":\"ListItem\",\"position\":1,\"name\":\"Home\",\"item\":\"https:\\\/\\\/lloretdemar.org\\\/es\\\/\"},{\"@type\":\"ListItem\",\"position\":2,\"name\":\"Planifica tu viaje\",\"item\":\"https:\\\/\\\/lloretdemar.org\\\/es\\\/planifica-tu-viaje\\\/\"},{\"@type\":\"ListItem\",\"position\":3,\"name\":\"Qu\u00e9 visitar\"}]},{\"@type\":\"WebSite\",\"@id\":\"https:\\\/\\\/lloretdemar.org\\\/es\\\/#website\",\"url\":\"https:\\\/\\\/lloretdemar.org\\\/es\\\/\",\"name\":\"Lloret de Mar\",\"description\":\"\",\"publisher\":{\"@id\":\"https:\\\/\\\/lloretdemar.org\\\/es\\\/#organization\"},\"potentialAction\":[{\"@type\":\"SearchAction\",\"target\":{\"@type\":\"EntryPoint\",\"urlTemplate\":\"https:\\\/\\\/lloretdemar.org\\\/es\\\/?s={search_term_string}\"},\"query-input\":{\"@type\":\"PropertyValueSpecification\",\"valueRequired\":true,\"valueName\":\"search_term_string\"}}],\"inLanguage\":\"es\"},{\"@type\":\"Organization\",\"@id\":\"https:\\\/\\\/lloretdemar.org\\\/es\\\/#organization\",\"name\":\"Lloret de Mar\",\"url\":\"https:\\\/\\\/lloretdemar.org\\\/es\\\/\",\"logo\":{\"@type\":\"ImageObject\",\"inLanguage\":\"es\",\"@id\":\"https:\\\/\\\/lloretdemar.org\\\/es\\\/#\\\/schema\\\/logo\\\/image\\\/\",\"url\":\"https:\\\/\\\/lloretdemar.org\\\/wp-content\\\/uploads\\\/2020\\\/05\\\/lloret-de-mar-logo.png\",\"contentUrl\":\"https:\\\/\\\/lloretdemar.org\\\/wp-content\\\/uploads\\\/2020\\\/05\\\/lloret-de-mar-logo.png\",\"width\":87,\"height\":38,\"caption\":\"Lloret de Mar\"},\"image\":{\"@id\":\"https:\\\/\\\/lloretdemar.org\\\/es\\\/#\\\/schema\\\/logo\\\/image\\\/\"},\"sameAs\":[\"https:\\\/\\\/www.facebook.com\\\/Lloretturisme\",\"https:\\\/\\\/x.com\\\/lloretturisme\",\"https:\\\/\\\/instagram.com\\\/lloretturisme\",\"https:\\\/\\\/www.youtube.com\\\/LloretTurisme\"]}]}<\/script>\n<!-- \/ Yoast SEO plugin. -->","yoast_head_json":{"title":"Qu\u00e9 visitar - Lloret de Mar","robots":{"index":"index","follow":"follow","max-snippet":"max-snippet:-1","max-image-preview":"max-image-preview:large","max-video-preview":"max-video-preview:-1"},"canonical":"https:\/\/lloretdemar.org\/es\/planifica-tu-viaje\/que-visitar\/","og_locale":"es_ES","og_type":"article","og_title":"Qu\u00e9 visitar - Lloret de Mar","og_url":"https:\/\/lloretdemar.org\/es\/planifica-tu-viaje\/que-visitar\/","og_site_name":"Lloret de Mar","article_publisher":"https:\/\/www.facebook.com\/Lloretturisme","article_modified_time":"2020-05-21T09:58:31+00:00","og_image":[{"width":1920,"height":885,"url":"https:\/\/lloretdemar.org\/wp-content\/uploads\/2020\/03\/cap\u00e7alera-visitar.jpg","type":"image\/jpeg"}],"twitter_card":"summary_large_image","twitter_site":"@lloretturisme","schema":{"@context":"https:\/\/schema.org","@graph":[{"@type":"WebPage","@id":"https:\/\/lloretdemar.org\/es\/planifica-tu-viaje\/que-visitar\/","url":"https:\/\/lloretdemar.org\/es\/planifica-tu-viaje\/que-visitar\/","name":"Qu\u00e9 visitar - Lloret de Mar","isPartOf":{"@id":"https:\/\/lloretdemar.org\/es\/#website"},"datePublished":"2020-03-06T12:55:41+00:00","dateModified":"2020-05-21T09:58:31+00:00","description":"Lloret de Mar","breadcrumb":{"@id":"https:\/\/lloretdemar.org\/es\/planifica-tu-viaje\/que-visitar\/#breadcrumb"},"inLanguage":"es","potentialAction":[{"@type":"ReadAction","target":["https:\/\/lloretdemar.org\/es\/planifica-tu-viaje\/que-visitar\/"]}]},{"@type":"BreadcrumbList","@id":"https:\/\/lloretdemar.org\/es\/planifica-tu-viaje\/que-visitar\/#breadcrumb","itemListElement":[{"@type":"ListItem","position":1,"name":"Home","item":"https:\/\/lloretdemar.org\/es\/"},{"@type":"ListItem","position":2,"name":"Planifica tu viaje","item":"https:\/\/lloretdemar.org\/es\/planifica-tu-viaje\/"},{"@type":"ListItem","position":3,"name":"Qu\u00e9 visitar"}]},{"@type":"WebSite","@id":"https:\/\/lloretdemar.org\/es\/#website","url":"https:\/\/lloretdemar.org\/es\/","name":"Lloret de Mar","description":"","publisher":{"@id":"https:\/\/lloretdemar.org\/es\/#organization"},"potentialAction":[{"@type":"SearchAction","target":{"@type":"EntryPoint","urlTemplate":"https:\/\/lloretdemar.org\/es\/?s={search_term_string}"},"query-input":{"@type":"PropertyValueSpecification","valueRequired":true,"valueName":"search_term_string"}}],"inLanguage":"es"},{"@type":"Organization","@id":"https:\/\/lloretdemar.org\/es\/#organization","name":"Lloret de Mar","url":"https:\/\/lloretdemar.org\/es\/","logo":{"@type":"ImageObject","inLanguage":"es","@id":"https:\/\/lloretdemar.org\/es\/#\/schema\/logo\/image\/","url":"https:\/\/lloretdemar.org\/wp-content\/uploads\/2020\/05\/lloret-de-mar-logo.png","contentUrl":"https:\/\/lloretdemar.org\/wp-content\/uploads\/2020\/05\/lloret-de-mar-logo.png","width":87,"height":38,"caption":"Lloret de Mar"},"image":{"@id":"https:\/\/lloretdemar.org\/es\/#\/schema\/logo\/image\/"},"sameAs":["https:\/\/www.facebook.com\/Lloretturisme","https:\/\/x.com\/lloretturisme","https:\/\/instagram.com\/lloretturisme","https:\/\/www.youtube.com\/LloretTurisme"]}]}},"_links":{"self":[{"href":"https:\/\/lloretdemar.org\/es\/wp-json\/wp\/v2\/pages\/17181","targetHints":{"allow":["GET"]}}],"collection":[{"href":"https:\/\/lloretdemar.org\/es\/wp-json\/wp\/v2\/pages"}],"about":[{"href":"https:\/\/lloretdemar.org\/es\/wp-json\/wp\/v2\/types\/page"}],"author":[{"embeddable":true,"href":"https:\/\/lloretdemar.org\/es\/wp-json\/wp\/v2\/users\/12"}],"replies":[{"embeddable":true,"href":"https:\/\/lloretdemar.org\/es\/wp-json\/wp\/v2\/comments?post=17181"}],"version-history":[{"count":0,"href":"https:\/\/lloretdemar.org\/es\/wp-json\/wp\/v2\/pages\/17181\/revisions"}],"up":[{"embeddable":true,"href":"https:\/\/lloretdemar.org\/es\/wp-json\/wp\/v2\/pages\/10257"}],"wp:attachment":[{"href":"https:\/\/lloretdemar.org\/es\/wp-json\/wp\/v2\/media?parent=17181"}],"curies":[{"name":"wp","href":"https:\/\/api.w.org\/{rel}","templated":true}]}}