{"id":17156,"date":"2020-03-06T13:38:50","date_gmt":"2020-03-06T12:38:50","guid":{"rendered":"http:\/\/lloretdemar.org\/politica-de-privacitat\/"},"modified":"2020-05-21T11:58:28","modified_gmt":"2020-05-21T09:58:28","slug":"politica-de-privacidad","status":"publish","type":"page","link":"https:\/\/lloretdemar.org\/es\/politica-de-privacidad\/","title":{"rendered":"Pol\u00edtica de privacidad"},"content":{"rendered":"\n<p>La presente pol\u00edtica de protecci\u00f3n de datos regula el tratamiento de datos que realiza Lloret Futur, S.A de los datos que pueda recoger en su portal web.<\/p>\n\n\n\n<h4 class=\"wp-block-heading\"><strong>1.-\u00a0Identidad del responsable de tratamiento.<\/strong><\/h4>\n\n\n\n<p>El responsable del tratamiento de los datos personales recogidos en la web y subdominios\u00a0de\u00a0<a rel=\"noreferrer noopener\" href=\"https:\/\/lloretdemar.org\/ca\/\" target=\"_blank\">www.lloretdemar.org<\/a>\u00a0es:<\/p>\n\n\n\n<p>Lloret Turisme, LLORET FUTUR, S.A<br>NIF: A-17354333<br>Av. Alegries, 3. 17310 &#8211; Lloret de Mar<br><a href=\"mailto:central-turisme@lloret.org\">central-turisme@lloret.cat<\/a><br><\/p>\n\n\n\n<h4 class=\"wp-block-heading\"><strong>2.-\u00a0Finalidad de los tratamientos de datos.<\/strong><\/h4>\n\n\n\n<p>Los datos que suministra a Lloret Futur, SA por diferentes medios, formularios de contacto, encuestas o procedimientos utilizados durante la recogida se realiza de acuerdo con la legislaci\u00f3n vigente en materia de protecci\u00f3n de datos y con la \u00fanica finalidad de entregarle el servicio que nos solicita.<\/p>\n\n\n\n<p>En cada uno de estos medios informamos detalladamente de la finalidad del tratamiento de los datos que se llevan a cabo \u00fanica y exclusivamente si usted ha autorizado este tratamiento.<\/p>\n\n\n\n<p> A continuaci\u00f3n detallamos la informaci\u00f3n relativa a las diferentes finalidades para las que podemos recoger sus datos.<br><\/p>\n\n\n\n<figure class=\"wp-block-table\"><table class=\"\"><tbody><tr><td> <strong>Tratamiento\u00a0<\/strong> <\/td><td><strong>Para qu\u00e9 utilizaremos sus datos<\/strong><\/td><td><strong>Cu\u00e1nto tiempo conservaremos sus datos<\/strong><\/td><\/tr><tr><td><strong>Subscripciones<\/strong> <\/td><td>Le remitiremos informaci\u00f3n de nuestros productos, servicios y actividades. Sus datos no ser\u00e1n cedidos a terceros.<\/td><td>Sus datos personales se conservar\u00e1n hasta el momento en que solicite no recibir nuestras comunicaciones, en el momento se suprimir\u00e1n.<br> Podr\u00e1 solicitar la supresi\u00f3n en cualquier momento mediante la informaci\u00f3n que aparece en cada comunicado.<\/td><\/tr><tr><td><strong>Actividades y servicios: Kit del Lloretense, formula weekend, etc.<\/strong><br><br><br> <\/td><td>Trataremos sus datos para la gesti\u00f3n de las actividades y servicios entregados por Lloret Futur, S.A. Sus datos no ser\u00e1n cedidos a terceros..<\/td><td>Sus datos personales se conservar\u00e1n hasta el momento en que solicite no recibir nuestras comunicaciones, en el momento se suprimir\u00e1n.<br> Podr\u00e1 solicitar la supresi\u00f3n en cualquier momento mediante la informaci\u00f3n que aparece en cada comunicado.<\/td><\/tr><tr><td><strong>Correo de contacto, quejas o sugerencias<\/strong> <\/td><td>Trataremos sus datos para contestar su solicitud, cuestiones o dudas. Sus datos no ser\u00e1n cedidos a terceros.<\/td><td>Sus datos personales se conservar\u00e1n hasta el momento en que se haya contestado a su solicitud y llevado a cabo las acciones que sean adecuadas. Despu\u00e9s de esto se suprimir\u00e1n excepto que implique responsabilidades de Lloret Futur, S.A.<\/td><\/tr><tr><td><strong>Lloret Convention Bureau (LCB)<\/strong><\/td><td>Trataremos sus datos en relaci\u00f3n a su entidad como miembro del LCB o empresa interesada: gesti\u00f3n de actividades, comunicarle los servicios, atender sus peticiones, etc. Sus datos no ser\u00e1n cedidos a terceros.<\/td><td>Sus datos personales se conservar\u00e1n hasta que su entidad se d\u00e9 de baja del LCB o bien hagan un cambio de interlocutor.<\/td><\/tr><tr><td><strong>Perfil del Contractante<\/strong><\/td><td>Trataremos sus datos para la gesti\u00f3n de contrataci\u00f3n p\u00fablica en tanto que Lloret Futur, SA es una empresa p\u00fablica. Sus datos podr\u00e1n ser comunicados al Ayuntamiento de Lloret de Mar en el ejercicio de sus competencias como administraci\u00f3n responsable de Lloret Futur.<\/td><td>Sus datos personales se conservar\u00e1n como parte de procedimiento administrativo de la entidad.<\/td><\/tr><\/tbody><\/table><\/figure>\n\n\n\n<p>\u00danicamente se tratar\u00e1n los datos que haya entregado para la finalidad que se le inform\u00f3 y autoriz\u00f3. No se realiza tratamiento por parte de terceros de sus datos y no se ceder\u00e1n los datos a terceros salvo que usted lo haya autorizado expresamente.<\/p>\n\n\n\n<p>La base legal para el tratamiento de sus datos es la ejecuci\u00f3n de los servicios que nos ha solicitado y &#8211; en el caso del perfil del contratante &#8211; las competencias propias de Lloret Futur, S.A.<\/p>\n\n\n\n<p>El usuario nos suministra sus datos de forma voluntaria en todo momento y siendo informado del uso y el tratamiento que se hace. Toda la informaci\u00f3n que facilita el usuario debe ser veraz. El usuario es el \u00fanico responsable de las manifestaciones falsas o inexactas que realice y de los perjuicios que cause a Lloret Futur, el Ayuntamiento de Lloret de Mar o a terceros. Lloret Futur se reserva el derecho a excluir de los servicios a todo usuario que haya facilitado datos falsos, sin perjuicio de las dem\u00e1s acciones que procedan en Derecho.<\/p>\n\n\n\n<h4 class=\"wp-block-heading\"><strong>4.- Sus derechos al facilitar sus datos.<\/strong><\/h4>\n\n\n\n<p>En cualquier momento puede solicitar y obtener informaci\u00f3n de c\u00f3mo y para qu\u00e9 estamos tratando sus datos:<\/p>\n\n\n\n<p>Acceder a sus datos: solicitar qu\u00e9 datos tenemos suyos y qu\u00e9 uso hacemos e incluso que los entregamos para llevarlos a otra compa\u00f1\u00eda.<br>\nRectificar sus datos: solicitar la modificaci\u00f3n o rectificaci\u00f3n de los datos inexactos.<br>\nSuprimir sus datos: solicitar que sus datos sean eliminados y no se haga tratamiento de ellos, fuera de lo que la ley nos exija conservar.<br>\nLimitar el tratamiento: solicitar que sus datos sean conservados por necesidades legales.<br>\nOponerse a un tratamiento: que no hagamos un uso concreto de sus datos.<br>\nPortabilidad de los datos: que le entregamos los datos en un formato compatible para que lo entregue a un tercero que le tenga que ofrecer un servicio.<br>\nPara ello puede dirigir un escrito indicando qu\u00e9 derecho quiere ejercer (Acceso, Rectificaci\u00f3n, Supresi\u00f3n, Oposici\u00f3n o Portabilidad de los datos) adjuntando una copia de su DNI presencialmente o por correo ordinario a LLORET FUTUR, S.A. \u2013 Ejercicio de derechos \u2013 Avinguda de les Alegries, 3 &#8211; 17310 Lloret de Mar, o dirigi\u00e9ndose a  central-turisme@lloret.cat<\/p>\n\n\n\n<h4 class=\"wp-block-heading\"><strong>5.- Informaci\u00f3n adicional sobre el tratamiento de datos personales.<\/strong><\/h4>\n\n\n\n<p>Si desea conocer m\u00e1s informaci\u00f3n sobre los tratamientos de datos personales que lleva a cabo Lloret Futur se puede poner en contacto con el Delegado de Protecci\u00f3n de Datos en la direcci\u00f3n de correo electr\u00f3nico  dpd@lloret.cat o por correo postal a la atenci\u00f3n del Delegado de Protecci\u00f3n de datos al Ayuntamiento de Lloret de Mar, Pla\u00e7a de la Vila, 1 &#8211; 17310 Lloret de Mar.<\/p>\n\n\n\n<h4 class=\"wp-block-heading\"><strong>6.- Presentaci\u00f3n de reclamaciones.<\/strong><\/h4>\n\n\n\n<p>La Autoridad Catalana de Protecci\u00f3n de Datos (www.apdcat.cat) es el Organismo Supervisor que vela por el cumplimiento de la legislaci\u00f3n de protecci\u00f3n de datos a la Administraci\u00f3n P\u00fablica Catalana, si usted considera que Lloret Futur ha incumplido alguno de los preceptos establecidos en esta normativa se puede dirigir a \u00e9l a fin de interponer una reclamaci\u00f3n.<\/p>\n","protected":false},"excerpt":{"rendered":"<p>La presente pol\u00edtica de protecci\u00f3n de datos regula el tratamiento de datos que realiza Lloret Futur, S.A de los datos que pueda recoger en su portal web. 1.-\u00a0Identidad del responsable de tratamiento. El responsable del tratamiento de los datos personales recogidos en la web y subdominios\u00a0de\u00a0www.lloretdemar.org\u00a0es: Lloret Turisme, LLORET FUTUR, S.ANIF: A-17354333Av. Alegries, 3. 17310 [&hellip;]<\/p>\n","protected":false},"author":12,"featured_media":0,"parent":0,"menu_order":0,"comment_status":"closed","ping_status":"closed","template":"page-templates\/content-page.php","meta":{"_acf_changed":false,"content-type":"","footnotes":""},"class_list":["post-17156","page","type-page","status-publish","hentry"],"acf":{"banner_imatge":9981,"banner_titol":"Pol\u00edtica de privacidad","banner_subtitol":"","botons_blanc_o_negres":"defecte","banner_links":null,"apartats":null},"yoast_head":"<!-- This site is optimized with the Yoast SEO plugin v27.5 - https:\/\/yoast.com\/product\/yoast-seo-wordpress\/ -->\n<title>Pol\u00edtica de privacidad - Lloret de Mar<\/title>\n<meta name=\"description\" content=\"La presente pol\u00edtica de protecci\u00f3n de datos regula el tratamiento de datos que realiza Lloret Futur, S.A de los datos que pueda recoger en su portal web. 1.-\u00a0Identidad del responsable de tratamiento. El responsable del tratamiento de los datos personales recogidos en la web y subdominios\u00a0de\u00a0www.lloretdemar.org\u00a0es: Lloret Turisme, LLORET FUTUR, S.ANIF: A-17354333Av. Alegries, 3. 17310&hellip;\" \/>\n<meta name=\"robots\" content=\"noindex, nofollow\" \/>\n<meta property=\"og:locale\" content=\"es_ES\" \/>\n<meta property=\"og:type\" content=\"article\" \/>\n<meta property=\"og:title\" content=\"Pol\u00edtica de privacidad - Lloret de Mar\" \/>\n<meta property=\"og:description\" content=\"La presente pol\u00edtica de protecci\u00f3n de datos regula el tratamiento de datos que realiza Lloret Futur, S.A de los datos que pueda recoger en su portal web. 1.-\u00a0Identidad del responsable de tratamiento. El responsable del tratamiento de los datos personales recogidos en la web y subdominios\u00a0de\u00a0www.lloretdemar.org\u00a0es: Lloret Turisme, LLORET FUTUR, S.ANIF: A-17354333Av. Alegries, 3. 17310&hellip;\" \/>\n<meta property=\"og:url\" content=\"https:\/\/lloretdemar.org\/es\/politica-de-privacidad\/\" \/>\n<meta property=\"og:site_name\" content=\"Lloret de Mar\" \/>\n<meta property=\"article:publisher\" content=\"https:\/\/www.facebook.com\/Lloretturisme\" \/>\n<meta property=\"article:modified_time\" content=\"2020-05-21T09:58:28+00:00\" \/>\n<meta property=\"og:image\" content=\"https:\/\/lloretdemar.org\/wp-content\/uploads\/2020\/03\/Capcalera-e1600338708928.jpg\" \/>\n\t<meta property=\"og:image:width\" content=\"1920\" \/>\n\t<meta property=\"og:image:height\" content=\"885\" \/>\n\t<meta property=\"og:image:type\" content=\"image\/jpeg\" \/>\n<meta name=\"twitter:card\" content=\"summary_large_image\" \/>\n<meta name=\"twitter:site\" content=\"@lloretturisme\" \/>\n<meta name=\"twitter:label1\" content=\"Tiempo de lectura\" \/>\n\t<meta name=\"twitter:data1\" content=\"5 minutos\" \/>\n<script type=\"application\/ld+json\" class=\"yoast-schema-graph\">{\"@context\":\"https:\\\/\\\/schema.org\",\"@graph\":[{\"@type\":\"WebPage\",\"@id\":\"https:\\\/\\\/lloretdemar.org\\\/es\\\/politica-de-privacidad\\\/\",\"url\":\"https:\\\/\\\/lloretdemar.org\\\/es\\\/politica-de-privacidad\\\/\",\"name\":\"Pol\u00edtica de privacidad - Lloret de Mar\",\"isPartOf\":{\"@id\":\"https:\\\/\\\/lloretdemar.org\\\/es\\\/#website\"},\"datePublished\":\"2020-03-06T12:38:50+00:00\",\"dateModified\":\"2020-05-21T09:58:28+00:00\",\"description\":\"Lloret de Mar\",\"breadcrumb\":{\"@id\":\"https:\\\/\\\/lloretdemar.org\\\/es\\\/politica-de-privacidad\\\/#breadcrumb\"},\"inLanguage\":\"es\",\"potentialAction\":[{\"@type\":\"ReadAction\",\"target\":[\"https:\\\/\\\/lloretdemar.org\\\/es\\\/politica-de-privacidad\\\/\"]}]},{\"@type\":\"BreadcrumbList\",\"@id\":\"https:\\\/\\\/lloretdemar.org\\\/es\\\/politica-de-privacidad\\\/#breadcrumb\",\"itemListElement\":[{\"@type\":\"ListItem\",\"position\":1,\"name\":\"Home\",\"item\":\"https:\\\/\\\/lloretdemar.org\\\/es\\\/\"},{\"@type\":\"ListItem\",\"position\":2,\"name\":\"Pol\u00edtica de privacidad\"}]},{\"@type\":\"WebSite\",\"@id\":\"https:\\\/\\\/lloretdemar.org\\\/es\\\/#website\",\"url\":\"https:\\\/\\\/lloretdemar.org\\\/es\\\/\",\"name\":\"Lloret de Mar\",\"description\":\"\",\"publisher\":{\"@id\":\"https:\\\/\\\/lloretdemar.org\\\/es\\\/#organization\"},\"potentialAction\":[{\"@type\":\"SearchAction\",\"target\":{\"@type\":\"EntryPoint\",\"urlTemplate\":\"https:\\\/\\\/lloretdemar.org\\\/es\\\/?s={search_term_string}\"},\"query-input\":{\"@type\":\"PropertyValueSpecification\",\"valueRequired\":true,\"valueName\":\"search_term_string\"}}],\"inLanguage\":\"es\"},{\"@type\":\"Organization\",\"@id\":\"https:\\\/\\\/lloretdemar.org\\\/es\\\/#organization\",\"name\":\"Lloret de Mar\",\"url\":\"https:\\\/\\\/lloretdemar.org\\\/es\\\/\",\"logo\":{\"@type\":\"ImageObject\",\"inLanguage\":\"es\",\"@id\":\"https:\\\/\\\/lloretdemar.org\\\/es\\\/#\\\/schema\\\/logo\\\/image\\\/\",\"url\":\"https:\\\/\\\/lloretdemar.org\\\/wp-content\\\/uploads\\\/2020\\\/05\\\/lloret-de-mar-logo.png\",\"contentUrl\":\"https:\\\/\\\/lloretdemar.org\\\/wp-content\\\/uploads\\\/2020\\\/05\\\/lloret-de-mar-logo.png\",\"width\":87,\"height\":38,\"caption\":\"Lloret de Mar\"},\"image\":{\"@id\":\"https:\\\/\\\/lloretdemar.org\\\/es\\\/#\\\/schema\\\/logo\\\/image\\\/\"},\"sameAs\":[\"https:\\\/\\\/www.facebook.com\\\/Lloretturisme\",\"https:\\\/\\\/x.com\\\/lloretturisme\",\"https:\\\/\\\/instagram.com\\\/lloretturisme\",\"https:\\\/\\\/www.youtube.com\\\/LloretTurisme\"]}]}<\/script>\n<!-- \/ Yoast SEO plugin. -->","yoast_head_json":{"title":"Pol\u00edtica de privacidad - Lloret de Mar","description":"La presente pol\u00edtica de protecci\u00f3n de datos regula el tratamiento de datos que realiza Lloret Futur, S.A de los datos que pueda recoger en su portal web. 1.-\u00a0Identidad del responsable de tratamiento. El responsable del tratamiento de los datos personales recogidos en la web y subdominios\u00a0de\u00a0www.lloretdemar.org\u00a0es: Lloret Turisme, LLORET FUTUR, S.ANIF: A-17354333Av. Alegries, 3. 17310&hellip;","robots":{"index":"noindex","follow":"nofollow"},"og_locale":"es_ES","og_type":"article","og_title":"Pol\u00edtica de privacidad - Lloret de Mar","og_description":"La presente pol\u00edtica de protecci\u00f3n de datos regula el tratamiento de datos que realiza Lloret Futur, S.A de los datos que pueda recoger en su portal web. 1.-\u00a0Identidad del responsable de tratamiento. El responsable del tratamiento de los datos personales recogidos en la web y subdominios\u00a0de\u00a0www.lloretdemar.org\u00a0es: Lloret Turisme, LLORET FUTUR, S.ANIF: A-17354333Av. Alegries, 3. 17310&hellip;","og_url":"https:\/\/lloretdemar.org\/es\/politica-de-privacidad\/","og_site_name":"Lloret de Mar","article_publisher":"https:\/\/www.facebook.com\/Lloretturisme","article_modified_time":"2020-05-21T09:58:28+00:00","og_image":[{"width":1920,"height":885,"url":"https:\/\/lloretdemar.org\/wp-content\/uploads\/2020\/03\/Capcalera-e1600338708928.jpg","type":"image\/jpeg"}],"twitter_card":"summary_large_image","twitter_site":"@lloretturisme","twitter_misc":{"Tiempo de lectura":"5 minutos"},"schema":{"@context":"https:\/\/schema.org","@graph":[{"@type":"WebPage","@id":"https:\/\/lloretdemar.org\/es\/politica-de-privacidad\/","url":"https:\/\/lloretdemar.org\/es\/politica-de-privacidad\/","name":"Pol\u00edtica de privacidad - Lloret de Mar","isPartOf":{"@id":"https:\/\/lloretdemar.org\/es\/#website"},"datePublished":"2020-03-06T12:38:50+00:00","dateModified":"2020-05-21T09:58:28+00:00","description":"Lloret de Mar","breadcrumb":{"@id":"https:\/\/lloretdemar.org\/es\/politica-de-privacidad\/#breadcrumb"},"inLanguage":"es","potentialAction":[{"@type":"ReadAction","target":["https:\/\/lloretdemar.org\/es\/politica-de-privacidad\/"]}]},{"@type":"BreadcrumbList","@id":"https:\/\/lloretdemar.org\/es\/politica-de-privacidad\/#breadcrumb","itemListElement":[{"@type":"ListItem","position":1,"name":"Home","item":"https:\/\/lloretdemar.org\/es\/"},{"@type":"ListItem","position":2,"name":"Pol\u00edtica de privacidad"}]},{"@type":"WebSite","@id":"https:\/\/lloretdemar.org\/es\/#website","url":"https:\/\/lloretdemar.org\/es\/","name":"Lloret de Mar","description":"","publisher":{"@id":"https:\/\/lloretdemar.org\/es\/#organization"},"potentialAction":[{"@type":"SearchAction","target":{"@type":"EntryPoint","urlTemplate":"https:\/\/lloretdemar.org\/es\/?s={search_term_string}"},"query-input":{"@type":"PropertyValueSpecification","valueRequired":true,"valueName":"search_term_string"}}],"inLanguage":"es"},{"@type":"Organization","@id":"https:\/\/lloretdemar.org\/es\/#organization","name":"Lloret de Mar","url":"https:\/\/lloretdemar.org\/es\/","logo":{"@type":"ImageObject","inLanguage":"es","@id":"https:\/\/lloretdemar.org\/es\/#\/schema\/logo\/image\/","url":"https:\/\/lloretdemar.org\/wp-content\/uploads\/2020\/05\/lloret-de-mar-logo.png","contentUrl":"https:\/\/lloretdemar.org\/wp-content\/uploads\/2020\/05\/lloret-de-mar-logo.png","width":87,"height":38,"caption":"Lloret de Mar"},"image":{"@id":"https:\/\/lloretdemar.org\/es\/#\/schema\/logo\/image\/"},"sameAs":["https:\/\/www.facebook.com\/Lloretturisme","https:\/\/x.com\/lloretturisme","https:\/\/instagram.com\/lloretturisme","https:\/\/www.youtube.com\/LloretTurisme"]}]}},"_links":{"self":[{"href":"https:\/\/lloretdemar.org\/es\/wp-json\/wp\/v2\/pages\/17156","targetHints":{"allow":["GET"]}}],"collection":[{"href":"https:\/\/lloretdemar.org\/es\/wp-json\/wp\/v2\/pages"}],"about":[{"href":"https:\/\/lloretdemar.org\/es\/wp-json\/wp\/v2\/types\/page"}],"author":[{"embeddable":true,"href":"https:\/\/lloretdemar.org\/es\/wp-json\/wp\/v2\/users\/12"}],"replies":[{"embeddable":true,"href":"https:\/\/lloretdemar.org\/es\/wp-json\/wp\/v2\/comments?post=17156"}],"version-history":[{"count":0,"href":"https:\/\/lloretdemar.org\/es\/wp-json\/wp\/v2\/pages\/17156\/revisions"}],"wp:attachment":[{"href":"https:\/\/lloretdemar.org\/es\/wp-json\/wp\/v2\/media?parent=17156"}],"curies":[{"name":"wp","href":"https:\/\/api.w.org\/{rel}","templated":true}]}}