{"id":17142,"date":"2020-03-06T13:49:53","date_gmt":"2020-03-06T12:49:53","guid":{"rendered":"http:\/\/lloretdemar.org\/carta-de-serveis\/"},"modified":"2020-09-17T17:25:34","modified_gmt":"2020-09-17T15:25:34","slug":"carta-de-servicios","status":"publish","type":"page","link":"https:\/\/lloretdemar.org\/es\/carta-de-servicios\/","title":{"rendered":"Carta de servicios"},"content":{"rendered":"\n<p><strong>Informar y facilitar de la oferta tur\u00edstica de Lloret de Mar<br><\/strong>&#8211; Acogida, atenci\u00f3n e informaci\u00f3n tur\u00edstica en varios idiomas de Lloret de Mar y el entorno presencialmente, por tel\u00e9fono y por correo electr\u00f3nico y postal de:<br>o Restauraci\u00f3n y alojamientos: restaurantes, hoteles, campings, hostales, apartamentos, agencias de alquiler, etc.<br>o Transportes: carretera, ferrocarril, cruceros mar\u00edtimos, etc.<br>o Recursos naturales: culturales y patrimonial (parques, playas, espacios de inter\u00e9s, etc.) patrimonio cultural (museos, exposiciones, tradiciones, ferias, fiestas, encuentros, jornadas y muestras gastron\u00f3micas, rutas, etc.), patrimonio arquitect\u00f3nico (monumentos, edificios singulares, etc.)<br>o Eventos l\u00fadicos, culturales, deportivos y comerciales: parques acu\u00e1ticos, festivales, conciertos, teatro, deportes (aventura, n\u00e1utico) eventos y equipamientos deportivos, etc.<br>&#8211; Servicio de nuevas tecnolog\u00edas: Servicio que permite al usuario la recepci\u00f3n de informaci\u00f3n tur\u00edstica mediante diversas herramientas tecnol\u00f3gicas<br>o Pantallas t\u00e1ctiles 24 h (Oficina Central de Turismo y Punto de informaci\u00f3n Terminal de autobuses),  &#8211; Actualmente fuera de servicio. <br>o Wifi 24 horas en las oficinas de turismo del Museo del Mar y la Central de Turismo.<br>o Tabletas a disposici\u00f3n al usuario en la Central de Turismo y el Museo del Mar  &#8211; Actualmente fuera de servicio.<br>o Descarga de publicaciones de la web <a href=\"http:\/\/www.lloretdemar.org\">www.lloretdemar.org<\/a><\/p>\n\n\n\n<p>&#8211; Proporcionar al turista informaci\u00f3n de los derechos que le corresponden como usuario, recibir las reclamaciones que puedan formular y canalizarlas al canal administrativo.<br>&#8211; Recogida de datos estad\u00edsticos de los servicios de atenci\u00f3n.<br>&#8211; Apoyo, asesoramiento, coordinaci\u00f3n y promoci\u00f3n de congresos (turismo de negocios)<br>&#8211; Gesti\u00f3n tienda Museo del Mar y venta de gu\u00edas tur\u00edsticas en todas las oficinas de turismo.<br>&#8211; Coordinaci\u00f3n y gesti\u00f3n de las reservas a los elementos MOLL.<br>&#8211; Coordinaci\u00f3n y gesti\u00f3n festivales en espacios p\u00fablicos.<\/p>\n","protected":false},"excerpt":{"rendered":"<p>Informar y facilitar de la oferta tur\u00edstica de Lloret de Mar&#8211; Acogida, atenci\u00f3n e informaci\u00f3n tur\u00edstica en varios idiomas de Lloret de Mar y el entorno presencialmente, por tel\u00e9fono y por correo electr\u00f3nico y postal de:o Restauraci\u00f3n y alojamientos: restaurantes, hoteles, campings, hostales, apartamentos, agencias de alquiler, etc.o Transportes: carretera, ferrocarril, cruceros mar\u00edtimos, etc.o Recursos [&hellip;]<\/p>\n","protected":false},"author":12,"featured_media":0,"parent":0,"menu_order":0,"comment_status":"closed","ping_status":"closed","template":"page-templates\/content-page.php","meta":{"_acf_changed":false,"content-type":"","footnotes":""},"class_list":["post-17142","page","type-page","status-publish","hentry"],"acf":{"banner_imatge":20029,"banner_titol":"","banner_subtitol":"","botons_blanc_o_negres":"defecte","banner_links":null,"apartats":null},"yoast_head":"<!-- This site is optimized with the Yoast SEO plugin v27.5 - https:\/\/yoast.com\/product\/yoast-seo-wordpress\/ -->\n<title>Carta de servicios - Lloret de Mar<\/title>\n<meta name=\"description\" content=\"Informar y facilitar de la oferta tur\u00edstica de Lloret de Mar- Acogida, atenci\u00f3n e informaci\u00f3n tur\u00edstica en varios idiomas de Lloret de Mar y el entorno presencialmente, por tel\u00e9fono y por correo electr\u00f3nico y postal de:o Restauraci\u00f3n y alojamientos: restaurantes, hoteles, campings, hostales, apartamentos, agencias de alquiler, etc.o Transportes: carretera, ferrocarril, cruceros mar\u00edtimos, etc.o Recursos&hellip;\" \/>\n<meta name=\"robots\" content=\"noindex, nofollow\" \/>\n<meta property=\"og:locale\" content=\"es_ES\" \/>\n<meta property=\"og:type\" content=\"article\" \/>\n<meta property=\"og:title\" content=\"Carta de servicios - Lloret de Mar\" \/>\n<meta property=\"og:description\" content=\"Informar y facilitar de la oferta tur\u00edstica de Lloret de Mar- Acogida, atenci\u00f3n e informaci\u00f3n tur\u00edstica en varios idiomas de Lloret de Mar y el entorno presencialmente, por tel\u00e9fono y por correo electr\u00f3nico y postal de:o Restauraci\u00f3n y alojamientos: restaurantes, hoteles, campings, hostales, apartamentos, agencias de alquiler, etc.o Transportes: carretera, ferrocarril, cruceros mar\u00edtimos, etc.o Recursos&hellip;\" \/>\n<meta property=\"og:url\" content=\"https:\/\/lloretdemar.org\/es\/carta-de-servicios\/\" \/>\n<meta property=\"og:site_name\" content=\"Lloret de Mar\" \/>\n<meta property=\"article:publisher\" content=\"https:\/\/www.facebook.com\/Lloretturisme\" \/>\n<meta property=\"article:modified_time\" content=\"2020-09-17T15:25:34+00:00\" \/>\n<meta property=\"og:image\" content=\"https:\/\/lloretdemar.org\/wp-content\/uploads\/2020\/09\/cap\u00e7alera.jpg\" \/>\n\t<meta property=\"og:image:width\" content=\"1920\" \/>\n\t<meta property=\"og:image:height\" content=\"885\" \/>\n\t<meta property=\"og:image:type\" content=\"image\/jpeg\" \/>\n<meta name=\"twitter:card\" content=\"summary_large_image\" \/>\n<meta name=\"twitter:site\" content=\"@lloretturisme\" \/>\n<meta name=\"twitter:label1\" content=\"Tiempo de lectura\" \/>\n\t<meta name=\"twitter:data1\" content=\"2 minutos\" \/>\n<script type=\"application\/ld+json\" class=\"yoast-schema-graph\">{\"@context\":\"https:\\\/\\\/schema.org\",\"@graph\":[{\"@type\":\"WebPage\",\"@id\":\"https:\\\/\\\/lloretdemar.org\\\/es\\\/carta-de-servicios\\\/\",\"url\":\"https:\\\/\\\/lloretdemar.org\\\/es\\\/carta-de-servicios\\\/\",\"name\":\"Carta de servicios - Lloret de Mar\",\"isPartOf\":{\"@id\":\"https:\\\/\\\/lloretdemar.org\\\/es\\\/#website\"},\"datePublished\":\"2020-03-06T12:49:53+00:00\",\"dateModified\":\"2020-09-17T15:25:34+00:00\",\"description\":\"Lloret de Mar\",\"breadcrumb\":{\"@id\":\"https:\\\/\\\/lloretdemar.org\\\/es\\\/carta-de-servicios\\\/#breadcrumb\"},\"inLanguage\":\"es\",\"potentialAction\":[{\"@type\":\"ReadAction\",\"target\":[\"https:\\\/\\\/lloretdemar.org\\\/es\\\/carta-de-servicios\\\/\"]}]},{\"@type\":\"BreadcrumbList\",\"@id\":\"https:\\\/\\\/lloretdemar.org\\\/es\\\/carta-de-servicios\\\/#breadcrumb\",\"itemListElement\":[{\"@type\":\"ListItem\",\"position\":1,\"name\":\"Home\",\"item\":\"https:\\\/\\\/lloretdemar.org\\\/es\\\/\"},{\"@type\":\"ListItem\",\"position\":2,\"name\":\"Carta de servicios\"}]},{\"@type\":\"WebSite\",\"@id\":\"https:\\\/\\\/lloretdemar.org\\\/es\\\/#website\",\"url\":\"https:\\\/\\\/lloretdemar.org\\\/es\\\/\",\"name\":\"Lloret de Mar\",\"description\":\"\",\"publisher\":{\"@id\":\"https:\\\/\\\/lloretdemar.org\\\/es\\\/#organization\"},\"potentialAction\":[{\"@type\":\"SearchAction\",\"target\":{\"@type\":\"EntryPoint\",\"urlTemplate\":\"https:\\\/\\\/lloretdemar.org\\\/es\\\/?s={search_term_string}\"},\"query-input\":{\"@type\":\"PropertyValueSpecification\",\"valueRequired\":true,\"valueName\":\"search_term_string\"}}],\"inLanguage\":\"es\"},{\"@type\":\"Organization\",\"@id\":\"https:\\\/\\\/lloretdemar.org\\\/es\\\/#organization\",\"name\":\"Lloret de Mar\",\"url\":\"https:\\\/\\\/lloretdemar.org\\\/es\\\/\",\"logo\":{\"@type\":\"ImageObject\",\"inLanguage\":\"es\",\"@id\":\"https:\\\/\\\/lloretdemar.org\\\/es\\\/#\\\/schema\\\/logo\\\/image\\\/\",\"url\":\"https:\\\/\\\/lloretdemar.org\\\/wp-content\\\/uploads\\\/2020\\\/05\\\/lloret-de-mar-logo.png\",\"contentUrl\":\"https:\\\/\\\/lloretdemar.org\\\/wp-content\\\/uploads\\\/2020\\\/05\\\/lloret-de-mar-logo.png\",\"width\":87,\"height\":38,\"caption\":\"Lloret de Mar\"},\"image\":{\"@id\":\"https:\\\/\\\/lloretdemar.org\\\/es\\\/#\\\/schema\\\/logo\\\/image\\\/\"},\"sameAs\":[\"https:\\\/\\\/www.facebook.com\\\/Lloretturisme\",\"https:\\\/\\\/x.com\\\/lloretturisme\",\"https:\\\/\\\/instagram.com\\\/lloretturisme\",\"https:\\\/\\\/www.youtube.com\\\/LloretTurisme\"]}]}<\/script>\n<!-- \/ Yoast SEO plugin. -->","yoast_head_json":{"title":"Carta de servicios - Lloret de Mar","description":"Informar y facilitar de la oferta tur\u00edstica de Lloret de Mar- Acogida, atenci\u00f3n e informaci\u00f3n tur\u00edstica en varios idiomas de Lloret de Mar y el entorno presencialmente, por tel\u00e9fono y por correo electr\u00f3nico y postal de:o Restauraci\u00f3n y alojamientos: restaurantes, hoteles, campings, hostales, apartamentos, agencias de alquiler, etc.o Transportes: carretera, ferrocarril, cruceros mar\u00edtimos, etc.o Recursos&hellip;","robots":{"index":"noindex","follow":"nofollow"},"og_locale":"es_ES","og_type":"article","og_title":"Carta de servicios - Lloret de Mar","og_description":"Informar y facilitar de la oferta tur\u00edstica de Lloret de Mar- Acogida, atenci\u00f3n e informaci\u00f3n tur\u00edstica en varios idiomas de Lloret de Mar y el entorno presencialmente, por tel\u00e9fono y por correo electr\u00f3nico y postal de:o Restauraci\u00f3n y alojamientos: restaurantes, hoteles, campings, hostales, apartamentos, agencias de alquiler, etc.o Transportes: carretera, ferrocarril, cruceros mar\u00edtimos, etc.o Recursos&hellip;","og_url":"https:\/\/lloretdemar.org\/es\/carta-de-servicios\/","og_site_name":"Lloret de Mar","article_publisher":"https:\/\/www.facebook.com\/Lloretturisme","article_modified_time":"2020-09-17T15:25:34+00:00","og_image":[{"width":1920,"height":885,"url":"https:\/\/lloretdemar.org\/wp-content\/uploads\/2020\/09\/cap\u00e7alera.jpg","type":"image\/jpeg"}],"twitter_card":"summary_large_image","twitter_site":"@lloretturisme","twitter_misc":{"Tiempo de lectura":"2 minutos"},"schema":{"@context":"https:\/\/schema.org","@graph":[{"@type":"WebPage","@id":"https:\/\/lloretdemar.org\/es\/carta-de-servicios\/","url":"https:\/\/lloretdemar.org\/es\/carta-de-servicios\/","name":"Carta de servicios - Lloret de Mar","isPartOf":{"@id":"https:\/\/lloretdemar.org\/es\/#website"},"datePublished":"2020-03-06T12:49:53+00:00","dateModified":"2020-09-17T15:25:34+00:00","description":"Lloret de Mar","breadcrumb":{"@id":"https:\/\/lloretdemar.org\/es\/carta-de-servicios\/#breadcrumb"},"inLanguage":"es","potentialAction":[{"@type":"ReadAction","target":["https:\/\/lloretdemar.org\/es\/carta-de-servicios\/"]}]},{"@type":"BreadcrumbList","@id":"https:\/\/lloretdemar.org\/es\/carta-de-servicios\/#breadcrumb","itemListElement":[{"@type":"ListItem","position":1,"name":"Home","item":"https:\/\/lloretdemar.org\/es\/"},{"@type":"ListItem","position":2,"name":"Carta de servicios"}]},{"@type":"WebSite","@id":"https:\/\/lloretdemar.org\/es\/#website","url":"https:\/\/lloretdemar.org\/es\/","name":"Lloret de Mar","description":"","publisher":{"@id":"https:\/\/lloretdemar.org\/es\/#organization"},"potentialAction":[{"@type":"SearchAction","target":{"@type":"EntryPoint","urlTemplate":"https:\/\/lloretdemar.org\/es\/?s={search_term_string}"},"query-input":{"@type":"PropertyValueSpecification","valueRequired":true,"valueName":"search_term_string"}}],"inLanguage":"es"},{"@type":"Organization","@id":"https:\/\/lloretdemar.org\/es\/#organization","name":"Lloret de Mar","url":"https:\/\/lloretdemar.org\/es\/","logo":{"@type":"ImageObject","inLanguage":"es","@id":"https:\/\/lloretdemar.org\/es\/#\/schema\/logo\/image\/","url":"https:\/\/lloretdemar.org\/wp-content\/uploads\/2020\/05\/lloret-de-mar-logo.png","contentUrl":"https:\/\/lloretdemar.org\/wp-content\/uploads\/2020\/05\/lloret-de-mar-logo.png","width":87,"height":38,"caption":"Lloret de Mar"},"image":{"@id":"https:\/\/lloretdemar.org\/es\/#\/schema\/logo\/image\/"},"sameAs":["https:\/\/www.facebook.com\/Lloretturisme","https:\/\/x.com\/lloretturisme","https:\/\/instagram.com\/lloretturisme","https:\/\/www.youtube.com\/LloretTurisme"]}]}},"_links":{"self":[{"href":"https:\/\/lloretdemar.org\/es\/wp-json\/wp\/v2\/pages\/17142","targetHints":{"allow":["GET"]}}],"collection":[{"href":"https:\/\/lloretdemar.org\/es\/wp-json\/wp\/v2\/pages"}],"about":[{"href":"https:\/\/lloretdemar.org\/es\/wp-json\/wp\/v2\/types\/page"}],"author":[{"embeddable":true,"href":"https:\/\/lloretdemar.org\/es\/wp-json\/wp\/v2\/users\/12"}],"replies":[{"embeddable":true,"href":"https:\/\/lloretdemar.org\/es\/wp-json\/wp\/v2\/comments?post=17142"}],"version-history":[{"count":0,"href":"https:\/\/lloretdemar.org\/es\/wp-json\/wp\/v2\/pages\/17142\/revisions"}],"wp:attachment":[{"href":"https:\/\/lloretdemar.org\/es\/wp-json\/wp\/v2\/media?parent=17142"}],"curies":[{"name":"wp","href":"https:\/\/api.w.org\/{rel}","templated":true}]}}