{"id":17131,"date":"2020-03-06T13:52:19","date_gmt":"2020-03-06T12:52:19","guid":{"rendered":"http:\/\/lloretdemar.org\/recomanacions\/"},"modified":"2020-09-17T12:52:45","modified_gmt":"2020-09-17T10:52:45","slug":"recomendaciones","status":"publish","type":"page","link":"https:\/\/lloretdemar.org\/es\/recomendaciones\/","title":{"rendered":"Recomendaciones"},"content":{"rendered":"\n<h4 class=\"wp-block-heading\"><strong>RECOMENDACIONES AL TURISTA<\/strong><\/h4>\n\n\n\n<p><strong>RECOMENDACIONES GENERALES:<\/strong><br>&#8211; En caso de emergencia o accidente, p\u00f3ngase en contacto de forma inmediata con emergencias marcando el 112. Este servicio es gratuito y est\u00e1 destinado a los casos de urgencia o emergencia, no es un tel\u00e9fono de informaci\u00f3n general o para pedir informaci\u00f3n&nbsp;sobre el estado de las carreteras o sobre el tiempo.&nbsp;Es conveniente que disponga de la Tarjeta Sanitaria Europea ya que esta tarjeta permite el acceso a los sistemas nacionales de salud en el Espacio Econ\u00f3mico Europeo.<br>&#8211; Las farmacias tienen un horario habitual de 9.30h a 13.30hy de 16:30 a 20 h de lunes a viernes.&nbsp;S\u00e1bados, domingos y festivos hay un horario de guardia rotativo, expuesto en todas las farmacias y disponible en las oficinas de turismo.<br>&#8211; En Espa\u00f1a est\u00e1 asegurado el suministro de agua potable a la totalidad del territorio nacional.&nbsp;Nuestro pa\u00eds cuenta con rigurosos sistemas de control que garantizan la calidad del agua.&nbsp;Sin embargo, en algunas zonas del litoral mediterr\u00e1neo est\u00e1 muy extendido el consumo de agua embotellada.<br>&#8211; El voltaje en Espa\u00f1a es de 220 voltios y 50 hertzios de corriente alterna.&nbsp;En la mayor\u00eda de los hoteles hay adaptadores para clavijas especiales.&nbsp;Aseg\u00farese de que los aparatos el\u00e9ctricos que vaya a utilizar funcionan con este voltaje.<br>&#8211; Los horarios comerciales m\u00e1s usuales son de lunes a s\u00e1bado desde las 9.30 a las 13.30 horas y de las 16.30 a las 21 horas.&nbsp;En las regiones del litoral como Lloret de Mar, en verano, los establecimientos comerciales suelen estar abiertos hasta las 23 horas.&nbsp;La mayor\u00eda de los bancos y cajas de ahorros abren de lunes a viernes de 8 a 14 h.<br><br><strong>CONSEJOS PARA DISFRUTAR EN LA PLAYA:<\/strong><br>&#8211; No ba\u00f1arse lejos de la orilla si no se dominan las t\u00e9cnicas b\u00e1sicas de nataci\u00f3n, sea prudente en todo momento y mida sus capacidades.<br>&#8211; Asegurarse de haber finalizado el proceso de digesti\u00f3n antes de proceder al ba\u00f1o y si ha comido recientemente o tomado el sol durante un tiempo prolongado, entrar en el agua poco a poco.<br>&#8211; Evite entrar mar adentro.&nbsp;Si una corriente lo arrastra mar adentro, no nade en contra.&nbsp;Nade en paralelo a la playa: ser\u00e1 m\u00e1s f\u00e1cil, y una vez fuera de la corriente, podr\u00e1 hacerlo hacia la orilla.&nbsp;Puede consultar el estado de las playas en las oficinas de turismo y en los paneles informativos que se encuentra en las playas de Lloret.<br>&#8211; Evitar la exposici\u00f3n prolongada al sol.&nbsp;Extremar las precauciones durante la exposici\u00f3n al sol, se recomienda uso de crema solar, cubrirse la cabeza, uso de gafas de sol, sombrillas y evitar las horas de m\u00e1xima radiaci\u00f3n solar (14:00-18:00).&nbsp;Puede consultar el nivel UV en las oficinas de turismo.<br>&#8211; Beber mucha agua y sin tener sed para evitar deshidratar-<br><br><strong>NORMAS DE SEGURIDAD<\/strong><br>&#8211; Preste atenci\u00f3n a actitudes extra\u00f1as tales como empujones, personas que manchan o mojan la ropa del viajero u otros que preguntan si un anillo o mucha cantidad de dinero es vuestra.&nbsp;Todo esto podr\u00eda llegar a ser una maniobra de distracci\u00f3n.<br>&#8211; Haga fotocopias de los documentos importantes y tenga una lista a mano con todos los n\u00fameros de tel\u00e9fono necesarios en el caso de p\u00e9rdida de sus tarjetas bancarias.&nbsp;Esto le ayudar\u00e1 mucho si resulta ser v\u00edctima de un robo.<br>&#8211; Lleve s\u00f3lo el dinero necesario para el d\u00eda y nada m\u00e1s.&nbsp;Deje los objetos de valor que no utilizar\u00e1 ese d\u00eda en la caja de seguridad del hotel.<br>&#8211; Cuando est\u00e9 en la playa, no deje descuidados sus objetos personales.&nbsp;Si va a tomar el sol, etc., aseg\u00farese de dejar cualquier objeto valioso bajo llave en la caja de seguridad del hotel.<\/p>\n\n\n\n<p><a href=\"https:\/\/webunwto.s3.eu-west-1.amazonaws.com\/imported_images\/37826\/gcetbrochureglobalcodees.pdf\">C\u00d3DIGO \u00c9TICO\u00a0MUNDIAL\u00a0PARA EL\u00a0TURISMO<\/a><\/p>\n\n\n\n<p><a href=\"https:\/\/webunwto.s3.eu-west-1.amazonaws.com\/s3fs-public\/2020-07\/Tips-for-Responsible-Traveller-WCTE-ES.pdf\">NORMATIVA TURISMO Y VIAJERO RESPONSABLE<\/a><\/p>\n","protected":false},"excerpt":{"rendered":"<p>RECOMENDACIONES AL TURISTA RECOMENDACIONES GENERALES:&#8211; En caso de emergencia o accidente, p\u00f3ngase en contacto de forma inmediata con emergencias marcando el 112. Este servicio es gratuito y est\u00e1 destinado a los casos de urgencia o emergencia, no es un tel\u00e9fono de informaci\u00f3n general o para pedir informaci\u00f3n&nbsp;sobre el estado de las carreteras o sobre el [&hellip;]<\/p>\n","protected":false},"author":12,"featured_media":0,"parent":0,"menu_order":0,"comment_status":"closed","ping_status":"closed","template":"page-templates\/content-page.php","meta":{"_acf_changed":false,"content-type":"","footnotes":""},"class_list":["post-17131","page","type-page","status-publish","hentry"],"acf":{"banner_imatge":20029,"banner_titol":"","banner_subtitol":"","botons_blanc_o_negres":"defecte","banner_links":null,"apartats":null},"yoast_head":"<!-- This site is optimized with the Yoast SEO plugin v27.5 - https:\/\/yoast.com\/product\/yoast-seo-wordpress\/ -->\n<title>Recomendaciones - Lloret de Mar<\/title>\n<meta name=\"description\" content=\"RECOMENDACIONES AL TURISTA RECOMENDACIONES GENERALES:- En caso de emergencia o accidente, p\u00f3ngase en contacto de forma inmediata con emergencias marcando el 112. Este servicio es gratuito y est\u00e1 destinado a los casos de urgencia o emergencia, no es un tel\u00e9fono de informaci\u00f3n general o para pedir informaci\u00f3n&nbsp;sobre el estado de las carreteras o sobre el&hellip;\" \/>\n<meta name=\"robots\" content=\"noindex, nofollow\" \/>\n<meta property=\"og:locale\" content=\"es_ES\" \/>\n<meta property=\"og:type\" content=\"article\" \/>\n<meta property=\"og:title\" content=\"Recomendaciones - Lloret de Mar\" \/>\n<meta property=\"og:description\" content=\"RECOMENDACIONES AL TURISTA RECOMENDACIONES GENERALES:- En caso de emergencia o accidente, p\u00f3ngase en contacto de forma inmediata con emergencias marcando el 112. Este servicio es gratuito y est\u00e1 destinado a los casos de urgencia o emergencia, no es un tel\u00e9fono de informaci\u00f3n general o para pedir informaci\u00f3n&nbsp;sobre el estado de las carreteras o sobre el&hellip;\" \/>\n<meta property=\"og:url\" content=\"https:\/\/lloretdemar.org\/es\/recomendaciones\/\" \/>\n<meta property=\"og:site_name\" content=\"Lloret de Mar\" \/>\n<meta property=\"article:publisher\" content=\"https:\/\/www.facebook.com\/Lloretturisme\" \/>\n<meta property=\"article:modified_time\" content=\"2020-09-17T10:52:45+00:00\" \/>\n<meta property=\"og:image\" content=\"https:\/\/lloretdemar.org\/wp-content\/uploads\/2020\/09\/cap\u00e7alera.jpg\" \/>\n\t<meta property=\"og:image:width\" content=\"1920\" \/>\n\t<meta property=\"og:image:height\" content=\"885\" \/>\n\t<meta property=\"og:image:type\" content=\"image\/jpeg\" \/>\n<meta name=\"twitter:card\" content=\"summary_large_image\" \/>\n<meta name=\"twitter:site\" content=\"@lloretturisme\" \/>\n<meta name=\"twitter:label1\" content=\"Tiempo de lectura\" \/>\n\t<meta name=\"twitter:data1\" content=\"3 minutos\" \/>\n<script type=\"application\/ld+json\" class=\"yoast-schema-graph\">{\"@context\":\"https:\\\/\\\/schema.org\",\"@graph\":[{\"@type\":\"WebPage\",\"@id\":\"https:\\\/\\\/lloretdemar.org\\\/es\\\/recomendaciones\\\/\",\"url\":\"https:\\\/\\\/lloretdemar.org\\\/es\\\/recomendaciones\\\/\",\"name\":\"Recomendaciones - Lloret de Mar\",\"isPartOf\":{\"@id\":\"https:\\\/\\\/lloretdemar.org\\\/es\\\/#website\"},\"datePublished\":\"2020-03-06T12:52:19+00:00\",\"dateModified\":\"2020-09-17T10:52:45+00:00\",\"description\":\"Lloret de Mar\",\"breadcrumb\":{\"@id\":\"https:\\\/\\\/lloretdemar.org\\\/es\\\/recomendaciones\\\/#breadcrumb\"},\"inLanguage\":\"es\",\"potentialAction\":[{\"@type\":\"ReadAction\",\"target\":[\"https:\\\/\\\/lloretdemar.org\\\/es\\\/recomendaciones\\\/\"]}]},{\"@type\":\"BreadcrumbList\",\"@id\":\"https:\\\/\\\/lloretdemar.org\\\/es\\\/recomendaciones\\\/#breadcrumb\",\"itemListElement\":[{\"@type\":\"ListItem\",\"position\":1,\"name\":\"Home\",\"item\":\"https:\\\/\\\/lloretdemar.org\\\/es\\\/\"},{\"@type\":\"ListItem\",\"position\":2,\"name\":\"Recomendaciones\"}]},{\"@type\":\"WebSite\",\"@id\":\"https:\\\/\\\/lloretdemar.org\\\/es\\\/#website\",\"url\":\"https:\\\/\\\/lloretdemar.org\\\/es\\\/\",\"name\":\"Lloret de Mar\",\"description\":\"\",\"publisher\":{\"@id\":\"https:\\\/\\\/lloretdemar.org\\\/es\\\/#organization\"},\"potentialAction\":[{\"@type\":\"SearchAction\",\"target\":{\"@type\":\"EntryPoint\",\"urlTemplate\":\"https:\\\/\\\/lloretdemar.org\\\/es\\\/?s={search_term_string}\"},\"query-input\":{\"@type\":\"PropertyValueSpecification\",\"valueRequired\":true,\"valueName\":\"search_term_string\"}}],\"inLanguage\":\"es\"},{\"@type\":\"Organization\",\"@id\":\"https:\\\/\\\/lloretdemar.org\\\/es\\\/#organization\",\"name\":\"Lloret de Mar\",\"url\":\"https:\\\/\\\/lloretdemar.org\\\/es\\\/\",\"logo\":{\"@type\":\"ImageObject\",\"inLanguage\":\"es\",\"@id\":\"https:\\\/\\\/lloretdemar.org\\\/es\\\/#\\\/schema\\\/logo\\\/image\\\/\",\"url\":\"https:\\\/\\\/lloretdemar.org\\\/wp-content\\\/uploads\\\/2020\\\/05\\\/lloret-de-mar-logo.png\",\"contentUrl\":\"https:\\\/\\\/lloretdemar.org\\\/wp-content\\\/uploads\\\/2020\\\/05\\\/lloret-de-mar-logo.png\",\"width\":87,\"height\":38,\"caption\":\"Lloret de Mar\"},\"image\":{\"@id\":\"https:\\\/\\\/lloretdemar.org\\\/es\\\/#\\\/schema\\\/logo\\\/image\\\/\"},\"sameAs\":[\"https:\\\/\\\/www.facebook.com\\\/Lloretturisme\",\"https:\\\/\\\/x.com\\\/lloretturisme\",\"https:\\\/\\\/instagram.com\\\/lloretturisme\",\"https:\\\/\\\/www.youtube.com\\\/LloretTurisme\"]}]}<\/script>\n<!-- \/ Yoast SEO plugin. -->","yoast_head_json":{"title":"Recomendaciones - Lloret de Mar","description":"RECOMENDACIONES AL TURISTA RECOMENDACIONES GENERALES:- En caso de emergencia o accidente, p\u00f3ngase en contacto de forma inmediata con emergencias marcando el 112. Este servicio es gratuito y est\u00e1 destinado a los casos de urgencia o emergencia, no es un tel\u00e9fono de informaci\u00f3n general o para pedir informaci\u00f3n&nbsp;sobre el estado de las carreteras o sobre el&hellip;","robots":{"index":"noindex","follow":"nofollow"},"og_locale":"es_ES","og_type":"article","og_title":"Recomendaciones - Lloret de Mar","og_description":"RECOMENDACIONES AL TURISTA RECOMENDACIONES GENERALES:- En caso de emergencia o accidente, p\u00f3ngase en contacto de forma inmediata con emergencias marcando el 112. Este servicio es gratuito y est\u00e1 destinado a los casos de urgencia o emergencia, no es un tel\u00e9fono de informaci\u00f3n general o para pedir informaci\u00f3n&nbsp;sobre el estado de las carreteras o sobre el&hellip;","og_url":"https:\/\/lloretdemar.org\/es\/recomendaciones\/","og_site_name":"Lloret de Mar","article_publisher":"https:\/\/www.facebook.com\/Lloretturisme","article_modified_time":"2020-09-17T10:52:45+00:00","og_image":[{"width":1920,"height":885,"url":"https:\/\/lloretdemar.org\/wp-content\/uploads\/2020\/09\/cap\u00e7alera.jpg","type":"image\/jpeg"}],"twitter_card":"summary_large_image","twitter_site":"@lloretturisme","twitter_misc":{"Tiempo de lectura":"3 minutos"},"schema":{"@context":"https:\/\/schema.org","@graph":[{"@type":"WebPage","@id":"https:\/\/lloretdemar.org\/es\/recomendaciones\/","url":"https:\/\/lloretdemar.org\/es\/recomendaciones\/","name":"Recomendaciones - Lloret de Mar","isPartOf":{"@id":"https:\/\/lloretdemar.org\/es\/#website"},"datePublished":"2020-03-06T12:52:19+00:00","dateModified":"2020-09-17T10:52:45+00:00","description":"Lloret de Mar","breadcrumb":{"@id":"https:\/\/lloretdemar.org\/es\/recomendaciones\/#breadcrumb"},"inLanguage":"es","potentialAction":[{"@type":"ReadAction","target":["https:\/\/lloretdemar.org\/es\/recomendaciones\/"]}]},{"@type":"BreadcrumbList","@id":"https:\/\/lloretdemar.org\/es\/recomendaciones\/#breadcrumb","itemListElement":[{"@type":"ListItem","position":1,"name":"Home","item":"https:\/\/lloretdemar.org\/es\/"},{"@type":"ListItem","position":2,"name":"Recomendaciones"}]},{"@type":"WebSite","@id":"https:\/\/lloretdemar.org\/es\/#website","url":"https:\/\/lloretdemar.org\/es\/","name":"Lloret de Mar","description":"","publisher":{"@id":"https:\/\/lloretdemar.org\/es\/#organization"},"potentialAction":[{"@type":"SearchAction","target":{"@type":"EntryPoint","urlTemplate":"https:\/\/lloretdemar.org\/es\/?s={search_term_string}"},"query-input":{"@type":"PropertyValueSpecification","valueRequired":true,"valueName":"search_term_string"}}],"inLanguage":"es"},{"@type":"Organization","@id":"https:\/\/lloretdemar.org\/es\/#organization","name":"Lloret de Mar","url":"https:\/\/lloretdemar.org\/es\/","logo":{"@type":"ImageObject","inLanguage":"es","@id":"https:\/\/lloretdemar.org\/es\/#\/schema\/logo\/image\/","url":"https:\/\/lloretdemar.org\/wp-content\/uploads\/2020\/05\/lloret-de-mar-logo.png","contentUrl":"https:\/\/lloretdemar.org\/wp-content\/uploads\/2020\/05\/lloret-de-mar-logo.png","width":87,"height":38,"caption":"Lloret de Mar"},"image":{"@id":"https:\/\/lloretdemar.org\/es\/#\/schema\/logo\/image\/"},"sameAs":["https:\/\/www.facebook.com\/Lloretturisme","https:\/\/x.com\/lloretturisme","https:\/\/instagram.com\/lloretturisme","https:\/\/www.youtube.com\/LloretTurisme"]}]}},"_links":{"self":[{"href":"https:\/\/lloretdemar.org\/es\/wp-json\/wp\/v2\/pages\/17131","targetHints":{"allow":["GET"]}}],"collection":[{"href":"https:\/\/lloretdemar.org\/es\/wp-json\/wp\/v2\/pages"}],"about":[{"href":"https:\/\/lloretdemar.org\/es\/wp-json\/wp\/v2\/types\/page"}],"author":[{"embeddable":true,"href":"https:\/\/lloretdemar.org\/es\/wp-json\/wp\/v2\/users\/12"}],"replies":[{"embeddable":true,"href":"https:\/\/lloretdemar.org\/es\/wp-json\/wp\/v2\/comments?post=17131"}],"version-history":[{"count":0,"href":"https:\/\/lloretdemar.org\/es\/wp-json\/wp\/v2\/pages\/17131\/revisions"}],"wp:attachment":[{"href":"https:\/\/lloretdemar.org\/es\/wp-json\/wp\/v2\/media?parent=17131"}],"curies":[{"name":"wp","href":"https:\/\/api.w.org\/{rel}","templated":true}]}}