{"id":16966,"date":"2020-03-30T13:53:55","date_gmt":"2020-03-30T11:53:55","guid":{"rendered":"http:\/\/lloretdemar.org\/esdeveniments\/"},"modified":"2024-09-24T10:04:23","modified_gmt":"2024-09-24T08:04:23","slug":"eventos","status":"publish","type":"page","link":"https:\/\/lloretdemar.org\/es\/eventos\/","title":{"rendered":"Eventos"},"content":{"rendered":"","protected":false},"excerpt":{"rendered":"","protected":false},"author":3,"featured_media":0,"parent":0,"menu_order":0,"comment_status":"closed","ping_status":"closed","template":"page-templates\/mouret-15.php","meta":{"_acf_changed":false,"content-type":"","footnotes":""},"class_list":["post-16966","page","type-page","status-publish","hentry"],"acf":{"banner_imatge":9713,"banner_titol":"Eventos","banner_subtitol":"","botons_blanc_o_negres":"defecte","banner_links":[{"es_post":false,"banner_link":{"title":"Lloret Outdoor Summer Festival","url":"https:\/\/lloretdemar.org\/es\/actividad\/lloret-outdoor-summer-festival\/","target":""},"link_intern":"","link_intern_titol":"Som de Mar"},{"es_post":false,"banner_link":{"title":"Clon Festival","url":"https:\/\/lloretdemar.org\/es\/actividad\/clon-festival\/","target":""},"link_intern":null,"link_intern_titol":""},{"es_post":false,"banner_link":{"title":"Feria de los Americanos","url":"https:\/\/lloretdemar.org\/es\/eventos\/","target":""},"link_intern":null,"link_intern_titol":""},{"es_post":false,"banner_link":{"title":"Feria Medieval","url":"https:\/\/lloretdemar.org\/es\/eventos\/","target":""},"link_intern":null,"link_intern_titol":""},{"es_post":false,"banner_link":{"title":"Carnaval","url":"https:\/\/lloretdemar.org\/es\/eventos\/","target":""},"link_intern":null,"link_intern_titol":""}],"blocs":[{"titol":"Lloret Outdoor  Summer Festival","descripcio":"Cada verano, aprovecha la variedad de actuaciones que te proporciona el Lloret Outdoor Summer Festival, un festival al aire libre y con espect\u00e1culos gratuitos.","imatge":9692,"es_enllac_intern_o_extern":"intern","link_intern":{"title":"M\u00e1s informaci\u00f3n","url":"http:\/\/lloretdemar.org\/es\/actividad\/lloret-outdoor-summer-festival\/","target":""},"link_extern":"","link_extern_text":""},{"titol":"Clon Festival","descripcio":"Cada a\u00f1o Lloret de Mar acoge el Festival musical de verano por excelencia, el Festival Clon!","imatge":9566,"es_enllac_intern_o_extern":"intern","link_intern":{"title":"M\u00e1s informaci\u00f3n","url":"http:\/\/lloretdemar.org\/es\/actividad\/clon-festival\/","target":""},"link_extern":"","link_extern_text":""},{"titol":"Feria de los Americanos","descripcio":"Lloret de Mar ha heredado un importante legado hist\u00f3rico, cultural y social a ra\u00edz de los Indianos. La feria de los indianos quiere hacer un viaje al pasado, durante estos d\u00edas, recordar aquella \u00e9poca, y su gente.\r\n\r\nSi vienes a la Feria de los Americanos har\u00e1s un viaje al pasado con demostraciones de oficios, animaciones teatrales, mercados de artesan\u00eda, exposiciones de productos de ultramar, visitas guiadas para ense\u00f1ar el patrimonio art\u00edstico heredado de los hind\u00faes, conciertos, degustaciones de ron y talleres de daiquiris.","imatge":6306,"es_enllac_intern_o_extern":"intern","link_intern":"","link_extern":"","link_extern_text":""},{"titol":"Feria Medieval","descripcio":"Durante la Feria Medieval Lloret devuelve a los tiempos medievales y su centro hist\u00f3rico se llena de caba\u00f1as, artesanos y mercaderes con una ambientaci\u00f3n medieval llena de espect\u00e1culos de circo, magia y m\u00fasica.\r\n\r\nSi vienes a Lloret en noviembre ap\u00fantate a la Feria Medieval que da inicio a la Fiesta Mayor de Sant Rom\u00e0 y conoce la historia m\u00e1s antigua de Lloret.","imatge":7091,"es_enllac_intern_o_extern":"intern","link_intern":"","link_extern":"","link_extern_text":""},{"titol":"Carnaval","descripcio":"Una vez al a\u00f1o, Lloret de Mar se viste de mil colores, fiesta y diversi\u00f3n: llega el Carnaval en su m\u00e1ximo esplendor. Si le gustan los desfiles, los disfraces, la fiesta y la m\u00fasica, en el Carnaval de Lloret lo encontrar\u00e1s todo.\r\n\r\nEl viernes por la noche llega Su Majestad Carnestoltes y se hace la toma de posesi\u00f3n de la vara de mando de la ciudad. Una vez la diversi\u00f3n se ha apoderado de Lloret, celebraremos el inicio de las fiestas de Carnaval con una buena butifarra con jud\u00edas y vino.\r\n\r\nY para ver los mejores disfraces de la zona, no te pierdas las Rues de Carnaval de Lloret que se hacen por el paseo mar\u00edtimo!","imatge":9664,"es_enllac_intern_o_extern":"intern","link_intern":"","link_extern":"","link_extern_text":""}],"titol_boto":"","document":"","apartats":null},"yoast_head":"<!-- This site is optimized with the Yoast SEO plugin v27.5 - https:\/\/yoast.com\/product\/yoast-seo-wordpress\/ -->\n<title>Eventos - Lloret de Mar<\/title>\n<meta name=\"robots\" content=\"index, follow, max-snippet:-1, max-image-preview:large, max-video-preview:-1\" \/>\n<link rel=\"canonical\" href=\"https:\/\/lloretdemar.org\/es\/eventos\/\" \/>\n<meta property=\"og:locale\" content=\"es_ES\" \/>\n<meta property=\"og:type\" content=\"article\" \/>\n<meta property=\"og:title\" content=\"Eventos - Lloret de Mar\" \/>\n<meta property=\"og:url\" content=\"https:\/\/lloretdemar.org\/es\/eventos\/\" \/>\n<meta property=\"og:site_name\" content=\"Lloret de Mar\" \/>\n<meta property=\"article:publisher\" content=\"https:\/\/www.facebook.com\/Lloretturisme\" \/>\n<meta property=\"article:modified_time\" content=\"2024-09-24T08:04:23+00:00\" \/>\n<meta property=\"og:image\" content=\"https:\/\/lloretdemar.org\/wp-content\/uploads\/2020\/03\/Americanos00014.jpg\" \/>\n\t<meta property=\"og:image:width\" content=\"1920\" \/>\n\t<meta property=\"og:image:height\" content=\"885\" \/>\n\t<meta property=\"og:image:type\" content=\"image\/jpeg\" \/>\n<meta name=\"twitter:card\" content=\"summary_large_image\" \/>\n<meta name=\"twitter:site\" content=\"@lloretturisme\" \/>\n<script type=\"application\/ld+json\" class=\"yoast-schema-graph\">{\"@context\":\"https:\\\/\\\/schema.org\",\"@graph\":[{\"@type\":\"WebPage\",\"@id\":\"https:\\\/\\\/lloretdemar.org\\\/es\\\/eventos\\\/\",\"url\":\"https:\\\/\\\/lloretdemar.org\\\/es\\\/eventos\\\/\",\"name\":\"Eventos - Lloret de Mar\",\"isPartOf\":{\"@id\":\"https:\\\/\\\/lloretdemar.org\\\/es\\\/#website\"},\"datePublished\":\"2020-03-30T11:53:55+00:00\",\"dateModified\":\"2024-09-24T08:04:23+00:00\",\"description\":\"Lloret de Mar\",\"breadcrumb\":{\"@id\":\"https:\\\/\\\/lloretdemar.org\\\/es\\\/eventos\\\/#breadcrumb\"},\"inLanguage\":\"es\",\"potentialAction\":[{\"@type\":\"ReadAction\",\"target\":[\"https:\\\/\\\/lloretdemar.org\\\/es\\\/eventos\\\/\"]}]},{\"@type\":\"BreadcrumbList\",\"@id\":\"https:\\\/\\\/lloretdemar.org\\\/es\\\/eventos\\\/#breadcrumb\",\"itemListElement\":[{\"@type\":\"ListItem\",\"position\":1,\"name\":\"Home\",\"item\":\"https:\\\/\\\/lloretdemar.org\\\/es\\\/\"},{\"@type\":\"ListItem\",\"position\":2,\"name\":\"Eventos\"}]},{\"@type\":\"WebSite\",\"@id\":\"https:\\\/\\\/lloretdemar.org\\\/es\\\/#website\",\"url\":\"https:\\\/\\\/lloretdemar.org\\\/es\\\/\",\"name\":\"Lloret de Mar\",\"description\":\"\",\"publisher\":{\"@id\":\"https:\\\/\\\/lloretdemar.org\\\/es\\\/#organization\"},\"potentialAction\":[{\"@type\":\"SearchAction\",\"target\":{\"@type\":\"EntryPoint\",\"urlTemplate\":\"https:\\\/\\\/lloretdemar.org\\\/es\\\/?s={search_term_string}\"},\"query-input\":{\"@type\":\"PropertyValueSpecification\",\"valueRequired\":true,\"valueName\":\"search_term_string\"}}],\"inLanguage\":\"es\"},{\"@type\":\"Organization\",\"@id\":\"https:\\\/\\\/lloretdemar.org\\\/es\\\/#organization\",\"name\":\"Lloret de Mar\",\"url\":\"https:\\\/\\\/lloretdemar.org\\\/es\\\/\",\"logo\":{\"@type\":\"ImageObject\",\"inLanguage\":\"es\",\"@id\":\"https:\\\/\\\/lloretdemar.org\\\/es\\\/#\\\/schema\\\/logo\\\/image\\\/\",\"url\":\"https:\\\/\\\/lloretdemar.org\\\/wp-content\\\/uploads\\\/2020\\\/05\\\/lloret-de-mar-logo.png\",\"contentUrl\":\"https:\\\/\\\/lloretdemar.org\\\/wp-content\\\/uploads\\\/2020\\\/05\\\/lloret-de-mar-logo.png\",\"width\":87,\"height\":38,\"caption\":\"Lloret de Mar\"},\"image\":{\"@id\":\"https:\\\/\\\/lloretdemar.org\\\/es\\\/#\\\/schema\\\/logo\\\/image\\\/\"},\"sameAs\":[\"https:\\\/\\\/www.facebook.com\\\/Lloretturisme\",\"https:\\\/\\\/x.com\\\/lloretturisme\",\"https:\\\/\\\/instagram.com\\\/lloretturisme\",\"https:\\\/\\\/www.youtube.com\\\/LloretTurisme\"]}]}<\/script>\n<!-- \/ Yoast SEO plugin. -->","yoast_head_json":{"title":"Eventos - Lloret de Mar","robots":{"index":"index","follow":"follow","max-snippet":"max-snippet:-1","max-image-preview":"max-image-preview:large","max-video-preview":"max-video-preview:-1"},"canonical":"https:\/\/lloretdemar.org\/es\/eventos\/","og_locale":"es_ES","og_type":"article","og_title":"Eventos - Lloret de Mar","og_url":"https:\/\/lloretdemar.org\/es\/eventos\/","og_site_name":"Lloret de Mar","article_publisher":"https:\/\/www.facebook.com\/Lloretturisme","article_modified_time":"2024-09-24T08:04:23+00:00","og_image":[{"width":1920,"height":885,"url":"https:\/\/lloretdemar.org\/wp-content\/uploads\/2020\/03\/Americanos00014.jpg","type":"image\/jpeg"}],"twitter_card":"summary_large_image","twitter_site":"@lloretturisme","schema":{"@context":"https:\/\/schema.org","@graph":[{"@type":"WebPage","@id":"https:\/\/lloretdemar.org\/es\/eventos\/","url":"https:\/\/lloretdemar.org\/es\/eventos\/","name":"Eventos - Lloret de Mar","isPartOf":{"@id":"https:\/\/lloretdemar.org\/es\/#website"},"datePublished":"2020-03-30T11:53:55+00:00","dateModified":"2024-09-24T08:04:23+00:00","description":"Lloret de Mar","breadcrumb":{"@id":"https:\/\/lloretdemar.org\/es\/eventos\/#breadcrumb"},"inLanguage":"es","potentialAction":[{"@type":"ReadAction","target":["https:\/\/lloretdemar.org\/es\/eventos\/"]}]},{"@type":"BreadcrumbList","@id":"https:\/\/lloretdemar.org\/es\/eventos\/#breadcrumb","itemListElement":[{"@type":"ListItem","position":1,"name":"Home","item":"https:\/\/lloretdemar.org\/es\/"},{"@type":"ListItem","position":2,"name":"Eventos"}]},{"@type":"WebSite","@id":"https:\/\/lloretdemar.org\/es\/#website","url":"https:\/\/lloretdemar.org\/es\/","name":"Lloret de Mar","description":"","publisher":{"@id":"https:\/\/lloretdemar.org\/es\/#organization"},"potentialAction":[{"@type":"SearchAction","target":{"@type":"EntryPoint","urlTemplate":"https:\/\/lloretdemar.org\/es\/?s={search_term_string}"},"query-input":{"@type":"PropertyValueSpecification","valueRequired":true,"valueName":"search_term_string"}}],"inLanguage":"es"},{"@type":"Organization","@id":"https:\/\/lloretdemar.org\/es\/#organization","name":"Lloret de Mar","url":"https:\/\/lloretdemar.org\/es\/","logo":{"@type":"ImageObject","inLanguage":"es","@id":"https:\/\/lloretdemar.org\/es\/#\/schema\/logo\/image\/","url":"https:\/\/lloretdemar.org\/wp-content\/uploads\/2020\/05\/lloret-de-mar-logo.png","contentUrl":"https:\/\/lloretdemar.org\/wp-content\/uploads\/2020\/05\/lloret-de-mar-logo.png","width":87,"height":38,"caption":"Lloret de Mar"},"image":{"@id":"https:\/\/lloretdemar.org\/es\/#\/schema\/logo\/image\/"},"sameAs":["https:\/\/www.facebook.com\/Lloretturisme","https:\/\/x.com\/lloretturisme","https:\/\/instagram.com\/lloretturisme","https:\/\/www.youtube.com\/LloretTurisme"]}]}},"_links":{"self":[{"href":"https:\/\/lloretdemar.org\/es\/wp-json\/wp\/v2\/pages\/16966","targetHints":{"allow":["GET"]}}],"collection":[{"href":"https:\/\/lloretdemar.org\/es\/wp-json\/wp\/v2\/pages"}],"about":[{"href":"https:\/\/lloretdemar.org\/es\/wp-json\/wp\/v2\/types\/page"}],"author":[{"embeddable":true,"href":"https:\/\/lloretdemar.org\/es\/wp-json\/wp\/v2\/users\/3"}],"replies":[{"embeddable":true,"href":"https:\/\/lloretdemar.org\/es\/wp-json\/wp\/v2\/comments?post=16966"}],"version-history":[{"count":1,"href":"https:\/\/lloretdemar.org\/es\/wp-json\/wp\/v2\/pages\/16966\/revisions"}],"predecessor-version":[{"id":37826,"href":"https:\/\/lloretdemar.org\/es\/wp-json\/wp\/v2\/pages\/16966\/revisions\/37826"}],"wp:attachment":[{"href":"https:\/\/lloretdemar.org\/es\/wp-json\/wp\/v2\/media?parent=16966"}],"curies":[{"name":"wp","href":"https:\/\/api.w.org\/{rel}","templated":true}]}}