{"id":16087,"date":"2019-12-30T08:48:23","date_gmt":"2019-12-30T07:48:23","guid":{"rendered":"http:\/\/lloretdemar.org\/sobre-lloret-de-mar\/lloret-hub\/pobles-de-la-zona-volcanica-i-les-valls\/"},"modified":"2020-05-21T11:55:01","modified_gmt":"2020-05-21T09:55:01","slug":"pueblos-de-la-zona-volcanica-y-los-valles-de-la-garrotxa","status":"publish","type":"page","link":"https:\/\/lloretdemar.org\/es\/conoce-lloret-de-mar\/lloret-hub\/pueblos-de-la-zona-volcanica-y-los-valles-de-la-garrotxa\/","title":{"rendered":"Pueblos de la zona volc\u00e1nica y los valles de la Garrotxa"},"content":{"rendered":"\n<p> Ruta circular de 210 km que iniciaremos en uno de los lagos m\u00e1s grandes de la Pen\u00ednsula para, posteriormente, adentrarnos en la zona volc\u00e1nica de La Garrotxa y en el hermoso paisaje del hayedo de En Jord\u00e0 <\/p>\n","protected":false},"excerpt":{"rendered":"<p>Ruta circular de 210 km que iniciaremos en uno de los lagos m\u00e1s grandes de la Pen\u00ednsula para, posteriormente, adentrarnos en la zona volc\u00e1nica de La Garrotxa y en el hermoso paisaje del hayedo de En Jord\u00e0<\/p>\n","protected":false},"author":12,"featured_media":0,"parent":9736,"menu_order":0,"comment_status":"closed","ping_status":"closed","template":"page-templates\/hub1-13.php","meta":{"_acf_changed":false,"content-type":"","footnotes":""},"class_list":["post-16087","page","type-page","status-publish","hentry"],"acf":{"banner_imatge":"","banner_titol":"Pueblos de la zona volc\u00e1nica y los valles de la Garrotxa","banner_subtitol":"","botons_blanc_o_negres":"defecte","banner_links":null,"apartats":null,"galeria":[1697],"destacats":[{"poble":16484},{"poble":16891},{"poble":16851},{"poble":16453},{"poble":16876},{"poble":16762},{"poble":16470},{"poble":16462}],"fitxer_kmz":4893,"color":"hub_yellow","pdf":1215,"ocultar_mapa":"no","banner_planifica_imatge":550,"banner_planifica_titol":"\u00bfQuieres venir a Lloret de Mar?","banner_planifica_text":"Organiza tu estancia en Lloret de Mar","banner_planifica_link":{"title":"Planifica tu viaje","url":"http:\/\/lloretdemar.org\/es\/planifica-el-teu-viatge\/","target":"_blank"}},"yoast_head":"<!-- This site is optimized with the Yoast SEO plugin v27.5 - https:\/\/yoast.com\/product\/yoast-seo-wordpress\/ -->\n<title>Pueblos de la zona volc\u00e1nica y los valles de la Garrotxa - Lloret de Mar<\/title>\n<meta name=\"description\" content=\"Ruta circular de 210 km que iniciaremos en uno de los lagos m\u00e1s grandes de la Pen\u00ednsula para, posteriormente, adentrarnos en la zona volc\u00e1nica de La Garrotxa y en el hermoso paisaje del hayedo de En Jord\u00e0\" \/>\n<meta name=\"robots\" content=\"index, follow, max-snippet:-1, max-image-preview:large, max-video-preview:-1\" \/>\n<link rel=\"canonical\" href=\"https:\/\/lloretdemar.org\/es\/conoce-lloret-de-mar\/lloret-hub\/pueblos-de-la-zona-volcanica-y-los-valles-de-la-garrotxa\/\" \/>\n<meta property=\"og:locale\" content=\"es_ES\" \/>\n<meta property=\"og:type\" content=\"article\" \/>\n<meta property=\"og:title\" content=\"Pueblos de la zona volc\u00e1nica y los valles de la Garrotxa - Lloret de Mar\" \/>\n<meta property=\"og:description\" content=\"Ruta circular de 210 km que iniciaremos en uno de los lagos m\u00e1s grandes de la Pen\u00ednsula para, posteriormente, adentrarnos en la zona volc\u00e1nica de La Garrotxa y en el hermoso paisaje del hayedo de En Jord\u00e0\" \/>\n<meta property=\"og:url\" content=\"https:\/\/lloretdemar.org\/es\/conoce-lloret-de-mar\/lloret-hub\/pueblos-de-la-zona-volcanica-y-los-valles-de-la-garrotxa\/\" \/>\n<meta property=\"og:site_name\" content=\"Lloret de Mar\" \/>\n<meta property=\"article:publisher\" content=\"https:\/\/www.facebook.com\/Lloretturisme\" \/>\n<meta property=\"article:modified_time\" content=\"2020-05-21T09:55:01+00:00\" \/>\n<meta property=\"og:image\" content=\"https:\/\/lloretdemar.org\/wp-content\/uploads\/2020\/02\/slide-04.jpg\" \/>\n\t<meta property=\"og:image:width\" content=\"1920\" \/>\n\t<meta property=\"og:image:height\" content=\"885\" \/>\n\t<meta property=\"og:image:type\" content=\"image\/jpeg\" \/>\n<meta name=\"twitter:card\" content=\"summary_large_image\" \/>\n<meta name=\"twitter:site\" content=\"@lloretturisme\" \/>\n<script type=\"application\/ld+json\" class=\"yoast-schema-graph\">{\"@context\":\"https:\\\/\\\/schema.org\",\"@graph\":[{\"@type\":\"WebPage\",\"@id\":\"https:\\\/\\\/lloretdemar.org\\\/es\\\/conoce-lloret-de-mar\\\/lloret-hub\\\/pueblos-de-la-zona-volcanica-y-los-valles-de-la-garrotxa\\\/\",\"url\":\"https:\\\/\\\/lloretdemar.org\\\/es\\\/conoce-lloret-de-mar\\\/lloret-hub\\\/pueblos-de-la-zona-volcanica-y-los-valles-de-la-garrotxa\\\/\",\"name\":\"Pueblos de la zona volc\u00e1nica y los valles de la Garrotxa - Lloret de Mar\",\"isPartOf\":{\"@id\":\"https:\\\/\\\/lloretdemar.org\\\/es\\\/#website\"},\"datePublished\":\"2019-12-30T07:48:23+00:00\",\"dateModified\":\"2020-05-21T09:55:01+00:00\",\"description\":\"Lloret de Mar\",\"breadcrumb\":{\"@id\":\"https:\\\/\\\/lloretdemar.org\\\/es\\\/conoce-lloret-de-mar\\\/lloret-hub\\\/pueblos-de-la-zona-volcanica-y-los-valles-de-la-garrotxa\\\/#breadcrumb\"},\"inLanguage\":\"es\",\"potentialAction\":[{\"@type\":\"ReadAction\",\"target\":[\"https:\\\/\\\/lloretdemar.org\\\/es\\\/conoce-lloret-de-mar\\\/lloret-hub\\\/pueblos-de-la-zona-volcanica-y-los-valles-de-la-garrotxa\\\/\"]}]},{\"@type\":\"BreadcrumbList\",\"@id\":\"https:\\\/\\\/lloretdemar.org\\\/es\\\/conoce-lloret-de-mar\\\/lloret-hub\\\/pueblos-de-la-zona-volcanica-y-los-valles-de-la-garrotxa\\\/#breadcrumb\",\"itemListElement\":[{\"@type\":\"ListItem\",\"position\":1,\"name\":\"Home\",\"item\":\"https:\\\/\\\/lloretdemar.org\\\/es\\\/\"},{\"@type\":\"ListItem\",\"position\":2,\"name\":\"Conoce Lloret de Mar\",\"item\":\"https:\\\/\\\/lloretdemar.org\\\/es\\\/conoce-lloret-de-mar\\\/\"},{\"@type\":\"ListItem\",\"position\":3,\"name\":\"Lloret Hub\",\"item\":\"https:\\\/\\\/lloretdemar.org\\\/es\\\/conoce-lloret-de-mar\\\/lloret-hub\\\/\"},{\"@type\":\"ListItem\",\"position\":4,\"name\":\"Pueblos de la zona volc\u00e1nica y los valles de la Garrotxa\"}]},{\"@type\":\"WebSite\",\"@id\":\"https:\\\/\\\/lloretdemar.org\\\/es\\\/#website\",\"url\":\"https:\\\/\\\/lloretdemar.org\\\/es\\\/\",\"name\":\"Lloret de Mar\",\"description\":\"\",\"publisher\":{\"@id\":\"https:\\\/\\\/lloretdemar.org\\\/es\\\/#organization\"},\"potentialAction\":[{\"@type\":\"SearchAction\",\"target\":{\"@type\":\"EntryPoint\",\"urlTemplate\":\"https:\\\/\\\/lloretdemar.org\\\/es\\\/?s={search_term_string}\"},\"query-input\":{\"@type\":\"PropertyValueSpecification\",\"valueRequired\":true,\"valueName\":\"search_term_string\"}}],\"inLanguage\":\"es\"},{\"@type\":\"Organization\",\"@id\":\"https:\\\/\\\/lloretdemar.org\\\/es\\\/#organization\",\"name\":\"Lloret de Mar\",\"url\":\"https:\\\/\\\/lloretdemar.org\\\/es\\\/\",\"logo\":{\"@type\":\"ImageObject\",\"inLanguage\":\"es\",\"@id\":\"https:\\\/\\\/lloretdemar.org\\\/es\\\/#\\\/schema\\\/logo\\\/image\\\/\",\"url\":\"https:\\\/\\\/lloretdemar.org\\\/wp-content\\\/uploads\\\/2020\\\/05\\\/lloret-de-mar-logo.png\",\"contentUrl\":\"https:\\\/\\\/lloretdemar.org\\\/wp-content\\\/uploads\\\/2020\\\/05\\\/lloret-de-mar-logo.png\",\"width\":87,\"height\":38,\"caption\":\"Lloret de Mar\"},\"image\":{\"@id\":\"https:\\\/\\\/lloretdemar.org\\\/es\\\/#\\\/schema\\\/logo\\\/image\\\/\"},\"sameAs\":[\"https:\\\/\\\/www.facebook.com\\\/Lloretturisme\",\"https:\\\/\\\/x.com\\\/lloretturisme\",\"https:\\\/\\\/instagram.com\\\/lloretturisme\",\"https:\\\/\\\/www.youtube.com\\\/LloretTurisme\"]}]}<\/script>\n<!-- \/ Yoast SEO plugin. -->","yoast_head_json":{"title":"Pueblos de la zona volc\u00e1nica y los valles de la Garrotxa - Lloret de Mar","description":"Ruta circular de 210 km que iniciaremos en uno de los lagos m\u00e1s grandes de la Pen\u00ednsula para, posteriormente, adentrarnos en la zona volc\u00e1nica de La Garrotxa y en el hermoso paisaje del hayedo de En Jord\u00e0","robots":{"index":"index","follow":"follow","max-snippet":"max-snippet:-1","max-image-preview":"max-image-preview:large","max-video-preview":"max-video-preview:-1"},"canonical":"https:\/\/lloretdemar.org\/es\/conoce-lloret-de-mar\/lloret-hub\/pueblos-de-la-zona-volcanica-y-los-valles-de-la-garrotxa\/","og_locale":"es_ES","og_type":"article","og_title":"Pueblos de la zona volc\u00e1nica y los valles de la Garrotxa - Lloret de Mar","og_description":"Ruta circular de 210 km que iniciaremos en uno de los lagos m\u00e1s grandes de la Pen\u00ednsula para, posteriormente, adentrarnos en la zona volc\u00e1nica de La Garrotxa y en el hermoso paisaje del hayedo de En Jord\u00e0","og_url":"https:\/\/lloretdemar.org\/es\/conoce-lloret-de-mar\/lloret-hub\/pueblos-de-la-zona-volcanica-y-los-valles-de-la-garrotxa\/","og_site_name":"Lloret de Mar","article_publisher":"https:\/\/www.facebook.com\/Lloretturisme","article_modified_time":"2020-05-21T09:55:01+00:00","og_image":[{"width":1920,"height":885,"url":"https:\/\/lloretdemar.org\/wp-content\/uploads\/2020\/02\/slide-04.jpg","type":"image\/jpeg"}],"twitter_card":"summary_large_image","twitter_site":"@lloretturisme","schema":{"@context":"https:\/\/schema.org","@graph":[{"@type":"WebPage","@id":"https:\/\/lloretdemar.org\/es\/conoce-lloret-de-mar\/lloret-hub\/pueblos-de-la-zona-volcanica-y-los-valles-de-la-garrotxa\/","url":"https:\/\/lloretdemar.org\/es\/conoce-lloret-de-mar\/lloret-hub\/pueblos-de-la-zona-volcanica-y-los-valles-de-la-garrotxa\/","name":"Pueblos de la zona volc\u00e1nica y los valles de la Garrotxa - Lloret de Mar","isPartOf":{"@id":"https:\/\/lloretdemar.org\/es\/#website"},"datePublished":"2019-12-30T07:48:23+00:00","dateModified":"2020-05-21T09:55:01+00:00","description":"Lloret de Mar","breadcrumb":{"@id":"https:\/\/lloretdemar.org\/es\/conoce-lloret-de-mar\/lloret-hub\/pueblos-de-la-zona-volcanica-y-los-valles-de-la-garrotxa\/#breadcrumb"},"inLanguage":"es","potentialAction":[{"@type":"ReadAction","target":["https:\/\/lloretdemar.org\/es\/conoce-lloret-de-mar\/lloret-hub\/pueblos-de-la-zona-volcanica-y-los-valles-de-la-garrotxa\/"]}]},{"@type":"BreadcrumbList","@id":"https:\/\/lloretdemar.org\/es\/conoce-lloret-de-mar\/lloret-hub\/pueblos-de-la-zona-volcanica-y-los-valles-de-la-garrotxa\/#breadcrumb","itemListElement":[{"@type":"ListItem","position":1,"name":"Home","item":"https:\/\/lloretdemar.org\/es\/"},{"@type":"ListItem","position":2,"name":"Conoce Lloret de Mar","item":"https:\/\/lloretdemar.org\/es\/conoce-lloret-de-mar\/"},{"@type":"ListItem","position":3,"name":"Lloret Hub","item":"https:\/\/lloretdemar.org\/es\/conoce-lloret-de-mar\/lloret-hub\/"},{"@type":"ListItem","position":4,"name":"Pueblos de la zona volc\u00e1nica y los valles de la Garrotxa"}]},{"@type":"WebSite","@id":"https:\/\/lloretdemar.org\/es\/#website","url":"https:\/\/lloretdemar.org\/es\/","name":"Lloret de Mar","description":"","publisher":{"@id":"https:\/\/lloretdemar.org\/es\/#organization"},"potentialAction":[{"@type":"SearchAction","target":{"@type":"EntryPoint","urlTemplate":"https:\/\/lloretdemar.org\/es\/?s={search_term_string}"},"query-input":{"@type":"PropertyValueSpecification","valueRequired":true,"valueName":"search_term_string"}}],"inLanguage":"es"},{"@type":"Organization","@id":"https:\/\/lloretdemar.org\/es\/#organization","name":"Lloret de Mar","url":"https:\/\/lloretdemar.org\/es\/","logo":{"@type":"ImageObject","inLanguage":"es","@id":"https:\/\/lloretdemar.org\/es\/#\/schema\/logo\/image\/","url":"https:\/\/lloretdemar.org\/wp-content\/uploads\/2020\/05\/lloret-de-mar-logo.png","contentUrl":"https:\/\/lloretdemar.org\/wp-content\/uploads\/2020\/05\/lloret-de-mar-logo.png","width":87,"height":38,"caption":"Lloret de Mar"},"image":{"@id":"https:\/\/lloretdemar.org\/es\/#\/schema\/logo\/image\/"},"sameAs":["https:\/\/www.facebook.com\/Lloretturisme","https:\/\/x.com\/lloretturisme","https:\/\/instagram.com\/lloretturisme","https:\/\/www.youtube.com\/LloretTurisme"]}]}},"_links":{"self":[{"href":"https:\/\/lloretdemar.org\/es\/wp-json\/wp\/v2\/pages\/16087","targetHints":{"allow":["GET"]}}],"collection":[{"href":"https:\/\/lloretdemar.org\/es\/wp-json\/wp\/v2\/pages"}],"about":[{"href":"https:\/\/lloretdemar.org\/es\/wp-json\/wp\/v2\/types\/page"}],"author":[{"embeddable":true,"href":"https:\/\/lloretdemar.org\/es\/wp-json\/wp\/v2\/users\/12"}],"replies":[{"embeddable":true,"href":"https:\/\/lloretdemar.org\/es\/wp-json\/wp\/v2\/comments?post=16087"}],"version-history":[{"count":0,"href":"https:\/\/lloretdemar.org\/es\/wp-json\/wp\/v2\/pages\/16087\/revisions"}],"up":[{"embeddable":true,"href":"https:\/\/lloretdemar.org\/es\/wp-json\/wp\/v2\/pages\/9736"}],"acf:attachment":[{"embeddable":true,"href":"https:\/\/lloretdemar.org\/es\/wp-json\/wp\/v2\/media\/1697"}],"wp:attachment":[{"href":"https:\/\/lloretdemar.org\/es\/wp-json\/wp\/v2\/media?parent=16087"}],"curies":[{"name":"wp","href":"https:\/\/api.w.org\/{rel}","templated":true}]}}