{"id":14630,"date":"2020-03-11T10:43:28","date_gmt":"2020-03-11T09:43:28","guid":{"rendered":"http:\/\/lloretdemar.org\/lloret-families\/"},"modified":"2026-01-28T14:25:29","modified_gmt":"2026-01-28T13:25:29","slug":"lloret-familias","status":"publish","type":"page","link":"https:\/\/lloretdemar.org\/es\/lloret-familias\/","title":{"rendered":"Lloret &#038; Familias"},"content":{"rendered":"","protected":false},"excerpt":{"rendered":"","protected":false},"author":12,"featured_media":0,"parent":0,"menu_order":0,"comment_status":"closed","ping_status":"closed","template":"page-templates\/microsites.php","meta":{"_acf_changed":false,"content-type":"","footnotes":""},"class_list":["post-14630","page","type-page","status-publish","hentry"],"acf":{"banner_imatge":5740,"banner_titol":"Lloret & Familias","banner_subtitol":"","botons_blanc_o_negres":"defecte","banner_links":null,"patro":10013,"descripcio_esquerra":"Lloret es un destino ideal para venir con toda la familia y ofrece muchas posibilidades para emocionar a los m\u00e1s peque\u00f1os. Parques acu\u00e1ticos y un amplio programa de actividades durante los meses que har\u00e1n las delicias de los m\u00e1s peque\u00f1os En Lloret, adem\u00e1s podr\u00e1 participar en otras actividades en la naturaleza, excursiones en barco, espect\u00e1culos teatrales y musicales y un mont\u00f3n de propuestas pensadas para toda la familia.\r\n\r\nA lo largo del a\u00f1o Lloret cuenta con eventos especiales que son ideales para los ni\u00f1os; desde el Carnaval, con la r\u00faa y la chocolatada con el rey Carnaval pasando por la Feria Medieval de noviembre o, para los ni\u00f1os y ni\u00f1as ya mayores, la oportunidad de participar en la Marcha de las Playas o la Marcha Las Ermitas de Lloret, o la Tirada a l'Art, diada ideal para adentrarnos en la historia y tradici\u00f3n marinera de Lloret.","descripcio_dreta":"Lloret de Mar tiene una amplia oferta de hoteles y otros alojamientos certificados con la acreditaci\u00f3n de \u201cCatalunya, Hola Fam\u00edlia\u201d, otorgada por la Agencia Catalana de Turismo, que ofrecen servicios especializados para los ni\u00f1os y ni\u00f1as y para la comodidad de los padres, ya sea para largas estancias de vacaciones como para escapadas de fin de semana. Los restaurantes tambi\u00e9n tienen su oferta adaptada para los m\u00e1s peque\u00f1os con el sello Little Foodies, garantizando una alimentaci\u00f3n, buena, sana y sostenible para toda la familia.\r\n\r\nLas amplias zonas peatonales, los caf\u00e9s, terrazas y helader\u00edas dar\u00e1n los paseos por el municipio muy agradables, as\u00ed como los parques p\u00fablicos infantiles.\r\n\r\n&nbsp;\r\n\r\n&nbsp;","apartats":[{"acf_fc_layout":"bloc_descarrega","titol":"Actividades para toda la familia","subtitol":"Os proponemos algunas actividades que no os pod\u00e9is perder para disfrutar de Lloret de Mar en familia ","imatge":9863,"descarrega_titol":"","descarrega":"","color":"#EA6812"},{"acf_fc_layout":"blocs_imatges","titol":"","subtitol":"","blocs":[{"titol":"Playas","descripcio":"Uno de los grandes atractivos para las familias son los 9 kil\u00f3metros de costa con playas y calas para todos sus gustos. Las playas de Lloret y de Fenals son las m\u00e1s grandes y disponen de todo tipo de servicios y una gran oferta de actividades acu\u00e1ticas.\r\n\r\nPara quienes viajan con hijos adolescentes, estas dos playas tienen una oferta irresistible de actividades acu\u00e1ticas y de aventura: kayak, paddle surf, submarinismo, parasailing, skibus, sky n\u00e1utico, flyfish\u2026\r\n\r\nLas playas de Santa Cristina, Treumal y Canyelles son perfectas para familias con ni\u00f1os m\u00e1s peque\u00f1os por su tranquilidad, mientras que Cala Trons y Cala Banys son ideales para los peque\u00f1os exploradores, que disfrutar\u00e1n trepando y saltando entre las rocas.","imatge":5749,"link":{"title":"Playas","url":"https:\/\/lloretdemar.org\/es\/que-hacer-en-lloret\/lloret-de-mar-de-dia\/playas\/","target":""}},{"titol":"Hoteles especializados","descripcio":"Lloret cuenta con un gran n\u00famero de establecimientos especializados en turismo familiar con actividades para los m\u00e1s peque\u00f1os y espacios pensados solo para ellos. \u00a1En algunos incluso hay un parque acu\u00e1tico!","imatge":5770,"link":{"title":"D\u00f3nde dormir","url":"https:\/\/lloretdemar.org\/es\/planifica-tu-viaje\/donde-dormir\/#5932","target":"_blank"}},{"titol":"Parques infantiles","descripcio":"Si durante vuestra estancia quer\u00e9is disfrutar de un rato de juegos en un parque infantil, consulta este mapa para saber cu\u00e1l te coge m\u00e1s cerca.","imatge":5761,"link":{"title":"Parques infantiles","url":"https:\/\/gisweb.lloret.org\/enmapa25\/visor\/guia?centre=487028.2,4616709.0&capes=GLL_MOB_JOCSINF&escala=10000&lang=ca","target":""}}]},{"acf_fc_layout":"bloc_idees","patro":10019,"titol":"Ideas de nuestros visitantes","subtitol":"La mejor manera de conocer Lloret de Mar a trav\u00e9s de los ojos de los que ya nos han visitado. Ellos ya lo han probado, \u00bfte animas a venir?","links":[{"enllac":{"title":"Familia en Ruta","url":"https:\/\/familiasenruta.com\/destinos\/blanes-lloret-con-ninos\/","target":"_blank"}},{"enllac":{"title":"Manna Proof","url":"https:\/\/www.mammaproof.org\/barcelona\/escapada-familia-lloret\/","target":"_blank"}},{"enllac":{"title":"Sauce Pan Kids","url":"http:\/\/saucepankids.com\/2018\/05\/top-13-family-friendly-things-to-do-in-costa-brava\/","target":"_blank"}},{"enllac":{"title":"Con peques se puede","url":"https:\/\/conpequessepuede.com\/desterrando-mitos-lloret-de-mar-destino-familiar\/","target":"_blank"}},{"enllac":{"title":"The family company","url":"http:\/\/thefamilycompany.it\/2018\/10\/24\/catalogna-con-bambini-estate-itinerario-di-una-settimana\/","target":"_blank"}},{"enllac":{"title":"El pachinko","url":"https:\/\/elpachinko.com\/cataluna\/que-ver-en-lloret-de-mar-con-ninos\/","target":"_blank"}}]},{"acf_fc_layout":"grid","titol":"Las propuestas que no te puedes perder si vienes a Lloret de Mar en familia ","subtitol":"","grid":[{"titol":"Waterworld","imatge":9940,"link_intern_o_extern":"intern","link_intern":1498,"link_extern":null},{"titol":"Jardines de Santa Clotilde","imatge":9946,"link_intern_o_extern":"intern","link_intern":1671,"link_extern":null},{"titol":"Museo del Mar","imatge":9952,"link_intern_o_extern":"intern","link_intern":4334,"link_extern":null},{"titol":"Playas","imatge":5764,"link_intern_o_extern":"intern","link_intern":976,"link_extern":null}]},{"acf_fc_layout":"bloc_descarrega","titol":"Pinta con nosotros","subtitol":"Desc\u00e1rgate aqu\u00ed unos dibujos de Lloret de Mar para llevar nuestra ciudad all\u00e1 donde vayas. ","imatge":9870,"descarrega_titol":"Desc\u00e1rgate los dibujos","descarrega":14604,"color":"#EA6812"}]},"yoast_head":"<!-- This site is optimized with the Yoast SEO plugin v27.4 - https:\/\/yoast.com\/product\/yoast-seo-wordpress\/ -->\n<title>Lloret &amp; Familias - Lloret de Mar<\/title>\n<meta name=\"robots\" content=\"index, follow, max-snippet:-1, max-image-preview:large, max-video-preview:-1\" \/>\n<link rel=\"canonical\" href=\"https:\/\/lloretdemar.org\/es\/lloret-familias\/\" \/>\n<meta property=\"og:locale\" content=\"es_ES\" \/>\n<meta property=\"og:type\" content=\"article\" \/>\n<meta property=\"og:title\" content=\"Lloret &amp; Familias - Lloret de Mar\" \/>\n<meta property=\"og:url\" content=\"https:\/\/lloretdemar.org\/es\/lloret-familias\/\" \/>\n<meta property=\"og:site_name\" content=\"Lloret de Mar\" \/>\n<meta property=\"article:publisher\" content=\"https:\/\/www.facebook.com\/Lloretturisme\" \/>\n<meta property=\"article:modified_time\" content=\"2026-01-28T13:25:29+00:00\" \/>\n<meta property=\"og:image\" content=\"https:\/\/lloretdemar.org\/wp-content\/uploads\/2020\/01\/familiar-9.jpg\" \/>\n\t<meta property=\"og:image:width\" content=\"1920\" \/>\n\t<meta property=\"og:image:height\" content=\"885\" \/>\n\t<meta property=\"og:image:type\" content=\"image\/jpeg\" \/>\n<meta name=\"twitter:card\" content=\"summary_large_image\" \/>\n<meta name=\"twitter:site\" content=\"@lloretturisme\" \/>\n<script type=\"application\/ld+json\" class=\"yoast-schema-graph\">{\"@context\":\"https:\\\/\\\/schema.org\",\"@graph\":[{\"@type\":\"WebPage\",\"@id\":\"https:\\\/\\\/lloretdemar.org\\\/es\\\/lloret-familias\\\/\",\"url\":\"https:\\\/\\\/lloretdemar.org\\\/es\\\/lloret-familias\\\/\",\"name\":\"Lloret & Familias - Lloret de Mar\",\"isPartOf\":{\"@id\":\"https:\\\/\\\/lloretdemar.org\\\/es\\\/#website\"},\"datePublished\":\"2020-03-11T09:43:28+00:00\",\"dateModified\":\"2026-01-28T13:25:29+00:00\",\"description\":\"Lloret de Mar\",\"breadcrumb\":{\"@id\":\"https:\\\/\\\/lloretdemar.org\\\/es\\\/lloret-familias\\\/#breadcrumb\"},\"inLanguage\":\"es\",\"potentialAction\":[{\"@type\":\"ReadAction\",\"target\":[\"https:\\\/\\\/lloretdemar.org\\\/es\\\/lloret-familias\\\/\"]}]},{\"@type\":\"BreadcrumbList\",\"@id\":\"https:\\\/\\\/lloretdemar.org\\\/es\\\/lloret-familias\\\/#breadcrumb\",\"itemListElement\":[{\"@type\":\"ListItem\",\"position\":1,\"name\":\"Home\",\"item\":\"https:\\\/\\\/lloretdemar.org\\\/es\\\/\"},{\"@type\":\"ListItem\",\"position\":2,\"name\":\"Lloret &#038; Familias\"}]},{\"@type\":\"WebSite\",\"@id\":\"https:\\\/\\\/lloretdemar.org\\\/es\\\/#website\",\"url\":\"https:\\\/\\\/lloretdemar.org\\\/es\\\/\",\"name\":\"Lloret de Mar\",\"description\":\"\",\"publisher\":{\"@id\":\"https:\\\/\\\/lloretdemar.org\\\/es\\\/#organization\"},\"potentialAction\":[{\"@type\":\"SearchAction\",\"target\":{\"@type\":\"EntryPoint\",\"urlTemplate\":\"https:\\\/\\\/lloretdemar.org\\\/es\\\/?s={search_term_string}\"},\"query-input\":{\"@type\":\"PropertyValueSpecification\",\"valueRequired\":true,\"valueName\":\"search_term_string\"}}],\"inLanguage\":\"es\"},{\"@type\":\"Organization\",\"@id\":\"https:\\\/\\\/lloretdemar.org\\\/es\\\/#organization\",\"name\":\"Lloret de Mar\",\"url\":\"https:\\\/\\\/lloretdemar.org\\\/es\\\/\",\"logo\":{\"@type\":\"ImageObject\",\"inLanguage\":\"es\",\"@id\":\"https:\\\/\\\/lloretdemar.org\\\/es\\\/#\\\/schema\\\/logo\\\/image\\\/\",\"url\":\"https:\\\/\\\/lloretdemar.org\\\/wp-content\\\/uploads\\\/2020\\\/05\\\/lloret-de-mar-logo.png\",\"contentUrl\":\"https:\\\/\\\/lloretdemar.org\\\/wp-content\\\/uploads\\\/2020\\\/05\\\/lloret-de-mar-logo.png\",\"width\":87,\"height\":38,\"caption\":\"Lloret de Mar\"},\"image\":{\"@id\":\"https:\\\/\\\/lloretdemar.org\\\/es\\\/#\\\/schema\\\/logo\\\/image\\\/\"},\"sameAs\":[\"https:\\\/\\\/www.facebook.com\\\/Lloretturisme\",\"https:\\\/\\\/x.com\\\/lloretturisme\",\"https:\\\/\\\/instagram.com\\\/lloretturisme\",\"https:\\\/\\\/www.youtube.com\\\/LloretTurisme\"]}]}<\/script>\n<!-- \/ Yoast SEO plugin. -->","yoast_head_json":{"title":"Lloret & Familias - Lloret de Mar","robots":{"index":"index","follow":"follow","max-snippet":"max-snippet:-1","max-image-preview":"max-image-preview:large","max-video-preview":"max-video-preview:-1"},"canonical":"https:\/\/lloretdemar.org\/es\/lloret-familias\/","og_locale":"es_ES","og_type":"article","og_title":"Lloret & Familias - Lloret de Mar","og_url":"https:\/\/lloretdemar.org\/es\/lloret-familias\/","og_site_name":"Lloret de Mar","article_publisher":"https:\/\/www.facebook.com\/Lloretturisme","article_modified_time":"2026-01-28T13:25:29+00:00","og_image":[{"width":1920,"height":885,"url":"https:\/\/lloretdemar.org\/wp-content\/uploads\/2020\/01\/familiar-9.jpg","type":"image\/jpeg"}],"twitter_card":"summary_large_image","twitter_site":"@lloretturisme","schema":{"@context":"https:\/\/schema.org","@graph":[{"@type":"WebPage","@id":"https:\/\/lloretdemar.org\/es\/lloret-familias\/","url":"https:\/\/lloretdemar.org\/es\/lloret-familias\/","name":"Lloret & Familias - Lloret de Mar","isPartOf":{"@id":"https:\/\/lloretdemar.org\/es\/#website"},"datePublished":"2020-03-11T09:43:28+00:00","dateModified":"2026-01-28T13:25:29+00:00","description":"Lloret de Mar","breadcrumb":{"@id":"https:\/\/lloretdemar.org\/es\/lloret-familias\/#breadcrumb"},"inLanguage":"es","potentialAction":[{"@type":"ReadAction","target":["https:\/\/lloretdemar.org\/es\/lloret-familias\/"]}]},{"@type":"BreadcrumbList","@id":"https:\/\/lloretdemar.org\/es\/lloret-familias\/#breadcrumb","itemListElement":[{"@type":"ListItem","position":1,"name":"Home","item":"https:\/\/lloretdemar.org\/es\/"},{"@type":"ListItem","position":2,"name":"Lloret &#038; Familias"}]},{"@type":"WebSite","@id":"https:\/\/lloretdemar.org\/es\/#website","url":"https:\/\/lloretdemar.org\/es\/","name":"Lloret de Mar","description":"","publisher":{"@id":"https:\/\/lloretdemar.org\/es\/#organization"},"potentialAction":[{"@type":"SearchAction","target":{"@type":"EntryPoint","urlTemplate":"https:\/\/lloretdemar.org\/es\/?s={search_term_string}"},"query-input":{"@type":"PropertyValueSpecification","valueRequired":true,"valueName":"search_term_string"}}],"inLanguage":"es"},{"@type":"Organization","@id":"https:\/\/lloretdemar.org\/es\/#organization","name":"Lloret de Mar","url":"https:\/\/lloretdemar.org\/es\/","logo":{"@type":"ImageObject","inLanguage":"es","@id":"https:\/\/lloretdemar.org\/es\/#\/schema\/logo\/image\/","url":"https:\/\/lloretdemar.org\/wp-content\/uploads\/2020\/05\/lloret-de-mar-logo.png","contentUrl":"https:\/\/lloretdemar.org\/wp-content\/uploads\/2020\/05\/lloret-de-mar-logo.png","width":87,"height":38,"caption":"Lloret de Mar"},"image":{"@id":"https:\/\/lloretdemar.org\/es\/#\/schema\/logo\/image\/"},"sameAs":["https:\/\/www.facebook.com\/Lloretturisme","https:\/\/x.com\/lloretturisme","https:\/\/instagram.com\/lloretturisme","https:\/\/www.youtube.com\/LloretTurisme"]}]}},"_links":{"self":[{"href":"https:\/\/lloretdemar.org\/es\/wp-json\/wp\/v2\/pages\/14630","targetHints":{"allow":["GET"]}}],"collection":[{"href":"https:\/\/lloretdemar.org\/es\/wp-json\/wp\/v2\/pages"}],"about":[{"href":"https:\/\/lloretdemar.org\/es\/wp-json\/wp\/v2\/types\/page"}],"author":[{"embeddable":true,"href":"https:\/\/lloretdemar.org\/es\/wp-json\/wp\/v2\/users\/12"}],"replies":[{"embeddable":true,"href":"https:\/\/lloretdemar.org\/es\/wp-json\/wp\/v2\/comments?post=14630"}],"version-history":[{"count":12,"href":"https:\/\/lloretdemar.org\/es\/wp-json\/wp\/v2\/pages\/14630\/revisions"}],"predecessor-version":[{"id":43710,"href":"https:\/\/lloretdemar.org\/es\/wp-json\/wp\/v2\/pages\/14630\/revisions\/43710"}],"wp:attachment":[{"href":"https:\/\/lloretdemar.org\/es\/wp-json\/wp\/v2\/media?parent=14630"}],"curies":[{"name":"wp","href":"https:\/\/api.w.org\/{rel}","templated":true}]}}