{"id":10573,"date":"2020-03-03T10:17:43","date_gmt":"2020-03-03T09:17:43","guid":{"rendered":"http:\/\/lloretdemar.org\/sobre-lloret-de-mar\/informacio-practica-sobre-lloret-de-mar\/fulletons-turistics\/"},"modified":"2026-03-06T12:21:32","modified_gmt":"2026-03-06T11:21:32","slug":"folletos-turisticos","status":"publish","type":"page","link":"https:\/\/lloretdemar.org\/es\/que-hacer-en-lloret\/informacion-util-para-tu-estancia-en-lloret-de-mar\/folletos-turisticos\/","title":{"rendered":"Folletos tur\u00edsticos"},"content":{"rendered":"\r\n<p>Tr\u00edpticos, folletos, planos y gu\u00edas de todas las actividades de Lloret de Mar para descargar en PDF.<\/p>\r\n","protected":false},"excerpt":{"rendered":"<p>Tr\u00edpticos, folletos, planos y gu\u00edas de todas las actividades de Lloret de Mar para descargar en PDF.<\/p>\n","protected":false},"author":12,"featured_media":0,"parent":9619,"menu_order":0,"comment_status":"closed","ping_status":"closed","template":"page-templates\/mouret-15.php","meta":{"_acf_changed":false,"content-type":"","footnotes":""},"class_list":["post-10573","page","type-page","status-publish","hentry"],"acf":{"banner_imatge":6568,"banner_titol":"Folletos tur\u00edsticos","banner_subtitol":"","botons_blanc_o_negres":"defecte","banner_links":[{"es_post":false,"banner_link":{"title":"Brava","url":"#Brava","target":""},"link_intern":null,"link_intern_titol":""},{"es_post":false,"banner_link":{"title":"Plano de la ciudad","url":"#Planodelaciudad","target":""},"link_intern":null,"link_intern_titol":""},{"es_post":false,"banner_link":{"title":"Agenda de actividades","url":"#Agendadeactividades","target":""},"link_intern":null,"link_intern_titol":""},{"es_post":false,"banner_link":{"title":"Cuaderno de viaje","url":"#Cuadernodeviaje","target":"_blank"},"link_intern":null,"link_intern_titol":""},{"es_post":false,"banner_link":{"title":"Mapa Lloret hub","url":"#MapaLlorethub","target":""},"link_intern":null,"link_intern_titol":""},{"es_post":false,"banner_link":{"title":"Lloret Adventure","url":"#LloretAdventure","target":""},"link_intern":null,"link_intern_titol":""},{"es_post":false,"banner_link":{"title":"Gu\u00eda Lloreat Good","url":"#Gu\u00edaLloreatGood","target":""},"link_intern":null,"link_intern_titol":""},{"es_post":false,"banner_link":{"title":"Gu\u00eda de alojamiento y servicios","url":"#Gu\u00edadealojamientoyservicios","target":""},"link_intern":null,"link_intern_titol":""},{"es_post":false,"banner_link":{"title":"Ciclismo de carretera","url":"#Ciclismodecarretera","target":""},"link_intern":null,"link_intern_titol":""},{"es_post":false,"banner_link":{"title":"BTT","url":"#BTT","target":""},"link_intern":null,"link_intern_titol":""},{"es_post":false,"banner_link":{"title":"Lloret Running","url":"#LloretRunning","target":""},"link_intern":null,"link_intern_titol":""},{"es_post":false,"banner_link":{"title":"Sports Destination","url":"#SportsDestination","target":""},"link_intern":null,"link_intern_titol":""}],"blocs":[{"titol":"Brava","descripcio":"<strong>Brava! La gu\u00eda esencial de Lloret de Mar.<\/strong> Desc\u00e1rgatela haciendo clic en el siguiente bot\u00f3n:","imatge":39358,"es_enllac_intern_o_extern":"extern","link_intern":{"title":"Planol de la Vila","url":"https:\/\/mylloret.lloretdemar.org\/hubfs\/Planol%20de%20la%20Vila\/Planol%20de%20la%20Vila.pdf","target":"_blank"},"link_extern":"https:\/\/mylloret.lloretdemar.org\/hubfs\/Publicacions%20definitives\/BRAVA_ES.pdf","link_extern_text":"Brava!"},{"titol":"Plano de la ciudad","descripcio":"<strong>Plano, gu\u00eda de servicios de Lloret de Mar.<\/strong> Desc\u00e1rgatelo haciendo clic en el siguiente bot\u00f3n:","imatge":30145,"es_enllac_intern_o_extern":"extern","link_intern":{"title":"Gu\u00eda AMED","url":"https:\/\/mylloret.lloretdemar.org\/hubfs\/Lloreat\/AAFF_Mapa_Lloreat_OPT.pdf","target":"_blank"},"link_extern":"https:\/\/mylloret.lloretdemar.org\/hubfs\/Publicacions%20definitives\/28Agost_Mapa_bloc_web.pdf","link_extern_text":"Plano de Lloret de Mar"},{"titol":"Agenda de actividades","descripcio":"<strong>Agenda mensual de actividades de Lloret de Mar<\/strong>. Desc\u00e1rgatela haciendo clic en el siguiente bot\u00f3n:","imatge":30649,"es_enllac_intern_o_extern":"extern","link_intern":{"title":"Lloret Accommodation & Services","url":"https:\/\/mylloret.lloretdemar.org\/hubfs\/LLORET%20ACCOMMODATION\/guia%20accomodation.pdf","target":"_blank"},"link_extern":"https:\/\/mylloret.lloretdemar.org\/hubfs\/Agenda%20Lloret\/Agenda-Lloret.pdf","link_extern_text":"Agenda de actividades"},{"titol":"Cuaderno de viaje","descripcio":"<strong>Cuaderno de viaje de Lloret de Mar.<\/strong> Desc\u00e1rgatelo haciendo clic en el siguiente bot\u00f3n:","imatge":44463,"es_enllac_intern_o_extern":"extern","link_intern":{"title":"Lloret Hub","url":"http:\/\/lloretdemar.org\/wp-content\/uploads\/2020\/03\/mapa-hub.pdf","target":"_blank"},"link_extern":"https:\/\/mylloret.lloretdemar.org\/hubfs\/Publicacions%20definitives\/CuadernodeviajeLloretdeMar-ViajerosCallejeros_ES.pdf","link_extern_text":"Cuaderno de viaje de Lloret de Mar"},{"titol":"Mapa Lloret hub","descripcio":"<strong>Lloret de Mar, tu punto de partida.<\/strong> Desc\u00e1rgatelo haciendo clic en el siguiente bot\u00f3n:","imatge":39401,"es_enllac_intern_o_extern":"extern","link_intern":"","link_extern":"https:\/\/mylloret.lloretdemar.org\/hubfs\/Publicacions%20definitives\/03_Mapa_hub_plegat%20WEB.pdf","link_extern_text":"Mapa Lloret hub"},{"titol":"Lloret Adventure","descripcio":"<strong>Lloret Adventure. Outdoor Activities.<\/strong> Dec\u00e1rgatela haciendo clic en el siguiente bot\u00f3n:","imatge":39408,"es_enllac_intern_o_extern":"extern","link_intern":{"title":"Lloret Adventure","url":"https:\/\/mylloret.lloretdemar.org\/hubfs\/fullet%C3%B3%20adventure%202022\/fulleto%CC%81-aventura-A5%20-%20WEB.pdf","target":"_blank"},"link_extern":"https:\/\/mylloret.lloretdemar.org\/hubfs\/Publicacions%20definitives\/fulleto%20adventure%2010x21%20web.pdf","link_extern_text":"Lloret Adventure"},{"titol":"Gu\u00eda Lloreat Good","descripcio":"<strong>Gu\u00eda de establecimientos acreditados AMED. Establecimientos acreditados AMED, Sin Gluten y Little Foodies.<\/strong> Consulta y descarga la gu\u00eda aqu\u00ed:","imatge":6587,"es_enllac_intern_o_extern":"extern","link_intern":"","link_extern":"https:\/\/mylloret.lloretdemar.org\/hubfs\/Publicacions%20definitives\/LlorEatGood.pdf","link_extern_text":"Lloreat Good"},{"titol":"Gu\u00eda de alojamiento y servicios","descripcio":"<strong>Gu\u00eda de alojamientos y servicios de Lloret de Mar.<\/strong> Desc\u00e1rgatela clicando en el siguiente bot\u00f3n:","imatge":33874,"es_enllac_intern_o_extern":"extern","link_intern":{"title":"Lloret Adventure","url":"https:\/\/mylloret.lloretdemar.org\/hubfs\/fullet%C3%B3%20adventure%202022\/fulleto%CC%81-aventura-A5%20-%20WEB.pdf","target":"_blank"},"link_extern":"https:\/\/mylloret.lloretdemar.org\/hubfs\/LLORET%20ACCOMMODATION\/guia%20accomodation.pdf","link_extern_text":"Lloret Accommodation & Services"},{"titol":"Ciclismo de carretera","descripcio":"<strong>Ciclismo de carretera.<\/strong> Desc\u00e1rgatelo clicando en el siguiente bot\u00f3n:","imatge":39453,"es_enllac_intern_o_extern":"extern","link_intern":{"title":"Lloret Running","url":"http:\/\/lloretdemar.org\/wp-content\/uploads\/2020\/03\/running2019.pdf","target":"_blank"},"link_extern":"https:\/\/mylloret.lloretdemar.org\/hubfs\/Publicacions%20definitives\/web_ES_EN_DE_desplegable_carretera.pdf","link_extern_text":"Ciclismo de carretera"},{"titol":"BTT","descripcio":"<strong>BTT.<\/strong> Desc\u00e1rgatelo clicando en el siguiente bot\u00f3n:","imatge":39447,"es_enllac_intern_o_extern":"extern","link_intern":{"title":"Lloret Running","url":"http:\/\/lloretdemar.org\/wp-content\/uploads\/2020\/03\/running2019.pdf","target":"_blank"},"link_extern":"https:\/\/mylloret.lloretdemar.org\/hubfs\/Publicacions%20definitives\/web_ES_EN_DE_desplegable_BTT.pdf","link_extern_text":"BTT"},{"titol":"Lloret Running","descripcio":"<strong>Plano Lloret Running.<\/strong> Desc\u00e1rgatelo haciendo clic en el siguiente bot\u00f3n:","imatge":6611,"es_enllac_intern_o_extern":"extern","link_intern":null,"link_extern":"https:\/\/mylloret.lloretdemar.org\/hubfs\/Publicacions%20definitives\/Tr%C3%ADptic%20running%20web.pdf","link_extern_text":"Running"},{"titol":"Sports Destination","descripcio":"<strong>Gu\u00eda Sports Destination.<\/strong> Desc\u00e1rgatelo haciendo clic en el siguiente bot\u00f3n:","imatge":39414,"es_enllac_intern_o_extern":"extern","link_intern":null,"link_extern":"https:\/\/mylloret.lloretdemar.org\/hubfs\/Publicacions%20definitives\/Guia%20esportiu%20ES%20EN%20DE%20web.pdf","link_extern_text":"Sports Destination"}],"titol_boto":"","document":"","apartats":null},"yoast_head":"<!-- This site is optimized with the Yoast SEO plugin v27.5 - https:\/\/yoast.com\/product\/yoast-seo-wordpress\/ -->\n<title>Folletos tur\u00edsticos - Lloret de Mar<\/title>\n<meta name=\"description\" content=\"Tr\u00edpticos, folletos, planos y gu\u00edas de todas las actividades de Lloret de Mar para descargar en PDF.\" \/>\n<meta name=\"robots\" content=\"index, follow, max-snippet:-1, max-image-preview:large, max-video-preview:-1\" \/>\n<link rel=\"canonical\" href=\"https:\/\/lloretdemar.org\/es\/que-hacer-en-lloret\/informacion-util-para-tu-estancia-en-lloret-de-mar\/folletos-turisticos\/\" \/>\n<meta property=\"og:locale\" content=\"es_ES\" \/>\n<meta property=\"og:type\" content=\"article\" \/>\n<meta property=\"og:title\" content=\"Folletos tur\u00edsticos - Lloret de Mar\" \/>\n<meta property=\"og:description\" content=\"Tr\u00edpticos, folletos, planos y gu\u00edas de todas las actividades de Lloret de Mar para descargar en PDF.\" \/>\n<meta property=\"og:url\" content=\"https:\/\/lloretdemar.org\/es\/que-hacer-en-lloret\/informacion-util-para-tu-estancia-en-lloret-de-mar\/folletos-turisticos\/\" \/>\n<meta property=\"og:site_name\" content=\"Lloret de Mar\" \/>\n<meta property=\"article:publisher\" content=\"https:\/\/www.facebook.com\/Lloretturisme\" \/>\n<meta property=\"article:modified_time\" content=\"2026-03-06T11:21:32+00:00\" \/>\n<meta property=\"og:image\" content=\"https:\/\/lloretdemar.org\/wp-content\/uploads\/2020\/03\/fulletons.png\" \/>\n\t<meta property=\"og:image:width\" content=\"1920\" \/>\n\t<meta property=\"og:image:height\" content=\"885\" \/>\n\t<meta property=\"og:image:type\" content=\"image\/jpeg\" \/>\n<meta name=\"twitter:card\" content=\"summary_large_image\" \/>\n<meta name=\"twitter:site\" content=\"@lloretturisme\" \/>\n<meta name=\"twitter:label1\" content=\"Tiempo de lectura\" \/>\n\t<meta name=\"twitter:data1\" content=\"1 minuto\" \/>\n<script type=\"application\/ld+json\" class=\"yoast-schema-graph\">{\"@context\":\"https:\\\/\\\/schema.org\",\"@graph\":[{\"@type\":\"WebPage\",\"@id\":\"https:\\\/\\\/lloretdemar.org\\\/es\\\/que-hacer-en-lloret\\\/informacion-util-para-tu-estancia-en-lloret-de-mar\\\/folletos-turisticos\\\/\",\"url\":\"https:\\\/\\\/lloretdemar.org\\\/es\\\/que-hacer-en-lloret\\\/informacion-util-para-tu-estancia-en-lloret-de-mar\\\/folletos-turisticos\\\/\",\"name\":\"Folletos tur\u00edsticos - Lloret de Mar\",\"isPartOf\":{\"@id\":\"https:\\\/\\\/lloretdemar.org\\\/es\\\/#website\"},\"datePublished\":\"2020-03-03T09:17:43+00:00\",\"dateModified\":\"2026-03-06T11:21:32+00:00\",\"description\":\"Lloret de Mar\",\"breadcrumb\":{\"@id\":\"https:\\\/\\\/lloretdemar.org\\\/es\\\/que-hacer-en-lloret\\\/informacion-util-para-tu-estancia-en-lloret-de-mar\\\/folletos-turisticos\\\/#breadcrumb\"},\"inLanguage\":\"es\",\"potentialAction\":[{\"@type\":\"ReadAction\",\"target\":[\"https:\\\/\\\/lloretdemar.org\\\/es\\\/que-hacer-en-lloret\\\/informacion-util-para-tu-estancia-en-lloret-de-mar\\\/folletos-turisticos\\\/\"]}]},{\"@type\":\"BreadcrumbList\",\"@id\":\"https:\\\/\\\/lloretdemar.org\\\/es\\\/que-hacer-en-lloret\\\/informacion-util-para-tu-estancia-en-lloret-de-mar\\\/folletos-turisticos\\\/#breadcrumb\",\"itemListElement\":[{\"@type\":\"ListItem\",\"position\":1,\"name\":\"Home\",\"item\":\"https:\\\/\\\/lloretdemar.org\\\/es\\\/\"},{\"@type\":\"ListItem\",\"position\":2,\"name\":\"Qu\u00e9 hacer en Lloret\",\"item\":\"https:\\\/\\\/lloretdemar.org\\\/es\\\/que-hacer-en-lloret\\\/\"},{\"@type\":\"ListItem\",\"position\":3,\"name\":\"Informaci\u00f3n \u00fatil para tu estancia en Lloret de Mar\",\"item\":\"https:\\\/\\\/lloretdemar.org\\\/es\\\/que-hacer-en-lloret\\\/informacion-util-para-tu-estancia-en-lloret-de-mar\\\/\"},{\"@type\":\"ListItem\",\"position\":4,\"name\":\"Folletos tur\u00edsticos\"}]},{\"@type\":\"WebSite\",\"@id\":\"https:\\\/\\\/lloretdemar.org\\\/es\\\/#website\",\"url\":\"https:\\\/\\\/lloretdemar.org\\\/es\\\/\",\"name\":\"Lloret de Mar\",\"description\":\"\",\"publisher\":{\"@id\":\"https:\\\/\\\/lloretdemar.org\\\/es\\\/#organization\"},\"potentialAction\":[{\"@type\":\"SearchAction\",\"target\":{\"@type\":\"EntryPoint\",\"urlTemplate\":\"https:\\\/\\\/lloretdemar.org\\\/es\\\/?s={search_term_string}\"},\"query-input\":{\"@type\":\"PropertyValueSpecification\",\"valueRequired\":true,\"valueName\":\"search_term_string\"}}],\"inLanguage\":\"es\"},{\"@type\":\"Organization\",\"@id\":\"https:\\\/\\\/lloretdemar.org\\\/es\\\/#organization\",\"name\":\"Lloret de Mar\",\"url\":\"https:\\\/\\\/lloretdemar.org\\\/es\\\/\",\"logo\":{\"@type\":\"ImageObject\",\"inLanguage\":\"es\",\"@id\":\"https:\\\/\\\/lloretdemar.org\\\/es\\\/#\\\/schema\\\/logo\\\/image\\\/\",\"url\":\"https:\\\/\\\/lloretdemar.org\\\/wp-content\\\/uploads\\\/2020\\\/05\\\/lloret-de-mar-logo.png\",\"contentUrl\":\"https:\\\/\\\/lloretdemar.org\\\/wp-content\\\/uploads\\\/2020\\\/05\\\/lloret-de-mar-logo.png\",\"width\":87,\"height\":38,\"caption\":\"Lloret de Mar\"},\"image\":{\"@id\":\"https:\\\/\\\/lloretdemar.org\\\/es\\\/#\\\/schema\\\/logo\\\/image\\\/\"},\"sameAs\":[\"https:\\\/\\\/www.facebook.com\\\/Lloretturisme\",\"https:\\\/\\\/x.com\\\/lloretturisme\",\"https:\\\/\\\/instagram.com\\\/lloretturisme\",\"https:\\\/\\\/www.youtube.com\\\/LloretTurisme\"]}]}<\/script>\n<!-- \/ Yoast SEO plugin. -->","yoast_head_json":{"title":"Folletos tur\u00edsticos - Lloret de Mar","description":"Tr\u00edpticos, folletos, planos y gu\u00edas de todas las actividades de Lloret de Mar para descargar en PDF.","robots":{"index":"index","follow":"follow","max-snippet":"max-snippet:-1","max-image-preview":"max-image-preview:large","max-video-preview":"max-video-preview:-1"},"canonical":"https:\/\/lloretdemar.org\/es\/que-hacer-en-lloret\/informacion-util-para-tu-estancia-en-lloret-de-mar\/folletos-turisticos\/","og_locale":"es_ES","og_type":"article","og_title":"Folletos tur\u00edsticos - Lloret de Mar","og_description":"Tr\u00edpticos, folletos, planos y gu\u00edas de todas las actividades de Lloret de Mar para descargar en PDF.","og_url":"https:\/\/lloretdemar.org\/es\/que-hacer-en-lloret\/informacion-util-para-tu-estancia-en-lloret-de-mar\/folletos-turisticos\/","og_site_name":"Lloret de Mar","article_publisher":"https:\/\/www.facebook.com\/Lloretturisme","article_modified_time":"2026-03-06T11:21:32+00:00","og_image":[{"width":1920,"height":885,"url":"https:\/\/lloretdemar.org\/wp-content\/uploads\/2020\/03\/fulletons.png","type":"image\/jpeg"}],"twitter_card":"summary_large_image","twitter_site":"@lloretturisme","twitter_misc":{"Tiempo de lectura":"1 minuto"},"schema":{"@context":"https:\/\/schema.org","@graph":[{"@type":"WebPage","@id":"https:\/\/lloretdemar.org\/es\/que-hacer-en-lloret\/informacion-util-para-tu-estancia-en-lloret-de-mar\/folletos-turisticos\/","url":"https:\/\/lloretdemar.org\/es\/que-hacer-en-lloret\/informacion-util-para-tu-estancia-en-lloret-de-mar\/folletos-turisticos\/","name":"Folletos tur\u00edsticos - Lloret de Mar","isPartOf":{"@id":"https:\/\/lloretdemar.org\/es\/#website"},"datePublished":"2020-03-03T09:17:43+00:00","dateModified":"2026-03-06T11:21:32+00:00","description":"Lloret de Mar","breadcrumb":{"@id":"https:\/\/lloretdemar.org\/es\/que-hacer-en-lloret\/informacion-util-para-tu-estancia-en-lloret-de-mar\/folletos-turisticos\/#breadcrumb"},"inLanguage":"es","potentialAction":[{"@type":"ReadAction","target":["https:\/\/lloretdemar.org\/es\/que-hacer-en-lloret\/informacion-util-para-tu-estancia-en-lloret-de-mar\/folletos-turisticos\/"]}]},{"@type":"BreadcrumbList","@id":"https:\/\/lloretdemar.org\/es\/que-hacer-en-lloret\/informacion-util-para-tu-estancia-en-lloret-de-mar\/folletos-turisticos\/#breadcrumb","itemListElement":[{"@type":"ListItem","position":1,"name":"Home","item":"https:\/\/lloretdemar.org\/es\/"},{"@type":"ListItem","position":2,"name":"Qu\u00e9 hacer en Lloret","item":"https:\/\/lloretdemar.org\/es\/que-hacer-en-lloret\/"},{"@type":"ListItem","position":3,"name":"Informaci\u00f3n \u00fatil para tu estancia en Lloret de Mar","item":"https:\/\/lloretdemar.org\/es\/que-hacer-en-lloret\/informacion-util-para-tu-estancia-en-lloret-de-mar\/"},{"@type":"ListItem","position":4,"name":"Folletos tur\u00edsticos"}]},{"@type":"WebSite","@id":"https:\/\/lloretdemar.org\/es\/#website","url":"https:\/\/lloretdemar.org\/es\/","name":"Lloret de Mar","description":"","publisher":{"@id":"https:\/\/lloretdemar.org\/es\/#organization"},"potentialAction":[{"@type":"SearchAction","target":{"@type":"EntryPoint","urlTemplate":"https:\/\/lloretdemar.org\/es\/?s={search_term_string}"},"query-input":{"@type":"PropertyValueSpecification","valueRequired":true,"valueName":"search_term_string"}}],"inLanguage":"es"},{"@type":"Organization","@id":"https:\/\/lloretdemar.org\/es\/#organization","name":"Lloret de Mar","url":"https:\/\/lloretdemar.org\/es\/","logo":{"@type":"ImageObject","inLanguage":"es","@id":"https:\/\/lloretdemar.org\/es\/#\/schema\/logo\/image\/","url":"https:\/\/lloretdemar.org\/wp-content\/uploads\/2020\/05\/lloret-de-mar-logo.png","contentUrl":"https:\/\/lloretdemar.org\/wp-content\/uploads\/2020\/05\/lloret-de-mar-logo.png","width":87,"height":38,"caption":"Lloret de Mar"},"image":{"@id":"https:\/\/lloretdemar.org\/es\/#\/schema\/logo\/image\/"},"sameAs":["https:\/\/www.facebook.com\/Lloretturisme","https:\/\/x.com\/lloretturisme","https:\/\/instagram.com\/lloretturisme","https:\/\/www.youtube.com\/LloretTurisme"]}]}},"_links":{"self":[{"href":"https:\/\/lloretdemar.org\/es\/wp-json\/wp\/v2\/pages\/10573","targetHints":{"allow":["GET"]}}],"collection":[{"href":"https:\/\/lloretdemar.org\/es\/wp-json\/wp\/v2\/pages"}],"about":[{"href":"https:\/\/lloretdemar.org\/es\/wp-json\/wp\/v2\/types\/page"}],"author":[{"embeddable":true,"href":"https:\/\/lloretdemar.org\/es\/wp-json\/wp\/v2\/users\/12"}],"replies":[{"embeddable":true,"href":"https:\/\/lloretdemar.org\/es\/wp-json\/wp\/v2\/comments?post=10573"}],"version-history":[{"count":28,"href":"https:\/\/lloretdemar.org\/es\/wp-json\/wp\/v2\/pages\/10573\/revisions"}],"predecessor-version":[{"id":44475,"href":"https:\/\/lloretdemar.org\/es\/wp-json\/wp\/v2\/pages\/10573\/revisions\/44475"}],"up":[{"embeddable":true,"href":"https:\/\/lloretdemar.org\/es\/wp-json\/wp\/v2\/pages\/9619"}],"wp:attachment":[{"href":"https:\/\/lloretdemar.org\/es\/wp-json\/wp\/v2\/media?parent=10573"}],"curies":[{"name":"wp","href":"https:\/\/api.w.org\/{rel}","templated":true}]}}