{"id":10550,"date":"2020-01-23T18:12:53","date_gmt":"2020-01-23T17:12:53","guid":{"rendered":"http:\/\/lloretdemar.org\/lloret-de-mar-de-dia\/cultura\/lloret-dels-indians\/"},"modified":"2022-09-22T13:28:16","modified_gmt":"2022-09-22T11:28:16","slug":"lloret-de-los-indianos","status":"publish","type":"page","link":"https:\/\/lloretdemar.org\/es\/que-hacer-en-lloret\/lloret-de-mar-de-dia\/cultura\/lloret-de-los-indianos\/","title":{"rendered":"Lloret de los Indianos"},"content":{"rendered":"<p style=\"text-align: justify;\">Antes de que los turistas descubrieran la belleza de las playas y calas de Lloret de Mar, la ciudad ya ten\u00eda una estrecha relaci\u00f3n con el mar. Primeramente como pueblo de pescadores y luego con el comercio de ultramar.<\/p>\n<p style=\"text-align: justify;\">A mediados del siglo XVIII, hab\u00eda muchos navegantes lloretenses que iban a Am\u00e9rica para buscar fortuna. Eran los indianos, que en Lloret de Mar eran llamados americanos.<\/p>\n<p style=\"text-align: left;\">El a\u00f1o 1778, el rey Carlos III promulg\u00f3 el Decreto del Libre Comercio con las colonias americanas y este fue el impulso definitivo para que muchos se embarcaran en esta aventura. Fue la \u00e9poca en la que se empezaron a construir grandes barcos en las playas de Lloret para irse a Am\u00e9rica, donde algunos lloretenses lograron crearse una fortuna.<\/p>\n<p>\u00a0<\/p>\n\n\n<p class=\"has-pale-cyan-blue-background-color has-text-color has-background has-medium-font-size\" style=\"color:#ffffff\"><strong>Explora la <a href=\"https:\/\/maps.lloretdemar.org\/es\/ruta-de-los-americanos-de-lloret-de-mar\">Ruta de los Americanos de Lloret de Mar<\/a><\/strong><\/p>\n\n\n\n<div style=\"height:40px\" aria-hidden=\"true\" class=\"wp-block-spacer\"><\/div>\n\n\n\n<div class=\"wp-block-buttons is-content-justification-center is-layout-flex wp-container-core-buttons-is-layout-16018d1d wp-block-buttons-is-layout-flex\">\n<div class=\"wp-block-button agenda-btn\"><a class=\"wp-block-button__link has-background\" href=\"https:\/\/maps.lloretdemar.org\/es\/lloret-de-los-indianos\" style=\"border-radius:0px;background-color:#4798e9\">Gu\u00eda interactiva<\/a><\/div>\n<\/div>\n","protected":false},"excerpt":{"rendered":"<p>Antes de que los turistas descubrieran la belleza de las playas y calas de Lloret de Mar, la ciudad ya ten\u00eda una estrecha relaci\u00f3n con el mar. Primeramente como pueblo de pescadores y luego con el comercio de ultramar. A mediados del siglo XVIII, hab\u00eda muchos navegantes lloretenses que iban a Am\u00e9rica para buscar fortuna. [&hellip;]<\/p>\n","protected":false},"author":12,"featured_media":0,"parent":10077,"menu_order":0,"comment_status":"closed","ping_status":"closed","template":"page-templates\/mouret-15.php","meta":{"_acf_changed":false,"content-type":"","footnotes":""},"class_list":["post-10550","page","type-page","status-publish","hentry"],"acf":{"banner_imatge":5891,"banner_titol":"Lloret de los Indianos","banner_subtitol":"","botons_blanc_o_negres":"defecte","banner_links":[{"es_post":false,"banner_link":{"title":"Cementerio Modernista","url":"http:\/\/lloretdemar.org\/es\/cultura\/cementiri-modernista\/","target":""},"link_intern":null,"link_intern_titol":""},{"es_post":false,"banner_link":{"title":"Museo del Mar \u2013 Can Garriga","url":"https:\/\/lloretdemar.org\/es\/cultura\/museo-del-mar-can-garriga\/","target":""},"link_intern":null,"link_intern_titol":""},{"es_post":false,"banner_link":{"title":"Iglesia parroquial de Sant Rom\u00e0","url":"http:\/\/lloretdemar.org\/es\/cultura\/esglesia-parroquial-de-sant-roma\/","target":""},"link_intern":null,"link_intern_titol":""},{"es_post":false,"banner_link":{"title":"Ayuntamiento - Casa de la Villa","url":"http:\/\/lloretdemar.org\/es\/cultura\/ajuntament\/","target":""},"link_intern":null,"link_intern_titol":""},{"es_post":false,"banner_link":{"title":"Paseo Moss\u00e8n Jacint Verdaguer ","url":"http:\/\/lloretdemar.org\/es\/cultura\/passeig-mossen-jacint-verdaguer\/","target":""},"link_intern":null,"link_intern_titol":""},{"es_post":false,"banner_link":{"title":"Can Font","url":"http:\/\/lloretdemar.org\/es\/cultura\/can-font\/","target":""},"link_intern":null,"link_intern_titol":""},{"es_post":false,"banner_link":{"title":"Sant Pere del Bosc","url":"http:\/\/lloretdemar.org\/es\/cultura\/sant-pere-del-bosc\/","target":""},"link_intern":null,"link_intern_titol":""},{"es_post":false,"banner_link":{"title":"Extensi\u00f3n al Condado del Jaruco \u2013 \u00c0ngel de Lloret","url":"http:\/\/lloretdemar.org\/es\/cultura\/extensio-al-condado-del-jaruco-angel-de-lloret\/","target":""},"link_intern":null,"link_intern_titol":""},{"es_post":false,"banner_link":{"title":"Cruz de t\u00e9rmino y Capilla de la Virgen de Gracia","url":"http:\/\/lloretdemar.org\/es\/cultura\/creu-de-terme-i-capella-de-la-mare-de-deu-de-gracia\/","target":""},"link_intern":null,"link_intern_titol":""},{"es_post":false,"banner_link":{"title":"Calle de les Viudes i de les Donzelles","url":"http:\/\/lloretdemar.org\/es\/cultura\/carrer-de-les-viudes-i-donzelles\/","target":""},"link_intern":null,"link_intern_titol":""}],"blocs":[{"titol":"Cementerio Modernista","descripcio":"El cementerio de Lloret de Mar pertenece a la Ruta Europea de Cementerios y est\u00e1 declarado como Bien de Inter\u00e9s Cultural. Es uno de los principales ejemplos de arte f\u00fanebre del s. XIX de Catalu\u00f1a y conserva una importante huella indiana.","imatge":4406,"es_enllac_intern_o_extern":"intern","link_intern":{"title":" M\u00e1s informaci\u00f3n","url":"https:\/\/lloretdemar.org\/es\/cultura\/cementerio-modernista\/","target":""},"link_extern":"","link_extern_text":""},{"titol":"Museo del mar \u2013 Casa Garriga","descripcio":"Situada en el paseo mar\u00edtimo, en primera l\u00ednea de mar, Can Garriga es una de las casas indianas m\u00e1s relevantes de Lloret de Mar. Actualmente, esta casa y su casa vecina, alojan el Museo del Mar, un espacio que explica el v\u00ednculo de Lloret de Mar con el mar.","imatge":4409,"es_enllac_intern_o_extern":"intern","link_intern":{"title":" M\u00e1s informaci\u00f3n","url":"https:\/\/lloretdemar.org\/es\/cultura\/museo-del-mar-can-garriga\/","target":""},"link_extern":"","link_extern_text":""},{"titol":"Iglesia Sant Rom\u00e0","descripcio":"Caminando por el centro hist\u00f3rico de Lloret de Mar te encuentras la iglesia de San Romano, patr\u00f3n de Lloret de Mar y un ejemplo patrimonial reflejo de dos \u00e9pocas de construcci\u00f3n y arquitectura muy diferentes.","imatge":4403,"es_enllac_intern_o_extern":"intern","link_intern":{"title":" M\u00e1s informaci\u00f3n","url":"https:\/\/lloretdemar.org\/es\/cultura\/iglesia-parroquial-de-sant-roma\/","target":""},"link_extern":"","link_extern_text":""},{"titol":"Ayuntamiento - Casa de la Villa","descripcio":"La Casa de la Villa de Lloret de Mar conserva la esencia hind\u00fa preside el paseo Moss\u00e8n Jacint Verdaguer, junto del mar.","imatge":4427,"es_enllac_intern_o_extern":"intern","link_intern":{"title":" M\u00e1s informaci\u00f3n","url":"https:\/\/lloretdemar.org\/es\/cultura\/ayuntamiento-casa-de-la-villa\/","target":""},"link_extern":"","link_extern_text":""},{"titol":"Paseo Moss\u00e8n Jacint Verdaguer","descripcio":"Mart\u00ed Sureda concibi\u00f3 nuestro paseo con las medidas justas, sin exageraciones, en una zona ganada al mar. En un extremo se construir\u00eda, en 1872, la Casa de la Villa, obra del arquitecto F\u00e9lix de Az\u00faa, y en el otro, la Casa Garriga, edificada en 1887.","imatge":4471,"es_enllac_intern_o_extern":"intern","link_intern":{"title":" M\u00e1s informaci\u00f3n","url":"https:\/\/lloretdemar.org\/es\/cultura\/paseo-mossen-jacint-verdaguer\/","target":""},"link_extern":"","link_extern_text":""},{"titol":"Can Font","descripcio":"Can Font es un edificio de estilo modernista, conocido tambi\u00e9n como Cal Conde o Can Piuet. Fue construida en 1877 por encargo de Nicolau Font y Mayo, su primer propietario.","imatge":4474,"es_enllac_intern_o_extern":"intern","link_intern":{"title":" M\u00e1s informaci\u00f3n","url":"https:\/\/lloretdemar.org\/es\/cultura\/can-font\/","target":""},"link_extern":"","link_extern_text":""},{"titol":"Sant Pere del Bosc","descripcio":"A 5 km del centro de Lloret de Mar, rodeado por la naturaleza, encontramos el hotel-restaurante de San Pedro del Bosque, recuperado de un antiguo Monasterio Benedictino del siglo X y reconstruido por Puig i Cadafalch en el XIX.","imatge":6127,"es_enllac_intern_o_extern":"intern","link_intern":{"title":" M\u00e1s informaci\u00f3n","url":"https:\/\/lloretdemar.org\/es\/cultura\/sant-pere-del-bosc\/","target":""},"link_extern":"","link_extern_text":""},{"titol":"Extensi\u00f3n al Condado del Jaruco \u2013 \u00c0ngel de Lloret","descripcio":"A las puertas de San Pedro del Bosque, te recibe la c\u00e9lebre escultura del \u00c1ngel de Lloret. Camino de San Pedro del Bosque.","imatge":7236,"es_enllac_intern_o_extern":"intern","link_intern":{"title":" M\u00e1s informaci\u00f3n","url":"https:\/\/lloretdemar.org\/es\/cultura\/extension-al-condado-del-jaruco-angel-de-lloret\/","target":""},"link_extern":"","link_extern_text":""},{"titol":"Cruz de t\u00e9rmino y Capilla de la Virgen de Gracia","descripcio":"Si avanzamos hacia el monasterio, encontramos la cruz de t\u00e9rmino y la capilla-oratorio de la Virgen de Gracia, obra de Josep Puig y Cadafalch con trabajos escult\u00f3ricos de Eusebi Arnau. Camino de Sant Pere del Bosc.","imatge":7242,"es_enllac_intern_o_extern":"intern","link_intern":{"title":" M\u00e1s informaci\u00f3n","url":"https:\/\/lloretdemar.org\/es\/cultura\/cruz-de-termino-y-capilla-de-la-virgen-de-gracia\/","target":""},"link_extern":"","link_extern_text":""},{"titol":"Calle de les Viudes i de les Donzelles","descripcio":"El callej\u00f3n de curioso nombre nos recuerda un t\u00f3pico asociado a la leyenda de los indianos: doncellas j\u00f3venes que se convert\u00edan en acaudaladas viudas al morir los esposos indianos. Una cl\u00e1usula en el testamento las blindaba para volverse a casar.","imatge":7248,"es_enllac_intern_o_extern":"intern","link_intern":{"title":" M\u00e1s informaci\u00f3n","url":"https:\/\/lloretdemar.org\/es\/cultura\/calle-de-les-viudes-i-de-les-donzelles\/","target":""},"link_extern":"","link_extern_text":""}],"titol_boto":"","document":"","apartats":null},"yoast_head":"<!-- This site is optimized with the Yoast SEO plugin v27.5 - https:\/\/yoast.com\/product\/yoast-seo-wordpress\/ -->\n<title>Lloret de los Indianos - Lloret de Mar<\/title>\n<meta name=\"description\" content=\"Antes de que los turistas descubrieran la belleza de las playas y calas de Lloret de Mar, la ciudad ya ten\u00eda una estrecha relaci\u00f3n con el mar. Primeramente como pueblo de pescadores y luego con el comercio de ultramar. A mediados del siglo XVIII, hab\u00eda muchos navegantes lloretenses que iban a Am\u00e9rica para buscar fortuna.&hellip;\" \/>\n<meta name=\"robots\" content=\"index, follow, max-snippet:-1, max-image-preview:large, max-video-preview:-1\" \/>\n<link rel=\"canonical\" href=\"https:\/\/lloretdemar.org\/es\/que-hacer-en-lloret\/lloret-de-mar-de-dia\/cultura\/lloret-de-los-indianos\/\" \/>\n<meta property=\"og:locale\" content=\"es_ES\" \/>\n<meta property=\"og:type\" content=\"article\" \/>\n<meta property=\"og:title\" content=\"Lloret de los Indianos - Lloret de Mar\" \/>\n<meta property=\"og:description\" content=\"Antes de que los turistas descubrieran la belleza de las playas y calas de Lloret de Mar, la ciudad ya ten\u00eda una estrecha relaci\u00f3n con el mar. Primeramente como pueblo de pescadores y luego con el comercio de ultramar. A mediados del siglo XVIII, hab\u00eda muchos navegantes lloretenses que iban a Am\u00e9rica para buscar fortuna.&hellip;\" \/>\n<meta property=\"og:url\" content=\"https:\/\/lloretdemar.org\/es\/que-hacer-en-lloret\/lloret-de-mar-de-dia\/cultura\/lloret-de-los-indianos\/\" \/>\n<meta property=\"og:site_name\" content=\"Lloret de Mar\" \/>\n<meta property=\"article:publisher\" content=\"https:\/\/www.facebook.com\/Lloretturisme\" \/>\n<meta property=\"article:modified_time\" content=\"2022-09-22T11:28:16+00:00\" \/>\n<meta property=\"og:image\" content=\"https:\/\/lloretdemar.org\/wp-content\/uploads\/2020\/02\/slide-cultura-indians.jpg\" \/>\n\t<meta property=\"og:image:width\" content=\"1920\" \/>\n\t<meta property=\"og:image:height\" content=\"885\" \/>\n\t<meta property=\"og:image:type\" content=\"image\/jpeg\" \/>\n<meta name=\"twitter:card\" content=\"summary_large_image\" \/>\n<meta name=\"twitter:site\" content=\"@lloretturisme\" \/>\n<meta name=\"twitter:label1\" content=\"Tiempo de lectura\" \/>\n\t<meta name=\"twitter:data1\" content=\"1 minuto\" \/>\n<script type=\"application\/ld+json\" class=\"yoast-schema-graph\">{\"@context\":\"https:\\\/\\\/schema.org\",\"@graph\":[{\"@type\":\"WebPage\",\"@id\":\"https:\\\/\\\/lloretdemar.org\\\/es\\\/que-hacer-en-lloret\\\/lloret-de-mar-de-dia\\\/cultura\\\/lloret-de-los-indianos\\\/\",\"url\":\"https:\\\/\\\/lloretdemar.org\\\/es\\\/que-hacer-en-lloret\\\/lloret-de-mar-de-dia\\\/cultura\\\/lloret-de-los-indianos\\\/\",\"name\":\"Lloret de los Indianos - Lloret de Mar\",\"isPartOf\":{\"@id\":\"https:\\\/\\\/lloretdemar.org\\\/es\\\/#website\"},\"datePublished\":\"2020-01-23T17:12:53+00:00\",\"dateModified\":\"2022-09-22T11:28:16+00:00\",\"description\":\"Lloret de Mar\",\"breadcrumb\":{\"@id\":\"https:\\\/\\\/lloretdemar.org\\\/es\\\/que-hacer-en-lloret\\\/lloret-de-mar-de-dia\\\/cultura\\\/lloret-de-los-indianos\\\/#breadcrumb\"},\"inLanguage\":\"es\",\"potentialAction\":[{\"@type\":\"ReadAction\",\"target\":[\"https:\\\/\\\/lloretdemar.org\\\/es\\\/que-hacer-en-lloret\\\/lloret-de-mar-de-dia\\\/cultura\\\/lloret-de-los-indianos\\\/\"]}]},{\"@type\":\"BreadcrumbList\",\"@id\":\"https:\\\/\\\/lloretdemar.org\\\/es\\\/que-hacer-en-lloret\\\/lloret-de-mar-de-dia\\\/cultura\\\/lloret-de-los-indianos\\\/#breadcrumb\",\"itemListElement\":[{\"@type\":\"ListItem\",\"position\":1,\"name\":\"Home\",\"item\":\"https:\\\/\\\/lloretdemar.org\\\/es\\\/\"},{\"@type\":\"ListItem\",\"position\":2,\"name\":\"Qu\u00e9 hacer en Lloret\",\"item\":\"https:\\\/\\\/lloretdemar.org\\\/es\\\/que-hacer-en-lloret\\\/\"},{\"@type\":\"ListItem\",\"position\":3,\"name\":\"Lloret de Mar de D\u00eda\",\"item\":\"https:\\\/\\\/lloretdemar.org\\\/es\\\/que-hacer-en-lloret\\\/lloret-de-mar-de-dia\\\/\"},{\"@type\":\"ListItem\",\"position\":4,\"name\":\"Cultura\",\"item\":\"https:\\\/\\\/lloretdemar.org\\\/es\\\/que-hacer-en-lloret\\\/lloret-de-mar-de-dia\\\/cultura\\\/\"},{\"@type\":\"ListItem\",\"position\":5,\"name\":\"Lloret de los Indianos\"}]},{\"@type\":\"WebSite\",\"@id\":\"https:\\\/\\\/lloretdemar.org\\\/es\\\/#website\",\"url\":\"https:\\\/\\\/lloretdemar.org\\\/es\\\/\",\"name\":\"Lloret de Mar\",\"description\":\"\",\"publisher\":{\"@id\":\"https:\\\/\\\/lloretdemar.org\\\/es\\\/#organization\"},\"potentialAction\":[{\"@type\":\"SearchAction\",\"target\":{\"@type\":\"EntryPoint\",\"urlTemplate\":\"https:\\\/\\\/lloretdemar.org\\\/es\\\/?s={search_term_string}\"},\"query-input\":{\"@type\":\"PropertyValueSpecification\",\"valueRequired\":true,\"valueName\":\"search_term_string\"}}],\"inLanguage\":\"es\"},{\"@type\":\"Organization\",\"@id\":\"https:\\\/\\\/lloretdemar.org\\\/es\\\/#organization\",\"name\":\"Lloret de Mar\",\"url\":\"https:\\\/\\\/lloretdemar.org\\\/es\\\/\",\"logo\":{\"@type\":\"ImageObject\",\"inLanguage\":\"es\",\"@id\":\"https:\\\/\\\/lloretdemar.org\\\/es\\\/#\\\/schema\\\/logo\\\/image\\\/\",\"url\":\"https:\\\/\\\/lloretdemar.org\\\/wp-content\\\/uploads\\\/2020\\\/05\\\/lloret-de-mar-logo.png\",\"contentUrl\":\"https:\\\/\\\/lloretdemar.org\\\/wp-content\\\/uploads\\\/2020\\\/05\\\/lloret-de-mar-logo.png\",\"width\":87,\"height\":38,\"caption\":\"Lloret de Mar\"},\"image\":{\"@id\":\"https:\\\/\\\/lloretdemar.org\\\/es\\\/#\\\/schema\\\/logo\\\/image\\\/\"},\"sameAs\":[\"https:\\\/\\\/www.facebook.com\\\/Lloretturisme\",\"https:\\\/\\\/x.com\\\/lloretturisme\",\"https:\\\/\\\/instagram.com\\\/lloretturisme\",\"https:\\\/\\\/www.youtube.com\\\/LloretTurisme\"]}]}<\/script>\n<!-- \/ Yoast SEO plugin. -->","yoast_head_json":{"title":"Lloret de los Indianos - Lloret de Mar","description":"Antes de que los turistas descubrieran la belleza de las playas y calas de Lloret de Mar, la ciudad ya ten\u00eda una estrecha relaci\u00f3n con el mar. Primeramente como pueblo de pescadores y luego con el comercio de ultramar. A mediados del siglo XVIII, hab\u00eda muchos navegantes lloretenses que iban a Am\u00e9rica para buscar fortuna.&hellip;","robots":{"index":"index","follow":"follow","max-snippet":"max-snippet:-1","max-image-preview":"max-image-preview:large","max-video-preview":"max-video-preview:-1"},"canonical":"https:\/\/lloretdemar.org\/es\/que-hacer-en-lloret\/lloret-de-mar-de-dia\/cultura\/lloret-de-los-indianos\/","og_locale":"es_ES","og_type":"article","og_title":"Lloret de los Indianos - Lloret de Mar","og_description":"Antes de que los turistas descubrieran la belleza de las playas y calas de Lloret de Mar, la ciudad ya ten\u00eda una estrecha relaci\u00f3n con el mar. Primeramente como pueblo de pescadores y luego con el comercio de ultramar. A mediados del siglo XVIII, hab\u00eda muchos navegantes lloretenses que iban a Am\u00e9rica para buscar fortuna.&hellip;","og_url":"https:\/\/lloretdemar.org\/es\/que-hacer-en-lloret\/lloret-de-mar-de-dia\/cultura\/lloret-de-los-indianos\/","og_site_name":"Lloret de Mar","article_publisher":"https:\/\/www.facebook.com\/Lloretturisme","article_modified_time":"2022-09-22T11:28:16+00:00","og_image":[{"width":1920,"height":885,"url":"https:\/\/lloretdemar.org\/wp-content\/uploads\/2020\/02\/slide-cultura-indians.jpg","type":"image\/jpeg"}],"twitter_card":"summary_large_image","twitter_site":"@lloretturisme","twitter_misc":{"Tiempo de lectura":"1 minuto"},"schema":{"@context":"https:\/\/schema.org","@graph":[{"@type":"WebPage","@id":"https:\/\/lloretdemar.org\/es\/que-hacer-en-lloret\/lloret-de-mar-de-dia\/cultura\/lloret-de-los-indianos\/","url":"https:\/\/lloretdemar.org\/es\/que-hacer-en-lloret\/lloret-de-mar-de-dia\/cultura\/lloret-de-los-indianos\/","name":"Lloret de los Indianos - Lloret de Mar","isPartOf":{"@id":"https:\/\/lloretdemar.org\/es\/#website"},"datePublished":"2020-01-23T17:12:53+00:00","dateModified":"2022-09-22T11:28:16+00:00","description":"Lloret de Mar","breadcrumb":{"@id":"https:\/\/lloretdemar.org\/es\/que-hacer-en-lloret\/lloret-de-mar-de-dia\/cultura\/lloret-de-los-indianos\/#breadcrumb"},"inLanguage":"es","potentialAction":[{"@type":"ReadAction","target":["https:\/\/lloretdemar.org\/es\/que-hacer-en-lloret\/lloret-de-mar-de-dia\/cultura\/lloret-de-los-indianos\/"]}]},{"@type":"BreadcrumbList","@id":"https:\/\/lloretdemar.org\/es\/que-hacer-en-lloret\/lloret-de-mar-de-dia\/cultura\/lloret-de-los-indianos\/#breadcrumb","itemListElement":[{"@type":"ListItem","position":1,"name":"Home","item":"https:\/\/lloretdemar.org\/es\/"},{"@type":"ListItem","position":2,"name":"Qu\u00e9 hacer en Lloret","item":"https:\/\/lloretdemar.org\/es\/que-hacer-en-lloret\/"},{"@type":"ListItem","position":3,"name":"Lloret de Mar de D\u00eda","item":"https:\/\/lloretdemar.org\/es\/que-hacer-en-lloret\/lloret-de-mar-de-dia\/"},{"@type":"ListItem","position":4,"name":"Cultura","item":"https:\/\/lloretdemar.org\/es\/que-hacer-en-lloret\/lloret-de-mar-de-dia\/cultura\/"},{"@type":"ListItem","position":5,"name":"Lloret de los Indianos"}]},{"@type":"WebSite","@id":"https:\/\/lloretdemar.org\/es\/#website","url":"https:\/\/lloretdemar.org\/es\/","name":"Lloret de Mar","description":"","publisher":{"@id":"https:\/\/lloretdemar.org\/es\/#organization"},"potentialAction":[{"@type":"SearchAction","target":{"@type":"EntryPoint","urlTemplate":"https:\/\/lloretdemar.org\/es\/?s={search_term_string}"},"query-input":{"@type":"PropertyValueSpecification","valueRequired":true,"valueName":"search_term_string"}}],"inLanguage":"es"},{"@type":"Organization","@id":"https:\/\/lloretdemar.org\/es\/#organization","name":"Lloret de Mar","url":"https:\/\/lloretdemar.org\/es\/","logo":{"@type":"ImageObject","inLanguage":"es","@id":"https:\/\/lloretdemar.org\/es\/#\/schema\/logo\/image\/","url":"https:\/\/lloretdemar.org\/wp-content\/uploads\/2020\/05\/lloret-de-mar-logo.png","contentUrl":"https:\/\/lloretdemar.org\/wp-content\/uploads\/2020\/05\/lloret-de-mar-logo.png","width":87,"height":38,"caption":"Lloret de Mar"},"image":{"@id":"https:\/\/lloretdemar.org\/es\/#\/schema\/logo\/image\/"},"sameAs":["https:\/\/www.facebook.com\/Lloretturisme","https:\/\/x.com\/lloretturisme","https:\/\/instagram.com\/lloretturisme","https:\/\/www.youtube.com\/LloretTurisme"]}]}},"_links":{"self":[{"href":"https:\/\/lloretdemar.org\/es\/wp-json\/wp\/v2\/pages\/10550","targetHints":{"allow":["GET"]}}],"collection":[{"href":"https:\/\/lloretdemar.org\/es\/wp-json\/wp\/v2\/pages"}],"about":[{"href":"https:\/\/lloretdemar.org\/es\/wp-json\/wp\/v2\/types\/page"}],"author":[{"embeddable":true,"href":"https:\/\/lloretdemar.org\/es\/wp-json\/wp\/v2\/users\/12"}],"replies":[{"embeddable":true,"href":"https:\/\/lloretdemar.org\/es\/wp-json\/wp\/v2\/comments?post=10550"}],"version-history":[{"count":3,"href":"https:\/\/lloretdemar.org\/es\/wp-json\/wp\/v2\/pages\/10550\/revisions"}],"predecessor-version":[{"id":30903,"href":"https:\/\/lloretdemar.org\/es\/wp-json\/wp\/v2\/pages\/10550\/revisions\/30903"}],"up":[{"embeddable":true,"href":"https:\/\/lloretdemar.org\/es\/wp-json\/wp\/v2\/pages\/10077"}],"wp:attachment":[{"href":"https:\/\/lloretdemar.org\/es\/wp-json\/wp\/v2\/media?parent=10550"}],"curies":[{"name":"wp","href":"https:\/\/api.w.org\/{rel}","templated":true}]}}